{"id":93929,"date":"2026-04-28T18:40:34","date_gmt":"2026-04-28T16:40:34","guid":{"rendered":"https:\/\/www.koonings.com\/product\/azuree-bridal-annika-426-0281\/"},"modified":"2026-02-17T12:52:26","modified_gmt":"2026-02-17T11:52:26","slug":"azuree-bridal-annika-426-0281","status":"publish","type":"product","link":"https:\/\/www.koonings.com\/fr\/product\/azuree-bridal-annika-426-0281\/","title":{"rendered":"Azuree Bridal Annika 426.0281"},"content":{"rendered":"<p>La robe de mari\u00e9e Annika est un r\u00eave pour toute mari\u00e9e romantique. Cette robe de princesse pr\u00e9sente un magnifique corsage, orn\u00e9 de d\u00e9licates applications de dentelle qui s&#8217;\u00e9vasent sur la jupe. Les manches amovibles offrent une flexibilit\u00e9 parfaite : portez-les pour un look \u00e9l\u00e9gant et romantique ou laissez-les de c\u00f4t\u00e9 pour un look moderne. La jupe en tulle et le la\u00e7age dans le dos vous permettront de vous sentir \u00e0 l&#8217;aise et de vous mettre en valeur tout au long de la journ\u00e9e. La robe de mari\u00e9e Annika est parfaite pour les mari\u00e9es qui aiment l&#8217;\u00e9l\u00e9gance classique avec une touche d&#8217;originalit\u00e9. Cette robe respire le romantisme \u00e0 l&#8217;\u00e9tat pur, avec le luxe de manches amovibles qui peuvent transformer votre look. Les d\u00e9tails sophistiqu\u00e9s et la silhouette flatteuse font d&#8217;Annika un excellent choix pour un mariage de conte de f\u00e9es.      <\/p>\n","protected":false},"featured_media":92518,"template":"","meta":{"_acf_changed":false,"ghostkit_customizer_options":"","ghostkit_custom_css":"","ghostkit_custom_js_head":"","ghostkit_custom_js_foot":"","ghostkit_typography":""},"productdetails":[376,381],"productneck":[355],"productcolor":[393,392],"maat":[],"productsupplier":[533],"productsleeve":[357],"productcategory":[18],"productsilhouette":[388],"productstyle":[369,371,366],"class_list":["post-93929","product","type-product","status-publish","has-post-thumbnail","hentry","productdetails-376","productdetails-381","productneck-355","productcolor-393","productcolor-392","productsupplier-azuree-bridal","productsleeve-357","productcategory-trouwjurken","productsilhouette-388","productstyle-369","productstyle-371","productstyle-366"],"acf":[],"yoast_head":"<!-- This site is optimized with the Yoast SEO plugin v27.3 - https:\/\/yoast.com\/product\/yoast-seo-wordpress\/ -->\n<title>Azuree Bridal Annika 426.0281 | Koonings<\/title>\n<meta name=\"description\" content=\"La robe de mari\u00e9e Annika est un r\u00eave pour toute mari\u00e9e romantique. Cette robe de princesse pr\u00e9sente un magnifique corsage, orn\u00e9 de d\u00e9licates applications de dentelle qui s&#039;\u00e9vasent sur la jupe. Les manches amovibles offrent une flexibilit\u00e9 parfaite : portez-les pour un look \u00e9l\u00e9gant et romantique ou laissez-les de c\u00f4t\u00e9 pour un look moderne. La jupe en tulle et le la\u00e7age dans le dos vous permettront de vous sentir \u00e0 l&#039;aise et de vous mettre en valeur tout au long de la journ\u00e9e. La robe de mari\u00e9e Annika est parfaite pour les mari\u00e9es qui aiment l&#039;\u00e9l\u00e9gance classique avec une touche d&#039;originalit\u00e9. Cette robe respire le romantisme \u00e0 l&#039;\u00e9tat pur, avec le luxe de manches amovibles qui peuvent transformer votre look. Les d\u00e9tails sophistiqu\u00e9s et la silhouette flatteuse font d&#039;Annika un excellent choix pour un mariage de conte de f\u00e9es.\" \/>\n<meta name=\"robots\" content=\"index, follow, max-snippet:-1, max-image-preview:large, max-video-preview:-1\" \/>\n<link rel=\"canonical\" href=\"https:\/\/www.koonings.com\/fr\/product\/azuree-bridal-annika-426-0281\/\" \/>\n<meta property=\"og:locale\" content=\"fr_FR\" \/>\n<meta property=\"og:type\" content=\"article\" \/>\n<meta property=\"og:title\" content=\"Azuree Bridal Annika 426.0281 | Koonings\" \/>\n<meta property=\"og:description\" content=\"La robe de mari\u00e9e Annika est un r\u00eave pour toute mari\u00e9e romantique. Cette robe de princesse pr\u00e9sente un magnifique corsage, orn\u00e9 de d\u00e9licates applications de dentelle qui s&#039;\u00e9vasent sur la jupe. Les manches amovibles offrent une flexibilit\u00e9 parfaite : portez-les pour un look \u00e9l\u00e9gant et romantique ou laissez-les de c\u00f4t\u00e9 pour un look moderne. La jupe en tulle et le la\u00e7age dans le dos vous permettront de vous sentir \u00e0 l&#039;aise et de vous mettre en valeur tout au long de la journ\u00e9e. La robe de mari\u00e9e Annika est parfaite pour les mari\u00e9es qui aiment l&#039;\u00e9l\u00e9gance classique avec une touche d&#039;originalit\u00e9. Cette robe respire le romantisme \u00e0 l&#039;\u00e9tat pur, avec le luxe de manches amovibles qui peuvent transformer votre look. Les d\u00e9tails sophistiqu\u00e9s et la silhouette flatteuse font d&#039;Annika un excellent choix pour un mariage de conte de f\u00e9es.\" \/>\n<meta property=\"og:url\" content=\"https:\/\/www.koonings.com\/fr\/product\/azuree-bridal-annika-426-0281\/\" \/>\n<meta property=\"og:site_name\" content=\"Koonings\" \/>\n<meta property=\"article:publisher\" content=\"https:\/\/www.facebook.com\/kooningstheweddingpalace\" \/>\n<meta property=\"og:image\" content=\"https:\/\/www.koonings.com\/wp-content\/uploads\/2025\/09\/51486_d77cf41efff74b840e52a41d2289470cf7675414fe547c3958fe841b173aac55720ed88a.jpeg\" \/>\n\t<meta property=\"og:image:width\" content=\"1642\" \/>\n\t<meta property=\"og:image:height\" content=\"2320\" \/>\n\t<meta property=\"og:image:type\" content=\"image\/jpeg\" \/>\n<meta name=\"twitter:card\" content=\"summary_large_image\" \/>\n<meta name=\"twitter:label1\" content=\"Dur\u00e9e de lecture estim\u00e9e\" \/>\n\t<meta name=\"twitter:data1\" content=\"1 minute\" \/>\n<script type=\"application\/ld+json\" class=\"yoast-schema-graph\">{\"@context\":\"https:\\\/\\\/schema.org\",\"@graph\":[{\"@type\":\"WebPage\",\"@id\":\"https:\\\/\\\/www.koonings.com\\\/fr\\\/product\\\/azuree-bridal-annika-426-0281\\\/\",\"url\":\"https:\\\/\\\/www.koonings.com\\\/fr\\\/product\\\/azuree-bridal-annika-426-0281\\\/\",\"name\":\"Azuree Bridal Annika 426.0281 | Koonings\",\"isPartOf\":{\"@id\":\"https:\\\/\\\/www.koonings.com\\\/fr\\\/#website\"},\"primaryImageOfPage\":{\"@id\":\"https:\\\/\\\/www.koonings.com\\\/fr\\\/product\\\/azuree-bridal-annika-426-0281\\\/#primaryimage\"},\"image\":{\"@id\":\"https:\\\/\\\/www.koonings.com\\\/fr\\\/product\\\/azuree-bridal-annika-426-0281\\\/#primaryimage\"},\"thumbnailUrl\":\"https:\\\/\\\/www.koonings.com\\\/wp-content\\\/uploads\\\/2025\\\/09\\\/51486_d77cf41efff74b840e52a41d2289470cf7675414fe547c3958fe841b173aac55720ed88a.jpeg\",\"datePublished\":\"2026-04-28T16:40:34+00:00\",\"description\":\"La robe de mari\u00e9e Annika est un r\u00eave pour toute mari\u00e9e romantique. Cette robe de princesse pr\u00e9sente un magnifique corsage, orn\u00e9 de d\u00e9licates applications de dentelle qui s'\u00e9vasent sur la jupe. Les manches amovibles offrent une flexibilit\u00e9 parfaite : portez-les pour un look \u00e9l\u00e9gant et romantique ou laissez-les de c\u00f4t\u00e9 pour un look moderne. La jupe en tulle et le la\u00e7age dans le dos vous permettront de vous sentir \u00e0 l'aise et de vous mettre en valeur tout au long de la journ\u00e9e. La robe de mari\u00e9e Annika est parfaite pour les mari\u00e9es qui aiment l'\u00e9l\u00e9gance classique avec une touche d'originalit\u00e9. Cette robe respire le romantisme \u00e0 l'\u00e9tat pur, avec le luxe de manches amovibles qui peuvent transformer votre look. Les d\u00e9tails sophistiqu\u00e9s et la silhouette flatteuse font d'Annika un excellent choix pour un mariage de conte de f\u00e9es.\",\"breadcrumb\":{\"@id\":\"https:\\\/\\\/www.koonings.com\\\/fr\\\/product\\\/azuree-bridal-annika-426-0281\\\/#breadcrumb\"},\"inLanguage\":\"fr-FR\",\"potentialAction\":[{\"@type\":\"ReadAction\",\"target\":[\"https:\\\/\\\/www.koonings.com\\\/fr\\\/product\\\/azuree-bridal-annika-426-0281\\\/\"]}]},{\"@type\":\"ImageObject\",\"inLanguage\":\"fr-FR\",\"@id\":\"https:\\\/\\\/www.koonings.com\\\/fr\\\/product\\\/azuree-bridal-annika-426-0281\\\/#primaryimage\",\"url\":\"https:\\\/\\\/www.koonings.com\\\/wp-content\\\/uploads\\\/2025\\\/09\\\/51486_d77cf41efff74b840e52a41d2289470cf7675414fe547c3958fe841b173aac55720ed88a.jpeg\",\"contentUrl\":\"https:\\\/\\\/www.koonings.com\\\/wp-content\\\/uploads\\\/2025\\\/09\\\/51486_d77cf41efff74b840e52a41d2289470cf7675414fe547c3958fe841b173aac55720ed88a.jpeg\",\"width\":1642,\"height\":2320},{\"@type\":\"BreadcrumbList\",\"@id\":\"https:\\\/\\\/www.koonings.com\\\/fr\\\/product\\\/azuree-bridal-annika-426-0281\\\/#breadcrumb\",\"itemListElement\":[{\"@type\":\"ListItem\",\"position\":1,\"name\":\"Home\",\"item\":\"https:\\\/\\\/www.koonings.com\\\/fr\\\/\"},{\"@type\":\"ListItem\",\"position\":2,\"name\":\"Azuree Bridal Annika 426.0281\"}]},{\"@type\":\"WebSite\",\"@id\":\"https:\\\/\\\/www.koonings.com\\\/fr\\\/#website\",\"url\":\"https:\\\/\\\/www.koonings.com\\\/fr\\\/\",\"name\":\"Koonings\",\"description\":\"De grootste bruidsmodewinkel ter wereld\",\"publisher\":{\"@id\":\"https:\\\/\\\/www.koonings.com\\\/fr\\\/#organization\"},\"potentialAction\":[{\"@type\":\"SearchAction\",\"target\":{\"@type\":\"EntryPoint\",\"urlTemplate\":\"https:\\\/\\\/www.koonings.com\\\/fr\\\/?s={search_term_string}\"},\"query-input\":{\"@type\":\"PropertyValueSpecification\",\"valueRequired\":true,\"valueName\":\"search_term_string\"}}],\"inLanguage\":\"fr-FR\"},{\"@type\":\"Organization\",\"@id\":\"https:\\\/\\\/www.koonings.com\\\/fr\\\/#organization\",\"name\":\"Koonings\",\"url\":\"https:\\\/\\\/www.koonings.com\\\/fr\\\/\",\"logo\":{\"@type\":\"ImageObject\",\"inLanguage\":\"fr-FR\",\"@id\":\"https:\\\/\\\/www.koonings.com\\\/fr\\\/#\\\/schema\\\/logo\\\/image\\\/\",\"url\":\"https:\\\/\\\/www.koonings.com\\\/wp-content\\\/uploads\\\/2024\\\/07\\\/logo.png\",\"contentUrl\":\"https:\\\/\\\/www.koonings.com\\\/wp-content\\\/uploads\\\/2024\\\/07\\\/logo.png\",\"width\":600,\"height\":428,\"caption\":\"Koonings\"},\"image\":{\"@id\":\"https:\\\/\\\/www.koonings.com\\\/fr\\\/#\\\/schema\\\/logo\\\/image\\\/\"},\"sameAs\":[\"https:\\\/\\\/www.facebook.com\\\/kooningstheweddingpalace\",\"https:\\\/\\\/www.instagram.com\\\/kooningstheweddingpalace\",\"https:\\\/\\\/www.pinterest.com\\\/koonings\",\"https:\\\/\\\/www.youtube.com\\\/kooningstheweddingpalace\"]}]}<\/script>\n<!-- \/ Yoast SEO plugin. -->","yoast_head_json":{"title":"Azuree Bridal Annika 426.0281 | Koonings","description":"La robe de mari\u00e9e Annika est un r\u00eave pour toute mari\u00e9e romantique. Cette robe de princesse pr\u00e9sente un magnifique corsage, orn\u00e9 de d\u00e9licates applications de dentelle qui s'\u00e9vasent sur la jupe. Les manches amovibles offrent une flexibilit\u00e9 parfaite : portez-les pour un look \u00e9l\u00e9gant et romantique ou laissez-les de c\u00f4t\u00e9 pour un look moderne. La jupe en tulle et le la\u00e7age dans le dos vous permettront de vous sentir \u00e0 l'aise et de vous mettre en valeur tout au long de la journ\u00e9e. La robe de mari\u00e9e Annika est parfaite pour les mari\u00e9es qui aiment l'\u00e9l\u00e9gance classique avec une touche d'originalit\u00e9. Cette robe respire le romantisme \u00e0 l'\u00e9tat pur, avec le luxe de manches amovibles qui peuvent transformer votre look. Les d\u00e9tails sophistiqu\u00e9s et la silhouette flatteuse font d'Annika un excellent choix pour un mariage de conte de f\u00e9es.","robots":{"index":"index","follow":"follow","max-snippet":"max-snippet:-1","max-image-preview":"max-image-preview:large","max-video-preview":"max-video-preview:-1"},"canonical":"https:\/\/www.koonings.com\/fr\/product\/azuree-bridal-annika-426-0281\/","og_locale":"fr_FR","og_type":"article","og_title":"Azuree Bridal Annika 426.0281 | Koonings","og_description":"La robe de mari\u00e9e Annika est un r\u00eave pour toute mari\u00e9e romantique. Cette robe de princesse pr\u00e9sente un magnifique corsage, orn\u00e9 de d\u00e9licates applications de dentelle qui s'\u00e9vasent sur la jupe. Les manches amovibles offrent une flexibilit\u00e9 parfaite : portez-les pour un look \u00e9l\u00e9gant et romantique ou laissez-les de c\u00f4t\u00e9 pour un look moderne. La jupe en tulle et le la\u00e7age dans le dos vous permettront de vous sentir \u00e0 l'aise et de vous mettre en valeur tout au long de la journ\u00e9e. La robe de mari\u00e9e Annika est parfaite pour les mari\u00e9es qui aiment l'\u00e9l\u00e9gance classique avec une touche d'originalit\u00e9. Cette robe respire le romantisme \u00e0 l'\u00e9tat pur, avec le luxe de manches amovibles qui peuvent transformer votre look. Les d\u00e9tails sophistiqu\u00e9s et la silhouette flatteuse font d'Annika un excellent choix pour un mariage de conte de f\u00e9es.","og_url":"https:\/\/www.koonings.com\/fr\/product\/azuree-bridal-annika-426-0281\/","og_site_name":"Koonings","article_publisher":"https:\/\/www.facebook.com\/kooningstheweddingpalace","og_image":[{"width":1642,"height":2320,"url":"https:\/\/www.koonings.com\/wp-content\/uploads\/2025\/09\/51486_d77cf41efff74b840e52a41d2289470cf7675414fe547c3958fe841b173aac55720ed88a.jpeg","type":"image\/jpeg"}],"twitter_card":"summary_large_image","twitter_misc":{"Dur\u00e9e de lecture estim\u00e9e":"1 minute"},"schema":{"@context":"https:\/\/schema.org","@graph":[{"@type":"WebPage","@id":"https:\/\/www.koonings.com\/fr\/product\/azuree-bridal-annika-426-0281\/","url":"https:\/\/www.koonings.com\/fr\/product\/azuree-bridal-annika-426-0281\/","name":"Azuree Bridal Annika 426.0281 | Koonings","isPartOf":{"@id":"https:\/\/www.koonings.com\/fr\/#website"},"primaryImageOfPage":{"@id":"https:\/\/www.koonings.com\/fr\/product\/azuree-bridal-annika-426-0281\/#primaryimage"},"image":{"@id":"https:\/\/www.koonings.com\/fr\/product\/azuree-bridal-annika-426-0281\/#primaryimage"},"thumbnailUrl":"https:\/\/www.koonings.com\/wp-content\/uploads\/2025\/09\/51486_d77cf41efff74b840e52a41d2289470cf7675414fe547c3958fe841b173aac55720ed88a.jpeg","datePublished":"2026-04-28T16:40:34+00:00","description":"La robe de mari\u00e9e Annika est un r\u00eave pour toute mari\u00e9e romantique. Cette robe de princesse pr\u00e9sente un magnifique corsage, orn\u00e9 de d\u00e9licates applications de dentelle qui s'\u00e9vasent sur la jupe. Les manches amovibles offrent une flexibilit\u00e9 parfaite : portez-les pour un look \u00e9l\u00e9gant et romantique ou laissez-les de c\u00f4t\u00e9 pour un look moderne. La jupe en tulle et le la\u00e7age dans le dos vous permettront de vous sentir \u00e0 l'aise et de vous mettre en valeur tout au long de la journ\u00e9e. La robe de mari\u00e9e Annika est parfaite pour les mari\u00e9es qui aiment l'\u00e9l\u00e9gance classique avec une touche d'originalit\u00e9. Cette robe respire le romantisme \u00e0 l'\u00e9tat pur, avec le luxe de manches amovibles qui peuvent transformer votre look. Les d\u00e9tails sophistiqu\u00e9s et la silhouette flatteuse font d'Annika un excellent choix pour un mariage de conte de f\u00e9es.","breadcrumb":{"@id":"https:\/\/www.koonings.com\/fr\/product\/azuree-bridal-annika-426-0281\/#breadcrumb"},"inLanguage":"fr-FR","potentialAction":[{"@type":"ReadAction","target":["https:\/\/www.koonings.com\/fr\/product\/azuree-bridal-annika-426-0281\/"]}]},{"@type":"ImageObject","inLanguage":"fr-FR","@id":"https:\/\/www.koonings.com\/fr\/product\/azuree-bridal-annika-426-0281\/#primaryimage","url":"https:\/\/www.koonings.com\/wp-content\/uploads\/2025\/09\/51486_d77cf41efff74b840e52a41d2289470cf7675414fe547c3958fe841b173aac55720ed88a.jpeg","contentUrl":"https:\/\/www.koonings.com\/wp-content\/uploads\/2025\/09\/51486_d77cf41efff74b840e52a41d2289470cf7675414fe547c3958fe841b173aac55720ed88a.jpeg","width":1642,"height":2320},{"@type":"BreadcrumbList","@id":"https:\/\/www.koonings.com\/fr\/product\/azuree-bridal-annika-426-0281\/#breadcrumb","itemListElement":[{"@type":"ListItem","position":1,"name":"Home","item":"https:\/\/www.koonings.com\/fr\/"},{"@type":"ListItem","position":2,"name":"Azuree Bridal Annika 426.0281"}]},{"@type":"WebSite","@id":"https:\/\/www.koonings.com\/fr\/#website","url":"https:\/\/www.koonings.com\/fr\/","name":"Koonings","description":"De grootste bruidsmodewinkel ter wereld","publisher":{"@id":"https:\/\/www.koonings.com\/fr\/#organization"},"potentialAction":[{"@type":"SearchAction","target":{"@type":"EntryPoint","urlTemplate":"https:\/\/www.koonings.com\/fr\/?s={search_term_string}"},"query-input":{"@type":"PropertyValueSpecification","valueRequired":true,"valueName":"search_term_string"}}],"inLanguage":"fr-FR"},{"@type":"Organization","@id":"https:\/\/www.koonings.com\/fr\/#organization","name":"Koonings","url":"https:\/\/www.koonings.com\/fr\/","logo":{"@type":"ImageObject","inLanguage":"fr-FR","@id":"https:\/\/www.koonings.com\/fr\/#\/schema\/logo\/image\/","url":"https:\/\/www.koonings.com\/wp-content\/uploads\/2024\/07\/logo.png","contentUrl":"https:\/\/www.koonings.com\/wp-content\/uploads\/2024\/07\/logo.png","width":600,"height":428,"caption":"Koonings"},"image":{"@id":"https:\/\/www.koonings.com\/fr\/#\/schema\/logo\/image\/"},"sameAs":["https:\/\/www.facebook.com\/kooningstheweddingpalace","https:\/\/www.instagram.com\/kooningstheweddingpalace","https:\/\/www.pinterest.com\/koonings","https:\/\/www.youtube.com\/kooningstheweddingpalace"]}]}},"_links":{"self":[{"href":"https:\/\/www.koonings.com\/fr\/wp-json\/wp\/v2\/product\/93929","targetHints":{"allow":["GET"]}}],"collection":[{"href":"https:\/\/www.koonings.com\/fr\/wp-json\/wp\/v2\/product"}],"about":[{"href":"https:\/\/www.koonings.com\/fr\/wp-json\/wp\/v2\/types\/product"}],"wp:featuredmedia":[{"embeddable":true,"href":"https:\/\/www.koonings.com\/fr\/wp-json\/wp\/v2\/media\/92518"}],"wp:attachment":[{"href":"https:\/\/www.koonings.com\/fr\/wp-json\/wp\/v2\/media?parent=93929"}],"wp:term":[{"taxonomy":"productdetails","embeddable":true,"href":"https:\/\/www.koonings.com\/fr\/wp-json\/wp\/v2\/productdetails?post=93929"},{"taxonomy":"productneck","embeddable":true,"href":"https:\/\/www.koonings.com\/fr\/wp-json\/wp\/v2\/productneck?post=93929"},{"taxonomy":"productcolor","embeddable":true,"href":"https:\/\/www.koonings.com\/fr\/wp-json\/wp\/v2\/productcolor?post=93929"},{"taxonomy":"maat","embeddable":true,"href":"https:\/\/www.koonings.com\/fr\/wp-json\/wp\/v2\/maat?post=93929"},{"taxonomy":"productsupplier","embeddable":true,"href":"https:\/\/www.koonings.com\/fr\/wp-json\/wp\/v2\/productsupplier?post=93929"},{"taxonomy":"productsleeve","embeddable":true,"href":"https:\/\/www.koonings.com\/fr\/wp-json\/wp\/v2\/productsleeve?post=93929"},{"taxonomy":"productcategory","embeddable":true,"href":"https:\/\/www.koonings.com\/fr\/wp-json\/wp\/v2\/productcategory?post=93929"},{"taxonomy":"productsilhouette","embeddable":true,"href":"https:\/\/www.koonings.com\/fr\/wp-json\/wp\/v2\/productsilhouette?post=93929"},{"taxonomy":"productstyle","embeddable":true,"href":"https:\/\/www.koonings.com\/fr\/wp-json\/wp\/v2\/productstyle?post=93929"}],"curies":[{"name":"wp","href":"https:\/\/api.w.org\/{rel}","templated":true}]}}