{"id":93915,"date":"2026-04-28T18:40:34","date_gmt":"2026-04-28T16:40:34","guid":{"rendered":"https:\/\/www.koonings.com\/product\/azuree-bridal-annelou-426-0271\/"},"modified":"2026-02-17T12:52:00","modified_gmt":"2026-02-17T11:52:00","slug":"azuree-bridal-annelou-426-0271","status":"publish","type":"product","link":"https:\/\/www.koonings.com\/fr\/product\/azuree-bridal-annelou-426-0271\/","title":{"rendered":"Azuree Bridal Annelou 426.0271"},"content":{"rendered":"<p>La robe Annelou est un choix \u00e9l\u00e9gant pour la mari\u00e9e moderne qui cherche \u00e0 se d\u00e9marquer de la robe traditionnelle. Cette combinaison en cr\u00eape est orn\u00e9e de dentelle brod\u00e9e d&#8217;organza et de manches amovibles, ce qui lui conf\u00e8re une allure contemporaine et \u00e9l\u00e9gante. Le corsage transparent ajoute une touche ludique, tandis que les longues jambes de pantalon cr\u00e9ent une silhouette \u00e9l\u00e9gante et chic. La combinaison Annelou est parfaite pour les mari\u00e9es qui souhaitent un look unique et \u00e9l\u00e9gant le jour de leur mariage. L&#8217;association de la dentelle, du cr\u00eape et du style moderne de la combinaison rend cette tenue id\u00e9ale pour un mariage en ville ou pour une mari\u00e9e qui veut se d\u00e9marquer avec une touche de modernit\u00e9.    <\/p>\n","protected":false},"featured_media":92510,"template":"","meta":{"_acf_changed":false,"ghostkit_customizer_options":"","ghostkit_custom_css":"","ghostkit_custom_js_head":"","ghostkit_custom_js_foot":"","ghostkit_typography":""},"productdetails":[],"productneck":[355],"productcolor":[393,392],"maat":[],"productsupplier":[533],"productsleeve":[357],"productcategory":[18],"productsilhouette":[385],"productstyle":[371],"class_list":["post-93915","product","type-product","status-publish","has-post-thumbnail","hentry","productneck-355","productcolor-393","productcolor-392","productsupplier-azuree-bridal","productsleeve-357","productcategory-trouwjurken","productsilhouette-385","productstyle-371"],"acf":[],"yoast_head":"<!-- This site is optimized with the Yoast SEO plugin v27.3 - https:\/\/yoast.com\/product\/yoast-seo-wordpress\/ -->\n<title>Azuree Bridal Annelou 426.0271 | Koonings<\/title>\n<meta name=\"description\" content=\"La robe Annelou est un choix \u00e9l\u00e9gant pour la mari\u00e9e moderne qui cherche \u00e0 se d\u00e9marquer de la robe traditionnelle. Cette combinaison en cr\u00eape est orn\u00e9e de dentelle brod\u00e9e d&#039;organza et de manches amovibles, ce qui lui conf\u00e8re une allure contemporaine et \u00e9l\u00e9gante. Le corsage transparent ajoute une touche ludique, tandis que les longues jambes de pantalon cr\u00e9ent une silhouette \u00e9l\u00e9gante et chic. La combinaison Annelou est parfaite pour les mari\u00e9es qui souhaitent un look unique et \u00e9l\u00e9gant le jour de leur mariage. L&#039;association de la dentelle, du cr\u00eape et du style moderne de la combinaison rend cette tenue id\u00e9ale pour un mariage en ville ou pour une mari\u00e9e qui veut se d\u00e9marquer avec une touche de modernit\u00e9.\" \/>\n<meta name=\"robots\" content=\"index, follow, max-snippet:-1, max-image-preview:large, max-video-preview:-1\" \/>\n<link rel=\"canonical\" href=\"https:\/\/www.koonings.com\/fr\/product\/azuree-bridal-annelou-426-0271\/\" \/>\n<meta property=\"og:locale\" content=\"fr_FR\" \/>\n<meta property=\"og:type\" content=\"article\" \/>\n<meta property=\"og:title\" content=\"Azuree Bridal Annelou 426.0271 | Koonings\" \/>\n<meta property=\"og:description\" content=\"La robe Annelou est un choix \u00e9l\u00e9gant pour la mari\u00e9e moderne qui cherche \u00e0 se d\u00e9marquer de la robe traditionnelle. Cette combinaison en cr\u00eape est orn\u00e9e de dentelle brod\u00e9e d&#039;organza et de manches amovibles, ce qui lui conf\u00e8re une allure contemporaine et \u00e9l\u00e9gante. Le corsage transparent ajoute une touche ludique, tandis que les longues jambes de pantalon cr\u00e9ent une silhouette \u00e9l\u00e9gante et chic. La combinaison Annelou est parfaite pour les mari\u00e9es qui souhaitent un look unique et \u00e9l\u00e9gant le jour de leur mariage. L&#039;association de la dentelle, du cr\u00eape et du style moderne de la combinaison rend cette tenue id\u00e9ale pour un mariage en ville ou pour une mari\u00e9e qui veut se d\u00e9marquer avec une touche de modernit\u00e9.\" \/>\n<meta property=\"og:url\" content=\"https:\/\/www.koonings.com\/fr\/product\/azuree-bridal-annelou-426-0271\/\" \/>\n<meta property=\"og:site_name\" content=\"Koonings\" \/>\n<meta property=\"article:publisher\" content=\"https:\/\/www.facebook.com\/kooningstheweddingpalace\" \/>\n<meta property=\"og:image\" content=\"https:\/\/www.koonings.com\/wp-content\/uploads\/2025\/09\/51485_aecebc4c7006782477953315f82528a86b1a87b3c32421b57cbaf6a01dcd1ff901baa691.jpeg\" \/>\n\t<meta property=\"og:image:width\" content=\"1570\" \/>\n\t<meta property=\"og:image:height\" content=\"2214\" \/>\n\t<meta property=\"og:image:type\" content=\"image\/jpeg\" \/>\n<meta name=\"twitter:card\" content=\"summary_large_image\" \/>\n<meta name=\"twitter:label1\" content=\"Dur\u00e9e de lecture estim\u00e9e\" \/>\n\t<meta name=\"twitter:data1\" content=\"1 minute\" \/>\n<script type=\"application\/ld+json\" class=\"yoast-schema-graph\">{\"@context\":\"https:\\\/\\\/schema.org\",\"@graph\":[{\"@type\":\"WebPage\",\"@id\":\"https:\\\/\\\/www.koonings.com\\\/fr\\\/product\\\/azuree-bridal-annelou-426-0271\\\/\",\"url\":\"https:\\\/\\\/www.koonings.com\\\/fr\\\/product\\\/azuree-bridal-annelou-426-0271\\\/\",\"name\":\"Azuree Bridal Annelou 426.0271 | Koonings\",\"isPartOf\":{\"@id\":\"https:\\\/\\\/www.koonings.com\\\/fr\\\/#website\"},\"primaryImageOfPage\":{\"@id\":\"https:\\\/\\\/www.koonings.com\\\/fr\\\/product\\\/azuree-bridal-annelou-426-0271\\\/#primaryimage\"},\"image\":{\"@id\":\"https:\\\/\\\/www.koonings.com\\\/fr\\\/product\\\/azuree-bridal-annelou-426-0271\\\/#primaryimage\"},\"thumbnailUrl\":\"https:\\\/\\\/www.koonings.com\\\/wp-content\\\/uploads\\\/2025\\\/09\\\/51485_aecebc4c7006782477953315f82528a86b1a87b3c32421b57cbaf6a01dcd1ff901baa691.jpeg\",\"datePublished\":\"2026-04-28T16:40:34+00:00\",\"description\":\"La robe Annelou est un choix \u00e9l\u00e9gant pour la mari\u00e9e moderne qui cherche \u00e0 se d\u00e9marquer de la robe traditionnelle. Cette combinaison en cr\u00eape est orn\u00e9e de dentelle brod\u00e9e d'organza et de manches amovibles, ce qui lui conf\u00e8re une allure contemporaine et \u00e9l\u00e9gante. Le corsage transparent ajoute une touche ludique, tandis que les longues jambes de pantalon cr\u00e9ent une silhouette \u00e9l\u00e9gante et chic. La combinaison Annelou est parfaite pour les mari\u00e9es qui souhaitent un look unique et \u00e9l\u00e9gant le jour de leur mariage. L'association de la dentelle, du cr\u00eape et du style moderne de la combinaison rend cette tenue id\u00e9ale pour un mariage en ville ou pour une mari\u00e9e qui veut se d\u00e9marquer avec une touche de modernit\u00e9.\",\"breadcrumb\":{\"@id\":\"https:\\\/\\\/www.koonings.com\\\/fr\\\/product\\\/azuree-bridal-annelou-426-0271\\\/#breadcrumb\"},\"inLanguage\":\"fr-FR\",\"potentialAction\":[{\"@type\":\"ReadAction\",\"target\":[\"https:\\\/\\\/www.koonings.com\\\/fr\\\/product\\\/azuree-bridal-annelou-426-0271\\\/\"]}]},{\"@type\":\"ImageObject\",\"inLanguage\":\"fr-FR\",\"@id\":\"https:\\\/\\\/www.koonings.com\\\/fr\\\/product\\\/azuree-bridal-annelou-426-0271\\\/#primaryimage\",\"url\":\"https:\\\/\\\/www.koonings.com\\\/wp-content\\\/uploads\\\/2025\\\/09\\\/51485_aecebc4c7006782477953315f82528a86b1a87b3c32421b57cbaf6a01dcd1ff901baa691.jpeg\",\"contentUrl\":\"https:\\\/\\\/www.koonings.com\\\/wp-content\\\/uploads\\\/2025\\\/09\\\/51485_aecebc4c7006782477953315f82528a86b1a87b3c32421b57cbaf6a01dcd1ff901baa691.jpeg\",\"width\":1570,\"height\":2214},{\"@type\":\"BreadcrumbList\",\"@id\":\"https:\\\/\\\/www.koonings.com\\\/fr\\\/product\\\/azuree-bridal-annelou-426-0271\\\/#breadcrumb\",\"itemListElement\":[{\"@type\":\"ListItem\",\"position\":1,\"name\":\"Home\",\"item\":\"https:\\\/\\\/www.koonings.com\\\/fr\\\/\"},{\"@type\":\"ListItem\",\"position\":2,\"name\":\"Azuree Bridal Annelou 426.0271\"}]},{\"@type\":\"WebSite\",\"@id\":\"https:\\\/\\\/www.koonings.com\\\/fr\\\/#website\",\"url\":\"https:\\\/\\\/www.koonings.com\\\/fr\\\/\",\"name\":\"Koonings\",\"description\":\"De grootste bruidsmodewinkel ter wereld\",\"publisher\":{\"@id\":\"https:\\\/\\\/www.koonings.com\\\/fr\\\/#organization\"},\"potentialAction\":[{\"@type\":\"SearchAction\",\"target\":{\"@type\":\"EntryPoint\",\"urlTemplate\":\"https:\\\/\\\/www.koonings.com\\\/fr\\\/?s={search_term_string}\"},\"query-input\":{\"@type\":\"PropertyValueSpecification\",\"valueRequired\":true,\"valueName\":\"search_term_string\"}}],\"inLanguage\":\"fr-FR\"},{\"@type\":\"Organization\",\"@id\":\"https:\\\/\\\/www.koonings.com\\\/fr\\\/#organization\",\"name\":\"Koonings\",\"url\":\"https:\\\/\\\/www.koonings.com\\\/fr\\\/\",\"logo\":{\"@type\":\"ImageObject\",\"inLanguage\":\"fr-FR\",\"@id\":\"https:\\\/\\\/www.koonings.com\\\/fr\\\/#\\\/schema\\\/logo\\\/image\\\/\",\"url\":\"https:\\\/\\\/www.koonings.com\\\/wp-content\\\/uploads\\\/2024\\\/07\\\/logo.png\",\"contentUrl\":\"https:\\\/\\\/www.koonings.com\\\/wp-content\\\/uploads\\\/2024\\\/07\\\/logo.png\",\"width\":600,\"height\":428,\"caption\":\"Koonings\"},\"image\":{\"@id\":\"https:\\\/\\\/www.koonings.com\\\/fr\\\/#\\\/schema\\\/logo\\\/image\\\/\"},\"sameAs\":[\"https:\\\/\\\/www.facebook.com\\\/kooningstheweddingpalace\",\"https:\\\/\\\/www.instagram.com\\\/kooningstheweddingpalace\",\"https:\\\/\\\/www.pinterest.com\\\/koonings\",\"https:\\\/\\\/www.youtube.com\\\/kooningstheweddingpalace\"]}]}<\/script>\n<!-- \/ Yoast SEO plugin. -->","yoast_head_json":{"title":"Azuree Bridal Annelou 426.0271 | Koonings","description":"La robe Annelou est un choix \u00e9l\u00e9gant pour la mari\u00e9e moderne qui cherche \u00e0 se d\u00e9marquer de la robe traditionnelle. Cette combinaison en cr\u00eape est orn\u00e9e de dentelle brod\u00e9e d'organza et de manches amovibles, ce qui lui conf\u00e8re une allure contemporaine et \u00e9l\u00e9gante. Le corsage transparent ajoute une touche ludique, tandis que les longues jambes de pantalon cr\u00e9ent une silhouette \u00e9l\u00e9gante et chic. La combinaison Annelou est parfaite pour les mari\u00e9es qui souhaitent un look unique et \u00e9l\u00e9gant le jour de leur mariage. L'association de la dentelle, du cr\u00eape et du style moderne de la combinaison rend cette tenue id\u00e9ale pour un mariage en ville ou pour une mari\u00e9e qui veut se d\u00e9marquer avec une touche de modernit\u00e9.","robots":{"index":"index","follow":"follow","max-snippet":"max-snippet:-1","max-image-preview":"max-image-preview:large","max-video-preview":"max-video-preview:-1"},"canonical":"https:\/\/www.koonings.com\/fr\/product\/azuree-bridal-annelou-426-0271\/","og_locale":"fr_FR","og_type":"article","og_title":"Azuree Bridal Annelou 426.0271 | Koonings","og_description":"La robe Annelou est un choix \u00e9l\u00e9gant pour la mari\u00e9e moderne qui cherche \u00e0 se d\u00e9marquer de la robe traditionnelle. Cette combinaison en cr\u00eape est orn\u00e9e de dentelle brod\u00e9e d'organza et de manches amovibles, ce qui lui conf\u00e8re une allure contemporaine et \u00e9l\u00e9gante. Le corsage transparent ajoute une touche ludique, tandis que les longues jambes de pantalon cr\u00e9ent une silhouette \u00e9l\u00e9gante et chic. La combinaison Annelou est parfaite pour les mari\u00e9es qui souhaitent un look unique et \u00e9l\u00e9gant le jour de leur mariage. L'association de la dentelle, du cr\u00eape et du style moderne de la combinaison rend cette tenue id\u00e9ale pour un mariage en ville ou pour une mari\u00e9e qui veut se d\u00e9marquer avec une touche de modernit\u00e9.","og_url":"https:\/\/www.koonings.com\/fr\/product\/azuree-bridal-annelou-426-0271\/","og_site_name":"Koonings","article_publisher":"https:\/\/www.facebook.com\/kooningstheweddingpalace","og_image":[{"width":1570,"height":2214,"url":"https:\/\/www.koonings.com\/wp-content\/uploads\/2025\/09\/51485_aecebc4c7006782477953315f82528a86b1a87b3c32421b57cbaf6a01dcd1ff901baa691.jpeg","type":"image\/jpeg"}],"twitter_card":"summary_large_image","twitter_misc":{"Dur\u00e9e de lecture estim\u00e9e":"1 minute"},"schema":{"@context":"https:\/\/schema.org","@graph":[{"@type":"WebPage","@id":"https:\/\/www.koonings.com\/fr\/product\/azuree-bridal-annelou-426-0271\/","url":"https:\/\/www.koonings.com\/fr\/product\/azuree-bridal-annelou-426-0271\/","name":"Azuree Bridal Annelou 426.0271 | Koonings","isPartOf":{"@id":"https:\/\/www.koonings.com\/fr\/#website"},"primaryImageOfPage":{"@id":"https:\/\/www.koonings.com\/fr\/product\/azuree-bridal-annelou-426-0271\/#primaryimage"},"image":{"@id":"https:\/\/www.koonings.com\/fr\/product\/azuree-bridal-annelou-426-0271\/#primaryimage"},"thumbnailUrl":"https:\/\/www.koonings.com\/wp-content\/uploads\/2025\/09\/51485_aecebc4c7006782477953315f82528a86b1a87b3c32421b57cbaf6a01dcd1ff901baa691.jpeg","datePublished":"2026-04-28T16:40:34+00:00","description":"La robe Annelou est un choix \u00e9l\u00e9gant pour la mari\u00e9e moderne qui cherche \u00e0 se d\u00e9marquer de la robe traditionnelle. Cette combinaison en cr\u00eape est orn\u00e9e de dentelle brod\u00e9e d'organza et de manches amovibles, ce qui lui conf\u00e8re une allure contemporaine et \u00e9l\u00e9gante. Le corsage transparent ajoute une touche ludique, tandis que les longues jambes de pantalon cr\u00e9ent une silhouette \u00e9l\u00e9gante et chic. La combinaison Annelou est parfaite pour les mari\u00e9es qui souhaitent un look unique et \u00e9l\u00e9gant le jour de leur mariage. L'association de la dentelle, du cr\u00eape et du style moderne de la combinaison rend cette tenue id\u00e9ale pour un mariage en ville ou pour une mari\u00e9e qui veut se d\u00e9marquer avec une touche de modernit\u00e9.","breadcrumb":{"@id":"https:\/\/www.koonings.com\/fr\/product\/azuree-bridal-annelou-426-0271\/#breadcrumb"},"inLanguage":"fr-FR","potentialAction":[{"@type":"ReadAction","target":["https:\/\/www.koonings.com\/fr\/product\/azuree-bridal-annelou-426-0271\/"]}]},{"@type":"ImageObject","inLanguage":"fr-FR","@id":"https:\/\/www.koonings.com\/fr\/product\/azuree-bridal-annelou-426-0271\/#primaryimage","url":"https:\/\/www.koonings.com\/wp-content\/uploads\/2025\/09\/51485_aecebc4c7006782477953315f82528a86b1a87b3c32421b57cbaf6a01dcd1ff901baa691.jpeg","contentUrl":"https:\/\/www.koonings.com\/wp-content\/uploads\/2025\/09\/51485_aecebc4c7006782477953315f82528a86b1a87b3c32421b57cbaf6a01dcd1ff901baa691.jpeg","width":1570,"height":2214},{"@type":"BreadcrumbList","@id":"https:\/\/www.koonings.com\/fr\/product\/azuree-bridal-annelou-426-0271\/#breadcrumb","itemListElement":[{"@type":"ListItem","position":1,"name":"Home","item":"https:\/\/www.koonings.com\/fr\/"},{"@type":"ListItem","position":2,"name":"Azuree Bridal Annelou 426.0271"}]},{"@type":"WebSite","@id":"https:\/\/www.koonings.com\/fr\/#website","url":"https:\/\/www.koonings.com\/fr\/","name":"Koonings","description":"De grootste bruidsmodewinkel ter wereld","publisher":{"@id":"https:\/\/www.koonings.com\/fr\/#organization"},"potentialAction":[{"@type":"SearchAction","target":{"@type":"EntryPoint","urlTemplate":"https:\/\/www.koonings.com\/fr\/?s={search_term_string}"},"query-input":{"@type":"PropertyValueSpecification","valueRequired":true,"valueName":"search_term_string"}}],"inLanguage":"fr-FR"},{"@type":"Organization","@id":"https:\/\/www.koonings.com\/fr\/#organization","name":"Koonings","url":"https:\/\/www.koonings.com\/fr\/","logo":{"@type":"ImageObject","inLanguage":"fr-FR","@id":"https:\/\/www.koonings.com\/fr\/#\/schema\/logo\/image\/","url":"https:\/\/www.koonings.com\/wp-content\/uploads\/2024\/07\/logo.png","contentUrl":"https:\/\/www.koonings.com\/wp-content\/uploads\/2024\/07\/logo.png","width":600,"height":428,"caption":"Koonings"},"image":{"@id":"https:\/\/www.koonings.com\/fr\/#\/schema\/logo\/image\/"},"sameAs":["https:\/\/www.facebook.com\/kooningstheweddingpalace","https:\/\/www.instagram.com\/kooningstheweddingpalace","https:\/\/www.pinterest.com\/koonings","https:\/\/www.youtube.com\/kooningstheweddingpalace"]}]}},"_links":{"self":[{"href":"https:\/\/www.koonings.com\/fr\/wp-json\/wp\/v2\/product\/93915","targetHints":{"allow":["GET"]}}],"collection":[{"href":"https:\/\/www.koonings.com\/fr\/wp-json\/wp\/v2\/product"}],"about":[{"href":"https:\/\/www.koonings.com\/fr\/wp-json\/wp\/v2\/types\/product"}],"wp:featuredmedia":[{"embeddable":true,"href":"https:\/\/www.koonings.com\/fr\/wp-json\/wp\/v2\/media\/92510"}],"wp:attachment":[{"href":"https:\/\/www.koonings.com\/fr\/wp-json\/wp\/v2\/media?parent=93915"}],"wp:term":[{"taxonomy":"productdetails","embeddable":true,"href":"https:\/\/www.koonings.com\/fr\/wp-json\/wp\/v2\/productdetails?post=93915"},{"taxonomy":"productneck","embeddable":true,"href":"https:\/\/www.koonings.com\/fr\/wp-json\/wp\/v2\/productneck?post=93915"},{"taxonomy":"productcolor","embeddable":true,"href":"https:\/\/www.koonings.com\/fr\/wp-json\/wp\/v2\/productcolor?post=93915"},{"taxonomy":"maat","embeddable":true,"href":"https:\/\/www.koonings.com\/fr\/wp-json\/wp\/v2\/maat?post=93915"},{"taxonomy":"productsupplier","embeddable":true,"href":"https:\/\/www.koonings.com\/fr\/wp-json\/wp\/v2\/productsupplier?post=93915"},{"taxonomy":"productsleeve","embeddable":true,"href":"https:\/\/www.koonings.com\/fr\/wp-json\/wp\/v2\/productsleeve?post=93915"},{"taxonomy":"productcategory","embeddable":true,"href":"https:\/\/www.koonings.com\/fr\/wp-json\/wp\/v2\/productcategory?post=93915"},{"taxonomy":"productsilhouette","embeddable":true,"href":"https:\/\/www.koonings.com\/fr\/wp-json\/wp\/v2\/productsilhouette?post=93915"},{"taxonomy":"productstyle","embeddable":true,"href":"https:\/\/www.koonings.com\/fr\/wp-json\/wp\/v2\/productstyle?post=93915"}],"curies":[{"name":"wp","href":"https:\/\/api.w.org\/{rel}","templated":true}]}}