{"id":93914,"date":"2026-04-28T18:40:44","date_gmt":"2026-04-28T16:40:44","guid":{"rendered":"https:\/\/www.koonings.com\/product\/bleu-nuptial-azuree-326-0151\/"},"modified":"2026-02-17T12:54:53","modified_gmt":"2026-02-17T11:54:53","slug":"bleu-nuptial-azuree-326-0151","status":"publish","type":"product","link":"https:\/\/www.koonings.com\/fr\/product\/bleu-nuptial-azuree-326-0151\/","title":{"rendered":"Bleu nuptial Azuree 326.0151"},"content":{"rendered":"<p>La robe de mari\u00e9e Blue est le choix ultime pour les mari\u00e9es qui aiment en faire le moins possible. Cette robe sans bretelles allie une silhouette classique et \u00e9pur\u00e9e \u00e0 des d\u00e9tails modernes comme la fente haute de la jupe et les poches cach\u00e9es &#8211; pratique et \u00e9l\u00e9gante \u00e0 la fois. Le tissu organza l\u00e9ger cr\u00e9e un effet de flottement \u00e0 chaque pas, tandis que le corsage pliss\u00e9 galbe subtilement le haut du corps. Que vous choisissiez de vous marier dans un lieu chic ou en plein air, Blue allie sans effort \u00e9l\u00e9gance et attitude. Minimaliste, sensuel et puissamment f\u00e9minin &#8211; parfait pour la mari\u00e9e qui ose se d\u00e9marquer par sa simplicit\u00e9.    <\/p>\n","protected":false},"featured_media":92110,"template":"","meta":{"_acf_changed":false,"ghostkit_customizer_options":"","ghostkit_custom_css":"","ghostkit_custom_js_head":"","ghostkit_custom_js_foot":"","ghostkit_typography":""},"productdetails":[378,381],"productneck":[352,354],"productcolor":[392],"maat":[],"productsupplier":[533],"productsleeve":[],"productcategory":[18],"productsilhouette":[384],"productstyle":[369,365],"class_list":["post-93914","product","type-product","status-publish","has-post-thumbnail","hentry","productdetails-378","productdetails-381","productneck-352","productneck-354","productcolor-392","productsupplier-azuree-bridal","productcategory-trouwjurken","productsilhouette-384","productstyle-369","productstyle-365"],"acf":[],"yoast_head":"<!-- This site is optimized with the Yoast SEO plugin v27.3 - https:\/\/yoast.com\/product\/yoast-seo-wordpress\/ -->\n<title>Bleu nuptial Azuree 326.0151 | Koonings<\/title>\n<meta name=\"description\" content=\"La robe de mari\u00e9e Blue est le choix ultime pour les mari\u00e9es qui aiment en faire le moins possible. Cette robe sans bretelles allie une silhouette classique et \u00e9pur\u00e9e \u00e0 des d\u00e9tails modernes comme la fente haute de la jupe et les poches cach\u00e9es - pratique et \u00e9l\u00e9gante \u00e0 la fois. Le tissu organza l\u00e9ger cr\u00e9e un effet de flottement \u00e0 chaque pas, tandis que le corsage pliss\u00e9 galbe subtilement le haut du corps. Que vous choisissiez de vous marier dans un lieu chic ou en plein air, Blue allie sans effort \u00e9l\u00e9gance et attitude. Minimaliste, sensuel et puissamment f\u00e9minin - parfait pour la mari\u00e9e qui ose se d\u00e9marquer par sa simplicit\u00e9.\" \/>\n<meta name=\"robots\" content=\"index, follow, max-snippet:-1, max-image-preview:large, max-video-preview:-1\" \/>\n<link rel=\"canonical\" href=\"https:\/\/www.koonings.com\/fr\/product\/bleu-nuptial-azuree-326-0151\/\" \/>\n<meta property=\"og:locale\" content=\"fr_FR\" \/>\n<meta property=\"og:type\" content=\"article\" \/>\n<meta property=\"og:title\" content=\"Bleu nuptial Azuree 326.0151 | Koonings\" \/>\n<meta property=\"og:description\" content=\"La robe de mari\u00e9e Blue est le choix ultime pour les mari\u00e9es qui aiment en faire le moins possible. Cette robe sans bretelles allie une silhouette classique et \u00e9pur\u00e9e \u00e0 des d\u00e9tails modernes comme la fente haute de la jupe et les poches cach\u00e9es - pratique et \u00e9l\u00e9gante \u00e0 la fois. Le tissu organza l\u00e9ger cr\u00e9e un effet de flottement \u00e0 chaque pas, tandis que le corsage pliss\u00e9 galbe subtilement le haut du corps. Que vous choisissiez de vous marier dans un lieu chic ou en plein air, Blue allie sans effort \u00e9l\u00e9gance et attitude. Minimaliste, sensuel et puissamment f\u00e9minin - parfait pour la mari\u00e9e qui ose se d\u00e9marquer par sa simplicit\u00e9.\" \/>\n<meta property=\"og:url\" content=\"https:\/\/www.koonings.com\/fr\/product\/bleu-nuptial-azuree-326-0151\/\" \/>\n<meta property=\"og:site_name\" content=\"Koonings\" \/>\n<meta property=\"article:publisher\" content=\"https:\/\/www.facebook.com\/kooningstheweddingpalace\" \/>\n<meta property=\"og:image\" content=\"https:\/\/www.koonings.com\/wp-content\/uploads\/2025\/09\/51511_22aaed19c89b39c4d7cc3e71014d064dda6c721ef7073bf05144004172be63dcb094d1ec.jpeg\" \/>\n\t<meta property=\"og:image:width\" content=\"1646\" \/>\n\t<meta property=\"og:image:height\" content=\"2325\" \/>\n\t<meta property=\"og:image:type\" content=\"image\/jpeg\" \/>\n<meta name=\"twitter:card\" content=\"summary_large_image\" \/>\n<meta name=\"twitter:label1\" content=\"Dur\u00e9e de lecture estim\u00e9e\" \/>\n\t<meta name=\"twitter:data1\" content=\"1 minute\" \/>\n<script type=\"application\/ld+json\" class=\"yoast-schema-graph\">{\"@context\":\"https:\\\/\\\/schema.org\",\"@graph\":[{\"@type\":\"WebPage\",\"@id\":\"https:\\\/\\\/www.koonings.com\\\/fr\\\/product\\\/bleu-nuptial-azuree-326-0151\\\/\",\"url\":\"https:\\\/\\\/www.koonings.com\\\/fr\\\/product\\\/bleu-nuptial-azuree-326-0151\\\/\",\"name\":\"Bleu nuptial Azuree 326.0151 | Koonings\",\"isPartOf\":{\"@id\":\"https:\\\/\\\/www.koonings.com\\\/fr\\\/#website\"},\"primaryImageOfPage\":{\"@id\":\"https:\\\/\\\/www.koonings.com\\\/fr\\\/product\\\/bleu-nuptial-azuree-326-0151\\\/#primaryimage\"},\"image\":{\"@id\":\"https:\\\/\\\/www.koonings.com\\\/fr\\\/product\\\/bleu-nuptial-azuree-326-0151\\\/#primaryimage\"},\"thumbnailUrl\":\"https:\\\/\\\/www.koonings.com\\\/wp-content\\\/uploads\\\/2025\\\/09\\\/51511_22aaed19c89b39c4d7cc3e71014d064dda6c721ef7073bf05144004172be63dcb094d1ec.jpeg\",\"datePublished\":\"2026-04-28T16:40:44+00:00\",\"description\":\"La robe de mari\u00e9e Blue est le choix ultime pour les mari\u00e9es qui aiment en faire le moins possible. Cette robe sans bretelles allie une silhouette classique et \u00e9pur\u00e9e \u00e0 des d\u00e9tails modernes comme la fente haute de la jupe et les poches cach\u00e9es - pratique et \u00e9l\u00e9gante \u00e0 la fois. Le tissu organza l\u00e9ger cr\u00e9e un effet de flottement \u00e0 chaque pas, tandis que le corsage pliss\u00e9 galbe subtilement le haut du corps. Que vous choisissiez de vous marier dans un lieu chic ou en plein air, Blue allie sans effort \u00e9l\u00e9gance et attitude. Minimaliste, sensuel et puissamment f\u00e9minin - parfait pour la mari\u00e9e qui ose se d\u00e9marquer par sa simplicit\u00e9.\",\"breadcrumb\":{\"@id\":\"https:\\\/\\\/www.koonings.com\\\/fr\\\/product\\\/bleu-nuptial-azuree-326-0151\\\/#breadcrumb\"},\"inLanguage\":\"fr-FR\",\"potentialAction\":[{\"@type\":\"ReadAction\",\"target\":[\"https:\\\/\\\/www.koonings.com\\\/fr\\\/product\\\/bleu-nuptial-azuree-326-0151\\\/\"]}]},{\"@type\":\"ImageObject\",\"inLanguage\":\"fr-FR\",\"@id\":\"https:\\\/\\\/www.koonings.com\\\/fr\\\/product\\\/bleu-nuptial-azuree-326-0151\\\/#primaryimage\",\"url\":\"https:\\\/\\\/www.koonings.com\\\/wp-content\\\/uploads\\\/2025\\\/09\\\/51511_22aaed19c89b39c4d7cc3e71014d064dda6c721ef7073bf05144004172be63dcb094d1ec.jpeg\",\"contentUrl\":\"https:\\\/\\\/www.koonings.com\\\/wp-content\\\/uploads\\\/2025\\\/09\\\/51511_22aaed19c89b39c4d7cc3e71014d064dda6c721ef7073bf05144004172be63dcb094d1ec.jpeg\",\"width\":1646,\"height\":2325},{\"@type\":\"BreadcrumbList\",\"@id\":\"https:\\\/\\\/www.koonings.com\\\/fr\\\/product\\\/bleu-nuptial-azuree-326-0151\\\/#breadcrumb\",\"itemListElement\":[{\"@type\":\"ListItem\",\"position\":1,\"name\":\"Home\",\"item\":\"https:\\\/\\\/www.koonings.com\\\/fr\\\/\"},{\"@type\":\"ListItem\",\"position\":2,\"name\":\"Bleu nuptial Azuree 326.0151\"}]},{\"@type\":\"WebSite\",\"@id\":\"https:\\\/\\\/www.koonings.com\\\/fr\\\/#website\",\"url\":\"https:\\\/\\\/www.koonings.com\\\/fr\\\/\",\"name\":\"Koonings\",\"description\":\"De grootste bruidsmodewinkel ter wereld\",\"publisher\":{\"@id\":\"https:\\\/\\\/www.koonings.com\\\/fr\\\/#organization\"},\"potentialAction\":[{\"@type\":\"SearchAction\",\"target\":{\"@type\":\"EntryPoint\",\"urlTemplate\":\"https:\\\/\\\/www.koonings.com\\\/fr\\\/?s={search_term_string}\"},\"query-input\":{\"@type\":\"PropertyValueSpecification\",\"valueRequired\":true,\"valueName\":\"search_term_string\"}}],\"inLanguage\":\"fr-FR\"},{\"@type\":\"Organization\",\"@id\":\"https:\\\/\\\/www.koonings.com\\\/fr\\\/#organization\",\"name\":\"Koonings\",\"url\":\"https:\\\/\\\/www.koonings.com\\\/fr\\\/\",\"logo\":{\"@type\":\"ImageObject\",\"inLanguage\":\"fr-FR\",\"@id\":\"https:\\\/\\\/www.koonings.com\\\/fr\\\/#\\\/schema\\\/logo\\\/image\\\/\",\"url\":\"https:\\\/\\\/www.koonings.com\\\/wp-content\\\/uploads\\\/2024\\\/07\\\/logo.png\",\"contentUrl\":\"https:\\\/\\\/www.koonings.com\\\/wp-content\\\/uploads\\\/2024\\\/07\\\/logo.png\",\"width\":600,\"height\":428,\"caption\":\"Koonings\"},\"image\":{\"@id\":\"https:\\\/\\\/www.koonings.com\\\/fr\\\/#\\\/schema\\\/logo\\\/image\\\/\"},\"sameAs\":[\"https:\\\/\\\/www.facebook.com\\\/kooningstheweddingpalace\",\"https:\\\/\\\/www.instagram.com\\\/kooningstheweddingpalace\",\"https:\\\/\\\/www.pinterest.com\\\/koonings\",\"https:\\\/\\\/www.youtube.com\\\/kooningstheweddingpalace\"]}]}<\/script>\n<!-- \/ Yoast SEO plugin. -->","yoast_head_json":{"title":"Bleu nuptial Azuree 326.0151 | Koonings","description":"La robe de mari\u00e9e Blue est le choix ultime pour les mari\u00e9es qui aiment en faire le moins possible. Cette robe sans bretelles allie une silhouette classique et \u00e9pur\u00e9e \u00e0 des d\u00e9tails modernes comme la fente haute de la jupe et les poches cach\u00e9es - pratique et \u00e9l\u00e9gante \u00e0 la fois. Le tissu organza l\u00e9ger cr\u00e9e un effet de flottement \u00e0 chaque pas, tandis que le corsage pliss\u00e9 galbe subtilement le haut du corps. Que vous choisissiez de vous marier dans un lieu chic ou en plein air, Blue allie sans effort \u00e9l\u00e9gance et attitude. Minimaliste, sensuel et puissamment f\u00e9minin - parfait pour la mari\u00e9e qui ose se d\u00e9marquer par sa simplicit\u00e9.","robots":{"index":"index","follow":"follow","max-snippet":"max-snippet:-1","max-image-preview":"max-image-preview:large","max-video-preview":"max-video-preview:-1"},"canonical":"https:\/\/www.koonings.com\/fr\/product\/bleu-nuptial-azuree-326-0151\/","og_locale":"fr_FR","og_type":"article","og_title":"Bleu nuptial Azuree 326.0151 | Koonings","og_description":"La robe de mari\u00e9e Blue est le choix ultime pour les mari\u00e9es qui aiment en faire le moins possible. Cette robe sans bretelles allie une silhouette classique et \u00e9pur\u00e9e \u00e0 des d\u00e9tails modernes comme la fente haute de la jupe et les poches cach\u00e9es - pratique et \u00e9l\u00e9gante \u00e0 la fois. Le tissu organza l\u00e9ger cr\u00e9e un effet de flottement \u00e0 chaque pas, tandis que le corsage pliss\u00e9 galbe subtilement le haut du corps. Que vous choisissiez de vous marier dans un lieu chic ou en plein air, Blue allie sans effort \u00e9l\u00e9gance et attitude. Minimaliste, sensuel et puissamment f\u00e9minin - parfait pour la mari\u00e9e qui ose se d\u00e9marquer par sa simplicit\u00e9.","og_url":"https:\/\/www.koonings.com\/fr\/product\/bleu-nuptial-azuree-326-0151\/","og_site_name":"Koonings","article_publisher":"https:\/\/www.facebook.com\/kooningstheweddingpalace","og_image":[{"width":1646,"height":2325,"url":"https:\/\/www.koonings.com\/wp-content\/uploads\/2025\/09\/51511_22aaed19c89b39c4d7cc3e71014d064dda6c721ef7073bf05144004172be63dcb094d1ec.jpeg","type":"image\/jpeg"}],"twitter_card":"summary_large_image","twitter_misc":{"Dur\u00e9e de lecture estim\u00e9e":"1 minute"},"schema":{"@context":"https:\/\/schema.org","@graph":[{"@type":"WebPage","@id":"https:\/\/www.koonings.com\/fr\/product\/bleu-nuptial-azuree-326-0151\/","url":"https:\/\/www.koonings.com\/fr\/product\/bleu-nuptial-azuree-326-0151\/","name":"Bleu nuptial Azuree 326.0151 | Koonings","isPartOf":{"@id":"https:\/\/www.koonings.com\/fr\/#website"},"primaryImageOfPage":{"@id":"https:\/\/www.koonings.com\/fr\/product\/bleu-nuptial-azuree-326-0151\/#primaryimage"},"image":{"@id":"https:\/\/www.koonings.com\/fr\/product\/bleu-nuptial-azuree-326-0151\/#primaryimage"},"thumbnailUrl":"https:\/\/www.koonings.com\/wp-content\/uploads\/2025\/09\/51511_22aaed19c89b39c4d7cc3e71014d064dda6c721ef7073bf05144004172be63dcb094d1ec.jpeg","datePublished":"2026-04-28T16:40:44+00:00","description":"La robe de mari\u00e9e Blue est le choix ultime pour les mari\u00e9es qui aiment en faire le moins possible. Cette robe sans bretelles allie une silhouette classique et \u00e9pur\u00e9e \u00e0 des d\u00e9tails modernes comme la fente haute de la jupe et les poches cach\u00e9es - pratique et \u00e9l\u00e9gante \u00e0 la fois. Le tissu organza l\u00e9ger cr\u00e9e un effet de flottement \u00e0 chaque pas, tandis que le corsage pliss\u00e9 galbe subtilement le haut du corps. Que vous choisissiez de vous marier dans un lieu chic ou en plein air, Blue allie sans effort \u00e9l\u00e9gance et attitude. Minimaliste, sensuel et puissamment f\u00e9minin - parfait pour la mari\u00e9e qui ose se d\u00e9marquer par sa simplicit\u00e9.","breadcrumb":{"@id":"https:\/\/www.koonings.com\/fr\/product\/bleu-nuptial-azuree-326-0151\/#breadcrumb"},"inLanguage":"fr-FR","potentialAction":[{"@type":"ReadAction","target":["https:\/\/www.koonings.com\/fr\/product\/bleu-nuptial-azuree-326-0151\/"]}]},{"@type":"ImageObject","inLanguage":"fr-FR","@id":"https:\/\/www.koonings.com\/fr\/product\/bleu-nuptial-azuree-326-0151\/#primaryimage","url":"https:\/\/www.koonings.com\/wp-content\/uploads\/2025\/09\/51511_22aaed19c89b39c4d7cc3e71014d064dda6c721ef7073bf05144004172be63dcb094d1ec.jpeg","contentUrl":"https:\/\/www.koonings.com\/wp-content\/uploads\/2025\/09\/51511_22aaed19c89b39c4d7cc3e71014d064dda6c721ef7073bf05144004172be63dcb094d1ec.jpeg","width":1646,"height":2325},{"@type":"BreadcrumbList","@id":"https:\/\/www.koonings.com\/fr\/product\/bleu-nuptial-azuree-326-0151\/#breadcrumb","itemListElement":[{"@type":"ListItem","position":1,"name":"Home","item":"https:\/\/www.koonings.com\/fr\/"},{"@type":"ListItem","position":2,"name":"Bleu nuptial Azuree 326.0151"}]},{"@type":"WebSite","@id":"https:\/\/www.koonings.com\/fr\/#website","url":"https:\/\/www.koonings.com\/fr\/","name":"Koonings","description":"De grootste bruidsmodewinkel ter wereld","publisher":{"@id":"https:\/\/www.koonings.com\/fr\/#organization"},"potentialAction":[{"@type":"SearchAction","target":{"@type":"EntryPoint","urlTemplate":"https:\/\/www.koonings.com\/fr\/?s={search_term_string}"},"query-input":{"@type":"PropertyValueSpecification","valueRequired":true,"valueName":"search_term_string"}}],"inLanguage":"fr-FR"},{"@type":"Organization","@id":"https:\/\/www.koonings.com\/fr\/#organization","name":"Koonings","url":"https:\/\/www.koonings.com\/fr\/","logo":{"@type":"ImageObject","inLanguage":"fr-FR","@id":"https:\/\/www.koonings.com\/fr\/#\/schema\/logo\/image\/","url":"https:\/\/www.koonings.com\/wp-content\/uploads\/2024\/07\/logo.png","contentUrl":"https:\/\/www.koonings.com\/wp-content\/uploads\/2024\/07\/logo.png","width":600,"height":428,"caption":"Koonings"},"image":{"@id":"https:\/\/www.koonings.com\/fr\/#\/schema\/logo\/image\/"},"sameAs":["https:\/\/www.facebook.com\/kooningstheweddingpalace","https:\/\/www.instagram.com\/kooningstheweddingpalace","https:\/\/www.pinterest.com\/koonings","https:\/\/www.youtube.com\/kooningstheweddingpalace"]}]}},"_links":{"self":[{"href":"https:\/\/www.koonings.com\/fr\/wp-json\/wp\/v2\/product\/93914","targetHints":{"allow":["GET"]}}],"collection":[{"href":"https:\/\/www.koonings.com\/fr\/wp-json\/wp\/v2\/product"}],"about":[{"href":"https:\/\/www.koonings.com\/fr\/wp-json\/wp\/v2\/types\/product"}],"wp:featuredmedia":[{"embeddable":true,"href":"https:\/\/www.koonings.com\/fr\/wp-json\/wp\/v2\/media\/92110"}],"wp:attachment":[{"href":"https:\/\/www.koonings.com\/fr\/wp-json\/wp\/v2\/media?parent=93914"}],"wp:term":[{"taxonomy":"productdetails","embeddable":true,"href":"https:\/\/www.koonings.com\/fr\/wp-json\/wp\/v2\/productdetails?post=93914"},{"taxonomy":"productneck","embeddable":true,"href":"https:\/\/www.koonings.com\/fr\/wp-json\/wp\/v2\/productneck?post=93914"},{"taxonomy":"productcolor","embeddable":true,"href":"https:\/\/www.koonings.com\/fr\/wp-json\/wp\/v2\/productcolor?post=93914"},{"taxonomy":"maat","embeddable":true,"href":"https:\/\/www.koonings.com\/fr\/wp-json\/wp\/v2\/maat?post=93914"},{"taxonomy":"productsupplier","embeddable":true,"href":"https:\/\/www.koonings.com\/fr\/wp-json\/wp\/v2\/productsupplier?post=93914"},{"taxonomy":"productsleeve","embeddable":true,"href":"https:\/\/www.koonings.com\/fr\/wp-json\/wp\/v2\/productsleeve?post=93914"},{"taxonomy":"productcategory","embeddable":true,"href":"https:\/\/www.koonings.com\/fr\/wp-json\/wp\/v2\/productcategory?post=93914"},{"taxonomy":"productsilhouette","embeddable":true,"href":"https:\/\/www.koonings.com\/fr\/wp-json\/wp\/v2\/productsilhouette?post=93914"},{"taxonomy":"productstyle","embeddable":true,"href":"https:\/\/www.koonings.com\/fr\/wp-json\/wp\/v2\/productstyle?post=93914"}],"curies":[{"name":"wp","href":"https:\/\/api.w.org\/{rel}","templated":true}]}}