{"id":93913,"date":"2026-04-28T18:40:42","date_gmt":"2026-04-28T16:40:42","guid":{"rendered":"https:\/\/www.koonings.com\/product\/azuree-bridal-bjork-ligne-326-0111\/"},"modified":"2026-02-17T12:52:25","modified_gmt":"2026-02-17T11:52:25","slug":"azuree-bridal-bjork-ligne-326-0111","status":"publish","type":"product","link":"https:\/\/www.koonings.com\/fr\/product\/azuree-bridal-bjork-ligne-326-0111\/","title":{"rendered":"Azuree Bridal Bjork &#8211; 326.0111"},"content":{"rendered":"<p>Bjork est parfaite pour les mari\u00e9es aux formes arrondies qui aiment le look vintage. Les d\u00e9tails en dentelle et le m\u00e9lange de tons ivoire et nude cr\u00e9ent un look intemporel et sophistiqu\u00e9. Le tissu \u00e9pouse les contours du corps de mani\u00e8re flatteuse et donne une allure classique et romantique.  <\/p>\n","protected":false},"featured_media":92074,"template":"","meta":{"_acf_changed":false,"ghostkit_customizer_options":"","ghostkit_custom_css":"","ghostkit_custom_js_head":"","ghostkit_custom_js_foot":"","ghostkit_typography":""},"productdetails":[376],"productneck":[356],"productcolor":[393,392],"maat":[375],"productsupplier":[533],"productsleeve":[359],"productcategory":[18],"productsilhouette":[384],"productstyle":[369,366],"class_list":["post-93913","product","type-product","status-publish","has-post-thumbnail","hentry","productdetails-376","productneck-356","productcolor-393","productcolor-392","maat-375","productsupplier-azuree-bridal","productsleeve-359","productcategory-trouwjurken","productsilhouette-384","productstyle-369","productstyle-366"],"acf":[],"yoast_head":"<!-- This site is optimized with the Yoast SEO plugin v27.3 - https:\/\/yoast.com\/product\/yoast-seo-wordpress\/ -->\n<title>Azuree Bridal Bjork - 326.0111 | Koonings<\/title>\n<meta name=\"description\" content=\"Bjork est parfaite pour les mari\u00e9es aux formes arrondies qui aiment le look vintage. Les d\u00e9tails en dentelle et le m\u00e9lange de tons ivoire et nude cr\u00e9ent un look intemporel et sophistiqu\u00e9. Le tissu \u00e9pouse les contours du corps de mani\u00e8re flatteuse et donne une allure classique et romantique.\" \/>\n<meta name=\"robots\" content=\"index, follow, max-snippet:-1, max-image-preview:large, max-video-preview:-1\" \/>\n<link rel=\"canonical\" href=\"https:\/\/www.koonings.com\/fr\/product\/azuree-bridal-bjork-ligne-326-0111\/\" \/>\n<meta property=\"og:locale\" content=\"fr_FR\" \/>\n<meta property=\"og:type\" content=\"article\" \/>\n<meta property=\"og:title\" content=\"Azuree Bridal Bjork - 326.0111 | Koonings\" \/>\n<meta property=\"og:description\" content=\"Bjork est parfaite pour les mari\u00e9es aux formes arrondies qui aiment le look vintage. Les d\u00e9tails en dentelle et le m\u00e9lange de tons ivoire et nude cr\u00e9ent un look intemporel et sophistiqu\u00e9. Le tissu \u00e9pouse les contours du corps de mani\u00e8re flatteuse et donne une allure classique et romantique.\" \/>\n<meta property=\"og:url\" content=\"https:\/\/www.koonings.com\/fr\/product\/azuree-bridal-bjork-ligne-326-0111\/\" \/>\n<meta property=\"og:site_name\" content=\"Koonings\" \/>\n<meta property=\"article:publisher\" content=\"https:\/\/www.facebook.com\/kooningstheweddingpalace\" \/>\n<meta property=\"og:image\" content=\"https:\/\/www.koonings.com\/wp-content\/uploads\/2025\/09\/51507_deaa78c2a811ac9cad5f8635db74706ffab14a6bf56839bbf0b212b2861223cd92ead914.jpeg\" \/>\n\t<meta property=\"og:image:width\" content=\"1702\" \/>\n\t<meta property=\"og:image:height\" content=\"2403\" \/>\n\t<meta property=\"og:image:type\" content=\"image\/jpeg\" \/>\n<meta name=\"twitter:card\" content=\"summary_large_image\" \/>\n<script type=\"application\/ld+json\" class=\"yoast-schema-graph\">{\"@context\":\"https:\\\/\\\/schema.org\",\"@graph\":[{\"@type\":\"WebPage\",\"@id\":\"https:\\\/\\\/www.koonings.com\\\/fr\\\/product\\\/azuree-bridal-bjork-ligne-326-0111\\\/\",\"url\":\"https:\\\/\\\/www.koonings.com\\\/fr\\\/product\\\/azuree-bridal-bjork-ligne-326-0111\\\/\",\"name\":\"Azuree Bridal Bjork - 326.0111 | Koonings\",\"isPartOf\":{\"@id\":\"https:\\\/\\\/www.koonings.com\\\/fr\\\/#website\"},\"primaryImageOfPage\":{\"@id\":\"https:\\\/\\\/www.koonings.com\\\/fr\\\/product\\\/azuree-bridal-bjork-ligne-326-0111\\\/#primaryimage\"},\"image\":{\"@id\":\"https:\\\/\\\/www.koonings.com\\\/fr\\\/product\\\/azuree-bridal-bjork-ligne-326-0111\\\/#primaryimage\"},\"thumbnailUrl\":\"https:\\\/\\\/www.koonings.com\\\/wp-content\\\/uploads\\\/2025\\\/09\\\/51507_deaa78c2a811ac9cad5f8635db74706ffab14a6bf56839bbf0b212b2861223cd92ead914.jpeg\",\"datePublished\":\"2026-04-28T16:40:42+00:00\",\"description\":\"Bjork est parfaite pour les mari\u00e9es aux formes arrondies qui aiment le look vintage. Les d\u00e9tails en dentelle et le m\u00e9lange de tons ivoire et nude cr\u00e9ent un look intemporel et sophistiqu\u00e9. Le tissu \u00e9pouse les contours du corps de mani\u00e8re flatteuse et donne une allure classique et romantique.\",\"breadcrumb\":{\"@id\":\"https:\\\/\\\/www.koonings.com\\\/fr\\\/product\\\/azuree-bridal-bjork-ligne-326-0111\\\/#breadcrumb\"},\"inLanguage\":\"fr-FR\",\"potentialAction\":[{\"@type\":\"ReadAction\",\"target\":[\"https:\\\/\\\/www.koonings.com\\\/fr\\\/product\\\/azuree-bridal-bjork-ligne-326-0111\\\/\"]}]},{\"@type\":\"ImageObject\",\"inLanguage\":\"fr-FR\",\"@id\":\"https:\\\/\\\/www.koonings.com\\\/fr\\\/product\\\/azuree-bridal-bjork-ligne-326-0111\\\/#primaryimage\",\"url\":\"https:\\\/\\\/www.koonings.com\\\/wp-content\\\/uploads\\\/2025\\\/09\\\/51507_deaa78c2a811ac9cad5f8635db74706ffab14a6bf56839bbf0b212b2861223cd92ead914.jpeg\",\"contentUrl\":\"https:\\\/\\\/www.koonings.com\\\/wp-content\\\/uploads\\\/2025\\\/09\\\/51507_deaa78c2a811ac9cad5f8635db74706ffab14a6bf56839bbf0b212b2861223cd92ead914.jpeg\",\"width\":1702,\"height\":2403},{\"@type\":\"BreadcrumbList\",\"@id\":\"https:\\\/\\\/www.koonings.com\\\/fr\\\/product\\\/azuree-bridal-bjork-ligne-326-0111\\\/#breadcrumb\",\"itemListElement\":[{\"@type\":\"ListItem\",\"position\":1,\"name\":\"Home\",\"item\":\"https:\\\/\\\/www.koonings.com\\\/fr\\\/\"},{\"@type\":\"ListItem\",\"position\":2,\"name\":\"Azuree Bridal Bjork &#8211; 326.0111\"}]},{\"@type\":\"WebSite\",\"@id\":\"https:\\\/\\\/www.koonings.com\\\/fr\\\/#website\",\"url\":\"https:\\\/\\\/www.koonings.com\\\/fr\\\/\",\"name\":\"Koonings\",\"description\":\"De grootste bruidsmodewinkel ter wereld\",\"publisher\":{\"@id\":\"https:\\\/\\\/www.koonings.com\\\/fr\\\/#organization\"},\"potentialAction\":[{\"@type\":\"SearchAction\",\"target\":{\"@type\":\"EntryPoint\",\"urlTemplate\":\"https:\\\/\\\/www.koonings.com\\\/fr\\\/?s={search_term_string}\"},\"query-input\":{\"@type\":\"PropertyValueSpecification\",\"valueRequired\":true,\"valueName\":\"search_term_string\"}}],\"inLanguage\":\"fr-FR\"},{\"@type\":\"Organization\",\"@id\":\"https:\\\/\\\/www.koonings.com\\\/fr\\\/#organization\",\"name\":\"Koonings\",\"url\":\"https:\\\/\\\/www.koonings.com\\\/fr\\\/\",\"logo\":{\"@type\":\"ImageObject\",\"inLanguage\":\"fr-FR\",\"@id\":\"https:\\\/\\\/www.koonings.com\\\/fr\\\/#\\\/schema\\\/logo\\\/image\\\/\",\"url\":\"https:\\\/\\\/www.koonings.com\\\/wp-content\\\/uploads\\\/2024\\\/07\\\/logo.png\",\"contentUrl\":\"https:\\\/\\\/www.koonings.com\\\/wp-content\\\/uploads\\\/2024\\\/07\\\/logo.png\",\"width\":600,\"height\":428,\"caption\":\"Koonings\"},\"image\":{\"@id\":\"https:\\\/\\\/www.koonings.com\\\/fr\\\/#\\\/schema\\\/logo\\\/image\\\/\"},\"sameAs\":[\"https:\\\/\\\/www.facebook.com\\\/kooningstheweddingpalace\",\"https:\\\/\\\/www.instagram.com\\\/kooningstheweddingpalace\",\"https:\\\/\\\/www.pinterest.com\\\/koonings\",\"https:\\\/\\\/www.youtube.com\\\/kooningstheweddingpalace\"]}]}<\/script>\n<!-- \/ Yoast SEO plugin. -->","yoast_head_json":{"title":"Azuree Bridal Bjork - 326.0111 | Koonings","description":"Bjork est parfaite pour les mari\u00e9es aux formes arrondies qui aiment le look vintage. Les d\u00e9tails en dentelle et le m\u00e9lange de tons ivoire et nude cr\u00e9ent un look intemporel et sophistiqu\u00e9. Le tissu \u00e9pouse les contours du corps de mani\u00e8re flatteuse et donne une allure classique et romantique.","robots":{"index":"index","follow":"follow","max-snippet":"max-snippet:-1","max-image-preview":"max-image-preview:large","max-video-preview":"max-video-preview:-1"},"canonical":"https:\/\/www.koonings.com\/fr\/product\/azuree-bridal-bjork-ligne-326-0111\/","og_locale":"fr_FR","og_type":"article","og_title":"Azuree Bridal Bjork - 326.0111 | Koonings","og_description":"Bjork est parfaite pour les mari\u00e9es aux formes arrondies qui aiment le look vintage. Les d\u00e9tails en dentelle et le m\u00e9lange de tons ivoire et nude cr\u00e9ent un look intemporel et sophistiqu\u00e9. Le tissu \u00e9pouse les contours du corps de mani\u00e8re flatteuse et donne une allure classique et romantique.","og_url":"https:\/\/www.koonings.com\/fr\/product\/azuree-bridal-bjork-ligne-326-0111\/","og_site_name":"Koonings","article_publisher":"https:\/\/www.facebook.com\/kooningstheweddingpalace","og_image":[{"width":1702,"height":2403,"url":"https:\/\/www.koonings.com\/wp-content\/uploads\/2025\/09\/51507_deaa78c2a811ac9cad5f8635db74706ffab14a6bf56839bbf0b212b2861223cd92ead914.jpeg","type":"image\/jpeg"}],"twitter_card":"summary_large_image","schema":{"@context":"https:\/\/schema.org","@graph":[{"@type":"WebPage","@id":"https:\/\/www.koonings.com\/fr\/product\/azuree-bridal-bjork-ligne-326-0111\/","url":"https:\/\/www.koonings.com\/fr\/product\/azuree-bridal-bjork-ligne-326-0111\/","name":"Azuree Bridal Bjork - 326.0111 | Koonings","isPartOf":{"@id":"https:\/\/www.koonings.com\/fr\/#website"},"primaryImageOfPage":{"@id":"https:\/\/www.koonings.com\/fr\/product\/azuree-bridal-bjork-ligne-326-0111\/#primaryimage"},"image":{"@id":"https:\/\/www.koonings.com\/fr\/product\/azuree-bridal-bjork-ligne-326-0111\/#primaryimage"},"thumbnailUrl":"https:\/\/www.koonings.com\/wp-content\/uploads\/2025\/09\/51507_deaa78c2a811ac9cad5f8635db74706ffab14a6bf56839bbf0b212b2861223cd92ead914.jpeg","datePublished":"2026-04-28T16:40:42+00:00","description":"Bjork est parfaite pour les mari\u00e9es aux formes arrondies qui aiment le look vintage. Les d\u00e9tails en dentelle et le m\u00e9lange de tons ivoire et nude cr\u00e9ent un look intemporel et sophistiqu\u00e9. Le tissu \u00e9pouse les contours du corps de mani\u00e8re flatteuse et donne une allure classique et romantique.","breadcrumb":{"@id":"https:\/\/www.koonings.com\/fr\/product\/azuree-bridal-bjork-ligne-326-0111\/#breadcrumb"},"inLanguage":"fr-FR","potentialAction":[{"@type":"ReadAction","target":["https:\/\/www.koonings.com\/fr\/product\/azuree-bridal-bjork-ligne-326-0111\/"]}]},{"@type":"ImageObject","inLanguage":"fr-FR","@id":"https:\/\/www.koonings.com\/fr\/product\/azuree-bridal-bjork-ligne-326-0111\/#primaryimage","url":"https:\/\/www.koonings.com\/wp-content\/uploads\/2025\/09\/51507_deaa78c2a811ac9cad5f8635db74706ffab14a6bf56839bbf0b212b2861223cd92ead914.jpeg","contentUrl":"https:\/\/www.koonings.com\/wp-content\/uploads\/2025\/09\/51507_deaa78c2a811ac9cad5f8635db74706ffab14a6bf56839bbf0b212b2861223cd92ead914.jpeg","width":1702,"height":2403},{"@type":"BreadcrumbList","@id":"https:\/\/www.koonings.com\/fr\/product\/azuree-bridal-bjork-ligne-326-0111\/#breadcrumb","itemListElement":[{"@type":"ListItem","position":1,"name":"Home","item":"https:\/\/www.koonings.com\/fr\/"},{"@type":"ListItem","position":2,"name":"Azuree Bridal Bjork &#8211; 326.0111"}]},{"@type":"WebSite","@id":"https:\/\/www.koonings.com\/fr\/#website","url":"https:\/\/www.koonings.com\/fr\/","name":"Koonings","description":"De grootste bruidsmodewinkel ter wereld","publisher":{"@id":"https:\/\/www.koonings.com\/fr\/#organization"},"potentialAction":[{"@type":"SearchAction","target":{"@type":"EntryPoint","urlTemplate":"https:\/\/www.koonings.com\/fr\/?s={search_term_string}"},"query-input":{"@type":"PropertyValueSpecification","valueRequired":true,"valueName":"search_term_string"}}],"inLanguage":"fr-FR"},{"@type":"Organization","@id":"https:\/\/www.koonings.com\/fr\/#organization","name":"Koonings","url":"https:\/\/www.koonings.com\/fr\/","logo":{"@type":"ImageObject","inLanguage":"fr-FR","@id":"https:\/\/www.koonings.com\/fr\/#\/schema\/logo\/image\/","url":"https:\/\/www.koonings.com\/wp-content\/uploads\/2024\/07\/logo.png","contentUrl":"https:\/\/www.koonings.com\/wp-content\/uploads\/2024\/07\/logo.png","width":600,"height":428,"caption":"Koonings"},"image":{"@id":"https:\/\/www.koonings.com\/fr\/#\/schema\/logo\/image\/"},"sameAs":["https:\/\/www.facebook.com\/kooningstheweddingpalace","https:\/\/www.instagram.com\/kooningstheweddingpalace","https:\/\/www.pinterest.com\/koonings","https:\/\/www.youtube.com\/kooningstheweddingpalace"]}]}},"_links":{"self":[{"href":"https:\/\/www.koonings.com\/fr\/wp-json\/wp\/v2\/product\/93913","targetHints":{"allow":["GET"]}}],"collection":[{"href":"https:\/\/www.koonings.com\/fr\/wp-json\/wp\/v2\/product"}],"about":[{"href":"https:\/\/www.koonings.com\/fr\/wp-json\/wp\/v2\/types\/product"}],"wp:featuredmedia":[{"embeddable":true,"href":"https:\/\/www.koonings.com\/fr\/wp-json\/wp\/v2\/media\/92074"}],"wp:attachment":[{"href":"https:\/\/www.koonings.com\/fr\/wp-json\/wp\/v2\/media?parent=93913"}],"wp:term":[{"taxonomy":"productdetails","embeddable":true,"href":"https:\/\/www.koonings.com\/fr\/wp-json\/wp\/v2\/productdetails?post=93913"},{"taxonomy":"productneck","embeddable":true,"href":"https:\/\/www.koonings.com\/fr\/wp-json\/wp\/v2\/productneck?post=93913"},{"taxonomy":"productcolor","embeddable":true,"href":"https:\/\/www.koonings.com\/fr\/wp-json\/wp\/v2\/productcolor?post=93913"},{"taxonomy":"maat","embeddable":true,"href":"https:\/\/www.koonings.com\/fr\/wp-json\/wp\/v2\/maat?post=93913"},{"taxonomy":"productsupplier","embeddable":true,"href":"https:\/\/www.koonings.com\/fr\/wp-json\/wp\/v2\/productsupplier?post=93913"},{"taxonomy":"productsleeve","embeddable":true,"href":"https:\/\/www.koonings.com\/fr\/wp-json\/wp\/v2\/productsleeve?post=93913"},{"taxonomy":"productcategory","embeddable":true,"href":"https:\/\/www.koonings.com\/fr\/wp-json\/wp\/v2\/productcategory?post=93913"},{"taxonomy":"productsilhouette","embeddable":true,"href":"https:\/\/www.koonings.com\/fr\/wp-json\/wp\/v2\/productsilhouette?post=93913"},{"taxonomy":"productstyle","embeddable":true,"href":"https:\/\/www.koonings.com\/fr\/wp-json\/wp\/v2\/productstyle?post=93913"}],"curies":[{"name":"wp","href":"https:\/\/api.w.org\/{rel}","templated":true}]}}