{"id":93912,"date":"2026-04-28T18:38:39","date_gmt":"2026-04-28T16:38:39","guid":{"rendered":"https:\/\/www.koonings.com\/product\/rebecca-ingram-nova-25rs939a01\/"},"modified":"2026-02-17T12:21:49","modified_gmt":"2026-02-17T11:21:49","slug":"rebecca-ingram-nova-25rs939a01","status":"publish","type":"product","link":"https:\/\/www.koonings.com\/fr\/product\/rebecca-ingram-nova-25rs939a01\/","title":{"rendered":"Rebecca Ingram Nova 25RS939A01"},"content":{"rendered":"<p>Pour la mari\u00e9e qui aime l&#8217;\u00e9l\u00e9gance classique avec une touche de modernit\u00e9. La Nova est une robe de mari\u00e9e sir\u00e8ne en satin souple, avec un dos en V sophistiqu\u00e9 et un subtil panneau transparent pour un d\u00e9tail d\u00e9licat et \u00e9l\u00e9gant. <\/p>\n<p>La coupe ajust\u00e9e met magnifiquement en valeur votre silhouette, tandis que le tissu et les lignes intemporelles vous garantissent une allure \u00e9l\u00e9gante et assur\u00e9e pour le grand jour.<\/p>\n","protected":false},"featured_media":93025,"template":"","meta":{"_acf_changed":false,"ghostkit_customizer_options":"","ghostkit_custom_css":"","ghostkit_custom_js_head":"","ghostkit_custom_js_foot":"","ghostkit_typography":""},"productdetails":[379],"productneck":[351,356],"productcolor":[392],"maat":[],"productsupplier":[433],"productsleeve":[359],"productcategory":[18],"productsilhouette":[387],"productstyle":[366,370],"class_list":["post-93912","product","type-product","status-publish","has-post-thumbnail","hentry","productdetails-379","productneck-351","productneck-356","productcolor-392","productsupplier-rebecca-ingram","productsleeve-359","productcategory-trouwjurken","productsilhouette-387","productstyle-366","productstyle-370"],"acf":[],"yoast_head":"<!-- This site is optimized with the Yoast SEO plugin v27.3 - https:\/\/yoast.com\/product\/yoast-seo-wordpress\/ -->\n<title>Rebecca Ingram Nova 25RS939A01 | Koonings<\/title>\n<meta name=\"description\" content=\"Pour la mari\u00e9e qui aime l&#039;\u00e9l\u00e9gance classique avec une touche de modernit\u00e9. La Nova est une robe de mari\u00e9e sir\u00e8ne en satin souple, avec un dos en V sophistiqu\u00e9 et un subtil panneau transparent pour un d\u00e9tail d\u00e9licat et \u00e9l\u00e9gant. La coupe ajust\u00e9e met magnifiquement en valeur votre silhouette, tandis que le tissu et les lignes intemporelles vous garantissent une allure \u00e9l\u00e9gante et assur\u00e9e pour le grand jour.\" \/>\n<meta name=\"robots\" content=\"index, follow, max-snippet:-1, max-image-preview:large, max-video-preview:-1\" \/>\n<link rel=\"canonical\" href=\"https:\/\/www.koonings.com\/fr\/product\/rebecca-ingram-nova-25rs939a01\/\" \/>\n<meta property=\"og:locale\" content=\"fr_FR\" \/>\n<meta property=\"og:type\" content=\"article\" \/>\n<meta property=\"og:title\" content=\"Rebecca Ingram Nova 25RS939A01 | Koonings\" \/>\n<meta property=\"og:description\" content=\"Pour la mari\u00e9e qui aime l&#039;\u00e9l\u00e9gance classique avec une touche de modernit\u00e9. La Nova est une robe de mari\u00e9e sir\u00e8ne en satin souple, avec un dos en V sophistiqu\u00e9 et un subtil panneau transparent pour un d\u00e9tail d\u00e9licat et \u00e9l\u00e9gant. La coupe ajust\u00e9e met magnifiquement en valeur votre silhouette, tandis que le tissu et les lignes intemporelles vous garantissent une allure \u00e9l\u00e9gante et assur\u00e9e pour le grand jour.\" \/>\n<meta property=\"og:url\" content=\"https:\/\/www.koonings.com\/fr\/product\/rebecca-ingram-nova-25rs939a01\/\" \/>\n<meta property=\"og:site_name\" content=\"Koonings\" \/>\n<meta property=\"article:publisher\" content=\"https:\/\/www.facebook.com\/kooningstheweddingpalace\" \/>\n<meta property=\"og:image\" content=\"https:\/\/www.koonings.com\/wp-content\/uploads\/2025\/09\/51305_353cd0db0e85f17c45e00b2adccbb7cfba620b83dfcd408cbc79f5a99d60450bc062f570.jpeg\" \/>\n\t<meta property=\"og:image:width\" content=\"1440\" \/>\n\t<meta property=\"og:image:height\" content=\"1920\" \/>\n\t<meta property=\"og:image:type\" content=\"image\/jpeg\" \/>\n<meta name=\"twitter:card\" content=\"summary_large_image\" \/>\n<script type=\"application\/ld+json\" class=\"yoast-schema-graph\">{\"@context\":\"https:\\\/\\\/schema.org\",\"@graph\":[{\"@type\":\"WebPage\",\"@id\":\"https:\\\/\\\/www.koonings.com\\\/fr\\\/product\\\/rebecca-ingram-nova-25rs939a01\\\/\",\"url\":\"https:\\\/\\\/www.koonings.com\\\/fr\\\/product\\\/rebecca-ingram-nova-25rs939a01\\\/\",\"name\":\"Rebecca Ingram Nova 25RS939A01 | Koonings\",\"isPartOf\":{\"@id\":\"https:\\\/\\\/www.koonings.com\\\/fr\\\/#website\"},\"primaryImageOfPage\":{\"@id\":\"https:\\\/\\\/www.koonings.com\\\/fr\\\/product\\\/rebecca-ingram-nova-25rs939a01\\\/#primaryimage\"},\"image\":{\"@id\":\"https:\\\/\\\/www.koonings.com\\\/fr\\\/product\\\/rebecca-ingram-nova-25rs939a01\\\/#primaryimage\"},\"thumbnailUrl\":\"https:\\\/\\\/www.koonings.com\\\/wp-content\\\/uploads\\\/2025\\\/09\\\/51305_353cd0db0e85f17c45e00b2adccbb7cfba620b83dfcd408cbc79f5a99d60450bc062f570.jpeg\",\"datePublished\":\"2026-04-28T16:38:39+00:00\",\"description\":\"Pour la mari\u00e9e qui aime l'\u00e9l\u00e9gance classique avec une touche de modernit\u00e9. La Nova est une robe de mari\u00e9e sir\u00e8ne en satin souple, avec un dos en V sophistiqu\u00e9 et un subtil panneau transparent pour un d\u00e9tail d\u00e9licat et \u00e9l\u00e9gant. La coupe ajust\u00e9e met magnifiquement en valeur votre silhouette, tandis que le tissu et les lignes intemporelles vous garantissent une allure \u00e9l\u00e9gante et assur\u00e9e pour le grand jour.\",\"breadcrumb\":{\"@id\":\"https:\\\/\\\/www.koonings.com\\\/fr\\\/product\\\/rebecca-ingram-nova-25rs939a01\\\/#breadcrumb\"},\"inLanguage\":\"fr-FR\",\"potentialAction\":[{\"@type\":\"ReadAction\",\"target\":[\"https:\\\/\\\/www.koonings.com\\\/fr\\\/product\\\/rebecca-ingram-nova-25rs939a01\\\/\"]}]},{\"@type\":\"ImageObject\",\"inLanguage\":\"fr-FR\",\"@id\":\"https:\\\/\\\/www.koonings.com\\\/fr\\\/product\\\/rebecca-ingram-nova-25rs939a01\\\/#primaryimage\",\"url\":\"https:\\\/\\\/www.koonings.com\\\/wp-content\\\/uploads\\\/2025\\\/09\\\/51305_353cd0db0e85f17c45e00b2adccbb7cfba620b83dfcd408cbc79f5a99d60450bc062f570.jpeg\",\"contentUrl\":\"https:\\\/\\\/www.koonings.com\\\/wp-content\\\/uploads\\\/2025\\\/09\\\/51305_353cd0db0e85f17c45e00b2adccbb7cfba620b83dfcd408cbc79f5a99d60450bc062f570.jpeg\",\"width\":1440,\"height\":1920},{\"@type\":\"BreadcrumbList\",\"@id\":\"https:\\\/\\\/www.koonings.com\\\/fr\\\/product\\\/rebecca-ingram-nova-25rs939a01\\\/#breadcrumb\",\"itemListElement\":[{\"@type\":\"ListItem\",\"position\":1,\"name\":\"Home\",\"item\":\"https:\\\/\\\/www.koonings.com\\\/fr\\\/\"},{\"@type\":\"ListItem\",\"position\":2,\"name\":\"Rebecca Ingram Nova 25RS939A01\"}]},{\"@type\":\"WebSite\",\"@id\":\"https:\\\/\\\/www.koonings.com\\\/fr\\\/#website\",\"url\":\"https:\\\/\\\/www.koonings.com\\\/fr\\\/\",\"name\":\"Koonings\",\"description\":\"De grootste bruidsmodewinkel ter wereld\",\"publisher\":{\"@id\":\"https:\\\/\\\/www.koonings.com\\\/fr\\\/#organization\"},\"potentialAction\":[{\"@type\":\"SearchAction\",\"target\":{\"@type\":\"EntryPoint\",\"urlTemplate\":\"https:\\\/\\\/www.koonings.com\\\/fr\\\/?s={search_term_string}\"},\"query-input\":{\"@type\":\"PropertyValueSpecification\",\"valueRequired\":true,\"valueName\":\"search_term_string\"}}],\"inLanguage\":\"fr-FR\"},{\"@type\":\"Organization\",\"@id\":\"https:\\\/\\\/www.koonings.com\\\/fr\\\/#organization\",\"name\":\"Koonings\",\"url\":\"https:\\\/\\\/www.koonings.com\\\/fr\\\/\",\"logo\":{\"@type\":\"ImageObject\",\"inLanguage\":\"fr-FR\",\"@id\":\"https:\\\/\\\/www.koonings.com\\\/fr\\\/#\\\/schema\\\/logo\\\/image\\\/\",\"url\":\"https:\\\/\\\/www.koonings.com\\\/wp-content\\\/uploads\\\/2024\\\/07\\\/logo.png\",\"contentUrl\":\"https:\\\/\\\/www.koonings.com\\\/wp-content\\\/uploads\\\/2024\\\/07\\\/logo.png\",\"width\":600,\"height\":428,\"caption\":\"Koonings\"},\"image\":{\"@id\":\"https:\\\/\\\/www.koonings.com\\\/fr\\\/#\\\/schema\\\/logo\\\/image\\\/\"},\"sameAs\":[\"https:\\\/\\\/www.facebook.com\\\/kooningstheweddingpalace\",\"https:\\\/\\\/www.instagram.com\\\/kooningstheweddingpalace\",\"https:\\\/\\\/www.pinterest.com\\\/koonings\",\"https:\\\/\\\/www.youtube.com\\\/kooningstheweddingpalace\"]}]}<\/script>\n<!-- \/ Yoast SEO plugin. -->","yoast_head_json":{"title":"Rebecca Ingram Nova 25RS939A01 | Koonings","description":"Pour la mari\u00e9e qui aime l'\u00e9l\u00e9gance classique avec une touche de modernit\u00e9. La Nova est une robe de mari\u00e9e sir\u00e8ne en satin souple, avec un dos en V sophistiqu\u00e9 et un subtil panneau transparent pour un d\u00e9tail d\u00e9licat et \u00e9l\u00e9gant. La coupe ajust\u00e9e met magnifiquement en valeur votre silhouette, tandis que le tissu et les lignes intemporelles vous garantissent une allure \u00e9l\u00e9gante et assur\u00e9e pour le grand jour.","robots":{"index":"index","follow":"follow","max-snippet":"max-snippet:-1","max-image-preview":"max-image-preview:large","max-video-preview":"max-video-preview:-1"},"canonical":"https:\/\/www.koonings.com\/fr\/product\/rebecca-ingram-nova-25rs939a01\/","og_locale":"fr_FR","og_type":"article","og_title":"Rebecca Ingram Nova 25RS939A01 | Koonings","og_description":"Pour la mari\u00e9e qui aime l'\u00e9l\u00e9gance classique avec une touche de modernit\u00e9. La Nova est une robe de mari\u00e9e sir\u00e8ne en satin souple, avec un dos en V sophistiqu\u00e9 et un subtil panneau transparent pour un d\u00e9tail d\u00e9licat et \u00e9l\u00e9gant. La coupe ajust\u00e9e met magnifiquement en valeur votre silhouette, tandis que le tissu et les lignes intemporelles vous garantissent une allure \u00e9l\u00e9gante et assur\u00e9e pour le grand jour.","og_url":"https:\/\/www.koonings.com\/fr\/product\/rebecca-ingram-nova-25rs939a01\/","og_site_name":"Koonings","article_publisher":"https:\/\/www.facebook.com\/kooningstheweddingpalace","og_image":[{"width":1440,"height":1920,"url":"https:\/\/www.koonings.com\/wp-content\/uploads\/2025\/09\/51305_353cd0db0e85f17c45e00b2adccbb7cfba620b83dfcd408cbc79f5a99d60450bc062f570.jpeg","type":"image\/jpeg"}],"twitter_card":"summary_large_image","schema":{"@context":"https:\/\/schema.org","@graph":[{"@type":"WebPage","@id":"https:\/\/www.koonings.com\/fr\/product\/rebecca-ingram-nova-25rs939a01\/","url":"https:\/\/www.koonings.com\/fr\/product\/rebecca-ingram-nova-25rs939a01\/","name":"Rebecca Ingram Nova 25RS939A01 | Koonings","isPartOf":{"@id":"https:\/\/www.koonings.com\/fr\/#website"},"primaryImageOfPage":{"@id":"https:\/\/www.koonings.com\/fr\/product\/rebecca-ingram-nova-25rs939a01\/#primaryimage"},"image":{"@id":"https:\/\/www.koonings.com\/fr\/product\/rebecca-ingram-nova-25rs939a01\/#primaryimage"},"thumbnailUrl":"https:\/\/www.koonings.com\/wp-content\/uploads\/2025\/09\/51305_353cd0db0e85f17c45e00b2adccbb7cfba620b83dfcd408cbc79f5a99d60450bc062f570.jpeg","datePublished":"2026-04-28T16:38:39+00:00","description":"Pour la mari\u00e9e qui aime l'\u00e9l\u00e9gance classique avec une touche de modernit\u00e9. La Nova est une robe de mari\u00e9e sir\u00e8ne en satin souple, avec un dos en V sophistiqu\u00e9 et un subtil panneau transparent pour un d\u00e9tail d\u00e9licat et \u00e9l\u00e9gant. La coupe ajust\u00e9e met magnifiquement en valeur votre silhouette, tandis que le tissu et les lignes intemporelles vous garantissent une allure \u00e9l\u00e9gante et assur\u00e9e pour le grand jour.","breadcrumb":{"@id":"https:\/\/www.koonings.com\/fr\/product\/rebecca-ingram-nova-25rs939a01\/#breadcrumb"},"inLanguage":"fr-FR","potentialAction":[{"@type":"ReadAction","target":["https:\/\/www.koonings.com\/fr\/product\/rebecca-ingram-nova-25rs939a01\/"]}]},{"@type":"ImageObject","inLanguage":"fr-FR","@id":"https:\/\/www.koonings.com\/fr\/product\/rebecca-ingram-nova-25rs939a01\/#primaryimage","url":"https:\/\/www.koonings.com\/wp-content\/uploads\/2025\/09\/51305_353cd0db0e85f17c45e00b2adccbb7cfba620b83dfcd408cbc79f5a99d60450bc062f570.jpeg","contentUrl":"https:\/\/www.koonings.com\/wp-content\/uploads\/2025\/09\/51305_353cd0db0e85f17c45e00b2adccbb7cfba620b83dfcd408cbc79f5a99d60450bc062f570.jpeg","width":1440,"height":1920},{"@type":"BreadcrumbList","@id":"https:\/\/www.koonings.com\/fr\/product\/rebecca-ingram-nova-25rs939a01\/#breadcrumb","itemListElement":[{"@type":"ListItem","position":1,"name":"Home","item":"https:\/\/www.koonings.com\/fr\/"},{"@type":"ListItem","position":2,"name":"Rebecca Ingram Nova 25RS939A01"}]},{"@type":"WebSite","@id":"https:\/\/www.koonings.com\/fr\/#website","url":"https:\/\/www.koonings.com\/fr\/","name":"Koonings","description":"De grootste bruidsmodewinkel ter wereld","publisher":{"@id":"https:\/\/www.koonings.com\/fr\/#organization"},"potentialAction":[{"@type":"SearchAction","target":{"@type":"EntryPoint","urlTemplate":"https:\/\/www.koonings.com\/fr\/?s={search_term_string}"},"query-input":{"@type":"PropertyValueSpecification","valueRequired":true,"valueName":"search_term_string"}}],"inLanguage":"fr-FR"},{"@type":"Organization","@id":"https:\/\/www.koonings.com\/fr\/#organization","name":"Koonings","url":"https:\/\/www.koonings.com\/fr\/","logo":{"@type":"ImageObject","inLanguage":"fr-FR","@id":"https:\/\/www.koonings.com\/fr\/#\/schema\/logo\/image\/","url":"https:\/\/www.koonings.com\/wp-content\/uploads\/2024\/07\/logo.png","contentUrl":"https:\/\/www.koonings.com\/wp-content\/uploads\/2024\/07\/logo.png","width":600,"height":428,"caption":"Koonings"},"image":{"@id":"https:\/\/www.koonings.com\/fr\/#\/schema\/logo\/image\/"},"sameAs":["https:\/\/www.facebook.com\/kooningstheweddingpalace","https:\/\/www.instagram.com\/kooningstheweddingpalace","https:\/\/www.pinterest.com\/koonings","https:\/\/www.youtube.com\/kooningstheweddingpalace"]}]}},"_links":{"self":[{"href":"https:\/\/www.koonings.com\/fr\/wp-json\/wp\/v2\/product\/93912","targetHints":{"allow":["GET"]}}],"collection":[{"href":"https:\/\/www.koonings.com\/fr\/wp-json\/wp\/v2\/product"}],"about":[{"href":"https:\/\/www.koonings.com\/fr\/wp-json\/wp\/v2\/types\/product"}],"wp:featuredmedia":[{"embeddable":true,"href":"https:\/\/www.koonings.com\/fr\/wp-json\/wp\/v2\/media\/93025"}],"wp:attachment":[{"href":"https:\/\/www.koonings.com\/fr\/wp-json\/wp\/v2\/media?parent=93912"}],"wp:term":[{"taxonomy":"productdetails","embeddable":true,"href":"https:\/\/www.koonings.com\/fr\/wp-json\/wp\/v2\/productdetails?post=93912"},{"taxonomy":"productneck","embeddable":true,"href":"https:\/\/www.koonings.com\/fr\/wp-json\/wp\/v2\/productneck?post=93912"},{"taxonomy":"productcolor","embeddable":true,"href":"https:\/\/www.koonings.com\/fr\/wp-json\/wp\/v2\/productcolor?post=93912"},{"taxonomy":"maat","embeddable":true,"href":"https:\/\/www.koonings.com\/fr\/wp-json\/wp\/v2\/maat?post=93912"},{"taxonomy":"productsupplier","embeddable":true,"href":"https:\/\/www.koonings.com\/fr\/wp-json\/wp\/v2\/productsupplier?post=93912"},{"taxonomy":"productsleeve","embeddable":true,"href":"https:\/\/www.koonings.com\/fr\/wp-json\/wp\/v2\/productsleeve?post=93912"},{"taxonomy":"productcategory","embeddable":true,"href":"https:\/\/www.koonings.com\/fr\/wp-json\/wp\/v2\/productcategory?post=93912"},{"taxonomy":"productsilhouette","embeddable":true,"href":"https:\/\/www.koonings.com\/fr\/wp-json\/wp\/v2\/productsilhouette?post=93912"},{"taxonomy":"productstyle","embeddable":true,"href":"https:\/\/www.koonings.com\/fr\/wp-json\/wp\/v2\/productstyle?post=93912"}],"curies":[{"name":"wp","href":"https:\/\/api.w.org\/{rel}","templated":true}]}}