{"id":93904,"date":"2026-05-06T15:40:41","date_gmt":"2026-05-06T13:40:41","guid":{"rendered":"https:\/\/www.koonings.com\/product\/azuree-bridal-alexandra-426-0111\/"},"modified":"2026-02-17T12:56:37","modified_gmt":"2026-02-17T11:56:37","slug":"azuree-bridal-alexandra-426-0111","status":"publish","type":"product","link":"https:\/\/www.koonings.com\/fr\/product\/azuree-bridal-alexandra-426-0111\/","title":{"rendered":"Azuree Bridal Alexandra 426.0111"},"content":{"rendered":"<p>La robe de mari\u00e9e Alexandra est id\u00e9ale pour les mari\u00e9es \u00e0 la recherche de sophistication et d&#8217;un look moderne. La robe a un d\u00e9collet\u00e9 plongeant avec des bretelles spaghetti perl\u00e9es qui cr\u00e9ent un look sensuel et \u00e9l\u00e9gant. Les appliques de dentelle sur le corsage conf\u00e8rent \u00e0 la robe une touche romantique, tandis que le d\u00e9collet\u00e9 profond ajoute une touche de modernit\u00e9. Cette robe est con\u00e7ue pour les mari\u00e9es qui aiment un look \u00e0 la fois \u00e9l\u00e9gant et romantique. La jupe en mousseline de soie tombe joliment et est con\u00e7ue pour \u00eatre l\u00e9g\u00e8re et a\u00e9r\u00e9e, ce qui rend chaque mouvement gracieux. Le dos en forme de trou de serrure ajoute du d\u00e9tail au dos de la robe, cr\u00e9ant un look impressionnant sous tous les angles. La robe Alexandra est parfaite pour les mari\u00e9es qui recherchent une robe \u00e0 la fois sophistiqu\u00e9e et glamour.      <\/p>\n","protected":false},"featured_media":92362,"template":"","meta":{"_acf_changed":false,"ghostkit_customizer_options":"","ghostkit_custom_css":"","ghostkit_custom_js_head":"","ghostkit_custom_js_foot":"","ghostkit_typography":""},"productdetails":[376],"productneck":[356],"productcolor":[393,392],"maat":[],"productsupplier":[533],"productsleeve":[359],"productcategory":[18],"productsilhouette":[384,389],"productstyle":[365,371],"class_list":["post-93904","product","type-product","status-publish","has-post-thumbnail","hentry","productdetails-376","productneck-356","productcolor-393","productcolor-392","productsupplier-azuree-bridal","productsleeve-359","productcategory-trouwjurken","productsilhouette-384","productsilhouette-389","productstyle-365","productstyle-371"],"acf":[],"yoast_head":"<!-- This site is optimized with the Yoast SEO plugin v27.3 - https:\/\/yoast.com\/product\/yoast-seo-wordpress\/ -->\n<title>Azuree Bridal Alexandra 426.0111 | Koonings<\/title>\n<meta name=\"description\" content=\"La robe de mari\u00e9e Alexandra est id\u00e9ale pour les mari\u00e9es \u00e0 la recherche de sophistication et d&#039;un look moderne. La robe a un d\u00e9collet\u00e9 plongeant avec des bretelles spaghetti perl\u00e9es qui cr\u00e9ent un look sensuel et \u00e9l\u00e9gant. Les appliques de dentelle sur le corsage conf\u00e8rent \u00e0 la robe une touche romantique, tandis que le d\u00e9collet\u00e9 profond ajoute une touche de modernit\u00e9. Cette robe est con\u00e7ue pour les mari\u00e9es qui aiment un look \u00e0 la fois \u00e9l\u00e9gant et romantique. La jupe en mousseline de soie tombe joliment et est con\u00e7ue pour \u00eatre l\u00e9g\u00e8re et a\u00e9r\u00e9e, ce qui rend chaque mouvement gracieux. Le dos en forme de trou de serrure ajoute du d\u00e9tail au dos de la robe, cr\u00e9ant un look impressionnant sous tous les angles. La robe Alexandra est parfaite pour les mari\u00e9es qui recherchent une robe \u00e0 la fois sophistiqu\u00e9e et glamour.\" \/>\n<meta name=\"robots\" content=\"index, follow, max-snippet:-1, max-image-preview:large, max-video-preview:-1\" \/>\n<link rel=\"canonical\" href=\"https:\/\/www.koonings.com\/fr\/product\/azuree-bridal-alexandra-426-0111\/\" \/>\n<meta property=\"og:locale\" content=\"fr_FR\" \/>\n<meta property=\"og:type\" content=\"article\" \/>\n<meta property=\"og:title\" content=\"Azuree Bridal Alexandra 426.0111 | Koonings\" \/>\n<meta property=\"og:description\" content=\"La robe de mari\u00e9e Alexandra est id\u00e9ale pour les mari\u00e9es \u00e0 la recherche de sophistication et d&#039;un look moderne. La robe a un d\u00e9collet\u00e9 plongeant avec des bretelles spaghetti perl\u00e9es qui cr\u00e9ent un look sensuel et \u00e9l\u00e9gant. Les appliques de dentelle sur le corsage conf\u00e8rent \u00e0 la robe une touche romantique, tandis que le d\u00e9collet\u00e9 profond ajoute une touche de modernit\u00e9. Cette robe est con\u00e7ue pour les mari\u00e9es qui aiment un look \u00e0 la fois \u00e9l\u00e9gant et romantique. La jupe en mousseline de soie tombe joliment et est con\u00e7ue pour \u00eatre l\u00e9g\u00e8re et a\u00e9r\u00e9e, ce qui rend chaque mouvement gracieux. Le dos en forme de trou de serrure ajoute du d\u00e9tail au dos de la robe, cr\u00e9ant un look impressionnant sous tous les angles. La robe Alexandra est parfaite pour les mari\u00e9es qui recherchent une robe \u00e0 la fois sophistiqu\u00e9e et glamour.\" \/>\n<meta property=\"og:url\" content=\"https:\/\/www.koonings.com\/fr\/product\/azuree-bridal-alexandra-426-0111\/\" \/>\n<meta property=\"og:site_name\" content=\"Koonings\" \/>\n<meta property=\"article:publisher\" content=\"https:\/\/www.facebook.com\/kooningstheweddingpalace\" \/>\n<meta property=\"og:image\" content=\"https:\/\/www.koonings.com\/wp-content\/uploads\/2025\/09\/51469_57ebd8b050f6eae64cc7370e85d87fdf9a2a6641c6a7619eba505e662f2c1831a13a8006.jpeg\" \/>\n\t<meta property=\"og:image:width\" content=\"1708\" \/>\n\t<meta property=\"og:image:height\" content=\"2485\" \/>\n\t<meta property=\"og:image:type\" content=\"image\/jpeg\" \/>\n<meta name=\"twitter:card\" content=\"summary_large_image\" \/>\n<meta name=\"twitter:label1\" content=\"Dur\u00e9e de lecture estim\u00e9e\" \/>\n\t<meta name=\"twitter:data1\" content=\"1 minute\" \/>\n<script type=\"application\/ld+json\" class=\"yoast-schema-graph\">{\"@context\":\"https:\\\/\\\/schema.org\",\"@graph\":[{\"@type\":\"WebPage\",\"@id\":\"https:\\\/\\\/www.koonings.com\\\/fr\\\/product\\\/azuree-bridal-alexandra-426-0111\\\/\",\"url\":\"https:\\\/\\\/www.koonings.com\\\/fr\\\/product\\\/azuree-bridal-alexandra-426-0111\\\/\",\"name\":\"Azuree Bridal Alexandra 426.0111 | Koonings\",\"isPartOf\":{\"@id\":\"https:\\\/\\\/www.koonings.com\\\/fr\\\/#website\"},\"primaryImageOfPage\":{\"@id\":\"https:\\\/\\\/www.koonings.com\\\/fr\\\/product\\\/azuree-bridal-alexandra-426-0111\\\/#primaryimage\"},\"image\":{\"@id\":\"https:\\\/\\\/www.koonings.com\\\/fr\\\/product\\\/azuree-bridal-alexandra-426-0111\\\/#primaryimage\"},\"thumbnailUrl\":\"https:\\\/\\\/www.koonings.com\\\/wp-content\\\/uploads\\\/2025\\\/09\\\/51469_57ebd8b050f6eae64cc7370e85d87fdf9a2a6641c6a7619eba505e662f2c1831a13a8006.jpeg\",\"datePublished\":\"2026-05-06T13:40:41+00:00\",\"description\":\"La robe de mari\u00e9e Alexandra est id\u00e9ale pour les mari\u00e9es \u00e0 la recherche de sophistication et d'un look moderne. La robe a un d\u00e9collet\u00e9 plongeant avec des bretelles spaghetti perl\u00e9es qui cr\u00e9ent un look sensuel et \u00e9l\u00e9gant. Les appliques de dentelle sur le corsage conf\u00e8rent \u00e0 la robe une touche romantique, tandis que le d\u00e9collet\u00e9 profond ajoute une touche de modernit\u00e9. Cette robe est con\u00e7ue pour les mari\u00e9es qui aiment un look \u00e0 la fois \u00e9l\u00e9gant et romantique. La jupe en mousseline de soie tombe joliment et est con\u00e7ue pour \u00eatre l\u00e9g\u00e8re et a\u00e9r\u00e9e, ce qui rend chaque mouvement gracieux. Le dos en forme de trou de serrure ajoute du d\u00e9tail au dos de la robe, cr\u00e9ant un look impressionnant sous tous les angles. La robe Alexandra est parfaite pour les mari\u00e9es qui recherchent une robe \u00e0 la fois sophistiqu\u00e9e et glamour.\",\"breadcrumb\":{\"@id\":\"https:\\\/\\\/www.koonings.com\\\/fr\\\/product\\\/azuree-bridal-alexandra-426-0111\\\/#breadcrumb\"},\"inLanguage\":\"fr-FR\",\"potentialAction\":[{\"@type\":\"ReadAction\",\"target\":[\"https:\\\/\\\/www.koonings.com\\\/fr\\\/product\\\/azuree-bridal-alexandra-426-0111\\\/\"]}]},{\"@type\":\"ImageObject\",\"inLanguage\":\"fr-FR\",\"@id\":\"https:\\\/\\\/www.koonings.com\\\/fr\\\/product\\\/azuree-bridal-alexandra-426-0111\\\/#primaryimage\",\"url\":\"https:\\\/\\\/www.koonings.com\\\/wp-content\\\/uploads\\\/2025\\\/09\\\/51469_57ebd8b050f6eae64cc7370e85d87fdf9a2a6641c6a7619eba505e662f2c1831a13a8006.jpeg\",\"contentUrl\":\"https:\\\/\\\/www.koonings.com\\\/wp-content\\\/uploads\\\/2025\\\/09\\\/51469_57ebd8b050f6eae64cc7370e85d87fdf9a2a6641c6a7619eba505e662f2c1831a13a8006.jpeg\",\"width\":1708,\"height\":2485},{\"@type\":\"BreadcrumbList\",\"@id\":\"https:\\\/\\\/www.koonings.com\\\/fr\\\/product\\\/azuree-bridal-alexandra-426-0111\\\/#breadcrumb\",\"itemListElement\":[{\"@type\":\"ListItem\",\"position\":1,\"name\":\"Home\",\"item\":\"https:\\\/\\\/www.koonings.com\\\/fr\\\/\"},{\"@type\":\"ListItem\",\"position\":2,\"name\":\"Azuree Bridal Alexandra 426.0111\"}]},{\"@type\":\"WebSite\",\"@id\":\"https:\\\/\\\/www.koonings.com\\\/fr\\\/#website\",\"url\":\"https:\\\/\\\/www.koonings.com\\\/fr\\\/\",\"name\":\"Koonings\",\"description\":\"De grootste bruidsmodewinkel ter wereld\",\"publisher\":{\"@id\":\"https:\\\/\\\/www.koonings.com\\\/fr\\\/#organization\"},\"potentialAction\":[{\"@type\":\"SearchAction\",\"target\":{\"@type\":\"EntryPoint\",\"urlTemplate\":\"https:\\\/\\\/www.koonings.com\\\/fr\\\/?s={search_term_string}\"},\"query-input\":{\"@type\":\"PropertyValueSpecification\",\"valueRequired\":true,\"valueName\":\"search_term_string\"}}],\"inLanguage\":\"fr-FR\"},{\"@type\":\"Organization\",\"@id\":\"https:\\\/\\\/www.koonings.com\\\/fr\\\/#organization\",\"name\":\"Koonings\",\"url\":\"https:\\\/\\\/www.koonings.com\\\/fr\\\/\",\"logo\":{\"@type\":\"ImageObject\",\"inLanguage\":\"fr-FR\",\"@id\":\"https:\\\/\\\/www.koonings.com\\\/fr\\\/#\\\/schema\\\/logo\\\/image\\\/\",\"url\":\"https:\\\/\\\/www.koonings.com\\\/wp-content\\\/uploads\\\/2024\\\/07\\\/logo.png\",\"contentUrl\":\"https:\\\/\\\/www.koonings.com\\\/wp-content\\\/uploads\\\/2024\\\/07\\\/logo.png\",\"width\":600,\"height\":428,\"caption\":\"Koonings\"},\"image\":{\"@id\":\"https:\\\/\\\/www.koonings.com\\\/fr\\\/#\\\/schema\\\/logo\\\/image\\\/\"},\"sameAs\":[\"https:\\\/\\\/www.facebook.com\\\/kooningstheweddingpalace\",\"https:\\\/\\\/www.instagram.com\\\/kooningstheweddingpalace\",\"https:\\\/\\\/www.pinterest.com\\\/koonings\",\"https:\\\/\\\/www.youtube.com\\\/kooningstheweddingpalace\"]}]}<\/script>\n<!-- \/ Yoast SEO plugin. -->","yoast_head_json":{"title":"Azuree Bridal Alexandra 426.0111 | Koonings","description":"La robe de mari\u00e9e Alexandra est id\u00e9ale pour les mari\u00e9es \u00e0 la recherche de sophistication et d'un look moderne. La robe a un d\u00e9collet\u00e9 plongeant avec des bretelles spaghetti perl\u00e9es qui cr\u00e9ent un look sensuel et \u00e9l\u00e9gant. Les appliques de dentelle sur le corsage conf\u00e8rent \u00e0 la robe une touche romantique, tandis que le d\u00e9collet\u00e9 profond ajoute une touche de modernit\u00e9. Cette robe est con\u00e7ue pour les mari\u00e9es qui aiment un look \u00e0 la fois \u00e9l\u00e9gant et romantique. La jupe en mousseline de soie tombe joliment et est con\u00e7ue pour \u00eatre l\u00e9g\u00e8re et a\u00e9r\u00e9e, ce qui rend chaque mouvement gracieux. Le dos en forme de trou de serrure ajoute du d\u00e9tail au dos de la robe, cr\u00e9ant un look impressionnant sous tous les angles. La robe Alexandra est parfaite pour les mari\u00e9es qui recherchent une robe \u00e0 la fois sophistiqu\u00e9e et glamour.","robots":{"index":"index","follow":"follow","max-snippet":"max-snippet:-1","max-image-preview":"max-image-preview:large","max-video-preview":"max-video-preview:-1"},"canonical":"https:\/\/www.koonings.com\/fr\/product\/azuree-bridal-alexandra-426-0111\/","og_locale":"fr_FR","og_type":"article","og_title":"Azuree Bridal Alexandra 426.0111 | Koonings","og_description":"La robe de mari\u00e9e Alexandra est id\u00e9ale pour les mari\u00e9es \u00e0 la recherche de sophistication et d'un look moderne. La robe a un d\u00e9collet\u00e9 plongeant avec des bretelles spaghetti perl\u00e9es qui cr\u00e9ent un look sensuel et \u00e9l\u00e9gant. Les appliques de dentelle sur le corsage conf\u00e8rent \u00e0 la robe une touche romantique, tandis que le d\u00e9collet\u00e9 profond ajoute une touche de modernit\u00e9. Cette robe est con\u00e7ue pour les mari\u00e9es qui aiment un look \u00e0 la fois \u00e9l\u00e9gant et romantique. La jupe en mousseline de soie tombe joliment et est con\u00e7ue pour \u00eatre l\u00e9g\u00e8re et a\u00e9r\u00e9e, ce qui rend chaque mouvement gracieux. Le dos en forme de trou de serrure ajoute du d\u00e9tail au dos de la robe, cr\u00e9ant un look impressionnant sous tous les angles. La robe Alexandra est parfaite pour les mari\u00e9es qui recherchent une robe \u00e0 la fois sophistiqu\u00e9e et glamour.","og_url":"https:\/\/www.koonings.com\/fr\/product\/azuree-bridal-alexandra-426-0111\/","og_site_name":"Koonings","article_publisher":"https:\/\/www.facebook.com\/kooningstheweddingpalace","og_image":[{"width":1708,"height":2485,"url":"https:\/\/www.koonings.com\/wp-content\/uploads\/2025\/09\/51469_57ebd8b050f6eae64cc7370e85d87fdf9a2a6641c6a7619eba505e662f2c1831a13a8006.jpeg","type":"image\/jpeg"}],"twitter_card":"summary_large_image","twitter_misc":{"Dur\u00e9e de lecture estim\u00e9e":"1 minute"},"schema":{"@context":"https:\/\/schema.org","@graph":[{"@type":"WebPage","@id":"https:\/\/www.koonings.com\/fr\/product\/azuree-bridal-alexandra-426-0111\/","url":"https:\/\/www.koonings.com\/fr\/product\/azuree-bridal-alexandra-426-0111\/","name":"Azuree Bridal Alexandra 426.0111 | Koonings","isPartOf":{"@id":"https:\/\/www.koonings.com\/fr\/#website"},"primaryImageOfPage":{"@id":"https:\/\/www.koonings.com\/fr\/product\/azuree-bridal-alexandra-426-0111\/#primaryimage"},"image":{"@id":"https:\/\/www.koonings.com\/fr\/product\/azuree-bridal-alexandra-426-0111\/#primaryimage"},"thumbnailUrl":"https:\/\/www.koonings.com\/wp-content\/uploads\/2025\/09\/51469_57ebd8b050f6eae64cc7370e85d87fdf9a2a6641c6a7619eba505e662f2c1831a13a8006.jpeg","datePublished":"2026-05-06T13:40:41+00:00","description":"La robe de mari\u00e9e Alexandra est id\u00e9ale pour les mari\u00e9es \u00e0 la recherche de sophistication et d'un look moderne. La robe a un d\u00e9collet\u00e9 plongeant avec des bretelles spaghetti perl\u00e9es qui cr\u00e9ent un look sensuel et \u00e9l\u00e9gant. Les appliques de dentelle sur le corsage conf\u00e8rent \u00e0 la robe une touche romantique, tandis que le d\u00e9collet\u00e9 profond ajoute une touche de modernit\u00e9. Cette robe est con\u00e7ue pour les mari\u00e9es qui aiment un look \u00e0 la fois \u00e9l\u00e9gant et romantique. La jupe en mousseline de soie tombe joliment et est con\u00e7ue pour \u00eatre l\u00e9g\u00e8re et a\u00e9r\u00e9e, ce qui rend chaque mouvement gracieux. Le dos en forme de trou de serrure ajoute du d\u00e9tail au dos de la robe, cr\u00e9ant un look impressionnant sous tous les angles. La robe Alexandra est parfaite pour les mari\u00e9es qui recherchent une robe \u00e0 la fois sophistiqu\u00e9e et glamour.","breadcrumb":{"@id":"https:\/\/www.koonings.com\/fr\/product\/azuree-bridal-alexandra-426-0111\/#breadcrumb"},"inLanguage":"fr-FR","potentialAction":[{"@type":"ReadAction","target":["https:\/\/www.koonings.com\/fr\/product\/azuree-bridal-alexandra-426-0111\/"]}]},{"@type":"ImageObject","inLanguage":"fr-FR","@id":"https:\/\/www.koonings.com\/fr\/product\/azuree-bridal-alexandra-426-0111\/#primaryimage","url":"https:\/\/www.koonings.com\/wp-content\/uploads\/2025\/09\/51469_57ebd8b050f6eae64cc7370e85d87fdf9a2a6641c6a7619eba505e662f2c1831a13a8006.jpeg","contentUrl":"https:\/\/www.koonings.com\/wp-content\/uploads\/2025\/09\/51469_57ebd8b050f6eae64cc7370e85d87fdf9a2a6641c6a7619eba505e662f2c1831a13a8006.jpeg","width":1708,"height":2485},{"@type":"BreadcrumbList","@id":"https:\/\/www.koonings.com\/fr\/product\/azuree-bridal-alexandra-426-0111\/#breadcrumb","itemListElement":[{"@type":"ListItem","position":1,"name":"Home","item":"https:\/\/www.koonings.com\/fr\/"},{"@type":"ListItem","position":2,"name":"Azuree Bridal Alexandra 426.0111"}]},{"@type":"WebSite","@id":"https:\/\/www.koonings.com\/fr\/#website","url":"https:\/\/www.koonings.com\/fr\/","name":"Koonings","description":"De grootste bruidsmodewinkel ter wereld","publisher":{"@id":"https:\/\/www.koonings.com\/fr\/#organization"},"potentialAction":[{"@type":"SearchAction","target":{"@type":"EntryPoint","urlTemplate":"https:\/\/www.koonings.com\/fr\/?s={search_term_string}"},"query-input":{"@type":"PropertyValueSpecification","valueRequired":true,"valueName":"search_term_string"}}],"inLanguage":"fr-FR"},{"@type":"Organization","@id":"https:\/\/www.koonings.com\/fr\/#organization","name":"Koonings","url":"https:\/\/www.koonings.com\/fr\/","logo":{"@type":"ImageObject","inLanguage":"fr-FR","@id":"https:\/\/www.koonings.com\/fr\/#\/schema\/logo\/image\/","url":"https:\/\/www.koonings.com\/wp-content\/uploads\/2024\/07\/logo.png","contentUrl":"https:\/\/www.koonings.com\/wp-content\/uploads\/2024\/07\/logo.png","width":600,"height":428,"caption":"Koonings"},"image":{"@id":"https:\/\/www.koonings.com\/fr\/#\/schema\/logo\/image\/"},"sameAs":["https:\/\/www.facebook.com\/kooningstheweddingpalace","https:\/\/www.instagram.com\/kooningstheweddingpalace","https:\/\/www.pinterest.com\/koonings","https:\/\/www.youtube.com\/kooningstheweddingpalace"]}]}},"_links":{"self":[{"href":"https:\/\/www.koonings.com\/fr\/wp-json\/wp\/v2\/product\/93904","targetHints":{"allow":["GET"]}}],"collection":[{"href":"https:\/\/www.koonings.com\/fr\/wp-json\/wp\/v2\/product"}],"about":[{"href":"https:\/\/www.koonings.com\/fr\/wp-json\/wp\/v2\/types\/product"}],"wp:featuredmedia":[{"embeddable":true,"href":"https:\/\/www.koonings.com\/fr\/wp-json\/wp\/v2\/media\/92362"}],"wp:attachment":[{"href":"https:\/\/www.koonings.com\/fr\/wp-json\/wp\/v2\/media?parent=93904"}],"wp:term":[{"taxonomy":"productdetails","embeddable":true,"href":"https:\/\/www.koonings.com\/fr\/wp-json\/wp\/v2\/productdetails?post=93904"},{"taxonomy":"productneck","embeddable":true,"href":"https:\/\/www.koonings.com\/fr\/wp-json\/wp\/v2\/productneck?post=93904"},{"taxonomy":"productcolor","embeddable":true,"href":"https:\/\/www.koonings.com\/fr\/wp-json\/wp\/v2\/productcolor?post=93904"},{"taxonomy":"maat","embeddable":true,"href":"https:\/\/www.koonings.com\/fr\/wp-json\/wp\/v2\/maat?post=93904"},{"taxonomy":"productsupplier","embeddable":true,"href":"https:\/\/www.koonings.com\/fr\/wp-json\/wp\/v2\/productsupplier?post=93904"},{"taxonomy":"productsleeve","embeddable":true,"href":"https:\/\/www.koonings.com\/fr\/wp-json\/wp\/v2\/productsleeve?post=93904"},{"taxonomy":"productcategory","embeddable":true,"href":"https:\/\/www.koonings.com\/fr\/wp-json\/wp\/v2\/productcategory?post=93904"},{"taxonomy":"productsilhouette","embeddable":true,"href":"https:\/\/www.koonings.com\/fr\/wp-json\/wp\/v2\/productsilhouette?post=93904"},{"taxonomy":"productstyle","embeddable":true,"href":"https:\/\/www.koonings.com\/fr\/wp-json\/wp\/v2\/productstyle?post=93904"}],"curies":[{"name":"wp","href":"https:\/\/api.w.org\/{rel}","templated":true}]}}