{"id":93892,"date":"2026-04-28T18:40:27","date_gmt":"2026-04-28T16:40:27","guid":{"rendered":"https:\/\/www.koonings.com\/product\/azuree-bridal-abby-426-0011\/"},"modified":"2026-02-17T12:52:45","modified_gmt":"2026-02-17T11:52:45","slug":"azuree-bridal-abby-426-0011","status":"publish","type":"product","link":"https:\/\/www.koonings.com\/fr\/product\/azuree-bridal-abby-426-0011\/","title":{"rendered":"Azuree Bridal Abby 426.0011"},"content":{"rendered":"<p>La robe de mari\u00e9e Abby est une d\u00e9claration pour la mari\u00e9e qui veut se d\u00e9marquer. Cette robe combine un d\u00e9collet\u00e9 plongeant sans bretelles avec un magnifique corsage en dentelle et des manches amovibles pour un look polyvalent. La jupe en cr\u00eape \u00e9pouse parfaitement le corps et se termine par une magnifique tra\u00eene illusion qui ajoute une touche de romantisme. La combinaison de la dentelle d\u00e9licate et des lignes modernes et \u00e9pur\u00e9es rend cette robe parfaite pour les mari\u00e9es s\u00fbres d&#8217;elles qui recherchent quelque chose de sp\u00e9cial. Abby offre un m\u00e9lange id\u00e9al d&#8217;\u00e9l\u00e9gance et de drame qui fera sans aucun doute une impression inoubliable le jour de votre mariage.    <\/p>\n","protected":false},"featured_media":92286,"template":"","meta":{"_acf_changed":false,"ghostkit_customizer_options":"","ghostkit_custom_css":"","ghostkit_custom_js_head":"","ghostkit_custom_js_foot":"","ghostkit_typography":""},"productdetails":[376],"productneck":[354],"productcolor":[393,392],"maat":[],"productsupplier":[533],"productsleeve":[357,362],"productcategory":[18],"productsilhouette":[389],"productstyle":[371,366],"class_list":["post-93892","product","type-product","status-publish","has-post-thumbnail","hentry","productdetails-376","productneck-354","productcolor-393","productcolor-392","productsupplier-azuree-bridal","productsleeve-357","productsleeve-362","productcategory-trouwjurken","productsilhouette-389","productstyle-371","productstyle-366"],"acf":[],"yoast_head":"<!-- This site is optimized with the Yoast SEO plugin v27.3 - https:\/\/yoast.com\/product\/yoast-seo-wordpress\/ -->\n<title>Azuree Bridal Abby 426.0011 | Koonings<\/title>\n<meta name=\"description\" content=\"La robe de mari\u00e9e Abby est une d\u00e9claration pour la mari\u00e9e qui veut se d\u00e9marquer. Cette robe combine un d\u00e9collet\u00e9 plongeant sans bretelles avec un magnifique corsage en dentelle et des manches amovibles pour un look polyvalent. La jupe en cr\u00eape \u00e9pouse parfaitement le corps et se termine par une magnifique tra\u00eene illusion qui ajoute une touche de romantisme. La combinaison de la dentelle d\u00e9licate et des lignes modernes et \u00e9pur\u00e9es rend cette robe parfaite pour les mari\u00e9es s\u00fbres d&#039;elles qui recherchent quelque chose de sp\u00e9cial. Abby offre un m\u00e9lange id\u00e9al d&#039;\u00e9l\u00e9gance et de drame qui fera sans aucun doute une impression inoubliable le jour de votre mariage.\" \/>\n<meta name=\"robots\" content=\"index, follow, max-snippet:-1, max-image-preview:large, max-video-preview:-1\" \/>\n<link rel=\"canonical\" href=\"https:\/\/www.koonings.com\/fr\/product\/azuree-bridal-abby-426-0011\/\" \/>\n<meta property=\"og:locale\" content=\"fr_FR\" \/>\n<meta property=\"og:type\" content=\"article\" \/>\n<meta property=\"og:title\" content=\"Azuree Bridal Abby 426.0011 | Koonings\" \/>\n<meta property=\"og:description\" content=\"La robe de mari\u00e9e Abby est une d\u00e9claration pour la mari\u00e9e qui veut se d\u00e9marquer. Cette robe combine un d\u00e9collet\u00e9 plongeant sans bretelles avec un magnifique corsage en dentelle et des manches amovibles pour un look polyvalent. La jupe en cr\u00eape \u00e9pouse parfaitement le corps et se termine par une magnifique tra\u00eene illusion qui ajoute une touche de romantisme. La combinaison de la dentelle d\u00e9licate et des lignes modernes et \u00e9pur\u00e9es rend cette robe parfaite pour les mari\u00e9es s\u00fbres d&#039;elles qui recherchent quelque chose de sp\u00e9cial. Abby offre un m\u00e9lange id\u00e9al d&#039;\u00e9l\u00e9gance et de drame qui fera sans aucun doute une impression inoubliable le jour de votre mariage.\" \/>\n<meta property=\"og:url\" content=\"https:\/\/www.koonings.com\/fr\/product\/azuree-bridal-abby-426-0011\/\" \/>\n<meta property=\"og:site_name\" content=\"Koonings\" \/>\n<meta property=\"article:publisher\" content=\"https:\/\/www.facebook.com\/kooningstheweddingpalace\" \/>\n<meta property=\"og:image\" content=\"https:\/\/www.koonings.com\/wp-content\/uploads\/2025\/09\/51460_840878a3c31d50c30d270df4ae16a61844befb59d3b82ce3fc278e0f41bd95e9273e637f.jpeg\" \/>\n\t<meta property=\"og:image:width\" content=\"1467\" \/>\n\t<meta property=\"og:image:height\" content=\"2073\" \/>\n\t<meta property=\"og:image:type\" content=\"image\/jpeg\" \/>\n<meta name=\"twitter:card\" content=\"summary_large_image\" \/>\n<meta name=\"twitter:label1\" content=\"Dur\u00e9e de lecture estim\u00e9e\" \/>\n\t<meta name=\"twitter:data1\" content=\"1 minute\" \/>\n<script type=\"application\/ld+json\" class=\"yoast-schema-graph\">{\"@context\":\"https:\\\/\\\/schema.org\",\"@graph\":[{\"@type\":\"WebPage\",\"@id\":\"https:\\\/\\\/www.koonings.com\\\/fr\\\/product\\\/azuree-bridal-abby-426-0011\\\/\",\"url\":\"https:\\\/\\\/www.koonings.com\\\/fr\\\/product\\\/azuree-bridal-abby-426-0011\\\/\",\"name\":\"Azuree Bridal Abby 426.0011 | Koonings\",\"isPartOf\":{\"@id\":\"https:\\\/\\\/www.koonings.com\\\/fr\\\/#website\"},\"primaryImageOfPage\":{\"@id\":\"https:\\\/\\\/www.koonings.com\\\/fr\\\/product\\\/azuree-bridal-abby-426-0011\\\/#primaryimage\"},\"image\":{\"@id\":\"https:\\\/\\\/www.koonings.com\\\/fr\\\/product\\\/azuree-bridal-abby-426-0011\\\/#primaryimage\"},\"thumbnailUrl\":\"https:\\\/\\\/www.koonings.com\\\/wp-content\\\/uploads\\\/2025\\\/09\\\/51460_840878a3c31d50c30d270df4ae16a61844befb59d3b82ce3fc278e0f41bd95e9273e637f.jpeg\",\"datePublished\":\"2026-04-28T16:40:27+00:00\",\"description\":\"La robe de mari\u00e9e Abby est une d\u00e9claration pour la mari\u00e9e qui veut se d\u00e9marquer. Cette robe combine un d\u00e9collet\u00e9 plongeant sans bretelles avec un magnifique corsage en dentelle et des manches amovibles pour un look polyvalent. La jupe en cr\u00eape \u00e9pouse parfaitement le corps et se termine par une magnifique tra\u00eene illusion qui ajoute une touche de romantisme. La combinaison de la dentelle d\u00e9licate et des lignes modernes et \u00e9pur\u00e9es rend cette robe parfaite pour les mari\u00e9es s\u00fbres d'elles qui recherchent quelque chose de sp\u00e9cial. Abby offre un m\u00e9lange id\u00e9al d'\u00e9l\u00e9gance et de drame qui fera sans aucun doute une impression inoubliable le jour de votre mariage.\",\"breadcrumb\":{\"@id\":\"https:\\\/\\\/www.koonings.com\\\/fr\\\/product\\\/azuree-bridal-abby-426-0011\\\/#breadcrumb\"},\"inLanguage\":\"fr-FR\",\"potentialAction\":[{\"@type\":\"ReadAction\",\"target\":[\"https:\\\/\\\/www.koonings.com\\\/fr\\\/product\\\/azuree-bridal-abby-426-0011\\\/\"]}]},{\"@type\":\"ImageObject\",\"inLanguage\":\"fr-FR\",\"@id\":\"https:\\\/\\\/www.koonings.com\\\/fr\\\/product\\\/azuree-bridal-abby-426-0011\\\/#primaryimage\",\"url\":\"https:\\\/\\\/www.koonings.com\\\/wp-content\\\/uploads\\\/2025\\\/09\\\/51460_840878a3c31d50c30d270df4ae16a61844befb59d3b82ce3fc278e0f41bd95e9273e637f.jpeg\",\"contentUrl\":\"https:\\\/\\\/www.koonings.com\\\/wp-content\\\/uploads\\\/2025\\\/09\\\/51460_840878a3c31d50c30d270df4ae16a61844befb59d3b82ce3fc278e0f41bd95e9273e637f.jpeg\",\"width\":1467,\"height\":2073},{\"@type\":\"BreadcrumbList\",\"@id\":\"https:\\\/\\\/www.koonings.com\\\/fr\\\/product\\\/azuree-bridal-abby-426-0011\\\/#breadcrumb\",\"itemListElement\":[{\"@type\":\"ListItem\",\"position\":1,\"name\":\"Home\",\"item\":\"https:\\\/\\\/www.koonings.com\\\/fr\\\/\"},{\"@type\":\"ListItem\",\"position\":2,\"name\":\"Azuree Bridal Abby 426.0011\"}]},{\"@type\":\"WebSite\",\"@id\":\"https:\\\/\\\/www.koonings.com\\\/fr\\\/#website\",\"url\":\"https:\\\/\\\/www.koonings.com\\\/fr\\\/\",\"name\":\"Koonings\",\"description\":\"De grootste bruidsmodewinkel ter wereld\",\"publisher\":{\"@id\":\"https:\\\/\\\/www.koonings.com\\\/fr\\\/#organization\"},\"potentialAction\":[{\"@type\":\"SearchAction\",\"target\":{\"@type\":\"EntryPoint\",\"urlTemplate\":\"https:\\\/\\\/www.koonings.com\\\/fr\\\/?s={search_term_string}\"},\"query-input\":{\"@type\":\"PropertyValueSpecification\",\"valueRequired\":true,\"valueName\":\"search_term_string\"}}],\"inLanguage\":\"fr-FR\"},{\"@type\":\"Organization\",\"@id\":\"https:\\\/\\\/www.koonings.com\\\/fr\\\/#organization\",\"name\":\"Koonings\",\"url\":\"https:\\\/\\\/www.koonings.com\\\/fr\\\/\",\"logo\":{\"@type\":\"ImageObject\",\"inLanguage\":\"fr-FR\",\"@id\":\"https:\\\/\\\/www.koonings.com\\\/fr\\\/#\\\/schema\\\/logo\\\/image\\\/\",\"url\":\"https:\\\/\\\/www.koonings.com\\\/wp-content\\\/uploads\\\/2024\\\/07\\\/logo.png\",\"contentUrl\":\"https:\\\/\\\/www.koonings.com\\\/wp-content\\\/uploads\\\/2024\\\/07\\\/logo.png\",\"width\":600,\"height\":428,\"caption\":\"Koonings\"},\"image\":{\"@id\":\"https:\\\/\\\/www.koonings.com\\\/fr\\\/#\\\/schema\\\/logo\\\/image\\\/\"},\"sameAs\":[\"https:\\\/\\\/www.facebook.com\\\/kooningstheweddingpalace\",\"https:\\\/\\\/www.instagram.com\\\/kooningstheweddingpalace\",\"https:\\\/\\\/www.pinterest.com\\\/koonings\",\"https:\\\/\\\/www.youtube.com\\\/kooningstheweddingpalace\"]}]}<\/script>\n<!-- \/ Yoast SEO plugin. -->","yoast_head_json":{"title":"Azuree Bridal Abby 426.0011 | Koonings","description":"La robe de mari\u00e9e Abby est une d\u00e9claration pour la mari\u00e9e qui veut se d\u00e9marquer. Cette robe combine un d\u00e9collet\u00e9 plongeant sans bretelles avec un magnifique corsage en dentelle et des manches amovibles pour un look polyvalent. La jupe en cr\u00eape \u00e9pouse parfaitement le corps et se termine par une magnifique tra\u00eene illusion qui ajoute une touche de romantisme. La combinaison de la dentelle d\u00e9licate et des lignes modernes et \u00e9pur\u00e9es rend cette robe parfaite pour les mari\u00e9es s\u00fbres d'elles qui recherchent quelque chose de sp\u00e9cial. Abby offre un m\u00e9lange id\u00e9al d'\u00e9l\u00e9gance et de drame qui fera sans aucun doute une impression inoubliable le jour de votre mariage.","robots":{"index":"index","follow":"follow","max-snippet":"max-snippet:-1","max-image-preview":"max-image-preview:large","max-video-preview":"max-video-preview:-1"},"canonical":"https:\/\/www.koonings.com\/fr\/product\/azuree-bridal-abby-426-0011\/","og_locale":"fr_FR","og_type":"article","og_title":"Azuree Bridal Abby 426.0011 | Koonings","og_description":"La robe de mari\u00e9e Abby est une d\u00e9claration pour la mari\u00e9e qui veut se d\u00e9marquer. Cette robe combine un d\u00e9collet\u00e9 plongeant sans bretelles avec un magnifique corsage en dentelle et des manches amovibles pour un look polyvalent. La jupe en cr\u00eape \u00e9pouse parfaitement le corps et se termine par une magnifique tra\u00eene illusion qui ajoute une touche de romantisme. La combinaison de la dentelle d\u00e9licate et des lignes modernes et \u00e9pur\u00e9es rend cette robe parfaite pour les mari\u00e9es s\u00fbres d'elles qui recherchent quelque chose de sp\u00e9cial. Abby offre un m\u00e9lange id\u00e9al d'\u00e9l\u00e9gance et de drame qui fera sans aucun doute une impression inoubliable le jour de votre mariage.","og_url":"https:\/\/www.koonings.com\/fr\/product\/azuree-bridal-abby-426-0011\/","og_site_name":"Koonings","article_publisher":"https:\/\/www.facebook.com\/kooningstheweddingpalace","og_image":[{"width":1467,"height":2073,"url":"https:\/\/www.koonings.com\/wp-content\/uploads\/2025\/09\/51460_840878a3c31d50c30d270df4ae16a61844befb59d3b82ce3fc278e0f41bd95e9273e637f.jpeg","type":"image\/jpeg"}],"twitter_card":"summary_large_image","twitter_misc":{"Dur\u00e9e de lecture estim\u00e9e":"1 minute"},"schema":{"@context":"https:\/\/schema.org","@graph":[{"@type":"WebPage","@id":"https:\/\/www.koonings.com\/fr\/product\/azuree-bridal-abby-426-0011\/","url":"https:\/\/www.koonings.com\/fr\/product\/azuree-bridal-abby-426-0011\/","name":"Azuree Bridal Abby 426.0011 | Koonings","isPartOf":{"@id":"https:\/\/www.koonings.com\/fr\/#website"},"primaryImageOfPage":{"@id":"https:\/\/www.koonings.com\/fr\/product\/azuree-bridal-abby-426-0011\/#primaryimage"},"image":{"@id":"https:\/\/www.koonings.com\/fr\/product\/azuree-bridal-abby-426-0011\/#primaryimage"},"thumbnailUrl":"https:\/\/www.koonings.com\/wp-content\/uploads\/2025\/09\/51460_840878a3c31d50c30d270df4ae16a61844befb59d3b82ce3fc278e0f41bd95e9273e637f.jpeg","datePublished":"2026-04-28T16:40:27+00:00","description":"La robe de mari\u00e9e Abby est une d\u00e9claration pour la mari\u00e9e qui veut se d\u00e9marquer. Cette robe combine un d\u00e9collet\u00e9 plongeant sans bretelles avec un magnifique corsage en dentelle et des manches amovibles pour un look polyvalent. La jupe en cr\u00eape \u00e9pouse parfaitement le corps et se termine par une magnifique tra\u00eene illusion qui ajoute une touche de romantisme. La combinaison de la dentelle d\u00e9licate et des lignes modernes et \u00e9pur\u00e9es rend cette robe parfaite pour les mari\u00e9es s\u00fbres d'elles qui recherchent quelque chose de sp\u00e9cial. Abby offre un m\u00e9lange id\u00e9al d'\u00e9l\u00e9gance et de drame qui fera sans aucun doute une impression inoubliable le jour de votre mariage.","breadcrumb":{"@id":"https:\/\/www.koonings.com\/fr\/product\/azuree-bridal-abby-426-0011\/#breadcrumb"},"inLanguage":"fr-FR","potentialAction":[{"@type":"ReadAction","target":["https:\/\/www.koonings.com\/fr\/product\/azuree-bridal-abby-426-0011\/"]}]},{"@type":"ImageObject","inLanguage":"fr-FR","@id":"https:\/\/www.koonings.com\/fr\/product\/azuree-bridal-abby-426-0011\/#primaryimage","url":"https:\/\/www.koonings.com\/wp-content\/uploads\/2025\/09\/51460_840878a3c31d50c30d270df4ae16a61844befb59d3b82ce3fc278e0f41bd95e9273e637f.jpeg","contentUrl":"https:\/\/www.koonings.com\/wp-content\/uploads\/2025\/09\/51460_840878a3c31d50c30d270df4ae16a61844befb59d3b82ce3fc278e0f41bd95e9273e637f.jpeg","width":1467,"height":2073},{"@type":"BreadcrumbList","@id":"https:\/\/www.koonings.com\/fr\/product\/azuree-bridal-abby-426-0011\/#breadcrumb","itemListElement":[{"@type":"ListItem","position":1,"name":"Home","item":"https:\/\/www.koonings.com\/fr\/"},{"@type":"ListItem","position":2,"name":"Azuree Bridal Abby 426.0011"}]},{"@type":"WebSite","@id":"https:\/\/www.koonings.com\/fr\/#website","url":"https:\/\/www.koonings.com\/fr\/","name":"Koonings","description":"De grootste bruidsmodewinkel ter wereld","publisher":{"@id":"https:\/\/www.koonings.com\/fr\/#organization"},"potentialAction":[{"@type":"SearchAction","target":{"@type":"EntryPoint","urlTemplate":"https:\/\/www.koonings.com\/fr\/?s={search_term_string}"},"query-input":{"@type":"PropertyValueSpecification","valueRequired":true,"valueName":"search_term_string"}}],"inLanguage":"fr-FR"},{"@type":"Organization","@id":"https:\/\/www.koonings.com\/fr\/#organization","name":"Koonings","url":"https:\/\/www.koonings.com\/fr\/","logo":{"@type":"ImageObject","inLanguage":"fr-FR","@id":"https:\/\/www.koonings.com\/fr\/#\/schema\/logo\/image\/","url":"https:\/\/www.koonings.com\/wp-content\/uploads\/2024\/07\/logo.png","contentUrl":"https:\/\/www.koonings.com\/wp-content\/uploads\/2024\/07\/logo.png","width":600,"height":428,"caption":"Koonings"},"image":{"@id":"https:\/\/www.koonings.com\/fr\/#\/schema\/logo\/image\/"},"sameAs":["https:\/\/www.facebook.com\/kooningstheweddingpalace","https:\/\/www.instagram.com\/kooningstheweddingpalace","https:\/\/www.pinterest.com\/koonings","https:\/\/www.youtube.com\/kooningstheweddingpalace"]}]}},"_links":{"self":[{"href":"https:\/\/www.koonings.com\/fr\/wp-json\/wp\/v2\/product\/93892","targetHints":{"allow":["GET"]}}],"collection":[{"href":"https:\/\/www.koonings.com\/fr\/wp-json\/wp\/v2\/product"}],"about":[{"href":"https:\/\/www.koonings.com\/fr\/wp-json\/wp\/v2\/types\/product"}],"wp:featuredmedia":[{"embeddable":true,"href":"https:\/\/www.koonings.com\/fr\/wp-json\/wp\/v2\/media\/92286"}],"wp:attachment":[{"href":"https:\/\/www.koonings.com\/fr\/wp-json\/wp\/v2\/media?parent=93892"}],"wp:term":[{"taxonomy":"productdetails","embeddable":true,"href":"https:\/\/www.koonings.com\/fr\/wp-json\/wp\/v2\/productdetails?post=93892"},{"taxonomy":"productneck","embeddable":true,"href":"https:\/\/www.koonings.com\/fr\/wp-json\/wp\/v2\/productneck?post=93892"},{"taxonomy":"productcolor","embeddable":true,"href":"https:\/\/www.koonings.com\/fr\/wp-json\/wp\/v2\/productcolor?post=93892"},{"taxonomy":"maat","embeddable":true,"href":"https:\/\/www.koonings.com\/fr\/wp-json\/wp\/v2\/maat?post=93892"},{"taxonomy":"productsupplier","embeddable":true,"href":"https:\/\/www.koonings.com\/fr\/wp-json\/wp\/v2\/productsupplier?post=93892"},{"taxonomy":"productsleeve","embeddable":true,"href":"https:\/\/www.koonings.com\/fr\/wp-json\/wp\/v2\/productsleeve?post=93892"},{"taxonomy":"productcategory","embeddable":true,"href":"https:\/\/www.koonings.com\/fr\/wp-json\/wp\/v2\/productcategory?post=93892"},{"taxonomy":"productsilhouette","embeddable":true,"href":"https:\/\/www.koonings.com\/fr\/wp-json\/wp\/v2\/productsilhouette?post=93892"},{"taxonomy":"productstyle","embeddable":true,"href":"https:\/\/www.koonings.com\/fr\/wp-json\/wp\/v2\/productstyle?post=93892"}],"curies":[{"name":"wp","href":"https:\/\/api.w.org\/{rel}","templated":true}]}}