{"id":93888,"date":"2026-04-28T18:38:33","date_gmt":"2026-04-28T16:38:33","guid":{"rendered":"https:\/\/www.koonings.com\/product\/rebecca-ingram-fantasia-25rs916a01-manches-cs025rs916000\/"},"modified":"2026-02-17T12:52:57","modified_gmt":"2026-02-17T11:52:57","slug":"rebecca-ingram-fantasia-25rs916a01-manches-cs025rs916000","status":"publish","type":"product","link":"https:\/\/www.koonings.com\/fr\/product\/rebecca-ingram-fantasia-25rs916a01-manches-cs025rs916000\/","title":{"rendered":"Rebecca Ingram Fantasia 25RS916A01 + manches CS025RS916000"},"content":{"rendered":"<p>Osez briller dans la Fantasia, une luxueuse robe de mari\u00e9e sir\u00e8ne en cr\u00eape souple avec un d\u00e9collet\u00e9 asym\u00e9trique en \u0153il de chat. Cette robe allie l&#8217;\u00e9l\u00e9gance moderne \u00e0 un look audacieux et sophistiqu\u00e9. <\/p>\n<p>La coupe ajust\u00e9e souligne \u00e9l\u00e9gamment votre silhouette, tandis que l&#8217;encolure asym\u00e9trique ajoute un d\u00e9tail unique et accrocheur. Parfait pour la mari\u00e9e qui ose se d\u00e9marquer et laisser parler son style. <\/p>\n","protected":false},"featured_media":92785,"template":"","meta":{"_acf_changed":false,"ghostkit_customizer_options":"","ghostkit_custom_css":"","ghostkit_custom_js_head":"","ghostkit_custom_js_foot":"","ghostkit_typography":""},"productdetails":[],"productneck":[352,354],"productcolor":[392],"maat":[],"productsupplier":[433],"productsleeve":[],"productcategory":[18],"productsilhouette":[387,389],"productstyle":[365,371,366],"class_list":["post-93888","product","type-product","status-publish","has-post-thumbnail","hentry","productneck-352","productneck-354","productcolor-392","productsupplier-rebecca-ingram","productcategory-trouwjurken","productsilhouette-387","productsilhouette-389","productstyle-365","productstyle-371","productstyle-366"],"acf":[],"yoast_head":"<!-- This site is optimized with the Yoast SEO plugin v27.3 - https:\/\/yoast.com\/product\/yoast-seo-wordpress\/ -->\n<title>Rebecca Ingram Fantasia 25RS916A01 + manches CS025RS916000 | Koonings<\/title>\n<meta name=\"description\" content=\"Osez briller dans la Fantasia, une luxueuse robe de mari\u00e9e sir\u00e8ne en cr\u00eape souple avec un d\u00e9collet\u00e9 asym\u00e9trique en \u0153il de chat. Cette robe allie l&#039;\u00e9l\u00e9gance moderne \u00e0 un look audacieux et sophistiqu\u00e9. La coupe ajust\u00e9e souligne \u00e9l\u00e9gamment votre silhouette, tandis que l&#039;encolure asym\u00e9trique ajoute un d\u00e9tail unique et accrocheur. Parfait pour la mari\u00e9e qui ose se d\u00e9marquer et laisser parler son style.\" \/>\n<meta name=\"robots\" content=\"index, follow, max-snippet:-1, max-image-preview:large, max-video-preview:-1\" \/>\n<link rel=\"canonical\" href=\"https:\/\/www.koonings.com\/fr\/product\/rebecca-ingram-fantasia-25rs916a01-manches-cs025rs916000\/\" \/>\n<meta property=\"og:locale\" content=\"fr_FR\" \/>\n<meta property=\"og:type\" content=\"article\" \/>\n<meta property=\"og:title\" content=\"Rebecca Ingram Fantasia 25RS916A01 + manches CS025RS916000 | Koonings\" \/>\n<meta property=\"og:description\" content=\"Osez briller dans la Fantasia, une luxueuse robe de mari\u00e9e sir\u00e8ne en cr\u00eape souple avec un d\u00e9collet\u00e9 asym\u00e9trique en \u0153il de chat. Cette robe allie l&#039;\u00e9l\u00e9gance moderne \u00e0 un look audacieux et sophistiqu\u00e9. La coupe ajust\u00e9e souligne \u00e9l\u00e9gamment votre silhouette, tandis que l&#039;encolure asym\u00e9trique ajoute un d\u00e9tail unique et accrocheur. Parfait pour la mari\u00e9e qui ose se d\u00e9marquer et laisser parler son style.\" \/>\n<meta property=\"og:url\" content=\"https:\/\/www.koonings.com\/fr\/product\/rebecca-ingram-fantasia-25rs916a01-manches-cs025rs916000\/\" \/>\n<meta property=\"og:site_name\" content=\"Koonings\" \/>\n<meta property=\"article:publisher\" content=\"https:\/\/www.facebook.com\/kooningstheweddingpalace\" \/>\n<meta property=\"og:image\" content=\"https:\/\/www.koonings.com\/wp-content\/uploads\/2025\/09\/51291_7a05cedb218f6bcb419ee5fead09f7d8f191490a01f364ceb88f9493612834fb9af14a07.jpeg\" \/>\n\t<meta property=\"og:image:width\" content=\"1440\" \/>\n\t<meta property=\"og:image:height\" content=\"1920\" \/>\n\t<meta property=\"og:image:type\" content=\"image\/jpeg\" \/>\n<meta name=\"twitter:card\" content=\"summary_large_image\" \/>\n<script type=\"application\/ld+json\" class=\"yoast-schema-graph\">{\"@context\":\"https:\\\/\\\/schema.org\",\"@graph\":[{\"@type\":\"WebPage\",\"@id\":\"https:\\\/\\\/www.koonings.com\\\/fr\\\/product\\\/rebecca-ingram-fantasia-25rs916a01-manches-cs025rs916000\\\/\",\"url\":\"https:\\\/\\\/www.koonings.com\\\/fr\\\/product\\\/rebecca-ingram-fantasia-25rs916a01-manches-cs025rs916000\\\/\",\"name\":\"Rebecca Ingram Fantasia 25RS916A01 + manches CS025RS916000 | Koonings\",\"isPartOf\":{\"@id\":\"https:\\\/\\\/www.koonings.com\\\/fr\\\/#website\"},\"primaryImageOfPage\":{\"@id\":\"https:\\\/\\\/www.koonings.com\\\/fr\\\/product\\\/rebecca-ingram-fantasia-25rs916a01-manches-cs025rs916000\\\/#primaryimage\"},\"image\":{\"@id\":\"https:\\\/\\\/www.koonings.com\\\/fr\\\/product\\\/rebecca-ingram-fantasia-25rs916a01-manches-cs025rs916000\\\/#primaryimage\"},\"thumbnailUrl\":\"https:\\\/\\\/www.koonings.com\\\/wp-content\\\/uploads\\\/2025\\\/09\\\/51291_7a05cedb218f6bcb419ee5fead09f7d8f191490a01f364ceb88f9493612834fb9af14a07.jpeg\",\"datePublished\":\"2026-04-28T16:38:33+00:00\",\"description\":\"Osez briller dans la Fantasia, une luxueuse robe de mari\u00e9e sir\u00e8ne en cr\u00eape souple avec un d\u00e9collet\u00e9 asym\u00e9trique en \u0153il de chat. Cette robe allie l'\u00e9l\u00e9gance moderne \u00e0 un look audacieux et sophistiqu\u00e9. La coupe ajust\u00e9e souligne \u00e9l\u00e9gamment votre silhouette, tandis que l'encolure asym\u00e9trique ajoute un d\u00e9tail unique et accrocheur. Parfait pour la mari\u00e9e qui ose se d\u00e9marquer et laisser parler son style.\",\"breadcrumb\":{\"@id\":\"https:\\\/\\\/www.koonings.com\\\/fr\\\/product\\\/rebecca-ingram-fantasia-25rs916a01-manches-cs025rs916000\\\/#breadcrumb\"},\"inLanguage\":\"fr-FR\",\"potentialAction\":[{\"@type\":\"ReadAction\",\"target\":[\"https:\\\/\\\/www.koonings.com\\\/fr\\\/product\\\/rebecca-ingram-fantasia-25rs916a01-manches-cs025rs916000\\\/\"]}]},{\"@type\":\"ImageObject\",\"inLanguage\":\"fr-FR\",\"@id\":\"https:\\\/\\\/www.koonings.com\\\/fr\\\/product\\\/rebecca-ingram-fantasia-25rs916a01-manches-cs025rs916000\\\/#primaryimage\",\"url\":\"https:\\\/\\\/www.koonings.com\\\/wp-content\\\/uploads\\\/2025\\\/09\\\/51291_7a05cedb218f6bcb419ee5fead09f7d8f191490a01f364ceb88f9493612834fb9af14a07.jpeg\",\"contentUrl\":\"https:\\\/\\\/www.koonings.com\\\/wp-content\\\/uploads\\\/2025\\\/09\\\/51291_7a05cedb218f6bcb419ee5fead09f7d8f191490a01f364ceb88f9493612834fb9af14a07.jpeg\",\"width\":1440,\"height\":1920},{\"@type\":\"BreadcrumbList\",\"@id\":\"https:\\\/\\\/www.koonings.com\\\/fr\\\/product\\\/rebecca-ingram-fantasia-25rs916a01-manches-cs025rs916000\\\/#breadcrumb\",\"itemListElement\":[{\"@type\":\"ListItem\",\"position\":1,\"name\":\"Home\",\"item\":\"https:\\\/\\\/www.koonings.com\\\/fr\\\/\"},{\"@type\":\"ListItem\",\"position\":2,\"name\":\"Rebecca Ingram Fantasia 25RS916A01 + manches CS025RS916000\"}]},{\"@type\":\"WebSite\",\"@id\":\"https:\\\/\\\/www.koonings.com\\\/fr\\\/#website\",\"url\":\"https:\\\/\\\/www.koonings.com\\\/fr\\\/\",\"name\":\"Koonings\",\"description\":\"De grootste bruidsmodewinkel ter wereld\",\"publisher\":{\"@id\":\"https:\\\/\\\/www.koonings.com\\\/fr\\\/#organization\"},\"potentialAction\":[{\"@type\":\"SearchAction\",\"target\":{\"@type\":\"EntryPoint\",\"urlTemplate\":\"https:\\\/\\\/www.koonings.com\\\/fr\\\/?s={search_term_string}\"},\"query-input\":{\"@type\":\"PropertyValueSpecification\",\"valueRequired\":true,\"valueName\":\"search_term_string\"}}],\"inLanguage\":\"fr-FR\"},{\"@type\":\"Organization\",\"@id\":\"https:\\\/\\\/www.koonings.com\\\/fr\\\/#organization\",\"name\":\"Koonings\",\"url\":\"https:\\\/\\\/www.koonings.com\\\/fr\\\/\",\"logo\":{\"@type\":\"ImageObject\",\"inLanguage\":\"fr-FR\",\"@id\":\"https:\\\/\\\/www.koonings.com\\\/fr\\\/#\\\/schema\\\/logo\\\/image\\\/\",\"url\":\"https:\\\/\\\/www.koonings.com\\\/wp-content\\\/uploads\\\/2024\\\/07\\\/logo.png\",\"contentUrl\":\"https:\\\/\\\/www.koonings.com\\\/wp-content\\\/uploads\\\/2024\\\/07\\\/logo.png\",\"width\":600,\"height\":428,\"caption\":\"Koonings\"},\"image\":{\"@id\":\"https:\\\/\\\/www.koonings.com\\\/fr\\\/#\\\/schema\\\/logo\\\/image\\\/\"},\"sameAs\":[\"https:\\\/\\\/www.facebook.com\\\/kooningstheweddingpalace\",\"https:\\\/\\\/www.instagram.com\\\/kooningstheweddingpalace\",\"https:\\\/\\\/www.pinterest.com\\\/koonings\",\"https:\\\/\\\/www.youtube.com\\\/kooningstheweddingpalace\"]}]}<\/script>\n<!-- \/ Yoast SEO plugin. -->","yoast_head_json":{"title":"Rebecca Ingram Fantasia 25RS916A01 + manches CS025RS916000 | Koonings","description":"Osez briller dans la Fantasia, une luxueuse robe de mari\u00e9e sir\u00e8ne en cr\u00eape souple avec un d\u00e9collet\u00e9 asym\u00e9trique en \u0153il de chat. Cette robe allie l'\u00e9l\u00e9gance moderne \u00e0 un look audacieux et sophistiqu\u00e9. La coupe ajust\u00e9e souligne \u00e9l\u00e9gamment votre silhouette, tandis que l'encolure asym\u00e9trique ajoute un d\u00e9tail unique et accrocheur. Parfait pour la mari\u00e9e qui ose se d\u00e9marquer et laisser parler son style.","robots":{"index":"index","follow":"follow","max-snippet":"max-snippet:-1","max-image-preview":"max-image-preview:large","max-video-preview":"max-video-preview:-1"},"canonical":"https:\/\/www.koonings.com\/fr\/product\/rebecca-ingram-fantasia-25rs916a01-manches-cs025rs916000\/","og_locale":"fr_FR","og_type":"article","og_title":"Rebecca Ingram Fantasia 25RS916A01 + manches CS025RS916000 | Koonings","og_description":"Osez briller dans la Fantasia, une luxueuse robe de mari\u00e9e sir\u00e8ne en cr\u00eape souple avec un d\u00e9collet\u00e9 asym\u00e9trique en \u0153il de chat. Cette robe allie l'\u00e9l\u00e9gance moderne \u00e0 un look audacieux et sophistiqu\u00e9. La coupe ajust\u00e9e souligne \u00e9l\u00e9gamment votre silhouette, tandis que l'encolure asym\u00e9trique ajoute un d\u00e9tail unique et accrocheur. Parfait pour la mari\u00e9e qui ose se d\u00e9marquer et laisser parler son style.","og_url":"https:\/\/www.koonings.com\/fr\/product\/rebecca-ingram-fantasia-25rs916a01-manches-cs025rs916000\/","og_site_name":"Koonings","article_publisher":"https:\/\/www.facebook.com\/kooningstheweddingpalace","og_image":[{"width":1440,"height":1920,"url":"https:\/\/www.koonings.com\/wp-content\/uploads\/2025\/09\/51291_7a05cedb218f6bcb419ee5fead09f7d8f191490a01f364ceb88f9493612834fb9af14a07.jpeg","type":"image\/jpeg"}],"twitter_card":"summary_large_image","schema":{"@context":"https:\/\/schema.org","@graph":[{"@type":"WebPage","@id":"https:\/\/www.koonings.com\/fr\/product\/rebecca-ingram-fantasia-25rs916a01-manches-cs025rs916000\/","url":"https:\/\/www.koonings.com\/fr\/product\/rebecca-ingram-fantasia-25rs916a01-manches-cs025rs916000\/","name":"Rebecca Ingram Fantasia 25RS916A01 + manches CS025RS916000 | Koonings","isPartOf":{"@id":"https:\/\/www.koonings.com\/fr\/#website"},"primaryImageOfPage":{"@id":"https:\/\/www.koonings.com\/fr\/product\/rebecca-ingram-fantasia-25rs916a01-manches-cs025rs916000\/#primaryimage"},"image":{"@id":"https:\/\/www.koonings.com\/fr\/product\/rebecca-ingram-fantasia-25rs916a01-manches-cs025rs916000\/#primaryimage"},"thumbnailUrl":"https:\/\/www.koonings.com\/wp-content\/uploads\/2025\/09\/51291_7a05cedb218f6bcb419ee5fead09f7d8f191490a01f364ceb88f9493612834fb9af14a07.jpeg","datePublished":"2026-04-28T16:38:33+00:00","description":"Osez briller dans la Fantasia, une luxueuse robe de mari\u00e9e sir\u00e8ne en cr\u00eape souple avec un d\u00e9collet\u00e9 asym\u00e9trique en \u0153il de chat. Cette robe allie l'\u00e9l\u00e9gance moderne \u00e0 un look audacieux et sophistiqu\u00e9. La coupe ajust\u00e9e souligne \u00e9l\u00e9gamment votre silhouette, tandis que l'encolure asym\u00e9trique ajoute un d\u00e9tail unique et accrocheur. Parfait pour la mari\u00e9e qui ose se d\u00e9marquer et laisser parler son style.","breadcrumb":{"@id":"https:\/\/www.koonings.com\/fr\/product\/rebecca-ingram-fantasia-25rs916a01-manches-cs025rs916000\/#breadcrumb"},"inLanguage":"fr-FR","potentialAction":[{"@type":"ReadAction","target":["https:\/\/www.koonings.com\/fr\/product\/rebecca-ingram-fantasia-25rs916a01-manches-cs025rs916000\/"]}]},{"@type":"ImageObject","inLanguage":"fr-FR","@id":"https:\/\/www.koonings.com\/fr\/product\/rebecca-ingram-fantasia-25rs916a01-manches-cs025rs916000\/#primaryimage","url":"https:\/\/www.koonings.com\/wp-content\/uploads\/2025\/09\/51291_7a05cedb218f6bcb419ee5fead09f7d8f191490a01f364ceb88f9493612834fb9af14a07.jpeg","contentUrl":"https:\/\/www.koonings.com\/wp-content\/uploads\/2025\/09\/51291_7a05cedb218f6bcb419ee5fead09f7d8f191490a01f364ceb88f9493612834fb9af14a07.jpeg","width":1440,"height":1920},{"@type":"BreadcrumbList","@id":"https:\/\/www.koonings.com\/fr\/product\/rebecca-ingram-fantasia-25rs916a01-manches-cs025rs916000\/#breadcrumb","itemListElement":[{"@type":"ListItem","position":1,"name":"Home","item":"https:\/\/www.koonings.com\/fr\/"},{"@type":"ListItem","position":2,"name":"Rebecca Ingram Fantasia 25RS916A01 + manches CS025RS916000"}]},{"@type":"WebSite","@id":"https:\/\/www.koonings.com\/fr\/#website","url":"https:\/\/www.koonings.com\/fr\/","name":"Koonings","description":"De grootste bruidsmodewinkel ter wereld","publisher":{"@id":"https:\/\/www.koonings.com\/fr\/#organization"},"potentialAction":[{"@type":"SearchAction","target":{"@type":"EntryPoint","urlTemplate":"https:\/\/www.koonings.com\/fr\/?s={search_term_string}"},"query-input":{"@type":"PropertyValueSpecification","valueRequired":true,"valueName":"search_term_string"}}],"inLanguage":"fr-FR"},{"@type":"Organization","@id":"https:\/\/www.koonings.com\/fr\/#organization","name":"Koonings","url":"https:\/\/www.koonings.com\/fr\/","logo":{"@type":"ImageObject","inLanguage":"fr-FR","@id":"https:\/\/www.koonings.com\/fr\/#\/schema\/logo\/image\/","url":"https:\/\/www.koonings.com\/wp-content\/uploads\/2024\/07\/logo.png","contentUrl":"https:\/\/www.koonings.com\/wp-content\/uploads\/2024\/07\/logo.png","width":600,"height":428,"caption":"Koonings"},"image":{"@id":"https:\/\/www.koonings.com\/fr\/#\/schema\/logo\/image\/"},"sameAs":["https:\/\/www.facebook.com\/kooningstheweddingpalace","https:\/\/www.instagram.com\/kooningstheweddingpalace","https:\/\/www.pinterest.com\/koonings","https:\/\/www.youtube.com\/kooningstheweddingpalace"]}]}},"_links":{"self":[{"href":"https:\/\/www.koonings.com\/fr\/wp-json\/wp\/v2\/product\/93888","targetHints":{"allow":["GET"]}}],"collection":[{"href":"https:\/\/www.koonings.com\/fr\/wp-json\/wp\/v2\/product"}],"about":[{"href":"https:\/\/www.koonings.com\/fr\/wp-json\/wp\/v2\/types\/product"}],"wp:featuredmedia":[{"embeddable":true,"href":"https:\/\/www.koonings.com\/fr\/wp-json\/wp\/v2\/media\/92785"}],"wp:attachment":[{"href":"https:\/\/www.koonings.com\/fr\/wp-json\/wp\/v2\/media?parent=93888"}],"wp:term":[{"taxonomy":"productdetails","embeddable":true,"href":"https:\/\/www.koonings.com\/fr\/wp-json\/wp\/v2\/productdetails?post=93888"},{"taxonomy":"productneck","embeddable":true,"href":"https:\/\/www.koonings.com\/fr\/wp-json\/wp\/v2\/productneck?post=93888"},{"taxonomy":"productcolor","embeddable":true,"href":"https:\/\/www.koonings.com\/fr\/wp-json\/wp\/v2\/productcolor?post=93888"},{"taxonomy":"maat","embeddable":true,"href":"https:\/\/www.koonings.com\/fr\/wp-json\/wp\/v2\/maat?post=93888"},{"taxonomy":"productsupplier","embeddable":true,"href":"https:\/\/www.koonings.com\/fr\/wp-json\/wp\/v2\/productsupplier?post=93888"},{"taxonomy":"productsleeve","embeddable":true,"href":"https:\/\/www.koonings.com\/fr\/wp-json\/wp\/v2\/productsleeve?post=93888"},{"taxonomy":"productcategory","embeddable":true,"href":"https:\/\/www.koonings.com\/fr\/wp-json\/wp\/v2\/productcategory?post=93888"},{"taxonomy":"productsilhouette","embeddable":true,"href":"https:\/\/www.koonings.com\/fr\/wp-json\/wp\/v2\/productsilhouette?post=93888"},{"taxonomy":"productstyle","embeddable":true,"href":"https:\/\/www.koonings.com\/fr\/wp-json\/wp\/v2\/productstyle?post=93888"}],"curies":[{"name":"wp","href":"https:\/\/api.w.org\/{rel}","templated":true}]}}