{"id":93868,"date":"2026-04-28T18:40:49","date_gmt":"2026-04-28T16:40:49","guid":{"rendered":"https:\/\/www.koonings.com\/product\/azuree-bridal-chantal-fendue-5260-0071\/"},"modified":"2026-02-17T12:53:58","modified_gmt":"2026-02-17T11:53:58","slug":"azuree-bridal-chantal-fendue-5260-0071","status":"publish","type":"product","link":"https:\/\/www.koonings.com\/fr\/product\/azuree-bridal-chantal-fendue-5260-0071\/","title":{"rendered":"Azuree Bridal Chantal &#8211; fendue 5260.0071"},"content":{"rendered":"<p>La robe de mari\u00e9e Chantal est un choix sophistiqu\u00e9 pour la mari\u00e9e qui recherche le romantisme, le confort et un look moderne. Le corsage en dentelle avec un d\u00e9collet\u00e9 en V profond et des bretelles illusion s&#8217;adapte parfaitement au corps et s&#8217;\u00e9coule doucement vers une jupe en mousseline de soie pimpante. Les subtils d\u00e9tails paillet\u00e9s du motif floral ajoutent un doux \u00e9clat, tandis que la fente haute apporte un petit plus.  <\/p>\n","protected":false},"featured_media":92250,"template":"","meta":{"_acf_changed":false,"ghostkit_customizer_options":"","ghostkit_custom_css":"","ghostkit_custom_js_head":"","ghostkit_custom_js_foot":"","ghostkit_typography":""},"productdetails":[379,377,376],"productneck":[351,356],"productcolor":[392],"maat":[],"productsupplier":[533],"productsleeve":[359],"productcategory":[18],"productsilhouette":[384],"productstyle":[366,370],"class_list":["post-93868","product","type-product","status-publish","has-post-thumbnail","hentry","productdetails-379","productdetails-377","productdetails-376","productneck-351","productneck-356","productcolor-392","productsupplier-azuree-bridal","productsleeve-359","productcategory-trouwjurken","productsilhouette-384","productstyle-366","productstyle-370"],"acf":[],"yoast_head":"<!-- This site is optimized with the Yoast SEO plugin v27.3 - https:\/\/yoast.com\/product\/yoast-seo-wordpress\/ -->\n<title>Azuree Bridal Chantal - fendue 5260.0071 | Koonings<\/title>\n<meta name=\"description\" content=\"La robe de mari\u00e9e Chantal est un choix sophistiqu\u00e9 pour la mari\u00e9e qui recherche le romantisme, le confort et un look moderne. Le corsage en dentelle avec un d\u00e9collet\u00e9 en V profond et des bretelles illusion s&#039;adapte parfaitement au corps et s&#039;\u00e9coule doucement vers une jupe en mousseline de soie pimpante. Les subtils d\u00e9tails paillet\u00e9s du motif floral ajoutent un doux \u00e9clat, tandis que la fente haute apporte un petit plus.\" \/>\n<meta name=\"robots\" content=\"index, follow, max-snippet:-1, max-image-preview:large, max-video-preview:-1\" \/>\n<link rel=\"canonical\" href=\"https:\/\/www.koonings.com\/fr\/product\/azuree-bridal-chantal-fendue-5260-0071\/\" \/>\n<meta property=\"og:locale\" content=\"fr_FR\" \/>\n<meta property=\"og:type\" content=\"article\" \/>\n<meta property=\"og:title\" content=\"Azuree Bridal Chantal - fendue 5260.0071 | Koonings\" \/>\n<meta property=\"og:description\" content=\"La robe de mari\u00e9e Chantal est un choix sophistiqu\u00e9 pour la mari\u00e9e qui recherche le romantisme, le confort et un look moderne. Le corsage en dentelle avec un d\u00e9collet\u00e9 en V profond et des bretelles illusion s&#039;adapte parfaitement au corps et s&#039;\u00e9coule doucement vers une jupe en mousseline de soie pimpante. Les subtils d\u00e9tails paillet\u00e9s du motif floral ajoutent un doux \u00e9clat, tandis que la fente haute apporte un petit plus.\" \/>\n<meta property=\"og:url\" content=\"https:\/\/www.koonings.com\/fr\/product\/azuree-bridal-chantal-fendue-5260-0071\/\" \/>\n<meta property=\"og:site_name\" content=\"Koonings\" \/>\n<meta property=\"article:publisher\" content=\"https:\/\/www.facebook.com\/kooningstheweddingpalace\" \/>\n<meta property=\"og:image\" content=\"https:\/\/www.koonings.com\/wp-content\/uploads\/2025\/09\/51522_fbbea095f12123c28ba0777b805523463a589ff49ca304a09f85466fbfe2fb47ba5119b0.jpeg\" \/>\n\t<meta property=\"og:image:width\" content=\"1708\" \/>\n\t<meta property=\"og:image:height\" content=\"2463\" \/>\n\t<meta property=\"og:image:type\" content=\"image\/jpeg\" \/>\n<meta name=\"twitter:card\" content=\"summary_large_image\" \/>\n<script type=\"application\/ld+json\" class=\"yoast-schema-graph\">{\"@context\":\"https:\\\/\\\/schema.org\",\"@graph\":[{\"@type\":\"WebPage\",\"@id\":\"https:\\\/\\\/www.koonings.com\\\/fr\\\/product\\\/azuree-bridal-chantal-fendue-5260-0071\\\/\",\"url\":\"https:\\\/\\\/www.koonings.com\\\/fr\\\/product\\\/azuree-bridal-chantal-fendue-5260-0071\\\/\",\"name\":\"Azuree Bridal Chantal - fendue 5260.0071 | Koonings\",\"isPartOf\":{\"@id\":\"https:\\\/\\\/www.koonings.com\\\/fr\\\/#website\"},\"primaryImageOfPage\":{\"@id\":\"https:\\\/\\\/www.koonings.com\\\/fr\\\/product\\\/azuree-bridal-chantal-fendue-5260-0071\\\/#primaryimage\"},\"image\":{\"@id\":\"https:\\\/\\\/www.koonings.com\\\/fr\\\/product\\\/azuree-bridal-chantal-fendue-5260-0071\\\/#primaryimage\"},\"thumbnailUrl\":\"https:\\\/\\\/www.koonings.com\\\/wp-content\\\/uploads\\\/2025\\\/09\\\/51522_fbbea095f12123c28ba0777b805523463a589ff49ca304a09f85466fbfe2fb47ba5119b0.jpeg\",\"datePublished\":\"2026-04-28T16:40:49+00:00\",\"description\":\"La robe de mari\u00e9e Chantal est un choix sophistiqu\u00e9 pour la mari\u00e9e qui recherche le romantisme, le confort et un look moderne. Le corsage en dentelle avec un d\u00e9collet\u00e9 en V profond et des bretelles illusion s'adapte parfaitement au corps et s'\u00e9coule doucement vers une jupe en mousseline de soie pimpante. Les subtils d\u00e9tails paillet\u00e9s du motif floral ajoutent un doux \u00e9clat, tandis que la fente haute apporte un petit plus.\",\"breadcrumb\":{\"@id\":\"https:\\\/\\\/www.koonings.com\\\/fr\\\/product\\\/azuree-bridal-chantal-fendue-5260-0071\\\/#breadcrumb\"},\"inLanguage\":\"fr-FR\",\"potentialAction\":[{\"@type\":\"ReadAction\",\"target\":[\"https:\\\/\\\/www.koonings.com\\\/fr\\\/product\\\/azuree-bridal-chantal-fendue-5260-0071\\\/\"]}]},{\"@type\":\"ImageObject\",\"inLanguage\":\"fr-FR\",\"@id\":\"https:\\\/\\\/www.koonings.com\\\/fr\\\/product\\\/azuree-bridal-chantal-fendue-5260-0071\\\/#primaryimage\",\"url\":\"https:\\\/\\\/www.koonings.com\\\/wp-content\\\/uploads\\\/2025\\\/09\\\/51522_fbbea095f12123c28ba0777b805523463a589ff49ca304a09f85466fbfe2fb47ba5119b0.jpeg\",\"contentUrl\":\"https:\\\/\\\/www.koonings.com\\\/wp-content\\\/uploads\\\/2025\\\/09\\\/51522_fbbea095f12123c28ba0777b805523463a589ff49ca304a09f85466fbfe2fb47ba5119b0.jpeg\",\"width\":1708,\"height\":2463},{\"@type\":\"BreadcrumbList\",\"@id\":\"https:\\\/\\\/www.koonings.com\\\/fr\\\/product\\\/azuree-bridal-chantal-fendue-5260-0071\\\/#breadcrumb\",\"itemListElement\":[{\"@type\":\"ListItem\",\"position\":1,\"name\":\"Home\",\"item\":\"https:\\\/\\\/www.koonings.com\\\/fr\\\/\"},{\"@type\":\"ListItem\",\"position\":2,\"name\":\"Azuree Bridal Chantal &#8211; fendue 5260.0071\"}]},{\"@type\":\"WebSite\",\"@id\":\"https:\\\/\\\/www.koonings.com\\\/fr\\\/#website\",\"url\":\"https:\\\/\\\/www.koonings.com\\\/fr\\\/\",\"name\":\"Koonings\",\"description\":\"De grootste bruidsmodewinkel ter wereld\",\"publisher\":{\"@id\":\"https:\\\/\\\/www.koonings.com\\\/fr\\\/#organization\"},\"potentialAction\":[{\"@type\":\"SearchAction\",\"target\":{\"@type\":\"EntryPoint\",\"urlTemplate\":\"https:\\\/\\\/www.koonings.com\\\/fr\\\/?s={search_term_string}\"},\"query-input\":{\"@type\":\"PropertyValueSpecification\",\"valueRequired\":true,\"valueName\":\"search_term_string\"}}],\"inLanguage\":\"fr-FR\"},{\"@type\":\"Organization\",\"@id\":\"https:\\\/\\\/www.koonings.com\\\/fr\\\/#organization\",\"name\":\"Koonings\",\"url\":\"https:\\\/\\\/www.koonings.com\\\/fr\\\/\",\"logo\":{\"@type\":\"ImageObject\",\"inLanguage\":\"fr-FR\",\"@id\":\"https:\\\/\\\/www.koonings.com\\\/fr\\\/#\\\/schema\\\/logo\\\/image\\\/\",\"url\":\"https:\\\/\\\/www.koonings.com\\\/wp-content\\\/uploads\\\/2024\\\/07\\\/logo.png\",\"contentUrl\":\"https:\\\/\\\/www.koonings.com\\\/wp-content\\\/uploads\\\/2024\\\/07\\\/logo.png\",\"width\":600,\"height\":428,\"caption\":\"Koonings\"},\"image\":{\"@id\":\"https:\\\/\\\/www.koonings.com\\\/fr\\\/#\\\/schema\\\/logo\\\/image\\\/\"},\"sameAs\":[\"https:\\\/\\\/www.facebook.com\\\/kooningstheweddingpalace\",\"https:\\\/\\\/www.instagram.com\\\/kooningstheweddingpalace\",\"https:\\\/\\\/www.pinterest.com\\\/koonings\",\"https:\\\/\\\/www.youtube.com\\\/kooningstheweddingpalace\"]}]}<\/script>\n<!-- \/ Yoast SEO plugin. -->","yoast_head_json":{"title":"Azuree Bridal Chantal - fendue 5260.0071 | Koonings","description":"La robe de mari\u00e9e Chantal est un choix sophistiqu\u00e9 pour la mari\u00e9e qui recherche le romantisme, le confort et un look moderne. Le corsage en dentelle avec un d\u00e9collet\u00e9 en V profond et des bretelles illusion s'adapte parfaitement au corps et s'\u00e9coule doucement vers une jupe en mousseline de soie pimpante. Les subtils d\u00e9tails paillet\u00e9s du motif floral ajoutent un doux \u00e9clat, tandis que la fente haute apporte un petit plus.","robots":{"index":"index","follow":"follow","max-snippet":"max-snippet:-1","max-image-preview":"max-image-preview:large","max-video-preview":"max-video-preview:-1"},"canonical":"https:\/\/www.koonings.com\/fr\/product\/azuree-bridal-chantal-fendue-5260-0071\/","og_locale":"fr_FR","og_type":"article","og_title":"Azuree Bridal Chantal - fendue 5260.0071 | Koonings","og_description":"La robe de mari\u00e9e Chantal est un choix sophistiqu\u00e9 pour la mari\u00e9e qui recherche le romantisme, le confort et un look moderne. Le corsage en dentelle avec un d\u00e9collet\u00e9 en V profond et des bretelles illusion s'adapte parfaitement au corps et s'\u00e9coule doucement vers une jupe en mousseline de soie pimpante. Les subtils d\u00e9tails paillet\u00e9s du motif floral ajoutent un doux \u00e9clat, tandis que la fente haute apporte un petit plus.","og_url":"https:\/\/www.koonings.com\/fr\/product\/azuree-bridal-chantal-fendue-5260-0071\/","og_site_name":"Koonings","article_publisher":"https:\/\/www.facebook.com\/kooningstheweddingpalace","og_image":[{"width":1708,"height":2463,"url":"https:\/\/www.koonings.com\/wp-content\/uploads\/2025\/09\/51522_fbbea095f12123c28ba0777b805523463a589ff49ca304a09f85466fbfe2fb47ba5119b0.jpeg","type":"image\/jpeg"}],"twitter_card":"summary_large_image","schema":{"@context":"https:\/\/schema.org","@graph":[{"@type":"WebPage","@id":"https:\/\/www.koonings.com\/fr\/product\/azuree-bridal-chantal-fendue-5260-0071\/","url":"https:\/\/www.koonings.com\/fr\/product\/azuree-bridal-chantal-fendue-5260-0071\/","name":"Azuree Bridal Chantal - fendue 5260.0071 | Koonings","isPartOf":{"@id":"https:\/\/www.koonings.com\/fr\/#website"},"primaryImageOfPage":{"@id":"https:\/\/www.koonings.com\/fr\/product\/azuree-bridal-chantal-fendue-5260-0071\/#primaryimage"},"image":{"@id":"https:\/\/www.koonings.com\/fr\/product\/azuree-bridal-chantal-fendue-5260-0071\/#primaryimage"},"thumbnailUrl":"https:\/\/www.koonings.com\/wp-content\/uploads\/2025\/09\/51522_fbbea095f12123c28ba0777b805523463a589ff49ca304a09f85466fbfe2fb47ba5119b0.jpeg","datePublished":"2026-04-28T16:40:49+00:00","description":"La robe de mari\u00e9e Chantal est un choix sophistiqu\u00e9 pour la mari\u00e9e qui recherche le romantisme, le confort et un look moderne. Le corsage en dentelle avec un d\u00e9collet\u00e9 en V profond et des bretelles illusion s'adapte parfaitement au corps et s'\u00e9coule doucement vers une jupe en mousseline de soie pimpante. Les subtils d\u00e9tails paillet\u00e9s du motif floral ajoutent un doux \u00e9clat, tandis que la fente haute apporte un petit plus.","breadcrumb":{"@id":"https:\/\/www.koonings.com\/fr\/product\/azuree-bridal-chantal-fendue-5260-0071\/#breadcrumb"},"inLanguage":"fr-FR","potentialAction":[{"@type":"ReadAction","target":["https:\/\/www.koonings.com\/fr\/product\/azuree-bridal-chantal-fendue-5260-0071\/"]}]},{"@type":"ImageObject","inLanguage":"fr-FR","@id":"https:\/\/www.koonings.com\/fr\/product\/azuree-bridal-chantal-fendue-5260-0071\/#primaryimage","url":"https:\/\/www.koonings.com\/wp-content\/uploads\/2025\/09\/51522_fbbea095f12123c28ba0777b805523463a589ff49ca304a09f85466fbfe2fb47ba5119b0.jpeg","contentUrl":"https:\/\/www.koonings.com\/wp-content\/uploads\/2025\/09\/51522_fbbea095f12123c28ba0777b805523463a589ff49ca304a09f85466fbfe2fb47ba5119b0.jpeg","width":1708,"height":2463},{"@type":"BreadcrumbList","@id":"https:\/\/www.koonings.com\/fr\/product\/azuree-bridal-chantal-fendue-5260-0071\/#breadcrumb","itemListElement":[{"@type":"ListItem","position":1,"name":"Home","item":"https:\/\/www.koonings.com\/fr\/"},{"@type":"ListItem","position":2,"name":"Azuree Bridal Chantal &#8211; fendue 5260.0071"}]},{"@type":"WebSite","@id":"https:\/\/www.koonings.com\/fr\/#website","url":"https:\/\/www.koonings.com\/fr\/","name":"Koonings","description":"De grootste bruidsmodewinkel ter wereld","publisher":{"@id":"https:\/\/www.koonings.com\/fr\/#organization"},"potentialAction":[{"@type":"SearchAction","target":{"@type":"EntryPoint","urlTemplate":"https:\/\/www.koonings.com\/fr\/?s={search_term_string}"},"query-input":{"@type":"PropertyValueSpecification","valueRequired":true,"valueName":"search_term_string"}}],"inLanguage":"fr-FR"},{"@type":"Organization","@id":"https:\/\/www.koonings.com\/fr\/#organization","name":"Koonings","url":"https:\/\/www.koonings.com\/fr\/","logo":{"@type":"ImageObject","inLanguage":"fr-FR","@id":"https:\/\/www.koonings.com\/fr\/#\/schema\/logo\/image\/","url":"https:\/\/www.koonings.com\/wp-content\/uploads\/2024\/07\/logo.png","contentUrl":"https:\/\/www.koonings.com\/wp-content\/uploads\/2024\/07\/logo.png","width":600,"height":428,"caption":"Koonings"},"image":{"@id":"https:\/\/www.koonings.com\/fr\/#\/schema\/logo\/image\/"},"sameAs":["https:\/\/www.facebook.com\/kooningstheweddingpalace","https:\/\/www.instagram.com\/kooningstheweddingpalace","https:\/\/www.pinterest.com\/koonings","https:\/\/www.youtube.com\/kooningstheweddingpalace"]}]}},"_links":{"self":[{"href":"https:\/\/www.koonings.com\/fr\/wp-json\/wp\/v2\/product\/93868","targetHints":{"allow":["GET"]}}],"collection":[{"href":"https:\/\/www.koonings.com\/fr\/wp-json\/wp\/v2\/product"}],"about":[{"href":"https:\/\/www.koonings.com\/fr\/wp-json\/wp\/v2\/types\/product"}],"wp:featuredmedia":[{"embeddable":true,"href":"https:\/\/www.koonings.com\/fr\/wp-json\/wp\/v2\/media\/92250"}],"wp:attachment":[{"href":"https:\/\/www.koonings.com\/fr\/wp-json\/wp\/v2\/media?parent=93868"}],"wp:term":[{"taxonomy":"productdetails","embeddable":true,"href":"https:\/\/www.koonings.com\/fr\/wp-json\/wp\/v2\/productdetails?post=93868"},{"taxonomy":"productneck","embeddable":true,"href":"https:\/\/www.koonings.com\/fr\/wp-json\/wp\/v2\/productneck?post=93868"},{"taxonomy":"productcolor","embeddable":true,"href":"https:\/\/www.koonings.com\/fr\/wp-json\/wp\/v2\/productcolor?post=93868"},{"taxonomy":"maat","embeddable":true,"href":"https:\/\/www.koonings.com\/fr\/wp-json\/wp\/v2\/maat?post=93868"},{"taxonomy":"productsupplier","embeddable":true,"href":"https:\/\/www.koonings.com\/fr\/wp-json\/wp\/v2\/productsupplier?post=93868"},{"taxonomy":"productsleeve","embeddable":true,"href":"https:\/\/www.koonings.com\/fr\/wp-json\/wp\/v2\/productsleeve?post=93868"},{"taxonomy":"productcategory","embeddable":true,"href":"https:\/\/www.koonings.com\/fr\/wp-json\/wp\/v2\/productcategory?post=93868"},{"taxonomy":"productsilhouette","embeddable":true,"href":"https:\/\/www.koonings.com\/fr\/wp-json\/wp\/v2\/productsilhouette?post=93868"},{"taxonomy":"productstyle","embeddable":true,"href":"https:\/\/www.koonings.com\/fr\/wp-json\/wp\/v2\/productstyle?post=93868"}],"curies":[{"name":"wp","href":"https:\/\/api.w.org\/{rel}","templated":true}]}}