{"id":93867,"date":"2026-04-28T18:38:32","date_gmt":"2026-04-28T16:38:32","guid":{"rendered":"https:\/\/www.koonings.com\/product\/rebecca-ingram-carmen-25rk860a01\/"},"modified":"2026-02-17T12:53:32","modified_gmt":"2026-02-17T11:53:32","slug":"rebecca-ingram-carmen-25rk860a01","status":"publish","type":"product","link":"https:\/\/www.koonings.com\/fr\/product\/rebecca-ingram-carmen-25rk860a01\/","title":{"rendered":"Rebecca Ingram Carmen 25RK860A01"},"content":{"rendered":"<p>Laissez-vous s\u00e9duire par la Carmen, une robe de mari\u00e9e a\u00e9rienne de ligne A inspir\u00e9e par le jardin. Avec ses bretelles spaghetti et son \u00e9l\u00e9gant d\u00e9collet\u00e9 en V, cette robe respire la romance et la l\u00e9g\u00e8ret\u00e9 \u00e0 chacun de vos pas. <\/p>\n<p>Les d\u00e9tails subtils et les lignes fluides font de Carmen un mod\u00e8le parfait pour la mari\u00e9e qui aime un look naturel et r\u00eaveur, sans faire de compromis sur le style et le confort.<\/p>\n","protected":false},"featured_media":92709,"template":"","meta":{"_acf_changed":false,"ghostkit_customizer_options":"","ghostkit_custom_css":"","ghostkit_custom_js_head":"","ghostkit_custom_js_foot":"","ghostkit_typography":""},"productdetails":[381],"productneck":[356],"productcolor":[392],"maat":[],"productsupplier":[433],"productsleeve":[359],"productcategory":[18],"productsilhouette":[384],"productstyle":[366],"class_list":["post-93867","product","type-product","status-publish","has-post-thumbnail","hentry","productdetails-381","productneck-356","productcolor-392","productsupplier-rebecca-ingram","productsleeve-359","productcategory-trouwjurken","productsilhouette-384","productstyle-366"],"acf":[],"yoast_head":"<!-- This site is optimized with the Yoast SEO plugin v27.3 - https:\/\/yoast.com\/product\/yoast-seo-wordpress\/ -->\n<title>Rebecca Ingram Carmen 25RK860A01 | Koonings<\/title>\n<meta name=\"description\" content=\"Laissez-vous s\u00e9duire par la Carmen, une robe de mari\u00e9e a\u00e9rienne de ligne A inspir\u00e9e par le jardin. Avec ses bretelles spaghetti et son \u00e9l\u00e9gant d\u00e9collet\u00e9 en V, cette robe respire la romance et la l\u00e9g\u00e8ret\u00e9 \u00e0 chacun de vos pas. Les d\u00e9tails subtils et les lignes fluides font de Carmen un mod\u00e8le parfait pour la mari\u00e9e qui aime un look naturel et r\u00eaveur, sans faire de compromis sur le style et le confort.\" \/>\n<meta name=\"robots\" content=\"index, follow, max-snippet:-1, max-image-preview:large, max-video-preview:-1\" \/>\n<link rel=\"canonical\" href=\"https:\/\/www.koonings.com\/fr\/product\/rebecca-ingram-carmen-25rk860a01\/\" \/>\n<meta property=\"og:locale\" content=\"fr_FR\" \/>\n<meta property=\"og:type\" content=\"article\" \/>\n<meta property=\"og:title\" content=\"Rebecca Ingram Carmen 25RK860A01 | Koonings\" \/>\n<meta property=\"og:description\" content=\"Laissez-vous s\u00e9duire par la Carmen, une robe de mari\u00e9e a\u00e9rienne de ligne A inspir\u00e9e par le jardin. Avec ses bretelles spaghetti et son \u00e9l\u00e9gant d\u00e9collet\u00e9 en V, cette robe respire la romance et la l\u00e9g\u00e8ret\u00e9 \u00e0 chacun de vos pas. Les d\u00e9tails subtils et les lignes fluides font de Carmen un mod\u00e8le parfait pour la mari\u00e9e qui aime un look naturel et r\u00eaveur, sans faire de compromis sur le style et le confort.\" \/>\n<meta property=\"og:url\" content=\"https:\/\/www.koonings.com\/fr\/product\/rebecca-ingram-carmen-25rk860a01\/\" \/>\n<meta property=\"og:site_name\" content=\"Koonings\" \/>\n<meta property=\"article:publisher\" content=\"https:\/\/www.facebook.com\/kooningstheweddingpalace\" \/>\n<meta property=\"og:image\" content=\"https:\/\/www.koonings.com\/wp-content\/uploads\/2025\/09\/51285_c9f1cfcc2cf191bfa9b2404d44b77cc59aec2b78bcc2b625b3877ed36d676ab6a17bd081.jpeg\" \/>\n\t<meta property=\"og:image:width\" content=\"1440\" \/>\n\t<meta property=\"og:image:height\" content=\"1920\" \/>\n\t<meta property=\"og:image:type\" content=\"image\/jpeg\" \/>\n<meta name=\"twitter:card\" content=\"summary_large_image\" \/>\n<script type=\"application\/ld+json\" class=\"yoast-schema-graph\">{\"@context\":\"https:\\\/\\\/schema.org\",\"@graph\":[{\"@type\":\"WebPage\",\"@id\":\"https:\\\/\\\/www.koonings.com\\\/fr\\\/product\\\/rebecca-ingram-carmen-25rk860a01\\\/\",\"url\":\"https:\\\/\\\/www.koonings.com\\\/fr\\\/product\\\/rebecca-ingram-carmen-25rk860a01\\\/\",\"name\":\"Rebecca Ingram Carmen 25RK860A01 | Koonings\",\"isPartOf\":{\"@id\":\"https:\\\/\\\/www.koonings.com\\\/fr\\\/#website\"},\"primaryImageOfPage\":{\"@id\":\"https:\\\/\\\/www.koonings.com\\\/fr\\\/product\\\/rebecca-ingram-carmen-25rk860a01\\\/#primaryimage\"},\"image\":{\"@id\":\"https:\\\/\\\/www.koonings.com\\\/fr\\\/product\\\/rebecca-ingram-carmen-25rk860a01\\\/#primaryimage\"},\"thumbnailUrl\":\"https:\\\/\\\/www.koonings.com\\\/wp-content\\\/uploads\\\/2025\\\/09\\\/51285_c9f1cfcc2cf191bfa9b2404d44b77cc59aec2b78bcc2b625b3877ed36d676ab6a17bd081.jpeg\",\"datePublished\":\"2026-04-28T16:38:32+00:00\",\"description\":\"Laissez-vous s\u00e9duire par la Carmen, une robe de mari\u00e9e a\u00e9rienne de ligne A inspir\u00e9e par le jardin. Avec ses bretelles spaghetti et son \u00e9l\u00e9gant d\u00e9collet\u00e9 en V, cette robe respire la romance et la l\u00e9g\u00e8ret\u00e9 \u00e0 chacun de vos pas. Les d\u00e9tails subtils et les lignes fluides font de Carmen un mod\u00e8le parfait pour la mari\u00e9e qui aime un look naturel et r\u00eaveur, sans faire de compromis sur le style et le confort.\",\"breadcrumb\":{\"@id\":\"https:\\\/\\\/www.koonings.com\\\/fr\\\/product\\\/rebecca-ingram-carmen-25rk860a01\\\/#breadcrumb\"},\"inLanguage\":\"fr-FR\",\"potentialAction\":[{\"@type\":\"ReadAction\",\"target\":[\"https:\\\/\\\/www.koonings.com\\\/fr\\\/product\\\/rebecca-ingram-carmen-25rk860a01\\\/\"]}]},{\"@type\":\"ImageObject\",\"inLanguage\":\"fr-FR\",\"@id\":\"https:\\\/\\\/www.koonings.com\\\/fr\\\/product\\\/rebecca-ingram-carmen-25rk860a01\\\/#primaryimage\",\"url\":\"https:\\\/\\\/www.koonings.com\\\/wp-content\\\/uploads\\\/2025\\\/09\\\/51285_c9f1cfcc2cf191bfa9b2404d44b77cc59aec2b78bcc2b625b3877ed36d676ab6a17bd081.jpeg\",\"contentUrl\":\"https:\\\/\\\/www.koonings.com\\\/wp-content\\\/uploads\\\/2025\\\/09\\\/51285_c9f1cfcc2cf191bfa9b2404d44b77cc59aec2b78bcc2b625b3877ed36d676ab6a17bd081.jpeg\",\"width\":1440,\"height\":1920},{\"@type\":\"BreadcrumbList\",\"@id\":\"https:\\\/\\\/www.koonings.com\\\/fr\\\/product\\\/rebecca-ingram-carmen-25rk860a01\\\/#breadcrumb\",\"itemListElement\":[{\"@type\":\"ListItem\",\"position\":1,\"name\":\"Home\",\"item\":\"https:\\\/\\\/www.koonings.com\\\/fr\\\/\"},{\"@type\":\"ListItem\",\"position\":2,\"name\":\"Rebecca Ingram Carmen 25RK860A01\"}]},{\"@type\":\"WebSite\",\"@id\":\"https:\\\/\\\/www.koonings.com\\\/fr\\\/#website\",\"url\":\"https:\\\/\\\/www.koonings.com\\\/fr\\\/\",\"name\":\"Koonings\",\"description\":\"De grootste bruidsmodewinkel ter wereld\",\"publisher\":{\"@id\":\"https:\\\/\\\/www.koonings.com\\\/fr\\\/#organization\"},\"potentialAction\":[{\"@type\":\"SearchAction\",\"target\":{\"@type\":\"EntryPoint\",\"urlTemplate\":\"https:\\\/\\\/www.koonings.com\\\/fr\\\/?s={search_term_string}\"},\"query-input\":{\"@type\":\"PropertyValueSpecification\",\"valueRequired\":true,\"valueName\":\"search_term_string\"}}],\"inLanguage\":\"fr-FR\"},{\"@type\":\"Organization\",\"@id\":\"https:\\\/\\\/www.koonings.com\\\/fr\\\/#organization\",\"name\":\"Koonings\",\"url\":\"https:\\\/\\\/www.koonings.com\\\/fr\\\/\",\"logo\":{\"@type\":\"ImageObject\",\"inLanguage\":\"fr-FR\",\"@id\":\"https:\\\/\\\/www.koonings.com\\\/fr\\\/#\\\/schema\\\/logo\\\/image\\\/\",\"url\":\"https:\\\/\\\/www.koonings.com\\\/wp-content\\\/uploads\\\/2024\\\/07\\\/logo.png\",\"contentUrl\":\"https:\\\/\\\/www.koonings.com\\\/wp-content\\\/uploads\\\/2024\\\/07\\\/logo.png\",\"width\":600,\"height\":428,\"caption\":\"Koonings\"},\"image\":{\"@id\":\"https:\\\/\\\/www.koonings.com\\\/fr\\\/#\\\/schema\\\/logo\\\/image\\\/\"},\"sameAs\":[\"https:\\\/\\\/www.facebook.com\\\/kooningstheweddingpalace\",\"https:\\\/\\\/www.instagram.com\\\/kooningstheweddingpalace\",\"https:\\\/\\\/www.pinterest.com\\\/koonings\",\"https:\\\/\\\/www.youtube.com\\\/kooningstheweddingpalace\"]}]}<\/script>\n<!-- \/ Yoast SEO plugin. -->","yoast_head_json":{"title":"Rebecca Ingram Carmen 25RK860A01 | Koonings","description":"Laissez-vous s\u00e9duire par la Carmen, une robe de mari\u00e9e a\u00e9rienne de ligne A inspir\u00e9e par le jardin. Avec ses bretelles spaghetti et son \u00e9l\u00e9gant d\u00e9collet\u00e9 en V, cette robe respire la romance et la l\u00e9g\u00e8ret\u00e9 \u00e0 chacun de vos pas. Les d\u00e9tails subtils et les lignes fluides font de Carmen un mod\u00e8le parfait pour la mari\u00e9e qui aime un look naturel et r\u00eaveur, sans faire de compromis sur le style et le confort.","robots":{"index":"index","follow":"follow","max-snippet":"max-snippet:-1","max-image-preview":"max-image-preview:large","max-video-preview":"max-video-preview:-1"},"canonical":"https:\/\/www.koonings.com\/fr\/product\/rebecca-ingram-carmen-25rk860a01\/","og_locale":"fr_FR","og_type":"article","og_title":"Rebecca Ingram Carmen 25RK860A01 | Koonings","og_description":"Laissez-vous s\u00e9duire par la Carmen, une robe de mari\u00e9e a\u00e9rienne de ligne A inspir\u00e9e par le jardin. Avec ses bretelles spaghetti et son \u00e9l\u00e9gant d\u00e9collet\u00e9 en V, cette robe respire la romance et la l\u00e9g\u00e8ret\u00e9 \u00e0 chacun de vos pas. Les d\u00e9tails subtils et les lignes fluides font de Carmen un mod\u00e8le parfait pour la mari\u00e9e qui aime un look naturel et r\u00eaveur, sans faire de compromis sur le style et le confort.","og_url":"https:\/\/www.koonings.com\/fr\/product\/rebecca-ingram-carmen-25rk860a01\/","og_site_name":"Koonings","article_publisher":"https:\/\/www.facebook.com\/kooningstheweddingpalace","og_image":[{"width":1440,"height":1920,"url":"https:\/\/www.koonings.com\/wp-content\/uploads\/2025\/09\/51285_c9f1cfcc2cf191bfa9b2404d44b77cc59aec2b78bcc2b625b3877ed36d676ab6a17bd081.jpeg","type":"image\/jpeg"}],"twitter_card":"summary_large_image","schema":{"@context":"https:\/\/schema.org","@graph":[{"@type":"WebPage","@id":"https:\/\/www.koonings.com\/fr\/product\/rebecca-ingram-carmen-25rk860a01\/","url":"https:\/\/www.koonings.com\/fr\/product\/rebecca-ingram-carmen-25rk860a01\/","name":"Rebecca Ingram Carmen 25RK860A01 | Koonings","isPartOf":{"@id":"https:\/\/www.koonings.com\/fr\/#website"},"primaryImageOfPage":{"@id":"https:\/\/www.koonings.com\/fr\/product\/rebecca-ingram-carmen-25rk860a01\/#primaryimage"},"image":{"@id":"https:\/\/www.koonings.com\/fr\/product\/rebecca-ingram-carmen-25rk860a01\/#primaryimage"},"thumbnailUrl":"https:\/\/www.koonings.com\/wp-content\/uploads\/2025\/09\/51285_c9f1cfcc2cf191bfa9b2404d44b77cc59aec2b78bcc2b625b3877ed36d676ab6a17bd081.jpeg","datePublished":"2026-04-28T16:38:32+00:00","description":"Laissez-vous s\u00e9duire par la Carmen, une robe de mari\u00e9e a\u00e9rienne de ligne A inspir\u00e9e par le jardin. Avec ses bretelles spaghetti et son \u00e9l\u00e9gant d\u00e9collet\u00e9 en V, cette robe respire la romance et la l\u00e9g\u00e8ret\u00e9 \u00e0 chacun de vos pas. Les d\u00e9tails subtils et les lignes fluides font de Carmen un mod\u00e8le parfait pour la mari\u00e9e qui aime un look naturel et r\u00eaveur, sans faire de compromis sur le style et le confort.","breadcrumb":{"@id":"https:\/\/www.koonings.com\/fr\/product\/rebecca-ingram-carmen-25rk860a01\/#breadcrumb"},"inLanguage":"fr-FR","potentialAction":[{"@type":"ReadAction","target":["https:\/\/www.koonings.com\/fr\/product\/rebecca-ingram-carmen-25rk860a01\/"]}]},{"@type":"ImageObject","inLanguage":"fr-FR","@id":"https:\/\/www.koonings.com\/fr\/product\/rebecca-ingram-carmen-25rk860a01\/#primaryimage","url":"https:\/\/www.koonings.com\/wp-content\/uploads\/2025\/09\/51285_c9f1cfcc2cf191bfa9b2404d44b77cc59aec2b78bcc2b625b3877ed36d676ab6a17bd081.jpeg","contentUrl":"https:\/\/www.koonings.com\/wp-content\/uploads\/2025\/09\/51285_c9f1cfcc2cf191bfa9b2404d44b77cc59aec2b78bcc2b625b3877ed36d676ab6a17bd081.jpeg","width":1440,"height":1920},{"@type":"BreadcrumbList","@id":"https:\/\/www.koonings.com\/fr\/product\/rebecca-ingram-carmen-25rk860a01\/#breadcrumb","itemListElement":[{"@type":"ListItem","position":1,"name":"Home","item":"https:\/\/www.koonings.com\/fr\/"},{"@type":"ListItem","position":2,"name":"Rebecca Ingram Carmen 25RK860A01"}]},{"@type":"WebSite","@id":"https:\/\/www.koonings.com\/fr\/#website","url":"https:\/\/www.koonings.com\/fr\/","name":"Koonings","description":"De grootste bruidsmodewinkel ter wereld","publisher":{"@id":"https:\/\/www.koonings.com\/fr\/#organization"},"potentialAction":[{"@type":"SearchAction","target":{"@type":"EntryPoint","urlTemplate":"https:\/\/www.koonings.com\/fr\/?s={search_term_string}"},"query-input":{"@type":"PropertyValueSpecification","valueRequired":true,"valueName":"search_term_string"}}],"inLanguage":"fr-FR"},{"@type":"Organization","@id":"https:\/\/www.koonings.com\/fr\/#organization","name":"Koonings","url":"https:\/\/www.koonings.com\/fr\/","logo":{"@type":"ImageObject","inLanguage":"fr-FR","@id":"https:\/\/www.koonings.com\/fr\/#\/schema\/logo\/image\/","url":"https:\/\/www.koonings.com\/wp-content\/uploads\/2024\/07\/logo.png","contentUrl":"https:\/\/www.koonings.com\/wp-content\/uploads\/2024\/07\/logo.png","width":600,"height":428,"caption":"Koonings"},"image":{"@id":"https:\/\/www.koonings.com\/fr\/#\/schema\/logo\/image\/"},"sameAs":["https:\/\/www.facebook.com\/kooningstheweddingpalace","https:\/\/www.instagram.com\/kooningstheweddingpalace","https:\/\/www.pinterest.com\/koonings","https:\/\/www.youtube.com\/kooningstheweddingpalace"]}]}},"_links":{"self":[{"href":"https:\/\/www.koonings.com\/fr\/wp-json\/wp\/v2\/product\/93867","targetHints":{"allow":["GET"]}}],"collection":[{"href":"https:\/\/www.koonings.com\/fr\/wp-json\/wp\/v2\/product"}],"about":[{"href":"https:\/\/www.koonings.com\/fr\/wp-json\/wp\/v2\/types\/product"}],"wp:featuredmedia":[{"embeddable":true,"href":"https:\/\/www.koonings.com\/fr\/wp-json\/wp\/v2\/media\/92709"}],"wp:attachment":[{"href":"https:\/\/www.koonings.com\/fr\/wp-json\/wp\/v2\/media?parent=93867"}],"wp:term":[{"taxonomy":"productdetails","embeddable":true,"href":"https:\/\/www.koonings.com\/fr\/wp-json\/wp\/v2\/productdetails?post=93867"},{"taxonomy":"productneck","embeddable":true,"href":"https:\/\/www.koonings.com\/fr\/wp-json\/wp\/v2\/productneck?post=93867"},{"taxonomy":"productcolor","embeddable":true,"href":"https:\/\/www.koonings.com\/fr\/wp-json\/wp\/v2\/productcolor?post=93867"},{"taxonomy":"maat","embeddable":true,"href":"https:\/\/www.koonings.com\/fr\/wp-json\/wp\/v2\/maat?post=93867"},{"taxonomy":"productsupplier","embeddable":true,"href":"https:\/\/www.koonings.com\/fr\/wp-json\/wp\/v2\/productsupplier?post=93867"},{"taxonomy":"productsleeve","embeddable":true,"href":"https:\/\/www.koonings.com\/fr\/wp-json\/wp\/v2\/productsleeve?post=93867"},{"taxonomy":"productcategory","embeddable":true,"href":"https:\/\/www.koonings.com\/fr\/wp-json\/wp\/v2\/productcategory?post=93867"},{"taxonomy":"productsilhouette","embeddable":true,"href":"https:\/\/www.koonings.com\/fr\/wp-json\/wp\/v2\/productsilhouette?post=93867"},{"taxonomy":"productstyle","embeddable":true,"href":"https:\/\/www.koonings.com\/fr\/wp-json\/wp\/v2\/productstyle?post=93867"}],"curies":[{"name":"wp","href":"https:\/\/api.w.org\/{rel}","templated":true}]}}