{"id":93865,"date":"2026-04-28T18:40:31","date_gmt":"2026-04-28T16:40:31","guid":{"rendered":"https:\/\/www.koonings.com\/product\/azuree-bridal-amy-plus-426-0191\/"},"modified":"2026-02-17T12:52:40","modified_gmt":"2026-02-17T11:52:40","slug":"azuree-bridal-amy-plus-426-0191","status":"publish","type":"product","link":"https:\/\/www.koonings.com\/fr\/product\/azuree-bridal-amy-plus-426-0191\/","title":{"rendered":"Azuree Bridal Amy &#8211; plus 426.0191"},"content":{"rendered":"<p>La robe de mari\u00e9e Amy a une allure sophistiqu\u00e9e et romantique. La silhouette ajust\u00e9e et \u00e9vas\u00e9e offre une coupe \u00e9l\u00e9gante qui met en valeur les formes f\u00e9minines. La robe est enti\u00e8rement doubl\u00e9e et poss\u00e8de un corsage illusion avec des manches amovibles, parfaites pour une mari\u00e9e polyvalente qui aime changer de style. La robe est orn\u00e9e d&#8217;appliques en dentelle 3D et d&#8217;un tulle subtilement scintillant, cr\u00e9ant un look \u00e0 la fois \u00e9tincelant et d\u00e9licat. Le syst\u00e8me de la\u00e7age au dos ajoute une touche classique et assure un ajustement parfait. L&#8217;impressionnante tra\u00eene en forme de goutte d&#8217;eau rend le dos encore plus sp\u00e9cial, ce qui est id\u00e9al pour une entr\u00e9e spectaculaire pendant la c\u00e9r\u00e9monie. Cette robe de mari\u00e9e est le choix id\u00e9al pour une mari\u00e9e qui recherche \u00e0 la fois le romantisme et la sophistication.      <\/p>\n","protected":false},"featured_media":92422,"template":"","meta":{"_acf_changed":false,"ghostkit_customizer_options":"","ghostkit_custom_css":"","ghostkit_custom_js_head":"","ghostkit_custom_js_foot":"","ghostkit_typography":""},"productdetails":[379,376,381],"productneck":[351,354],"productcolor":[393,392],"maat":[375],"productsupplier":[533],"productsleeve":[],"productcategory":[18],"productsilhouette":[389],"productstyle":[369,366],"class_list":["post-93865","product","type-product","status-publish","has-post-thumbnail","hentry","productdetails-379","productdetails-376","productdetails-381","productneck-351","productneck-354","productcolor-393","productcolor-392","maat-375","productsupplier-azuree-bridal","productcategory-trouwjurken","productsilhouette-389","productstyle-369","productstyle-366"],"acf":[],"yoast_head":"<!-- This site is optimized with the Yoast SEO plugin v27.3 - https:\/\/yoast.com\/product\/yoast-seo-wordpress\/ -->\n<title>Azuree Bridal Amy - plus 426.0191 | Koonings<\/title>\n<meta name=\"description\" content=\"La robe de mari\u00e9e Amy a une allure sophistiqu\u00e9e et romantique. La silhouette ajust\u00e9e et \u00e9vas\u00e9e offre une coupe \u00e9l\u00e9gante qui met en valeur les formes f\u00e9minines. La robe est enti\u00e8rement doubl\u00e9e et poss\u00e8de un corsage illusion avec des manches amovibles, parfaites pour une mari\u00e9e polyvalente qui aime changer de style. La robe est orn\u00e9e d&#039;appliques en dentelle 3D et d&#039;un tulle subtilement scintillant, cr\u00e9ant un look \u00e0 la fois \u00e9tincelant et d\u00e9licat. Le syst\u00e8me de la\u00e7age au dos ajoute une touche classique et assure un ajustement parfait. L&#039;impressionnante tra\u00eene en forme de goutte d&#039;eau rend le dos encore plus sp\u00e9cial, ce qui est id\u00e9al pour une entr\u00e9e spectaculaire pendant la c\u00e9r\u00e9monie. Cette robe de mari\u00e9e est le choix id\u00e9al pour une mari\u00e9e qui recherche \u00e0 la fois le romantisme et la sophistication.\" \/>\n<meta name=\"robots\" content=\"index, follow, max-snippet:-1, max-image-preview:large, max-video-preview:-1\" \/>\n<link rel=\"canonical\" href=\"https:\/\/www.koonings.com\/fr\/product\/azuree-bridal-amy-plus-426-0191\/\" \/>\n<meta property=\"og:locale\" content=\"fr_FR\" \/>\n<meta property=\"og:type\" content=\"article\" \/>\n<meta property=\"og:title\" content=\"Azuree Bridal Amy - plus 426.0191 | Koonings\" \/>\n<meta property=\"og:description\" content=\"La robe de mari\u00e9e Amy a une allure sophistiqu\u00e9e et romantique. La silhouette ajust\u00e9e et \u00e9vas\u00e9e offre une coupe \u00e9l\u00e9gante qui met en valeur les formes f\u00e9minines. La robe est enti\u00e8rement doubl\u00e9e et poss\u00e8de un corsage illusion avec des manches amovibles, parfaites pour une mari\u00e9e polyvalente qui aime changer de style. La robe est orn\u00e9e d&#039;appliques en dentelle 3D et d&#039;un tulle subtilement scintillant, cr\u00e9ant un look \u00e0 la fois \u00e9tincelant et d\u00e9licat. Le syst\u00e8me de la\u00e7age au dos ajoute une touche classique et assure un ajustement parfait. L&#039;impressionnante tra\u00eene en forme de goutte d&#039;eau rend le dos encore plus sp\u00e9cial, ce qui est id\u00e9al pour une entr\u00e9e spectaculaire pendant la c\u00e9r\u00e9monie. Cette robe de mari\u00e9e est le choix id\u00e9al pour une mari\u00e9e qui recherche \u00e0 la fois le romantisme et la sophistication.\" \/>\n<meta property=\"og:url\" content=\"https:\/\/www.koonings.com\/fr\/product\/azuree-bridal-amy-plus-426-0191\/\" \/>\n<meta property=\"og:site_name\" content=\"Koonings\" \/>\n<meta property=\"article:publisher\" content=\"https:\/\/www.facebook.com\/kooningstheweddingpalace\" \/>\n<meta property=\"og:image\" content=\"https:\/\/www.koonings.com\/wp-content\/uploads\/2025\/09\/51476_5298ad19fb9d61d7b1e8dbb782833eca8e2409458594c6b6dbaa07842ffaf5fe55277485.jpeg\" \/>\n\t<meta property=\"og:image:width\" content=\"1669\" \/>\n\t<meta property=\"og:image:height\" content=\"2355\" \/>\n\t<meta property=\"og:image:type\" content=\"image\/jpeg\" \/>\n<meta name=\"twitter:card\" content=\"summary_large_image\" \/>\n<meta name=\"twitter:label1\" content=\"Dur\u00e9e de lecture estim\u00e9e\" \/>\n\t<meta name=\"twitter:data1\" content=\"1 minute\" \/>\n<script type=\"application\/ld+json\" class=\"yoast-schema-graph\">{\"@context\":\"https:\\\/\\\/schema.org\",\"@graph\":[{\"@type\":\"WebPage\",\"@id\":\"https:\\\/\\\/www.koonings.com\\\/fr\\\/product\\\/azuree-bridal-amy-plus-426-0191\\\/\",\"url\":\"https:\\\/\\\/www.koonings.com\\\/fr\\\/product\\\/azuree-bridal-amy-plus-426-0191\\\/\",\"name\":\"Azuree Bridal Amy - plus 426.0191 | Koonings\",\"isPartOf\":{\"@id\":\"https:\\\/\\\/www.koonings.com\\\/fr\\\/#website\"},\"primaryImageOfPage\":{\"@id\":\"https:\\\/\\\/www.koonings.com\\\/fr\\\/product\\\/azuree-bridal-amy-plus-426-0191\\\/#primaryimage\"},\"image\":{\"@id\":\"https:\\\/\\\/www.koonings.com\\\/fr\\\/product\\\/azuree-bridal-amy-plus-426-0191\\\/#primaryimage\"},\"thumbnailUrl\":\"https:\\\/\\\/www.koonings.com\\\/wp-content\\\/uploads\\\/2025\\\/09\\\/51476_5298ad19fb9d61d7b1e8dbb782833eca8e2409458594c6b6dbaa07842ffaf5fe55277485.jpeg\",\"datePublished\":\"2026-04-28T16:40:31+00:00\",\"description\":\"La robe de mari\u00e9e Amy a une allure sophistiqu\u00e9e et romantique. La silhouette ajust\u00e9e et \u00e9vas\u00e9e offre une coupe \u00e9l\u00e9gante qui met en valeur les formes f\u00e9minines. La robe est enti\u00e8rement doubl\u00e9e et poss\u00e8de un corsage illusion avec des manches amovibles, parfaites pour une mari\u00e9e polyvalente qui aime changer de style. La robe est orn\u00e9e d'appliques en dentelle 3D et d'un tulle subtilement scintillant, cr\u00e9ant un look \u00e0 la fois \u00e9tincelant et d\u00e9licat. Le syst\u00e8me de la\u00e7age au dos ajoute une touche classique et assure un ajustement parfait. L'impressionnante tra\u00eene en forme de goutte d'eau rend le dos encore plus sp\u00e9cial, ce qui est id\u00e9al pour une entr\u00e9e spectaculaire pendant la c\u00e9r\u00e9monie. Cette robe de mari\u00e9e est le choix id\u00e9al pour une mari\u00e9e qui recherche \u00e0 la fois le romantisme et la sophistication.\",\"breadcrumb\":{\"@id\":\"https:\\\/\\\/www.koonings.com\\\/fr\\\/product\\\/azuree-bridal-amy-plus-426-0191\\\/#breadcrumb\"},\"inLanguage\":\"fr-FR\",\"potentialAction\":[{\"@type\":\"ReadAction\",\"target\":[\"https:\\\/\\\/www.koonings.com\\\/fr\\\/product\\\/azuree-bridal-amy-plus-426-0191\\\/\"]}]},{\"@type\":\"ImageObject\",\"inLanguage\":\"fr-FR\",\"@id\":\"https:\\\/\\\/www.koonings.com\\\/fr\\\/product\\\/azuree-bridal-amy-plus-426-0191\\\/#primaryimage\",\"url\":\"https:\\\/\\\/www.koonings.com\\\/wp-content\\\/uploads\\\/2025\\\/09\\\/51476_5298ad19fb9d61d7b1e8dbb782833eca8e2409458594c6b6dbaa07842ffaf5fe55277485.jpeg\",\"contentUrl\":\"https:\\\/\\\/www.koonings.com\\\/wp-content\\\/uploads\\\/2025\\\/09\\\/51476_5298ad19fb9d61d7b1e8dbb782833eca8e2409458594c6b6dbaa07842ffaf5fe55277485.jpeg\",\"width\":1669,\"height\":2355},{\"@type\":\"BreadcrumbList\",\"@id\":\"https:\\\/\\\/www.koonings.com\\\/fr\\\/product\\\/azuree-bridal-amy-plus-426-0191\\\/#breadcrumb\",\"itemListElement\":[{\"@type\":\"ListItem\",\"position\":1,\"name\":\"Home\",\"item\":\"https:\\\/\\\/www.koonings.com\\\/fr\\\/\"},{\"@type\":\"ListItem\",\"position\":2,\"name\":\"Azuree Bridal Amy &#8211; plus 426.0191\"}]},{\"@type\":\"WebSite\",\"@id\":\"https:\\\/\\\/www.koonings.com\\\/fr\\\/#website\",\"url\":\"https:\\\/\\\/www.koonings.com\\\/fr\\\/\",\"name\":\"Koonings\",\"description\":\"De grootste bruidsmodewinkel ter wereld\",\"publisher\":{\"@id\":\"https:\\\/\\\/www.koonings.com\\\/fr\\\/#organization\"},\"potentialAction\":[{\"@type\":\"SearchAction\",\"target\":{\"@type\":\"EntryPoint\",\"urlTemplate\":\"https:\\\/\\\/www.koonings.com\\\/fr\\\/?s={search_term_string}\"},\"query-input\":{\"@type\":\"PropertyValueSpecification\",\"valueRequired\":true,\"valueName\":\"search_term_string\"}}],\"inLanguage\":\"fr-FR\"},{\"@type\":\"Organization\",\"@id\":\"https:\\\/\\\/www.koonings.com\\\/fr\\\/#organization\",\"name\":\"Koonings\",\"url\":\"https:\\\/\\\/www.koonings.com\\\/fr\\\/\",\"logo\":{\"@type\":\"ImageObject\",\"inLanguage\":\"fr-FR\",\"@id\":\"https:\\\/\\\/www.koonings.com\\\/fr\\\/#\\\/schema\\\/logo\\\/image\\\/\",\"url\":\"https:\\\/\\\/www.koonings.com\\\/wp-content\\\/uploads\\\/2024\\\/07\\\/logo.png\",\"contentUrl\":\"https:\\\/\\\/www.koonings.com\\\/wp-content\\\/uploads\\\/2024\\\/07\\\/logo.png\",\"width\":600,\"height\":428,\"caption\":\"Koonings\"},\"image\":{\"@id\":\"https:\\\/\\\/www.koonings.com\\\/fr\\\/#\\\/schema\\\/logo\\\/image\\\/\"},\"sameAs\":[\"https:\\\/\\\/www.facebook.com\\\/kooningstheweddingpalace\",\"https:\\\/\\\/www.instagram.com\\\/kooningstheweddingpalace\",\"https:\\\/\\\/www.pinterest.com\\\/koonings\",\"https:\\\/\\\/www.youtube.com\\\/kooningstheweddingpalace\"]}]}<\/script>\n<!-- \/ Yoast SEO plugin. -->","yoast_head_json":{"title":"Azuree Bridal Amy - plus 426.0191 | Koonings","description":"La robe de mari\u00e9e Amy a une allure sophistiqu\u00e9e et romantique. La silhouette ajust\u00e9e et \u00e9vas\u00e9e offre une coupe \u00e9l\u00e9gante qui met en valeur les formes f\u00e9minines. La robe est enti\u00e8rement doubl\u00e9e et poss\u00e8de un corsage illusion avec des manches amovibles, parfaites pour une mari\u00e9e polyvalente qui aime changer de style. La robe est orn\u00e9e d'appliques en dentelle 3D et d'un tulle subtilement scintillant, cr\u00e9ant un look \u00e0 la fois \u00e9tincelant et d\u00e9licat. Le syst\u00e8me de la\u00e7age au dos ajoute une touche classique et assure un ajustement parfait. L'impressionnante tra\u00eene en forme de goutte d'eau rend le dos encore plus sp\u00e9cial, ce qui est id\u00e9al pour une entr\u00e9e spectaculaire pendant la c\u00e9r\u00e9monie. Cette robe de mari\u00e9e est le choix id\u00e9al pour une mari\u00e9e qui recherche \u00e0 la fois le romantisme et la sophistication.","robots":{"index":"index","follow":"follow","max-snippet":"max-snippet:-1","max-image-preview":"max-image-preview:large","max-video-preview":"max-video-preview:-1"},"canonical":"https:\/\/www.koonings.com\/fr\/product\/azuree-bridal-amy-plus-426-0191\/","og_locale":"fr_FR","og_type":"article","og_title":"Azuree Bridal Amy - plus 426.0191 | Koonings","og_description":"La robe de mari\u00e9e Amy a une allure sophistiqu\u00e9e et romantique. La silhouette ajust\u00e9e et \u00e9vas\u00e9e offre une coupe \u00e9l\u00e9gante qui met en valeur les formes f\u00e9minines. La robe est enti\u00e8rement doubl\u00e9e et poss\u00e8de un corsage illusion avec des manches amovibles, parfaites pour une mari\u00e9e polyvalente qui aime changer de style. La robe est orn\u00e9e d'appliques en dentelle 3D et d'un tulle subtilement scintillant, cr\u00e9ant un look \u00e0 la fois \u00e9tincelant et d\u00e9licat. Le syst\u00e8me de la\u00e7age au dos ajoute une touche classique et assure un ajustement parfait. L'impressionnante tra\u00eene en forme de goutte d'eau rend le dos encore plus sp\u00e9cial, ce qui est id\u00e9al pour une entr\u00e9e spectaculaire pendant la c\u00e9r\u00e9monie. Cette robe de mari\u00e9e est le choix id\u00e9al pour une mari\u00e9e qui recherche \u00e0 la fois le romantisme et la sophistication.","og_url":"https:\/\/www.koonings.com\/fr\/product\/azuree-bridal-amy-plus-426-0191\/","og_site_name":"Koonings","article_publisher":"https:\/\/www.facebook.com\/kooningstheweddingpalace","og_image":[{"width":1669,"height":2355,"url":"https:\/\/www.koonings.com\/wp-content\/uploads\/2025\/09\/51476_5298ad19fb9d61d7b1e8dbb782833eca8e2409458594c6b6dbaa07842ffaf5fe55277485.jpeg","type":"image\/jpeg"}],"twitter_card":"summary_large_image","twitter_misc":{"Dur\u00e9e de lecture estim\u00e9e":"1 minute"},"schema":{"@context":"https:\/\/schema.org","@graph":[{"@type":"WebPage","@id":"https:\/\/www.koonings.com\/fr\/product\/azuree-bridal-amy-plus-426-0191\/","url":"https:\/\/www.koonings.com\/fr\/product\/azuree-bridal-amy-plus-426-0191\/","name":"Azuree Bridal Amy - plus 426.0191 | Koonings","isPartOf":{"@id":"https:\/\/www.koonings.com\/fr\/#website"},"primaryImageOfPage":{"@id":"https:\/\/www.koonings.com\/fr\/product\/azuree-bridal-amy-plus-426-0191\/#primaryimage"},"image":{"@id":"https:\/\/www.koonings.com\/fr\/product\/azuree-bridal-amy-plus-426-0191\/#primaryimage"},"thumbnailUrl":"https:\/\/www.koonings.com\/wp-content\/uploads\/2025\/09\/51476_5298ad19fb9d61d7b1e8dbb782833eca8e2409458594c6b6dbaa07842ffaf5fe55277485.jpeg","datePublished":"2026-04-28T16:40:31+00:00","description":"La robe de mari\u00e9e Amy a une allure sophistiqu\u00e9e et romantique. La silhouette ajust\u00e9e et \u00e9vas\u00e9e offre une coupe \u00e9l\u00e9gante qui met en valeur les formes f\u00e9minines. La robe est enti\u00e8rement doubl\u00e9e et poss\u00e8de un corsage illusion avec des manches amovibles, parfaites pour une mari\u00e9e polyvalente qui aime changer de style. La robe est orn\u00e9e d'appliques en dentelle 3D et d'un tulle subtilement scintillant, cr\u00e9ant un look \u00e0 la fois \u00e9tincelant et d\u00e9licat. Le syst\u00e8me de la\u00e7age au dos ajoute une touche classique et assure un ajustement parfait. L'impressionnante tra\u00eene en forme de goutte d'eau rend le dos encore plus sp\u00e9cial, ce qui est id\u00e9al pour une entr\u00e9e spectaculaire pendant la c\u00e9r\u00e9monie. Cette robe de mari\u00e9e est le choix id\u00e9al pour une mari\u00e9e qui recherche \u00e0 la fois le romantisme et la sophistication.","breadcrumb":{"@id":"https:\/\/www.koonings.com\/fr\/product\/azuree-bridal-amy-plus-426-0191\/#breadcrumb"},"inLanguage":"fr-FR","potentialAction":[{"@type":"ReadAction","target":["https:\/\/www.koonings.com\/fr\/product\/azuree-bridal-amy-plus-426-0191\/"]}]},{"@type":"ImageObject","inLanguage":"fr-FR","@id":"https:\/\/www.koonings.com\/fr\/product\/azuree-bridal-amy-plus-426-0191\/#primaryimage","url":"https:\/\/www.koonings.com\/wp-content\/uploads\/2025\/09\/51476_5298ad19fb9d61d7b1e8dbb782833eca8e2409458594c6b6dbaa07842ffaf5fe55277485.jpeg","contentUrl":"https:\/\/www.koonings.com\/wp-content\/uploads\/2025\/09\/51476_5298ad19fb9d61d7b1e8dbb782833eca8e2409458594c6b6dbaa07842ffaf5fe55277485.jpeg","width":1669,"height":2355},{"@type":"BreadcrumbList","@id":"https:\/\/www.koonings.com\/fr\/product\/azuree-bridal-amy-plus-426-0191\/#breadcrumb","itemListElement":[{"@type":"ListItem","position":1,"name":"Home","item":"https:\/\/www.koonings.com\/fr\/"},{"@type":"ListItem","position":2,"name":"Azuree Bridal Amy &#8211; plus 426.0191"}]},{"@type":"WebSite","@id":"https:\/\/www.koonings.com\/fr\/#website","url":"https:\/\/www.koonings.com\/fr\/","name":"Koonings","description":"De grootste bruidsmodewinkel ter wereld","publisher":{"@id":"https:\/\/www.koonings.com\/fr\/#organization"},"potentialAction":[{"@type":"SearchAction","target":{"@type":"EntryPoint","urlTemplate":"https:\/\/www.koonings.com\/fr\/?s={search_term_string}"},"query-input":{"@type":"PropertyValueSpecification","valueRequired":true,"valueName":"search_term_string"}}],"inLanguage":"fr-FR"},{"@type":"Organization","@id":"https:\/\/www.koonings.com\/fr\/#organization","name":"Koonings","url":"https:\/\/www.koonings.com\/fr\/","logo":{"@type":"ImageObject","inLanguage":"fr-FR","@id":"https:\/\/www.koonings.com\/fr\/#\/schema\/logo\/image\/","url":"https:\/\/www.koonings.com\/wp-content\/uploads\/2024\/07\/logo.png","contentUrl":"https:\/\/www.koonings.com\/wp-content\/uploads\/2024\/07\/logo.png","width":600,"height":428,"caption":"Koonings"},"image":{"@id":"https:\/\/www.koonings.com\/fr\/#\/schema\/logo\/image\/"},"sameAs":["https:\/\/www.facebook.com\/kooningstheweddingpalace","https:\/\/www.instagram.com\/kooningstheweddingpalace","https:\/\/www.pinterest.com\/koonings","https:\/\/www.youtube.com\/kooningstheweddingpalace"]}]}},"_links":{"self":[{"href":"https:\/\/www.koonings.com\/fr\/wp-json\/wp\/v2\/product\/93865","targetHints":{"allow":["GET"]}}],"collection":[{"href":"https:\/\/www.koonings.com\/fr\/wp-json\/wp\/v2\/product"}],"about":[{"href":"https:\/\/www.koonings.com\/fr\/wp-json\/wp\/v2\/types\/product"}],"wp:featuredmedia":[{"embeddable":true,"href":"https:\/\/www.koonings.com\/fr\/wp-json\/wp\/v2\/media\/92422"}],"wp:attachment":[{"href":"https:\/\/www.koonings.com\/fr\/wp-json\/wp\/v2\/media?parent=93865"}],"wp:term":[{"taxonomy":"productdetails","embeddable":true,"href":"https:\/\/www.koonings.com\/fr\/wp-json\/wp\/v2\/productdetails?post=93865"},{"taxonomy":"productneck","embeddable":true,"href":"https:\/\/www.koonings.com\/fr\/wp-json\/wp\/v2\/productneck?post=93865"},{"taxonomy":"productcolor","embeddable":true,"href":"https:\/\/www.koonings.com\/fr\/wp-json\/wp\/v2\/productcolor?post=93865"},{"taxonomy":"maat","embeddable":true,"href":"https:\/\/www.koonings.com\/fr\/wp-json\/wp\/v2\/maat?post=93865"},{"taxonomy":"productsupplier","embeddable":true,"href":"https:\/\/www.koonings.com\/fr\/wp-json\/wp\/v2\/productsupplier?post=93865"},{"taxonomy":"productsleeve","embeddable":true,"href":"https:\/\/www.koonings.com\/fr\/wp-json\/wp\/v2\/productsleeve?post=93865"},{"taxonomy":"productcategory","embeddable":true,"href":"https:\/\/www.koonings.com\/fr\/wp-json\/wp\/v2\/productcategory?post=93865"},{"taxonomy":"productsilhouette","embeddable":true,"href":"https:\/\/www.koonings.com\/fr\/wp-json\/wp\/v2\/productsilhouette?post=93865"},{"taxonomy":"productstyle","embeddable":true,"href":"https:\/\/www.koonings.com\/fr\/wp-json\/wp\/v2\/productstyle?post=93865"}],"curies":[{"name":"wp","href":"https:\/\/api.w.org\/{rel}","templated":true}]}}