{"id":93861,"date":"2026-04-28T18:40:50","date_gmt":"2026-04-28T16:40:50","guid":{"rendered":"https:\/\/www.koonings.com\/product\/azuree-bridal-ciska-526-0101\/"},"modified":"2026-02-17T12:54:10","modified_gmt":"2026-02-17T11:54:10","slug":"azuree-bridal-ciska-526-0101","status":"publish","type":"product","link":"https:\/\/www.koonings.com\/fr\/product\/azuree-bridal-ciska-526-0101\/","title":{"rendered":"Azuree Bridal Ciska 526.0101"},"content":{"rendered":"<p>Osez la diff\u00e9rence avec le mod\u00e8le Ciska &#8211; une robe de bal spectaculaire qui allie l&#8217;\u00e9l\u00e9gance intemporelle \u00e0 une touche audacieuse et moderne. La jupe superpos\u00e9e en tulle subtilement scintillant dans les tons gris est embellie par des appliques de dentelle noire profonde qui dansent sur la robe comme une \u0153uvre d&#8217;art. Le corsage est transparent et recouvert de dentelle florale noire, offrant un contraste saisissant et une touche de myst\u00e8re. Le d\u00e9collet\u00e9 profond et le dos transparent donnent \u00e0 cette pi\u00e8ce une touche sensuelle, sans sacrifier la classe.   <\/p>\n","protected":false},"featured_media":92262,"template":"","meta":{"_acf_changed":false,"ghostkit_customizer_options":"","ghostkit_custom_css":"","ghostkit_custom_js_head":"","ghostkit_custom_js_foot":"","ghostkit_typography":""},"productdetails":[379,376],"productneck":[356],"productcolor":[394],"maat":[],"productsupplier":[533],"productsleeve":[359],"productcategory":[18],"productsilhouette":[388],"productstyle":[372,366,370],"class_list":["post-93861","product","type-product","status-publish","has-post-thumbnail","hentry","productdetails-379","productdetails-376","productneck-356","productcolor-394","productsupplier-azuree-bridal","productsleeve-359","productcategory-trouwjurken","productsilhouette-388","productstyle-372","productstyle-366","productstyle-370"],"acf":[],"yoast_head":"<!-- This site is optimized with the Yoast SEO plugin v27.3 - https:\/\/yoast.com\/product\/yoast-seo-wordpress\/ -->\n<title>Azuree Bridal Ciska 526.0101 | Koonings<\/title>\n<meta name=\"description\" content=\"Osez la diff\u00e9rence avec le mod\u00e8le Ciska - une robe de bal spectaculaire qui allie l&#039;\u00e9l\u00e9gance intemporelle \u00e0 une touche audacieuse et moderne. La jupe superpos\u00e9e en tulle subtilement scintillant dans les tons gris est embellie par des appliques de dentelle noire profonde qui dansent sur la robe comme une \u0153uvre d&#039;art. Le corsage est transparent et recouvert de dentelle florale noire, offrant un contraste saisissant et une touche de myst\u00e8re. Le d\u00e9collet\u00e9 profond et le dos transparent donnent \u00e0 cette pi\u00e8ce une touche sensuelle, sans sacrifier la classe.\" \/>\n<meta name=\"robots\" content=\"index, follow, max-snippet:-1, max-image-preview:large, max-video-preview:-1\" \/>\n<link rel=\"canonical\" href=\"https:\/\/www.koonings.com\/fr\/product\/azuree-bridal-ciska-526-0101\/\" \/>\n<meta property=\"og:locale\" content=\"fr_FR\" \/>\n<meta property=\"og:type\" content=\"article\" \/>\n<meta property=\"og:title\" content=\"Azuree Bridal Ciska 526.0101 | Koonings\" \/>\n<meta property=\"og:description\" content=\"Osez la diff\u00e9rence avec le mod\u00e8le Ciska - une robe de bal spectaculaire qui allie l&#039;\u00e9l\u00e9gance intemporelle \u00e0 une touche audacieuse et moderne. La jupe superpos\u00e9e en tulle subtilement scintillant dans les tons gris est embellie par des appliques de dentelle noire profonde qui dansent sur la robe comme une \u0153uvre d&#039;art. Le corsage est transparent et recouvert de dentelle florale noire, offrant un contraste saisissant et une touche de myst\u00e8re. Le d\u00e9collet\u00e9 profond et le dos transparent donnent \u00e0 cette pi\u00e8ce une touche sensuelle, sans sacrifier la classe.\" \/>\n<meta property=\"og:url\" content=\"https:\/\/www.koonings.com\/fr\/product\/azuree-bridal-ciska-526-0101\/\" \/>\n<meta property=\"og:site_name\" content=\"Koonings\" \/>\n<meta property=\"article:publisher\" content=\"https:\/\/www.facebook.com\/kooningstheweddingpalace\" \/>\n<meta property=\"og:image\" content=\"https:\/\/www.koonings.com\/wp-content\/uploads\/2025\/09\/51525_166136645a40f11ce01ed765f619b5dfc033fc0fdd767cad5ca419803beb3aa6ed7e5978.jpeg\" \/>\n\t<meta property=\"og:image:width\" content=\"1666\" \/>\n\t<meta property=\"og:image:height\" content=\"2266\" \/>\n\t<meta property=\"og:image:type\" content=\"image\/jpeg\" \/>\n<meta name=\"twitter:card\" content=\"summary_large_image\" \/>\n<script type=\"application\/ld+json\" class=\"yoast-schema-graph\">{\"@context\":\"https:\\\/\\\/schema.org\",\"@graph\":[{\"@type\":\"WebPage\",\"@id\":\"https:\\\/\\\/www.koonings.com\\\/fr\\\/product\\\/azuree-bridal-ciska-526-0101\\\/\",\"url\":\"https:\\\/\\\/www.koonings.com\\\/fr\\\/product\\\/azuree-bridal-ciska-526-0101\\\/\",\"name\":\"Azuree Bridal Ciska 526.0101 | Koonings\",\"isPartOf\":{\"@id\":\"https:\\\/\\\/www.koonings.com\\\/fr\\\/#website\"},\"primaryImageOfPage\":{\"@id\":\"https:\\\/\\\/www.koonings.com\\\/fr\\\/product\\\/azuree-bridal-ciska-526-0101\\\/#primaryimage\"},\"image\":{\"@id\":\"https:\\\/\\\/www.koonings.com\\\/fr\\\/product\\\/azuree-bridal-ciska-526-0101\\\/#primaryimage\"},\"thumbnailUrl\":\"https:\\\/\\\/www.koonings.com\\\/wp-content\\\/uploads\\\/2025\\\/09\\\/51525_166136645a40f11ce01ed765f619b5dfc033fc0fdd767cad5ca419803beb3aa6ed7e5978.jpeg\",\"datePublished\":\"2026-04-28T16:40:50+00:00\",\"description\":\"Osez la diff\u00e9rence avec le mod\u00e8le Ciska - une robe de bal spectaculaire qui allie l'\u00e9l\u00e9gance intemporelle \u00e0 une touche audacieuse et moderne. La jupe superpos\u00e9e en tulle subtilement scintillant dans les tons gris est embellie par des appliques de dentelle noire profonde qui dansent sur la robe comme une \u0153uvre d'art. Le corsage est transparent et recouvert de dentelle florale noire, offrant un contraste saisissant et une touche de myst\u00e8re. Le d\u00e9collet\u00e9 profond et le dos transparent donnent \u00e0 cette pi\u00e8ce une touche sensuelle, sans sacrifier la classe.\",\"breadcrumb\":{\"@id\":\"https:\\\/\\\/www.koonings.com\\\/fr\\\/product\\\/azuree-bridal-ciska-526-0101\\\/#breadcrumb\"},\"inLanguage\":\"fr-FR\",\"potentialAction\":[{\"@type\":\"ReadAction\",\"target\":[\"https:\\\/\\\/www.koonings.com\\\/fr\\\/product\\\/azuree-bridal-ciska-526-0101\\\/\"]}]},{\"@type\":\"ImageObject\",\"inLanguage\":\"fr-FR\",\"@id\":\"https:\\\/\\\/www.koonings.com\\\/fr\\\/product\\\/azuree-bridal-ciska-526-0101\\\/#primaryimage\",\"url\":\"https:\\\/\\\/www.koonings.com\\\/wp-content\\\/uploads\\\/2025\\\/09\\\/51525_166136645a40f11ce01ed765f619b5dfc033fc0fdd767cad5ca419803beb3aa6ed7e5978.jpeg\",\"contentUrl\":\"https:\\\/\\\/www.koonings.com\\\/wp-content\\\/uploads\\\/2025\\\/09\\\/51525_166136645a40f11ce01ed765f619b5dfc033fc0fdd767cad5ca419803beb3aa6ed7e5978.jpeg\",\"width\":1666,\"height\":2266},{\"@type\":\"BreadcrumbList\",\"@id\":\"https:\\\/\\\/www.koonings.com\\\/fr\\\/product\\\/azuree-bridal-ciska-526-0101\\\/#breadcrumb\",\"itemListElement\":[{\"@type\":\"ListItem\",\"position\":1,\"name\":\"Home\",\"item\":\"https:\\\/\\\/www.koonings.com\\\/fr\\\/\"},{\"@type\":\"ListItem\",\"position\":2,\"name\":\"Azuree Bridal Ciska 526.0101\"}]},{\"@type\":\"WebSite\",\"@id\":\"https:\\\/\\\/www.koonings.com\\\/fr\\\/#website\",\"url\":\"https:\\\/\\\/www.koonings.com\\\/fr\\\/\",\"name\":\"Koonings\",\"description\":\"De grootste bruidsmodewinkel ter wereld\",\"publisher\":{\"@id\":\"https:\\\/\\\/www.koonings.com\\\/fr\\\/#organization\"},\"potentialAction\":[{\"@type\":\"SearchAction\",\"target\":{\"@type\":\"EntryPoint\",\"urlTemplate\":\"https:\\\/\\\/www.koonings.com\\\/fr\\\/?s={search_term_string}\"},\"query-input\":{\"@type\":\"PropertyValueSpecification\",\"valueRequired\":true,\"valueName\":\"search_term_string\"}}],\"inLanguage\":\"fr-FR\"},{\"@type\":\"Organization\",\"@id\":\"https:\\\/\\\/www.koonings.com\\\/fr\\\/#organization\",\"name\":\"Koonings\",\"url\":\"https:\\\/\\\/www.koonings.com\\\/fr\\\/\",\"logo\":{\"@type\":\"ImageObject\",\"inLanguage\":\"fr-FR\",\"@id\":\"https:\\\/\\\/www.koonings.com\\\/fr\\\/#\\\/schema\\\/logo\\\/image\\\/\",\"url\":\"https:\\\/\\\/www.koonings.com\\\/wp-content\\\/uploads\\\/2024\\\/07\\\/logo.png\",\"contentUrl\":\"https:\\\/\\\/www.koonings.com\\\/wp-content\\\/uploads\\\/2024\\\/07\\\/logo.png\",\"width\":600,\"height\":428,\"caption\":\"Koonings\"},\"image\":{\"@id\":\"https:\\\/\\\/www.koonings.com\\\/fr\\\/#\\\/schema\\\/logo\\\/image\\\/\"},\"sameAs\":[\"https:\\\/\\\/www.facebook.com\\\/kooningstheweddingpalace\",\"https:\\\/\\\/www.instagram.com\\\/kooningstheweddingpalace\",\"https:\\\/\\\/www.pinterest.com\\\/koonings\",\"https:\\\/\\\/www.youtube.com\\\/kooningstheweddingpalace\"]}]}<\/script>\n<!-- \/ Yoast SEO plugin. -->","yoast_head_json":{"title":"Azuree Bridal Ciska 526.0101 | Koonings","description":"Osez la diff\u00e9rence avec le mod\u00e8le Ciska - une robe de bal spectaculaire qui allie l'\u00e9l\u00e9gance intemporelle \u00e0 une touche audacieuse et moderne. La jupe superpos\u00e9e en tulle subtilement scintillant dans les tons gris est embellie par des appliques de dentelle noire profonde qui dansent sur la robe comme une \u0153uvre d'art. Le corsage est transparent et recouvert de dentelle florale noire, offrant un contraste saisissant et une touche de myst\u00e8re. Le d\u00e9collet\u00e9 profond et le dos transparent donnent \u00e0 cette pi\u00e8ce une touche sensuelle, sans sacrifier la classe.","robots":{"index":"index","follow":"follow","max-snippet":"max-snippet:-1","max-image-preview":"max-image-preview:large","max-video-preview":"max-video-preview:-1"},"canonical":"https:\/\/www.koonings.com\/fr\/product\/azuree-bridal-ciska-526-0101\/","og_locale":"fr_FR","og_type":"article","og_title":"Azuree Bridal Ciska 526.0101 | Koonings","og_description":"Osez la diff\u00e9rence avec le mod\u00e8le Ciska - une robe de bal spectaculaire qui allie l'\u00e9l\u00e9gance intemporelle \u00e0 une touche audacieuse et moderne. La jupe superpos\u00e9e en tulle subtilement scintillant dans les tons gris est embellie par des appliques de dentelle noire profonde qui dansent sur la robe comme une \u0153uvre d'art. Le corsage est transparent et recouvert de dentelle florale noire, offrant un contraste saisissant et une touche de myst\u00e8re. Le d\u00e9collet\u00e9 profond et le dos transparent donnent \u00e0 cette pi\u00e8ce une touche sensuelle, sans sacrifier la classe.","og_url":"https:\/\/www.koonings.com\/fr\/product\/azuree-bridal-ciska-526-0101\/","og_site_name":"Koonings","article_publisher":"https:\/\/www.facebook.com\/kooningstheweddingpalace","og_image":[{"width":1666,"height":2266,"url":"https:\/\/www.koonings.com\/wp-content\/uploads\/2025\/09\/51525_166136645a40f11ce01ed765f619b5dfc033fc0fdd767cad5ca419803beb3aa6ed7e5978.jpeg","type":"image\/jpeg"}],"twitter_card":"summary_large_image","schema":{"@context":"https:\/\/schema.org","@graph":[{"@type":"WebPage","@id":"https:\/\/www.koonings.com\/fr\/product\/azuree-bridal-ciska-526-0101\/","url":"https:\/\/www.koonings.com\/fr\/product\/azuree-bridal-ciska-526-0101\/","name":"Azuree Bridal Ciska 526.0101 | Koonings","isPartOf":{"@id":"https:\/\/www.koonings.com\/fr\/#website"},"primaryImageOfPage":{"@id":"https:\/\/www.koonings.com\/fr\/product\/azuree-bridal-ciska-526-0101\/#primaryimage"},"image":{"@id":"https:\/\/www.koonings.com\/fr\/product\/azuree-bridal-ciska-526-0101\/#primaryimage"},"thumbnailUrl":"https:\/\/www.koonings.com\/wp-content\/uploads\/2025\/09\/51525_166136645a40f11ce01ed765f619b5dfc033fc0fdd767cad5ca419803beb3aa6ed7e5978.jpeg","datePublished":"2026-04-28T16:40:50+00:00","description":"Osez la diff\u00e9rence avec le mod\u00e8le Ciska - une robe de bal spectaculaire qui allie l'\u00e9l\u00e9gance intemporelle \u00e0 une touche audacieuse et moderne. La jupe superpos\u00e9e en tulle subtilement scintillant dans les tons gris est embellie par des appliques de dentelle noire profonde qui dansent sur la robe comme une \u0153uvre d'art. Le corsage est transparent et recouvert de dentelle florale noire, offrant un contraste saisissant et une touche de myst\u00e8re. Le d\u00e9collet\u00e9 profond et le dos transparent donnent \u00e0 cette pi\u00e8ce une touche sensuelle, sans sacrifier la classe.","breadcrumb":{"@id":"https:\/\/www.koonings.com\/fr\/product\/azuree-bridal-ciska-526-0101\/#breadcrumb"},"inLanguage":"fr-FR","potentialAction":[{"@type":"ReadAction","target":["https:\/\/www.koonings.com\/fr\/product\/azuree-bridal-ciska-526-0101\/"]}]},{"@type":"ImageObject","inLanguage":"fr-FR","@id":"https:\/\/www.koonings.com\/fr\/product\/azuree-bridal-ciska-526-0101\/#primaryimage","url":"https:\/\/www.koonings.com\/wp-content\/uploads\/2025\/09\/51525_166136645a40f11ce01ed765f619b5dfc033fc0fdd767cad5ca419803beb3aa6ed7e5978.jpeg","contentUrl":"https:\/\/www.koonings.com\/wp-content\/uploads\/2025\/09\/51525_166136645a40f11ce01ed765f619b5dfc033fc0fdd767cad5ca419803beb3aa6ed7e5978.jpeg","width":1666,"height":2266},{"@type":"BreadcrumbList","@id":"https:\/\/www.koonings.com\/fr\/product\/azuree-bridal-ciska-526-0101\/#breadcrumb","itemListElement":[{"@type":"ListItem","position":1,"name":"Home","item":"https:\/\/www.koonings.com\/fr\/"},{"@type":"ListItem","position":2,"name":"Azuree Bridal Ciska 526.0101"}]},{"@type":"WebSite","@id":"https:\/\/www.koonings.com\/fr\/#website","url":"https:\/\/www.koonings.com\/fr\/","name":"Koonings","description":"De grootste bruidsmodewinkel ter wereld","publisher":{"@id":"https:\/\/www.koonings.com\/fr\/#organization"},"potentialAction":[{"@type":"SearchAction","target":{"@type":"EntryPoint","urlTemplate":"https:\/\/www.koonings.com\/fr\/?s={search_term_string}"},"query-input":{"@type":"PropertyValueSpecification","valueRequired":true,"valueName":"search_term_string"}}],"inLanguage":"fr-FR"},{"@type":"Organization","@id":"https:\/\/www.koonings.com\/fr\/#organization","name":"Koonings","url":"https:\/\/www.koonings.com\/fr\/","logo":{"@type":"ImageObject","inLanguage":"fr-FR","@id":"https:\/\/www.koonings.com\/fr\/#\/schema\/logo\/image\/","url":"https:\/\/www.koonings.com\/wp-content\/uploads\/2024\/07\/logo.png","contentUrl":"https:\/\/www.koonings.com\/wp-content\/uploads\/2024\/07\/logo.png","width":600,"height":428,"caption":"Koonings"},"image":{"@id":"https:\/\/www.koonings.com\/fr\/#\/schema\/logo\/image\/"},"sameAs":["https:\/\/www.facebook.com\/kooningstheweddingpalace","https:\/\/www.instagram.com\/kooningstheweddingpalace","https:\/\/www.pinterest.com\/koonings","https:\/\/www.youtube.com\/kooningstheweddingpalace"]}]}},"_links":{"self":[{"href":"https:\/\/www.koonings.com\/fr\/wp-json\/wp\/v2\/product\/93861","targetHints":{"allow":["GET"]}}],"collection":[{"href":"https:\/\/www.koonings.com\/fr\/wp-json\/wp\/v2\/product"}],"about":[{"href":"https:\/\/www.koonings.com\/fr\/wp-json\/wp\/v2\/types\/product"}],"wp:featuredmedia":[{"embeddable":true,"href":"https:\/\/www.koonings.com\/fr\/wp-json\/wp\/v2\/media\/92262"}],"wp:attachment":[{"href":"https:\/\/www.koonings.com\/fr\/wp-json\/wp\/v2\/media?parent=93861"}],"wp:term":[{"taxonomy":"productdetails","embeddable":true,"href":"https:\/\/www.koonings.com\/fr\/wp-json\/wp\/v2\/productdetails?post=93861"},{"taxonomy":"productneck","embeddable":true,"href":"https:\/\/www.koonings.com\/fr\/wp-json\/wp\/v2\/productneck?post=93861"},{"taxonomy":"productcolor","embeddable":true,"href":"https:\/\/www.koonings.com\/fr\/wp-json\/wp\/v2\/productcolor?post=93861"},{"taxonomy":"maat","embeddable":true,"href":"https:\/\/www.koonings.com\/fr\/wp-json\/wp\/v2\/maat?post=93861"},{"taxonomy":"productsupplier","embeddable":true,"href":"https:\/\/www.koonings.com\/fr\/wp-json\/wp\/v2\/productsupplier?post=93861"},{"taxonomy":"productsleeve","embeddable":true,"href":"https:\/\/www.koonings.com\/fr\/wp-json\/wp\/v2\/productsleeve?post=93861"},{"taxonomy":"productcategory","embeddable":true,"href":"https:\/\/www.koonings.com\/fr\/wp-json\/wp\/v2\/productcategory?post=93861"},{"taxonomy":"productsilhouette","embeddable":true,"href":"https:\/\/www.koonings.com\/fr\/wp-json\/wp\/v2\/productsilhouette?post=93861"},{"taxonomy":"productstyle","embeddable":true,"href":"https:\/\/www.koonings.com\/fr\/wp-json\/wp\/v2\/productstyle?post=93861"}],"curies":[{"name":"wp","href":"https:\/\/api.w.org\/{rel}","templated":true}]}}