{"id":93833,"date":"2026-04-28T18:38:33","date_gmt":"2026-04-28T16:38:33","guid":{"rendered":"https:\/\/www.koonings.com\/product\/rebecca-ingram-cory-25rs313a01\/"},"modified":"2026-02-17T12:52:54","modified_gmt":"2026-02-17T11:52:54","slug":"rebecca-ingram-cory-25rs313a01","status":"publish","type":"product","link":"https:\/\/www.koonings.com\/fr\/product\/rebecca-ingram-cory-25rs313a01\/","title":{"rendered":"Rebecca Ingram Cory 25RS313A01"},"content":{"rendered":"<p>Rayonnante, \u00e9l\u00e9gante et intemporelle : la Cory est une robe de mari\u00e9e de ligne A en mousseline de soie a\u00e9rienne, avec une taille basque flatteuse qui met joliment en valeur votre silhouette. La fente lat\u00e9rale ajoute un d\u00e9tail ludique et moderne, id\u00e9al pour la mari\u00e9e qui souhaite combiner style et libert\u00e9 de mouvement. <\/p>\n<p>Parfait pour une journ\u00e9e de danse, d&#8217;amusement et de romance, Cory vous fera briller \u00e0 chaque \u00e9tape de votre grand jour.<\/p>\n","protected":false},"featured_media":92743,"template":"","meta":{"_acf_changed":false,"ghostkit_customizer_options":"","ghostkit_custom_css":"","ghostkit_custom_js_head":"","ghostkit_custom_js_foot":"","ghostkit_typography":""},"productdetails":[378],"productneck":[352],"productcolor":[392],"maat":[],"productsupplier":[433],"productsleeve":[359],"productcategory":[18],"productsilhouette":[384,389],"productstyle":[371,370],"class_list":["post-93833","product","type-product","status-publish","has-post-thumbnail","hentry","productdetails-378","productneck-352","productcolor-392","productsupplier-rebecca-ingram","productsleeve-359","productcategory-trouwjurken","productsilhouette-384","productsilhouette-389","productstyle-371","productstyle-370"],"acf":[],"yoast_head":"<!-- This site is optimized with the Yoast SEO plugin v27.3 - https:\/\/yoast.com\/product\/yoast-seo-wordpress\/ -->\n<title>Rebecca Ingram Cory 25RS313A01 | Koonings<\/title>\n<meta name=\"description\" content=\"Rayonnante, \u00e9l\u00e9gante et intemporelle : la Cory est une robe de mari\u00e9e de ligne A en mousseline de soie a\u00e9rienne, avec une taille basque flatteuse qui met joliment en valeur votre silhouette. La fente lat\u00e9rale ajoute un d\u00e9tail ludique et moderne, id\u00e9al pour la mari\u00e9e qui souhaite combiner style et libert\u00e9 de mouvement. Parfait pour une journ\u00e9e de danse, d&#039;amusement et de romance, Cory vous fera briller \u00e0 chaque \u00e9tape de votre grand jour.\" \/>\n<meta name=\"robots\" content=\"index, follow, max-snippet:-1, max-image-preview:large, max-video-preview:-1\" \/>\n<link rel=\"canonical\" href=\"https:\/\/www.koonings.com\/fr\/product\/rebecca-ingram-cory-25rs313a01\/\" \/>\n<meta property=\"og:locale\" content=\"fr_FR\" \/>\n<meta property=\"og:type\" content=\"article\" \/>\n<meta property=\"og:title\" content=\"Rebecca Ingram Cory 25RS313A01 | Koonings\" \/>\n<meta property=\"og:description\" content=\"Rayonnante, \u00e9l\u00e9gante et intemporelle : la Cory est une robe de mari\u00e9e de ligne A en mousseline de soie a\u00e9rienne, avec une taille basque flatteuse qui met joliment en valeur votre silhouette. La fente lat\u00e9rale ajoute un d\u00e9tail ludique et moderne, id\u00e9al pour la mari\u00e9e qui souhaite combiner style et libert\u00e9 de mouvement. Parfait pour une journ\u00e9e de danse, d&#039;amusement et de romance, Cory vous fera briller \u00e0 chaque \u00e9tape de votre grand jour.\" \/>\n<meta property=\"og:url\" content=\"https:\/\/www.koonings.com\/fr\/product\/rebecca-ingram-cory-25rs313a01\/\" \/>\n<meta property=\"og:site_name\" content=\"Koonings\" \/>\n<meta property=\"article:publisher\" content=\"https:\/\/www.facebook.com\/kooningstheweddingpalace\" \/>\n<meta property=\"og:image\" content=\"https:\/\/www.koonings.com\/wp-content\/uploads\/2025\/09\/51288_8ba95a4e0f967b1d3235f4f5a53ab98a2e07a0e3484d43eed1d21788fcf184489bcf7592.jpeg\" \/>\n\t<meta property=\"og:image:width\" content=\"1440\" \/>\n\t<meta property=\"og:image:height\" content=\"1920\" \/>\n\t<meta property=\"og:image:type\" content=\"image\/jpeg\" \/>\n<meta name=\"twitter:card\" content=\"summary_large_image\" \/>\n<script type=\"application\/ld+json\" class=\"yoast-schema-graph\">{\"@context\":\"https:\\\/\\\/schema.org\",\"@graph\":[{\"@type\":\"WebPage\",\"@id\":\"https:\\\/\\\/www.koonings.com\\\/fr\\\/product\\\/rebecca-ingram-cory-25rs313a01\\\/\",\"url\":\"https:\\\/\\\/www.koonings.com\\\/fr\\\/product\\\/rebecca-ingram-cory-25rs313a01\\\/\",\"name\":\"Rebecca Ingram Cory 25RS313A01 | Koonings\",\"isPartOf\":{\"@id\":\"https:\\\/\\\/www.koonings.com\\\/fr\\\/#website\"},\"primaryImageOfPage\":{\"@id\":\"https:\\\/\\\/www.koonings.com\\\/fr\\\/product\\\/rebecca-ingram-cory-25rs313a01\\\/#primaryimage\"},\"image\":{\"@id\":\"https:\\\/\\\/www.koonings.com\\\/fr\\\/product\\\/rebecca-ingram-cory-25rs313a01\\\/#primaryimage\"},\"thumbnailUrl\":\"https:\\\/\\\/www.koonings.com\\\/wp-content\\\/uploads\\\/2025\\\/09\\\/51288_8ba95a4e0f967b1d3235f4f5a53ab98a2e07a0e3484d43eed1d21788fcf184489bcf7592.jpeg\",\"datePublished\":\"2026-04-28T16:38:33+00:00\",\"description\":\"Rayonnante, \u00e9l\u00e9gante et intemporelle : la Cory est une robe de mari\u00e9e de ligne A en mousseline de soie a\u00e9rienne, avec une taille basque flatteuse qui met joliment en valeur votre silhouette. La fente lat\u00e9rale ajoute un d\u00e9tail ludique et moderne, id\u00e9al pour la mari\u00e9e qui souhaite combiner style et libert\u00e9 de mouvement. Parfait pour une journ\u00e9e de danse, d'amusement et de romance, Cory vous fera briller \u00e0 chaque \u00e9tape de votre grand jour.\",\"breadcrumb\":{\"@id\":\"https:\\\/\\\/www.koonings.com\\\/fr\\\/product\\\/rebecca-ingram-cory-25rs313a01\\\/#breadcrumb\"},\"inLanguage\":\"fr-FR\",\"potentialAction\":[{\"@type\":\"ReadAction\",\"target\":[\"https:\\\/\\\/www.koonings.com\\\/fr\\\/product\\\/rebecca-ingram-cory-25rs313a01\\\/\"]}]},{\"@type\":\"ImageObject\",\"inLanguage\":\"fr-FR\",\"@id\":\"https:\\\/\\\/www.koonings.com\\\/fr\\\/product\\\/rebecca-ingram-cory-25rs313a01\\\/#primaryimage\",\"url\":\"https:\\\/\\\/www.koonings.com\\\/wp-content\\\/uploads\\\/2025\\\/09\\\/51288_8ba95a4e0f967b1d3235f4f5a53ab98a2e07a0e3484d43eed1d21788fcf184489bcf7592.jpeg\",\"contentUrl\":\"https:\\\/\\\/www.koonings.com\\\/wp-content\\\/uploads\\\/2025\\\/09\\\/51288_8ba95a4e0f967b1d3235f4f5a53ab98a2e07a0e3484d43eed1d21788fcf184489bcf7592.jpeg\",\"width\":1440,\"height\":1920},{\"@type\":\"BreadcrumbList\",\"@id\":\"https:\\\/\\\/www.koonings.com\\\/fr\\\/product\\\/rebecca-ingram-cory-25rs313a01\\\/#breadcrumb\",\"itemListElement\":[{\"@type\":\"ListItem\",\"position\":1,\"name\":\"Home\",\"item\":\"https:\\\/\\\/www.koonings.com\\\/fr\\\/\"},{\"@type\":\"ListItem\",\"position\":2,\"name\":\"Rebecca Ingram Cory 25RS313A01\"}]},{\"@type\":\"WebSite\",\"@id\":\"https:\\\/\\\/www.koonings.com\\\/fr\\\/#website\",\"url\":\"https:\\\/\\\/www.koonings.com\\\/fr\\\/\",\"name\":\"Koonings\",\"description\":\"De grootste bruidsmodewinkel ter wereld\",\"publisher\":{\"@id\":\"https:\\\/\\\/www.koonings.com\\\/fr\\\/#organization\"},\"potentialAction\":[{\"@type\":\"SearchAction\",\"target\":{\"@type\":\"EntryPoint\",\"urlTemplate\":\"https:\\\/\\\/www.koonings.com\\\/fr\\\/?s={search_term_string}\"},\"query-input\":{\"@type\":\"PropertyValueSpecification\",\"valueRequired\":true,\"valueName\":\"search_term_string\"}}],\"inLanguage\":\"fr-FR\"},{\"@type\":\"Organization\",\"@id\":\"https:\\\/\\\/www.koonings.com\\\/fr\\\/#organization\",\"name\":\"Koonings\",\"url\":\"https:\\\/\\\/www.koonings.com\\\/fr\\\/\",\"logo\":{\"@type\":\"ImageObject\",\"inLanguage\":\"fr-FR\",\"@id\":\"https:\\\/\\\/www.koonings.com\\\/fr\\\/#\\\/schema\\\/logo\\\/image\\\/\",\"url\":\"https:\\\/\\\/www.koonings.com\\\/wp-content\\\/uploads\\\/2024\\\/07\\\/logo.png\",\"contentUrl\":\"https:\\\/\\\/www.koonings.com\\\/wp-content\\\/uploads\\\/2024\\\/07\\\/logo.png\",\"width\":600,\"height\":428,\"caption\":\"Koonings\"},\"image\":{\"@id\":\"https:\\\/\\\/www.koonings.com\\\/fr\\\/#\\\/schema\\\/logo\\\/image\\\/\"},\"sameAs\":[\"https:\\\/\\\/www.facebook.com\\\/kooningstheweddingpalace\",\"https:\\\/\\\/www.instagram.com\\\/kooningstheweddingpalace\",\"https:\\\/\\\/www.pinterest.com\\\/koonings\",\"https:\\\/\\\/www.youtube.com\\\/kooningstheweddingpalace\"]}]}<\/script>\n<!-- \/ Yoast SEO plugin. -->","yoast_head_json":{"title":"Rebecca Ingram Cory 25RS313A01 | Koonings","description":"Rayonnante, \u00e9l\u00e9gante et intemporelle : la Cory est une robe de mari\u00e9e de ligne A en mousseline de soie a\u00e9rienne, avec une taille basque flatteuse qui met joliment en valeur votre silhouette. La fente lat\u00e9rale ajoute un d\u00e9tail ludique et moderne, id\u00e9al pour la mari\u00e9e qui souhaite combiner style et libert\u00e9 de mouvement. Parfait pour une journ\u00e9e de danse, d'amusement et de romance, Cory vous fera briller \u00e0 chaque \u00e9tape de votre grand jour.","robots":{"index":"index","follow":"follow","max-snippet":"max-snippet:-1","max-image-preview":"max-image-preview:large","max-video-preview":"max-video-preview:-1"},"canonical":"https:\/\/www.koonings.com\/fr\/product\/rebecca-ingram-cory-25rs313a01\/","og_locale":"fr_FR","og_type":"article","og_title":"Rebecca Ingram Cory 25RS313A01 | Koonings","og_description":"Rayonnante, \u00e9l\u00e9gante et intemporelle : la Cory est une robe de mari\u00e9e de ligne A en mousseline de soie a\u00e9rienne, avec une taille basque flatteuse qui met joliment en valeur votre silhouette. La fente lat\u00e9rale ajoute un d\u00e9tail ludique et moderne, id\u00e9al pour la mari\u00e9e qui souhaite combiner style et libert\u00e9 de mouvement. Parfait pour une journ\u00e9e de danse, d'amusement et de romance, Cory vous fera briller \u00e0 chaque \u00e9tape de votre grand jour.","og_url":"https:\/\/www.koonings.com\/fr\/product\/rebecca-ingram-cory-25rs313a01\/","og_site_name":"Koonings","article_publisher":"https:\/\/www.facebook.com\/kooningstheweddingpalace","og_image":[{"width":1440,"height":1920,"url":"https:\/\/www.koonings.com\/wp-content\/uploads\/2025\/09\/51288_8ba95a4e0f967b1d3235f4f5a53ab98a2e07a0e3484d43eed1d21788fcf184489bcf7592.jpeg","type":"image\/jpeg"}],"twitter_card":"summary_large_image","schema":{"@context":"https:\/\/schema.org","@graph":[{"@type":"WebPage","@id":"https:\/\/www.koonings.com\/fr\/product\/rebecca-ingram-cory-25rs313a01\/","url":"https:\/\/www.koonings.com\/fr\/product\/rebecca-ingram-cory-25rs313a01\/","name":"Rebecca Ingram Cory 25RS313A01 | Koonings","isPartOf":{"@id":"https:\/\/www.koonings.com\/fr\/#website"},"primaryImageOfPage":{"@id":"https:\/\/www.koonings.com\/fr\/product\/rebecca-ingram-cory-25rs313a01\/#primaryimage"},"image":{"@id":"https:\/\/www.koonings.com\/fr\/product\/rebecca-ingram-cory-25rs313a01\/#primaryimage"},"thumbnailUrl":"https:\/\/www.koonings.com\/wp-content\/uploads\/2025\/09\/51288_8ba95a4e0f967b1d3235f4f5a53ab98a2e07a0e3484d43eed1d21788fcf184489bcf7592.jpeg","datePublished":"2026-04-28T16:38:33+00:00","description":"Rayonnante, \u00e9l\u00e9gante et intemporelle : la Cory est une robe de mari\u00e9e de ligne A en mousseline de soie a\u00e9rienne, avec une taille basque flatteuse qui met joliment en valeur votre silhouette. La fente lat\u00e9rale ajoute un d\u00e9tail ludique et moderne, id\u00e9al pour la mari\u00e9e qui souhaite combiner style et libert\u00e9 de mouvement. Parfait pour une journ\u00e9e de danse, d'amusement et de romance, Cory vous fera briller \u00e0 chaque \u00e9tape de votre grand jour.","breadcrumb":{"@id":"https:\/\/www.koonings.com\/fr\/product\/rebecca-ingram-cory-25rs313a01\/#breadcrumb"},"inLanguage":"fr-FR","potentialAction":[{"@type":"ReadAction","target":["https:\/\/www.koonings.com\/fr\/product\/rebecca-ingram-cory-25rs313a01\/"]}]},{"@type":"ImageObject","inLanguage":"fr-FR","@id":"https:\/\/www.koonings.com\/fr\/product\/rebecca-ingram-cory-25rs313a01\/#primaryimage","url":"https:\/\/www.koonings.com\/wp-content\/uploads\/2025\/09\/51288_8ba95a4e0f967b1d3235f4f5a53ab98a2e07a0e3484d43eed1d21788fcf184489bcf7592.jpeg","contentUrl":"https:\/\/www.koonings.com\/wp-content\/uploads\/2025\/09\/51288_8ba95a4e0f967b1d3235f4f5a53ab98a2e07a0e3484d43eed1d21788fcf184489bcf7592.jpeg","width":1440,"height":1920},{"@type":"BreadcrumbList","@id":"https:\/\/www.koonings.com\/fr\/product\/rebecca-ingram-cory-25rs313a01\/#breadcrumb","itemListElement":[{"@type":"ListItem","position":1,"name":"Home","item":"https:\/\/www.koonings.com\/fr\/"},{"@type":"ListItem","position":2,"name":"Rebecca Ingram Cory 25RS313A01"}]},{"@type":"WebSite","@id":"https:\/\/www.koonings.com\/fr\/#website","url":"https:\/\/www.koonings.com\/fr\/","name":"Koonings","description":"De grootste bruidsmodewinkel ter wereld","publisher":{"@id":"https:\/\/www.koonings.com\/fr\/#organization"},"potentialAction":[{"@type":"SearchAction","target":{"@type":"EntryPoint","urlTemplate":"https:\/\/www.koonings.com\/fr\/?s={search_term_string}"},"query-input":{"@type":"PropertyValueSpecification","valueRequired":true,"valueName":"search_term_string"}}],"inLanguage":"fr-FR"},{"@type":"Organization","@id":"https:\/\/www.koonings.com\/fr\/#organization","name":"Koonings","url":"https:\/\/www.koonings.com\/fr\/","logo":{"@type":"ImageObject","inLanguage":"fr-FR","@id":"https:\/\/www.koonings.com\/fr\/#\/schema\/logo\/image\/","url":"https:\/\/www.koonings.com\/wp-content\/uploads\/2024\/07\/logo.png","contentUrl":"https:\/\/www.koonings.com\/wp-content\/uploads\/2024\/07\/logo.png","width":600,"height":428,"caption":"Koonings"},"image":{"@id":"https:\/\/www.koonings.com\/fr\/#\/schema\/logo\/image\/"},"sameAs":["https:\/\/www.facebook.com\/kooningstheweddingpalace","https:\/\/www.instagram.com\/kooningstheweddingpalace","https:\/\/www.pinterest.com\/koonings","https:\/\/www.youtube.com\/kooningstheweddingpalace"]}]}},"_links":{"self":[{"href":"https:\/\/www.koonings.com\/fr\/wp-json\/wp\/v2\/product\/93833","targetHints":{"allow":["GET"]}}],"collection":[{"href":"https:\/\/www.koonings.com\/fr\/wp-json\/wp\/v2\/product"}],"about":[{"href":"https:\/\/www.koonings.com\/fr\/wp-json\/wp\/v2\/types\/product"}],"wp:featuredmedia":[{"embeddable":true,"href":"https:\/\/www.koonings.com\/fr\/wp-json\/wp\/v2\/media\/92743"}],"wp:attachment":[{"href":"https:\/\/www.koonings.com\/fr\/wp-json\/wp\/v2\/media?parent=93833"}],"wp:term":[{"taxonomy":"productdetails","embeddable":true,"href":"https:\/\/www.koonings.com\/fr\/wp-json\/wp\/v2\/productdetails?post=93833"},{"taxonomy":"productneck","embeddable":true,"href":"https:\/\/www.koonings.com\/fr\/wp-json\/wp\/v2\/productneck?post=93833"},{"taxonomy":"productcolor","embeddable":true,"href":"https:\/\/www.koonings.com\/fr\/wp-json\/wp\/v2\/productcolor?post=93833"},{"taxonomy":"maat","embeddable":true,"href":"https:\/\/www.koonings.com\/fr\/wp-json\/wp\/v2\/maat?post=93833"},{"taxonomy":"productsupplier","embeddable":true,"href":"https:\/\/www.koonings.com\/fr\/wp-json\/wp\/v2\/productsupplier?post=93833"},{"taxonomy":"productsleeve","embeddable":true,"href":"https:\/\/www.koonings.com\/fr\/wp-json\/wp\/v2\/productsleeve?post=93833"},{"taxonomy":"productcategory","embeddable":true,"href":"https:\/\/www.koonings.com\/fr\/wp-json\/wp\/v2\/productcategory?post=93833"},{"taxonomy":"productsilhouette","embeddable":true,"href":"https:\/\/www.koonings.com\/fr\/wp-json\/wp\/v2\/productsilhouette?post=93833"},{"taxonomy":"productstyle","embeddable":true,"href":"https:\/\/www.koonings.com\/fr\/wp-json\/wp\/v2\/productstyle?post=93833"}],"curies":[{"name":"wp","href":"https:\/\/api.w.org\/{rel}","templated":true}]}}