{"id":93829,"date":"2026-05-06T15:40:46","date_gmt":"2026-05-06T13:40:46","guid":{"rendered":"https:\/\/www.koonings.com\/product\/azuree-bridal-anouk-426-0291\/"},"modified":"2026-02-17T12:52:14","modified_gmt":"2026-02-17T11:52:14","slug":"azuree-bridal-anouk-426-0291","status":"publish","type":"product","link":"https:\/\/www.koonings.com\/fr\/product\/azuree-bridal-anouk-426-0291\/","title":{"rendered":"Azuree Bridal Anouk 426.0291"},"content":{"rendered":"<p>La robe de mari\u00e9e Anouk est un excellent choix pour les mari\u00e9es qui recherchent une combinaison d&#8217;\u00e9l\u00e9gance et de modernit\u00e9. La robe pr\u00e9sente un d\u00e9collet\u00e9 en V profond qui cr\u00e9e une allure sophistiqu\u00e9e et s\u00e9duisante. Les d\u00e9licates applications de dentelle 3D sur le corsage transparent ajoutent une touche de romantisme, tandis que les d\u00e9coupes lat\u00e9rales donnent \u00e0 la robe une touche de modernit\u00e9. Cette combinaison d&#8217;\u00e9l\u00e9ments classiques et modernes fait de l&#8217;Anouk 24240 un choix polyvalent. Le dos en trou de serrure et la tra\u00eene illusion ajoutent un \u00e9l\u00e9ment dramatique parfait pour une mari\u00e9e qui veut se d\u00e9marquer. La tra\u00eene bouge magnifiquement \u00e0 chaque pas et fait une entr\u00e9e impressionnante. Cette robe est con\u00e7ue pour les mari\u00e9es qui aiment la sophistication et qui n&#8217;ont pas peur de montrer leur personnalit\u00e9 le jour de leur mariage. L&#8217;Anouk est une pi\u00e8ce de choix qui est \u00e0 la fois \u00e9l\u00e9gante et accrocheuse.       <\/p>\n","protected":false},"featured_media":92530,"template":"","meta":{"_acf_changed":false,"ghostkit_customizer_options":"","ghostkit_custom_css":"","ghostkit_custom_js_head":"","ghostkit_custom_js_foot":"","ghostkit_typography":""},"productdetails":[379,383],"productneck":[356],"productcolor":[393,392],"maat":[],"productsupplier":[533],"productsleeve":[359],"productcategory":[18],"productsilhouette":[387],"productstyle":[369,371],"class_list":["post-93829","product","type-product","status-publish","has-post-thumbnail","hentry","productdetails-379","productdetails-383","productneck-356","productcolor-393","productcolor-392","productsupplier-azuree-bridal","productsleeve-359","productcategory-trouwjurken","productsilhouette-387","productstyle-369","productstyle-371"],"acf":[],"yoast_head":"<!-- This site is optimized with the Yoast SEO plugin v27.3 - https:\/\/yoast.com\/product\/yoast-seo-wordpress\/ -->\n<title>Azuree Bridal Anouk 426.0291 | Koonings<\/title>\n<meta name=\"description\" content=\"La robe de mari\u00e9e Anouk est un excellent choix pour les mari\u00e9es qui recherchent une combinaison d&#039;\u00e9l\u00e9gance et de modernit\u00e9. La robe pr\u00e9sente un d\u00e9collet\u00e9 en V profond qui cr\u00e9e une allure sophistiqu\u00e9e et s\u00e9duisante. Les d\u00e9licates applications de dentelle 3D sur le corsage transparent ajoutent une touche de romantisme, tandis que les d\u00e9coupes lat\u00e9rales donnent \u00e0 la robe une touche de modernit\u00e9. Cette combinaison d&#039;\u00e9l\u00e9ments classiques et modernes fait de l&#039;Anouk 24240 un choix polyvalent. Le dos en trou de serrure et la tra\u00eene illusion ajoutent un \u00e9l\u00e9ment dramatique parfait pour une mari\u00e9e qui veut se d\u00e9marquer. La tra\u00eene bouge magnifiquement \u00e0 chaque pas et fait une entr\u00e9e impressionnante. Cette robe est con\u00e7ue pour les mari\u00e9es qui aiment la sophistication et qui n&#039;ont pas peur de montrer leur personnalit\u00e9 le jour de leur mariage. L&#039;Anouk est une pi\u00e8ce de choix qui est \u00e0 la fois \u00e9l\u00e9gante et accrocheuse.\" \/>\n<meta name=\"robots\" content=\"index, follow, max-snippet:-1, max-image-preview:large, max-video-preview:-1\" \/>\n<link rel=\"canonical\" href=\"https:\/\/www.koonings.com\/fr\/product\/azuree-bridal-anouk-426-0291\/\" \/>\n<meta property=\"og:locale\" content=\"fr_FR\" \/>\n<meta property=\"og:type\" content=\"article\" \/>\n<meta property=\"og:title\" content=\"Azuree Bridal Anouk 426.0291 | Koonings\" \/>\n<meta property=\"og:description\" content=\"La robe de mari\u00e9e Anouk est un excellent choix pour les mari\u00e9es qui recherchent une combinaison d&#039;\u00e9l\u00e9gance et de modernit\u00e9. La robe pr\u00e9sente un d\u00e9collet\u00e9 en V profond qui cr\u00e9e une allure sophistiqu\u00e9e et s\u00e9duisante. Les d\u00e9licates applications de dentelle 3D sur le corsage transparent ajoutent une touche de romantisme, tandis que les d\u00e9coupes lat\u00e9rales donnent \u00e0 la robe une touche de modernit\u00e9. Cette combinaison d&#039;\u00e9l\u00e9ments classiques et modernes fait de l&#039;Anouk 24240 un choix polyvalent. Le dos en trou de serrure et la tra\u00eene illusion ajoutent un \u00e9l\u00e9ment dramatique parfait pour une mari\u00e9e qui veut se d\u00e9marquer. La tra\u00eene bouge magnifiquement \u00e0 chaque pas et fait une entr\u00e9e impressionnante. Cette robe est con\u00e7ue pour les mari\u00e9es qui aiment la sophistication et qui n&#039;ont pas peur de montrer leur personnalit\u00e9 le jour de leur mariage. L&#039;Anouk est une pi\u00e8ce de choix qui est \u00e0 la fois \u00e9l\u00e9gante et accrocheuse.\" \/>\n<meta property=\"og:url\" content=\"https:\/\/www.koonings.com\/fr\/product\/azuree-bridal-anouk-426-0291\/\" \/>\n<meta property=\"og:site_name\" content=\"Koonings\" \/>\n<meta property=\"article:publisher\" content=\"https:\/\/www.facebook.com\/kooningstheweddingpalace\" \/>\n<meta property=\"og:image\" content=\"https:\/\/www.koonings.com\/wp-content\/uploads\/2025\/09\/51488_3049051068e04fc3f06048f0ab753524e05e1cc70c8721536cb6c1a3741800fc81597e72.jpeg\" \/>\n\t<meta property=\"og:image:width\" content=\"1567\" \/>\n\t<meta property=\"og:image:height\" content=\"2212\" \/>\n\t<meta property=\"og:image:type\" content=\"image\/jpeg\" \/>\n<meta name=\"twitter:card\" content=\"summary_large_image\" \/>\n<meta name=\"twitter:label1\" content=\"Dur\u00e9e de lecture estim\u00e9e\" \/>\n\t<meta name=\"twitter:data1\" content=\"1 minute\" \/>\n<script type=\"application\/ld+json\" class=\"yoast-schema-graph\">{\"@context\":\"https:\\\/\\\/schema.org\",\"@graph\":[{\"@type\":\"WebPage\",\"@id\":\"https:\\\/\\\/www.koonings.com\\\/fr\\\/product\\\/azuree-bridal-anouk-426-0291\\\/\",\"url\":\"https:\\\/\\\/www.koonings.com\\\/fr\\\/product\\\/azuree-bridal-anouk-426-0291\\\/\",\"name\":\"Azuree Bridal Anouk 426.0291 | Koonings\",\"isPartOf\":{\"@id\":\"https:\\\/\\\/www.koonings.com\\\/fr\\\/#website\"},\"primaryImageOfPage\":{\"@id\":\"https:\\\/\\\/www.koonings.com\\\/fr\\\/product\\\/azuree-bridal-anouk-426-0291\\\/#primaryimage\"},\"image\":{\"@id\":\"https:\\\/\\\/www.koonings.com\\\/fr\\\/product\\\/azuree-bridal-anouk-426-0291\\\/#primaryimage\"},\"thumbnailUrl\":\"https:\\\/\\\/www.koonings.com\\\/wp-content\\\/uploads\\\/2025\\\/09\\\/51488_3049051068e04fc3f06048f0ab753524e05e1cc70c8721536cb6c1a3741800fc81597e72.jpeg\",\"datePublished\":\"2026-05-06T13:40:46+00:00\",\"description\":\"La robe de mari\u00e9e Anouk est un excellent choix pour les mari\u00e9es qui recherchent une combinaison d'\u00e9l\u00e9gance et de modernit\u00e9. La robe pr\u00e9sente un d\u00e9collet\u00e9 en V profond qui cr\u00e9e une allure sophistiqu\u00e9e et s\u00e9duisante. Les d\u00e9licates applications de dentelle 3D sur le corsage transparent ajoutent une touche de romantisme, tandis que les d\u00e9coupes lat\u00e9rales donnent \u00e0 la robe une touche de modernit\u00e9. Cette combinaison d'\u00e9l\u00e9ments classiques et modernes fait de l'Anouk 24240 un choix polyvalent. Le dos en trou de serrure et la tra\u00eene illusion ajoutent un \u00e9l\u00e9ment dramatique parfait pour une mari\u00e9e qui veut se d\u00e9marquer. La tra\u00eene bouge magnifiquement \u00e0 chaque pas et fait une entr\u00e9e impressionnante. Cette robe est con\u00e7ue pour les mari\u00e9es qui aiment la sophistication et qui n'ont pas peur de montrer leur personnalit\u00e9 le jour de leur mariage. L'Anouk est une pi\u00e8ce de choix qui est \u00e0 la fois \u00e9l\u00e9gante et accrocheuse.\",\"breadcrumb\":{\"@id\":\"https:\\\/\\\/www.koonings.com\\\/fr\\\/product\\\/azuree-bridal-anouk-426-0291\\\/#breadcrumb\"},\"inLanguage\":\"fr-FR\",\"potentialAction\":[{\"@type\":\"ReadAction\",\"target\":[\"https:\\\/\\\/www.koonings.com\\\/fr\\\/product\\\/azuree-bridal-anouk-426-0291\\\/\"]}]},{\"@type\":\"ImageObject\",\"inLanguage\":\"fr-FR\",\"@id\":\"https:\\\/\\\/www.koonings.com\\\/fr\\\/product\\\/azuree-bridal-anouk-426-0291\\\/#primaryimage\",\"url\":\"https:\\\/\\\/www.koonings.com\\\/wp-content\\\/uploads\\\/2025\\\/09\\\/51488_3049051068e04fc3f06048f0ab753524e05e1cc70c8721536cb6c1a3741800fc81597e72.jpeg\",\"contentUrl\":\"https:\\\/\\\/www.koonings.com\\\/wp-content\\\/uploads\\\/2025\\\/09\\\/51488_3049051068e04fc3f06048f0ab753524e05e1cc70c8721536cb6c1a3741800fc81597e72.jpeg\",\"width\":1567,\"height\":2212},{\"@type\":\"BreadcrumbList\",\"@id\":\"https:\\\/\\\/www.koonings.com\\\/fr\\\/product\\\/azuree-bridal-anouk-426-0291\\\/#breadcrumb\",\"itemListElement\":[{\"@type\":\"ListItem\",\"position\":1,\"name\":\"Home\",\"item\":\"https:\\\/\\\/www.koonings.com\\\/fr\\\/\"},{\"@type\":\"ListItem\",\"position\":2,\"name\":\"Azuree Bridal Anouk 426.0291\"}]},{\"@type\":\"WebSite\",\"@id\":\"https:\\\/\\\/www.koonings.com\\\/fr\\\/#website\",\"url\":\"https:\\\/\\\/www.koonings.com\\\/fr\\\/\",\"name\":\"Koonings\",\"description\":\"De grootste bruidsmodewinkel ter wereld\",\"publisher\":{\"@id\":\"https:\\\/\\\/www.koonings.com\\\/fr\\\/#organization\"},\"potentialAction\":[{\"@type\":\"SearchAction\",\"target\":{\"@type\":\"EntryPoint\",\"urlTemplate\":\"https:\\\/\\\/www.koonings.com\\\/fr\\\/?s={search_term_string}\"},\"query-input\":{\"@type\":\"PropertyValueSpecification\",\"valueRequired\":true,\"valueName\":\"search_term_string\"}}],\"inLanguage\":\"fr-FR\"},{\"@type\":\"Organization\",\"@id\":\"https:\\\/\\\/www.koonings.com\\\/fr\\\/#organization\",\"name\":\"Koonings\",\"url\":\"https:\\\/\\\/www.koonings.com\\\/fr\\\/\",\"logo\":{\"@type\":\"ImageObject\",\"inLanguage\":\"fr-FR\",\"@id\":\"https:\\\/\\\/www.koonings.com\\\/fr\\\/#\\\/schema\\\/logo\\\/image\\\/\",\"url\":\"https:\\\/\\\/www.koonings.com\\\/wp-content\\\/uploads\\\/2024\\\/07\\\/logo.png\",\"contentUrl\":\"https:\\\/\\\/www.koonings.com\\\/wp-content\\\/uploads\\\/2024\\\/07\\\/logo.png\",\"width\":600,\"height\":428,\"caption\":\"Koonings\"},\"image\":{\"@id\":\"https:\\\/\\\/www.koonings.com\\\/fr\\\/#\\\/schema\\\/logo\\\/image\\\/\"},\"sameAs\":[\"https:\\\/\\\/www.facebook.com\\\/kooningstheweddingpalace\",\"https:\\\/\\\/www.instagram.com\\\/kooningstheweddingpalace\",\"https:\\\/\\\/www.pinterest.com\\\/koonings\",\"https:\\\/\\\/www.youtube.com\\\/kooningstheweddingpalace\"]}]}<\/script>\n<!-- \/ Yoast SEO plugin. -->","yoast_head_json":{"title":"Azuree Bridal Anouk 426.0291 | Koonings","description":"La robe de mari\u00e9e Anouk est un excellent choix pour les mari\u00e9es qui recherchent une combinaison d'\u00e9l\u00e9gance et de modernit\u00e9. La robe pr\u00e9sente un d\u00e9collet\u00e9 en V profond qui cr\u00e9e une allure sophistiqu\u00e9e et s\u00e9duisante. Les d\u00e9licates applications de dentelle 3D sur le corsage transparent ajoutent une touche de romantisme, tandis que les d\u00e9coupes lat\u00e9rales donnent \u00e0 la robe une touche de modernit\u00e9. Cette combinaison d'\u00e9l\u00e9ments classiques et modernes fait de l'Anouk 24240 un choix polyvalent. Le dos en trou de serrure et la tra\u00eene illusion ajoutent un \u00e9l\u00e9ment dramatique parfait pour une mari\u00e9e qui veut se d\u00e9marquer. La tra\u00eene bouge magnifiquement \u00e0 chaque pas et fait une entr\u00e9e impressionnante. Cette robe est con\u00e7ue pour les mari\u00e9es qui aiment la sophistication et qui n'ont pas peur de montrer leur personnalit\u00e9 le jour de leur mariage. L'Anouk est une pi\u00e8ce de choix qui est \u00e0 la fois \u00e9l\u00e9gante et accrocheuse.","robots":{"index":"index","follow":"follow","max-snippet":"max-snippet:-1","max-image-preview":"max-image-preview:large","max-video-preview":"max-video-preview:-1"},"canonical":"https:\/\/www.koonings.com\/fr\/product\/azuree-bridal-anouk-426-0291\/","og_locale":"fr_FR","og_type":"article","og_title":"Azuree Bridal Anouk 426.0291 | Koonings","og_description":"La robe de mari\u00e9e Anouk est un excellent choix pour les mari\u00e9es qui recherchent une combinaison d'\u00e9l\u00e9gance et de modernit\u00e9. La robe pr\u00e9sente un d\u00e9collet\u00e9 en V profond qui cr\u00e9e une allure sophistiqu\u00e9e et s\u00e9duisante. Les d\u00e9licates applications de dentelle 3D sur le corsage transparent ajoutent une touche de romantisme, tandis que les d\u00e9coupes lat\u00e9rales donnent \u00e0 la robe une touche de modernit\u00e9. Cette combinaison d'\u00e9l\u00e9ments classiques et modernes fait de l'Anouk 24240 un choix polyvalent. Le dos en trou de serrure et la tra\u00eene illusion ajoutent un \u00e9l\u00e9ment dramatique parfait pour une mari\u00e9e qui veut se d\u00e9marquer. La tra\u00eene bouge magnifiquement \u00e0 chaque pas et fait une entr\u00e9e impressionnante. Cette robe est con\u00e7ue pour les mari\u00e9es qui aiment la sophistication et qui n'ont pas peur de montrer leur personnalit\u00e9 le jour de leur mariage. L'Anouk est une pi\u00e8ce de choix qui est \u00e0 la fois \u00e9l\u00e9gante et accrocheuse.","og_url":"https:\/\/www.koonings.com\/fr\/product\/azuree-bridal-anouk-426-0291\/","og_site_name":"Koonings","article_publisher":"https:\/\/www.facebook.com\/kooningstheweddingpalace","og_image":[{"width":1567,"height":2212,"url":"https:\/\/www.koonings.com\/wp-content\/uploads\/2025\/09\/51488_3049051068e04fc3f06048f0ab753524e05e1cc70c8721536cb6c1a3741800fc81597e72.jpeg","type":"image\/jpeg"}],"twitter_card":"summary_large_image","twitter_misc":{"Dur\u00e9e de lecture estim\u00e9e":"1 minute"},"schema":{"@context":"https:\/\/schema.org","@graph":[{"@type":"WebPage","@id":"https:\/\/www.koonings.com\/fr\/product\/azuree-bridal-anouk-426-0291\/","url":"https:\/\/www.koonings.com\/fr\/product\/azuree-bridal-anouk-426-0291\/","name":"Azuree Bridal Anouk 426.0291 | Koonings","isPartOf":{"@id":"https:\/\/www.koonings.com\/fr\/#website"},"primaryImageOfPage":{"@id":"https:\/\/www.koonings.com\/fr\/product\/azuree-bridal-anouk-426-0291\/#primaryimage"},"image":{"@id":"https:\/\/www.koonings.com\/fr\/product\/azuree-bridal-anouk-426-0291\/#primaryimage"},"thumbnailUrl":"https:\/\/www.koonings.com\/wp-content\/uploads\/2025\/09\/51488_3049051068e04fc3f06048f0ab753524e05e1cc70c8721536cb6c1a3741800fc81597e72.jpeg","datePublished":"2026-05-06T13:40:46+00:00","description":"La robe de mari\u00e9e Anouk est un excellent choix pour les mari\u00e9es qui recherchent une combinaison d'\u00e9l\u00e9gance et de modernit\u00e9. La robe pr\u00e9sente un d\u00e9collet\u00e9 en V profond qui cr\u00e9e une allure sophistiqu\u00e9e et s\u00e9duisante. Les d\u00e9licates applications de dentelle 3D sur le corsage transparent ajoutent une touche de romantisme, tandis que les d\u00e9coupes lat\u00e9rales donnent \u00e0 la robe une touche de modernit\u00e9. Cette combinaison d'\u00e9l\u00e9ments classiques et modernes fait de l'Anouk 24240 un choix polyvalent. Le dos en trou de serrure et la tra\u00eene illusion ajoutent un \u00e9l\u00e9ment dramatique parfait pour une mari\u00e9e qui veut se d\u00e9marquer. La tra\u00eene bouge magnifiquement \u00e0 chaque pas et fait une entr\u00e9e impressionnante. Cette robe est con\u00e7ue pour les mari\u00e9es qui aiment la sophistication et qui n'ont pas peur de montrer leur personnalit\u00e9 le jour de leur mariage. L'Anouk est une pi\u00e8ce de choix qui est \u00e0 la fois \u00e9l\u00e9gante et accrocheuse.","breadcrumb":{"@id":"https:\/\/www.koonings.com\/fr\/product\/azuree-bridal-anouk-426-0291\/#breadcrumb"},"inLanguage":"fr-FR","potentialAction":[{"@type":"ReadAction","target":["https:\/\/www.koonings.com\/fr\/product\/azuree-bridal-anouk-426-0291\/"]}]},{"@type":"ImageObject","inLanguage":"fr-FR","@id":"https:\/\/www.koonings.com\/fr\/product\/azuree-bridal-anouk-426-0291\/#primaryimage","url":"https:\/\/www.koonings.com\/wp-content\/uploads\/2025\/09\/51488_3049051068e04fc3f06048f0ab753524e05e1cc70c8721536cb6c1a3741800fc81597e72.jpeg","contentUrl":"https:\/\/www.koonings.com\/wp-content\/uploads\/2025\/09\/51488_3049051068e04fc3f06048f0ab753524e05e1cc70c8721536cb6c1a3741800fc81597e72.jpeg","width":1567,"height":2212},{"@type":"BreadcrumbList","@id":"https:\/\/www.koonings.com\/fr\/product\/azuree-bridal-anouk-426-0291\/#breadcrumb","itemListElement":[{"@type":"ListItem","position":1,"name":"Home","item":"https:\/\/www.koonings.com\/fr\/"},{"@type":"ListItem","position":2,"name":"Azuree Bridal Anouk 426.0291"}]},{"@type":"WebSite","@id":"https:\/\/www.koonings.com\/fr\/#website","url":"https:\/\/www.koonings.com\/fr\/","name":"Koonings","description":"De grootste bruidsmodewinkel ter wereld","publisher":{"@id":"https:\/\/www.koonings.com\/fr\/#organization"},"potentialAction":[{"@type":"SearchAction","target":{"@type":"EntryPoint","urlTemplate":"https:\/\/www.koonings.com\/fr\/?s={search_term_string}"},"query-input":{"@type":"PropertyValueSpecification","valueRequired":true,"valueName":"search_term_string"}}],"inLanguage":"fr-FR"},{"@type":"Organization","@id":"https:\/\/www.koonings.com\/fr\/#organization","name":"Koonings","url":"https:\/\/www.koonings.com\/fr\/","logo":{"@type":"ImageObject","inLanguage":"fr-FR","@id":"https:\/\/www.koonings.com\/fr\/#\/schema\/logo\/image\/","url":"https:\/\/www.koonings.com\/wp-content\/uploads\/2024\/07\/logo.png","contentUrl":"https:\/\/www.koonings.com\/wp-content\/uploads\/2024\/07\/logo.png","width":600,"height":428,"caption":"Koonings"},"image":{"@id":"https:\/\/www.koonings.com\/fr\/#\/schema\/logo\/image\/"},"sameAs":["https:\/\/www.facebook.com\/kooningstheweddingpalace","https:\/\/www.instagram.com\/kooningstheweddingpalace","https:\/\/www.pinterest.com\/koonings","https:\/\/www.youtube.com\/kooningstheweddingpalace"]}]}},"_links":{"self":[{"href":"https:\/\/www.koonings.com\/fr\/wp-json\/wp\/v2\/product\/93829","targetHints":{"allow":["GET"]}}],"collection":[{"href":"https:\/\/www.koonings.com\/fr\/wp-json\/wp\/v2\/product"}],"about":[{"href":"https:\/\/www.koonings.com\/fr\/wp-json\/wp\/v2\/types\/product"}],"wp:featuredmedia":[{"embeddable":true,"href":"https:\/\/www.koonings.com\/fr\/wp-json\/wp\/v2\/media\/92530"}],"wp:attachment":[{"href":"https:\/\/www.koonings.com\/fr\/wp-json\/wp\/v2\/media?parent=93829"}],"wp:term":[{"taxonomy":"productdetails","embeddable":true,"href":"https:\/\/www.koonings.com\/fr\/wp-json\/wp\/v2\/productdetails?post=93829"},{"taxonomy":"productneck","embeddable":true,"href":"https:\/\/www.koonings.com\/fr\/wp-json\/wp\/v2\/productneck?post=93829"},{"taxonomy":"productcolor","embeddable":true,"href":"https:\/\/www.koonings.com\/fr\/wp-json\/wp\/v2\/productcolor?post=93829"},{"taxonomy":"maat","embeddable":true,"href":"https:\/\/www.koonings.com\/fr\/wp-json\/wp\/v2\/maat?post=93829"},{"taxonomy":"productsupplier","embeddable":true,"href":"https:\/\/www.koonings.com\/fr\/wp-json\/wp\/v2\/productsupplier?post=93829"},{"taxonomy":"productsleeve","embeddable":true,"href":"https:\/\/www.koonings.com\/fr\/wp-json\/wp\/v2\/productsleeve?post=93829"},{"taxonomy":"productcategory","embeddable":true,"href":"https:\/\/www.koonings.com\/fr\/wp-json\/wp\/v2\/productcategory?post=93829"},{"taxonomy":"productsilhouette","embeddable":true,"href":"https:\/\/www.koonings.com\/fr\/wp-json\/wp\/v2\/productsilhouette?post=93829"},{"taxonomy":"productstyle","embeddable":true,"href":"https:\/\/www.koonings.com\/fr\/wp-json\/wp\/v2\/productstyle?post=93829"}],"curies":[{"name":"wp","href":"https:\/\/api.w.org\/{rel}","templated":true}]}}