{"id":93822,"date":"2026-04-28T18:40:35","date_gmt":"2026-04-28T16:40:35","guid":{"rendered":"https:\/\/www.koonings.com\/product\/azuree-bridal-anouska-426-0301\/"},"modified":"2026-02-17T12:52:21","modified_gmt":"2026-02-17T11:52:21","slug":"azuree-bridal-anouska-426-0301","status":"publish","type":"product","link":"https:\/\/www.koonings.com\/fr\/product\/azuree-bridal-anouska-426-0301\/","title":{"rendered":"Azuree Bridal Anouska 426.0301"},"content":{"rendered":"<p>Anouska est une robe de mari\u00e9e romantique et fluide qui offre un look \u00e0 la fois ludique et sophistiqu\u00e9. Elle pr\u00e9sente une forme fluide en ligne A et des manches amovibles \u00e0 \u00e9paules d\u00e9couvertes pour plus de vari\u00e9t\u00e9. Le corsage en dentelle avec des d\u00e9tails transparents et des panneaux d\u00e9coup\u00e9s sur les c\u00f4t\u00e9s ajoutent une touche subtilement sexy, tandis que les bretelles spaghetti apportent une sensation de l\u00e9g\u00e8ret\u00e9. Parfaite pour les mari\u00e9es qui aiment le style boh\u00e8me et r\u00eaveur. Anouska offre une combinaison sophistiqu\u00e9e de touches romantiques et d&#8217;un look moderne et l\u00e9ger, ce qui rend cette robe id\u00e9ale pour un mariage d&#8217;\u00e9t\u00e9 ou une ambiance d\u00e9contract\u00e9e en plein air.    <\/p>\n","protected":false},"featured_media":92546,"template":"","meta":{"_acf_changed":false,"ghostkit_customizer_options":"","ghostkit_custom_css":"","ghostkit_custom_js_head":"","ghostkit_custom_js_foot":"","ghostkit_typography":""},"productdetails":[],"productneck":[355],"productcolor":[393,392],"maat":[],"productsupplier":[533],"productsleeve":[359,363],"productcategory":[18],"productsilhouette":[384],"productstyle":[364,366,370],"class_list":["post-93822","product","type-product","status-publish","has-post-thumbnail","hentry","productneck-355","productcolor-393","productcolor-392","productsupplier-azuree-bridal","productsleeve-359","productsleeve-363","productcategory-trouwjurken","productsilhouette-384","productstyle-364","productstyle-366","productstyle-370"],"acf":[],"yoast_head":"<!-- This site is optimized with the Yoast SEO plugin v27.3 - https:\/\/yoast.com\/product\/yoast-seo-wordpress\/ -->\n<title>Azuree Bridal Anouska 426.0301 | Koonings<\/title>\n<meta name=\"description\" content=\"Anouska est une robe de mari\u00e9e romantique et fluide qui offre un look \u00e0 la fois ludique et sophistiqu\u00e9. Elle pr\u00e9sente une forme fluide en ligne A et des manches amovibles \u00e0 \u00e9paules d\u00e9couvertes pour plus de vari\u00e9t\u00e9. Le corsage en dentelle avec des d\u00e9tails transparents et des panneaux d\u00e9coup\u00e9s sur les c\u00f4t\u00e9s ajoutent une touche subtilement sexy, tandis que les bretelles spaghetti apportent une sensation de l\u00e9g\u00e8ret\u00e9. Parfaite pour les mari\u00e9es qui aiment le style boh\u00e8me et r\u00eaveur. Anouska offre une combinaison sophistiqu\u00e9e de touches romantiques et d&#039;un look moderne et l\u00e9ger, ce qui rend cette robe id\u00e9ale pour un mariage d&#039;\u00e9t\u00e9 ou une ambiance d\u00e9contract\u00e9e en plein air.\" \/>\n<meta name=\"robots\" content=\"index, follow, max-snippet:-1, max-image-preview:large, max-video-preview:-1\" \/>\n<link rel=\"canonical\" href=\"https:\/\/www.koonings.com\/fr\/product\/azuree-bridal-anouska-426-0301\/\" \/>\n<meta property=\"og:locale\" content=\"fr_FR\" \/>\n<meta property=\"og:type\" content=\"article\" \/>\n<meta property=\"og:title\" content=\"Azuree Bridal Anouska 426.0301 | Koonings\" \/>\n<meta property=\"og:description\" content=\"Anouska est une robe de mari\u00e9e romantique et fluide qui offre un look \u00e0 la fois ludique et sophistiqu\u00e9. Elle pr\u00e9sente une forme fluide en ligne A et des manches amovibles \u00e0 \u00e9paules d\u00e9couvertes pour plus de vari\u00e9t\u00e9. Le corsage en dentelle avec des d\u00e9tails transparents et des panneaux d\u00e9coup\u00e9s sur les c\u00f4t\u00e9s ajoutent une touche subtilement sexy, tandis que les bretelles spaghetti apportent une sensation de l\u00e9g\u00e8ret\u00e9. Parfaite pour les mari\u00e9es qui aiment le style boh\u00e8me et r\u00eaveur. Anouska offre une combinaison sophistiqu\u00e9e de touches romantiques et d&#039;un look moderne et l\u00e9ger, ce qui rend cette robe id\u00e9ale pour un mariage d&#039;\u00e9t\u00e9 ou une ambiance d\u00e9contract\u00e9e en plein air.\" \/>\n<meta property=\"og:url\" content=\"https:\/\/www.koonings.com\/fr\/product\/azuree-bridal-anouska-426-0301\/\" \/>\n<meta property=\"og:site_name\" content=\"Koonings\" \/>\n<meta property=\"article:publisher\" content=\"https:\/\/www.facebook.com\/kooningstheweddingpalace\" \/>\n<meta property=\"og:image\" content=\"https:\/\/www.koonings.com\/wp-content\/uploads\/2025\/09\/51489_2d35084c4786a88fa48b68a4f330c0ec5269a12ba0bcc4565e02933aa100d5d37ae20213.jpeg\" \/>\n\t<meta property=\"og:image:width\" content=\"1708\" \/>\n\t<meta property=\"og:image:height\" content=\"2455\" \/>\n\t<meta property=\"og:image:type\" content=\"image\/jpeg\" \/>\n<meta name=\"twitter:card\" content=\"summary_large_image\" \/>\n<meta name=\"twitter:label1\" content=\"Dur\u00e9e de lecture estim\u00e9e\" \/>\n\t<meta name=\"twitter:data1\" content=\"1 minute\" \/>\n<script type=\"application\/ld+json\" class=\"yoast-schema-graph\">{\"@context\":\"https:\\\/\\\/schema.org\",\"@graph\":[{\"@type\":\"WebPage\",\"@id\":\"https:\\\/\\\/www.koonings.com\\\/fr\\\/product\\\/azuree-bridal-anouska-426-0301\\\/\",\"url\":\"https:\\\/\\\/www.koonings.com\\\/fr\\\/product\\\/azuree-bridal-anouska-426-0301\\\/\",\"name\":\"Azuree Bridal Anouska 426.0301 | Koonings\",\"isPartOf\":{\"@id\":\"https:\\\/\\\/www.koonings.com\\\/fr\\\/#website\"},\"primaryImageOfPage\":{\"@id\":\"https:\\\/\\\/www.koonings.com\\\/fr\\\/product\\\/azuree-bridal-anouska-426-0301\\\/#primaryimage\"},\"image\":{\"@id\":\"https:\\\/\\\/www.koonings.com\\\/fr\\\/product\\\/azuree-bridal-anouska-426-0301\\\/#primaryimage\"},\"thumbnailUrl\":\"https:\\\/\\\/www.koonings.com\\\/wp-content\\\/uploads\\\/2025\\\/09\\\/51489_2d35084c4786a88fa48b68a4f330c0ec5269a12ba0bcc4565e02933aa100d5d37ae20213.jpeg\",\"datePublished\":\"2026-04-28T16:40:35+00:00\",\"description\":\"Anouska est une robe de mari\u00e9e romantique et fluide qui offre un look \u00e0 la fois ludique et sophistiqu\u00e9. Elle pr\u00e9sente une forme fluide en ligne A et des manches amovibles \u00e0 \u00e9paules d\u00e9couvertes pour plus de vari\u00e9t\u00e9. Le corsage en dentelle avec des d\u00e9tails transparents et des panneaux d\u00e9coup\u00e9s sur les c\u00f4t\u00e9s ajoutent une touche subtilement sexy, tandis que les bretelles spaghetti apportent une sensation de l\u00e9g\u00e8ret\u00e9. Parfaite pour les mari\u00e9es qui aiment le style boh\u00e8me et r\u00eaveur. Anouska offre une combinaison sophistiqu\u00e9e de touches romantiques et d'un look moderne et l\u00e9ger, ce qui rend cette robe id\u00e9ale pour un mariage d'\u00e9t\u00e9 ou une ambiance d\u00e9contract\u00e9e en plein air.\",\"breadcrumb\":{\"@id\":\"https:\\\/\\\/www.koonings.com\\\/fr\\\/product\\\/azuree-bridal-anouska-426-0301\\\/#breadcrumb\"},\"inLanguage\":\"fr-FR\",\"potentialAction\":[{\"@type\":\"ReadAction\",\"target\":[\"https:\\\/\\\/www.koonings.com\\\/fr\\\/product\\\/azuree-bridal-anouska-426-0301\\\/\"]}]},{\"@type\":\"ImageObject\",\"inLanguage\":\"fr-FR\",\"@id\":\"https:\\\/\\\/www.koonings.com\\\/fr\\\/product\\\/azuree-bridal-anouska-426-0301\\\/#primaryimage\",\"url\":\"https:\\\/\\\/www.koonings.com\\\/wp-content\\\/uploads\\\/2025\\\/09\\\/51489_2d35084c4786a88fa48b68a4f330c0ec5269a12ba0bcc4565e02933aa100d5d37ae20213.jpeg\",\"contentUrl\":\"https:\\\/\\\/www.koonings.com\\\/wp-content\\\/uploads\\\/2025\\\/09\\\/51489_2d35084c4786a88fa48b68a4f330c0ec5269a12ba0bcc4565e02933aa100d5d37ae20213.jpeg\",\"width\":1708,\"height\":2455},{\"@type\":\"BreadcrumbList\",\"@id\":\"https:\\\/\\\/www.koonings.com\\\/fr\\\/product\\\/azuree-bridal-anouska-426-0301\\\/#breadcrumb\",\"itemListElement\":[{\"@type\":\"ListItem\",\"position\":1,\"name\":\"Home\",\"item\":\"https:\\\/\\\/www.koonings.com\\\/fr\\\/\"},{\"@type\":\"ListItem\",\"position\":2,\"name\":\"Azuree Bridal Anouska 426.0301\"}]},{\"@type\":\"WebSite\",\"@id\":\"https:\\\/\\\/www.koonings.com\\\/fr\\\/#website\",\"url\":\"https:\\\/\\\/www.koonings.com\\\/fr\\\/\",\"name\":\"Koonings\",\"description\":\"De grootste bruidsmodewinkel ter wereld\",\"publisher\":{\"@id\":\"https:\\\/\\\/www.koonings.com\\\/fr\\\/#organization\"},\"potentialAction\":[{\"@type\":\"SearchAction\",\"target\":{\"@type\":\"EntryPoint\",\"urlTemplate\":\"https:\\\/\\\/www.koonings.com\\\/fr\\\/?s={search_term_string}\"},\"query-input\":{\"@type\":\"PropertyValueSpecification\",\"valueRequired\":true,\"valueName\":\"search_term_string\"}}],\"inLanguage\":\"fr-FR\"},{\"@type\":\"Organization\",\"@id\":\"https:\\\/\\\/www.koonings.com\\\/fr\\\/#organization\",\"name\":\"Koonings\",\"url\":\"https:\\\/\\\/www.koonings.com\\\/fr\\\/\",\"logo\":{\"@type\":\"ImageObject\",\"inLanguage\":\"fr-FR\",\"@id\":\"https:\\\/\\\/www.koonings.com\\\/fr\\\/#\\\/schema\\\/logo\\\/image\\\/\",\"url\":\"https:\\\/\\\/www.koonings.com\\\/wp-content\\\/uploads\\\/2024\\\/07\\\/logo.png\",\"contentUrl\":\"https:\\\/\\\/www.koonings.com\\\/wp-content\\\/uploads\\\/2024\\\/07\\\/logo.png\",\"width\":600,\"height\":428,\"caption\":\"Koonings\"},\"image\":{\"@id\":\"https:\\\/\\\/www.koonings.com\\\/fr\\\/#\\\/schema\\\/logo\\\/image\\\/\"},\"sameAs\":[\"https:\\\/\\\/www.facebook.com\\\/kooningstheweddingpalace\",\"https:\\\/\\\/www.instagram.com\\\/kooningstheweddingpalace\",\"https:\\\/\\\/www.pinterest.com\\\/koonings\",\"https:\\\/\\\/www.youtube.com\\\/kooningstheweddingpalace\"]}]}<\/script>\n<!-- \/ Yoast SEO plugin. -->","yoast_head_json":{"title":"Azuree Bridal Anouska 426.0301 | Koonings","description":"Anouska est une robe de mari\u00e9e romantique et fluide qui offre un look \u00e0 la fois ludique et sophistiqu\u00e9. Elle pr\u00e9sente une forme fluide en ligne A et des manches amovibles \u00e0 \u00e9paules d\u00e9couvertes pour plus de vari\u00e9t\u00e9. Le corsage en dentelle avec des d\u00e9tails transparents et des panneaux d\u00e9coup\u00e9s sur les c\u00f4t\u00e9s ajoutent une touche subtilement sexy, tandis que les bretelles spaghetti apportent une sensation de l\u00e9g\u00e8ret\u00e9. Parfaite pour les mari\u00e9es qui aiment le style boh\u00e8me et r\u00eaveur. Anouska offre une combinaison sophistiqu\u00e9e de touches romantiques et d'un look moderne et l\u00e9ger, ce qui rend cette robe id\u00e9ale pour un mariage d'\u00e9t\u00e9 ou une ambiance d\u00e9contract\u00e9e en plein air.","robots":{"index":"index","follow":"follow","max-snippet":"max-snippet:-1","max-image-preview":"max-image-preview:large","max-video-preview":"max-video-preview:-1"},"canonical":"https:\/\/www.koonings.com\/fr\/product\/azuree-bridal-anouska-426-0301\/","og_locale":"fr_FR","og_type":"article","og_title":"Azuree Bridal Anouska 426.0301 | Koonings","og_description":"Anouska est une robe de mari\u00e9e romantique et fluide qui offre un look \u00e0 la fois ludique et sophistiqu\u00e9. Elle pr\u00e9sente une forme fluide en ligne A et des manches amovibles \u00e0 \u00e9paules d\u00e9couvertes pour plus de vari\u00e9t\u00e9. Le corsage en dentelle avec des d\u00e9tails transparents et des panneaux d\u00e9coup\u00e9s sur les c\u00f4t\u00e9s ajoutent une touche subtilement sexy, tandis que les bretelles spaghetti apportent une sensation de l\u00e9g\u00e8ret\u00e9. Parfaite pour les mari\u00e9es qui aiment le style boh\u00e8me et r\u00eaveur. Anouska offre une combinaison sophistiqu\u00e9e de touches romantiques et d'un look moderne et l\u00e9ger, ce qui rend cette robe id\u00e9ale pour un mariage d'\u00e9t\u00e9 ou une ambiance d\u00e9contract\u00e9e en plein air.","og_url":"https:\/\/www.koonings.com\/fr\/product\/azuree-bridal-anouska-426-0301\/","og_site_name":"Koonings","article_publisher":"https:\/\/www.facebook.com\/kooningstheweddingpalace","og_image":[{"width":1708,"height":2455,"url":"https:\/\/www.koonings.com\/wp-content\/uploads\/2025\/09\/51489_2d35084c4786a88fa48b68a4f330c0ec5269a12ba0bcc4565e02933aa100d5d37ae20213.jpeg","type":"image\/jpeg"}],"twitter_card":"summary_large_image","twitter_misc":{"Dur\u00e9e de lecture estim\u00e9e":"1 minute"},"schema":{"@context":"https:\/\/schema.org","@graph":[{"@type":"WebPage","@id":"https:\/\/www.koonings.com\/fr\/product\/azuree-bridal-anouska-426-0301\/","url":"https:\/\/www.koonings.com\/fr\/product\/azuree-bridal-anouska-426-0301\/","name":"Azuree Bridal Anouska 426.0301 | Koonings","isPartOf":{"@id":"https:\/\/www.koonings.com\/fr\/#website"},"primaryImageOfPage":{"@id":"https:\/\/www.koonings.com\/fr\/product\/azuree-bridal-anouska-426-0301\/#primaryimage"},"image":{"@id":"https:\/\/www.koonings.com\/fr\/product\/azuree-bridal-anouska-426-0301\/#primaryimage"},"thumbnailUrl":"https:\/\/www.koonings.com\/wp-content\/uploads\/2025\/09\/51489_2d35084c4786a88fa48b68a4f330c0ec5269a12ba0bcc4565e02933aa100d5d37ae20213.jpeg","datePublished":"2026-04-28T16:40:35+00:00","description":"Anouska est une robe de mari\u00e9e romantique et fluide qui offre un look \u00e0 la fois ludique et sophistiqu\u00e9. Elle pr\u00e9sente une forme fluide en ligne A et des manches amovibles \u00e0 \u00e9paules d\u00e9couvertes pour plus de vari\u00e9t\u00e9. Le corsage en dentelle avec des d\u00e9tails transparents et des panneaux d\u00e9coup\u00e9s sur les c\u00f4t\u00e9s ajoutent une touche subtilement sexy, tandis que les bretelles spaghetti apportent une sensation de l\u00e9g\u00e8ret\u00e9. Parfaite pour les mari\u00e9es qui aiment le style boh\u00e8me et r\u00eaveur. Anouska offre une combinaison sophistiqu\u00e9e de touches romantiques et d'un look moderne et l\u00e9ger, ce qui rend cette robe id\u00e9ale pour un mariage d'\u00e9t\u00e9 ou une ambiance d\u00e9contract\u00e9e en plein air.","breadcrumb":{"@id":"https:\/\/www.koonings.com\/fr\/product\/azuree-bridal-anouska-426-0301\/#breadcrumb"},"inLanguage":"fr-FR","potentialAction":[{"@type":"ReadAction","target":["https:\/\/www.koonings.com\/fr\/product\/azuree-bridal-anouska-426-0301\/"]}]},{"@type":"ImageObject","inLanguage":"fr-FR","@id":"https:\/\/www.koonings.com\/fr\/product\/azuree-bridal-anouska-426-0301\/#primaryimage","url":"https:\/\/www.koonings.com\/wp-content\/uploads\/2025\/09\/51489_2d35084c4786a88fa48b68a4f330c0ec5269a12ba0bcc4565e02933aa100d5d37ae20213.jpeg","contentUrl":"https:\/\/www.koonings.com\/wp-content\/uploads\/2025\/09\/51489_2d35084c4786a88fa48b68a4f330c0ec5269a12ba0bcc4565e02933aa100d5d37ae20213.jpeg","width":1708,"height":2455},{"@type":"BreadcrumbList","@id":"https:\/\/www.koonings.com\/fr\/product\/azuree-bridal-anouska-426-0301\/#breadcrumb","itemListElement":[{"@type":"ListItem","position":1,"name":"Home","item":"https:\/\/www.koonings.com\/fr\/"},{"@type":"ListItem","position":2,"name":"Azuree Bridal Anouska 426.0301"}]},{"@type":"WebSite","@id":"https:\/\/www.koonings.com\/fr\/#website","url":"https:\/\/www.koonings.com\/fr\/","name":"Koonings","description":"De grootste bruidsmodewinkel ter wereld","publisher":{"@id":"https:\/\/www.koonings.com\/fr\/#organization"},"potentialAction":[{"@type":"SearchAction","target":{"@type":"EntryPoint","urlTemplate":"https:\/\/www.koonings.com\/fr\/?s={search_term_string}"},"query-input":{"@type":"PropertyValueSpecification","valueRequired":true,"valueName":"search_term_string"}}],"inLanguage":"fr-FR"},{"@type":"Organization","@id":"https:\/\/www.koonings.com\/fr\/#organization","name":"Koonings","url":"https:\/\/www.koonings.com\/fr\/","logo":{"@type":"ImageObject","inLanguage":"fr-FR","@id":"https:\/\/www.koonings.com\/fr\/#\/schema\/logo\/image\/","url":"https:\/\/www.koonings.com\/wp-content\/uploads\/2024\/07\/logo.png","contentUrl":"https:\/\/www.koonings.com\/wp-content\/uploads\/2024\/07\/logo.png","width":600,"height":428,"caption":"Koonings"},"image":{"@id":"https:\/\/www.koonings.com\/fr\/#\/schema\/logo\/image\/"},"sameAs":["https:\/\/www.facebook.com\/kooningstheweddingpalace","https:\/\/www.instagram.com\/kooningstheweddingpalace","https:\/\/www.pinterest.com\/koonings","https:\/\/www.youtube.com\/kooningstheweddingpalace"]}]}},"_links":{"self":[{"href":"https:\/\/www.koonings.com\/fr\/wp-json\/wp\/v2\/product\/93822","targetHints":{"allow":["GET"]}}],"collection":[{"href":"https:\/\/www.koonings.com\/fr\/wp-json\/wp\/v2\/product"}],"about":[{"href":"https:\/\/www.koonings.com\/fr\/wp-json\/wp\/v2\/types\/product"}],"wp:featuredmedia":[{"embeddable":true,"href":"https:\/\/www.koonings.com\/fr\/wp-json\/wp\/v2\/media\/92546"}],"wp:attachment":[{"href":"https:\/\/www.koonings.com\/fr\/wp-json\/wp\/v2\/media?parent=93822"}],"wp:term":[{"taxonomy":"productdetails","embeddable":true,"href":"https:\/\/www.koonings.com\/fr\/wp-json\/wp\/v2\/productdetails?post=93822"},{"taxonomy":"productneck","embeddable":true,"href":"https:\/\/www.koonings.com\/fr\/wp-json\/wp\/v2\/productneck?post=93822"},{"taxonomy":"productcolor","embeddable":true,"href":"https:\/\/www.koonings.com\/fr\/wp-json\/wp\/v2\/productcolor?post=93822"},{"taxonomy":"maat","embeddable":true,"href":"https:\/\/www.koonings.com\/fr\/wp-json\/wp\/v2\/maat?post=93822"},{"taxonomy":"productsupplier","embeddable":true,"href":"https:\/\/www.koonings.com\/fr\/wp-json\/wp\/v2\/productsupplier?post=93822"},{"taxonomy":"productsleeve","embeddable":true,"href":"https:\/\/www.koonings.com\/fr\/wp-json\/wp\/v2\/productsleeve?post=93822"},{"taxonomy":"productcategory","embeddable":true,"href":"https:\/\/www.koonings.com\/fr\/wp-json\/wp\/v2\/productcategory?post=93822"},{"taxonomy":"productsilhouette","embeddable":true,"href":"https:\/\/www.koonings.com\/fr\/wp-json\/wp\/v2\/productsilhouette?post=93822"},{"taxonomy":"productstyle","embeddable":true,"href":"https:\/\/www.koonings.com\/fr\/wp-json\/wp\/v2\/productstyle?post=93822"}],"curies":[{"name":"wp","href":"https:\/\/api.w.org\/{rel}","templated":true}]}}