{"id":93821,"date":"2026-04-28T18:40:29","date_gmt":"2026-04-28T16:40:29","guid":{"rendered":"https:\/\/www.koonings.com\/product\/azuree-bridal-alba-426-0091\/"},"modified":"2026-02-17T12:53:35","modified_gmt":"2026-02-17T11:53:35","slug":"azuree-bridal-alba-426-0091","status":"publish","type":"product","link":"https:\/\/www.koonings.com\/fr\/product\/azuree-bridal-alba-426-0091\/","title":{"rendered":"Azuree Bridal Alba 426.0091"},"content":{"rendered":"<p>La robe de mari\u00e9e Alba est un choix intemporel pour les mari\u00e9es qui aiment un look classique. Cette robe de mari\u00e9e de forme A poss\u00e8de un \u00e9l\u00e9gant d\u00e9collet\u00e9 en V et une magnifique dentelle qui cr\u00e9e un look sophistiqu\u00e9 et romantique. La dentelle est d\u00e9taill\u00e9e et s&#8217;\u00e9tend jusqu&#8217;\u00e0 la jupe, cr\u00e9ant un look harmonieux. Cette robe est id\u00e9ale pour les mari\u00e9es qui aiment un style traditionnel et intemporel, mais qui recherchent toujours quelque chose de sp\u00e9cial. Le dos illusionn\u00e9 avec des boutons donne \u00e0 la robe une touche romantique suppl\u00e9mentaire et garantit que le dos est aussi impressionnant que le devant. Le tissu fluide de la jupe en ligne A tombe magnifiquement et est confortable \u00e0 porter, permettant \u00e0 la mari\u00e9e de se sentir \u00e0 l&#8217;aise tout au long de la journ\u00e9e. La robe de mari\u00e9e Alba respire l&#8217;\u00e9l\u00e9gance et la sophistication et est parfaite pour un mariage classique.      <\/p>\n","protected":false},"featured_media":92338,"template":"","meta":{"_acf_changed":false,"ghostkit_customizer_options":"","ghostkit_custom_css":"","ghostkit_custom_js_head":"","ghostkit_custom_js_foot":"","ghostkit_typography":""},"productdetails":[379],"productneck":[355],"productcolor":[393,392],"maat":[],"productsupplier":[533],"productsleeve":[359],"productcategory":[18],"productsilhouette":[384],"productstyle":[369,366],"class_list":["post-93821","product","type-product","status-publish","has-post-thumbnail","hentry","productdetails-379","productneck-355","productcolor-393","productcolor-392","productsupplier-azuree-bridal","productsleeve-359","productcategory-trouwjurken","productsilhouette-384","productstyle-369","productstyle-366"],"acf":[],"yoast_head":"<!-- This site is optimized with the Yoast SEO plugin v27.3 - https:\/\/yoast.com\/product\/yoast-seo-wordpress\/ -->\n<title>Azuree Bridal Alba 426.0091 | Koonings<\/title>\n<meta name=\"description\" content=\"La robe de mari\u00e9e Alba est un choix intemporel pour les mari\u00e9es qui aiment un look classique. Cette robe de mari\u00e9e de forme A poss\u00e8de un \u00e9l\u00e9gant d\u00e9collet\u00e9 en V et une magnifique dentelle qui cr\u00e9e un look sophistiqu\u00e9 et romantique. La dentelle est d\u00e9taill\u00e9e et s&#039;\u00e9tend jusqu&#039;\u00e0 la jupe, cr\u00e9ant un look harmonieux. Cette robe est id\u00e9ale pour les mari\u00e9es qui aiment un style traditionnel et intemporel, mais qui recherchent toujours quelque chose de sp\u00e9cial. Le dos illusionn\u00e9 avec des boutons donne \u00e0 la robe une touche romantique suppl\u00e9mentaire et garantit que le dos est aussi impressionnant que le devant. Le tissu fluide de la jupe en ligne A tombe magnifiquement et est confortable \u00e0 porter, permettant \u00e0 la mari\u00e9e de se sentir \u00e0 l&#039;aise tout au long de la journ\u00e9e. La robe de mari\u00e9e Alba respire l&#039;\u00e9l\u00e9gance et la sophistication et est parfaite pour un mariage classique.\" \/>\n<meta name=\"robots\" content=\"index, follow, max-snippet:-1, max-image-preview:large, max-video-preview:-1\" \/>\n<link rel=\"canonical\" href=\"https:\/\/www.koonings.com\/fr\/product\/azuree-bridal-alba-426-0091\/\" \/>\n<meta property=\"og:locale\" content=\"fr_FR\" \/>\n<meta property=\"og:type\" content=\"article\" \/>\n<meta property=\"og:title\" content=\"Azuree Bridal Alba 426.0091 | Koonings\" \/>\n<meta property=\"og:description\" content=\"La robe de mari\u00e9e Alba est un choix intemporel pour les mari\u00e9es qui aiment un look classique. Cette robe de mari\u00e9e de forme A poss\u00e8de un \u00e9l\u00e9gant d\u00e9collet\u00e9 en V et une magnifique dentelle qui cr\u00e9e un look sophistiqu\u00e9 et romantique. La dentelle est d\u00e9taill\u00e9e et s&#039;\u00e9tend jusqu&#039;\u00e0 la jupe, cr\u00e9ant un look harmonieux. Cette robe est id\u00e9ale pour les mari\u00e9es qui aiment un style traditionnel et intemporel, mais qui recherchent toujours quelque chose de sp\u00e9cial. Le dos illusionn\u00e9 avec des boutons donne \u00e0 la robe une touche romantique suppl\u00e9mentaire et garantit que le dos est aussi impressionnant que le devant. Le tissu fluide de la jupe en ligne A tombe magnifiquement et est confortable \u00e0 porter, permettant \u00e0 la mari\u00e9e de se sentir \u00e0 l&#039;aise tout au long de la journ\u00e9e. La robe de mari\u00e9e Alba respire l&#039;\u00e9l\u00e9gance et la sophistication et est parfaite pour un mariage classique.\" \/>\n<meta property=\"og:url\" content=\"https:\/\/www.koonings.com\/fr\/product\/azuree-bridal-alba-426-0091\/\" \/>\n<meta property=\"og:site_name\" content=\"Koonings\" \/>\n<meta property=\"article:publisher\" content=\"https:\/\/www.facebook.com\/kooningstheweddingpalace\" \/>\n<meta property=\"og:image\" content=\"https:\/\/www.koonings.com\/wp-content\/uploads\/2025\/09\/51466_da8452af615aca200ba34393f02e88a99a0789d3cd9e81eb2e743a29e04f86d7be0e412a.jpeg\" \/>\n\t<meta property=\"og:image:width\" content=\"1185\" \/>\n\t<meta property=\"og:image:height\" content=\"1674\" \/>\n\t<meta property=\"og:image:type\" content=\"image\/jpeg\" \/>\n<meta name=\"twitter:card\" content=\"summary_large_image\" \/>\n<meta name=\"twitter:label1\" content=\"Dur\u00e9e de lecture estim\u00e9e\" \/>\n\t<meta name=\"twitter:data1\" content=\"1 minute\" \/>\n<script type=\"application\/ld+json\" class=\"yoast-schema-graph\">{\"@context\":\"https:\\\/\\\/schema.org\",\"@graph\":[{\"@type\":\"WebPage\",\"@id\":\"https:\\\/\\\/www.koonings.com\\\/fr\\\/product\\\/azuree-bridal-alba-426-0091\\\/\",\"url\":\"https:\\\/\\\/www.koonings.com\\\/fr\\\/product\\\/azuree-bridal-alba-426-0091\\\/\",\"name\":\"Azuree Bridal Alba 426.0091 | Koonings\",\"isPartOf\":{\"@id\":\"https:\\\/\\\/www.koonings.com\\\/fr\\\/#website\"},\"primaryImageOfPage\":{\"@id\":\"https:\\\/\\\/www.koonings.com\\\/fr\\\/product\\\/azuree-bridal-alba-426-0091\\\/#primaryimage\"},\"image\":{\"@id\":\"https:\\\/\\\/www.koonings.com\\\/fr\\\/product\\\/azuree-bridal-alba-426-0091\\\/#primaryimage\"},\"thumbnailUrl\":\"https:\\\/\\\/www.koonings.com\\\/wp-content\\\/uploads\\\/2025\\\/09\\\/51466_da8452af615aca200ba34393f02e88a99a0789d3cd9e81eb2e743a29e04f86d7be0e412a.jpeg\",\"datePublished\":\"2026-04-28T16:40:29+00:00\",\"description\":\"La robe de mari\u00e9e Alba est un choix intemporel pour les mari\u00e9es qui aiment un look classique. Cette robe de mari\u00e9e de forme A poss\u00e8de un \u00e9l\u00e9gant d\u00e9collet\u00e9 en V et une magnifique dentelle qui cr\u00e9e un look sophistiqu\u00e9 et romantique. La dentelle est d\u00e9taill\u00e9e et s'\u00e9tend jusqu'\u00e0 la jupe, cr\u00e9ant un look harmonieux. Cette robe est id\u00e9ale pour les mari\u00e9es qui aiment un style traditionnel et intemporel, mais qui recherchent toujours quelque chose de sp\u00e9cial. Le dos illusionn\u00e9 avec des boutons donne \u00e0 la robe une touche romantique suppl\u00e9mentaire et garantit que le dos est aussi impressionnant que le devant. Le tissu fluide de la jupe en ligne A tombe magnifiquement et est confortable \u00e0 porter, permettant \u00e0 la mari\u00e9e de se sentir \u00e0 l'aise tout au long de la journ\u00e9e. La robe de mari\u00e9e Alba respire l'\u00e9l\u00e9gance et la sophistication et est parfaite pour un mariage classique.\",\"breadcrumb\":{\"@id\":\"https:\\\/\\\/www.koonings.com\\\/fr\\\/product\\\/azuree-bridal-alba-426-0091\\\/#breadcrumb\"},\"inLanguage\":\"fr-FR\",\"potentialAction\":[{\"@type\":\"ReadAction\",\"target\":[\"https:\\\/\\\/www.koonings.com\\\/fr\\\/product\\\/azuree-bridal-alba-426-0091\\\/\"]}]},{\"@type\":\"ImageObject\",\"inLanguage\":\"fr-FR\",\"@id\":\"https:\\\/\\\/www.koonings.com\\\/fr\\\/product\\\/azuree-bridal-alba-426-0091\\\/#primaryimage\",\"url\":\"https:\\\/\\\/www.koonings.com\\\/wp-content\\\/uploads\\\/2025\\\/09\\\/51466_da8452af615aca200ba34393f02e88a99a0789d3cd9e81eb2e743a29e04f86d7be0e412a.jpeg\",\"contentUrl\":\"https:\\\/\\\/www.koonings.com\\\/wp-content\\\/uploads\\\/2025\\\/09\\\/51466_da8452af615aca200ba34393f02e88a99a0789d3cd9e81eb2e743a29e04f86d7be0e412a.jpeg\",\"width\":1185,\"height\":1674},{\"@type\":\"BreadcrumbList\",\"@id\":\"https:\\\/\\\/www.koonings.com\\\/fr\\\/product\\\/azuree-bridal-alba-426-0091\\\/#breadcrumb\",\"itemListElement\":[{\"@type\":\"ListItem\",\"position\":1,\"name\":\"Home\",\"item\":\"https:\\\/\\\/www.koonings.com\\\/fr\\\/\"},{\"@type\":\"ListItem\",\"position\":2,\"name\":\"Azuree Bridal Alba 426.0091\"}]},{\"@type\":\"WebSite\",\"@id\":\"https:\\\/\\\/www.koonings.com\\\/fr\\\/#website\",\"url\":\"https:\\\/\\\/www.koonings.com\\\/fr\\\/\",\"name\":\"Koonings\",\"description\":\"De grootste bruidsmodewinkel ter wereld\",\"publisher\":{\"@id\":\"https:\\\/\\\/www.koonings.com\\\/fr\\\/#organization\"},\"potentialAction\":[{\"@type\":\"SearchAction\",\"target\":{\"@type\":\"EntryPoint\",\"urlTemplate\":\"https:\\\/\\\/www.koonings.com\\\/fr\\\/?s={search_term_string}\"},\"query-input\":{\"@type\":\"PropertyValueSpecification\",\"valueRequired\":true,\"valueName\":\"search_term_string\"}}],\"inLanguage\":\"fr-FR\"},{\"@type\":\"Organization\",\"@id\":\"https:\\\/\\\/www.koonings.com\\\/fr\\\/#organization\",\"name\":\"Koonings\",\"url\":\"https:\\\/\\\/www.koonings.com\\\/fr\\\/\",\"logo\":{\"@type\":\"ImageObject\",\"inLanguage\":\"fr-FR\",\"@id\":\"https:\\\/\\\/www.koonings.com\\\/fr\\\/#\\\/schema\\\/logo\\\/image\\\/\",\"url\":\"https:\\\/\\\/www.koonings.com\\\/wp-content\\\/uploads\\\/2024\\\/07\\\/logo.png\",\"contentUrl\":\"https:\\\/\\\/www.koonings.com\\\/wp-content\\\/uploads\\\/2024\\\/07\\\/logo.png\",\"width\":600,\"height\":428,\"caption\":\"Koonings\"},\"image\":{\"@id\":\"https:\\\/\\\/www.koonings.com\\\/fr\\\/#\\\/schema\\\/logo\\\/image\\\/\"},\"sameAs\":[\"https:\\\/\\\/www.facebook.com\\\/kooningstheweddingpalace\",\"https:\\\/\\\/www.instagram.com\\\/kooningstheweddingpalace\",\"https:\\\/\\\/www.pinterest.com\\\/koonings\",\"https:\\\/\\\/www.youtube.com\\\/kooningstheweddingpalace\"]}]}<\/script>\n<!-- \/ Yoast SEO plugin. -->","yoast_head_json":{"title":"Azuree Bridal Alba 426.0091 | Koonings","description":"La robe de mari\u00e9e Alba est un choix intemporel pour les mari\u00e9es qui aiment un look classique. Cette robe de mari\u00e9e de forme A poss\u00e8de un \u00e9l\u00e9gant d\u00e9collet\u00e9 en V et une magnifique dentelle qui cr\u00e9e un look sophistiqu\u00e9 et romantique. La dentelle est d\u00e9taill\u00e9e et s'\u00e9tend jusqu'\u00e0 la jupe, cr\u00e9ant un look harmonieux. Cette robe est id\u00e9ale pour les mari\u00e9es qui aiment un style traditionnel et intemporel, mais qui recherchent toujours quelque chose de sp\u00e9cial. Le dos illusionn\u00e9 avec des boutons donne \u00e0 la robe une touche romantique suppl\u00e9mentaire et garantit que le dos est aussi impressionnant que le devant. Le tissu fluide de la jupe en ligne A tombe magnifiquement et est confortable \u00e0 porter, permettant \u00e0 la mari\u00e9e de se sentir \u00e0 l'aise tout au long de la journ\u00e9e. La robe de mari\u00e9e Alba respire l'\u00e9l\u00e9gance et la sophistication et est parfaite pour un mariage classique.","robots":{"index":"index","follow":"follow","max-snippet":"max-snippet:-1","max-image-preview":"max-image-preview:large","max-video-preview":"max-video-preview:-1"},"canonical":"https:\/\/www.koonings.com\/fr\/product\/azuree-bridal-alba-426-0091\/","og_locale":"fr_FR","og_type":"article","og_title":"Azuree Bridal Alba 426.0091 | Koonings","og_description":"La robe de mari\u00e9e Alba est un choix intemporel pour les mari\u00e9es qui aiment un look classique. Cette robe de mari\u00e9e de forme A poss\u00e8de un \u00e9l\u00e9gant d\u00e9collet\u00e9 en V et une magnifique dentelle qui cr\u00e9e un look sophistiqu\u00e9 et romantique. La dentelle est d\u00e9taill\u00e9e et s'\u00e9tend jusqu'\u00e0 la jupe, cr\u00e9ant un look harmonieux. Cette robe est id\u00e9ale pour les mari\u00e9es qui aiment un style traditionnel et intemporel, mais qui recherchent toujours quelque chose de sp\u00e9cial. Le dos illusionn\u00e9 avec des boutons donne \u00e0 la robe une touche romantique suppl\u00e9mentaire et garantit que le dos est aussi impressionnant que le devant. Le tissu fluide de la jupe en ligne A tombe magnifiquement et est confortable \u00e0 porter, permettant \u00e0 la mari\u00e9e de se sentir \u00e0 l'aise tout au long de la journ\u00e9e. La robe de mari\u00e9e Alba respire l'\u00e9l\u00e9gance et la sophistication et est parfaite pour un mariage classique.","og_url":"https:\/\/www.koonings.com\/fr\/product\/azuree-bridal-alba-426-0091\/","og_site_name":"Koonings","article_publisher":"https:\/\/www.facebook.com\/kooningstheweddingpalace","og_image":[{"width":1185,"height":1674,"url":"https:\/\/www.koonings.com\/wp-content\/uploads\/2025\/09\/51466_da8452af615aca200ba34393f02e88a99a0789d3cd9e81eb2e743a29e04f86d7be0e412a.jpeg","type":"image\/jpeg"}],"twitter_card":"summary_large_image","twitter_misc":{"Dur\u00e9e de lecture estim\u00e9e":"1 minute"},"schema":{"@context":"https:\/\/schema.org","@graph":[{"@type":"WebPage","@id":"https:\/\/www.koonings.com\/fr\/product\/azuree-bridal-alba-426-0091\/","url":"https:\/\/www.koonings.com\/fr\/product\/azuree-bridal-alba-426-0091\/","name":"Azuree Bridal Alba 426.0091 | Koonings","isPartOf":{"@id":"https:\/\/www.koonings.com\/fr\/#website"},"primaryImageOfPage":{"@id":"https:\/\/www.koonings.com\/fr\/product\/azuree-bridal-alba-426-0091\/#primaryimage"},"image":{"@id":"https:\/\/www.koonings.com\/fr\/product\/azuree-bridal-alba-426-0091\/#primaryimage"},"thumbnailUrl":"https:\/\/www.koonings.com\/wp-content\/uploads\/2025\/09\/51466_da8452af615aca200ba34393f02e88a99a0789d3cd9e81eb2e743a29e04f86d7be0e412a.jpeg","datePublished":"2026-04-28T16:40:29+00:00","description":"La robe de mari\u00e9e Alba est un choix intemporel pour les mari\u00e9es qui aiment un look classique. Cette robe de mari\u00e9e de forme A poss\u00e8de un \u00e9l\u00e9gant d\u00e9collet\u00e9 en V et une magnifique dentelle qui cr\u00e9e un look sophistiqu\u00e9 et romantique. La dentelle est d\u00e9taill\u00e9e et s'\u00e9tend jusqu'\u00e0 la jupe, cr\u00e9ant un look harmonieux. Cette robe est id\u00e9ale pour les mari\u00e9es qui aiment un style traditionnel et intemporel, mais qui recherchent toujours quelque chose de sp\u00e9cial. Le dos illusionn\u00e9 avec des boutons donne \u00e0 la robe une touche romantique suppl\u00e9mentaire et garantit que le dos est aussi impressionnant que le devant. Le tissu fluide de la jupe en ligne A tombe magnifiquement et est confortable \u00e0 porter, permettant \u00e0 la mari\u00e9e de se sentir \u00e0 l'aise tout au long de la journ\u00e9e. La robe de mari\u00e9e Alba respire l'\u00e9l\u00e9gance et la sophistication et est parfaite pour un mariage classique.","breadcrumb":{"@id":"https:\/\/www.koonings.com\/fr\/product\/azuree-bridal-alba-426-0091\/#breadcrumb"},"inLanguage":"fr-FR","potentialAction":[{"@type":"ReadAction","target":["https:\/\/www.koonings.com\/fr\/product\/azuree-bridal-alba-426-0091\/"]}]},{"@type":"ImageObject","inLanguage":"fr-FR","@id":"https:\/\/www.koonings.com\/fr\/product\/azuree-bridal-alba-426-0091\/#primaryimage","url":"https:\/\/www.koonings.com\/wp-content\/uploads\/2025\/09\/51466_da8452af615aca200ba34393f02e88a99a0789d3cd9e81eb2e743a29e04f86d7be0e412a.jpeg","contentUrl":"https:\/\/www.koonings.com\/wp-content\/uploads\/2025\/09\/51466_da8452af615aca200ba34393f02e88a99a0789d3cd9e81eb2e743a29e04f86d7be0e412a.jpeg","width":1185,"height":1674},{"@type":"BreadcrumbList","@id":"https:\/\/www.koonings.com\/fr\/product\/azuree-bridal-alba-426-0091\/#breadcrumb","itemListElement":[{"@type":"ListItem","position":1,"name":"Home","item":"https:\/\/www.koonings.com\/fr\/"},{"@type":"ListItem","position":2,"name":"Azuree Bridal Alba 426.0091"}]},{"@type":"WebSite","@id":"https:\/\/www.koonings.com\/fr\/#website","url":"https:\/\/www.koonings.com\/fr\/","name":"Koonings","description":"De grootste bruidsmodewinkel ter wereld","publisher":{"@id":"https:\/\/www.koonings.com\/fr\/#organization"},"potentialAction":[{"@type":"SearchAction","target":{"@type":"EntryPoint","urlTemplate":"https:\/\/www.koonings.com\/fr\/?s={search_term_string}"},"query-input":{"@type":"PropertyValueSpecification","valueRequired":true,"valueName":"search_term_string"}}],"inLanguage":"fr-FR"},{"@type":"Organization","@id":"https:\/\/www.koonings.com\/fr\/#organization","name":"Koonings","url":"https:\/\/www.koonings.com\/fr\/","logo":{"@type":"ImageObject","inLanguage":"fr-FR","@id":"https:\/\/www.koonings.com\/fr\/#\/schema\/logo\/image\/","url":"https:\/\/www.koonings.com\/wp-content\/uploads\/2024\/07\/logo.png","contentUrl":"https:\/\/www.koonings.com\/wp-content\/uploads\/2024\/07\/logo.png","width":600,"height":428,"caption":"Koonings"},"image":{"@id":"https:\/\/www.koonings.com\/fr\/#\/schema\/logo\/image\/"},"sameAs":["https:\/\/www.facebook.com\/kooningstheweddingpalace","https:\/\/www.instagram.com\/kooningstheweddingpalace","https:\/\/www.pinterest.com\/koonings","https:\/\/www.youtube.com\/kooningstheweddingpalace"]}]}},"_links":{"self":[{"href":"https:\/\/www.koonings.com\/fr\/wp-json\/wp\/v2\/product\/93821","targetHints":{"allow":["GET"]}}],"collection":[{"href":"https:\/\/www.koonings.com\/fr\/wp-json\/wp\/v2\/product"}],"about":[{"href":"https:\/\/www.koonings.com\/fr\/wp-json\/wp\/v2\/types\/product"}],"wp:featuredmedia":[{"embeddable":true,"href":"https:\/\/www.koonings.com\/fr\/wp-json\/wp\/v2\/media\/92338"}],"wp:attachment":[{"href":"https:\/\/www.koonings.com\/fr\/wp-json\/wp\/v2\/media?parent=93821"}],"wp:term":[{"taxonomy":"productdetails","embeddable":true,"href":"https:\/\/www.koonings.com\/fr\/wp-json\/wp\/v2\/productdetails?post=93821"},{"taxonomy":"productneck","embeddable":true,"href":"https:\/\/www.koonings.com\/fr\/wp-json\/wp\/v2\/productneck?post=93821"},{"taxonomy":"productcolor","embeddable":true,"href":"https:\/\/www.koonings.com\/fr\/wp-json\/wp\/v2\/productcolor?post=93821"},{"taxonomy":"maat","embeddable":true,"href":"https:\/\/www.koonings.com\/fr\/wp-json\/wp\/v2\/maat?post=93821"},{"taxonomy":"productsupplier","embeddable":true,"href":"https:\/\/www.koonings.com\/fr\/wp-json\/wp\/v2\/productsupplier?post=93821"},{"taxonomy":"productsleeve","embeddable":true,"href":"https:\/\/www.koonings.com\/fr\/wp-json\/wp\/v2\/productsleeve?post=93821"},{"taxonomy":"productcategory","embeddable":true,"href":"https:\/\/www.koonings.com\/fr\/wp-json\/wp\/v2\/productcategory?post=93821"},{"taxonomy":"productsilhouette","embeddable":true,"href":"https:\/\/www.koonings.com\/fr\/wp-json\/wp\/v2\/productsilhouette?post=93821"},{"taxonomy":"productstyle","embeddable":true,"href":"https:\/\/www.koonings.com\/fr\/wp-json\/wp\/v2\/productstyle?post=93821"}],"curies":[{"name":"wp","href":"https:\/\/api.w.org\/{rel}","templated":true}]}}