{"id":93818,"date":"2026-04-28T18:40:30","date_gmt":"2026-04-28T16:40:30","guid":{"rendered":"https:\/\/www.koonings.com\/product\/azuree-bridal-alison-426-0121\/"},"modified":"2026-02-17T12:13:55","modified_gmt":"2026-02-17T11:13:55","slug":"azuree-bridal-alison-426-0121","status":"publish","type":"product","link":"https:\/\/www.koonings.com\/fr\/product\/azuree-bridal-alison-426-0121\/","title":{"rendered":"Azuree Bridal Alison 426.0121"},"content":{"rendered":"<p>La robe de mari\u00e9e Alison est un choix sophistiqu\u00e9 pour les mari\u00e9es qui recherchent un style unique et \u00e9l\u00e9gant. Cette robe pr\u00e9sente un d\u00e9collet\u00e9 haut avec un trou de serrure et de d\u00e9licats appliques de dentelle en 3D, cr\u00e9ant un look sp\u00e9cial et \u00e9l\u00e9gant. La silhouette fluide cr\u00e9e un effet l\u00e9ger et a\u00e9r\u00e9, id\u00e9al pour un mariage d&#8217;\u00e9t\u00e9. La robe de mari\u00e9e Alison est parfaite pour les mari\u00e9es qui aiment un look sophistiqu\u00e9 et f\u00e9minin avec une touche de fantaisie. La combinaison de l&#8217;encolure haute et des d\u00e9tails en dentelle fait de cette robe un choix merveilleux pour un mariage romantique et \u00e9l\u00e9gant.    <\/p>\n","protected":false},"featured_media":92378,"template":"","meta":{"_acf_changed":false,"ghostkit_customizer_options":"","ghostkit_custom_css":"","ghostkit_custom_js_head":"","ghostkit_custom_js_foot":"","ghostkit_typography":""},"productdetails":[376],"productneck":[350],"productcolor":[393,392],"maat":[],"productsupplier":[533],"productsleeve":[],"productcategory":[18],"productsilhouette":[389],"productstyle":[366],"class_list":["post-93818","product","type-product","status-publish","has-post-thumbnail","hentry","productdetails-376","productneck-350","productcolor-393","productcolor-392","productsupplier-azuree-bridal","productcategory-trouwjurken","productsilhouette-389","productstyle-366"],"acf":[],"yoast_head":"<!-- This site is optimized with the Yoast SEO plugin v27.3 - https:\/\/yoast.com\/product\/yoast-seo-wordpress\/ -->\n<title>Azuree Bridal Alison 426.0121 | Koonings<\/title>\n<meta name=\"description\" content=\"La robe de mari\u00e9e Alison est un choix sophistiqu\u00e9 pour les mari\u00e9es qui recherchent un style unique et \u00e9l\u00e9gant. Cette robe pr\u00e9sente un d\u00e9collet\u00e9 haut avec un trou de serrure et de d\u00e9licats appliques de dentelle en 3D, cr\u00e9ant un look sp\u00e9cial et \u00e9l\u00e9gant. La silhouette fluide cr\u00e9e un effet l\u00e9ger et a\u00e9r\u00e9, id\u00e9al pour un mariage d&#039;\u00e9t\u00e9. La robe de mari\u00e9e Alison est parfaite pour les mari\u00e9es qui aiment un look sophistiqu\u00e9 et f\u00e9minin avec une touche de fantaisie. La combinaison de l&#039;encolure haute et des d\u00e9tails en dentelle fait de cette robe un choix merveilleux pour un mariage romantique et \u00e9l\u00e9gant.\" \/>\n<meta name=\"robots\" content=\"index, follow, max-snippet:-1, max-image-preview:large, max-video-preview:-1\" \/>\n<link rel=\"canonical\" href=\"https:\/\/www.koonings.com\/fr\/product\/azuree-bridal-alison-426-0121\/\" \/>\n<meta property=\"og:locale\" content=\"fr_FR\" \/>\n<meta property=\"og:type\" content=\"article\" \/>\n<meta property=\"og:title\" content=\"Azuree Bridal Alison 426.0121 | Koonings\" \/>\n<meta property=\"og:description\" content=\"La robe de mari\u00e9e Alison est un choix sophistiqu\u00e9 pour les mari\u00e9es qui recherchent un style unique et \u00e9l\u00e9gant. Cette robe pr\u00e9sente un d\u00e9collet\u00e9 haut avec un trou de serrure et de d\u00e9licats appliques de dentelle en 3D, cr\u00e9ant un look sp\u00e9cial et \u00e9l\u00e9gant. La silhouette fluide cr\u00e9e un effet l\u00e9ger et a\u00e9r\u00e9, id\u00e9al pour un mariage d&#039;\u00e9t\u00e9. La robe de mari\u00e9e Alison est parfaite pour les mari\u00e9es qui aiment un look sophistiqu\u00e9 et f\u00e9minin avec une touche de fantaisie. La combinaison de l&#039;encolure haute et des d\u00e9tails en dentelle fait de cette robe un choix merveilleux pour un mariage romantique et \u00e9l\u00e9gant.\" \/>\n<meta property=\"og:url\" content=\"https:\/\/www.koonings.com\/fr\/product\/azuree-bridal-alison-426-0121\/\" \/>\n<meta property=\"og:site_name\" content=\"Koonings\" \/>\n<meta property=\"article:publisher\" content=\"https:\/\/www.facebook.com\/kooningstheweddingpalace\" \/>\n<meta property=\"og:image\" content=\"https:\/\/www.koonings.com\/wp-content\/uploads\/2025\/09\/51470_412c3ba6e95f24c015da460c274094de32b983a113c3e6510e3a95d011c09be25e64d5b9.jpeg\" \/>\n\t<meta property=\"og:image:width\" content=\"1675\" \/>\n\t<meta property=\"og:image:height\" content=\"2366\" \/>\n\t<meta property=\"og:image:type\" content=\"image\/jpeg\" \/>\n<meta name=\"twitter:card\" content=\"summary_large_image\" \/>\n<meta name=\"twitter:label1\" content=\"Dur\u00e9e de lecture estim\u00e9e\" \/>\n\t<meta name=\"twitter:data1\" content=\"1 minute\" \/>\n<script type=\"application\/ld+json\" class=\"yoast-schema-graph\">{\"@context\":\"https:\\\/\\\/schema.org\",\"@graph\":[{\"@type\":\"WebPage\",\"@id\":\"https:\\\/\\\/www.koonings.com\\\/fr\\\/product\\\/azuree-bridal-alison-426-0121\\\/\",\"url\":\"https:\\\/\\\/www.koonings.com\\\/fr\\\/product\\\/azuree-bridal-alison-426-0121\\\/\",\"name\":\"Azuree Bridal Alison 426.0121 | Koonings\",\"isPartOf\":{\"@id\":\"https:\\\/\\\/www.koonings.com\\\/fr\\\/#website\"},\"primaryImageOfPage\":{\"@id\":\"https:\\\/\\\/www.koonings.com\\\/fr\\\/product\\\/azuree-bridal-alison-426-0121\\\/#primaryimage\"},\"image\":{\"@id\":\"https:\\\/\\\/www.koonings.com\\\/fr\\\/product\\\/azuree-bridal-alison-426-0121\\\/#primaryimage\"},\"thumbnailUrl\":\"https:\\\/\\\/www.koonings.com\\\/wp-content\\\/uploads\\\/2025\\\/09\\\/51470_412c3ba6e95f24c015da460c274094de32b983a113c3e6510e3a95d011c09be25e64d5b9.jpeg\",\"datePublished\":\"2026-04-28T16:40:30+00:00\",\"description\":\"La robe de mari\u00e9e Alison est un choix sophistiqu\u00e9 pour les mari\u00e9es qui recherchent un style unique et \u00e9l\u00e9gant. Cette robe pr\u00e9sente un d\u00e9collet\u00e9 haut avec un trou de serrure et de d\u00e9licats appliques de dentelle en 3D, cr\u00e9ant un look sp\u00e9cial et \u00e9l\u00e9gant. La silhouette fluide cr\u00e9e un effet l\u00e9ger et a\u00e9r\u00e9, id\u00e9al pour un mariage d'\u00e9t\u00e9. La robe de mari\u00e9e Alison est parfaite pour les mari\u00e9es qui aiment un look sophistiqu\u00e9 et f\u00e9minin avec une touche de fantaisie. La combinaison de l'encolure haute et des d\u00e9tails en dentelle fait de cette robe un choix merveilleux pour un mariage romantique et \u00e9l\u00e9gant.\",\"breadcrumb\":{\"@id\":\"https:\\\/\\\/www.koonings.com\\\/fr\\\/product\\\/azuree-bridal-alison-426-0121\\\/#breadcrumb\"},\"inLanguage\":\"fr-FR\",\"potentialAction\":[{\"@type\":\"ReadAction\",\"target\":[\"https:\\\/\\\/www.koonings.com\\\/fr\\\/product\\\/azuree-bridal-alison-426-0121\\\/\"]}]},{\"@type\":\"ImageObject\",\"inLanguage\":\"fr-FR\",\"@id\":\"https:\\\/\\\/www.koonings.com\\\/fr\\\/product\\\/azuree-bridal-alison-426-0121\\\/#primaryimage\",\"url\":\"https:\\\/\\\/www.koonings.com\\\/wp-content\\\/uploads\\\/2025\\\/09\\\/51470_412c3ba6e95f24c015da460c274094de32b983a113c3e6510e3a95d011c09be25e64d5b9.jpeg\",\"contentUrl\":\"https:\\\/\\\/www.koonings.com\\\/wp-content\\\/uploads\\\/2025\\\/09\\\/51470_412c3ba6e95f24c015da460c274094de32b983a113c3e6510e3a95d011c09be25e64d5b9.jpeg\",\"width\":1675,\"height\":2366},{\"@type\":\"BreadcrumbList\",\"@id\":\"https:\\\/\\\/www.koonings.com\\\/fr\\\/product\\\/azuree-bridal-alison-426-0121\\\/#breadcrumb\",\"itemListElement\":[{\"@type\":\"ListItem\",\"position\":1,\"name\":\"Home\",\"item\":\"https:\\\/\\\/www.koonings.com\\\/fr\\\/\"},{\"@type\":\"ListItem\",\"position\":2,\"name\":\"Azuree Bridal Alison 426.0121\"}]},{\"@type\":\"WebSite\",\"@id\":\"https:\\\/\\\/www.koonings.com\\\/fr\\\/#website\",\"url\":\"https:\\\/\\\/www.koonings.com\\\/fr\\\/\",\"name\":\"Koonings\",\"description\":\"De grootste bruidsmodewinkel ter wereld\",\"publisher\":{\"@id\":\"https:\\\/\\\/www.koonings.com\\\/fr\\\/#organization\"},\"potentialAction\":[{\"@type\":\"SearchAction\",\"target\":{\"@type\":\"EntryPoint\",\"urlTemplate\":\"https:\\\/\\\/www.koonings.com\\\/fr\\\/?s={search_term_string}\"},\"query-input\":{\"@type\":\"PropertyValueSpecification\",\"valueRequired\":true,\"valueName\":\"search_term_string\"}}],\"inLanguage\":\"fr-FR\"},{\"@type\":\"Organization\",\"@id\":\"https:\\\/\\\/www.koonings.com\\\/fr\\\/#organization\",\"name\":\"Koonings\",\"url\":\"https:\\\/\\\/www.koonings.com\\\/fr\\\/\",\"logo\":{\"@type\":\"ImageObject\",\"inLanguage\":\"fr-FR\",\"@id\":\"https:\\\/\\\/www.koonings.com\\\/fr\\\/#\\\/schema\\\/logo\\\/image\\\/\",\"url\":\"https:\\\/\\\/www.koonings.com\\\/wp-content\\\/uploads\\\/2024\\\/07\\\/logo.png\",\"contentUrl\":\"https:\\\/\\\/www.koonings.com\\\/wp-content\\\/uploads\\\/2024\\\/07\\\/logo.png\",\"width\":600,\"height\":428,\"caption\":\"Koonings\"},\"image\":{\"@id\":\"https:\\\/\\\/www.koonings.com\\\/fr\\\/#\\\/schema\\\/logo\\\/image\\\/\"},\"sameAs\":[\"https:\\\/\\\/www.facebook.com\\\/kooningstheweddingpalace\",\"https:\\\/\\\/www.instagram.com\\\/kooningstheweddingpalace\",\"https:\\\/\\\/www.pinterest.com\\\/koonings\",\"https:\\\/\\\/www.youtube.com\\\/kooningstheweddingpalace\"]}]}<\/script>\n<!-- \/ Yoast SEO plugin. -->","yoast_head_json":{"title":"Azuree Bridal Alison 426.0121 | Koonings","description":"La robe de mari\u00e9e Alison est un choix sophistiqu\u00e9 pour les mari\u00e9es qui recherchent un style unique et \u00e9l\u00e9gant. Cette robe pr\u00e9sente un d\u00e9collet\u00e9 haut avec un trou de serrure et de d\u00e9licats appliques de dentelle en 3D, cr\u00e9ant un look sp\u00e9cial et \u00e9l\u00e9gant. La silhouette fluide cr\u00e9e un effet l\u00e9ger et a\u00e9r\u00e9, id\u00e9al pour un mariage d'\u00e9t\u00e9. La robe de mari\u00e9e Alison est parfaite pour les mari\u00e9es qui aiment un look sophistiqu\u00e9 et f\u00e9minin avec une touche de fantaisie. La combinaison de l'encolure haute et des d\u00e9tails en dentelle fait de cette robe un choix merveilleux pour un mariage romantique et \u00e9l\u00e9gant.","robots":{"index":"index","follow":"follow","max-snippet":"max-snippet:-1","max-image-preview":"max-image-preview:large","max-video-preview":"max-video-preview:-1"},"canonical":"https:\/\/www.koonings.com\/fr\/product\/azuree-bridal-alison-426-0121\/","og_locale":"fr_FR","og_type":"article","og_title":"Azuree Bridal Alison 426.0121 | Koonings","og_description":"La robe de mari\u00e9e Alison est un choix sophistiqu\u00e9 pour les mari\u00e9es qui recherchent un style unique et \u00e9l\u00e9gant. Cette robe pr\u00e9sente un d\u00e9collet\u00e9 haut avec un trou de serrure et de d\u00e9licats appliques de dentelle en 3D, cr\u00e9ant un look sp\u00e9cial et \u00e9l\u00e9gant. La silhouette fluide cr\u00e9e un effet l\u00e9ger et a\u00e9r\u00e9, id\u00e9al pour un mariage d'\u00e9t\u00e9. La robe de mari\u00e9e Alison est parfaite pour les mari\u00e9es qui aiment un look sophistiqu\u00e9 et f\u00e9minin avec une touche de fantaisie. La combinaison de l'encolure haute et des d\u00e9tails en dentelle fait de cette robe un choix merveilleux pour un mariage romantique et \u00e9l\u00e9gant.","og_url":"https:\/\/www.koonings.com\/fr\/product\/azuree-bridal-alison-426-0121\/","og_site_name":"Koonings","article_publisher":"https:\/\/www.facebook.com\/kooningstheweddingpalace","og_image":[{"width":1675,"height":2366,"url":"https:\/\/www.koonings.com\/wp-content\/uploads\/2025\/09\/51470_412c3ba6e95f24c015da460c274094de32b983a113c3e6510e3a95d011c09be25e64d5b9.jpeg","type":"image\/jpeg"}],"twitter_card":"summary_large_image","twitter_misc":{"Dur\u00e9e de lecture estim\u00e9e":"1 minute"},"schema":{"@context":"https:\/\/schema.org","@graph":[{"@type":"WebPage","@id":"https:\/\/www.koonings.com\/fr\/product\/azuree-bridal-alison-426-0121\/","url":"https:\/\/www.koonings.com\/fr\/product\/azuree-bridal-alison-426-0121\/","name":"Azuree Bridal Alison 426.0121 | Koonings","isPartOf":{"@id":"https:\/\/www.koonings.com\/fr\/#website"},"primaryImageOfPage":{"@id":"https:\/\/www.koonings.com\/fr\/product\/azuree-bridal-alison-426-0121\/#primaryimage"},"image":{"@id":"https:\/\/www.koonings.com\/fr\/product\/azuree-bridal-alison-426-0121\/#primaryimage"},"thumbnailUrl":"https:\/\/www.koonings.com\/wp-content\/uploads\/2025\/09\/51470_412c3ba6e95f24c015da460c274094de32b983a113c3e6510e3a95d011c09be25e64d5b9.jpeg","datePublished":"2026-04-28T16:40:30+00:00","description":"La robe de mari\u00e9e Alison est un choix sophistiqu\u00e9 pour les mari\u00e9es qui recherchent un style unique et \u00e9l\u00e9gant. Cette robe pr\u00e9sente un d\u00e9collet\u00e9 haut avec un trou de serrure et de d\u00e9licats appliques de dentelle en 3D, cr\u00e9ant un look sp\u00e9cial et \u00e9l\u00e9gant. La silhouette fluide cr\u00e9e un effet l\u00e9ger et a\u00e9r\u00e9, id\u00e9al pour un mariage d'\u00e9t\u00e9. La robe de mari\u00e9e Alison est parfaite pour les mari\u00e9es qui aiment un look sophistiqu\u00e9 et f\u00e9minin avec une touche de fantaisie. La combinaison de l'encolure haute et des d\u00e9tails en dentelle fait de cette robe un choix merveilleux pour un mariage romantique et \u00e9l\u00e9gant.","breadcrumb":{"@id":"https:\/\/www.koonings.com\/fr\/product\/azuree-bridal-alison-426-0121\/#breadcrumb"},"inLanguage":"fr-FR","potentialAction":[{"@type":"ReadAction","target":["https:\/\/www.koonings.com\/fr\/product\/azuree-bridal-alison-426-0121\/"]}]},{"@type":"ImageObject","inLanguage":"fr-FR","@id":"https:\/\/www.koonings.com\/fr\/product\/azuree-bridal-alison-426-0121\/#primaryimage","url":"https:\/\/www.koonings.com\/wp-content\/uploads\/2025\/09\/51470_412c3ba6e95f24c015da460c274094de32b983a113c3e6510e3a95d011c09be25e64d5b9.jpeg","contentUrl":"https:\/\/www.koonings.com\/wp-content\/uploads\/2025\/09\/51470_412c3ba6e95f24c015da460c274094de32b983a113c3e6510e3a95d011c09be25e64d5b9.jpeg","width":1675,"height":2366},{"@type":"BreadcrumbList","@id":"https:\/\/www.koonings.com\/fr\/product\/azuree-bridal-alison-426-0121\/#breadcrumb","itemListElement":[{"@type":"ListItem","position":1,"name":"Home","item":"https:\/\/www.koonings.com\/fr\/"},{"@type":"ListItem","position":2,"name":"Azuree Bridal Alison 426.0121"}]},{"@type":"WebSite","@id":"https:\/\/www.koonings.com\/fr\/#website","url":"https:\/\/www.koonings.com\/fr\/","name":"Koonings","description":"De grootste bruidsmodewinkel ter wereld","publisher":{"@id":"https:\/\/www.koonings.com\/fr\/#organization"},"potentialAction":[{"@type":"SearchAction","target":{"@type":"EntryPoint","urlTemplate":"https:\/\/www.koonings.com\/fr\/?s={search_term_string}"},"query-input":{"@type":"PropertyValueSpecification","valueRequired":true,"valueName":"search_term_string"}}],"inLanguage":"fr-FR"},{"@type":"Organization","@id":"https:\/\/www.koonings.com\/fr\/#organization","name":"Koonings","url":"https:\/\/www.koonings.com\/fr\/","logo":{"@type":"ImageObject","inLanguage":"fr-FR","@id":"https:\/\/www.koonings.com\/fr\/#\/schema\/logo\/image\/","url":"https:\/\/www.koonings.com\/wp-content\/uploads\/2024\/07\/logo.png","contentUrl":"https:\/\/www.koonings.com\/wp-content\/uploads\/2024\/07\/logo.png","width":600,"height":428,"caption":"Koonings"},"image":{"@id":"https:\/\/www.koonings.com\/fr\/#\/schema\/logo\/image\/"},"sameAs":["https:\/\/www.facebook.com\/kooningstheweddingpalace","https:\/\/www.instagram.com\/kooningstheweddingpalace","https:\/\/www.pinterest.com\/koonings","https:\/\/www.youtube.com\/kooningstheweddingpalace"]}]}},"_links":{"self":[{"href":"https:\/\/www.koonings.com\/fr\/wp-json\/wp\/v2\/product\/93818","targetHints":{"allow":["GET"]}}],"collection":[{"href":"https:\/\/www.koonings.com\/fr\/wp-json\/wp\/v2\/product"}],"about":[{"href":"https:\/\/www.koonings.com\/fr\/wp-json\/wp\/v2\/types\/product"}],"wp:featuredmedia":[{"embeddable":true,"href":"https:\/\/www.koonings.com\/fr\/wp-json\/wp\/v2\/media\/92378"}],"wp:attachment":[{"href":"https:\/\/www.koonings.com\/fr\/wp-json\/wp\/v2\/media?parent=93818"}],"wp:term":[{"taxonomy":"productdetails","embeddable":true,"href":"https:\/\/www.koonings.com\/fr\/wp-json\/wp\/v2\/productdetails?post=93818"},{"taxonomy":"productneck","embeddable":true,"href":"https:\/\/www.koonings.com\/fr\/wp-json\/wp\/v2\/productneck?post=93818"},{"taxonomy":"productcolor","embeddable":true,"href":"https:\/\/www.koonings.com\/fr\/wp-json\/wp\/v2\/productcolor?post=93818"},{"taxonomy":"maat","embeddable":true,"href":"https:\/\/www.koonings.com\/fr\/wp-json\/wp\/v2\/maat?post=93818"},{"taxonomy":"productsupplier","embeddable":true,"href":"https:\/\/www.koonings.com\/fr\/wp-json\/wp\/v2\/productsupplier?post=93818"},{"taxonomy":"productsleeve","embeddable":true,"href":"https:\/\/www.koonings.com\/fr\/wp-json\/wp\/v2\/productsleeve?post=93818"},{"taxonomy":"productcategory","embeddable":true,"href":"https:\/\/www.koonings.com\/fr\/wp-json\/wp\/v2\/productcategory?post=93818"},{"taxonomy":"productsilhouette","embeddable":true,"href":"https:\/\/www.koonings.com\/fr\/wp-json\/wp\/v2\/productsilhouette?post=93818"},{"taxonomy":"productstyle","embeddable":true,"href":"https:\/\/www.koonings.com\/fr\/wp-json\/wp\/v2\/productstyle?post=93818"}],"curies":[{"name":"wp","href":"https:\/\/api.w.org\/{rel}","templated":true}]}}