{"id":93810,"date":"2026-04-21T18:44:04","date_gmt":"2026-04-21T16:44:04","guid":{"rendered":"https:\/\/www.koonings.com\/product\/azuree-bridal-bridget-326-0252\/"},"modified":"2026-02-17T12:53:51","modified_gmt":"2026-02-17T11:53:51","slug":"azuree-bridal-bridget-326-0252","status":"publish","type":"product","link":"https:\/\/www.koonings.com\/fr\/product\/azuree-bridal-bridget-326-0252\/","title":{"rendered":"Azuree Bridal Bridget 326.0252"},"content":{"rendered":"<p>Faites une entr\u00e9e remarqu\u00e9e avec Bridget, une robe de bal \u00e9poustouflante qui respire le romantisme \u00e0 l&#8217;\u00e9tat pur. Cette robe associe un corsage transparent \u00e0 une jupe en tulle luxuriante pour une silhouette de r\u00eave \u00e0 la fois classique et contemporaine. La robe est richement orn\u00e9e de dentelle florale et d&#8217;appliqu\u00e9s 3D d\u00e9licats qui semblent s&#8217;\u00e9panouir comme des fleurs sur toute la robe.  <\/p>\n<p>Avec ses manches amovibles et ses d\u00e9licates bretelles, Bridget offre deux styles en un : du style princesse traditionnel au style ludique et moderne. Le dos semi-transparent ajoute une touche de sensualit\u00e9 sans compromettre l&#8217;\u00e9l\u00e9gance. <\/p>\n","protected":false},"featured_media":92206,"template":"","meta":{"_acf_changed":false,"ghostkit_customizer_options":"","ghostkit_custom_css":"","ghostkit_custom_js_head":"","ghostkit_custom_js_foot":"","ghostkit_typography":""},"productdetails":[379],"productneck":[355],"productcolor":[393,392],"maat":[],"productsupplier":[533],"productsleeve":[359,363],"productcategory":[18],"productsilhouette":[388],"productstyle":[369,366],"class_list":["post-93810","product","type-product","status-publish","has-post-thumbnail","hentry","productdetails-379","productneck-355","productcolor-393","productcolor-392","productsupplier-azuree-bridal","productsleeve-359","productsleeve-363","productcategory-trouwjurken","productsilhouette-388","productstyle-369","productstyle-366"],"acf":[],"yoast_head":"<!-- This site is optimized with the Yoast SEO plugin v27.3 - https:\/\/yoast.com\/product\/yoast-seo-wordpress\/ -->\n<title>Azuree Bridal Bridget 326.0252 | Koonings<\/title>\n<meta name=\"description\" content=\"Faites une entr\u00e9e remarqu\u00e9e avec Bridget, une robe de bal \u00e9poustouflante qui respire le romantisme \u00e0 l&#039;\u00e9tat pur. Cette robe associe un corsage transparent \u00e0 une jupe en tulle luxuriante pour une silhouette de r\u00eave \u00e0 la fois classique et contemporaine. La robe est richement orn\u00e9e de dentelle florale et d&#039;appliqu\u00e9s 3D d\u00e9licats qui semblent s&#039;\u00e9panouir comme des fleurs sur toute la robe. Avec ses manches amovibles et ses d\u00e9licates bretelles, Bridget offre deux styles en un : du style princesse traditionnel au style ludique et moderne. Le dos semi-transparent ajoute une touche de sensualit\u00e9 sans compromettre l&#039;\u00e9l\u00e9gance.\" \/>\n<meta name=\"robots\" content=\"index, follow, max-snippet:-1, max-image-preview:large, max-video-preview:-1\" \/>\n<link rel=\"canonical\" href=\"https:\/\/www.koonings.com\/fr\/product\/azuree-bridal-bridget-326-0252\/\" \/>\n<meta property=\"og:locale\" content=\"fr_FR\" \/>\n<meta property=\"og:type\" content=\"article\" \/>\n<meta property=\"og:title\" content=\"Azuree Bridal Bridget 326.0252 | Koonings\" \/>\n<meta property=\"og:description\" content=\"Faites une entr\u00e9e remarqu\u00e9e avec Bridget, une robe de bal \u00e9poustouflante qui respire le romantisme \u00e0 l&#039;\u00e9tat pur. Cette robe associe un corsage transparent \u00e0 une jupe en tulle luxuriante pour une silhouette de r\u00eave \u00e0 la fois classique et contemporaine. La robe est richement orn\u00e9e de dentelle florale et d&#039;appliqu\u00e9s 3D d\u00e9licats qui semblent s&#039;\u00e9panouir comme des fleurs sur toute la robe. Avec ses manches amovibles et ses d\u00e9licates bretelles, Bridget offre deux styles en un : du style princesse traditionnel au style ludique et moderne. Le dos semi-transparent ajoute une touche de sensualit\u00e9 sans compromettre l&#039;\u00e9l\u00e9gance.\" \/>\n<meta property=\"og:url\" content=\"https:\/\/www.koonings.com\/fr\/product\/azuree-bridal-bridget-326-0252\/\" \/>\n<meta property=\"og:site_name\" content=\"Koonings\" \/>\n<meta property=\"article:publisher\" content=\"https:\/\/www.facebook.com\/kooningstheweddingpalace\" \/>\n<meta property=\"og:image\" content=\"https:\/\/www.koonings.com\/wp-content\/uploads\/2025\/09\/51518_bfe21485b9a436fb763c4ed5a0a54fc4b22f22bcb8c89cd81bac7ba8dc00012fffd1ffcd.jpeg\" \/>\n\t<meta property=\"og:image:width\" content=\"1708\" \/>\n\t<meta property=\"og:image:height\" content=\"2413\" \/>\n\t<meta property=\"og:image:type\" content=\"image\/jpeg\" \/>\n<meta name=\"twitter:card\" content=\"summary_large_image\" \/>\n<meta name=\"twitter:label1\" content=\"Dur\u00e9e de lecture estim\u00e9e\" \/>\n\t<meta name=\"twitter:data1\" content=\"1 minute\" \/>\n<script type=\"application\/ld+json\" class=\"yoast-schema-graph\">{\"@context\":\"https:\\\/\\\/schema.org\",\"@graph\":[{\"@type\":\"WebPage\",\"@id\":\"https:\\\/\\\/www.koonings.com\\\/fr\\\/product\\\/azuree-bridal-bridget-326-0252\\\/\",\"url\":\"https:\\\/\\\/www.koonings.com\\\/fr\\\/product\\\/azuree-bridal-bridget-326-0252\\\/\",\"name\":\"Azuree Bridal Bridget 326.0252 | Koonings\",\"isPartOf\":{\"@id\":\"https:\\\/\\\/www.koonings.com\\\/fr\\\/#website\"},\"primaryImageOfPage\":{\"@id\":\"https:\\\/\\\/www.koonings.com\\\/fr\\\/product\\\/azuree-bridal-bridget-326-0252\\\/#primaryimage\"},\"image\":{\"@id\":\"https:\\\/\\\/www.koonings.com\\\/fr\\\/product\\\/azuree-bridal-bridget-326-0252\\\/#primaryimage\"},\"thumbnailUrl\":\"https:\\\/\\\/www.koonings.com\\\/wp-content\\\/uploads\\\/2025\\\/09\\\/51518_bfe21485b9a436fb763c4ed5a0a54fc4b22f22bcb8c89cd81bac7ba8dc00012fffd1ffcd.jpeg\",\"datePublished\":\"2026-04-21T16:44:04+00:00\",\"description\":\"Faites une entr\u00e9e remarqu\u00e9e avec Bridget, une robe de bal \u00e9poustouflante qui respire le romantisme \u00e0 l'\u00e9tat pur. Cette robe associe un corsage transparent \u00e0 une jupe en tulle luxuriante pour une silhouette de r\u00eave \u00e0 la fois classique et contemporaine. La robe est richement orn\u00e9e de dentelle florale et d'appliqu\u00e9s 3D d\u00e9licats qui semblent s'\u00e9panouir comme des fleurs sur toute la robe. Avec ses manches amovibles et ses d\u00e9licates bretelles, Bridget offre deux styles en un : du style princesse traditionnel au style ludique et moderne. Le dos semi-transparent ajoute une touche de sensualit\u00e9 sans compromettre l'\u00e9l\u00e9gance.\",\"breadcrumb\":{\"@id\":\"https:\\\/\\\/www.koonings.com\\\/fr\\\/product\\\/azuree-bridal-bridget-326-0252\\\/#breadcrumb\"},\"inLanguage\":\"fr-FR\",\"potentialAction\":[{\"@type\":\"ReadAction\",\"target\":[\"https:\\\/\\\/www.koonings.com\\\/fr\\\/product\\\/azuree-bridal-bridget-326-0252\\\/\"]}]},{\"@type\":\"ImageObject\",\"inLanguage\":\"fr-FR\",\"@id\":\"https:\\\/\\\/www.koonings.com\\\/fr\\\/product\\\/azuree-bridal-bridget-326-0252\\\/#primaryimage\",\"url\":\"https:\\\/\\\/www.koonings.com\\\/wp-content\\\/uploads\\\/2025\\\/09\\\/51518_bfe21485b9a436fb763c4ed5a0a54fc4b22f22bcb8c89cd81bac7ba8dc00012fffd1ffcd.jpeg\",\"contentUrl\":\"https:\\\/\\\/www.koonings.com\\\/wp-content\\\/uploads\\\/2025\\\/09\\\/51518_bfe21485b9a436fb763c4ed5a0a54fc4b22f22bcb8c89cd81bac7ba8dc00012fffd1ffcd.jpeg\",\"width\":1708,\"height\":2413},{\"@type\":\"BreadcrumbList\",\"@id\":\"https:\\\/\\\/www.koonings.com\\\/fr\\\/product\\\/azuree-bridal-bridget-326-0252\\\/#breadcrumb\",\"itemListElement\":[{\"@type\":\"ListItem\",\"position\":1,\"name\":\"Home\",\"item\":\"https:\\\/\\\/www.koonings.com\\\/fr\\\/\"},{\"@type\":\"ListItem\",\"position\":2,\"name\":\"Azuree Bridal Bridget 326.0252\"}]},{\"@type\":\"WebSite\",\"@id\":\"https:\\\/\\\/www.koonings.com\\\/fr\\\/#website\",\"url\":\"https:\\\/\\\/www.koonings.com\\\/fr\\\/\",\"name\":\"Koonings\",\"description\":\"De grootste bruidsmodewinkel ter wereld\",\"publisher\":{\"@id\":\"https:\\\/\\\/www.koonings.com\\\/fr\\\/#organization\"},\"potentialAction\":[{\"@type\":\"SearchAction\",\"target\":{\"@type\":\"EntryPoint\",\"urlTemplate\":\"https:\\\/\\\/www.koonings.com\\\/fr\\\/?s={search_term_string}\"},\"query-input\":{\"@type\":\"PropertyValueSpecification\",\"valueRequired\":true,\"valueName\":\"search_term_string\"}}],\"inLanguage\":\"fr-FR\"},{\"@type\":\"Organization\",\"@id\":\"https:\\\/\\\/www.koonings.com\\\/fr\\\/#organization\",\"name\":\"Koonings\",\"url\":\"https:\\\/\\\/www.koonings.com\\\/fr\\\/\",\"logo\":{\"@type\":\"ImageObject\",\"inLanguage\":\"fr-FR\",\"@id\":\"https:\\\/\\\/www.koonings.com\\\/fr\\\/#\\\/schema\\\/logo\\\/image\\\/\",\"url\":\"https:\\\/\\\/www.koonings.com\\\/wp-content\\\/uploads\\\/2024\\\/07\\\/logo.png\",\"contentUrl\":\"https:\\\/\\\/www.koonings.com\\\/wp-content\\\/uploads\\\/2024\\\/07\\\/logo.png\",\"width\":600,\"height\":428,\"caption\":\"Koonings\"},\"image\":{\"@id\":\"https:\\\/\\\/www.koonings.com\\\/fr\\\/#\\\/schema\\\/logo\\\/image\\\/\"},\"sameAs\":[\"https:\\\/\\\/www.facebook.com\\\/kooningstheweddingpalace\",\"https:\\\/\\\/www.instagram.com\\\/kooningstheweddingpalace\",\"https:\\\/\\\/www.pinterest.com\\\/koonings\",\"https:\\\/\\\/www.youtube.com\\\/kooningstheweddingpalace\"]}]}<\/script>\n<!-- \/ Yoast SEO plugin. -->","yoast_head_json":{"title":"Azuree Bridal Bridget 326.0252 | Koonings","description":"Faites une entr\u00e9e remarqu\u00e9e avec Bridget, une robe de bal \u00e9poustouflante qui respire le romantisme \u00e0 l'\u00e9tat pur. Cette robe associe un corsage transparent \u00e0 une jupe en tulle luxuriante pour une silhouette de r\u00eave \u00e0 la fois classique et contemporaine. La robe est richement orn\u00e9e de dentelle florale et d'appliqu\u00e9s 3D d\u00e9licats qui semblent s'\u00e9panouir comme des fleurs sur toute la robe. Avec ses manches amovibles et ses d\u00e9licates bretelles, Bridget offre deux styles en un : du style princesse traditionnel au style ludique et moderne. Le dos semi-transparent ajoute une touche de sensualit\u00e9 sans compromettre l'\u00e9l\u00e9gance.","robots":{"index":"index","follow":"follow","max-snippet":"max-snippet:-1","max-image-preview":"max-image-preview:large","max-video-preview":"max-video-preview:-1"},"canonical":"https:\/\/www.koonings.com\/fr\/product\/azuree-bridal-bridget-326-0252\/","og_locale":"fr_FR","og_type":"article","og_title":"Azuree Bridal Bridget 326.0252 | Koonings","og_description":"Faites une entr\u00e9e remarqu\u00e9e avec Bridget, une robe de bal \u00e9poustouflante qui respire le romantisme \u00e0 l'\u00e9tat pur. Cette robe associe un corsage transparent \u00e0 une jupe en tulle luxuriante pour une silhouette de r\u00eave \u00e0 la fois classique et contemporaine. La robe est richement orn\u00e9e de dentelle florale et d'appliqu\u00e9s 3D d\u00e9licats qui semblent s'\u00e9panouir comme des fleurs sur toute la robe. Avec ses manches amovibles et ses d\u00e9licates bretelles, Bridget offre deux styles en un : du style princesse traditionnel au style ludique et moderne. Le dos semi-transparent ajoute une touche de sensualit\u00e9 sans compromettre l'\u00e9l\u00e9gance.","og_url":"https:\/\/www.koonings.com\/fr\/product\/azuree-bridal-bridget-326-0252\/","og_site_name":"Koonings","article_publisher":"https:\/\/www.facebook.com\/kooningstheweddingpalace","og_image":[{"width":1708,"height":2413,"url":"https:\/\/www.koonings.com\/wp-content\/uploads\/2025\/09\/51518_bfe21485b9a436fb763c4ed5a0a54fc4b22f22bcb8c89cd81bac7ba8dc00012fffd1ffcd.jpeg","type":"image\/jpeg"}],"twitter_card":"summary_large_image","twitter_misc":{"Dur\u00e9e de lecture estim\u00e9e":"1 minute"},"schema":{"@context":"https:\/\/schema.org","@graph":[{"@type":"WebPage","@id":"https:\/\/www.koonings.com\/fr\/product\/azuree-bridal-bridget-326-0252\/","url":"https:\/\/www.koonings.com\/fr\/product\/azuree-bridal-bridget-326-0252\/","name":"Azuree Bridal Bridget 326.0252 | Koonings","isPartOf":{"@id":"https:\/\/www.koonings.com\/fr\/#website"},"primaryImageOfPage":{"@id":"https:\/\/www.koonings.com\/fr\/product\/azuree-bridal-bridget-326-0252\/#primaryimage"},"image":{"@id":"https:\/\/www.koonings.com\/fr\/product\/azuree-bridal-bridget-326-0252\/#primaryimage"},"thumbnailUrl":"https:\/\/www.koonings.com\/wp-content\/uploads\/2025\/09\/51518_bfe21485b9a436fb763c4ed5a0a54fc4b22f22bcb8c89cd81bac7ba8dc00012fffd1ffcd.jpeg","datePublished":"2026-04-21T16:44:04+00:00","description":"Faites une entr\u00e9e remarqu\u00e9e avec Bridget, une robe de bal \u00e9poustouflante qui respire le romantisme \u00e0 l'\u00e9tat pur. Cette robe associe un corsage transparent \u00e0 une jupe en tulle luxuriante pour une silhouette de r\u00eave \u00e0 la fois classique et contemporaine. La robe est richement orn\u00e9e de dentelle florale et d'appliqu\u00e9s 3D d\u00e9licats qui semblent s'\u00e9panouir comme des fleurs sur toute la robe. Avec ses manches amovibles et ses d\u00e9licates bretelles, Bridget offre deux styles en un : du style princesse traditionnel au style ludique et moderne. Le dos semi-transparent ajoute une touche de sensualit\u00e9 sans compromettre l'\u00e9l\u00e9gance.","breadcrumb":{"@id":"https:\/\/www.koonings.com\/fr\/product\/azuree-bridal-bridget-326-0252\/#breadcrumb"},"inLanguage":"fr-FR","potentialAction":[{"@type":"ReadAction","target":["https:\/\/www.koonings.com\/fr\/product\/azuree-bridal-bridget-326-0252\/"]}]},{"@type":"ImageObject","inLanguage":"fr-FR","@id":"https:\/\/www.koonings.com\/fr\/product\/azuree-bridal-bridget-326-0252\/#primaryimage","url":"https:\/\/www.koonings.com\/wp-content\/uploads\/2025\/09\/51518_bfe21485b9a436fb763c4ed5a0a54fc4b22f22bcb8c89cd81bac7ba8dc00012fffd1ffcd.jpeg","contentUrl":"https:\/\/www.koonings.com\/wp-content\/uploads\/2025\/09\/51518_bfe21485b9a436fb763c4ed5a0a54fc4b22f22bcb8c89cd81bac7ba8dc00012fffd1ffcd.jpeg","width":1708,"height":2413},{"@type":"BreadcrumbList","@id":"https:\/\/www.koonings.com\/fr\/product\/azuree-bridal-bridget-326-0252\/#breadcrumb","itemListElement":[{"@type":"ListItem","position":1,"name":"Home","item":"https:\/\/www.koonings.com\/fr\/"},{"@type":"ListItem","position":2,"name":"Azuree Bridal Bridget 326.0252"}]},{"@type":"WebSite","@id":"https:\/\/www.koonings.com\/fr\/#website","url":"https:\/\/www.koonings.com\/fr\/","name":"Koonings","description":"De grootste bruidsmodewinkel ter wereld","publisher":{"@id":"https:\/\/www.koonings.com\/fr\/#organization"},"potentialAction":[{"@type":"SearchAction","target":{"@type":"EntryPoint","urlTemplate":"https:\/\/www.koonings.com\/fr\/?s={search_term_string}"},"query-input":{"@type":"PropertyValueSpecification","valueRequired":true,"valueName":"search_term_string"}}],"inLanguage":"fr-FR"},{"@type":"Organization","@id":"https:\/\/www.koonings.com\/fr\/#organization","name":"Koonings","url":"https:\/\/www.koonings.com\/fr\/","logo":{"@type":"ImageObject","inLanguage":"fr-FR","@id":"https:\/\/www.koonings.com\/fr\/#\/schema\/logo\/image\/","url":"https:\/\/www.koonings.com\/wp-content\/uploads\/2024\/07\/logo.png","contentUrl":"https:\/\/www.koonings.com\/wp-content\/uploads\/2024\/07\/logo.png","width":600,"height":428,"caption":"Koonings"},"image":{"@id":"https:\/\/www.koonings.com\/fr\/#\/schema\/logo\/image\/"},"sameAs":["https:\/\/www.facebook.com\/kooningstheweddingpalace","https:\/\/www.instagram.com\/kooningstheweddingpalace","https:\/\/www.pinterest.com\/koonings","https:\/\/www.youtube.com\/kooningstheweddingpalace"]}]}},"_links":{"self":[{"href":"https:\/\/www.koonings.com\/fr\/wp-json\/wp\/v2\/product\/93810","targetHints":{"allow":["GET"]}}],"collection":[{"href":"https:\/\/www.koonings.com\/fr\/wp-json\/wp\/v2\/product"}],"about":[{"href":"https:\/\/www.koonings.com\/fr\/wp-json\/wp\/v2\/types\/product"}],"wp:featuredmedia":[{"embeddable":true,"href":"https:\/\/www.koonings.com\/fr\/wp-json\/wp\/v2\/media\/92206"}],"wp:attachment":[{"href":"https:\/\/www.koonings.com\/fr\/wp-json\/wp\/v2\/media?parent=93810"}],"wp:term":[{"taxonomy":"productdetails","embeddable":true,"href":"https:\/\/www.koonings.com\/fr\/wp-json\/wp\/v2\/productdetails?post=93810"},{"taxonomy":"productneck","embeddable":true,"href":"https:\/\/www.koonings.com\/fr\/wp-json\/wp\/v2\/productneck?post=93810"},{"taxonomy":"productcolor","embeddable":true,"href":"https:\/\/www.koonings.com\/fr\/wp-json\/wp\/v2\/productcolor?post=93810"},{"taxonomy":"maat","embeddable":true,"href":"https:\/\/www.koonings.com\/fr\/wp-json\/wp\/v2\/maat?post=93810"},{"taxonomy":"productsupplier","embeddable":true,"href":"https:\/\/www.koonings.com\/fr\/wp-json\/wp\/v2\/productsupplier?post=93810"},{"taxonomy":"productsleeve","embeddable":true,"href":"https:\/\/www.koonings.com\/fr\/wp-json\/wp\/v2\/productsleeve?post=93810"},{"taxonomy":"productcategory","embeddable":true,"href":"https:\/\/www.koonings.com\/fr\/wp-json\/wp\/v2\/productcategory?post=93810"},{"taxonomy":"productsilhouette","embeddable":true,"href":"https:\/\/www.koonings.com\/fr\/wp-json\/wp\/v2\/productsilhouette?post=93810"},{"taxonomy":"productstyle","embeddable":true,"href":"https:\/\/www.koonings.com\/fr\/wp-json\/wp\/v2\/productstyle?post=93810"}],"curies":[{"name":"wp","href":"https:\/\/api.w.org\/{rel}","templated":true}]}}