{"id":93805,"date":"2026-04-28T18:40:39","date_gmt":"2026-04-28T16:40:39","guid":{"rendered":"https:\/\/www.koonings.com\/product\/azuree-bridal-aziza-426-0441\/"},"modified":"2026-02-17T12:57:46","modified_gmt":"2026-02-17T11:57:46","slug":"azuree-bridal-aziza-426-0441","status":"publish","type":"product","link":"https:\/\/www.koonings.com\/fr\/product\/azuree-bridal-aziza-426-0441\/","title":{"rendered":"Azuree Bridal Aziza 426.0441"},"content":{"rendered":"<p>Aziza est une robe de mari\u00e9e \u00e9poustouflante qui offre un \u00e9quilibre parfait entre romantisme et \u00e9l\u00e9gance. Cette robe pr\u00e9sente une encolure d\u00e9collet\u00e9e avec des manches ballon, ce qui lui conf\u00e8re une allure unique et r\u00eaveuse. Le corsage transparent avec des d\u00e9tails en dentelle et des d\u00e9coupes illusion ajoutent une touche de glamour. La jupe en tulle compl\u00e8te le look, parfait pour les mari\u00e9es qui r\u00eavent d&#8217;une entr\u00e9e digne d&#8217;un conte de f\u00e9es. Aziza est une robe qui attirera tous les regards sur vous le jour de votre mariage, gr\u00e2ce \u00e0 sa combinaison impressionnante de d\u00e9tails romantiques et d&#8217;\u00e9l\u00e9gance sophistiqu\u00e9e.    <\/p>\n","protected":false},"featured_media":91990,"template":"","meta":{"_acf_changed":false,"ghostkit_customizer_options":"","ghostkit_custom_css":"","ghostkit_custom_js_head":"","ghostkit_custom_js_foot":"","ghostkit_typography":""},"productdetails":[379,376,381],"productneck":[351],"productcolor":[393,392],"maat":[],"productsupplier":[533],"productsleeve":[362,363],"productcategory":[18],"productsilhouette":[384],"productstyle":[366],"class_list":["post-93805","product","type-product","status-publish","has-post-thumbnail","hentry","productdetails-379","productdetails-376","productdetails-381","productneck-351","productcolor-393","productcolor-392","productsupplier-azuree-bridal","productsleeve-362","productsleeve-363","productcategory-trouwjurken","productsilhouette-384","productstyle-366"],"acf":[],"yoast_head":"<!-- This site is optimized with the Yoast SEO plugin v27.3 - https:\/\/yoast.com\/product\/yoast-seo-wordpress\/ -->\n<title>Azuree Bridal Aziza 426.0441 | Koonings<\/title>\n<meta name=\"description\" content=\"Aziza est une robe de mari\u00e9e \u00e9poustouflante qui offre un \u00e9quilibre parfait entre romantisme et \u00e9l\u00e9gance. Cette robe pr\u00e9sente une encolure d\u00e9collet\u00e9e avec des manches ballon, ce qui lui conf\u00e8re une allure unique et r\u00eaveuse. Le corsage transparent avec des d\u00e9tails en dentelle et des d\u00e9coupes illusion ajoutent une touche de glamour. La jupe en tulle compl\u00e8te le look, parfait pour les mari\u00e9es qui r\u00eavent d&#039;une entr\u00e9e digne d&#039;un conte de f\u00e9es. Aziza est une robe qui attirera tous les regards sur vous le jour de votre mariage, gr\u00e2ce \u00e0 sa combinaison impressionnante de d\u00e9tails romantiques et d&#039;\u00e9l\u00e9gance sophistiqu\u00e9e.\" \/>\n<meta name=\"robots\" content=\"index, follow, max-snippet:-1, max-image-preview:large, max-video-preview:-1\" \/>\n<link rel=\"canonical\" href=\"https:\/\/www.koonings.com\/fr\/product\/azuree-bridal-aziza-426-0441\/\" \/>\n<meta property=\"og:locale\" content=\"fr_FR\" \/>\n<meta property=\"og:type\" content=\"article\" \/>\n<meta property=\"og:title\" content=\"Azuree Bridal Aziza 426.0441 | Koonings\" \/>\n<meta property=\"og:description\" content=\"Aziza est une robe de mari\u00e9e \u00e9poustouflante qui offre un \u00e9quilibre parfait entre romantisme et \u00e9l\u00e9gance. Cette robe pr\u00e9sente une encolure d\u00e9collet\u00e9e avec des manches ballon, ce qui lui conf\u00e8re une allure unique et r\u00eaveuse. Le corsage transparent avec des d\u00e9tails en dentelle et des d\u00e9coupes illusion ajoutent une touche de glamour. La jupe en tulle compl\u00e8te le look, parfait pour les mari\u00e9es qui r\u00eavent d&#039;une entr\u00e9e digne d&#039;un conte de f\u00e9es. Aziza est une robe qui attirera tous les regards sur vous le jour de votre mariage, gr\u00e2ce \u00e0 sa combinaison impressionnante de d\u00e9tails romantiques et d&#039;\u00e9l\u00e9gance sophistiqu\u00e9e.\" \/>\n<meta property=\"og:url\" content=\"https:\/\/www.koonings.com\/fr\/product\/azuree-bridal-aziza-426-0441\/\" \/>\n<meta property=\"og:site_name\" content=\"Koonings\" \/>\n<meta property=\"article:publisher\" content=\"https:\/\/www.facebook.com\/kooningstheweddingpalace\" \/>\n<meta property=\"og:image\" content=\"https:\/\/www.koonings.com\/wp-content\/uploads\/2025\/09\/51499_094f0c2d01f16ebbcbb8aad6df8e442bf0a73af2ed61dacdc935141c0961d5978280af57.jpeg\" \/>\n\t<meta property=\"og:image:width\" content=\"1564\" \/>\n\t<meta property=\"og:image:height\" content=\"2211\" \/>\n\t<meta property=\"og:image:type\" content=\"image\/jpeg\" \/>\n<meta name=\"twitter:card\" content=\"summary_large_image\" \/>\n<meta name=\"twitter:label1\" content=\"Dur\u00e9e de lecture estim\u00e9e\" \/>\n\t<meta name=\"twitter:data1\" content=\"1 minute\" \/>\n<script type=\"application\/ld+json\" class=\"yoast-schema-graph\">{\"@context\":\"https:\\\/\\\/schema.org\",\"@graph\":[{\"@type\":\"WebPage\",\"@id\":\"https:\\\/\\\/www.koonings.com\\\/fr\\\/product\\\/azuree-bridal-aziza-426-0441\\\/\",\"url\":\"https:\\\/\\\/www.koonings.com\\\/fr\\\/product\\\/azuree-bridal-aziza-426-0441\\\/\",\"name\":\"Azuree Bridal Aziza 426.0441 | Koonings\",\"isPartOf\":{\"@id\":\"https:\\\/\\\/www.koonings.com\\\/fr\\\/#website\"},\"primaryImageOfPage\":{\"@id\":\"https:\\\/\\\/www.koonings.com\\\/fr\\\/product\\\/azuree-bridal-aziza-426-0441\\\/#primaryimage\"},\"image\":{\"@id\":\"https:\\\/\\\/www.koonings.com\\\/fr\\\/product\\\/azuree-bridal-aziza-426-0441\\\/#primaryimage\"},\"thumbnailUrl\":\"https:\\\/\\\/www.koonings.com\\\/wp-content\\\/uploads\\\/2025\\\/09\\\/51499_094f0c2d01f16ebbcbb8aad6df8e442bf0a73af2ed61dacdc935141c0961d5978280af57.jpeg\",\"datePublished\":\"2026-04-28T16:40:39+00:00\",\"description\":\"Aziza est une robe de mari\u00e9e \u00e9poustouflante qui offre un \u00e9quilibre parfait entre romantisme et \u00e9l\u00e9gance. Cette robe pr\u00e9sente une encolure d\u00e9collet\u00e9e avec des manches ballon, ce qui lui conf\u00e8re une allure unique et r\u00eaveuse. Le corsage transparent avec des d\u00e9tails en dentelle et des d\u00e9coupes illusion ajoutent une touche de glamour. La jupe en tulle compl\u00e8te le look, parfait pour les mari\u00e9es qui r\u00eavent d'une entr\u00e9e digne d'un conte de f\u00e9es. Aziza est une robe qui attirera tous les regards sur vous le jour de votre mariage, gr\u00e2ce \u00e0 sa combinaison impressionnante de d\u00e9tails romantiques et d'\u00e9l\u00e9gance sophistiqu\u00e9e.\",\"breadcrumb\":{\"@id\":\"https:\\\/\\\/www.koonings.com\\\/fr\\\/product\\\/azuree-bridal-aziza-426-0441\\\/#breadcrumb\"},\"inLanguage\":\"fr-FR\",\"potentialAction\":[{\"@type\":\"ReadAction\",\"target\":[\"https:\\\/\\\/www.koonings.com\\\/fr\\\/product\\\/azuree-bridal-aziza-426-0441\\\/\"]}]},{\"@type\":\"ImageObject\",\"inLanguage\":\"fr-FR\",\"@id\":\"https:\\\/\\\/www.koonings.com\\\/fr\\\/product\\\/azuree-bridal-aziza-426-0441\\\/#primaryimage\",\"url\":\"https:\\\/\\\/www.koonings.com\\\/wp-content\\\/uploads\\\/2025\\\/09\\\/51499_094f0c2d01f16ebbcbb8aad6df8e442bf0a73af2ed61dacdc935141c0961d5978280af57.jpeg\",\"contentUrl\":\"https:\\\/\\\/www.koonings.com\\\/wp-content\\\/uploads\\\/2025\\\/09\\\/51499_094f0c2d01f16ebbcbb8aad6df8e442bf0a73af2ed61dacdc935141c0961d5978280af57.jpeg\",\"width\":1564,\"height\":2211},{\"@type\":\"BreadcrumbList\",\"@id\":\"https:\\\/\\\/www.koonings.com\\\/fr\\\/product\\\/azuree-bridal-aziza-426-0441\\\/#breadcrumb\",\"itemListElement\":[{\"@type\":\"ListItem\",\"position\":1,\"name\":\"Home\",\"item\":\"https:\\\/\\\/www.koonings.com\\\/fr\\\/\"},{\"@type\":\"ListItem\",\"position\":2,\"name\":\"Azuree Bridal Aziza 426.0441\"}]},{\"@type\":\"WebSite\",\"@id\":\"https:\\\/\\\/www.koonings.com\\\/fr\\\/#website\",\"url\":\"https:\\\/\\\/www.koonings.com\\\/fr\\\/\",\"name\":\"Koonings\",\"description\":\"De grootste bruidsmodewinkel ter wereld\",\"publisher\":{\"@id\":\"https:\\\/\\\/www.koonings.com\\\/fr\\\/#organization\"},\"potentialAction\":[{\"@type\":\"SearchAction\",\"target\":{\"@type\":\"EntryPoint\",\"urlTemplate\":\"https:\\\/\\\/www.koonings.com\\\/fr\\\/?s={search_term_string}\"},\"query-input\":{\"@type\":\"PropertyValueSpecification\",\"valueRequired\":true,\"valueName\":\"search_term_string\"}}],\"inLanguage\":\"fr-FR\"},{\"@type\":\"Organization\",\"@id\":\"https:\\\/\\\/www.koonings.com\\\/fr\\\/#organization\",\"name\":\"Koonings\",\"url\":\"https:\\\/\\\/www.koonings.com\\\/fr\\\/\",\"logo\":{\"@type\":\"ImageObject\",\"inLanguage\":\"fr-FR\",\"@id\":\"https:\\\/\\\/www.koonings.com\\\/fr\\\/#\\\/schema\\\/logo\\\/image\\\/\",\"url\":\"https:\\\/\\\/www.koonings.com\\\/wp-content\\\/uploads\\\/2024\\\/07\\\/logo.png\",\"contentUrl\":\"https:\\\/\\\/www.koonings.com\\\/wp-content\\\/uploads\\\/2024\\\/07\\\/logo.png\",\"width\":600,\"height\":428,\"caption\":\"Koonings\"},\"image\":{\"@id\":\"https:\\\/\\\/www.koonings.com\\\/fr\\\/#\\\/schema\\\/logo\\\/image\\\/\"},\"sameAs\":[\"https:\\\/\\\/www.facebook.com\\\/kooningstheweddingpalace\",\"https:\\\/\\\/www.instagram.com\\\/kooningstheweddingpalace\",\"https:\\\/\\\/www.pinterest.com\\\/koonings\",\"https:\\\/\\\/www.youtube.com\\\/kooningstheweddingpalace\"]}]}<\/script>\n<!-- \/ Yoast SEO plugin. -->","yoast_head_json":{"title":"Azuree Bridal Aziza 426.0441 | Koonings","description":"Aziza est une robe de mari\u00e9e \u00e9poustouflante qui offre un \u00e9quilibre parfait entre romantisme et \u00e9l\u00e9gance. Cette robe pr\u00e9sente une encolure d\u00e9collet\u00e9e avec des manches ballon, ce qui lui conf\u00e8re une allure unique et r\u00eaveuse. Le corsage transparent avec des d\u00e9tails en dentelle et des d\u00e9coupes illusion ajoutent une touche de glamour. La jupe en tulle compl\u00e8te le look, parfait pour les mari\u00e9es qui r\u00eavent d'une entr\u00e9e digne d'un conte de f\u00e9es. Aziza est une robe qui attirera tous les regards sur vous le jour de votre mariage, gr\u00e2ce \u00e0 sa combinaison impressionnante de d\u00e9tails romantiques et d'\u00e9l\u00e9gance sophistiqu\u00e9e.","robots":{"index":"index","follow":"follow","max-snippet":"max-snippet:-1","max-image-preview":"max-image-preview:large","max-video-preview":"max-video-preview:-1"},"canonical":"https:\/\/www.koonings.com\/fr\/product\/azuree-bridal-aziza-426-0441\/","og_locale":"fr_FR","og_type":"article","og_title":"Azuree Bridal Aziza 426.0441 | Koonings","og_description":"Aziza est une robe de mari\u00e9e \u00e9poustouflante qui offre un \u00e9quilibre parfait entre romantisme et \u00e9l\u00e9gance. Cette robe pr\u00e9sente une encolure d\u00e9collet\u00e9e avec des manches ballon, ce qui lui conf\u00e8re une allure unique et r\u00eaveuse. Le corsage transparent avec des d\u00e9tails en dentelle et des d\u00e9coupes illusion ajoutent une touche de glamour. La jupe en tulle compl\u00e8te le look, parfait pour les mari\u00e9es qui r\u00eavent d'une entr\u00e9e digne d'un conte de f\u00e9es. Aziza est une robe qui attirera tous les regards sur vous le jour de votre mariage, gr\u00e2ce \u00e0 sa combinaison impressionnante de d\u00e9tails romantiques et d'\u00e9l\u00e9gance sophistiqu\u00e9e.","og_url":"https:\/\/www.koonings.com\/fr\/product\/azuree-bridal-aziza-426-0441\/","og_site_name":"Koonings","article_publisher":"https:\/\/www.facebook.com\/kooningstheweddingpalace","og_image":[{"width":1564,"height":2211,"url":"https:\/\/www.koonings.com\/wp-content\/uploads\/2025\/09\/51499_094f0c2d01f16ebbcbb8aad6df8e442bf0a73af2ed61dacdc935141c0961d5978280af57.jpeg","type":"image\/jpeg"}],"twitter_card":"summary_large_image","twitter_misc":{"Dur\u00e9e de lecture estim\u00e9e":"1 minute"},"schema":{"@context":"https:\/\/schema.org","@graph":[{"@type":"WebPage","@id":"https:\/\/www.koonings.com\/fr\/product\/azuree-bridal-aziza-426-0441\/","url":"https:\/\/www.koonings.com\/fr\/product\/azuree-bridal-aziza-426-0441\/","name":"Azuree Bridal Aziza 426.0441 | Koonings","isPartOf":{"@id":"https:\/\/www.koonings.com\/fr\/#website"},"primaryImageOfPage":{"@id":"https:\/\/www.koonings.com\/fr\/product\/azuree-bridal-aziza-426-0441\/#primaryimage"},"image":{"@id":"https:\/\/www.koonings.com\/fr\/product\/azuree-bridal-aziza-426-0441\/#primaryimage"},"thumbnailUrl":"https:\/\/www.koonings.com\/wp-content\/uploads\/2025\/09\/51499_094f0c2d01f16ebbcbb8aad6df8e442bf0a73af2ed61dacdc935141c0961d5978280af57.jpeg","datePublished":"2026-04-28T16:40:39+00:00","description":"Aziza est une robe de mari\u00e9e \u00e9poustouflante qui offre un \u00e9quilibre parfait entre romantisme et \u00e9l\u00e9gance. Cette robe pr\u00e9sente une encolure d\u00e9collet\u00e9e avec des manches ballon, ce qui lui conf\u00e8re une allure unique et r\u00eaveuse. Le corsage transparent avec des d\u00e9tails en dentelle et des d\u00e9coupes illusion ajoutent une touche de glamour. La jupe en tulle compl\u00e8te le look, parfait pour les mari\u00e9es qui r\u00eavent d'une entr\u00e9e digne d'un conte de f\u00e9es. Aziza est une robe qui attirera tous les regards sur vous le jour de votre mariage, gr\u00e2ce \u00e0 sa combinaison impressionnante de d\u00e9tails romantiques et d'\u00e9l\u00e9gance sophistiqu\u00e9e.","breadcrumb":{"@id":"https:\/\/www.koonings.com\/fr\/product\/azuree-bridal-aziza-426-0441\/#breadcrumb"},"inLanguage":"fr-FR","potentialAction":[{"@type":"ReadAction","target":["https:\/\/www.koonings.com\/fr\/product\/azuree-bridal-aziza-426-0441\/"]}]},{"@type":"ImageObject","inLanguage":"fr-FR","@id":"https:\/\/www.koonings.com\/fr\/product\/azuree-bridal-aziza-426-0441\/#primaryimage","url":"https:\/\/www.koonings.com\/wp-content\/uploads\/2025\/09\/51499_094f0c2d01f16ebbcbb8aad6df8e442bf0a73af2ed61dacdc935141c0961d5978280af57.jpeg","contentUrl":"https:\/\/www.koonings.com\/wp-content\/uploads\/2025\/09\/51499_094f0c2d01f16ebbcbb8aad6df8e442bf0a73af2ed61dacdc935141c0961d5978280af57.jpeg","width":1564,"height":2211},{"@type":"BreadcrumbList","@id":"https:\/\/www.koonings.com\/fr\/product\/azuree-bridal-aziza-426-0441\/#breadcrumb","itemListElement":[{"@type":"ListItem","position":1,"name":"Home","item":"https:\/\/www.koonings.com\/fr\/"},{"@type":"ListItem","position":2,"name":"Azuree Bridal Aziza 426.0441"}]},{"@type":"WebSite","@id":"https:\/\/www.koonings.com\/fr\/#website","url":"https:\/\/www.koonings.com\/fr\/","name":"Koonings","description":"De grootste bruidsmodewinkel ter wereld","publisher":{"@id":"https:\/\/www.koonings.com\/fr\/#organization"},"potentialAction":[{"@type":"SearchAction","target":{"@type":"EntryPoint","urlTemplate":"https:\/\/www.koonings.com\/fr\/?s={search_term_string}"},"query-input":{"@type":"PropertyValueSpecification","valueRequired":true,"valueName":"search_term_string"}}],"inLanguage":"fr-FR"},{"@type":"Organization","@id":"https:\/\/www.koonings.com\/fr\/#organization","name":"Koonings","url":"https:\/\/www.koonings.com\/fr\/","logo":{"@type":"ImageObject","inLanguage":"fr-FR","@id":"https:\/\/www.koonings.com\/fr\/#\/schema\/logo\/image\/","url":"https:\/\/www.koonings.com\/wp-content\/uploads\/2024\/07\/logo.png","contentUrl":"https:\/\/www.koonings.com\/wp-content\/uploads\/2024\/07\/logo.png","width":600,"height":428,"caption":"Koonings"},"image":{"@id":"https:\/\/www.koonings.com\/fr\/#\/schema\/logo\/image\/"},"sameAs":["https:\/\/www.facebook.com\/kooningstheweddingpalace","https:\/\/www.instagram.com\/kooningstheweddingpalace","https:\/\/www.pinterest.com\/koonings","https:\/\/www.youtube.com\/kooningstheweddingpalace"]}]}},"_links":{"self":[{"href":"https:\/\/www.koonings.com\/fr\/wp-json\/wp\/v2\/product\/93805","targetHints":{"allow":["GET"]}}],"collection":[{"href":"https:\/\/www.koonings.com\/fr\/wp-json\/wp\/v2\/product"}],"about":[{"href":"https:\/\/www.koonings.com\/fr\/wp-json\/wp\/v2\/types\/product"}],"wp:featuredmedia":[{"embeddable":true,"href":"https:\/\/www.koonings.com\/fr\/wp-json\/wp\/v2\/media\/91990"}],"wp:attachment":[{"href":"https:\/\/www.koonings.com\/fr\/wp-json\/wp\/v2\/media?parent=93805"}],"wp:term":[{"taxonomy":"productdetails","embeddable":true,"href":"https:\/\/www.koonings.com\/fr\/wp-json\/wp\/v2\/productdetails?post=93805"},{"taxonomy":"productneck","embeddable":true,"href":"https:\/\/www.koonings.com\/fr\/wp-json\/wp\/v2\/productneck?post=93805"},{"taxonomy":"productcolor","embeddable":true,"href":"https:\/\/www.koonings.com\/fr\/wp-json\/wp\/v2\/productcolor?post=93805"},{"taxonomy":"maat","embeddable":true,"href":"https:\/\/www.koonings.com\/fr\/wp-json\/wp\/v2\/maat?post=93805"},{"taxonomy":"productsupplier","embeddable":true,"href":"https:\/\/www.koonings.com\/fr\/wp-json\/wp\/v2\/productsupplier?post=93805"},{"taxonomy":"productsleeve","embeddable":true,"href":"https:\/\/www.koonings.com\/fr\/wp-json\/wp\/v2\/productsleeve?post=93805"},{"taxonomy":"productcategory","embeddable":true,"href":"https:\/\/www.koonings.com\/fr\/wp-json\/wp\/v2\/productcategory?post=93805"},{"taxonomy":"productsilhouette","embeddable":true,"href":"https:\/\/www.koonings.com\/fr\/wp-json\/wp\/v2\/productsilhouette?post=93805"},{"taxonomy":"productstyle","embeddable":true,"href":"https:\/\/www.koonings.com\/fr\/wp-json\/wp\/v2\/productstyle?post=93805"}],"curies":[{"name":"wp","href":"https:\/\/api.w.org\/{rel}","templated":true}]}}