{"id":93802,"date":"2026-04-28T18:40:40","date_gmt":"2026-04-28T16:40:40","guid":{"rendered":"https:\/\/www.koonings.com\/product\/azuree-bridal-bahar-326-0011\/"},"modified":"2026-02-17T12:57:36","modified_gmt":"2026-02-17T11:57:36","slug":"azuree-bridal-bahar-326-0011","status":"publish","type":"product","link":"https:\/\/www.koonings.com\/fr\/product\/azuree-bridal-bahar-326-0011\/","title":{"rendered":"Azuree Bridal Bahar 326.0011"},"content":{"rendered":"<p>Bahar est un classique moderne avec une touche de r\u00eave. Le d\u00e9collet\u00e9 en V profond avec illusion de tulle offre un soutien sans compromettre la sophistication, tandis que les appliqu\u00e9s floraux 3D en ivoire et rose poudr\u00e9 dansent subtilement sur le corsage et la taille. La jupe en tulle a\u00e9rien tombe gracieusement sur les hanches et bouge l\u00e9g\u00e8rement \u00e0 chaque pas. Le bas du dos, avec ses bretelles \u00e9troites et son aspect corset, ajoute une touche de sensualit\u00e9. Bahar est parfaite pour les mari\u00e9es qui recherchent l&#8217;\u00e9l\u00e9gance avec une touche de romantisme.    <\/p>\n","protected":false},"featured_media":92018,"template":"","meta":{"_acf_changed":false,"ghostkit_customizer_options":"","ghostkit_custom_css":"","ghostkit_custom_js_head":"","ghostkit_custom_js_foot":"","ghostkit_typography":""},"productdetails":[379,383,381],"productneck":[351,356],"productcolor":[393,392],"maat":[],"productsupplier":[533],"productsleeve":[359],"productcategory":[18],"productsilhouette":[384],"productstyle":[369,366,373],"class_list":["post-93802","product","type-product","status-publish","has-post-thumbnail","hentry","productdetails-379","productdetails-383","productdetails-381","productneck-351","productneck-356","productcolor-393","productcolor-392","productsupplier-azuree-bridal","productsleeve-359","productcategory-trouwjurken","productsilhouette-384","productstyle-369","productstyle-366","productstyle-373"],"acf":[],"yoast_head":"<!-- This site is optimized with the Yoast SEO plugin v27.3 - https:\/\/yoast.com\/product\/yoast-seo-wordpress\/ -->\n<title>Azuree Bridal Bahar 326.0011 | Koonings<\/title>\n<meta name=\"description\" content=\"Bahar est un classique moderne avec une touche de r\u00eave. Le d\u00e9collet\u00e9 en V profond avec illusion de tulle offre un soutien sans compromettre la sophistication, tandis que les appliqu\u00e9s floraux 3D en ivoire et rose poudr\u00e9 dansent subtilement sur le corsage et la taille. La jupe en tulle a\u00e9rien tombe gracieusement sur les hanches et bouge l\u00e9g\u00e8rement \u00e0 chaque pas. Le bas du dos, avec ses bretelles \u00e9troites et son aspect corset, ajoute une touche de sensualit\u00e9. Bahar est parfaite pour les mari\u00e9es qui recherchent l&#039;\u00e9l\u00e9gance avec une touche de romantisme.\" \/>\n<meta name=\"robots\" content=\"index, follow, max-snippet:-1, max-image-preview:large, max-video-preview:-1\" \/>\n<link rel=\"canonical\" href=\"https:\/\/www.koonings.com\/fr\/product\/azuree-bridal-bahar-326-0011\/\" \/>\n<meta property=\"og:locale\" content=\"fr_FR\" \/>\n<meta property=\"og:type\" content=\"article\" \/>\n<meta property=\"og:title\" content=\"Azuree Bridal Bahar 326.0011 | Koonings\" \/>\n<meta property=\"og:description\" content=\"Bahar est un classique moderne avec une touche de r\u00eave. Le d\u00e9collet\u00e9 en V profond avec illusion de tulle offre un soutien sans compromettre la sophistication, tandis que les appliqu\u00e9s floraux 3D en ivoire et rose poudr\u00e9 dansent subtilement sur le corsage et la taille. La jupe en tulle a\u00e9rien tombe gracieusement sur les hanches et bouge l\u00e9g\u00e8rement \u00e0 chaque pas. Le bas du dos, avec ses bretelles \u00e9troites et son aspect corset, ajoute une touche de sensualit\u00e9. Bahar est parfaite pour les mari\u00e9es qui recherchent l&#039;\u00e9l\u00e9gance avec une touche de romantisme.\" \/>\n<meta property=\"og:url\" content=\"https:\/\/www.koonings.com\/fr\/product\/azuree-bridal-bahar-326-0011\/\" \/>\n<meta property=\"og:site_name\" content=\"Koonings\" \/>\n<meta property=\"article:publisher\" content=\"https:\/\/www.facebook.com\/kooningstheweddingpalace\" \/>\n<meta property=\"og:image\" content=\"https:\/\/www.koonings.com\/wp-content\/uploads\/2025\/09\/51501_a423683f5e6896053e3e85e19c504206e580baa489dad579bf99df64ada971439bfa58da.jpeg\" \/>\n\t<meta property=\"og:image:width\" content=\"1603\" \/>\n\t<meta property=\"og:image:height\" content=\"2264\" \/>\n\t<meta property=\"og:image:type\" content=\"image\/jpeg\" \/>\n<meta name=\"twitter:card\" content=\"summary_large_image\" \/>\n<meta name=\"twitter:label1\" content=\"Dur\u00e9e de lecture estim\u00e9e\" \/>\n\t<meta name=\"twitter:data1\" content=\"1 minute\" \/>\n<script type=\"application\/ld+json\" class=\"yoast-schema-graph\">{\"@context\":\"https:\\\/\\\/schema.org\",\"@graph\":[{\"@type\":\"WebPage\",\"@id\":\"https:\\\/\\\/www.koonings.com\\\/fr\\\/product\\\/azuree-bridal-bahar-326-0011\\\/\",\"url\":\"https:\\\/\\\/www.koonings.com\\\/fr\\\/product\\\/azuree-bridal-bahar-326-0011\\\/\",\"name\":\"Azuree Bridal Bahar 326.0011 | Koonings\",\"isPartOf\":{\"@id\":\"https:\\\/\\\/www.koonings.com\\\/fr\\\/#website\"},\"primaryImageOfPage\":{\"@id\":\"https:\\\/\\\/www.koonings.com\\\/fr\\\/product\\\/azuree-bridal-bahar-326-0011\\\/#primaryimage\"},\"image\":{\"@id\":\"https:\\\/\\\/www.koonings.com\\\/fr\\\/product\\\/azuree-bridal-bahar-326-0011\\\/#primaryimage\"},\"thumbnailUrl\":\"https:\\\/\\\/www.koonings.com\\\/wp-content\\\/uploads\\\/2025\\\/09\\\/51501_a423683f5e6896053e3e85e19c504206e580baa489dad579bf99df64ada971439bfa58da.jpeg\",\"datePublished\":\"2026-04-28T16:40:40+00:00\",\"description\":\"Bahar est un classique moderne avec une touche de r\u00eave. Le d\u00e9collet\u00e9 en V profond avec illusion de tulle offre un soutien sans compromettre la sophistication, tandis que les appliqu\u00e9s floraux 3D en ivoire et rose poudr\u00e9 dansent subtilement sur le corsage et la taille. La jupe en tulle a\u00e9rien tombe gracieusement sur les hanches et bouge l\u00e9g\u00e8rement \u00e0 chaque pas. Le bas du dos, avec ses bretelles \u00e9troites et son aspect corset, ajoute une touche de sensualit\u00e9. Bahar est parfaite pour les mari\u00e9es qui recherchent l'\u00e9l\u00e9gance avec une touche de romantisme.\",\"breadcrumb\":{\"@id\":\"https:\\\/\\\/www.koonings.com\\\/fr\\\/product\\\/azuree-bridal-bahar-326-0011\\\/#breadcrumb\"},\"inLanguage\":\"fr-FR\",\"potentialAction\":[{\"@type\":\"ReadAction\",\"target\":[\"https:\\\/\\\/www.koonings.com\\\/fr\\\/product\\\/azuree-bridal-bahar-326-0011\\\/\"]}]},{\"@type\":\"ImageObject\",\"inLanguage\":\"fr-FR\",\"@id\":\"https:\\\/\\\/www.koonings.com\\\/fr\\\/product\\\/azuree-bridal-bahar-326-0011\\\/#primaryimage\",\"url\":\"https:\\\/\\\/www.koonings.com\\\/wp-content\\\/uploads\\\/2025\\\/09\\\/51501_a423683f5e6896053e3e85e19c504206e580baa489dad579bf99df64ada971439bfa58da.jpeg\",\"contentUrl\":\"https:\\\/\\\/www.koonings.com\\\/wp-content\\\/uploads\\\/2025\\\/09\\\/51501_a423683f5e6896053e3e85e19c504206e580baa489dad579bf99df64ada971439bfa58da.jpeg\",\"width\":1603,\"height\":2264},{\"@type\":\"BreadcrumbList\",\"@id\":\"https:\\\/\\\/www.koonings.com\\\/fr\\\/product\\\/azuree-bridal-bahar-326-0011\\\/#breadcrumb\",\"itemListElement\":[{\"@type\":\"ListItem\",\"position\":1,\"name\":\"Home\",\"item\":\"https:\\\/\\\/www.koonings.com\\\/fr\\\/\"},{\"@type\":\"ListItem\",\"position\":2,\"name\":\"Azuree Bridal Bahar 326.0011\"}]},{\"@type\":\"WebSite\",\"@id\":\"https:\\\/\\\/www.koonings.com\\\/fr\\\/#website\",\"url\":\"https:\\\/\\\/www.koonings.com\\\/fr\\\/\",\"name\":\"Koonings\",\"description\":\"De grootste bruidsmodewinkel ter wereld\",\"publisher\":{\"@id\":\"https:\\\/\\\/www.koonings.com\\\/fr\\\/#organization\"},\"potentialAction\":[{\"@type\":\"SearchAction\",\"target\":{\"@type\":\"EntryPoint\",\"urlTemplate\":\"https:\\\/\\\/www.koonings.com\\\/fr\\\/?s={search_term_string}\"},\"query-input\":{\"@type\":\"PropertyValueSpecification\",\"valueRequired\":true,\"valueName\":\"search_term_string\"}}],\"inLanguage\":\"fr-FR\"},{\"@type\":\"Organization\",\"@id\":\"https:\\\/\\\/www.koonings.com\\\/fr\\\/#organization\",\"name\":\"Koonings\",\"url\":\"https:\\\/\\\/www.koonings.com\\\/fr\\\/\",\"logo\":{\"@type\":\"ImageObject\",\"inLanguage\":\"fr-FR\",\"@id\":\"https:\\\/\\\/www.koonings.com\\\/fr\\\/#\\\/schema\\\/logo\\\/image\\\/\",\"url\":\"https:\\\/\\\/www.koonings.com\\\/wp-content\\\/uploads\\\/2024\\\/07\\\/logo.png\",\"contentUrl\":\"https:\\\/\\\/www.koonings.com\\\/wp-content\\\/uploads\\\/2024\\\/07\\\/logo.png\",\"width\":600,\"height\":428,\"caption\":\"Koonings\"},\"image\":{\"@id\":\"https:\\\/\\\/www.koonings.com\\\/fr\\\/#\\\/schema\\\/logo\\\/image\\\/\"},\"sameAs\":[\"https:\\\/\\\/www.facebook.com\\\/kooningstheweddingpalace\",\"https:\\\/\\\/www.instagram.com\\\/kooningstheweddingpalace\",\"https:\\\/\\\/www.pinterest.com\\\/koonings\",\"https:\\\/\\\/www.youtube.com\\\/kooningstheweddingpalace\"]}]}<\/script>\n<!-- \/ Yoast SEO plugin. -->","yoast_head_json":{"title":"Azuree Bridal Bahar 326.0011 | Koonings","description":"Bahar est un classique moderne avec une touche de r\u00eave. Le d\u00e9collet\u00e9 en V profond avec illusion de tulle offre un soutien sans compromettre la sophistication, tandis que les appliqu\u00e9s floraux 3D en ivoire et rose poudr\u00e9 dansent subtilement sur le corsage et la taille. La jupe en tulle a\u00e9rien tombe gracieusement sur les hanches et bouge l\u00e9g\u00e8rement \u00e0 chaque pas. Le bas du dos, avec ses bretelles \u00e9troites et son aspect corset, ajoute une touche de sensualit\u00e9. Bahar est parfaite pour les mari\u00e9es qui recherchent l'\u00e9l\u00e9gance avec une touche de romantisme.","robots":{"index":"index","follow":"follow","max-snippet":"max-snippet:-1","max-image-preview":"max-image-preview:large","max-video-preview":"max-video-preview:-1"},"canonical":"https:\/\/www.koonings.com\/fr\/product\/azuree-bridal-bahar-326-0011\/","og_locale":"fr_FR","og_type":"article","og_title":"Azuree Bridal Bahar 326.0011 | Koonings","og_description":"Bahar est un classique moderne avec une touche de r\u00eave. Le d\u00e9collet\u00e9 en V profond avec illusion de tulle offre un soutien sans compromettre la sophistication, tandis que les appliqu\u00e9s floraux 3D en ivoire et rose poudr\u00e9 dansent subtilement sur le corsage et la taille. La jupe en tulle a\u00e9rien tombe gracieusement sur les hanches et bouge l\u00e9g\u00e8rement \u00e0 chaque pas. Le bas du dos, avec ses bretelles \u00e9troites et son aspect corset, ajoute une touche de sensualit\u00e9. Bahar est parfaite pour les mari\u00e9es qui recherchent l'\u00e9l\u00e9gance avec une touche de romantisme.","og_url":"https:\/\/www.koonings.com\/fr\/product\/azuree-bridal-bahar-326-0011\/","og_site_name":"Koonings","article_publisher":"https:\/\/www.facebook.com\/kooningstheweddingpalace","og_image":[{"width":1603,"height":2264,"url":"https:\/\/www.koonings.com\/wp-content\/uploads\/2025\/09\/51501_a423683f5e6896053e3e85e19c504206e580baa489dad579bf99df64ada971439bfa58da.jpeg","type":"image\/jpeg"}],"twitter_card":"summary_large_image","twitter_misc":{"Dur\u00e9e de lecture estim\u00e9e":"1 minute"},"schema":{"@context":"https:\/\/schema.org","@graph":[{"@type":"WebPage","@id":"https:\/\/www.koonings.com\/fr\/product\/azuree-bridal-bahar-326-0011\/","url":"https:\/\/www.koonings.com\/fr\/product\/azuree-bridal-bahar-326-0011\/","name":"Azuree Bridal Bahar 326.0011 | Koonings","isPartOf":{"@id":"https:\/\/www.koonings.com\/fr\/#website"},"primaryImageOfPage":{"@id":"https:\/\/www.koonings.com\/fr\/product\/azuree-bridal-bahar-326-0011\/#primaryimage"},"image":{"@id":"https:\/\/www.koonings.com\/fr\/product\/azuree-bridal-bahar-326-0011\/#primaryimage"},"thumbnailUrl":"https:\/\/www.koonings.com\/wp-content\/uploads\/2025\/09\/51501_a423683f5e6896053e3e85e19c504206e580baa489dad579bf99df64ada971439bfa58da.jpeg","datePublished":"2026-04-28T16:40:40+00:00","description":"Bahar est un classique moderne avec une touche de r\u00eave. Le d\u00e9collet\u00e9 en V profond avec illusion de tulle offre un soutien sans compromettre la sophistication, tandis que les appliqu\u00e9s floraux 3D en ivoire et rose poudr\u00e9 dansent subtilement sur le corsage et la taille. La jupe en tulle a\u00e9rien tombe gracieusement sur les hanches et bouge l\u00e9g\u00e8rement \u00e0 chaque pas. Le bas du dos, avec ses bretelles \u00e9troites et son aspect corset, ajoute une touche de sensualit\u00e9. Bahar est parfaite pour les mari\u00e9es qui recherchent l'\u00e9l\u00e9gance avec une touche de romantisme.","breadcrumb":{"@id":"https:\/\/www.koonings.com\/fr\/product\/azuree-bridal-bahar-326-0011\/#breadcrumb"},"inLanguage":"fr-FR","potentialAction":[{"@type":"ReadAction","target":["https:\/\/www.koonings.com\/fr\/product\/azuree-bridal-bahar-326-0011\/"]}]},{"@type":"ImageObject","inLanguage":"fr-FR","@id":"https:\/\/www.koonings.com\/fr\/product\/azuree-bridal-bahar-326-0011\/#primaryimage","url":"https:\/\/www.koonings.com\/wp-content\/uploads\/2025\/09\/51501_a423683f5e6896053e3e85e19c504206e580baa489dad579bf99df64ada971439bfa58da.jpeg","contentUrl":"https:\/\/www.koonings.com\/wp-content\/uploads\/2025\/09\/51501_a423683f5e6896053e3e85e19c504206e580baa489dad579bf99df64ada971439bfa58da.jpeg","width":1603,"height":2264},{"@type":"BreadcrumbList","@id":"https:\/\/www.koonings.com\/fr\/product\/azuree-bridal-bahar-326-0011\/#breadcrumb","itemListElement":[{"@type":"ListItem","position":1,"name":"Home","item":"https:\/\/www.koonings.com\/fr\/"},{"@type":"ListItem","position":2,"name":"Azuree Bridal Bahar 326.0011"}]},{"@type":"WebSite","@id":"https:\/\/www.koonings.com\/fr\/#website","url":"https:\/\/www.koonings.com\/fr\/","name":"Koonings","description":"De grootste bruidsmodewinkel ter wereld","publisher":{"@id":"https:\/\/www.koonings.com\/fr\/#organization"},"potentialAction":[{"@type":"SearchAction","target":{"@type":"EntryPoint","urlTemplate":"https:\/\/www.koonings.com\/fr\/?s={search_term_string}"},"query-input":{"@type":"PropertyValueSpecification","valueRequired":true,"valueName":"search_term_string"}}],"inLanguage":"fr-FR"},{"@type":"Organization","@id":"https:\/\/www.koonings.com\/fr\/#organization","name":"Koonings","url":"https:\/\/www.koonings.com\/fr\/","logo":{"@type":"ImageObject","inLanguage":"fr-FR","@id":"https:\/\/www.koonings.com\/fr\/#\/schema\/logo\/image\/","url":"https:\/\/www.koonings.com\/wp-content\/uploads\/2024\/07\/logo.png","contentUrl":"https:\/\/www.koonings.com\/wp-content\/uploads\/2024\/07\/logo.png","width":600,"height":428,"caption":"Koonings"},"image":{"@id":"https:\/\/www.koonings.com\/fr\/#\/schema\/logo\/image\/"},"sameAs":["https:\/\/www.facebook.com\/kooningstheweddingpalace","https:\/\/www.instagram.com\/kooningstheweddingpalace","https:\/\/www.pinterest.com\/koonings","https:\/\/www.youtube.com\/kooningstheweddingpalace"]}]}},"_links":{"self":[{"href":"https:\/\/www.koonings.com\/fr\/wp-json\/wp\/v2\/product\/93802","targetHints":{"allow":["GET"]}}],"collection":[{"href":"https:\/\/www.koonings.com\/fr\/wp-json\/wp\/v2\/product"}],"about":[{"href":"https:\/\/www.koonings.com\/fr\/wp-json\/wp\/v2\/types\/product"}],"wp:featuredmedia":[{"embeddable":true,"href":"https:\/\/www.koonings.com\/fr\/wp-json\/wp\/v2\/media\/92018"}],"wp:attachment":[{"href":"https:\/\/www.koonings.com\/fr\/wp-json\/wp\/v2\/media?parent=93802"}],"wp:term":[{"taxonomy":"productdetails","embeddable":true,"href":"https:\/\/www.koonings.com\/fr\/wp-json\/wp\/v2\/productdetails?post=93802"},{"taxonomy":"productneck","embeddable":true,"href":"https:\/\/www.koonings.com\/fr\/wp-json\/wp\/v2\/productneck?post=93802"},{"taxonomy":"productcolor","embeddable":true,"href":"https:\/\/www.koonings.com\/fr\/wp-json\/wp\/v2\/productcolor?post=93802"},{"taxonomy":"maat","embeddable":true,"href":"https:\/\/www.koonings.com\/fr\/wp-json\/wp\/v2\/maat?post=93802"},{"taxonomy":"productsupplier","embeddable":true,"href":"https:\/\/www.koonings.com\/fr\/wp-json\/wp\/v2\/productsupplier?post=93802"},{"taxonomy":"productsleeve","embeddable":true,"href":"https:\/\/www.koonings.com\/fr\/wp-json\/wp\/v2\/productsleeve?post=93802"},{"taxonomy":"productcategory","embeddable":true,"href":"https:\/\/www.koonings.com\/fr\/wp-json\/wp\/v2\/productcategory?post=93802"},{"taxonomy":"productsilhouette","embeddable":true,"href":"https:\/\/www.koonings.com\/fr\/wp-json\/wp\/v2\/productsilhouette?post=93802"},{"taxonomy":"productstyle","embeddable":true,"href":"https:\/\/www.koonings.com\/fr\/wp-json\/wp\/v2\/productstyle?post=93802"}],"curies":[{"name":"wp","href":"https:\/\/api.w.org\/{rel}","templated":true}]}}