{"id":93792,"date":"2026-04-28T18:40:36","date_gmt":"2026-04-28T16:40:36","guid":{"rendered":"https:\/\/www.koonings.com\/product\/azuree-bridal-ariana-426-0341\/"},"modified":"2026-02-17T12:52:33","modified_gmt":"2026-02-17T11:52:33","slug":"azuree-bridal-ariana-426-0341","status":"publish","type":"product","link":"https:\/\/www.koonings.com\/fr\/product\/azuree-bridal-ariana-426-0341\/","title":{"rendered":"Azuree Bridal Ariana 426.0341"},"content":{"rendered":"<p>La robe de mari\u00e9e Ariana est une robe classique de type A avec une touche de romantisme. La robe poss\u00e8de des manches amovibles d\u00e9collet\u00e9es et est orn\u00e9e de tulle scintillant et d&#8217;appliques de dentelle d\u00e9licates, cr\u00e9ant ainsi un look enchanteur et sophistiqu\u00e9. Le corsage enti\u00e8rement doubl\u00e9 offre confort et soutien, permettant \u00e0 la mari\u00e9e de se sentir \u00e0 l&#8217;aise toute la journ\u00e9e. Le la\u00e7age dans le dos ajoute un \u00e9l\u00e9ment traditionnel, tandis que la jupe l\u00e9g\u00e8rement tombante cr\u00e9e un look \u00e9l\u00e9gant et f\u00e9minin. La robe de mari\u00e9e Ariana est id\u00e9ale pour les mari\u00e9es qui aiment le style classique avec une touche de glamour et qui veulent briller le jour de leur mariage.    <\/p>\n","protected":false},"featured_media":91934,"template":"","meta":{"_acf_changed":false,"ghostkit_customizer_options":"","ghostkit_custom_css":"","ghostkit_custom_js_head":"","ghostkit_custom_js_foot":"","ghostkit_typography":""},"productdetails":[376,381],"productneck":[355],"productcolor":[393,392],"maat":[],"productsupplier":[533],"productsleeve":[363],"productcategory":[18],"productsilhouette":[384],"productstyle":[369,366],"class_list":["post-93792","product","type-product","status-publish","has-post-thumbnail","hentry","productdetails-376","productdetails-381","productneck-355","productcolor-393","productcolor-392","productsupplier-azuree-bridal","productsleeve-363","productcategory-trouwjurken","productsilhouette-384","productstyle-369","productstyle-366"],"acf":[],"yoast_head":"<!-- This site is optimized with the Yoast SEO plugin v27.3 - https:\/\/yoast.com\/product\/yoast-seo-wordpress\/ -->\n<title>Azuree Bridal Ariana 426.0341 | Koonings<\/title>\n<meta name=\"description\" content=\"La robe de mari\u00e9e Ariana est une robe classique de type A avec une touche de romantisme. La robe poss\u00e8de des manches amovibles d\u00e9collet\u00e9es et est orn\u00e9e de tulle scintillant et d&#039;appliques de dentelle d\u00e9licates, cr\u00e9ant ainsi un look enchanteur et sophistiqu\u00e9. Le corsage enti\u00e8rement doubl\u00e9 offre confort et soutien, permettant \u00e0 la mari\u00e9e de se sentir \u00e0 l&#039;aise toute la journ\u00e9e. Le la\u00e7age dans le dos ajoute un \u00e9l\u00e9ment traditionnel, tandis que la jupe l\u00e9g\u00e8rement tombante cr\u00e9e un look \u00e9l\u00e9gant et f\u00e9minin. La robe de mari\u00e9e Ariana est id\u00e9ale pour les mari\u00e9es qui aiment le style classique avec une touche de glamour et qui veulent briller le jour de leur mariage.\" \/>\n<meta name=\"robots\" content=\"index, follow, max-snippet:-1, max-image-preview:large, max-video-preview:-1\" \/>\n<link rel=\"canonical\" href=\"https:\/\/www.koonings.com\/fr\/product\/azuree-bridal-ariana-426-0341\/\" \/>\n<meta property=\"og:locale\" content=\"fr_FR\" \/>\n<meta property=\"og:type\" content=\"article\" \/>\n<meta property=\"og:title\" content=\"Azuree Bridal Ariana 426.0341 | Koonings\" \/>\n<meta property=\"og:description\" content=\"La robe de mari\u00e9e Ariana est une robe classique de type A avec une touche de romantisme. La robe poss\u00e8de des manches amovibles d\u00e9collet\u00e9es et est orn\u00e9e de tulle scintillant et d&#039;appliques de dentelle d\u00e9licates, cr\u00e9ant ainsi un look enchanteur et sophistiqu\u00e9. Le corsage enti\u00e8rement doubl\u00e9 offre confort et soutien, permettant \u00e0 la mari\u00e9e de se sentir \u00e0 l&#039;aise toute la journ\u00e9e. Le la\u00e7age dans le dos ajoute un \u00e9l\u00e9ment traditionnel, tandis que la jupe l\u00e9g\u00e8rement tombante cr\u00e9e un look \u00e9l\u00e9gant et f\u00e9minin. La robe de mari\u00e9e Ariana est id\u00e9ale pour les mari\u00e9es qui aiment le style classique avec une touche de glamour et qui veulent briller le jour de leur mariage.\" \/>\n<meta property=\"og:url\" content=\"https:\/\/www.koonings.com\/fr\/product\/azuree-bridal-ariana-426-0341\/\" \/>\n<meta property=\"og:site_name\" content=\"Koonings\" \/>\n<meta property=\"article:publisher\" content=\"https:\/\/www.facebook.com\/kooningstheweddingpalace\" \/>\n<meta property=\"og:image\" content=\"https:\/\/www.koonings.com\/wp-content\/uploads\/2025\/09\/51492_1bc93a7c2d6e95cb01730daa0dd6389a45922342867216fd415b2d1db182c6abd24776a3.jpeg\" \/>\n\t<meta property=\"og:image:width\" content=\"1700\" \/>\n\t<meta property=\"og:image:height\" content=\"2402\" \/>\n\t<meta property=\"og:image:type\" content=\"image\/jpeg\" \/>\n<meta name=\"twitter:card\" content=\"summary_large_image\" \/>\n<meta name=\"twitter:label1\" content=\"Dur\u00e9e de lecture estim\u00e9e\" \/>\n\t<meta name=\"twitter:data1\" content=\"1 minute\" \/>\n<script type=\"application\/ld+json\" class=\"yoast-schema-graph\">{\"@context\":\"https:\\\/\\\/schema.org\",\"@graph\":[{\"@type\":\"WebPage\",\"@id\":\"https:\\\/\\\/www.koonings.com\\\/fr\\\/product\\\/azuree-bridal-ariana-426-0341\\\/\",\"url\":\"https:\\\/\\\/www.koonings.com\\\/fr\\\/product\\\/azuree-bridal-ariana-426-0341\\\/\",\"name\":\"Azuree Bridal Ariana 426.0341 | Koonings\",\"isPartOf\":{\"@id\":\"https:\\\/\\\/www.koonings.com\\\/fr\\\/#website\"},\"primaryImageOfPage\":{\"@id\":\"https:\\\/\\\/www.koonings.com\\\/fr\\\/product\\\/azuree-bridal-ariana-426-0341\\\/#primaryimage\"},\"image\":{\"@id\":\"https:\\\/\\\/www.koonings.com\\\/fr\\\/product\\\/azuree-bridal-ariana-426-0341\\\/#primaryimage\"},\"thumbnailUrl\":\"https:\\\/\\\/www.koonings.com\\\/wp-content\\\/uploads\\\/2025\\\/09\\\/51492_1bc93a7c2d6e95cb01730daa0dd6389a45922342867216fd415b2d1db182c6abd24776a3.jpeg\",\"datePublished\":\"2026-04-28T16:40:36+00:00\",\"description\":\"La robe de mari\u00e9e Ariana est une robe classique de type A avec une touche de romantisme. La robe poss\u00e8de des manches amovibles d\u00e9collet\u00e9es et est orn\u00e9e de tulle scintillant et d'appliques de dentelle d\u00e9licates, cr\u00e9ant ainsi un look enchanteur et sophistiqu\u00e9. Le corsage enti\u00e8rement doubl\u00e9 offre confort et soutien, permettant \u00e0 la mari\u00e9e de se sentir \u00e0 l'aise toute la journ\u00e9e. Le la\u00e7age dans le dos ajoute un \u00e9l\u00e9ment traditionnel, tandis que la jupe l\u00e9g\u00e8rement tombante cr\u00e9e un look \u00e9l\u00e9gant et f\u00e9minin. La robe de mari\u00e9e Ariana est id\u00e9ale pour les mari\u00e9es qui aiment le style classique avec une touche de glamour et qui veulent briller le jour de leur mariage.\",\"breadcrumb\":{\"@id\":\"https:\\\/\\\/www.koonings.com\\\/fr\\\/product\\\/azuree-bridal-ariana-426-0341\\\/#breadcrumb\"},\"inLanguage\":\"fr-FR\",\"potentialAction\":[{\"@type\":\"ReadAction\",\"target\":[\"https:\\\/\\\/www.koonings.com\\\/fr\\\/product\\\/azuree-bridal-ariana-426-0341\\\/\"]}]},{\"@type\":\"ImageObject\",\"inLanguage\":\"fr-FR\",\"@id\":\"https:\\\/\\\/www.koonings.com\\\/fr\\\/product\\\/azuree-bridal-ariana-426-0341\\\/#primaryimage\",\"url\":\"https:\\\/\\\/www.koonings.com\\\/wp-content\\\/uploads\\\/2025\\\/09\\\/51492_1bc93a7c2d6e95cb01730daa0dd6389a45922342867216fd415b2d1db182c6abd24776a3.jpeg\",\"contentUrl\":\"https:\\\/\\\/www.koonings.com\\\/wp-content\\\/uploads\\\/2025\\\/09\\\/51492_1bc93a7c2d6e95cb01730daa0dd6389a45922342867216fd415b2d1db182c6abd24776a3.jpeg\",\"width\":1700,\"height\":2402},{\"@type\":\"BreadcrumbList\",\"@id\":\"https:\\\/\\\/www.koonings.com\\\/fr\\\/product\\\/azuree-bridal-ariana-426-0341\\\/#breadcrumb\",\"itemListElement\":[{\"@type\":\"ListItem\",\"position\":1,\"name\":\"Home\",\"item\":\"https:\\\/\\\/www.koonings.com\\\/fr\\\/\"},{\"@type\":\"ListItem\",\"position\":2,\"name\":\"Azuree Bridal Ariana 426.0341\"}]},{\"@type\":\"WebSite\",\"@id\":\"https:\\\/\\\/www.koonings.com\\\/fr\\\/#website\",\"url\":\"https:\\\/\\\/www.koonings.com\\\/fr\\\/\",\"name\":\"Koonings\",\"description\":\"De grootste bruidsmodewinkel ter wereld\",\"publisher\":{\"@id\":\"https:\\\/\\\/www.koonings.com\\\/fr\\\/#organization\"},\"potentialAction\":[{\"@type\":\"SearchAction\",\"target\":{\"@type\":\"EntryPoint\",\"urlTemplate\":\"https:\\\/\\\/www.koonings.com\\\/fr\\\/?s={search_term_string}\"},\"query-input\":{\"@type\":\"PropertyValueSpecification\",\"valueRequired\":true,\"valueName\":\"search_term_string\"}}],\"inLanguage\":\"fr-FR\"},{\"@type\":\"Organization\",\"@id\":\"https:\\\/\\\/www.koonings.com\\\/fr\\\/#organization\",\"name\":\"Koonings\",\"url\":\"https:\\\/\\\/www.koonings.com\\\/fr\\\/\",\"logo\":{\"@type\":\"ImageObject\",\"inLanguage\":\"fr-FR\",\"@id\":\"https:\\\/\\\/www.koonings.com\\\/fr\\\/#\\\/schema\\\/logo\\\/image\\\/\",\"url\":\"https:\\\/\\\/www.koonings.com\\\/wp-content\\\/uploads\\\/2024\\\/07\\\/logo.png\",\"contentUrl\":\"https:\\\/\\\/www.koonings.com\\\/wp-content\\\/uploads\\\/2024\\\/07\\\/logo.png\",\"width\":600,\"height\":428,\"caption\":\"Koonings\"},\"image\":{\"@id\":\"https:\\\/\\\/www.koonings.com\\\/fr\\\/#\\\/schema\\\/logo\\\/image\\\/\"},\"sameAs\":[\"https:\\\/\\\/www.facebook.com\\\/kooningstheweddingpalace\",\"https:\\\/\\\/www.instagram.com\\\/kooningstheweddingpalace\",\"https:\\\/\\\/www.pinterest.com\\\/koonings\",\"https:\\\/\\\/www.youtube.com\\\/kooningstheweddingpalace\"]}]}<\/script>\n<!-- \/ Yoast SEO plugin. -->","yoast_head_json":{"title":"Azuree Bridal Ariana 426.0341 | Koonings","description":"La robe de mari\u00e9e Ariana est une robe classique de type A avec une touche de romantisme. La robe poss\u00e8de des manches amovibles d\u00e9collet\u00e9es et est orn\u00e9e de tulle scintillant et d'appliques de dentelle d\u00e9licates, cr\u00e9ant ainsi un look enchanteur et sophistiqu\u00e9. Le corsage enti\u00e8rement doubl\u00e9 offre confort et soutien, permettant \u00e0 la mari\u00e9e de se sentir \u00e0 l'aise toute la journ\u00e9e. Le la\u00e7age dans le dos ajoute un \u00e9l\u00e9ment traditionnel, tandis que la jupe l\u00e9g\u00e8rement tombante cr\u00e9e un look \u00e9l\u00e9gant et f\u00e9minin. La robe de mari\u00e9e Ariana est id\u00e9ale pour les mari\u00e9es qui aiment le style classique avec une touche de glamour et qui veulent briller le jour de leur mariage.","robots":{"index":"index","follow":"follow","max-snippet":"max-snippet:-1","max-image-preview":"max-image-preview:large","max-video-preview":"max-video-preview:-1"},"canonical":"https:\/\/www.koonings.com\/fr\/product\/azuree-bridal-ariana-426-0341\/","og_locale":"fr_FR","og_type":"article","og_title":"Azuree Bridal Ariana 426.0341 | Koonings","og_description":"La robe de mari\u00e9e Ariana est une robe classique de type A avec une touche de romantisme. La robe poss\u00e8de des manches amovibles d\u00e9collet\u00e9es et est orn\u00e9e de tulle scintillant et d'appliques de dentelle d\u00e9licates, cr\u00e9ant ainsi un look enchanteur et sophistiqu\u00e9. Le corsage enti\u00e8rement doubl\u00e9 offre confort et soutien, permettant \u00e0 la mari\u00e9e de se sentir \u00e0 l'aise toute la journ\u00e9e. Le la\u00e7age dans le dos ajoute un \u00e9l\u00e9ment traditionnel, tandis que la jupe l\u00e9g\u00e8rement tombante cr\u00e9e un look \u00e9l\u00e9gant et f\u00e9minin. La robe de mari\u00e9e Ariana est id\u00e9ale pour les mari\u00e9es qui aiment le style classique avec une touche de glamour et qui veulent briller le jour de leur mariage.","og_url":"https:\/\/www.koonings.com\/fr\/product\/azuree-bridal-ariana-426-0341\/","og_site_name":"Koonings","article_publisher":"https:\/\/www.facebook.com\/kooningstheweddingpalace","og_image":[{"width":1700,"height":2402,"url":"https:\/\/www.koonings.com\/wp-content\/uploads\/2025\/09\/51492_1bc93a7c2d6e95cb01730daa0dd6389a45922342867216fd415b2d1db182c6abd24776a3.jpeg","type":"image\/jpeg"}],"twitter_card":"summary_large_image","twitter_misc":{"Dur\u00e9e de lecture estim\u00e9e":"1 minute"},"schema":{"@context":"https:\/\/schema.org","@graph":[{"@type":"WebPage","@id":"https:\/\/www.koonings.com\/fr\/product\/azuree-bridal-ariana-426-0341\/","url":"https:\/\/www.koonings.com\/fr\/product\/azuree-bridal-ariana-426-0341\/","name":"Azuree Bridal Ariana 426.0341 | Koonings","isPartOf":{"@id":"https:\/\/www.koonings.com\/fr\/#website"},"primaryImageOfPage":{"@id":"https:\/\/www.koonings.com\/fr\/product\/azuree-bridal-ariana-426-0341\/#primaryimage"},"image":{"@id":"https:\/\/www.koonings.com\/fr\/product\/azuree-bridal-ariana-426-0341\/#primaryimage"},"thumbnailUrl":"https:\/\/www.koonings.com\/wp-content\/uploads\/2025\/09\/51492_1bc93a7c2d6e95cb01730daa0dd6389a45922342867216fd415b2d1db182c6abd24776a3.jpeg","datePublished":"2026-04-28T16:40:36+00:00","description":"La robe de mari\u00e9e Ariana est une robe classique de type A avec une touche de romantisme. La robe poss\u00e8de des manches amovibles d\u00e9collet\u00e9es et est orn\u00e9e de tulle scintillant et d'appliques de dentelle d\u00e9licates, cr\u00e9ant ainsi un look enchanteur et sophistiqu\u00e9. Le corsage enti\u00e8rement doubl\u00e9 offre confort et soutien, permettant \u00e0 la mari\u00e9e de se sentir \u00e0 l'aise toute la journ\u00e9e. Le la\u00e7age dans le dos ajoute un \u00e9l\u00e9ment traditionnel, tandis que la jupe l\u00e9g\u00e8rement tombante cr\u00e9e un look \u00e9l\u00e9gant et f\u00e9minin. La robe de mari\u00e9e Ariana est id\u00e9ale pour les mari\u00e9es qui aiment le style classique avec une touche de glamour et qui veulent briller le jour de leur mariage.","breadcrumb":{"@id":"https:\/\/www.koonings.com\/fr\/product\/azuree-bridal-ariana-426-0341\/#breadcrumb"},"inLanguage":"fr-FR","potentialAction":[{"@type":"ReadAction","target":["https:\/\/www.koonings.com\/fr\/product\/azuree-bridal-ariana-426-0341\/"]}]},{"@type":"ImageObject","inLanguage":"fr-FR","@id":"https:\/\/www.koonings.com\/fr\/product\/azuree-bridal-ariana-426-0341\/#primaryimage","url":"https:\/\/www.koonings.com\/wp-content\/uploads\/2025\/09\/51492_1bc93a7c2d6e95cb01730daa0dd6389a45922342867216fd415b2d1db182c6abd24776a3.jpeg","contentUrl":"https:\/\/www.koonings.com\/wp-content\/uploads\/2025\/09\/51492_1bc93a7c2d6e95cb01730daa0dd6389a45922342867216fd415b2d1db182c6abd24776a3.jpeg","width":1700,"height":2402},{"@type":"BreadcrumbList","@id":"https:\/\/www.koonings.com\/fr\/product\/azuree-bridal-ariana-426-0341\/#breadcrumb","itemListElement":[{"@type":"ListItem","position":1,"name":"Home","item":"https:\/\/www.koonings.com\/fr\/"},{"@type":"ListItem","position":2,"name":"Azuree Bridal Ariana 426.0341"}]},{"@type":"WebSite","@id":"https:\/\/www.koonings.com\/fr\/#website","url":"https:\/\/www.koonings.com\/fr\/","name":"Koonings","description":"De grootste bruidsmodewinkel ter wereld","publisher":{"@id":"https:\/\/www.koonings.com\/fr\/#organization"},"potentialAction":[{"@type":"SearchAction","target":{"@type":"EntryPoint","urlTemplate":"https:\/\/www.koonings.com\/fr\/?s={search_term_string}"},"query-input":{"@type":"PropertyValueSpecification","valueRequired":true,"valueName":"search_term_string"}}],"inLanguage":"fr-FR"},{"@type":"Organization","@id":"https:\/\/www.koonings.com\/fr\/#organization","name":"Koonings","url":"https:\/\/www.koonings.com\/fr\/","logo":{"@type":"ImageObject","inLanguage":"fr-FR","@id":"https:\/\/www.koonings.com\/fr\/#\/schema\/logo\/image\/","url":"https:\/\/www.koonings.com\/wp-content\/uploads\/2024\/07\/logo.png","contentUrl":"https:\/\/www.koonings.com\/wp-content\/uploads\/2024\/07\/logo.png","width":600,"height":428,"caption":"Koonings"},"image":{"@id":"https:\/\/www.koonings.com\/fr\/#\/schema\/logo\/image\/"},"sameAs":["https:\/\/www.facebook.com\/kooningstheweddingpalace","https:\/\/www.instagram.com\/kooningstheweddingpalace","https:\/\/www.pinterest.com\/koonings","https:\/\/www.youtube.com\/kooningstheweddingpalace"]}]}},"_links":{"self":[{"href":"https:\/\/www.koonings.com\/fr\/wp-json\/wp\/v2\/product\/93792","targetHints":{"allow":["GET"]}}],"collection":[{"href":"https:\/\/www.koonings.com\/fr\/wp-json\/wp\/v2\/product"}],"about":[{"href":"https:\/\/www.koonings.com\/fr\/wp-json\/wp\/v2\/types\/product"}],"wp:featuredmedia":[{"embeddable":true,"href":"https:\/\/www.koonings.com\/fr\/wp-json\/wp\/v2\/media\/91934"}],"wp:attachment":[{"href":"https:\/\/www.koonings.com\/fr\/wp-json\/wp\/v2\/media?parent=93792"}],"wp:term":[{"taxonomy":"productdetails","embeddable":true,"href":"https:\/\/www.koonings.com\/fr\/wp-json\/wp\/v2\/productdetails?post=93792"},{"taxonomy":"productneck","embeddable":true,"href":"https:\/\/www.koonings.com\/fr\/wp-json\/wp\/v2\/productneck?post=93792"},{"taxonomy":"productcolor","embeddable":true,"href":"https:\/\/www.koonings.com\/fr\/wp-json\/wp\/v2\/productcolor?post=93792"},{"taxonomy":"maat","embeddable":true,"href":"https:\/\/www.koonings.com\/fr\/wp-json\/wp\/v2\/maat?post=93792"},{"taxonomy":"productsupplier","embeddable":true,"href":"https:\/\/www.koonings.com\/fr\/wp-json\/wp\/v2\/productsupplier?post=93792"},{"taxonomy":"productsleeve","embeddable":true,"href":"https:\/\/www.koonings.com\/fr\/wp-json\/wp\/v2\/productsleeve?post=93792"},{"taxonomy":"productcategory","embeddable":true,"href":"https:\/\/www.koonings.com\/fr\/wp-json\/wp\/v2\/productcategory?post=93792"},{"taxonomy":"productsilhouette","embeddable":true,"href":"https:\/\/www.koonings.com\/fr\/wp-json\/wp\/v2\/productsilhouette?post=93792"},{"taxonomy":"productstyle","embeddable":true,"href":"https:\/\/www.koonings.com\/fr\/wp-json\/wp\/v2\/productstyle?post=93792"}],"curies":[{"name":"wp","href":"https:\/\/api.w.org\/{rel}","templated":true}]}}