{"id":93788,"date":"2026-04-28T18:40:37","date_gmt":"2026-04-28T16:40:37","guid":{"rendered":"https:\/\/www.koonings.com\/product\/azuree-bridal-aspen-426-0381\/"},"modified":"2026-02-17T12:53:55","modified_gmt":"2026-02-17T11:53:55","slug":"azuree-bridal-aspen-426-0381","status":"publish","type":"product","link":"https:\/\/www.koonings.com\/fr\/product\/azuree-bridal-aspen-426-0381\/","title":{"rendered":"Azuree Bridal Aspen 426.0381"},"content":{"rendered":"<p>La robe de mari\u00e9e Aspen est un r\u00eave pour toute mari\u00e9e qui aime un look dramatique et romantique. La robe a une encolure d\u00e9collet\u00e9e qui cr\u00e9e un look \u00e9l\u00e9gant et f\u00e9minin, tandis que le corsage transparent avec des d\u00e9tails en dentelle ajoute une touche de romantisme. Les appliques de dentelle sont soigneusement plac\u00e9es pour accentuer la silhouette de la mari\u00e9e et cr\u00e9er un look doux et romantique. La jupe princesse est faite d&#8217;un tissu fluide qui bouge magnifiquement \u00e0 chaque pas de la mari\u00e9e. La jupe ajoute un \u00e9l\u00e9ment dramatique \u00e0 la robe et est parfaite pour une mari\u00e9e qui veut faire une entr\u00e9e impressionnante. La robe de mari\u00e9e Aspen combine l&#8217;\u00e9l\u00e9gance classique avec des d\u00e9tails romantiques et est id\u00e9ale pour un mariage formel o\u00f9 la mari\u00e9e veut \u00eatre au centre de l&#8217;attention.     <\/p>\n","protected":false},"featured_media":91970,"template":"","meta":{"_acf_changed":false,"ghostkit_customizer_options":"","ghostkit_custom_css":"","ghostkit_custom_js_head":"","ghostkit_custom_js_foot":"","ghostkit_typography":""},"productdetails":[381],"productneck":[356],"productcolor":[393,392],"maat":[],"productsupplier":[533],"productsleeve":[363],"productcategory":[18],"productsilhouette":[388],"productstyle":[369,372,366],"class_list":["post-93788","product","type-product","status-publish","has-post-thumbnail","hentry","productdetails-381","productneck-356","productcolor-393","productcolor-392","productsupplier-azuree-bridal","productsleeve-363","productcategory-trouwjurken","productsilhouette-388","productstyle-369","productstyle-372","productstyle-366"],"acf":[],"yoast_head":"<!-- This site is optimized with the Yoast SEO plugin v27.3 - https:\/\/yoast.com\/product\/yoast-seo-wordpress\/ -->\n<title>Azuree Bridal Aspen 426.0381 | Koonings<\/title>\n<meta name=\"description\" content=\"La robe de mari\u00e9e Aspen est un r\u00eave pour toute mari\u00e9e qui aime un look dramatique et romantique. La robe a une encolure d\u00e9collet\u00e9e qui cr\u00e9e un look \u00e9l\u00e9gant et f\u00e9minin, tandis que le corsage transparent avec des d\u00e9tails en dentelle ajoute une touche de romantisme. Les appliques de dentelle sont soigneusement plac\u00e9es pour accentuer la silhouette de la mari\u00e9e et cr\u00e9er un look doux et romantique. La jupe princesse est faite d&#039;un tissu fluide qui bouge magnifiquement \u00e0 chaque pas de la mari\u00e9e. La jupe ajoute un \u00e9l\u00e9ment dramatique \u00e0 la robe et est parfaite pour une mari\u00e9e qui veut faire une entr\u00e9e impressionnante. La robe de mari\u00e9e Aspen combine l&#039;\u00e9l\u00e9gance classique avec des d\u00e9tails romantiques et est id\u00e9ale pour un mariage formel o\u00f9 la mari\u00e9e veut \u00eatre au centre de l&#039;attention.\" \/>\n<meta name=\"robots\" content=\"index, follow, max-snippet:-1, max-image-preview:large, max-video-preview:-1\" \/>\n<link rel=\"canonical\" href=\"https:\/\/www.koonings.com\/fr\/product\/azuree-bridal-aspen-426-0381\/\" \/>\n<meta property=\"og:locale\" content=\"fr_FR\" \/>\n<meta property=\"og:type\" content=\"article\" \/>\n<meta property=\"og:title\" content=\"Azuree Bridal Aspen 426.0381 | Koonings\" \/>\n<meta property=\"og:description\" content=\"La robe de mari\u00e9e Aspen est un r\u00eave pour toute mari\u00e9e qui aime un look dramatique et romantique. La robe a une encolure d\u00e9collet\u00e9e qui cr\u00e9e un look \u00e9l\u00e9gant et f\u00e9minin, tandis que le corsage transparent avec des d\u00e9tails en dentelle ajoute une touche de romantisme. Les appliques de dentelle sont soigneusement plac\u00e9es pour accentuer la silhouette de la mari\u00e9e et cr\u00e9er un look doux et romantique. La jupe princesse est faite d&#039;un tissu fluide qui bouge magnifiquement \u00e0 chaque pas de la mari\u00e9e. La jupe ajoute un \u00e9l\u00e9ment dramatique \u00e0 la robe et est parfaite pour une mari\u00e9e qui veut faire une entr\u00e9e impressionnante. La robe de mari\u00e9e Aspen combine l&#039;\u00e9l\u00e9gance classique avec des d\u00e9tails romantiques et est id\u00e9ale pour un mariage formel o\u00f9 la mari\u00e9e veut \u00eatre au centre de l&#039;attention.\" \/>\n<meta property=\"og:url\" content=\"https:\/\/www.koonings.com\/fr\/product\/azuree-bridal-aspen-426-0381\/\" \/>\n<meta property=\"og:site_name\" content=\"Koonings\" \/>\n<meta property=\"article:publisher\" content=\"https:\/\/www.facebook.com\/kooningstheweddingpalace\" \/>\n<meta property=\"og:image\" content=\"https:\/\/www.koonings.com\/wp-content\/uploads\/2025\/09\/51495_6197212754937238c188548a6e1a5cecc94c5dfd044a342520f70f4a05719a965a40e7eb.jpeg\" \/>\n\t<meta property=\"og:image:width\" content=\"1306\" \/>\n\t<meta property=\"og:image:height\" content=\"1846\" \/>\n\t<meta property=\"og:image:type\" content=\"image\/jpeg\" \/>\n<meta name=\"twitter:card\" content=\"summary_large_image\" \/>\n<meta name=\"twitter:label1\" content=\"Dur\u00e9e de lecture estim\u00e9e\" \/>\n\t<meta name=\"twitter:data1\" content=\"1 minute\" \/>\n<script type=\"application\/ld+json\" class=\"yoast-schema-graph\">{\"@context\":\"https:\\\/\\\/schema.org\",\"@graph\":[{\"@type\":\"WebPage\",\"@id\":\"https:\\\/\\\/www.koonings.com\\\/fr\\\/product\\\/azuree-bridal-aspen-426-0381\\\/\",\"url\":\"https:\\\/\\\/www.koonings.com\\\/fr\\\/product\\\/azuree-bridal-aspen-426-0381\\\/\",\"name\":\"Azuree Bridal Aspen 426.0381 | Koonings\",\"isPartOf\":{\"@id\":\"https:\\\/\\\/www.koonings.com\\\/fr\\\/#website\"},\"primaryImageOfPage\":{\"@id\":\"https:\\\/\\\/www.koonings.com\\\/fr\\\/product\\\/azuree-bridal-aspen-426-0381\\\/#primaryimage\"},\"image\":{\"@id\":\"https:\\\/\\\/www.koonings.com\\\/fr\\\/product\\\/azuree-bridal-aspen-426-0381\\\/#primaryimage\"},\"thumbnailUrl\":\"https:\\\/\\\/www.koonings.com\\\/wp-content\\\/uploads\\\/2025\\\/09\\\/51495_6197212754937238c188548a6e1a5cecc94c5dfd044a342520f70f4a05719a965a40e7eb.jpeg\",\"datePublished\":\"2026-04-28T16:40:37+00:00\",\"description\":\"La robe de mari\u00e9e Aspen est un r\u00eave pour toute mari\u00e9e qui aime un look dramatique et romantique. La robe a une encolure d\u00e9collet\u00e9e qui cr\u00e9e un look \u00e9l\u00e9gant et f\u00e9minin, tandis que le corsage transparent avec des d\u00e9tails en dentelle ajoute une touche de romantisme. Les appliques de dentelle sont soigneusement plac\u00e9es pour accentuer la silhouette de la mari\u00e9e et cr\u00e9er un look doux et romantique. La jupe princesse est faite d'un tissu fluide qui bouge magnifiquement \u00e0 chaque pas de la mari\u00e9e. La jupe ajoute un \u00e9l\u00e9ment dramatique \u00e0 la robe et est parfaite pour une mari\u00e9e qui veut faire une entr\u00e9e impressionnante. La robe de mari\u00e9e Aspen combine l'\u00e9l\u00e9gance classique avec des d\u00e9tails romantiques et est id\u00e9ale pour un mariage formel o\u00f9 la mari\u00e9e veut \u00eatre au centre de l'attention.\",\"breadcrumb\":{\"@id\":\"https:\\\/\\\/www.koonings.com\\\/fr\\\/product\\\/azuree-bridal-aspen-426-0381\\\/#breadcrumb\"},\"inLanguage\":\"fr-FR\",\"potentialAction\":[{\"@type\":\"ReadAction\",\"target\":[\"https:\\\/\\\/www.koonings.com\\\/fr\\\/product\\\/azuree-bridal-aspen-426-0381\\\/\"]}]},{\"@type\":\"ImageObject\",\"inLanguage\":\"fr-FR\",\"@id\":\"https:\\\/\\\/www.koonings.com\\\/fr\\\/product\\\/azuree-bridal-aspen-426-0381\\\/#primaryimage\",\"url\":\"https:\\\/\\\/www.koonings.com\\\/wp-content\\\/uploads\\\/2025\\\/09\\\/51495_6197212754937238c188548a6e1a5cecc94c5dfd044a342520f70f4a05719a965a40e7eb.jpeg\",\"contentUrl\":\"https:\\\/\\\/www.koonings.com\\\/wp-content\\\/uploads\\\/2025\\\/09\\\/51495_6197212754937238c188548a6e1a5cecc94c5dfd044a342520f70f4a05719a965a40e7eb.jpeg\",\"width\":1306,\"height\":1846},{\"@type\":\"BreadcrumbList\",\"@id\":\"https:\\\/\\\/www.koonings.com\\\/fr\\\/product\\\/azuree-bridal-aspen-426-0381\\\/#breadcrumb\",\"itemListElement\":[{\"@type\":\"ListItem\",\"position\":1,\"name\":\"Home\",\"item\":\"https:\\\/\\\/www.koonings.com\\\/fr\\\/\"},{\"@type\":\"ListItem\",\"position\":2,\"name\":\"Azuree Bridal Aspen 426.0381\"}]},{\"@type\":\"WebSite\",\"@id\":\"https:\\\/\\\/www.koonings.com\\\/fr\\\/#website\",\"url\":\"https:\\\/\\\/www.koonings.com\\\/fr\\\/\",\"name\":\"Koonings\",\"description\":\"De grootste bruidsmodewinkel ter wereld\",\"publisher\":{\"@id\":\"https:\\\/\\\/www.koonings.com\\\/fr\\\/#organization\"},\"potentialAction\":[{\"@type\":\"SearchAction\",\"target\":{\"@type\":\"EntryPoint\",\"urlTemplate\":\"https:\\\/\\\/www.koonings.com\\\/fr\\\/?s={search_term_string}\"},\"query-input\":{\"@type\":\"PropertyValueSpecification\",\"valueRequired\":true,\"valueName\":\"search_term_string\"}}],\"inLanguage\":\"fr-FR\"},{\"@type\":\"Organization\",\"@id\":\"https:\\\/\\\/www.koonings.com\\\/fr\\\/#organization\",\"name\":\"Koonings\",\"url\":\"https:\\\/\\\/www.koonings.com\\\/fr\\\/\",\"logo\":{\"@type\":\"ImageObject\",\"inLanguage\":\"fr-FR\",\"@id\":\"https:\\\/\\\/www.koonings.com\\\/fr\\\/#\\\/schema\\\/logo\\\/image\\\/\",\"url\":\"https:\\\/\\\/www.koonings.com\\\/wp-content\\\/uploads\\\/2024\\\/07\\\/logo.png\",\"contentUrl\":\"https:\\\/\\\/www.koonings.com\\\/wp-content\\\/uploads\\\/2024\\\/07\\\/logo.png\",\"width\":600,\"height\":428,\"caption\":\"Koonings\"},\"image\":{\"@id\":\"https:\\\/\\\/www.koonings.com\\\/fr\\\/#\\\/schema\\\/logo\\\/image\\\/\"},\"sameAs\":[\"https:\\\/\\\/www.facebook.com\\\/kooningstheweddingpalace\",\"https:\\\/\\\/www.instagram.com\\\/kooningstheweddingpalace\",\"https:\\\/\\\/www.pinterest.com\\\/koonings\",\"https:\\\/\\\/www.youtube.com\\\/kooningstheweddingpalace\"]}]}<\/script>\n<!-- \/ Yoast SEO plugin. -->","yoast_head_json":{"title":"Azuree Bridal Aspen 426.0381 | Koonings","description":"La robe de mari\u00e9e Aspen est un r\u00eave pour toute mari\u00e9e qui aime un look dramatique et romantique. La robe a une encolure d\u00e9collet\u00e9e qui cr\u00e9e un look \u00e9l\u00e9gant et f\u00e9minin, tandis que le corsage transparent avec des d\u00e9tails en dentelle ajoute une touche de romantisme. Les appliques de dentelle sont soigneusement plac\u00e9es pour accentuer la silhouette de la mari\u00e9e et cr\u00e9er un look doux et romantique. La jupe princesse est faite d'un tissu fluide qui bouge magnifiquement \u00e0 chaque pas de la mari\u00e9e. La jupe ajoute un \u00e9l\u00e9ment dramatique \u00e0 la robe et est parfaite pour une mari\u00e9e qui veut faire une entr\u00e9e impressionnante. La robe de mari\u00e9e Aspen combine l'\u00e9l\u00e9gance classique avec des d\u00e9tails romantiques et est id\u00e9ale pour un mariage formel o\u00f9 la mari\u00e9e veut \u00eatre au centre de l'attention.","robots":{"index":"index","follow":"follow","max-snippet":"max-snippet:-1","max-image-preview":"max-image-preview:large","max-video-preview":"max-video-preview:-1"},"canonical":"https:\/\/www.koonings.com\/fr\/product\/azuree-bridal-aspen-426-0381\/","og_locale":"fr_FR","og_type":"article","og_title":"Azuree Bridal Aspen 426.0381 | Koonings","og_description":"La robe de mari\u00e9e Aspen est un r\u00eave pour toute mari\u00e9e qui aime un look dramatique et romantique. La robe a une encolure d\u00e9collet\u00e9e qui cr\u00e9e un look \u00e9l\u00e9gant et f\u00e9minin, tandis que le corsage transparent avec des d\u00e9tails en dentelle ajoute une touche de romantisme. Les appliques de dentelle sont soigneusement plac\u00e9es pour accentuer la silhouette de la mari\u00e9e et cr\u00e9er un look doux et romantique. La jupe princesse est faite d'un tissu fluide qui bouge magnifiquement \u00e0 chaque pas de la mari\u00e9e. La jupe ajoute un \u00e9l\u00e9ment dramatique \u00e0 la robe et est parfaite pour une mari\u00e9e qui veut faire une entr\u00e9e impressionnante. La robe de mari\u00e9e Aspen combine l'\u00e9l\u00e9gance classique avec des d\u00e9tails romantiques et est id\u00e9ale pour un mariage formel o\u00f9 la mari\u00e9e veut \u00eatre au centre de l'attention.","og_url":"https:\/\/www.koonings.com\/fr\/product\/azuree-bridal-aspen-426-0381\/","og_site_name":"Koonings","article_publisher":"https:\/\/www.facebook.com\/kooningstheweddingpalace","og_image":[{"width":1306,"height":1846,"url":"https:\/\/www.koonings.com\/wp-content\/uploads\/2025\/09\/51495_6197212754937238c188548a6e1a5cecc94c5dfd044a342520f70f4a05719a965a40e7eb.jpeg","type":"image\/jpeg"}],"twitter_card":"summary_large_image","twitter_misc":{"Dur\u00e9e de lecture estim\u00e9e":"1 minute"},"schema":{"@context":"https:\/\/schema.org","@graph":[{"@type":"WebPage","@id":"https:\/\/www.koonings.com\/fr\/product\/azuree-bridal-aspen-426-0381\/","url":"https:\/\/www.koonings.com\/fr\/product\/azuree-bridal-aspen-426-0381\/","name":"Azuree Bridal Aspen 426.0381 | Koonings","isPartOf":{"@id":"https:\/\/www.koonings.com\/fr\/#website"},"primaryImageOfPage":{"@id":"https:\/\/www.koonings.com\/fr\/product\/azuree-bridal-aspen-426-0381\/#primaryimage"},"image":{"@id":"https:\/\/www.koonings.com\/fr\/product\/azuree-bridal-aspen-426-0381\/#primaryimage"},"thumbnailUrl":"https:\/\/www.koonings.com\/wp-content\/uploads\/2025\/09\/51495_6197212754937238c188548a6e1a5cecc94c5dfd044a342520f70f4a05719a965a40e7eb.jpeg","datePublished":"2026-04-28T16:40:37+00:00","description":"La robe de mari\u00e9e Aspen est un r\u00eave pour toute mari\u00e9e qui aime un look dramatique et romantique. La robe a une encolure d\u00e9collet\u00e9e qui cr\u00e9e un look \u00e9l\u00e9gant et f\u00e9minin, tandis que le corsage transparent avec des d\u00e9tails en dentelle ajoute une touche de romantisme. Les appliques de dentelle sont soigneusement plac\u00e9es pour accentuer la silhouette de la mari\u00e9e et cr\u00e9er un look doux et romantique. La jupe princesse est faite d'un tissu fluide qui bouge magnifiquement \u00e0 chaque pas de la mari\u00e9e. La jupe ajoute un \u00e9l\u00e9ment dramatique \u00e0 la robe et est parfaite pour une mari\u00e9e qui veut faire une entr\u00e9e impressionnante. La robe de mari\u00e9e Aspen combine l'\u00e9l\u00e9gance classique avec des d\u00e9tails romantiques et est id\u00e9ale pour un mariage formel o\u00f9 la mari\u00e9e veut \u00eatre au centre de l'attention.","breadcrumb":{"@id":"https:\/\/www.koonings.com\/fr\/product\/azuree-bridal-aspen-426-0381\/#breadcrumb"},"inLanguage":"fr-FR","potentialAction":[{"@type":"ReadAction","target":["https:\/\/www.koonings.com\/fr\/product\/azuree-bridal-aspen-426-0381\/"]}]},{"@type":"ImageObject","inLanguage":"fr-FR","@id":"https:\/\/www.koonings.com\/fr\/product\/azuree-bridal-aspen-426-0381\/#primaryimage","url":"https:\/\/www.koonings.com\/wp-content\/uploads\/2025\/09\/51495_6197212754937238c188548a6e1a5cecc94c5dfd044a342520f70f4a05719a965a40e7eb.jpeg","contentUrl":"https:\/\/www.koonings.com\/wp-content\/uploads\/2025\/09\/51495_6197212754937238c188548a6e1a5cecc94c5dfd044a342520f70f4a05719a965a40e7eb.jpeg","width":1306,"height":1846},{"@type":"BreadcrumbList","@id":"https:\/\/www.koonings.com\/fr\/product\/azuree-bridal-aspen-426-0381\/#breadcrumb","itemListElement":[{"@type":"ListItem","position":1,"name":"Home","item":"https:\/\/www.koonings.com\/fr\/"},{"@type":"ListItem","position":2,"name":"Azuree Bridal Aspen 426.0381"}]},{"@type":"WebSite","@id":"https:\/\/www.koonings.com\/fr\/#website","url":"https:\/\/www.koonings.com\/fr\/","name":"Koonings","description":"De grootste bruidsmodewinkel ter wereld","publisher":{"@id":"https:\/\/www.koonings.com\/fr\/#organization"},"potentialAction":[{"@type":"SearchAction","target":{"@type":"EntryPoint","urlTemplate":"https:\/\/www.koonings.com\/fr\/?s={search_term_string}"},"query-input":{"@type":"PropertyValueSpecification","valueRequired":true,"valueName":"search_term_string"}}],"inLanguage":"fr-FR"},{"@type":"Organization","@id":"https:\/\/www.koonings.com\/fr\/#organization","name":"Koonings","url":"https:\/\/www.koonings.com\/fr\/","logo":{"@type":"ImageObject","inLanguage":"fr-FR","@id":"https:\/\/www.koonings.com\/fr\/#\/schema\/logo\/image\/","url":"https:\/\/www.koonings.com\/wp-content\/uploads\/2024\/07\/logo.png","contentUrl":"https:\/\/www.koonings.com\/wp-content\/uploads\/2024\/07\/logo.png","width":600,"height":428,"caption":"Koonings"},"image":{"@id":"https:\/\/www.koonings.com\/fr\/#\/schema\/logo\/image\/"},"sameAs":["https:\/\/www.facebook.com\/kooningstheweddingpalace","https:\/\/www.instagram.com\/kooningstheweddingpalace","https:\/\/www.pinterest.com\/koonings","https:\/\/www.youtube.com\/kooningstheweddingpalace"]}]}},"_links":{"self":[{"href":"https:\/\/www.koonings.com\/fr\/wp-json\/wp\/v2\/product\/93788","targetHints":{"allow":["GET"]}}],"collection":[{"href":"https:\/\/www.koonings.com\/fr\/wp-json\/wp\/v2\/product"}],"about":[{"href":"https:\/\/www.koonings.com\/fr\/wp-json\/wp\/v2\/types\/product"}],"wp:featuredmedia":[{"embeddable":true,"href":"https:\/\/www.koonings.com\/fr\/wp-json\/wp\/v2\/media\/91970"}],"wp:attachment":[{"href":"https:\/\/www.koonings.com\/fr\/wp-json\/wp\/v2\/media?parent=93788"}],"wp:term":[{"taxonomy":"productdetails","embeddable":true,"href":"https:\/\/www.koonings.com\/fr\/wp-json\/wp\/v2\/productdetails?post=93788"},{"taxonomy":"productneck","embeddable":true,"href":"https:\/\/www.koonings.com\/fr\/wp-json\/wp\/v2\/productneck?post=93788"},{"taxonomy":"productcolor","embeddable":true,"href":"https:\/\/www.koonings.com\/fr\/wp-json\/wp\/v2\/productcolor?post=93788"},{"taxonomy":"maat","embeddable":true,"href":"https:\/\/www.koonings.com\/fr\/wp-json\/wp\/v2\/maat?post=93788"},{"taxonomy":"productsupplier","embeddable":true,"href":"https:\/\/www.koonings.com\/fr\/wp-json\/wp\/v2\/productsupplier?post=93788"},{"taxonomy":"productsleeve","embeddable":true,"href":"https:\/\/www.koonings.com\/fr\/wp-json\/wp\/v2\/productsleeve?post=93788"},{"taxonomy":"productcategory","embeddable":true,"href":"https:\/\/www.koonings.com\/fr\/wp-json\/wp\/v2\/productcategory?post=93788"},{"taxonomy":"productsilhouette","embeddable":true,"href":"https:\/\/www.koonings.com\/fr\/wp-json\/wp\/v2\/productsilhouette?post=93788"},{"taxonomy":"productstyle","embeddable":true,"href":"https:\/\/www.koonings.com\/fr\/wp-json\/wp\/v2\/productstyle?post=93788"}],"curies":[{"name":"wp","href":"https:\/\/api.w.org\/{rel}","templated":true}]}}