{"id":93787,"date":"2026-05-06T15:40:49","date_gmt":"2026-05-06T13:40:49","guid":{"rendered":"https:\/\/www.koonings.com\/product\/azuree-bridal-arnolda-426-0351\/"},"modified":"2026-02-17T12:52:39","modified_gmt":"2026-02-17T11:52:39","slug":"azuree-bridal-arnolda-426-0351","status":"publish","type":"product","link":"https:\/\/www.koonings.com\/fr\/product\/azuree-bridal-arnolda-426-0351\/","title":{"rendered":"Azuree Bridal Arnolda 426.0351"},"content":{"rendered":"<p>La robe de mari\u00e9e Arnolda est parfaite pour les mari\u00e9es qui aiment le romantisme et la sophistication. La robe pr\u00e9sente un d\u00e9collet\u00e9 en V plongeant qui cr\u00e9e un look \u00e9l\u00e9gant et s\u00e9duisant, tandis que le corsage illusion donne \u00e0 la robe une touche de modernit\u00e9. La dentelle d\u00e9licate se prolonge jusqu&#8217;\u00e0 la jupe, cr\u00e9ant un ensemble harmonieux, \u00e0 la fois classique et \u00e9l\u00e9gant. La jupe princesse en tulle scintillant donne \u00e0 la robe un air de conte de f\u00e9es et lui conf\u00e8re une touche d&#8217;\u00e9l\u00e9gance suppl\u00e9mentaire. Cette robe est id\u00e9ale pour les mari\u00e9es qui recherchent un style classique avec une touche de glamour moderne. La robe de mari\u00e9e Arnolda permet \u00e0 chaque mari\u00e9e de se sentir sp\u00e9ciale et unique, pr\u00eate \u00e0 briller le jour J.     <\/p>\n","protected":false},"featured_media":91946,"template":"","meta":{"_acf_changed":false,"ghostkit_customizer_options":"","ghostkit_custom_css":"","ghostkit_custom_js_head":"","ghostkit_custom_js_foot":"","ghostkit_typography":""},"productdetails":[379,381],"productneck":[351,356],"productcolor":[393,392],"maat":[],"productsupplier":[533],"productsleeve":[359],"productcategory":[18],"productsilhouette":[384,388],"productstyle":[369,371,372,366],"class_list":["post-93787","product","type-product","status-publish","has-post-thumbnail","hentry","productdetails-379","productdetails-381","productneck-351","productneck-356","productcolor-393","productcolor-392","productsupplier-azuree-bridal","productsleeve-359","productcategory-trouwjurken","productsilhouette-384","productsilhouette-388","productstyle-369","productstyle-371","productstyle-372","productstyle-366"],"acf":[],"yoast_head":"<!-- This site is optimized with the Yoast SEO plugin v27.3 - https:\/\/yoast.com\/product\/yoast-seo-wordpress\/ -->\n<title>Azuree Bridal Arnolda 426.0351 | Koonings<\/title>\n<meta name=\"description\" content=\"La robe de mari\u00e9e Arnolda est parfaite pour les mari\u00e9es qui aiment le romantisme et la sophistication. La robe pr\u00e9sente un d\u00e9collet\u00e9 en V plongeant qui cr\u00e9e un look \u00e9l\u00e9gant et s\u00e9duisant, tandis que le corsage illusion donne \u00e0 la robe une touche de modernit\u00e9. La dentelle d\u00e9licate se prolonge jusqu&#039;\u00e0 la jupe, cr\u00e9ant un ensemble harmonieux, \u00e0 la fois classique et \u00e9l\u00e9gant. La jupe princesse en tulle scintillant donne \u00e0 la robe un air de conte de f\u00e9es et lui conf\u00e8re une touche d&#039;\u00e9l\u00e9gance suppl\u00e9mentaire. Cette robe est id\u00e9ale pour les mari\u00e9es qui recherchent un style classique avec une touche de glamour moderne. La robe de mari\u00e9e Arnolda permet \u00e0 chaque mari\u00e9e de se sentir sp\u00e9ciale et unique, pr\u00eate \u00e0 briller le jour J.\" \/>\n<meta name=\"robots\" content=\"index, follow, max-snippet:-1, max-image-preview:large, max-video-preview:-1\" \/>\n<link rel=\"canonical\" href=\"https:\/\/www.koonings.com\/fr\/product\/azuree-bridal-arnolda-426-0351\/\" \/>\n<meta property=\"og:locale\" content=\"fr_FR\" \/>\n<meta property=\"og:type\" content=\"article\" \/>\n<meta property=\"og:title\" content=\"Azuree Bridal Arnolda 426.0351 | Koonings\" \/>\n<meta property=\"og:description\" content=\"La robe de mari\u00e9e Arnolda est parfaite pour les mari\u00e9es qui aiment le romantisme et la sophistication. La robe pr\u00e9sente un d\u00e9collet\u00e9 en V plongeant qui cr\u00e9e un look \u00e9l\u00e9gant et s\u00e9duisant, tandis que le corsage illusion donne \u00e0 la robe une touche de modernit\u00e9. La dentelle d\u00e9licate se prolonge jusqu&#039;\u00e0 la jupe, cr\u00e9ant un ensemble harmonieux, \u00e0 la fois classique et \u00e9l\u00e9gant. La jupe princesse en tulle scintillant donne \u00e0 la robe un air de conte de f\u00e9es et lui conf\u00e8re une touche d&#039;\u00e9l\u00e9gance suppl\u00e9mentaire. Cette robe est id\u00e9ale pour les mari\u00e9es qui recherchent un style classique avec une touche de glamour moderne. La robe de mari\u00e9e Arnolda permet \u00e0 chaque mari\u00e9e de se sentir sp\u00e9ciale et unique, pr\u00eate \u00e0 briller le jour J.\" \/>\n<meta property=\"og:url\" content=\"https:\/\/www.koonings.com\/fr\/product\/azuree-bridal-arnolda-426-0351\/\" \/>\n<meta property=\"og:site_name\" content=\"Koonings\" \/>\n<meta property=\"article:publisher\" content=\"https:\/\/www.facebook.com\/kooningstheweddingpalace\" \/>\n<meta property=\"og:image\" content=\"https:\/\/www.koonings.com\/wp-content\/uploads\/2025\/09\/51493_88028f77704f9fac58a343d7f2fc13bb48af07771e268cca21aaf828ac12cb256c037a07.jpeg\" \/>\n\t<meta property=\"og:image:width\" content=\"1552\" \/>\n\t<meta property=\"og:image:height\" content=\"2192\" \/>\n\t<meta property=\"og:image:type\" content=\"image\/jpeg\" \/>\n<meta name=\"twitter:card\" content=\"summary_large_image\" \/>\n<meta name=\"twitter:label1\" content=\"Dur\u00e9e de lecture estim\u00e9e\" \/>\n\t<meta name=\"twitter:data1\" content=\"1 minute\" \/>\n<script type=\"application\/ld+json\" class=\"yoast-schema-graph\">{\"@context\":\"https:\\\/\\\/schema.org\",\"@graph\":[{\"@type\":\"WebPage\",\"@id\":\"https:\\\/\\\/www.koonings.com\\\/fr\\\/product\\\/azuree-bridal-arnolda-426-0351\\\/\",\"url\":\"https:\\\/\\\/www.koonings.com\\\/fr\\\/product\\\/azuree-bridal-arnolda-426-0351\\\/\",\"name\":\"Azuree Bridal Arnolda 426.0351 | Koonings\",\"isPartOf\":{\"@id\":\"https:\\\/\\\/www.koonings.com\\\/fr\\\/#website\"},\"primaryImageOfPage\":{\"@id\":\"https:\\\/\\\/www.koonings.com\\\/fr\\\/product\\\/azuree-bridal-arnolda-426-0351\\\/#primaryimage\"},\"image\":{\"@id\":\"https:\\\/\\\/www.koonings.com\\\/fr\\\/product\\\/azuree-bridal-arnolda-426-0351\\\/#primaryimage\"},\"thumbnailUrl\":\"https:\\\/\\\/www.koonings.com\\\/wp-content\\\/uploads\\\/2025\\\/09\\\/51493_88028f77704f9fac58a343d7f2fc13bb48af07771e268cca21aaf828ac12cb256c037a07.jpeg\",\"datePublished\":\"2026-05-06T13:40:49+00:00\",\"description\":\"La robe de mari\u00e9e Arnolda est parfaite pour les mari\u00e9es qui aiment le romantisme et la sophistication. La robe pr\u00e9sente un d\u00e9collet\u00e9 en V plongeant qui cr\u00e9e un look \u00e9l\u00e9gant et s\u00e9duisant, tandis que le corsage illusion donne \u00e0 la robe une touche de modernit\u00e9. La dentelle d\u00e9licate se prolonge jusqu'\u00e0 la jupe, cr\u00e9ant un ensemble harmonieux, \u00e0 la fois classique et \u00e9l\u00e9gant. La jupe princesse en tulle scintillant donne \u00e0 la robe un air de conte de f\u00e9es et lui conf\u00e8re une touche d'\u00e9l\u00e9gance suppl\u00e9mentaire. Cette robe est id\u00e9ale pour les mari\u00e9es qui recherchent un style classique avec une touche de glamour moderne. La robe de mari\u00e9e Arnolda permet \u00e0 chaque mari\u00e9e de se sentir sp\u00e9ciale et unique, pr\u00eate \u00e0 briller le jour J.\",\"breadcrumb\":{\"@id\":\"https:\\\/\\\/www.koonings.com\\\/fr\\\/product\\\/azuree-bridal-arnolda-426-0351\\\/#breadcrumb\"},\"inLanguage\":\"fr-FR\",\"potentialAction\":[{\"@type\":\"ReadAction\",\"target\":[\"https:\\\/\\\/www.koonings.com\\\/fr\\\/product\\\/azuree-bridal-arnolda-426-0351\\\/\"]}]},{\"@type\":\"ImageObject\",\"inLanguage\":\"fr-FR\",\"@id\":\"https:\\\/\\\/www.koonings.com\\\/fr\\\/product\\\/azuree-bridal-arnolda-426-0351\\\/#primaryimage\",\"url\":\"https:\\\/\\\/www.koonings.com\\\/wp-content\\\/uploads\\\/2025\\\/09\\\/51493_88028f77704f9fac58a343d7f2fc13bb48af07771e268cca21aaf828ac12cb256c037a07.jpeg\",\"contentUrl\":\"https:\\\/\\\/www.koonings.com\\\/wp-content\\\/uploads\\\/2025\\\/09\\\/51493_88028f77704f9fac58a343d7f2fc13bb48af07771e268cca21aaf828ac12cb256c037a07.jpeg\",\"width\":1552,\"height\":2192},{\"@type\":\"BreadcrumbList\",\"@id\":\"https:\\\/\\\/www.koonings.com\\\/fr\\\/product\\\/azuree-bridal-arnolda-426-0351\\\/#breadcrumb\",\"itemListElement\":[{\"@type\":\"ListItem\",\"position\":1,\"name\":\"Home\",\"item\":\"https:\\\/\\\/www.koonings.com\\\/fr\\\/\"},{\"@type\":\"ListItem\",\"position\":2,\"name\":\"Azuree Bridal Arnolda 426.0351\"}]},{\"@type\":\"WebSite\",\"@id\":\"https:\\\/\\\/www.koonings.com\\\/fr\\\/#website\",\"url\":\"https:\\\/\\\/www.koonings.com\\\/fr\\\/\",\"name\":\"Koonings\",\"description\":\"De grootste bruidsmodewinkel ter wereld\",\"publisher\":{\"@id\":\"https:\\\/\\\/www.koonings.com\\\/fr\\\/#organization\"},\"potentialAction\":[{\"@type\":\"SearchAction\",\"target\":{\"@type\":\"EntryPoint\",\"urlTemplate\":\"https:\\\/\\\/www.koonings.com\\\/fr\\\/?s={search_term_string}\"},\"query-input\":{\"@type\":\"PropertyValueSpecification\",\"valueRequired\":true,\"valueName\":\"search_term_string\"}}],\"inLanguage\":\"fr-FR\"},{\"@type\":\"Organization\",\"@id\":\"https:\\\/\\\/www.koonings.com\\\/fr\\\/#organization\",\"name\":\"Koonings\",\"url\":\"https:\\\/\\\/www.koonings.com\\\/fr\\\/\",\"logo\":{\"@type\":\"ImageObject\",\"inLanguage\":\"fr-FR\",\"@id\":\"https:\\\/\\\/www.koonings.com\\\/fr\\\/#\\\/schema\\\/logo\\\/image\\\/\",\"url\":\"https:\\\/\\\/www.koonings.com\\\/wp-content\\\/uploads\\\/2024\\\/07\\\/logo.png\",\"contentUrl\":\"https:\\\/\\\/www.koonings.com\\\/wp-content\\\/uploads\\\/2024\\\/07\\\/logo.png\",\"width\":600,\"height\":428,\"caption\":\"Koonings\"},\"image\":{\"@id\":\"https:\\\/\\\/www.koonings.com\\\/fr\\\/#\\\/schema\\\/logo\\\/image\\\/\"},\"sameAs\":[\"https:\\\/\\\/www.facebook.com\\\/kooningstheweddingpalace\",\"https:\\\/\\\/www.instagram.com\\\/kooningstheweddingpalace\",\"https:\\\/\\\/www.pinterest.com\\\/koonings\",\"https:\\\/\\\/www.youtube.com\\\/kooningstheweddingpalace\"]}]}<\/script>\n<!-- \/ Yoast SEO plugin. -->","yoast_head_json":{"title":"Azuree Bridal Arnolda 426.0351 | Koonings","description":"La robe de mari\u00e9e Arnolda est parfaite pour les mari\u00e9es qui aiment le romantisme et la sophistication. La robe pr\u00e9sente un d\u00e9collet\u00e9 en V plongeant qui cr\u00e9e un look \u00e9l\u00e9gant et s\u00e9duisant, tandis que le corsage illusion donne \u00e0 la robe une touche de modernit\u00e9. La dentelle d\u00e9licate se prolonge jusqu'\u00e0 la jupe, cr\u00e9ant un ensemble harmonieux, \u00e0 la fois classique et \u00e9l\u00e9gant. La jupe princesse en tulle scintillant donne \u00e0 la robe un air de conte de f\u00e9es et lui conf\u00e8re une touche d'\u00e9l\u00e9gance suppl\u00e9mentaire. Cette robe est id\u00e9ale pour les mari\u00e9es qui recherchent un style classique avec une touche de glamour moderne. La robe de mari\u00e9e Arnolda permet \u00e0 chaque mari\u00e9e de se sentir sp\u00e9ciale et unique, pr\u00eate \u00e0 briller le jour J.","robots":{"index":"index","follow":"follow","max-snippet":"max-snippet:-1","max-image-preview":"max-image-preview:large","max-video-preview":"max-video-preview:-1"},"canonical":"https:\/\/www.koonings.com\/fr\/product\/azuree-bridal-arnolda-426-0351\/","og_locale":"fr_FR","og_type":"article","og_title":"Azuree Bridal Arnolda 426.0351 | Koonings","og_description":"La robe de mari\u00e9e Arnolda est parfaite pour les mari\u00e9es qui aiment le romantisme et la sophistication. La robe pr\u00e9sente un d\u00e9collet\u00e9 en V plongeant qui cr\u00e9e un look \u00e9l\u00e9gant et s\u00e9duisant, tandis que le corsage illusion donne \u00e0 la robe une touche de modernit\u00e9. La dentelle d\u00e9licate se prolonge jusqu'\u00e0 la jupe, cr\u00e9ant un ensemble harmonieux, \u00e0 la fois classique et \u00e9l\u00e9gant. La jupe princesse en tulle scintillant donne \u00e0 la robe un air de conte de f\u00e9es et lui conf\u00e8re une touche d'\u00e9l\u00e9gance suppl\u00e9mentaire. Cette robe est id\u00e9ale pour les mari\u00e9es qui recherchent un style classique avec une touche de glamour moderne. La robe de mari\u00e9e Arnolda permet \u00e0 chaque mari\u00e9e de se sentir sp\u00e9ciale et unique, pr\u00eate \u00e0 briller le jour J.","og_url":"https:\/\/www.koonings.com\/fr\/product\/azuree-bridal-arnolda-426-0351\/","og_site_name":"Koonings","article_publisher":"https:\/\/www.facebook.com\/kooningstheweddingpalace","og_image":[{"width":1552,"height":2192,"url":"https:\/\/www.koonings.com\/wp-content\/uploads\/2025\/09\/51493_88028f77704f9fac58a343d7f2fc13bb48af07771e268cca21aaf828ac12cb256c037a07.jpeg","type":"image\/jpeg"}],"twitter_card":"summary_large_image","twitter_misc":{"Dur\u00e9e de lecture estim\u00e9e":"1 minute"},"schema":{"@context":"https:\/\/schema.org","@graph":[{"@type":"WebPage","@id":"https:\/\/www.koonings.com\/fr\/product\/azuree-bridal-arnolda-426-0351\/","url":"https:\/\/www.koonings.com\/fr\/product\/azuree-bridal-arnolda-426-0351\/","name":"Azuree Bridal Arnolda 426.0351 | Koonings","isPartOf":{"@id":"https:\/\/www.koonings.com\/fr\/#website"},"primaryImageOfPage":{"@id":"https:\/\/www.koonings.com\/fr\/product\/azuree-bridal-arnolda-426-0351\/#primaryimage"},"image":{"@id":"https:\/\/www.koonings.com\/fr\/product\/azuree-bridal-arnolda-426-0351\/#primaryimage"},"thumbnailUrl":"https:\/\/www.koonings.com\/wp-content\/uploads\/2025\/09\/51493_88028f77704f9fac58a343d7f2fc13bb48af07771e268cca21aaf828ac12cb256c037a07.jpeg","datePublished":"2026-05-06T13:40:49+00:00","description":"La robe de mari\u00e9e Arnolda est parfaite pour les mari\u00e9es qui aiment le romantisme et la sophistication. La robe pr\u00e9sente un d\u00e9collet\u00e9 en V plongeant qui cr\u00e9e un look \u00e9l\u00e9gant et s\u00e9duisant, tandis que le corsage illusion donne \u00e0 la robe une touche de modernit\u00e9. La dentelle d\u00e9licate se prolonge jusqu'\u00e0 la jupe, cr\u00e9ant un ensemble harmonieux, \u00e0 la fois classique et \u00e9l\u00e9gant. La jupe princesse en tulle scintillant donne \u00e0 la robe un air de conte de f\u00e9es et lui conf\u00e8re une touche d'\u00e9l\u00e9gance suppl\u00e9mentaire. Cette robe est id\u00e9ale pour les mari\u00e9es qui recherchent un style classique avec une touche de glamour moderne. La robe de mari\u00e9e Arnolda permet \u00e0 chaque mari\u00e9e de se sentir sp\u00e9ciale et unique, pr\u00eate \u00e0 briller le jour J.","breadcrumb":{"@id":"https:\/\/www.koonings.com\/fr\/product\/azuree-bridal-arnolda-426-0351\/#breadcrumb"},"inLanguage":"fr-FR","potentialAction":[{"@type":"ReadAction","target":["https:\/\/www.koonings.com\/fr\/product\/azuree-bridal-arnolda-426-0351\/"]}]},{"@type":"ImageObject","inLanguage":"fr-FR","@id":"https:\/\/www.koonings.com\/fr\/product\/azuree-bridal-arnolda-426-0351\/#primaryimage","url":"https:\/\/www.koonings.com\/wp-content\/uploads\/2025\/09\/51493_88028f77704f9fac58a343d7f2fc13bb48af07771e268cca21aaf828ac12cb256c037a07.jpeg","contentUrl":"https:\/\/www.koonings.com\/wp-content\/uploads\/2025\/09\/51493_88028f77704f9fac58a343d7f2fc13bb48af07771e268cca21aaf828ac12cb256c037a07.jpeg","width":1552,"height":2192},{"@type":"BreadcrumbList","@id":"https:\/\/www.koonings.com\/fr\/product\/azuree-bridal-arnolda-426-0351\/#breadcrumb","itemListElement":[{"@type":"ListItem","position":1,"name":"Home","item":"https:\/\/www.koonings.com\/fr\/"},{"@type":"ListItem","position":2,"name":"Azuree Bridal Arnolda 426.0351"}]},{"@type":"WebSite","@id":"https:\/\/www.koonings.com\/fr\/#website","url":"https:\/\/www.koonings.com\/fr\/","name":"Koonings","description":"De grootste bruidsmodewinkel ter wereld","publisher":{"@id":"https:\/\/www.koonings.com\/fr\/#organization"},"potentialAction":[{"@type":"SearchAction","target":{"@type":"EntryPoint","urlTemplate":"https:\/\/www.koonings.com\/fr\/?s={search_term_string}"},"query-input":{"@type":"PropertyValueSpecification","valueRequired":true,"valueName":"search_term_string"}}],"inLanguage":"fr-FR"},{"@type":"Organization","@id":"https:\/\/www.koonings.com\/fr\/#organization","name":"Koonings","url":"https:\/\/www.koonings.com\/fr\/","logo":{"@type":"ImageObject","inLanguage":"fr-FR","@id":"https:\/\/www.koonings.com\/fr\/#\/schema\/logo\/image\/","url":"https:\/\/www.koonings.com\/wp-content\/uploads\/2024\/07\/logo.png","contentUrl":"https:\/\/www.koonings.com\/wp-content\/uploads\/2024\/07\/logo.png","width":600,"height":428,"caption":"Koonings"},"image":{"@id":"https:\/\/www.koonings.com\/fr\/#\/schema\/logo\/image\/"},"sameAs":["https:\/\/www.facebook.com\/kooningstheweddingpalace","https:\/\/www.instagram.com\/kooningstheweddingpalace","https:\/\/www.pinterest.com\/koonings","https:\/\/www.youtube.com\/kooningstheweddingpalace"]}]}},"_links":{"self":[{"href":"https:\/\/www.koonings.com\/fr\/wp-json\/wp\/v2\/product\/93787","targetHints":{"allow":["GET"]}}],"collection":[{"href":"https:\/\/www.koonings.com\/fr\/wp-json\/wp\/v2\/product"}],"about":[{"href":"https:\/\/www.koonings.com\/fr\/wp-json\/wp\/v2\/types\/product"}],"wp:featuredmedia":[{"embeddable":true,"href":"https:\/\/www.koonings.com\/fr\/wp-json\/wp\/v2\/media\/91946"}],"wp:attachment":[{"href":"https:\/\/www.koonings.com\/fr\/wp-json\/wp\/v2\/media?parent=93787"}],"wp:term":[{"taxonomy":"productdetails","embeddable":true,"href":"https:\/\/www.koonings.com\/fr\/wp-json\/wp\/v2\/productdetails?post=93787"},{"taxonomy":"productneck","embeddable":true,"href":"https:\/\/www.koonings.com\/fr\/wp-json\/wp\/v2\/productneck?post=93787"},{"taxonomy":"productcolor","embeddable":true,"href":"https:\/\/www.koonings.com\/fr\/wp-json\/wp\/v2\/productcolor?post=93787"},{"taxonomy":"maat","embeddable":true,"href":"https:\/\/www.koonings.com\/fr\/wp-json\/wp\/v2\/maat?post=93787"},{"taxonomy":"productsupplier","embeddable":true,"href":"https:\/\/www.koonings.com\/fr\/wp-json\/wp\/v2\/productsupplier?post=93787"},{"taxonomy":"productsleeve","embeddable":true,"href":"https:\/\/www.koonings.com\/fr\/wp-json\/wp\/v2\/productsleeve?post=93787"},{"taxonomy":"productcategory","embeddable":true,"href":"https:\/\/www.koonings.com\/fr\/wp-json\/wp\/v2\/productcategory?post=93787"},{"taxonomy":"productsilhouette","embeddable":true,"href":"https:\/\/www.koonings.com\/fr\/wp-json\/wp\/v2\/productsilhouette?post=93787"},{"taxonomy":"productstyle","embeddable":true,"href":"https:\/\/www.koonings.com\/fr\/wp-json\/wp\/v2\/productstyle?post=93787"}],"curies":[{"name":"wp","href":"https:\/\/api.w.org\/{rel}","templated":true}]}}