{"id":93784,"date":"2026-05-06T15:40:48","date_gmt":"2026-05-06T13:40:48","guid":{"rendered":"https:\/\/www.koonings.com\/product\/azuree-bridal-ariam-426-0331\/"},"modified":"2026-02-17T12:52:31","modified_gmt":"2026-02-17T11:52:31","slug":"azuree-bridal-ariam-426-0331","status":"publish","type":"product","link":"https:\/\/www.koonings.com\/fr\/product\/azuree-bridal-ariam-426-0331\/","title":{"rendered":"Azuree Bridal Ariam 426.0331"},"content":{"rendered":"<p>La robe de mari\u00e9e Ariam est une combinaison sophistiqu\u00e9e de romantisme et de modernit\u00e9. La robe est dot\u00e9e d&#8217;un d\u00e9collet\u00e9 en V profond qui cr\u00e9e une allure \u00e9l\u00e9gante et s\u00e9duisante. Le corsage en tulle pliss\u00e9 et les paillettes scintillantes sur la dentelle ajoutent une touche suppl\u00e9mentaire de glamour, parfaite pour les mari\u00e9es qui veulent briller le jour de leur mariage. Le corsage transparent ajoute une touche sensuelle sans tomber dans l&#8217;exc\u00e8s, ce qui fait de cette robe un excellent choix pour celles qui recherchent un \u00e9quilibre entre le classique et le moderne. La jupe fluide avec une subtile fente transparente donne une sensation de l\u00e9g\u00e8ret\u00e9 et d&#8217;air, se fondant magnifiquement dans chaque mouvement. Cette robe est id\u00e9ale pour les mari\u00e9es qui recherchent une touche d&#8217;\u00e9l\u00e9gance avec une touche de modernit\u00e9. L&#8217;allure g\u00e9n\u00e9rale de la robe Ariam donnera \u00e0 toutes les mari\u00e9es un sentiment de f\u00e9minit\u00e9, tout en leur permettant de se d\u00e9placer confortablement.      <\/p>\n","protected":false},"featured_media":91922,"template":"","meta":{"_acf_changed":false,"ghostkit_customizer_options":"","ghostkit_custom_css":"","ghostkit_custom_js_head":"","ghostkit_custom_js_foot":"","ghostkit_typography":""},"productdetails":[376,378],"productneck":[356],"productcolor":[393,392],"maat":[],"productsupplier":[533],"productsleeve":[359],"productcategory":[18],"productsilhouette":[384],"productstyle":[369,371,366],"class_list":["post-93784","product","type-product","status-publish","has-post-thumbnail","hentry","productdetails-376","productdetails-378","productneck-356","productcolor-393","productcolor-392","productsupplier-azuree-bridal","productsleeve-359","productcategory-trouwjurken","productsilhouette-384","productstyle-369","productstyle-371","productstyle-366"],"acf":[],"yoast_head":"<!-- This site is optimized with the Yoast SEO plugin v27.3 - https:\/\/yoast.com\/product\/yoast-seo-wordpress\/ -->\n<title>Azuree Bridal Ariam 426.0331 | Koonings<\/title>\n<meta name=\"description\" content=\"La robe de mari\u00e9e Ariam est une combinaison sophistiqu\u00e9e de romantisme et de modernit\u00e9. La robe est dot\u00e9e d&#039;un d\u00e9collet\u00e9 en V profond qui cr\u00e9e une allure \u00e9l\u00e9gante et s\u00e9duisante. Le corsage en tulle pliss\u00e9 et les paillettes scintillantes sur la dentelle ajoutent une touche suppl\u00e9mentaire de glamour, parfaite pour les mari\u00e9es qui veulent briller le jour de leur mariage. Le corsage transparent ajoute une touche sensuelle sans tomber dans l&#039;exc\u00e8s, ce qui fait de cette robe un excellent choix pour celles qui recherchent un \u00e9quilibre entre le classique et le moderne. La jupe fluide avec une subtile fente transparente donne une sensation de l\u00e9g\u00e8ret\u00e9 et d&#039;air, se fondant magnifiquement dans chaque mouvement. Cette robe est id\u00e9ale pour les mari\u00e9es qui recherchent une touche d&#039;\u00e9l\u00e9gance avec une touche de modernit\u00e9. L&#039;allure g\u00e9n\u00e9rale de la robe Ariam donnera \u00e0 toutes les mari\u00e9es un sentiment de f\u00e9minit\u00e9, tout en leur permettant de se d\u00e9placer confortablement.\" \/>\n<meta name=\"robots\" content=\"index, follow, max-snippet:-1, max-image-preview:large, max-video-preview:-1\" \/>\n<link rel=\"canonical\" href=\"https:\/\/www.koonings.com\/fr\/product\/azuree-bridal-ariam-426-0331\/\" \/>\n<meta property=\"og:locale\" content=\"fr_FR\" \/>\n<meta property=\"og:type\" content=\"article\" \/>\n<meta property=\"og:title\" content=\"Azuree Bridal Ariam 426.0331 | Koonings\" \/>\n<meta property=\"og:description\" content=\"La robe de mari\u00e9e Ariam est une combinaison sophistiqu\u00e9e de romantisme et de modernit\u00e9. La robe est dot\u00e9e d&#039;un d\u00e9collet\u00e9 en V profond qui cr\u00e9e une allure \u00e9l\u00e9gante et s\u00e9duisante. Le corsage en tulle pliss\u00e9 et les paillettes scintillantes sur la dentelle ajoutent une touche suppl\u00e9mentaire de glamour, parfaite pour les mari\u00e9es qui veulent briller le jour de leur mariage. Le corsage transparent ajoute une touche sensuelle sans tomber dans l&#039;exc\u00e8s, ce qui fait de cette robe un excellent choix pour celles qui recherchent un \u00e9quilibre entre le classique et le moderne. La jupe fluide avec une subtile fente transparente donne une sensation de l\u00e9g\u00e8ret\u00e9 et d&#039;air, se fondant magnifiquement dans chaque mouvement. Cette robe est id\u00e9ale pour les mari\u00e9es qui recherchent une touche d&#039;\u00e9l\u00e9gance avec une touche de modernit\u00e9. L&#039;allure g\u00e9n\u00e9rale de la robe Ariam donnera \u00e0 toutes les mari\u00e9es un sentiment de f\u00e9minit\u00e9, tout en leur permettant de se d\u00e9placer confortablement.\" \/>\n<meta property=\"og:url\" content=\"https:\/\/www.koonings.com\/fr\/product\/azuree-bridal-ariam-426-0331\/\" \/>\n<meta property=\"og:site_name\" content=\"Koonings\" \/>\n<meta property=\"article:publisher\" content=\"https:\/\/www.facebook.com\/kooningstheweddingpalace\" \/>\n<meta property=\"og:image\" content=\"https:\/\/www.koonings.com\/wp-content\/uploads\/2025\/09\/51491_2f23b451b2c82fa889057d45051817ce9c74ad3daa2bca78a06ccb25b9eedf239cecd2de.jpeg\" \/>\n\t<meta property=\"og:image:width\" content=\"1625\" \/>\n\t<meta property=\"og:image:height\" content=\"2297\" \/>\n\t<meta property=\"og:image:type\" content=\"image\/jpeg\" \/>\n<meta name=\"twitter:card\" content=\"summary_large_image\" \/>\n<meta name=\"twitter:label1\" content=\"Dur\u00e9e de lecture estim\u00e9e\" \/>\n\t<meta name=\"twitter:data1\" content=\"1 minute\" \/>\n<script type=\"application\/ld+json\" class=\"yoast-schema-graph\">{\"@context\":\"https:\\\/\\\/schema.org\",\"@graph\":[{\"@type\":\"WebPage\",\"@id\":\"https:\\\/\\\/www.koonings.com\\\/fr\\\/product\\\/azuree-bridal-ariam-426-0331\\\/\",\"url\":\"https:\\\/\\\/www.koonings.com\\\/fr\\\/product\\\/azuree-bridal-ariam-426-0331\\\/\",\"name\":\"Azuree Bridal Ariam 426.0331 | Koonings\",\"isPartOf\":{\"@id\":\"https:\\\/\\\/www.koonings.com\\\/fr\\\/#website\"},\"primaryImageOfPage\":{\"@id\":\"https:\\\/\\\/www.koonings.com\\\/fr\\\/product\\\/azuree-bridal-ariam-426-0331\\\/#primaryimage\"},\"image\":{\"@id\":\"https:\\\/\\\/www.koonings.com\\\/fr\\\/product\\\/azuree-bridal-ariam-426-0331\\\/#primaryimage\"},\"thumbnailUrl\":\"https:\\\/\\\/www.koonings.com\\\/wp-content\\\/uploads\\\/2025\\\/09\\\/51491_2f23b451b2c82fa889057d45051817ce9c74ad3daa2bca78a06ccb25b9eedf239cecd2de.jpeg\",\"datePublished\":\"2026-05-06T13:40:48+00:00\",\"description\":\"La robe de mari\u00e9e Ariam est une combinaison sophistiqu\u00e9e de romantisme et de modernit\u00e9. La robe est dot\u00e9e d'un d\u00e9collet\u00e9 en V profond qui cr\u00e9e une allure \u00e9l\u00e9gante et s\u00e9duisante. Le corsage en tulle pliss\u00e9 et les paillettes scintillantes sur la dentelle ajoutent une touche suppl\u00e9mentaire de glamour, parfaite pour les mari\u00e9es qui veulent briller le jour de leur mariage. Le corsage transparent ajoute une touche sensuelle sans tomber dans l'exc\u00e8s, ce qui fait de cette robe un excellent choix pour celles qui recherchent un \u00e9quilibre entre le classique et le moderne. La jupe fluide avec une subtile fente transparente donne une sensation de l\u00e9g\u00e8ret\u00e9 et d'air, se fondant magnifiquement dans chaque mouvement. Cette robe est id\u00e9ale pour les mari\u00e9es qui recherchent une touche d'\u00e9l\u00e9gance avec une touche de modernit\u00e9. L'allure g\u00e9n\u00e9rale de la robe Ariam donnera \u00e0 toutes les mari\u00e9es un sentiment de f\u00e9minit\u00e9, tout en leur permettant de se d\u00e9placer confortablement.\",\"breadcrumb\":{\"@id\":\"https:\\\/\\\/www.koonings.com\\\/fr\\\/product\\\/azuree-bridal-ariam-426-0331\\\/#breadcrumb\"},\"inLanguage\":\"fr-FR\",\"potentialAction\":[{\"@type\":\"ReadAction\",\"target\":[\"https:\\\/\\\/www.koonings.com\\\/fr\\\/product\\\/azuree-bridal-ariam-426-0331\\\/\"]}]},{\"@type\":\"ImageObject\",\"inLanguage\":\"fr-FR\",\"@id\":\"https:\\\/\\\/www.koonings.com\\\/fr\\\/product\\\/azuree-bridal-ariam-426-0331\\\/#primaryimage\",\"url\":\"https:\\\/\\\/www.koonings.com\\\/wp-content\\\/uploads\\\/2025\\\/09\\\/51491_2f23b451b2c82fa889057d45051817ce9c74ad3daa2bca78a06ccb25b9eedf239cecd2de.jpeg\",\"contentUrl\":\"https:\\\/\\\/www.koonings.com\\\/wp-content\\\/uploads\\\/2025\\\/09\\\/51491_2f23b451b2c82fa889057d45051817ce9c74ad3daa2bca78a06ccb25b9eedf239cecd2de.jpeg\",\"width\":1625,\"height\":2297},{\"@type\":\"BreadcrumbList\",\"@id\":\"https:\\\/\\\/www.koonings.com\\\/fr\\\/product\\\/azuree-bridal-ariam-426-0331\\\/#breadcrumb\",\"itemListElement\":[{\"@type\":\"ListItem\",\"position\":1,\"name\":\"Home\",\"item\":\"https:\\\/\\\/www.koonings.com\\\/fr\\\/\"},{\"@type\":\"ListItem\",\"position\":2,\"name\":\"Azuree Bridal Ariam 426.0331\"}]},{\"@type\":\"WebSite\",\"@id\":\"https:\\\/\\\/www.koonings.com\\\/fr\\\/#website\",\"url\":\"https:\\\/\\\/www.koonings.com\\\/fr\\\/\",\"name\":\"Koonings\",\"description\":\"De grootste bruidsmodewinkel ter wereld\",\"publisher\":{\"@id\":\"https:\\\/\\\/www.koonings.com\\\/fr\\\/#organization\"},\"potentialAction\":[{\"@type\":\"SearchAction\",\"target\":{\"@type\":\"EntryPoint\",\"urlTemplate\":\"https:\\\/\\\/www.koonings.com\\\/fr\\\/?s={search_term_string}\"},\"query-input\":{\"@type\":\"PropertyValueSpecification\",\"valueRequired\":true,\"valueName\":\"search_term_string\"}}],\"inLanguage\":\"fr-FR\"},{\"@type\":\"Organization\",\"@id\":\"https:\\\/\\\/www.koonings.com\\\/fr\\\/#organization\",\"name\":\"Koonings\",\"url\":\"https:\\\/\\\/www.koonings.com\\\/fr\\\/\",\"logo\":{\"@type\":\"ImageObject\",\"inLanguage\":\"fr-FR\",\"@id\":\"https:\\\/\\\/www.koonings.com\\\/fr\\\/#\\\/schema\\\/logo\\\/image\\\/\",\"url\":\"https:\\\/\\\/www.koonings.com\\\/wp-content\\\/uploads\\\/2024\\\/07\\\/logo.png\",\"contentUrl\":\"https:\\\/\\\/www.koonings.com\\\/wp-content\\\/uploads\\\/2024\\\/07\\\/logo.png\",\"width\":600,\"height\":428,\"caption\":\"Koonings\"},\"image\":{\"@id\":\"https:\\\/\\\/www.koonings.com\\\/fr\\\/#\\\/schema\\\/logo\\\/image\\\/\"},\"sameAs\":[\"https:\\\/\\\/www.facebook.com\\\/kooningstheweddingpalace\",\"https:\\\/\\\/www.instagram.com\\\/kooningstheweddingpalace\",\"https:\\\/\\\/www.pinterest.com\\\/koonings\",\"https:\\\/\\\/www.youtube.com\\\/kooningstheweddingpalace\"]}]}<\/script>\n<!-- \/ Yoast SEO plugin. -->","yoast_head_json":{"title":"Azuree Bridal Ariam 426.0331 | Koonings","description":"La robe de mari\u00e9e Ariam est une combinaison sophistiqu\u00e9e de romantisme et de modernit\u00e9. La robe est dot\u00e9e d'un d\u00e9collet\u00e9 en V profond qui cr\u00e9e une allure \u00e9l\u00e9gante et s\u00e9duisante. Le corsage en tulle pliss\u00e9 et les paillettes scintillantes sur la dentelle ajoutent une touche suppl\u00e9mentaire de glamour, parfaite pour les mari\u00e9es qui veulent briller le jour de leur mariage. Le corsage transparent ajoute une touche sensuelle sans tomber dans l'exc\u00e8s, ce qui fait de cette robe un excellent choix pour celles qui recherchent un \u00e9quilibre entre le classique et le moderne. La jupe fluide avec une subtile fente transparente donne une sensation de l\u00e9g\u00e8ret\u00e9 et d'air, se fondant magnifiquement dans chaque mouvement. Cette robe est id\u00e9ale pour les mari\u00e9es qui recherchent une touche d'\u00e9l\u00e9gance avec une touche de modernit\u00e9. L'allure g\u00e9n\u00e9rale de la robe Ariam donnera \u00e0 toutes les mari\u00e9es un sentiment de f\u00e9minit\u00e9, tout en leur permettant de se d\u00e9placer confortablement.","robots":{"index":"index","follow":"follow","max-snippet":"max-snippet:-1","max-image-preview":"max-image-preview:large","max-video-preview":"max-video-preview:-1"},"canonical":"https:\/\/www.koonings.com\/fr\/product\/azuree-bridal-ariam-426-0331\/","og_locale":"fr_FR","og_type":"article","og_title":"Azuree Bridal Ariam 426.0331 | Koonings","og_description":"La robe de mari\u00e9e Ariam est une combinaison sophistiqu\u00e9e de romantisme et de modernit\u00e9. La robe est dot\u00e9e d'un d\u00e9collet\u00e9 en V profond qui cr\u00e9e une allure \u00e9l\u00e9gante et s\u00e9duisante. Le corsage en tulle pliss\u00e9 et les paillettes scintillantes sur la dentelle ajoutent une touche suppl\u00e9mentaire de glamour, parfaite pour les mari\u00e9es qui veulent briller le jour de leur mariage. Le corsage transparent ajoute une touche sensuelle sans tomber dans l'exc\u00e8s, ce qui fait de cette robe un excellent choix pour celles qui recherchent un \u00e9quilibre entre le classique et le moderne. La jupe fluide avec une subtile fente transparente donne une sensation de l\u00e9g\u00e8ret\u00e9 et d'air, se fondant magnifiquement dans chaque mouvement. Cette robe est id\u00e9ale pour les mari\u00e9es qui recherchent une touche d'\u00e9l\u00e9gance avec une touche de modernit\u00e9. L'allure g\u00e9n\u00e9rale de la robe Ariam donnera \u00e0 toutes les mari\u00e9es un sentiment de f\u00e9minit\u00e9, tout en leur permettant de se d\u00e9placer confortablement.","og_url":"https:\/\/www.koonings.com\/fr\/product\/azuree-bridal-ariam-426-0331\/","og_site_name":"Koonings","article_publisher":"https:\/\/www.facebook.com\/kooningstheweddingpalace","og_image":[{"width":1625,"height":2297,"url":"https:\/\/www.koonings.com\/wp-content\/uploads\/2025\/09\/51491_2f23b451b2c82fa889057d45051817ce9c74ad3daa2bca78a06ccb25b9eedf239cecd2de.jpeg","type":"image\/jpeg"}],"twitter_card":"summary_large_image","twitter_misc":{"Dur\u00e9e de lecture estim\u00e9e":"1 minute"},"schema":{"@context":"https:\/\/schema.org","@graph":[{"@type":"WebPage","@id":"https:\/\/www.koonings.com\/fr\/product\/azuree-bridal-ariam-426-0331\/","url":"https:\/\/www.koonings.com\/fr\/product\/azuree-bridal-ariam-426-0331\/","name":"Azuree Bridal Ariam 426.0331 | Koonings","isPartOf":{"@id":"https:\/\/www.koonings.com\/fr\/#website"},"primaryImageOfPage":{"@id":"https:\/\/www.koonings.com\/fr\/product\/azuree-bridal-ariam-426-0331\/#primaryimage"},"image":{"@id":"https:\/\/www.koonings.com\/fr\/product\/azuree-bridal-ariam-426-0331\/#primaryimage"},"thumbnailUrl":"https:\/\/www.koonings.com\/wp-content\/uploads\/2025\/09\/51491_2f23b451b2c82fa889057d45051817ce9c74ad3daa2bca78a06ccb25b9eedf239cecd2de.jpeg","datePublished":"2026-05-06T13:40:48+00:00","description":"La robe de mari\u00e9e Ariam est une combinaison sophistiqu\u00e9e de romantisme et de modernit\u00e9. La robe est dot\u00e9e d'un d\u00e9collet\u00e9 en V profond qui cr\u00e9e une allure \u00e9l\u00e9gante et s\u00e9duisante. Le corsage en tulle pliss\u00e9 et les paillettes scintillantes sur la dentelle ajoutent une touche suppl\u00e9mentaire de glamour, parfaite pour les mari\u00e9es qui veulent briller le jour de leur mariage. Le corsage transparent ajoute une touche sensuelle sans tomber dans l'exc\u00e8s, ce qui fait de cette robe un excellent choix pour celles qui recherchent un \u00e9quilibre entre le classique et le moderne. La jupe fluide avec une subtile fente transparente donne une sensation de l\u00e9g\u00e8ret\u00e9 et d'air, se fondant magnifiquement dans chaque mouvement. Cette robe est id\u00e9ale pour les mari\u00e9es qui recherchent une touche d'\u00e9l\u00e9gance avec une touche de modernit\u00e9. L'allure g\u00e9n\u00e9rale de la robe Ariam donnera \u00e0 toutes les mari\u00e9es un sentiment de f\u00e9minit\u00e9, tout en leur permettant de se d\u00e9placer confortablement.","breadcrumb":{"@id":"https:\/\/www.koonings.com\/fr\/product\/azuree-bridal-ariam-426-0331\/#breadcrumb"},"inLanguage":"fr-FR","potentialAction":[{"@type":"ReadAction","target":["https:\/\/www.koonings.com\/fr\/product\/azuree-bridal-ariam-426-0331\/"]}]},{"@type":"ImageObject","inLanguage":"fr-FR","@id":"https:\/\/www.koonings.com\/fr\/product\/azuree-bridal-ariam-426-0331\/#primaryimage","url":"https:\/\/www.koonings.com\/wp-content\/uploads\/2025\/09\/51491_2f23b451b2c82fa889057d45051817ce9c74ad3daa2bca78a06ccb25b9eedf239cecd2de.jpeg","contentUrl":"https:\/\/www.koonings.com\/wp-content\/uploads\/2025\/09\/51491_2f23b451b2c82fa889057d45051817ce9c74ad3daa2bca78a06ccb25b9eedf239cecd2de.jpeg","width":1625,"height":2297},{"@type":"BreadcrumbList","@id":"https:\/\/www.koonings.com\/fr\/product\/azuree-bridal-ariam-426-0331\/#breadcrumb","itemListElement":[{"@type":"ListItem","position":1,"name":"Home","item":"https:\/\/www.koonings.com\/fr\/"},{"@type":"ListItem","position":2,"name":"Azuree Bridal Ariam 426.0331"}]},{"@type":"WebSite","@id":"https:\/\/www.koonings.com\/fr\/#website","url":"https:\/\/www.koonings.com\/fr\/","name":"Koonings","description":"De grootste bruidsmodewinkel ter wereld","publisher":{"@id":"https:\/\/www.koonings.com\/fr\/#organization"},"potentialAction":[{"@type":"SearchAction","target":{"@type":"EntryPoint","urlTemplate":"https:\/\/www.koonings.com\/fr\/?s={search_term_string}"},"query-input":{"@type":"PropertyValueSpecification","valueRequired":true,"valueName":"search_term_string"}}],"inLanguage":"fr-FR"},{"@type":"Organization","@id":"https:\/\/www.koonings.com\/fr\/#organization","name":"Koonings","url":"https:\/\/www.koonings.com\/fr\/","logo":{"@type":"ImageObject","inLanguage":"fr-FR","@id":"https:\/\/www.koonings.com\/fr\/#\/schema\/logo\/image\/","url":"https:\/\/www.koonings.com\/wp-content\/uploads\/2024\/07\/logo.png","contentUrl":"https:\/\/www.koonings.com\/wp-content\/uploads\/2024\/07\/logo.png","width":600,"height":428,"caption":"Koonings"},"image":{"@id":"https:\/\/www.koonings.com\/fr\/#\/schema\/logo\/image\/"},"sameAs":["https:\/\/www.facebook.com\/kooningstheweddingpalace","https:\/\/www.instagram.com\/kooningstheweddingpalace","https:\/\/www.pinterest.com\/koonings","https:\/\/www.youtube.com\/kooningstheweddingpalace"]}]}},"_links":{"self":[{"href":"https:\/\/www.koonings.com\/fr\/wp-json\/wp\/v2\/product\/93784","targetHints":{"allow":["GET"]}}],"collection":[{"href":"https:\/\/www.koonings.com\/fr\/wp-json\/wp\/v2\/product"}],"about":[{"href":"https:\/\/www.koonings.com\/fr\/wp-json\/wp\/v2\/types\/product"}],"wp:featuredmedia":[{"embeddable":true,"href":"https:\/\/www.koonings.com\/fr\/wp-json\/wp\/v2\/media\/91922"}],"wp:attachment":[{"href":"https:\/\/www.koonings.com\/fr\/wp-json\/wp\/v2\/media?parent=93784"}],"wp:term":[{"taxonomy":"productdetails","embeddable":true,"href":"https:\/\/www.koonings.com\/fr\/wp-json\/wp\/v2\/productdetails?post=93784"},{"taxonomy":"productneck","embeddable":true,"href":"https:\/\/www.koonings.com\/fr\/wp-json\/wp\/v2\/productneck?post=93784"},{"taxonomy":"productcolor","embeddable":true,"href":"https:\/\/www.koonings.com\/fr\/wp-json\/wp\/v2\/productcolor?post=93784"},{"taxonomy":"maat","embeddable":true,"href":"https:\/\/www.koonings.com\/fr\/wp-json\/wp\/v2\/maat?post=93784"},{"taxonomy":"productsupplier","embeddable":true,"href":"https:\/\/www.koonings.com\/fr\/wp-json\/wp\/v2\/productsupplier?post=93784"},{"taxonomy":"productsleeve","embeddable":true,"href":"https:\/\/www.koonings.com\/fr\/wp-json\/wp\/v2\/productsleeve?post=93784"},{"taxonomy":"productcategory","embeddable":true,"href":"https:\/\/www.koonings.com\/fr\/wp-json\/wp\/v2\/productcategory?post=93784"},{"taxonomy":"productsilhouette","embeddable":true,"href":"https:\/\/www.koonings.com\/fr\/wp-json\/wp\/v2\/productsilhouette?post=93784"},{"taxonomy":"productstyle","embeddable":true,"href":"https:\/\/www.koonings.com\/fr\/wp-json\/wp\/v2\/productstyle?post=93784"}],"curies":[{"name":"wp","href":"https:\/\/api.w.org\/{rel}","templated":true}]}}