{"id":93780,"date":"2026-04-14T16:42:26","date_gmt":"2026-04-14T14:42:26","guid":{"rendered":"https:\/\/www.koonings.com\/product\/azuree-bridal-anthonia-426-0311\/"},"modified":"2026-02-17T12:52:30","modified_gmt":"2026-02-17T11:52:30","slug":"azuree-bridal-anthonia-426-0311","status":"publish","type":"product","link":"https:\/\/www.koonings.com\/fr\/product\/azuree-bridal-anthonia-426-0311\/","title":{"rendered":"Azuree Bridal Anthonia 426.0311"},"content":{"rendered":"<p>La robe de mari\u00e9e Anthonia est un choix romantique pour les mari\u00e9es qui aiment les d\u00e9tails raffin\u00e9s et un look d\u00e9contract\u00e9. La robe a des bretelles spaghetti et est orn\u00e9e de d\u00e9licats appliques de dentelle en 3D, cr\u00e9ant un look doux et romantique. La double ceinture ajoute un \u00e9l\u00e9ment moderne, tandis que la jupe fluide cr\u00e9e un effet l\u00e9ger et a\u00e9rien. La robe de mari\u00e9e Anthonia est parfaite pour un mariage d&#8217;\u00e9t\u00e9 ou un mariage en plein air, o\u00f9 la mari\u00e9e recherche un look d\u00e9contract\u00e9 mais sophistiqu\u00e9. La combinaison de la dentelle d\u00e9licate et de la jupe l\u00e9g\u00e8re rend cette robe \u00e0 la fois \u00e9l\u00e9gante et confortable.    <\/p>\n","protected":false},"featured_media":91906,"template":"","meta":{"_acf_changed":false,"ghostkit_customizer_options":"","ghostkit_custom_css":"","ghostkit_custom_js_head":"","ghostkit_custom_js_foot":"","ghostkit_typography":""},"productdetails":[379,376],"productneck":[356],"productcolor":[393,392],"maat":[],"productsupplier":[533],"productsleeve":[359],"productcategory":[18],"productsilhouette":[384],"productstyle":[366,373],"class_list":["post-93780","product","type-product","status-publish","has-post-thumbnail","hentry","productdetails-379","productdetails-376","productneck-356","productcolor-393","productcolor-392","productsupplier-azuree-bridal","productsleeve-359","productcategory-trouwjurken","productsilhouette-384","productstyle-366","productstyle-373"],"acf":[],"yoast_head":"<!-- This site is optimized with the Yoast SEO plugin v27.3 - https:\/\/yoast.com\/product\/yoast-seo-wordpress\/ -->\n<title>Azuree Bridal Anthonia 426.0311 | Koonings<\/title>\n<meta name=\"description\" content=\"La robe de mari\u00e9e Anthonia est un choix romantique pour les mari\u00e9es qui aiment les d\u00e9tails raffin\u00e9s et un look d\u00e9contract\u00e9. La robe a des bretelles spaghetti et est orn\u00e9e de d\u00e9licats appliques de dentelle en 3D, cr\u00e9ant un look doux et romantique. La double ceinture ajoute un \u00e9l\u00e9ment moderne, tandis que la jupe fluide cr\u00e9e un effet l\u00e9ger et a\u00e9rien. La robe de mari\u00e9e Anthonia est parfaite pour un mariage d&#039;\u00e9t\u00e9 ou un mariage en plein air, o\u00f9 la mari\u00e9e recherche un look d\u00e9contract\u00e9 mais sophistiqu\u00e9. La combinaison de la dentelle d\u00e9licate et de la jupe l\u00e9g\u00e8re rend cette robe \u00e0 la fois \u00e9l\u00e9gante et confortable.\" \/>\n<meta name=\"robots\" content=\"index, follow, max-snippet:-1, max-image-preview:large, max-video-preview:-1\" \/>\n<link rel=\"canonical\" href=\"https:\/\/www.koonings.com\/fr\/product\/azuree-bridal-anthonia-426-0311\/\" \/>\n<meta property=\"og:locale\" content=\"fr_FR\" \/>\n<meta property=\"og:type\" content=\"article\" \/>\n<meta property=\"og:title\" content=\"Azuree Bridal Anthonia 426.0311 | Koonings\" \/>\n<meta property=\"og:description\" content=\"La robe de mari\u00e9e Anthonia est un choix romantique pour les mari\u00e9es qui aiment les d\u00e9tails raffin\u00e9s et un look d\u00e9contract\u00e9. La robe a des bretelles spaghetti et est orn\u00e9e de d\u00e9licats appliques de dentelle en 3D, cr\u00e9ant un look doux et romantique. La double ceinture ajoute un \u00e9l\u00e9ment moderne, tandis que la jupe fluide cr\u00e9e un effet l\u00e9ger et a\u00e9rien. La robe de mari\u00e9e Anthonia est parfaite pour un mariage d&#039;\u00e9t\u00e9 ou un mariage en plein air, o\u00f9 la mari\u00e9e recherche un look d\u00e9contract\u00e9 mais sophistiqu\u00e9. La combinaison de la dentelle d\u00e9licate et de la jupe l\u00e9g\u00e8re rend cette robe \u00e0 la fois \u00e9l\u00e9gante et confortable.\" \/>\n<meta property=\"og:url\" content=\"https:\/\/www.koonings.com\/fr\/product\/azuree-bridal-anthonia-426-0311\/\" \/>\n<meta property=\"og:site_name\" content=\"Koonings\" \/>\n<meta property=\"article:publisher\" content=\"https:\/\/www.facebook.com\/kooningstheweddingpalace\" \/>\n<meta property=\"og:image\" content=\"https:\/\/www.koonings.com\/wp-content\/uploads\/2025\/09\/51490_af0aa09048d8cbc644939d1f9b34c60356e3082b9e073dc988ee93e86e97d3d03fe30b0e.jpeg\" \/>\n\t<meta property=\"og:image:width\" content=\"1664\" \/>\n\t<meta property=\"og:image:height\" content=\"2352\" \/>\n\t<meta property=\"og:image:type\" content=\"image\/jpeg\" \/>\n<meta name=\"twitter:card\" content=\"summary_large_image\" \/>\n<meta name=\"twitter:label1\" content=\"Dur\u00e9e de lecture estim\u00e9e\" \/>\n\t<meta name=\"twitter:data1\" content=\"1 minute\" \/>\n<script type=\"application\/ld+json\" class=\"yoast-schema-graph\">{\"@context\":\"https:\\\/\\\/schema.org\",\"@graph\":[{\"@type\":\"WebPage\",\"@id\":\"https:\\\/\\\/www.koonings.com\\\/fr\\\/product\\\/azuree-bridal-anthonia-426-0311\\\/\",\"url\":\"https:\\\/\\\/www.koonings.com\\\/fr\\\/product\\\/azuree-bridal-anthonia-426-0311\\\/\",\"name\":\"Azuree Bridal Anthonia 426.0311 | Koonings\",\"isPartOf\":{\"@id\":\"https:\\\/\\\/www.koonings.com\\\/fr\\\/#website\"},\"primaryImageOfPage\":{\"@id\":\"https:\\\/\\\/www.koonings.com\\\/fr\\\/product\\\/azuree-bridal-anthonia-426-0311\\\/#primaryimage\"},\"image\":{\"@id\":\"https:\\\/\\\/www.koonings.com\\\/fr\\\/product\\\/azuree-bridal-anthonia-426-0311\\\/#primaryimage\"},\"thumbnailUrl\":\"https:\\\/\\\/www.koonings.com\\\/wp-content\\\/uploads\\\/2025\\\/09\\\/51490_af0aa09048d8cbc644939d1f9b34c60356e3082b9e073dc988ee93e86e97d3d03fe30b0e.jpeg\",\"datePublished\":\"2026-04-14T14:42:26+00:00\",\"description\":\"La robe de mari\u00e9e Anthonia est un choix romantique pour les mari\u00e9es qui aiment les d\u00e9tails raffin\u00e9s et un look d\u00e9contract\u00e9. La robe a des bretelles spaghetti et est orn\u00e9e de d\u00e9licats appliques de dentelle en 3D, cr\u00e9ant un look doux et romantique. La double ceinture ajoute un \u00e9l\u00e9ment moderne, tandis que la jupe fluide cr\u00e9e un effet l\u00e9ger et a\u00e9rien. La robe de mari\u00e9e Anthonia est parfaite pour un mariage d'\u00e9t\u00e9 ou un mariage en plein air, o\u00f9 la mari\u00e9e recherche un look d\u00e9contract\u00e9 mais sophistiqu\u00e9. La combinaison de la dentelle d\u00e9licate et de la jupe l\u00e9g\u00e8re rend cette robe \u00e0 la fois \u00e9l\u00e9gante et confortable.\",\"breadcrumb\":{\"@id\":\"https:\\\/\\\/www.koonings.com\\\/fr\\\/product\\\/azuree-bridal-anthonia-426-0311\\\/#breadcrumb\"},\"inLanguage\":\"fr-FR\",\"potentialAction\":[{\"@type\":\"ReadAction\",\"target\":[\"https:\\\/\\\/www.koonings.com\\\/fr\\\/product\\\/azuree-bridal-anthonia-426-0311\\\/\"]}]},{\"@type\":\"ImageObject\",\"inLanguage\":\"fr-FR\",\"@id\":\"https:\\\/\\\/www.koonings.com\\\/fr\\\/product\\\/azuree-bridal-anthonia-426-0311\\\/#primaryimage\",\"url\":\"https:\\\/\\\/www.koonings.com\\\/wp-content\\\/uploads\\\/2025\\\/09\\\/51490_af0aa09048d8cbc644939d1f9b34c60356e3082b9e073dc988ee93e86e97d3d03fe30b0e.jpeg\",\"contentUrl\":\"https:\\\/\\\/www.koonings.com\\\/wp-content\\\/uploads\\\/2025\\\/09\\\/51490_af0aa09048d8cbc644939d1f9b34c60356e3082b9e073dc988ee93e86e97d3d03fe30b0e.jpeg\",\"width\":1664,\"height\":2352},{\"@type\":\"BreadcrumbList\",\"@id\":\"https:\\\/\\\/www.koonings.com\\\/fr\\\/product\\\/azuree-bridal-anthonia-426-0311\\\/#breadcrumb\",\"itemListElement\":[{\"@type\":\"ListItem\",\"position\":1,\"name\":\"Home\",\"item\":\"https:\\\/\\\/www.koonings.com\\\/fr\\\/\"},{\"@type\":\"ListItem\",\"position\":2,\"name\":\"Azuree Bridal Anthonia 426.0311\"}]},{\"@type\":\"WebSite\",\"@id\":\"https:\\\/\\\/www.koonings.com\\\/fr\\\/#website\",\"url\":\"https:\\\/\\\/www.koonings.com\\\/fr\\\/\",\"name\":\"Koonings\",\"description\":\"De grootste bruidsmodewinkel ter wereld\",\"publisher\":{\"@id\":\"https:\\\/\\\/www.koonings.com\\\/fr\\\/#organization\"},\"potentialAction\":[{\"@type\":\"SearchAction\",\"target\":{\"@type\":\"EntryPoint\",\"urlTemplate\":\"https:\\\/\\\/www.koonings.com\\\/fr\\\/?s={search_term_string}\"},\"query-input\":{\"@type\":\"PropertyValueSpecification\",\"valueRequired\":true,\"valueName\":\"search_term_string\"}}],\"inLanguage\":\"fr-FR\"},{\"@type\":\"Organization\",\"@id\":\"https:\\\/\\\/www.koonings.com\\\/fr\\\/#organization\",\"name\":\"Koonings\",\"url\":\"https:\\\/\\\/www.koonings.com\\\/fr\\\/\",\"logo\":{\"@type\":\"ImageObject\",\"inLanguage\":\"fr-FR\",\"@id\":\"https:\\\/\\\/www.koonings.com\\\/fr\\\/#\\\/schema\\\/logo\\\/image\\\/\",\"url\":\"https:\\\/\\\/www.koonings.com\\\/wp-content\\\/uploads\\\/2024\\\/07\\\/logo.png\",\"contentUrl\":\"https:\\\/\\\/www.koonings.com\\\/wp-content\\\/uploads\\\/2024\\\/07\\\/logo.png\",\"width\":600,\"height\":428,\"caption\":\"Koonings\"},\"image\":{\"@id\":\"https:\\\/\\\/www.koonings.com\\\/fr\\\/#\\\/schema\\\/logo\\\/image\\\/\"},\"sameAs\":[\"https:\\\/\\\/www.facebook.com\\\/kooningstheweddingpalace\",\"https:\\\/\\\/www.instagram.com\\\/kooningstheweddingpalace\",\"https:\\\/\\\/www.pinterest.com\\\/koonings\",\"https:\\\/\\\/www.youtube.com\\\/kooningstheweddingpalace\"]}]}<\/script>\n<!-- \/ Yoast SEO plugin. -->","yoast_head_json":{"title":"Azuree Bridal Anthonia 426.0311 | Koonings","description":"La robe de mari\u00e9e Anthonia est un choix romantique pour les mari\u00e9es qui aiment les d\u00e9tails raffin\u00e9s et un look d\u00e9contract\u00e9. La robe a des bretelles spaghetti et est orn\u00e9e de d\u00e9licats appliques de dentelle en 3D, cr\u00e9ant un look doux et romantique. La double ceinture ajoute un \u00e9l\u00e9ment moderne, tandis que la jupe fluide cr\u00e9e un effet l\u00e9ger et a\u00e9rien. La robe de mari\u00e9e Anthonia est parfaite pour un mariage d'\u00e9t\u00e9 ou un mariage en plein air, o\u00f9 la mari\u00e9e recherche un look d\u00e9contract\u00e9 mais sophistiqu\u00e9. La combinaison de la dentelle d\u00e9licate et de la jupe l\u00e9g\u00e8re rend cette robe \u00e0 la fois \u00e9l\u00e9gante et confortable.","robots":{"index":"index","follow":"follow","max-snippet":"max-snippet:-1","max-image-preview":"max-image-preview:large","max-video-preview":"max-video-preview:-1"},"canonical":"https:\/\/www.koonings.com\/fr\/product\/azuree-bridal-anthonia-426-0311\/","og_locale":"fr_FR","og_type":"article","og_title":"Azuree Bridal Anthonia 426.0311 | Koonings","og_description":"La robe de mari\u00e9e Anthonia est un choix romantique pour les mari\u00e9es qui aiment les d\u00e9tails raffin\u00e9s et un look d\u00e9contract\u00e9. La robe a des bretelles spaghetti et est orn\u00e9e de d\u00e9licats appliques de dentelle en 3D, cr\u00e9ant un look doux et romantique. La double ceinture ajoute un \u00e9l\u00e9ment moderne, tandis que la jupe fluide cr\u00e9e un effet l\u00e9ger et a\u00e9rien. La robe de mari\u00e9e Anthonia est parfaite pour un mariage d'\u00e9t\u00e9 ou un mariage en plein air, o\u00f9 la mari\u00e9e recherche un look d\u00e9contract\u00e9 mais sophistiqu\u00e9. La combinaison de la dentelle d\u00e9licate et de la jupe l\u00e9g\u00e8re rend cette robe \u00e0 la fois \u00e9l\u00e9gante et confortable.","og_url":"https:\/\/www.koonings.com\/fr\/product\/azuree-bridal-anthonia-426-0311\/","og_site_name":"Koonings","article_publisher":"https:\/\/www.facebook.com\/kooningstheweddingpalace","og_image":[{"width":1664,"height":2352,"url":"https:\/\/www.koonings.com\/wp-content\/uploads\/2025\/09\/51490_af0aa09048d8cbc644939d1f9b34c60356e3082b9e073dc988ee93e86e97d3d03fe30b0e.jpeg","type":"image\/jpeg"}],"twitter_card":"summary_large_image","twitter_misc":{"Dur\u00e9e de lecture estim\u00e9e":"1 minute"},"schema":{"@context":"https:\/\/schema.org","@graph":[{"@type":"WebPage","@id":"https:\/\/www.koonings.com\/fr\/product\/azuree-bridal-anthonia-426-0311\/","url":"https:\/\/www.koonings.com\/fr\/product\/azuree-bridal-anthonia-426-0311\/","name":"Azuree Bridal Anthonia 426.0311 | Koonings","isPartOf":{"@id":"https:\/\/www.koonings.com\/fr\/#website"},"primaryImageOfPage":{"@id":"https:\/\/www.koonings.com\/fr\/product\/azuree-bridal-anthonia-426-0311\/#primaryimage"},"image":{"@id":"https:\/\/www.koonings.com\/fr\/product\/azuree-bridal-anthonia-426-0311\/#primaryimage"},"thumbnailUrl":"https:\/\/www.koonings.com\/wp-content\/uploads\/2025\/09\/51490_af0aa09048d8cbc644939d1f9b34c60356e3082b9e073dc988ee93e86e97d3d03fe30b0e.jpeg","datePublished":"2026-04-14T14:42:26+00:00","description":"La robe de mari\u00e9e Anthonia est un choix romantique pour les mari\u00e9es qui aiment les d\u00e9tails raffin\u00e9s et un look d\u00e9contract\u00e9. La robe a des bretelles spaghetti et est orn\u00e9e de d\u00e9licats appliques de dentelle en 3D, cr\u00e9ant un look doux et romantique. La double ceinture ajoute un \u00e9l\u00e9ment moderne, tandis que la jupe fluide cr\u00e9e un effet l\u00e9ger et a\u00e9rien. La robe de mari\u00e9e Anthonia est parfaite pour un mariage d'\u00e9t\u00e9 ou un mariage en plein air, o\u00f9 la mari\u00e9e recherche un look d\u00e9contract\u00e9 mais sophistiqu\u00e9. La combinaison de la dentelle d\u00e9licate et de la jupe l\u00e9g\u00e8re rend cette robe \u00e0 la fois \u00e9l\u00e9gante et confortable.","breadcrumb":{"@id":"https:\/\/www.koonings.com\/fr\/product\/azuree-bridal-anthonia-426-0311\/#breadcrumb"},"inLanguage":"fr-FR","potentialAction":[{"@type":"ReadAction","target":["https:\/\/www.koonings.com\/fr\/product\/azuree-bridal-anthonia-426-0311\/"]}]},{"@type":"ImageObject","inLanguage":"fr-FR","@id":"https:\/\/www.koonings.com\/fr\/product\/azuree-bridal-anthonia-426-0311\/#primaryimage","url":"https:\/\/www.koonings.com\/wp-content\/uploads\/2025\/09\/51490_af0aa09048d8cbc644939d1f9b34c60356e3082b9e073dc988ee93e86e97d3d03fe30b0e.jpeg","contentUrl":"https:\/\/www.koonings.com\/wp-content\/uploads\/2025\/09\/51490_af0aa09048d8cbc644939d1f9b34c60356e3082b9e073dc988ee93e86e97d3d03fe30b0e.jpeg","width":1664,"height":2352},{"@type":"BreadcrumbList","@id":"https:\/\/www.koonings.com\/fr\/product\/azuree-bridal-anthonia-426-0311\/#breadcrumb","itemListElement":[{"@type":"ListItem","position":1,"name":"Home","item":"https:\/\/www.koonings.com\/fr\/"},{"@type":"ListItem","position":2,"name":"Azuree Bridal Anthonia 426.0311"}]},{"@type":"WebSite","@id":"https:\/\/www.koonings.com\/fr\/#website","url":"https:\/\/www.koonings.com\/fr\/","name":"Koonings","description":"De grootste bruidsmodewinkel ter wereld","publisher":{"@id":"https:\/\/www.koonings.com\/fr\/#organization"},"potentialAction":[{"@type":"SearchAction","target":{"@type":"EntryPoint","urlTemplate":"https:\/\/www.koonings.com\/fr\/?s={search_term_string}"},"query-input":{"@type":"PropertyValueSpecification","valueRequired":true,"valueName":"search_term_string"}}],"inLanguage":"fr-FR"},{"@type":"Organization","@id":"https:\/\/www.koonings.com\/fr\/#organization","name":"Koonings","url":"https:\/\/www.koonings.com\/fr\/","logo":{"@type":"ImageObject","inLanguage":"fr-FR","@id":"https:\/\/www.koonings.com\/fr\/#\/schema\/logo\/image\/","url":"https:\/\/www.koonings.com\/wp-content\/uploads\/2024\/07\/logo.png","contentUrl":"https:\/\/www.koonings.com\/wp-content\/uploads\/2024\/07\/logo.png","width":600,"height":428,"caption":"Koonings"},"image":{"@id":"https:\/\/www.koonings.com\/fr\/#\/schema\/logo\/image\/"},"sameAs":["https:\/\/www.facebook.com\/kooningstheweddingpalace","https:\/\/www.instagram.com\/kooningstheweddingpalace","https:\/\/www.pinterest.com\/koonings","https:\/\/www.youtube.com\/kooningstheweddingpalace"]}]}},"_links":{"self":[{"href":"https:\/\/www.koonings.com\/fr\/wp-json\/wp\/v2\/product\/93780","targetHints":{"allow":["GET"]}}],"collection":[{"href":"https:\/\/www.koonings.com\/fr\/wp-json\/wp\/v2\/product"}],"about":[{"href":"https:\/\/www.koonings.com\/fr\/wp-json\/wp\/v2\/types\/product"}],"wp:featuredmedia":[{"embeddable":true,"href":"https:\/\/www.koonings.com\/fr\/wp-json\/wp\/v2\/media\/91906"}],"wp:attachment":[{"href":"https:\/\/www.koonings.com\/fr\/wp-json\/wp\/v2\/media?parent=93780"}],"wp:term":[{"taxonomy":"productdetails","embeddable":true,"href":"https:\/\/www.koonings.com\/fr\/wp-json\/wp\/v2\/productdetails?post=93780"},{"taxonomy":"productneck","embeddable":true,"href":"https:\/\/www.koonings.com\/fr\/wp-json\/wp\/v2\/productneck?post=93780"},{"taxonomy":"productcolor","embeddable":true,"href":"https:\/\/www.koonings.com\/fr\/wp-json\/wp\/v2\/productcolor?post=93780"},{"taxonomy":"maat","embeddable":true,"href":"https:\/\/www.koonings.com\/fr\/wp-json\/wp\/v2\/maat?post=93780"},{"taxonomy":"productsupplier","embeddable":true,"href":"https:\/\/www.koonings.com\/fr\/wp-json\/wp\/v2\/productsupplier?post=93780"},{"taxonomy":"productsleeve","embeddable":true,"href":"https:\/\/www.koonings.com\/fr\/wp-json\/wp\/v2\/productsleeve?post=93780"},{"taxonomy":"productcategory","embeddable":true,"href":"https:\/\/www.koonings.com\/fr\/wp-json\/wp\/v2\/productcategory?post=93780"},{"taxonomy":"productsilhouette","embeddable":true,"href":"https:\/\/www.koonings.com\/fr\/wp-json\/wp\/v2\/productsilhouette?post=93780"},{"taxonomy":"productstyle","embeddable":true,"href":"https:\/\/www.koonings.com\/fr\/wp-json\/wp\/v2\/productstyle?post=93780"}],"curies":[{"name":"wp","href":"https:\/\/api.w.org\/{rel}","templated":true}]}}