{"id":93752,"date":"2026-05-06T15:34:51","date_gmt":"2026-05-06T13:34:51","guid":{"rendered":"https:\/\/www.koonings.com\/product\/poirier-s75514-300-1-sf-voile-300cm-simple-souple\/"},"modified":"2026-04-14T15:40:58","modified_gmt":"2026-04-14T13:40:58","slug":"poirier-s75514-300-1-sf-voile-300cm-simple-souple","status":"publish","type":"product","link":"https:\/\/www.koonings.com\/fr\/product\/poirier-s75514-300-1-sf-voile-300cm-simple-souple\/","title":{"rendered":"Poirier S75514-300\/1\/SF Voile | 300cm | Simple | Souple"},"content":{"rendered":"<p>S75514-300\/1\/SF &#8211; Voile avec de belles broderies florales sur le bord<br \/>\nFabriqu\u00e9 en tulle souple simple couche.<br \/>\nOrn\u00e9 de broderies \u00e9l\u00e9gantes (motifs floraux).<br \/>\nLes broderies commencent \u00e0 80 cm du peigne \u00e0 cheveux.<br \/>\nIvoire.<br \/>\nLongueur : 300 cm.<br \/>\nLargeur : 260 cm.<\/p>\n","protected":false},"featured_media":88180,"template":"","meta":{"_acf_changed":false,"ghostkit_customizer_options":"","ghostkit_custom_css":"","ghostkit_custom_js_head":"","ghostkit_custom_js_foot":"","ghostkit_typography":""},"productdetails":[],"productneck":[],"productcolor":[],"maat":[],"productsupplier":[416],"productsleeve":[],"productcategory":[423],"productsilhouette":[],"productstyle":[],"class_list":["post-93752","product","type-product","status-publish","has-post-thumbnail","hentry","productsupplier-poirier","productcategory-sluiers"],"acf":[],"yoast_head":"<!-- This site is optimized with the Yoast SEO plugin v27.3 - https:\/\/yoast.com\/product\/yoast-seo-wordpress\/ -->\n<title>Poirier S75514-300\/1\/SF Voile | 300cm | Simple | Souple | Koonings<\/title>\n<meta name=\"description\" content=\"S75514-300\/1\/SF - Voile avec de belles broderies florales sur le bord Fabriqu\u00e9 en tulle souple simple couche. Orn\u00e9 de broderies \u00e9l\u00e9gantes (motifs floraux). Les broderies commencent \u00e0 80 cm du peigne \u00e0 cheveux. Ivoire. Longueur : 300 cm. Largeur : 260 cm.\" \/>\n<meta name=\"robots\" content=\"index, follow, max-snippet:-1, max-image-preview:large, max-video-preview:-1\" \/>\n<link rel=\"canonical\" href=\"https:\/\/www.koonings.com\/fr\/product\/poirier-s75514-300-1-sf-voile-300cm-simple-souple\/\" \/>\n<meta property=\"og:locale\" content=\"fr_FR\" \/>\n<meta property=\"og:type\" content=\"article\" \/>\n<meta property=\"og:title\" content=\"Poirier S75514-300\/1\/SF Voile | 300cm | Simple | Souple | Koonings\" \/>\n<meta property=\"og:description\" content=\"S75514-300\/1\/SF - Voile avec de belles broderies florales sur le bord Fabriqu\u00e9 en tulle souple simple couche. Orn\u00e9 de broderies \u00e9l\u00e9gantes (motifs floraux). Les broderies commencent \u00e0 80 cm du peigne \u00e0 cheveux. Ivoire. Longueur : 300 cm. Largeur : 260 cm.\" \/>\n<meta property=\"og:url\" content=\"https:\/\/www.koonings.com\/fr\/product\/poirier-s75514-300-1-sf-voile-300cm-simple-souple\/\" \/>\n<meta property=\"og:site_name\" content=\"Koonings\" \/>\n<meta property=\"article:publisher\" content=\"https:\/\/www.facebook.com\/kooningstheweddingpalace\" \/>\n<meta property=\"og:image\" content=\"https:\/\/www.koonings.com\/wp-content\/uploads\/2025\/07\/51009_58e5fa75c1796394cb09afefbb1159fdfba755ef1d441f3d91f2108a096dc23156dcd260.jpeg\" \/>\n\t<meta property=\"og:image:width\" content=\"1350\" \/>\n\t<meta property=\"og:image:height\" content=\"1800\" \/>\n\t<meta property=\"og:image:type\" content=\"image\/jpeg\" \/>\n<meta name=\"twitter:card\" content=\"summary_large_image\" \/>\n<script type=\"application\/ld+json\" class=\"yoast-schema-graph\">{\"@context\":\"https:\\\/\\\/schema.org\",\"@graph\":[{\"@type\":\"WebPage\",\"@id\":\"https:\\\/\\\/www.koonings.com\\\/fr\\\/product\\\/poirier-s75514-300-1-sf-voile-300cm-simple-souple\\\/\",\"url\":\"https:\\\/\\\/www.koonings.com\\\/fr\\\/product\\\/poirier-s75514-300-1-sf-voile-300cm-simple-souple\\\/\",\"name\":\"Poirier S75514-300\\\/1\\\/SF Voile | 300cm | Simple | Souple | Koonings\",\"isPartOf\":{\"@id\":\"https:\\\/\\\/www.koonings.com\\\/fr\\\/#website\"},\"primaryImageOfPage\":{\"@id\":\"https:\\\/\\\/www.koonings.com\\\/fr\\\/product\\\/poirier-s75514-300-1-sf-voile-300cm-simple-souple\\\/#primaryimage\"},\"image\":{\"@id\":\"https:\\\/\\\/www.koonings.com\\\/fr\\\/product\\\/poirier-s75514-300-1-sf-voile-300cm-simple-souple\\\/#primaryimage\"},\"thumbnailUrl\":\"https:\\\/\\\/www.koonings.com\\\/wp-content\\\/uploads\\\/2025\\\/07\\\/51009_58e5fa75c1796394cb09afefbb1159fdfba755ef1d441f3d91f2108a096dc23156dcd260.jpeg\",\"datePublished\":\"2026-05-06T13:34:51+00:00\",\"description\":\"S75514-300\\\/1\\\/SF - Voile avec de belles broderies florales sur le bord Fabriqu\u00e9 en tulle souple simple couche. Orn\u00e9 de broderies \u00e9l\u00e9gantes (motifs floraux). Les broderies commencent \u00e0 80 cm du peigne \u00e0 cheveux. Ivoire. Longueur : 300 cm. Largeur : 260 cm.\",\"breadcrumb\":{\"@id\":\"https:\\\/\\\/www.koonings.com\\\/fr\\\/product\\\/poirier-s75514-300-1-sf-voile-300cm-simple-souple\\\/#breadcrumb\"},\"inLanguage\":\"fr-FR\",\"potentialAction\":[{\"@type\":\"ReadAction\",\"target\":[\"https:\\\/\\\/www.koonings.com\\\/fr\\\/product\\\/poirier-s75514-300-1-sf-voile-300cm-simple-souple\\\/\"]}]},{\"@type\":\"ImageObject\",\"inLanguage\":\"fr-FR\",\"@id\":\"https:\\\/\\\/www.koonings.com\\\/fr\\\/product\\\/poirier-s75514-300-1-sf-voile-300cm-simple-souple\\\/#primaryimage\",\"url\":\"https:\\\/\\\/www.koonings.com\\\/wp-content\\\/uploads\\\/2025\\\/07\\\/51009_58e5fa75c1796394cb09afefbb1159fdfba755ef1d441f3d91f2108a096dc23156dcd260.jpeg\",\"contentUrl\":\"https:\\\/\\\/www.koonings.com\\\/wp-content\\\/uploads\\\/2025\\\/07\\\/51009_58e5fa75c1796394cb09afefbb1159fdfba755ef1d441f3d91f2108a096dc23156dcd260.jpeg\",\"width\":1350,\"height\":1800},{\"@type\":\"BreadcrumbList\",\"@id\":\"https:\\\/\\\/www.koonings.com\\\/fr\\\/product\\\/poirier-s75514-300-1-sf-voile-300cm-simple-souple\\\/#breadcrumb\",\"itemListElement\":[{\"@type\":\"ListItem\",\"position\":1,\"name\":\"Home\",\"item\":\"https:\\\/\\\/www.koonings.com\\\/fr\\\/\"},{\"@type\":\"ListItem\",\"position\":2,\"name\":\"Poirier S75514-300\\\/1\\\/SF Voile | 300cm | Simple | Souple\"}]},{\"@type\":\"WebSite\",\"@id\":\"https:\\\/\\\/www.koonings.com\\\/fr\\\/#website\",\"url\":\"https:\\\/\\\/www.koonings.com\\\/fr\\\/\",\"name\":\"Koonings\",\"description\":\"De grootste bruidsmodewinkel ter wereld\",\"publisher\":{\"@id\":\"https:\\\/\\\/www.koonings.com\\\/fr\\\/#organization\"},\"potentialAction\":[{\"@type\":\"SearchAction\",\"target\":{\"@type\":\"EntryPoint\",\"urlTemplate\":\"https:\\\/\\\/www.koonings.com\\\/fr\\\/?s={search_term_string}\"},\"query-input\":{\"@type\":\"PropertyValueSpecification\",\"valueRequired\":true,\"valueName\":\"search_term_string\"}}],\"inLanguage\":\"fr-FR\"},{\"@type\":\"Organization\",\"@id\":\"https:\\\/\\\/www.koonings.com\\\/fr\\\/#organization\",\"name\":\"Koonings\",\"url\":\"https:\\\/\\\/www.koonings.com\\\/fr\\\/\",\"logo\":{\"@type\":\"ImageObject\",\"inLanguage\":\"fr-FR\",\"@id\":\"https:\\\/\\\/www.koonings.com\\\/fr\\\/#\\\/schema\\\/logo\\\/image\\\/\",\"url\":\"https:\\\/\\\/www.koonings.com\\\/wp-content\\\/uploads\\\/2024\\\/07\\\/logo.png\",\"contentUrl\":\"https:\\\/\\\/www.koonings.com\\\/wp-content\\\/uploads\\\/2024\\\/07\\\/logo.png\",\"width\":600,\"height\":428,\"caption\":\"Koonings\"},\"image\":{\"@id\":\"https:\\\/\\\/www.koonings.com\\\/fr\\\/#\\\/schema\\\/logo\\\/image\\\/\"},\"sameAs\":[\"https:\\\/\\\/www.facebook.com\\\/kooningstheweddingpalace\",\"https:\\\/\\\/www.instagram.com\\\/kooningstheweddingpalace\",\"https:\\\/\\\/www.pinterest.com\\\/koonings\",\"https:\\\/\\\/www.youtube.com\\\/kooningstheweddingpalace\"]}]}<\/script>\n<!-- \/ Yoast SEO plugin. -->","yoast_head_json":{"title":"Poirier S75514-300\/1\/SF Voile | 300cm | Simple | Souple | Koonings","description":"S75514-300\/1\/SF - Voile avec de belles broderies florales sur le bord Fabriqu\u00e9 en tulle souple simple couche. Orn\u00e9 de broderies \u00e9l\u00e9gantes (motifs floraux). Les broderies commencent \u00e0 80 cm du peigne \u00e0 cheveux. Ivoire. Longueur : 300 cm. Largeur : 260 cm.","robots":{"index":"index","follow":"follow","max-snippet":"max-snippet:-1","max-image-preview":"max-image-preview:large","max-video-preview":"max-video-preview:-1"},"canonical":"https:\/\/www.koonings.com\/fr\/product\/poirier-s75514-300-1-sf-voile-300cm-simple-souple\/","og_locale":"fr_FR","og_type":"article","og_title":"Poirier S75514-300\/1\/SF Voile | 300cm | Simple | Souple | Koonings","og_description":"S75514-300\/1\/SF - Voile avec de belles broderies florales sur le bord Fabriqu\u00e9 en tulle souple simple couche. Orn\u00e9 de broderies \u00e9l\u00e9gantes (motifs floraux). Les broderies commencent \u00e0 80 cm du peigne \u00e0 cheveux. Ivoire. Longueur : 300 cm. Largeur : 260 cm.","og_url":"https:\/\/www.koonings.com\/fr\/product\/poirier-s75514-300-1-sf-voile-300cm-simple-souple\/","og_site_name":"Koonings","article_publisher":"https:\/\/www.facebook.com\/kooningstheweddingpalace","og_image":[{"width":1350,"height":1800,"url":"https:\/\/www.koonings.com\/wp-content\/uploads\/2025\/07\/51009_58e5fa75c1796394cb09afefbb1159fdfba755ef1d441f3d91f2108a096dc23156dcd260.jpeg","type":"image\/jpeg"}],"twitter_card":"summary_large_image","schema":{"@context":"https:\/\/schema.org","@graph":[{"@type":"WebPage","@id":"https:\/\/www.koonings.com\/fr\/product\/poirier-s75514-300-1-sf-voile-300cm-simple-souple\/","url":"https:\/\/www.koonings.com\/fr\/product\/poirier-s75514-300-1-sf-voile-300cm-simple-souple\/","name":"Poirier S75514-300\/1\/SF Voile | 300cm | Simple | Souple | Koonings","isPartOf":{"@id":"https:\/\/www.koonings.com\/fr\/#website"},"primaryImageOfPage":{"@id":"https:\/\/www.koonings.com\/fr\/product\/poirier-s75514-300-1-sf-voile-300cm-simple-souple\/#primaryimage"},"image":{"@id":"https:\/\/www.koonings.com\/fr\/product\/poirier-s75514-300-1-sf-voile-300cm-simple-souple\/#primaryimage"},"thumbnailUrl":"https:\/\/www.koonings.com\/wp-content\/uploads\/2025\/07\/51009_58e5fa75c1796394cb09afefbb1159fdfba755ef1d441f3d91f2108a096dc23156dcd260.jpeg","datePublished":"2026-05-06T13:34:51+00:00","description":"S75514-300\/1\/SF - Voile avec de belles broderies florales sur le bord Fabriqu\u00e9 en tulle souple simple couche. Orn\u00e9 de broderies \u00e9l\u00e9gantes (motifs floraux). Les broderies commencent \u00e0 80 cm du peigne \u00e0 cheveux. Ivoire. Longueur : 300 cm. Largeur : 260 cm.","breadcrumb":{"@id":"https:\/\/www.koonings.com\/fr\/product\/poirier-s75514-300-1-sf-voile-300cm-simple-souple\/#breadcrumb"},"inLanguage":"fr-FR","potentialAction":[{"@type":"ReadAction","target":["https:\/\/www.koonings.com\/fr\/product\/poirier-s75514-300-1-sf-voile-300cm-simple-souple\/"]}]},{"@type":"ImageObject","inLanguage":"fr-FR","@id":"https:\/\/www.koonings.com\/fr\/product\/poirier-s75514-300-1-sf-voile-300cm-simple-souple\/#primaryimage","url":"https:\/\/www.koonings.com\/wp-content\/uploads\/2025\/07\/51009_58e5fa75c1796394cb09afefbb1159fdfba755ef1d441f3d91f2108a096dc23156dcd260.jpeg","contentUrl":"https:\/\/www.koonings.com\/wp-content\/uploads\/2025\/07\/51009_58e5fa75c1796394cb09afefbb1159fdfba755ef1d441f3d91f2108a096dc23156dcd260.jpeg","width":1350,"height":1800},{"@type":"BreadcrumbList","@id":"https:\/\/www.koonings.com\/fr\/product\/poirier-s75514-300-1-sf-voile-300cm-simple-souple\/#breadcrumb","itemListElement":[{"@type":"ListItem","position":1,"name":"Home","item":"https:\/\/www.koonings.com\/fr\/"},{"@type":"ListItem","position":2,"name":"Poirier S75514-300\/1\/SF Voile | 300cm | Simple | Souple"}]},{"@type":"WebSite","@id":"https:\/\/www.koonings.com\/fr\/#website","url":"https:\/\/www.koonings.com\/fr\/","name":"Koonings","description":"De grootste bruidsmodewinkel ter wereld","publisher":{"@id":"https:\/\/www.koonings.com\/fr\/#organization"},"potentialAction":[{"@type":"SearchAction","target":{"@type":"EntryPoint","urlTemplate":"https:\/\/www.koonings.com\/fr\/?s={search_term_string}"},"query-input":{"@type":"PropertyValueSpecification","valueRequired":true,"valueName":"search_term_string"}}],"inLanguage":"fr-FR"},{"@type":"Organization","@id":"https:\/\/www.koonings.com\/fr\/#organization","name":"Koonings","url":"https:\/\/www.koonings.com\/fr\/","logo":{"@type":"ImageObject","inLanguage":"fr-FR","@id":"https:\/\/www.koonings.com\/fr\/#\/schema\/logo\/image\/","url":"https:\/\/www.koonings.com\/wp-content\/uploads\/2024\/07\/logo.png","contentUrl":"https:\/\/www.koonings.com\/wp-content\/uploads\/2024\/07\/logo.png","width":600,"height":428,"caption":"Koonings"},"image":{"@id":"https:\/\/www.koonings.com\/fr\/#\/schema\/logo\/image\/"},"sameAs":["https:\/\/www.facebook.com\/kooningstheweddingpalace","https:\/\/www.instagram.com\/kooningstheweddingpalace","https:\/\/www.pinterest.com\/koonings","https:\/\/www.youtube.com\/kooningstheweddingpalace"]}]}},"_links":{"self":[{"href":"https:\/\/www.koonings.com\/fr\/wp-json\/wp\/v2\/product\/93752","targetHints":{"allow":["GET"]}}],"collection":[{"href":"https:\/\/www.koonings.com\/fr\/wp-json\/wp\/v2\/product"}],"about":[{"href":"https:\/\/www.koonings.com\/fr\/wp-json\/wp\/v2\/types\/product"}],"wp:featuredmedia":[{"embeddable":true,"href":"https:\/\/www.koonings.com\/fr\/wp-json\/wp\/v2\/media\/88180"}],"wp:attachment":[{"href":"https:\/\/www.koonings.com\/fr\/wp-json\/wp\/v2\/media?parent=93752"}],"wp:term":[{"taxonomy":"productdetails","embeddable":true,"href":"https:\/\/www.koonings.com\/fr\/wp-json\/wp\/v2\/productdetails?post=93752"},{"taxonomy":"productneck","embeddable":true,"href":"https:\/\/www.koonings.com\/fr\/wp-json\/wp\/v2\/productneck?post=93752"},{"taxonomy":"productcolor","embeddable":true,"href":"https:\/\/www.koonings.com\/fr\/wp-json\/wp\/v2\/productcolor?post=93752"},{"taxonomy":"maat","embeddable":true,"href":"https:\/\/www.koonings.com\/fr\/wp-json\/wp\/v2\/maat?post=93752"},{"taxonomy":"productsupplier","embeddable":true,"href":"https:\/\/www.koonings.com\/fr\/wp-json\/wp\/v2\/productsupplier?post=93752"},{"taxonomy":"productsleeve","embeddable":true,"href":"https:\/\/www.koonings.com\/fr\/wp-json\/wp\/v2\/productsleeve?post=93752"},{"taxonomy":"productcategory","embeddable":true,"href":"https:\/\/www.koonings.com\/fr\/wp-json\/wp\/v2\/productcategory?post=93752"},{"taxonomy":"productsilhouette","embeddable":true,"href":"https:\/\/www.koonings.com\/fr\/wp-json\/wp\/v2\/productsilhouette?post=93752"},{"taxonomy":"productstyle","embeddable":true,"href":"https:\/\/www.koonings.com\/fr\/wp-json\/wp\/v2\/productstyle?post=93752"}],"curies":[{"name":"wp","href":"https:\/\/api.w.org\/{rel}","templated":true}]}}