{"id":93733,"date":"2026-05-06T15:40:42","date_gmt":"2026-05-06T13:40:42","guid":{"rendered":"https:\/\/www.koonings.com\/product\/azuree-bridal-amal-426-0151\/"},"modified":"2026-02-17T12:51:58","modified_gmt":"2026-02-17T11:51:58","slug":"azuree-bridal-amal-426-0151","status":"publish","type":"product","link":"https:\/\/www.koonings.com\/fr\/product\/azuree-bridal-amal-426-0151\/","title":{"rendered":"Azuree Bridal Amal 426.0151"},"content":{"rendered":"<p>La robe de mari\u00e9e Amal est un v\u00e9ritable r\u00eave pour la mari\u00e9e qui recherche un look romantique et sophistiqu\u00e9. La robe pr\u00e9sente un d\u00e9collet\u00e9 en V profond qui cr\u00e9e une allure \u00e9l\u00e9gante et s\u00e9duisante. Le corsage micro pliss\u00e9 ajoute une texture suppl\u00e9mentaire et cr\u00e9e un look unique qui se d\u00e9marque. La dentelle d\u00e9licate se poursuit tout au long de la robe, cr\u00e9ant un ensemble harmonieux \u00e0 la fois romantique et \u00e9l\u00e9gant. La jupe princesse est faite de tulle scintillant, ce qui donne \u00e0 la robe un l\u00e9ger \u00e9clat qui brille joliment \u00e0 la lumi\u00e8re. Cette robe est con\u00e7ue pour bouger gracieusement \u00e0 chaque pas, donnant \u00e0 la mari\u00e9e l&#8217;impression d&#8217;\u00eatre une v\u00e9ritable princesse. La robe de mari\u00e9e Amal est id\u00e9ale pour les mari\u00e9es qui veulent briller le jour de leur mariage et qui recherchent une robe classique avec une touche de modernit\u00e9.      <\/p>\n","protected":false},"featured_media":92402,"template":"","meta":{"_acf_changed":false,"ghostkit_customizer_options":"","ghostkit_custom_css":"","ghostkit_custom_js_head":"","ghostkit_custom_js_foot":"","ghostkit_typography":""},"productdetails":[379,381],"productneck":[356],"productcolor":[393,392],"maat":[],"productsupplier":[533],"productsleeve":[359],"productcategory":[18],"productsilhouette":[384],"productstyle":[369,371,366],"class_list":["post-93733","product","type-product","status-publish","has-post-thumbnail","hentry","productdetails-379","productdetails-381","productneck-356","productcolor-393","productcolor-392","productsupplier-azuree-bridal","productsleeve-359","productcategory-trouwjurken","productsilhouette-384","productstyle-369","productstyle-371","productstyle-366"],"acf":[],"yoast_head":"<!-- This site is optimized with the Yoast SEO plugin v27.3 - https:\/\/yoast.com\/product\/yoast-seo-wordpress\/ -->\n<title>Azuree Bridal Amal 426.0151 | Koonings<\/title>\n<meta name=\"description\" content=\"La robe de mari\u00e9e Amal est un v\u00e9ritable r\u00eave pour la mari\u00e9e qui recherche un look romantique et sophistiqu\u00e9. La robe pr\u00e9sente un d\u00e9collet\u00e9 en V profond qui cr\u00e9e une allure \u00e9l\u00e9gante et s\u00e9duisante. Le corsage micro pliss\u00e9 ajoute une texture suppl\u00e9mentaire et cr\u00e9e un look unique qui se d\u00e9marque. La dentelle d\u00e9licate se poursuit tout au long de la robe, cr\u00e9ant un ensemble harmonieux \u00e0 la fois romantique et \u00e9l\u00e9gant. La jupe princesse est faite de tulle scintillant, ce qui donne \u00e0 la robe un l\u00e9ger \u00e9clat qui brille joliment \u00e0 la lumi\u00e8re. Cette robe est con\u00e7ue pour bouger gracieusement \u00e0 chaque pas, donnant \u00e0 la mari\u00e9e l&#039;impression d&#039;\u00eatre une v\u00e9ritable princesse. La robe de mari\u00e9e Amal est id\u00e9ale pour les mari\u00e9es qui veulent briller le jour de leur mariage et qui recherchent une robe classique avec une touche de modernit\u00e9.\" \/>\n<meta name=\"robots\" content=\"index, follow, max-snippet:-1, max-image-preview:large, max-video-preview:-1\" \/>\n<link rel=\"canonical\" href=\"https:\/\/www.koonings.com\/fr\/product\/azuree-bridal-amal-426-0151\/\" \/>\n<meta property=\"og:locale\" content=\"fr_FR\" \/>\n<meta property=\"og:type\" content=\"article\" \/>\n<meta property=\"og:title\" content=\"Azuree Bridal Amal 426.0151 | Koonings\" \/>\n<meta property=\"og:description\" content=\"La robe de mari\u00e9e Amal est un v\u00e9ritable r\u00eave pour la mari\u00e9e qui recherche un look romantique et sophistiqu\u00e9. La robe pr\u00e9sente un d\u00e9collet\u00e9 en V profond qui cr\u00e9e une allure \u00e9l\u00e9gante et s\u00e9duisante. Le corsage micro pliss\u00e9 ajoute une texture suppl\u00e9mentaire et cr\u00e9e un look unique qui se d\u00e9marque. La dentelle d\u00e9licate se poursuit tout au long de la robe, cr\u00e9ant un ensemble harmonieux \u00e0 la fois romantique et \u00e9l\u00e9gant. La jupe princesse est faite de tulle scintillant, ce qui donne \u00e0 la robe un l\u00e9ger \u00e9clat qui brille joliment \u00e0 la lumi\u00e8re. Cette robe est con\u00e7ue pour bouger gracieusement \u00e0 chaque pas, donnant \u00e0 la mari\u00e9e l&#039;impression d&#039;\u00eatre une v\u00e9ritable princesse. La robe de mari\u00e9e Amal est id\u00e9ale pour les mari\u00e9es qui veulent briller le jour de leur mariage et qui recherchent une robe classique avec une touche de modernit\u00e9.\" \/>\n<meta property=\"og:url\" content=\"https:\/\/www.koonings.com\/fr\/product\/azuree-bridal-amal-426-0151\/\" \/>\n<meta property=\"og:site_name\" content=\"Koonings\" \/>\n<meta property=\"article:publisher\" content=\"https:\/\/www.facebook.com\/kooningstheweddingpalace\" \/>\n<meta property=\"og:image\" content=\"https:\/\/www.koonings.com\/wp-content\/uploads\/2025\/09\/51474_1ac4ec499e699bae18d8f9d01ebd217cfdb342369793bd9369dd033da8197b3b2d9d94b1.jpeg\" \/>\n\t<meta property=\"og:image:width\" content=\"1575\" \/>\n\t<meta property=\"og:image:height\" content=\"2222\" \/>\n\t<meta property=\"og:image:type\" content=\"image\/jpeg\" \/>\n<meta name=\"twitter:card\" content=\"summary_large_image\" \/>\n<meta name=\"twitter:label1\" content=\"Dur\u00e9e de lecture estim\u00e9e\" \/>\n\t<meta name=\"twitter:data1\" content=\"1 minute\" \/>\n<script type=\"application\/ld+json\" class=\"yoast-schema-graph\">{\"@context\":\"https:\\\/\\\/schema.org\",\"@graph\":[{\"@type\":\"WebPage\",\"@id\":\"https:\\\/\\\/www.koonings.com\\\/fr\\\/product\\\/azuree-bridal-amal-426-0151\\\/\",\"url\":\"https:\\\/\\\/www.koonings.com\\\/fr\\\/product\\\/azuree-bridal-amal-426-0151\\\/\",\"name\":\"Azuree Bridal Amal 426.0151 | Koonings\",\"isPartOf\":{\"@id\":\"https:\\\/\\\/www.koonings.com\\\/fr\\\/#website\"},\"primaryImageOfPage\":{\"@id\":\"https:\\\/\\\/www.koonings.com\\\/fr\\\/product\\\/azuree-bridal-amal-426-0151\\\/#primaryimage\"},\"image\":{\"@id\":\"https:\\\/\\\/www.koonings.com\\\/fr\\\/product\\\/azuree-bridal-amal-426-0151\\\/#primaryimage\"},\"thumbnailUrl\":\"https:\\\/\\\/www.koonings.com\\\/wp-content\\\/uploads\\\/2025\\\/09\\\/51474_1ac4ec499e699bae18d8f9d01ebd217cfdb342369793bd9369dd033da8197b3b2d9d94b1.jpeg\",\"datePublished\":\"2026-05-06T13:40:42+00:00\",\"description\":\"La robe de mari\u00e9e Amal est un v\u00e9ritable r\u00eave pour la mari\u00e9e qui recherche un look romantique et sophistiqu\u00e9. La robe pr\u00e9sente un d\u00e9collet\u00e9 en V profond qui cr\u00e9e une allure \u00e9l\u00e9gante et s\u00e9duisante. Le corsage micro pliss\u00e9 ajoute une texture suppl\u00e9mentaire et cr\u00e9e un look unique qui se d\u00e9marque. La dentelle d\u00e9licate se poursuit tout au long de la robe, cr\u00e9ant un ensemble harmonieux \u00e0 la fois romantique et \u00e9l\u00e9gant. La jupe princesse est faite de tulle scintillant, ce qui donne \u00e0 la robe un l\u00e9ger \u00e9clat qui brille joliment \u00e0 la lumi\u00e8re. Cette robe est con\u00e7ue pour bouger gracieusement \u00e0 chaque pas, donnant \u00e0 la mari\u00e9e l'impression d'\u00eatre une v\u00e9ritable princesse. La robe de mari\u00e9e Amal est id\u00e9ale pour les mari\u00e9es qui veulent briller le jour de leur mariage et qui recherchent une robe classique avec une touche de modernit\u00e9.\",\"breadcrumb\":{\"@id\":\"https:\\\/\\\/www.koonings.com\\\/fr\\\/product\\\/azuree-bridal-amal-426-0151\\\/#breadcrumb\"},\"inLanguage\":\"fr-FR\",\"potentialAction\":[{\"@type\":\"ReadAction\",\"target\":[\"https:\\\/\\\/www.koonings.com\\\/fr\\\/product\\\/azuree-bridal-amal-426-0151\\\/\"]}]},{\"@type\":\"ImageObject\",\"inLanguage\":\"fr-FR\",\"@id\":\"https:\\\/\\\/www.koonings.com\\\/fr\\\/product\\\/azuree-bridal-amal-426-0151\\\/#primaryimage\",\"url\":\"https:\\\/\\\/www.koonings.com\\\/wp-content\\\/uploads\\\/2025\\\/09\\\/51474_1ac4ec499e699bae18d8f9d01ebd217cfdb342369793bd9369dd033da8197b3b2d9d94b1.jpeg\",\"contentUrl\":\"https:\\\/\\\/www.koonings.com\\\/wp-content\\\/uploads\\\/2025\\\/09\\\/51474_1ac4ec499e699bae18d8f9d01ebd217cfdb342369793bd9369dd033da8197b3b2d9d94b1.jpeg\",\"width\":1575,\"height\":2222},{\"@type\":\"BreadcrumbList\",\"@id\":\"https:\\\/\\\/www.koonings.com\\\/fr\\\/product\\\/azuree-bridal-amal-426-0151\\\/#breadcrumb\",\"itemListElement\":[{\"@type\":\"ListItem\",\"position\":1,\"name\":\"Home\",\"item\":\"https:\\\/\\\/www.koonings.com\\\/fr\\\/\"},{\"@type\":\"ListItem\",\"position\":2,\"name\":\"Azuree Bridal Amal 426.0151\"}]},{\"@type\":\"WebSite\",\"@id\":\"https:\\\/\\\/www.koonings.com\\\/fr\\\/#website\",\"url\":\"https:\\\/\\\/www.koonings.com\\\/fr\\\/\",\"name\":\"Koonings\",\"description\":\"De grootste bruidsmodewinkel ter wereld\",\"publisher\":{\"@id\":\"https:\\\/\\\/www.koonings.com\\\/fr\\\/#organization\"},\"potentialAction\":[{\"@type\":\"SearchAction\",\"target\":{\"@type\":\"EntryPoint\",\"urlTemplate\":\"https:\\\/\\\/www.koonings.com\\\/fr\\\/?s={search_term_string}\"},\"query-input\":{\"@type\":\"PropertyValueSpecification\",\"valueRequired\":true,\"valueName\":\"search_term_string\"}}],\"inLanguage\":\"fr-FR\"},{\"@type\":\"Organization\",\"@id\":\"https:\\\/\\\/www.koonings.com\\\/fr\\\/#organization\",\"name\":\"Koonings\",\"url\":\"https:\\\/\\\/www.koonings.com\\\/fr\\\/\",\"logo\":{\"@type\":\"ImageObject\",\"inLanguage\":\"fr-FR\",\"@id\":\"https:\\\/\\\/www.koonings.com\\\/fr\\\/#\\\/schema\\\/logo\\\/image\\\/\",\"url\":\"https:\\\/\\\/www.koonings.com\\\/wp-content\\\/uploads\\\/2024\\\/07\\\/logo.png\",\"contentUrl\":\"https:\\\/\\\/www.koonings.com\\\/wp-content\\\/uploads\\\/2024\\\/07\\\/logo.png\",\"width\":600,\"height\":428,\"caption\":\"Koonings\"},\"image\":{\"@id\":\"https:\\\/\\\/www.koonings.com\\\/fr\\\/#\\\/schema\\\/logo\\\/image\\\/\"},\"sameAs\":[\"https:\\\/\\\/www.facebook.com\\\/kooningstheweddingpalace\",\"https:\\\/\\\/www.instagram.com\\\/kooningstheweddingpalace\",\"https:\\\/\\\/www.pinterest.com\\\/koonings\",\"https:\\\/\\\/www.youtube.com\\\/kooningstheweddingpalace\"]}]}<\/script>\n<!-- \/ Yoast SEO plugin. -->","yoast_head_json":{"title":"Azuree Bridal Amal 426.0151 | Koonings","description":"La robe de mari\u00e9e Amal est un v\u00e9ritable r\u00eave pour la mari\u00e9e qui recherche un look romantique et sophistiqu\u00e9. La robe pr\u00e9sente un d\u00e9collet\u00e9 en V profond qui cr\u00e9e une allure \u00e9l\u00e9gante et s\u00e9duisante. Le corsage micro pliss\u00e9 ajoute une texture suppl\u00e9mentaire et cr\u00e9e un look unique qui se d\u00e9marque. La dentelle d\u00e9licate se poursuit tout au long de la robe, cr\u00e9ant un ensemble harmonieux \u00e0 la fois romantique et \u00e9l\u00e9gant. La jupe princesse est faite de tulle scintillant, ce qui donne \u00e0 la robe un l\u00e9ger \u00e9clat qui brille joliment \u00e0 la lumi\u00e8re. Cette robe est con\u00e7ue pour bouger gracieusement \u00e0 chaque pas, donnant \u00e0 la mari\u00e9e l'impression d'\u00eatre une v\u00e9ritable princesse. La robe de mari\u00e9e Amal est id\u00e9ale pour les mari\u00e9es qui veulent briller le jour de leur mariage et qui recherchent une robe classique avec une touche de modernit\u00e9.","robots":{"index":"index","follow":"follow","max-snippet":"max-snippet:-1","max-image-preview":"max-image-preview:large","max-video-preview":"max-video-preview:-1"},"canonical":"https:\/\/www.koonings.com\/fr\/product\/azuree-bridal-amal-426-0151\/","og_locale":"fr_FR","og_type":"article","og_title":"Azuree Bridal Amal 426.0151 | Koonings","og_description":"La robe de mari\u00e9e Amal est un v\u00e9ritable r\u00eave pour la mari\u00e9e qui recherche un look romantique et sophistiqu\u00e9. La robe pr\u00e9sente un d\u00e9collet\u00e9 en V profond qui cr\u00e9e une allure \u00e9l\u00e9gante et s\u00e9duisante. Le corsage micro pliss\u00e9 ajoute une texture suppl\u00e9mentaire et cr\u00e9e un look unique qui se d\u00e9marque. La dentelle d\u00e9licate se poursuit tout au long de la robe, cr\u00e9ant un ensemble harmonieux \u00e0 la fois romantique et \u00e9l\u00e9gant. La jupe princesse est faite de tulle scintillant, ce qui donne \u00e0 la robe un l\u00e9ger \u00e9clat qui brille joliment \u00e0 la lumi\u00e8re. Cette robe est con\u00e7ue pour bouger gracieusement \u00e0 chaque pas, donnant \u00e0 la mari\u00e9e l'impression d'\u00eatre une v\u00e9ritable princesse. La robe de mari\u00e9e Amal est id\u00e9ale pour les mari\u00e9es qui veulent briller le jour de leur mariage et qui recherchent une robe classique avec une touche de modernit\u00e9.","og_url":"https:\/\/www.koonings.com\/fr\/product\/azuree-bridal-amal-426-0151\/","og_site_name":"Koonings","article_publisher":"https:\/\/www.facebook.com\/kooningstheweddingpalace","og_image":[{"width":1575,"height":2222,"url":"https:\/\/www.koonings.com\/wp-content\/uploads\/2025\/09\/51474_1ac4ec499e699bae18d8f9d01ebd217cfdb342369793bd9369dd033da8197b3b2d9d94b1.jpeg","type":"image\/jpeg"}],"twitter_card":"summary_large_image","twitter_misc":{"Dur\u00e9e de lecture estim\u00e9e":"1 minute"},"schema":{"@context":"https:\/\/schema.org","@graph":[{"@type":"WebPage","@id":"https:\/\/www.koonings.com\/fr\/product\/azuree-bridal-amal-426-0151\/","url":"https:\/\/www.koonings.com\/fr\/product\/azuree-bridal-amal-426-0151\/","name":"Azuree Bridal Amal 426.0151 | Koonings","isPartOf":{"@id":"https:\/\/www.koonings.com\/fr\/#website"},"primaryImageOfPage":{"@id":"https:\/\/www.koonings.com\/fr\/product\/azuree-bridal-amal-426-0151\/#primaryimage"},"image":{"@id":"https:\/\/www.koonings.com\/fr\/product\/azuree-bridal-amal-426-0151\/#primaryimage"},"thumbnailUrl":"https:\/\/www.koonings.com\/wp-content\/uploads\/2025\/09\/51474_1ac4ec499e699bae18d8f9d01ebd217cfdb342369793bd9369dd033da8197b3b2d9d94b1.jpeg","datePublished":"2026-05-06T13:40:42+00:00","description":"La robe de mari\u00e9e Amal est un v\u00e9ritable r\u00eave pour la mari\u00e9e qui recherche un look romantique et sophistiqu\u00e9. La robe pr\u00e9sente un d\u00e9collet\u00e9 en V profond qui cr\u00e9e une allure \u00e9l\u00e9gante et s\u00e9duisante. Le corsage micro pliss\u00e9 ajoute une texture suppl\u00e9mentaire et cr\u00e9e un look unique qui se d\u00e9marque. La dentelle d\u00e9licate se poursuit tout au long de la robe, cr\u00e9ant un ensemble harmonieux \u00e0 la fois romantique et \u00e9l\u00e9gant. La jupe princesse est faite de tulle scintillant, ce qui donne \u00e0 la robe un l\u00e9ger \u00e9clat qui brille joliment \u00e0 la lumi\u00e8re. Cette robe est con\u00e7ue pour bouger gracieusement \u00e0 chaque pas, donnant \u00e0 la mari\u00e9e l'impression d'\u00eatre une v\u00e9ritable princesse. La robe de mari\u00e9e Amal est id\u00e9ale pour les mari\u00e9es qui veulent briller le jour de leur mariage et qui recherchent une robe classique avec une touche de modernit\u00e9.","breadcrumb":{"@id":"https:\/\/www.koonings.com\/fr\/product\/azuree-bridal-amal-426-0151\/#breadcrumb"},"inLanguage":"fr-FR","potentialAction":[{"@type":"ReadAction","target":["https:\/\/www.koonings.com\/fr\/product\/azuree-bridal-amal-426-0151\/"]}]},{"@type":"ImageObject","inLanguage":"fr-FR","@id":"https:\/\/www.koonings.com\/fr\/product\/azuree-bridal-amal-426-0151\/#primaryimage","url":"https:\/\/www.koonings.com\/wp-content\/uploads\/2025\/09\/51474_1ac4ec499e699bae18d8f9d01ebd217cfdb342369793bd9369dd033da8197b3b2d9d94b1.jpeg","contentUrl":"https:\/\/www.koonings.com\/wp-content\/uploads\/2025\/09\/51474_1ac4ec499e699bae18d8f9d01ebd217cfdb342369793bd9369dd033da8197b3b2d9d94b1.jpeg","width":1575,"height":2222},{"@type":"BreadcrumbList","@id":"https:\/\/www.koonings.com\/fr\/product\/azuree-bridal-amal-426-0151\/#breadcrumb","itemListElement":[{"@type":"ListItem","position":1,"name":"Home","item":"https:\/\/www.koonings.com\/fr\/"},{"@type":"ListItem","position":2,"name":"Azuree Bridal Amal 426.0151"}]},{"@type":"WebSite","@id":"https:\/\/www.koonings.com\/fr\/#website","url":"https:\/\/www.koonings.com\/fr\/","name":"Koonings","description":"De grootste bruidsmodewinkel ter wereld","publisher":{"@id":"https:\/\/www.koonings.com\/fr\/#organization"},"potentialAction":[{"@type":"SearchAction","target":{"@type":"EntryPoint","urlTemplate":"https:\/\/www.koonings.com\/fr\/?s={search_term_string}"},"query-input":{"@type":"PropertyValueSpecification","valueRequired":true,"valueName":"search_term_string"}}],"inLanguage":"fr-FR"},{"@type":"Organization","@id":"https:\/\/www.koonings.com\/fr\/#organization","name":"Koonings","url":"https:\/\/www.koonings.com\/fr\/","logo":{"@type":"ImageObject","inLanguage":"fr-FR","@id":"https:\/\/www.koonings.com\/fr\/#\/schema\/logo\/image\/","url":"https:\/\/www.koonings.com\/wp-content\/uploads\/2024\/07\/logo.png","contentUrl":"https:\/\/www.koonings.com\/wp-content\/uploads\/2024\/07\/logo.png","width":600,"height":428,"caption":"Koonings"},"image":{"@id":"https:\/\/www.koonings.com\/fr\/#\/schema\/logo\/image\/"},"sameAs":["https:\/\/www.facebook.com\/kooningstheweddingpalace","https:\/\/www.instagram.com\/kooningstheweddingpalace","https:\/\/www.pinterest.com\/koonings","https:\/\/www.youtube.com\/kooningstheweddingpalace"]}]}},"_links":{"self":[{"href":"https:\/\/www.koonings.com\/fr\/wp-json\/wp\/v2\/product\/93733","targetHints":{"allow":["GET"]}}],"collection":[{"href":"https:\/\/www.koonings.com\/fr\/wp-json\/wp\/v2\/product"}],"about":[{"href":"https:\/\/www.koonings.com\/fr\/wp-json\/wp\/v2\/types\/product"}],"wp:featuredmedia":[{"embeddable":true,"href":"https:\/\/www.koonings.com\/fr\/wp-json\/wp\/v2\/media\/92402"}],"wp:attachment":[{"href":"https:\/\/www.koonings.com\/fr\/wp-json\/wp\/v2\/media?parent=93733"}],"wp:term":[{"taxonomy":"productdetails","embeddable":true,"href":"https:\/\/www.koonings.com\/fr\/wp-json\/wp\/v2\/productdetails?post=93733"},{"taxonomy":"productneck","embeddable":true,"href":"https:\/\/www.koonings.com\/fr\/wp-json\/wp\/v2\/productneck?post=93733"},{"taxonomy":"productcolor","embeddable":true,"href":"https:\/\/www.koonings.com\/fr\/wp-json\/wp\/v2\/productcolor?post=93733"},{"taxonomy":"maat","embeddable":true,"href":"https:\/\/www.koonings.com\/fr\/wp-json\/wp\/v2\/maat?post=93733"},{"taxonomy":"productsupplier","embeddable":true,"href":"https:\/\/www.koonings.com\/fr\/wp-json\/wp\/v2\/productsupplier?post=93733"},{"taxonomy":"productsleeve","embeddable":true,"href":"https:\/\/www.koonings.com\/fr\/wp-json\/wp\/v2\/productsleeve?post=93733"},{"taxonomy":"productcategory","embeddable":true,"href":"https:\/\/www.koonings.com\/fr\/wp-json\/wp\/v2\/productcategory?post=93733"},{"taxonomy":"productsilhouette","embeddable":true,"href":"https:\/\/www.koonings.com\/fr\/wp-json\/wp\/v2\/productsilhouette?post=93733"},{"taxonomy":"productstyle","embeddable":true,"href":"https:\/\/www.koonings.com\/fr\/wp-json\/wp\/v2\/productstyle?post=93733"}],"curies":[{"name":"wp","href":"https:\/\/api.w.org\/{rel}","templated":true}]}}