{"id":93729,"date":"2026-04-14T16:42:39","date_gmt":"2026-04-14T14:42:39","guid":{"rendered":"https:\/\/www.koonings.com\/product\/azuree-bridal-clover-526-0121\/"},"modified":"2026-02-17T12:13:18","modified_gmt":"2026-02-17T11:13:18","slug":"azuree-bridal-clover-526-0121","status":"publish","type":"product","link":"https:\/\/www.koonings.com\/fr\/product\/azuree-bridal-clover-526-0121\/","title":{"rendered":"Azuree Bridal Clover 526.0121"},"content":{"rendered":"<p>La robe de mari\u00e9e Clover d&#8217;Azuree Bridal est con\u00e7ue pour la mari\u00e9e moderne qui souhaite combiner le classique avec une touche d&#8217;avant-garde. La jupe en mousseline de soie ivoire et blanche tombe en panache jusqu&#8217;au sol, tandis que le corsage attire tous les regards avec ses appliques de dentelle noire qui contrastent gracieusement avec le fond clair. Le profond d\u00e9collet\u00e9 en c\u0153ur et les bretelles d\u00e9collet\u00e9es cr\u00e9ent une allure \u00e0 la fois romantique et s\u00e9duisante. Cette robe respire le caract\u00e8re, la f\u00e9minit\u00e9 et la confiance en soi. Elle est parfaite pour les mari\u00e9es qui recherchent une silhouette \u00e0 la pointe de la mode, sans pour autant renoncer \u00e0 l&#8217;\u00e9l\u00e9gance.   <\/p>\n","protected":false},"featured_media":92274,"template":"","meta":{"_acf_changed":false,"ghostkit_customizer_options":"","ghostkit_custom_css":"","ghostkit_custom_js_head":"","ghostkit_custom_js_foot":"","ghostkit_typography":""},"productdetails":[376],"productneck":[355],"productcolor":[394],"maat":[],"productsupplier":[533],"productsleeve":[359,363],"productcategory":[18],"productsilhouette":[384,389],"productstyle":[369,371,366],"class_list":["post-93729","product","type-product","status-publish","has-post-thumbnail","hentry","productdetails-376","productneck-355","productcolor-394","productsupplier-azuree-bridal","productsleeve-359","productsleeve-363","productcategory-trouwjurken","productsilhouette-384","productsilhouette-389","productstyle-369","productstyle-371","productstyle-366"],"acf":[],"yoast_head":"<!-- This site is optimized with the Yoast SEO plugin v27.3 - https:\/\/yoast.com\/product\/yoast-seo-wordpress\/ -->\n<title>Azuree Bridal Clover 526.0121 | Koonings<\/title>\n<meta name=\"description\" content=\"La robe de mari\u00e9e Clover d&#039;Azuree Bridal est con\u00e7ue pour la mari\u00e9e moderne qui souhaite combiner le classique avec une touche d&#039;avant-garde. La jupe en mousseline de soie ivoire et blanche tombe en panache jusqu&#039;au sol, tandis que le corsage attire tous les regards avec ses appliques de dentelle noire qui contrastent gracieusement avec le fond clair. Le profond d\u00e9collet\u00e9 en c\u0153ur et les bretelles d\u00e9collet\u00e9es cr\u00e9ent une allure \u00e0 la fois romantique et s\u00e9duisante. Cette robe respire le caract\u00e8re, la f\u00e9minit\u00e9 et la confiance en soi. Elle est parfaite pour les mari\u00e9es qui recherchent une silhouette \u00e0 la pointe de la mode, sans pour autant renoncer \u00e0 l&#039;\u00e9l\u00e9gance.\" \/>\n<meta name=\"robots\" content=\"index, follow, max-snippet:-1, max-image-preview:large, max-video-preview:-1\" \/>\n<link rel=\"canonical\" href=\"https:\/\/www.koonings.com\/fr\/product\/azuree-bridal-clover-526-0121\/\" \/>\n<meta property=\"og:locale\" content=\"fr_FR\" \/>\n<meta property=\"og:type\" content=\"article\" \/>\n<meta property=\"og:title\" content=\"Azuree Bridal Clover 526.0121 | Koonings\" \/>\n<meta property=\"og:description\" content=\"La robe de mari\u00e9e Clover d&#039;Azuree Bridal est con\u00e7ue pour la mari\u00e9e moderne qui souhaite combiner le classique avec une touche d&#039;avant-garde. La jupe en mousseline de soie ivoire et blanche tombe en panache jusqu&#039;au sol, tandis que le corsage attire tous les regards avec ses appliques de dentelle noire qui contrastent gracieusement avec le fond clair. Le profond d\u00e9collet\u00e9 en c\u0153ur et les bretelles d\u00e9collet\u00e9es cr\u00e9ent une allure \u00e0 la fois romantique et s\u00e9duisante. Cette robe respire le caract\u00e8re, la f\u00e9minit\u00e9 et la confiance en soi. Elle est parfaite pour les mari\u00e9es qui recherchent une silhouette \u00e0 la pointe de la mode, sans pour autant renoncer \u00e0 l&#039;\u00e9l\u00e9gance.\" \/>\n<meta property=\"og:url\" content=\"https:\/\/www.koonings.com\/fr\/product\/azuree-bridal-clover-526-0121\/\" \/>\n<meta property=\"og:site_name\" content=\"Koonings\" \/>\n<meta property=\"article:publisher\" content=\"https:\/\/www.facebook.com\/kooningstheweddingpalace\" \/>\n<meta property=\"og:image\" content=\"https:\/\/www.koonings.com\/wp-content\/uploads\/2025\/09\/51526_dcfb65a29063f2b012c3f0213e7d9ff3b646449470199c3d3dd4dc567d67c284899296c5.jpeg\" \/>\n\t<meta property=\"og:image:width\" content=\"1516\" \/>\n\t<meta property=\"og:image:height\" content=\"2377\" \/>\n\t<meta property=\"og:image:type\" content=\"image\/jpeg\" \/>\n<meta name=\"twitter:card\" content=\"summary_large_image\" \/>\n<meta name=\"twitter:label1\" content=\"Dur\u00e9e de lecture estim\u00e9e\" \/>\n\t<meta name=\"twitter:data1\" content=\"1 minute\" \/>\n<script type=\"application\/ld+json\" class=\"yoast-schema-graph\">{\"@context\":\"https:\\\/\\\/schema.org\",\"@graph\":[{\"@type\":\"WebPage\",\"@id\":\"https:\\\/\\\/www.koonings.com\\\/fr\\\/product\\\/azuree-bridal-clover-526-0121\\\/\",\"url\":\"https:\\\/\\\/www.koonings.com\\\/fr\\\/product\\\/azuree-bridal-clover-526-0121\\\/\",\"name\":\"Azuree Bridal Clover 526.0121 | Koonings\",\"isPartOf\":{\"@id\":\"https:\\\/\\\/www.koonings.com\\\/fr\\\/#website\"},\"primaryImageOfPage\":{\"@id\":\"https:\\\/\\\/www.koonings.com\\\/fr\\\/product\\\/azuree-bridal-clover-526-0121\\\/#primaryimage\"},\"image\":{\"@id\":\"https:\\\/\\\/www.koonings.com\\\/fr\\\/product\\\/azuree-bridal-clover-526-0121\\\/#primaryimage\"},\"thumbnailUrl\":\"https:\\\/\\\/www.koonings.com\\\/wp-content\\\/uploads\\\/2025\\\/09\\\/51526_dcfb65a29063f2b012c3f0213e7d9ff3b646449470199c3d3dd4dc567d67c284899296c5.jpeg\",\"datePublished\":\"2026-04-14T14:42:39+00:00\",\"description\":\"La robe de mari\u00e9e Clover d'Azuree Bridal est con\u00e7ue pour la mari\u00e9e moderne qui souhaite combiner le classique avec une touche d'avant-garde. La jupe en mousseline de soie ivoire et blanche tombe en panache jusqu'au sol, tandis que le corsage attire tous les regards avec ses appliques de dentelle noire qui contrastent gracieusement avec le fond clair. Le profond d\u00e9collet\u00e9 en c\u0153ur et les bretelles d\u00e9collet\u00e9es cr\u00e9ent une allure \u00e0 la fois romantique et s\u00e9duisante. Cette robe respire le caract\u00e8re, la f\u00e9minit\u00e9 et la confiance en soi. Elle est parfaite pour les mari\u00e9es qui recherchent une silhouette \u00e0 la pointe de la mode, sans pour autant renoncer \u00e0 l'\u00e9l\u00e9gance.\",\"breadcrumb\":{\"@id\":\"https:\\\/\\\/www.koonings.com\\\/fr\\\/product\\\/azuree-bridal-clover-526-0121\\\/#breadcrumb\"},\"inLanguage\":\"fr-FR\",\"potentialAction\":[{\"@type\":\"ReadAction\",\"target\":[\"https:\\\/\\\/www.koonings.com\\\/fr\\\/product\\\/azuree-bridal-clover-526-0121\\\/\"]}]},{\"@type\":\"ImageObject\",\"inLanguage\":\"fr-FR\",\"@id\":\"https:\\\/\\\/www.koonings.com\\\/fr\\\/product\\\/azuree-bridal-clover-526-0121\\\/#primaryimage\",\"url\":\"https:\\\/\\\/www.koonings.com\\\/wp-content\\\/uploads\\\/2025\\\/09\\\/51526_dcfb65a29063f2b012c3f0213e7d9ff3b646449470199c3d3dd4dc567d67c284899296c5.jpeg\",\"contentUrl\":\"https:\\\/\\\/www.koonings.com\\\/wp-content\\\/uploads\\\/2025\\\/09\\\/51526_dcfb65a29063f2b012c3f0213e7d9ff3b646449470199c3d3dd4dc567d67c284899296c5.jpeg\",\"width\":1516,\"height\":2377},{\"@type\":\"BreadcrumbList\",\"@id\":\"https:\\\/\\\/www.koonings.com\\\/fr\\\/product\\\/azuree-bridal-clover-526-0121\\\/#breadcrumb\",\"itemListElement\":[{\"@type\":\"ListItem\",\"position\":1,\"name\":\"Home\",\"item\":\"https:\\\/\\\/www.koonings.com\\\/fr\\\/\"},{\"@type\":\"ListItem\",\"position\":2,\"name\":\"Azuree Bridal Clover 526.0121\"}]},{\"@type\":\"WebSite\",\"@id\":\"https:\\\/\\\/www.koonings.com\\\/fr\\\/#website\",\"url\":\"https:\\\/\\\/www.koonings.com\\\/fr\\\/\",\"name\":\"Koonings\",\"description\":\"De grootste bruidsmodewinkel ter wereld\",\"publisher\":{\"@id\":\"https:\\\/\\\/www.koonings.com\\\/fr\\\/#organization\"},\"potentialAction\":[{\"@type\":\"SearchAction\",\"target\":{\"@type\":\"EntryPoint\",\"urlTemplate\":\"https:\\\/\\\/www.koonings.com\\\/fr\\\/?s={search_term_string}\"},\"query-input\":{\"@type\":\"PropertyValueSpecification\",\"valueRequired\":true,\"valueName\":\"search_term_string\"}}],\"inLanguage\":\"fr-FR\"},{\"@type\":\"Organization\",\"@id\":\"https:\\\/\\\/www.koonings.com\\\/fr\\\/#organization\",\"name\":\"Koonings\",\"url\":\"https:\\\/\\\/www.koonings.com\\\/fr\\\/\",\"logo\":{\"@type\":\"ImageObject\",\"inLanguage\":\"fr-FR\",\"@id\":\"https:\\\/\\\/www.koonings.com\\\/fr\\\/#\\\/schema\\\/logo\\\/image\\\/\",\"url\":\"https:\\\/\\\/www.koonings.com\\\/wp-content\\\/uploads\\\/2024\\\/07\\\/logo.png\",\"contentUrl\":\"https:\\\/\\\/www.koonings.com\\\/wp-content\\\/uploads\\\/2024\\\/07\\\/logo.png\",\"width\":600,\"height\":428,\"caption\":\"Koonings\"},\"image\":{\"@id\":\"https:\\\/\\\/www.koonings.com\\\/fr\\\/#\\\/schema\\\/logo\\\/image\\\/\"},\"sameAs\":[\"https:\\\/\\\/www.facebook.com\\\/kooningstheweddingpalace\",\"https:\\\/\\\/www.instagram.com\\\/kooningstheweddingpalace\",\"https:\\\/\\\/www.pinterest.com\\\/koonings\",\"https:\\\/\\\/www.youtube.com\\\/kooningstheweddingpalace\"]}]}<\/script>\n<!-- \/ Yoast SEO plugin. -->","yoast_head_json":{"title":"Azuree Bridal Clover 526.0121 | Koonings","description":"La robe de mari\u00e9e Clover d'Azuree Bridal est con\u00e7ue pour la mari\u00e9e moderne qui souhaite combiner le classique avec une touche d'avant-garde. La jupe en mousseline de soie ivoire et blanche tombe en panache jusqu'au sol, tandis que le corsage attire tous les regards avec ses appliques de dentelle noire qui contrastent gracieusement avec le fond clair. Le profond d\u00e9collet\u00e9 en c\u0153ur et les bretelles d\u00e9collet\u00e9es cr\u00e9ent une allure \u00e0 la fois romantique et s\u00e9duisante. Cette robe respire le caract\u00e8re, la f\u00e9minit\u00e9 et la confiance en soi. Elle est parfaite pour les mari\u00e9es qui recherchent une silhouette \u00e0 la pointe de la mode, sans pour autant renoncer \u00e0 l'\u00e9l\u00e9gance.","robots":{"index":"index","follow":"follow","max-snippet":"max-snippet:-1","max-image-preview":"max-image-preview:large","max-video-preview":"max-video-preview:-1"},"canonical":"https:\/\/www.koonings.com\/fr\/product\/azuree-bridal-clover-526-0121\/","og_locale":"fr_FR","og_type":"article","og_title":"Azuree Bridal Clover 526.0121 | Koonings","og_description":"La robe de mari\u00e9e Clover d'Azuree Bridal est con\u00e7ue pour la mari\u00e9e moderne qui souhaite combiner le classique avec une touche d'avant-garde. La jupe en mousseline de soie ivoire et blanche tombe en panache jusqu'au sol, tandis que le corsage attire tous les regards avec ses appliques de dentelle noire qui contrastent gracieusement avec le fond clair. Le profond d\u00e9collet\u00e9 en c\u0153ur et les bretelles d\u00e9collet\u00e9es cr\u00e9ent une allure \u00e0 la fois romantique et s\u00e9duisante. Cette robe respire le caract\u00e8re, la f\u00e9minit\u00e9 et la confiance en soi. Elle est parfaite pour les mari\u00e9es qui recherchent une silhouette \u00e0 la pointe de la mode, sans pour autant renoncer \u00e0 l'\u00e9l\u00e9gance.","og_url":"https:\/\/www.koonings.com\/fr\/product\/azuree-bridal-clover-526-0121\/","og_site_name":"Koonings","article_publisher":"https:\/\/www.facebook.com\/kooningstheweddingpalace","og_image":[{"width":1516,"height":2377,"url":"https:\/\/www.koonings.com\/wp-content\/uploads\/2025\/09\/51526_dcfb65a29063f2b012c3f0213e7d9ff3b646449470199c3d3dd4dc567d67c284899296c5.jpeg","type":"image\/jpeg"}],"twitter_card":"summary_large_image","twitter_misc":{"Dur\u00e9e de lecture estim\u00e9e":"1 minute"},"schema":{"@context":"https:\/\/schema.org","@graph":[{"@type":"WebPage","@id":"https:\/\/www.koonings.com\/fr\/product\/azuree-bridal-clover-526-0121\/","url":"https:\/\/www.koonings.com\/fr\/product\/azuree-bridal-clover-526-0121\/","name":"Azuree Bridal Clover 526.0121 | Koonings","isPartOf":{"@id":"https:\/\/www.koonings.com\/fr\/#website"},"primaryImageOfPage":{"@id":"https:\/\/www.koonings.com\/fr\/product\/azuree-bridal-clover-526-0121\/#primaryimage"},"image":{"@id":"https:\/\/www.koonings.com\/fr\/product\/azuree-bridal-clover-526-0121\/#primaryimage"},"thumbnailUrl":"https:\/\/www.koonings.com\/wp-content\/uploads\/2025\/09\/51526_dcfb65a29063f2b012c3f0213e7d9ff3b646449470199c3d3dd4dc567d67c284899296c5.jpeg","datePublished":"2026-04-14T14:42:39+00:00","description":"La robe de mari\u00e9e Clover d'Azuree Bridal est con\u00e7ue pour la mari\u00e9e moderne qui souhaite combiner le classique avec une touche d'avant-garde. La jupe en mousseline de soie ivoire et blanche tombe en panache jusqu'au sol, tandis que le corsage attire tous les regards avec ses appliques de dentelle noire qui contrastent gracieusement avec le fond clair. Le profond d\u00e9collet\u00e9 en c\u0153ur et les bretelles d\u00e9collet\u00e9es cr\u00e9ent une allure \u00e0 la fois romantique et s\u00e9duisante. Cette robe respire le caract\u00e8re, la f\u00e9minit\u00e9 et la confiance en soi. Elle est parfaite pour les mari\u00e9es qui recherchent une silhouette \u00e0 la pointe de la mode, sans pour autant renoncer \u00e0 l'\u00e9l\u00e9gance.","breadcrumb":{"@id":"https:\/\/www.koonings.com\/fr\/product\/azuree-bridal-clover-526-0121\/#breadcrumb"},"inLanguage":"fr-FR","potentialAction":[{"@type":"ReadAction","target":["https:\/\/www.koonings.com\/fr\/product\/azuree-bridal-clover-526-0121\/"]}]},{"@type":"ImageObject","inLanguage":"fr-FR","@id":"https:\/\/www.koonings.com\/fr\/product\/azuree-bridal-clover-526-0121\/#primaryimage","url":"https:\/\/www.koonings.com\/wp-content\/uploads\/2025\/09\/51526_dcfb65a29063f2b012c3f0213e7d9ff3b646449470199c3d3dd4dc567d67c284899296c5.jpeg","contentUrl":"https:\/\/www.koonings.com\/wp-content\/uploads\/2025\/09\/51526_dcfb65a29063f2b012c3f0213e7d9ff3b646449470199c3d3dd4dc567d67c284899296c5.jpeg","width":1516,"height":2377},{"@type":"BreadcrumbList","@id":"https:\/\/www.koonings.com\/fr\/product\/azuree-bridal-clover-526-0121\/#breadcrumb","itemListElement":[{"@type":"ListItem","position":1,"name":"Home","item":"https:\/\/www.koonings.com\/fr\/"},{"@type":"ListItem","position":2,"name":"Azuree Bridal Clover 526.0121"}]},{"@type":"WebSite","@id":"https:\/\/www.koonings.com\/fr\/#website","url":"https:\/\/www.koonings.com\/fr\/","name":"Koonings","description":"De grootste bruidsmodewinkel ter wereld","publisher":{"@id":"https:\/\/www.koonings.com\/fr\/#organization"},"potentialAction":[{"@type":"SearchAction","target":{"@type":"EntryPoint","urlTemplate":"https:\/\/www.koonings.com\/fr\/?s={search_term_string}"},"query-input":{"@type":"PropertyValueSpecification","valueRequired":true,"valueName":"search_term_string"}}],"inLanguage":"fr-FR"},{"@type":"Organization","@id":"https:\/\/www.koonings.com\/fr\/#organization","name":"Koonings","url":"https:\/\/www.koonings.com\/fr\/","logo":{"@type":"ImageObject","inLanguage":"fr-FR","@id":"https:\/\/www.koonings.com\/fr\/#\/schema\/logo\/image\/","url":"https:\/\/www.koonings.com\/wp-content\/uploads\/2024\/07\/logo.png","contentUrl":"https:\/\/www.koonings.com\/wp-content\/uploads\/2024\/07\/logo.png","width":600,"height":428,"caption":"Koonings"},"image":{"@id":"https:\/\/www.koonings.com\/fr\/#\/schema\/logo\/image\/"},"sameAs":["https:\/\/www.facebook.com\/kooningstheweddingpalace","https:\/\/www.instagram.com\/kooningstheweddingpalace","https:\/\/www.pinterest.com\/koonings","https:\/\/www.youtube.com\/kooningstheweddingpalace"]}]}},"_links":{"self":[{"href":"https:\/\/www.koonings.com\/fr\/wp-json\/wp\/v2\/product\/93729","targetHints":{"allow":["GET"]}}],"collection":[{"href":"https:\/\/www.koonings.com\/fr\/wp-json\/wp\/v2\/product"}],"about":[{"href":"https:\/\/www.koonings.com\/fr\/wp-json\/wp\/v2\/types\/product"}],"wp:featuredmedia":[{"embeddable":true,"href":"https:\/\/www.koonings.com\/fr\/wp-json\/wp\/v2\/media\/92274"}],"wp:attachment":[{"href":"https:\/\/www.koonings.com\/fr\/wp-json\/wp\/v2\/media?parent=93729"}],"wp:term":[{"taxonomy":"productdetails","embeddable":true,"href":"https:\/\/www.koonings.com\/fr\/wp-json\/wp\/v2\/productdetails?post=93729"},{"taxonomy":"productneck","embeddable":true,"href":"https:\/\/www.koonings.com\/fr\/wp-json\/wp\/v2\/productneck?post=93729"},{"taxonomy":"productcolor","embeddable":true,"href":"https:\/\/www.koonings.com\/fr\/wp-json\/wp\/v2\/productcolor?post=93729"},{"taxonomy":"maat","embeddable":true,"href":"https:\/\/www.koonings.com\/fr\/wp-json\/wp\/v2\/maat?post=93729"},{"taxonomy":"productsupplier","embeddable":true,"href":"https:\/\/www.koonings.com\/fr\/wp-json\/wp\/v2\/productsupplier?post=93729"},{"taxonomy":"productsleeve","embeddable":true,"href":"https:\/\/www.koonings.com\/fr\/wp-json\/wp\/v2\/productsleeve?post=93729"},{"taxonomy":"productcategory","embeddable":true,"href":"https:\/\/www.koonings.com\/fr\/wp-json\/wp\/v2\/productcategory?post=93729"},{"taxonomy":"productsilhouette","embeddable":true,"href":"https:\/\/www.koonings.com\/fr\/wp-json\/wp\/v2\/productsilhouette?post=93729"},{"taxonomy":"productstyle","embeddable":true,"href":"https:\/\/www.koonings.com\/fr\/wp-json\/wp\/v2\/productstyle?post=93729"}],"curies":[{"name":"wp","href":"https:\/\/api.w.org\/{rel}","templated":true}]}}