{"id":93723,"date":"2026-05-01T15:00:57","date_gmt":"2026-05-01T13:00:57","guid":{"rendered":"https:\/\/www.koonings.com\/product\/azuree-bridal-aleida-426-0101\/"},"modified":"2026-02-17T12:55:19","modified_gmt":"2026-02-17T11:55:19","slug":"azuree-bridal-aleida-426-0101","status":"publish","type":"product","link":"https:\/\/www.koonings.com\/fr\/product\/azuree-bridal-aleida-426-0101\/","title":{"rendered":"Azuree Bridal Aleida 426.0101"},"content":{"rendered":"<p>La robe de mari\u00e9e Aleida est un r\u00eave pour toute mari\u00e9e qui aime une touche de glamour le jour de son mariage. La robe est dot\u00e9e d&#8217;un ravissant d\u00e9collet\u00e9 en forme de c\u0153ur magnifiquement orn\u00e9 de perles, ce qui ajoute un \u00e9clat subtil \u00e0 l&#8217;ensemble. Le corsage assure un ajustement parfait et souligne \u00e9l\u00e9gamment la taille de la mari\u00e9e. Les appliques de dentelle d\u00e9taill\u00e9es sur le corsage conf\u00e8rent \u00e0 la robe une allure sophistiqu\u00e9e et romantique. La jupe en tulle \u00e9tincelant avec une fente ajoute une touche ludique et moderne, rendant la robe \u00e0 la fois \u00e9l\u00e9gante et s\u00e9duisante. La jupe fluide permet \u00e0 la mari\u00e9e de bouger sans effort, ce qui est id\u00e9al pour danser et se promener le jour J. La robe Aleida est parfaite pour les mari\u00e9es modernes qui recherchent une combinaison d&#8217;\u00e9l\u00e9gance classique et de glamour.      <\/p>\n","protected":false},"featured_media":92350,"template":"","meta":{"_acf_changed":false,"ghostkit_customizer_options":"","ghostkit_custom_css":"","ghostkit_custom_js_head":"","ghostkit_custom_js_foot":"","ghostkit_typography":""},"productdetails":[377,376,378,381],"productneck":[354,355],"productcolor":[393,392],"maat":[],"productsupplier":[533],"productsleeve":[],"productcategory":[18],"productsilhouette":[384],"productstyle":[369,371,366,370],"class_list":["post-93723","product","type-product","status-publish","has-post-thumbnail","hentry","productdetails-377","productdetails-376","productdetails-378","productdetails-381","productneck-354","productneck-355","productcolor-393","productcolor-392","productsupplier-azuree-bridal","productcategory-trouwjurken","productsilhouette-384","productstyle-369","productstyle-371","productstyle-366","productstyle-370"],"acf":[],"yoast_head":"<!-- This site is optimized with the Yoast SEO plugin v27.3 - https:\/\/yoast.com\/product\/yoast-seo-wordpress\/ -->\n<title>Azuree Bridal Aleida 426.0101 | Koonings<\/title>\n<meta name=\"description\" content=\"La robe de mari\u00e9e Aleida est un r\u00eave pour toute mari\u00e9e qui aime une touche de glamour le jour de son mariage. La robe est dot\u00e9e d&#039;un ravissant d\u00e9collet\u00e9 en forme de c\u0153ur magnifiquement orn\u00e9 de perles, ce qui ajoute un \u00e9clat subtil \u00e0 l&#039;ensemble. Le corsage assure un ajustement parfait et souligne \u00e9l\u00e9gamment la taille de la mari\u00e9e. Les appliques de dentelle d\u00e9taill\u00e9es sur le corsage conf\u00e8rent \u00e0 la robe une allure sophistiqu\u00e9e et romantique. La jupe en tulle \u00e9tincelant avec une fente ajoute une touche ludique et moderne, rendant la robe \u00e0 la fois \u00e9l\u00e9gante et s\u00e9duisante. La jupe fluide permet \u00e0 la mari\u00e9e de bouger sans effort, ce qui est id\u00e9al pour danser et se promener le jour J. La robe Aleida est parfaite pour les mari\u00e9es modernes qui recherchent une combinaison d&#039;\u00e9l\u00e9gance classique et de glamour.\" \/>\n<meta name=\"robots\" content=\"index, follow, max-snippet:-1, max-image-preview:large, max-video-preview:-1\" \/>\n<link rel=\"canonical\" href=\"https:\/\/www.koonings.com\/fr\/product\/azuree-bridal-aleida-426-0101\/\" \/>\n<meta property=\"og:locale\" content=\"fr_FR\" \/>\n<meta property=\"og:type\" content=\"article\" \/>\n<meta property=\"og:title\" content=\"Azuree Bridal Aleida 426.0101 | Koonings\" \/>\n<meta property=\"og:description\" content=\"La robe de mari\u00e9e Aleida est un r\u00eave pour toute mari\u00e9e qui aime une touche de glamour le jour de son mariage. La robe est dot\u00e9e d&#039;un ravissant d\u00e9collet\u00e9 en forme de c\u0153ur magnifiquement orn\u00e9 de perles, ce qui ajoute un \u00e9clat subtil \u00e0 l&#039;ensemble. Le corsage assure un ajustement parfait et souligne \u00e9l\u00e9gamment la taille de la mari\u00e9e. Les appliques de dentelle d\u00e9taill\u00e9es sur le corsage conf\u00e8rent \u00e0 la robe une allure sophistiqu\u00e9e et romantique. La jupe en tulle \u00e9tincelant avec une fente ajoute une touche ludique et moderne, rendant la robe \u00e0 la fois \u00e9l\u00e9gante et s\u00e9duisante. La jupe fluide permet \u00e0 la mari\u00e9e de bouger sans effort, ce qui est id\u00e9al pour danser et se promener le jour J. La robe Aleida est parfaite pour les mari\u00e9es modernes qui recherchent une combinaison d&#039;\u00e9l\u00e9gance classique et de glamour.\" \/>\n<meta property=\"og:url\" content=\"https:\/\/www.koonings.com\/fr\/product\/azuree-bridal-aleida-426-0101\/\" \/>\n<meta property=\"og:site_name\" content=\"Koonings\" \/>\n<meta property=\"article:publisher\" content=\"https:\/\/www.facebook.com\/kooningstheweddingpalace\" \/>\n<meta property=\"og:image\" content=\"https:\/\/www.koonings.com\/wp-content\/uploads\/2025\/09\/51468_9e811af3b8c429dc419a317f09e45175637529364a4bfd25e25b1ecbe57a6c263352ff73.jpeg\" \/>\n\t<meta property=\"og:image:width\" content=\"1583\" \/>\n\t<meta property=\"og:image:height\" content=\"2236\" \/>\n\t<meta property=\"og:image:type\" content=\"image\/jpeg\" \/>\n<meta name=\"twitter:card\" content=\"summary_large_image\" \/>\n<meta name=\"twitter:label1\" content=\"Dur\u00e9e de lecture estim\u00e9e\" \/>\n\t<meta name=\"twitter:data1\" content=\"1 minute\" \/>\n<script type=\"application\/ld+json\" class=\"yoast-schema-graph\">{\"@context\":\"https:\\\/\\\/schema.org\",\"@graph\":[{\"@type\":\"WebPage\",\"@id\":\"https:\\\/\\\/www.koonings.com\\\/fr\\\/product\\\/azuree-bridal-aleida-426-0101\\\/\",\"url\":\"https:\\\/\\\/www.koonings.com\\\/fr\\\/product\\\/azuree-bridal-aleida-426-0101\\\/\",\"name\":\"Azuree Bridal Aleida 426.0101 | Koonings\",\"isPartOf\":{\"@id\":\"https:\\\/\\\/www.koonings.com\\\/fr\\\/#website\"},\"primaryImageOfPage\":{\"@id\":\"https:\\\/\\\/www.koonings.com\\\/fr\\\/product\\\/azuree-bridal-aleida-426-0101\\\/#primaryimage\"},\"image\":{\"@id\":\"https:\\\/\\\/www.koonings.com\\\/fr\\\/product\\\/azuree-bridal-aleida-426-0101\\\/#primaryimage\"},\"thumbnailUrl\":\"https:\\\/\\\/www.koonings.com\\\/wp-content\\\/uploads\\\/2025\\\/09\\\/51468_9e811af3b8c429dc419a317f09e45175637529364a4bfd25e25b1ecbe57a6c263352ff73.jpeg\",\"datePublished\":\"2026-05-01T13:00:57+00:00\",\"description\":\"La robe de mari\u00e9e Aleida est un r\u00eave pour toute mari\u00e9e qui aime une touche de glamour le jour de son mariage. La robe est dot\u00e9e d'un ravissant d\u00e9collet\u00e9 en forme de c\u0153ur magnifiquement orn\u00e9 de perles, ce qui ajoute un \u00e9clat subtil \u00e0 l'ensemble. Le corsage assure un ajustement parfait et souligne \u00e9l\u00e9gamment la taille de la mari\u00e9e. Les appliques de dentelle d\u00e9taill\u00e9es sur le corsage conf\u00e8rent \u00e0 la robe une allure sophistiqu\u00e9e et romantique. La jupe en tulle \u00e9tincelant avec une fente ajoute une touche ludique et moderne, rendant la robe \u00e0 la fois \u00e9l\u00e9gante et s\u00e9duisante. La jupe fluide permet \u00e0 la mari\u00e9e de bouger sans effort, ce qui est id\u00e9al pour danser et se promener le jour J. La robe Aleida est parfaite pour les mari\u00e9es modernes qui recherchent une combinaison d'\u00e9l\u00e9gance classique et de glamour.\",\"breadcrumb\":{\"@id\":\"https:\\\/\\\/www.koonings.com\\\/fr\\\/product\\\/azuree-bridal-aleida-426-0101\\\/#breadcrumb\"},\"inLanguage\":\"fr-FR\",\"potentialAction\":[{\"@type\":\"ReadAction\",\"target\":[\"https:\\\/\\\/www.koonings.com\\\/fr\\\/product\\\/azuree-bridal-aleida-426-0101\\\/\"]}]},{\"@type\":\"ImageObject\",\"inLanguage\":\"fr-FR\",\"@id\":\"https:\\\/\\\/www.koonings.com\\\/fr\\\/product\\\/azuree-bridal-aleida-426-0101\\\/#primaryimage\",\"url\":\"https:\\\/\\\/www.koonings.com\\\/wp-content\\\/uploads\\\/2025\\\/09\\\/51468_9e811af3b8c429dc419a317f09e45175637529364a4bfd25e25b1ecbe57a6c263352ff73.jpeg\",\"contentUrl\":\"https:\\\/\\\/www.koonings.com\\\/wp-content\\\/uploads\\\/2025\\\/09\\\/51468_9e811af3b8c429dc419a317f09e45175637529364a4bfd25e25b1ecbe57a6c263352ff73.jpeg\",\"width\":1583,\"height\":2236},{\"@type\":\"BreadcrumbList\",\"@id\":\"https:\\\/\\\/www.koonings.com\\\/fr\\\/product\\\/azuree-bridal-aleida-426-0101\\\/#breadcrumb\",\"itemListElement\":[{\"@type\":\"ListItem\",\"position\":1,\"name\":\"Home\",\"item\":\"https:\\\/\\\/www.koonings.com\\\/fr\\\/\"},{\"@type\":\"ListItem\",\"position\":2,\"name\":\"Azuree Bridal Aleida 426.0101\"}]},{\"@type\":\"WebSite\",\"@id\":\"https:\\\/\\\/www.koonings.com\\\/fr\\\/#website\",\"url\":\"https:\\\/\\\/www.koonings.com\\\/fr\\\/\",\"name\":\"Koonings\",\"description\":\"De grootste bruidsmodewinkel ter wereld\",\"publisher\":{\"@id\":\"https:\\\/\\\/www.koonings.com\\\/fr\\\/#organization\"},\"potentialAction\":[{\"@type\":\"SearchAction\",\"target\":{\"@type\":\"EntryPoint\",\"urlTemplate\":\"https:\\\/\\\/www.koonings.com\\\/fr\\\/?s={search_term_string}\"},\"query-input\":{\"@type\":\"PropertyValueSpecification\",\"valueRequired\":true,\"valueName\":\"search_term_string\"}}],\"inLanguage\":\"fr-FR\"},{\"@type\":\"Organization\",\"@id\":\"https:\\\/\\\/www.koonings.com\\\/fr\\\/#organization\",\"name\":\"Koonings\",\"url\":\"https:\\\/\\\/www.koonings.com\\\/fr\\\/\",\"logo\":{\"@type\":\"ImageObject\",\"inLanguage\":\"fr-FR\",\"@id\":\"https:\\\/\\\/www.koonings.com\\\/fr\\\/#\\\/schema\\\/logo\\\/image\\\/\",\"url\":\"https:\\\/\\\/www.koonings.com\\\/wp-content\\\/uploads\\\/2024\\\/07\\\/logo.png\",\"contentUrl\":\"https:\\\/\\\/www.koonings.com\\\/wp-content\\\/uploads\\\/2024\\\/07\\\/logo.png\",\"width\":600,\"height\":428,\"caption\":\"Koonings\"},\"image\":{\"@id\":\"https:\\\/\\\/www.koonings.com\\\/fr\\\/#\\\/schema\\\/logo\\\/image\\\/\"},\"sameAs\":[\"https:\\\/\\\/www.facebook.com\\\/kooningstheweddingpalace\",\"https:\\\/\\\/www.instagram.com\\\/kooningstheweddingpalace\",\"https:\\\/\\\/www.pinterest.com\\\/koonings\",\"https:\\\/\\\/www.youtube.com\\\/kooningstheweddingpalace\"]}]}<\/script>\n<!-- \/ Yoast SEO plugin. -->","yoast_head_json":{"title":"Azuree Bridal Aleida 426.0101 | Koonings","description":"La robe de mari\u00e9e Aleida est un r\u00eave pour toute mari\u00e9e qui aime une touche de glamour le jour de son mariage. La robe est dot\u00e9e d'un ravissant d\u00e9collet\u00e9 en forme de c\u0153ur magnifiquement orn\u00e9 de perles, ce qui ajoute un \u00e9clat subtil \u00e0 l'ensemble. Le corsage assure un ajustement parfait et souligne \u00e9l\u00e9gamment la taille de la mari\u00e9e. Les appliques de dentelle d\u00e9taill\u00e9es sur le corsage conf\u00e8rent \u00e0 la robe une allure sophistiqu\u00e9e et romantique. La jupe en tulle \u00e9tincelant avec une fente ajoute une touche ludique et moderne, rendant la robe \u00e0 la fois \u00e9l\u00e9gante et s\u00e9duisante. La jupe fluide permet \u00e0 la mari\u00e9e de bouger sans effort, ce qui est id\u00e9al pour danser et se promener le jour J. La robe Aleida est parfaite pour les mari\u00e9es modernes qui recherchent une combinaison d'\u00e9l\u00e9gance classique et de glamour.","robots":{"index":"index","follow":"follow","max-snippet":"max-snippet:-1","max-image-preview":"max-image-preview:large","max-video-preview":"max-video-preview:-1"},"canonical":"https:\/\/www.koonings.com\/fr\/product\/azuree-bridal-aleida-426-0101\/","og_locale":"fr_FR","og_type":"article","og_title":"Azuree Bridal Aleida 426.0101 | Koonings","og_description":"La robe de mari\u00e9e Aleida est un r\u00eave pour toute mari\u00e9e qui aime une touche de glamour le jour de son mariage. La robe est dot\u00e9e d'un ravissant d\u00e9collet\u00e9 en forme de c\u0153ur magnifiquement orn\u00e9 de perles, ce qui ajoute un \u00e9clat subtil \u00e0 l'ensemble. Le corsage assure un ajustement parfait et souligne \u00e9l\u00e9gamment la taille de la mari\u00e9e. Les appliques de dentelle d\u00e9taill\u00e9es sur le corsage conf\u00e8rent \u00e0 la robe une allure sophistiqu\u00e9e et romantique. La jupe en tulle \u00e9tincelant avec une fente ajoute une touche ludique et moderne, rendant la robe \u00e0 la fois \u00e9l\u00e9gante et s\u00e9duisante. La jupe fluide permet \u00e0 la mari\u00e9e de bouger sans effort, ce qui est id\u00e9al pour danser et se promener le jour J. La robe Aleida est parfaite pour les mari\u00e9es modernes qui recherchent une combinaison d'\u00e9l\u00e9gance classique et de glamour.","og_url":"https:\/\/www.koonings.com\/fr\/product\/azuree-bridal-aleida-426-0101\/","og_site_name":"Koonings","article_publisher":"https:\/\/www.facebook.com\/kooningstheweddingpalace","og_image":[{"width":1583,"height":2236,"url":"https:\/\/www.koonings.com\/wp-content\/uploads\/2025\/09\/51468_9e811af3b8c429dc419a317f09e45175637529364a4bfd25e25b1ecbe57a6c263352ff73.jpeg","type":"image\/jpeg"}],"twitter_card":"summary_large_image","twitter_misc":{"Dur\u00e9e de lecture estim\u00e9e":"1 minute"},"schema":{"@context":"https:\/\/schema.org","@graph":[{"@type":"WebPage","@id":"https:\/\/www.koonings.com\/fr\/product\/azuree-bridal-aleida-426-0101\/","url":"https:\/\/www.koonings.com\/fr\/product\/azuree-bridal-aleida-426-0101\/","name":"Azuree Bridal Aleida 426.0101 | Koonings","isPartOf":{"@id":"https:\/\/www.koonings.com\/fr\/#website"},"primaryImageOfPage":{"@id":"https:\/\/www.koonings.com\/fr\/product\/azuree-bridal-aleida-426-0101\/#primaryimage"},"image":{"@id":"https:\/\/www.koonings.com\/fr\/product\/azuree-bridal-aleida-426-0101\/#primaryimage"},"thumbnailUrl":"https:\/\/www.koonings.com\/wp-content\/uploads\/2025\/09\/51468_9e811af3b8c429dc419a317f09e45175637529364a4bfd25e25b1ecbe57a6c263352ff73.jpeg","datePublished":"2026-05-01T13:00:57+00:00","description":"La robe de mari\u00e9e Aleida est un r\u00eave pour toute mari\u00e9e qui aime une touche de glamour le jour de son mariage. La robe est dot\u00e9e d'un ravissant d\u00e9collet\u00e9 en forme de c\u0153ur magnifiquement orn\u00e9 de perles, ce qui ajoute un \u00e9clat subtil \u00e0 l'ensemble. Le corsage assure un ajustement parfait et souligne \u00e9l\u00e9gamment la taille de la mari\u00e9e. Les appliques de dentelle d\u00e9taill\u00e9es sur le corsage conf\u00e8rent \u00e0 la robe une allure sophistiqu\u00e9e et romantique. La jupe en tulle \u00e9tincelant avec une fente ajoute une touche ludique et moderne, rendant la robe \u00e0 la fois \u00e9l\u00e9gante et s\u00e9duisante. La jupe fluide permet \u00e0 la mari\u00e9e de bouger sans effort, ce qui est id\u00e9al pour danser et se promener le jour J. La robe Aleida est parfaite pour les mari\u00e9es modernes qui recherchent une combinaison d'\u00e9l\u00e9gance classique et de glamour.","breadcrumb":{"@id":"https:\/\/www.koonings.com\/fr\/product\/azuree-bridal-aleida-426-0101\/#breadcrumb"},"inLanguage":"fr-FR","potentialAction":[{"@type":"ReadAction","target":["https:\/\/www.koonings.com\/fr\/product\/azuree-bridal-aleida-426-0101\/"]}]},{"@type":"ImageObject","inLanguage":"fr-FR","@id":"https:\/\/www.koonings.com\/fr\/product\/azuree-bridal-aleida-426-0101\/#primaryimage","url":"https:\/\/www.koonings.com\/wp-content\/uploads\/2025\/09\/51468_9e811af3b8c429dc419a317f09e45175637529364a4bfd25e25b1ecbe57a6c263352ff73.jpeg","contentUrl":"https:\/\/www.koonings.com\/wp-content\/uploads\/2025\/09\/51468_9e811af3b8c429dc419a317f09e45175637529364a4bfd25e25b1ecbe57a6c263352ff73.jpeg","width":1583,"height":2236},{"@type":"BreadcrumbList","@id":"https:\/\/www.koonings.com\/fr\/product\/azuree-bridal-aleida-426-0101\/#breadcrumb","itemListElement":[{"@type":"ListItem","position":1,"name":"Home","item":"https:\/\/www.koonings.com\/fr\/"},{"@type":"ListItem","position":2,"name":"Azuree Bridal Aleida 426.0101"}]},{"@type":"WebSite","@id":"https:\/\/www.koonings.com\/fr\/#website","url":"https:\/\/www.koonings.com\/fr\/","name":"Koonings","description":"De grootste bruidsmodewinkel ter wereld","publisher":{"@id":"https:\/\/www.koonings.com\/fr\/#organization"},"potentialAction":[{"@type":"SearchAction","target":{"@type":"EntryPoint","urlTemplate":"https:\/\/www.koonings.com\/fr\/?s={search_term_string}"},"query-input":{"@type":"PropertyValueSpecification","valueRequired":true,"valueName":"search_term_string"}}],"inLanguage":"fr-FR"},{"@type":"Organization","@id":"https:\/\/www.koonings.com\/fr\/#organization","name":"Koonings","url":"https:\/\/www.koonings.com\/fr\/","logo":{"@type":"ImageObject","inLanguage":"fr-FR","@id":"https:\/\/www.koonings.com\/fr\/#\/schema\/logo\/image\/","url":"https:\/\/www.koonings.com\/wp-content\/uploads\/2024\/07\/logo.png","contentUrl":"https:\/\/www.koonings.com\/wp-content\/uploads\/2024\/07\/logo.png","width":600,"height":428,"caption":"Koonings"},"image":{"@id":"https:\/\/www.koonings.com\/fr\/#\/schema\/logo\/image\/"},"sameAs":["https:\/\/www.facebook.com\/kooningstheweddingpalace","https:\/\/www.instagram.com\/kooningstheweddingpalace","https:\/\/www.pinterest.com\/koonings","https:\/\/www.youtube.com\/kooningstheweddingpalace"]}]}},"_links":{"self":[{"href":"https:\/\/www.koonings.com\/fr\/wp-json\/wp\/v2\/product\/93723","targetHints":{"allow":["GET"]}}],"collection":[{"href":"https:\/\/www.koonings.com\/fr\/wp-json\/wp\/v2\/product"}],"about":[{"href":"https:\/\/www.koonings.com\/fr\/wp-json\/wp\/v2\/types\/product"}],"wp:featuredmedia":[{"embeddable":true,"href":"https:\/\/www.koonings.com\/fr\/wp-json\/wp\/v2\/media\/92350"}],"wp:attachment":[{"href":"https:\/\/www.koonings.com\/fr\/wp-json\/wp\/v2\/media?parent=93723"}],"wp:term":[{"taxonomy":"productdetails","embeddable":true,"href":"https:\/\/www.koonings.com\/fr\/wp-json\/wp\/v2\/productdetails?post=93723"},{"taxonomy":"productneck","embeddable":true,"href":"https:\/\/www.koonings.com\/fr\/wp-json\/wp\/v2\/productneck?post=93723"},{"taxonomy":"productcolor","embeddable":true,"href":"https:\/\/www.koonings.com\/fr\/wp-json\/wp\/v2\/productcolor?post=93723"},{"taxonomy":"maat","embeddable":true,"href":"https:\/\/www.koonings.com\/fr\/wp-json\/wp\/v2\/maat?post=93723"},{"taxonomy":"productsupplier","embeddable":true,"href":"https:\/\/www.koonings.com\/fr\/wp-json\/wp\/v2\/productsupplier?post=93723"},{"taxonomy":"productsleeve","embeddable":true,"href":"https:\/\/www.koonings.com\/fr\/wp-json\/wp\/v2\/productsleeve?post=93723"},{"taxonomy":"productcategory","embeddable":true,"href":"https:\/\/www.koonings.com\/fr\/wp-json\/wp\/v2\/productcategory?post=93723"},{"taxonomy":"productsilhouette","embeddable":true,"href":"https:\/\/www.koonings.com\/fr\/wp-json\/wp\/v2\/productsilhouette?post=93723"},{"taxonomy":"productstyle","embeddable":true,"href":"https:\/\/www.koonings.com\/fr\/wp-json\/wp\/v2\/productstyle?post=93723"}],"curies":[{"name":"wp","href":"https:\/\/api.w.org\/{rel}","templated":true}]}}