{"id":93722,"date":"2026-04-21T18:42:41","date_gmt":"2026-04-21T16:42:41","guid":{"rendered":"https:\/\/www.koonings.com\/product\/azuree-bridal-aiko-426-0071\/"},"modified":"2026-02-17T12:55:22","modified_gmt":"2026-02-17T11:55:22","slug":"azuree-bridal-aiko-426-0071","status":"publish","type":"product","link":"https:\/\/www.koonings.com\/fr\/product\/azuree-bridal-aiko-426-0071\/","title":{"rendered":"Azuree Bridal Aiko 426.0071"},"content":{"rendered":"<p>Cette robe de mari\u00e9e sophistiqu\u00e9e avec un haut en dentelle et une jupe lisse est un r\u00eave pour la mari\u00e9e qui recherche une romance intemporelle dans un look contemporain. Le d\u00e9collet\u00e9 en V profond avec des appliques de dentelle florale et des manches capuchon subtiles cr\u00e9e un look doux et f\u00e9minin. La jupe en cr\u00eape suit \u00e9l\u00e9gamment les lignes du corps et s&#8217;\u00e9panouit en une gracieuse tra\u00eene boutonn\u00e9e dans le dos, parfaite pour une silhouette \u00e9l\u00e9gante. Le dos ouvert en forme de trou de serrure ajoute un \u00e9l\u00e9ment surprenant et s\u00e9duisant, tandis que l&#8217;association de la dentelle et du minimalisme \u00e9pur\u00e9 s&#8217;inscrit parfaitement dans les tendances nuptiales.   <\/p>\n","protected":false},"featured_media":92314,"template":"","meta":{"_acf_changed":false,"ghostkit_customizer_options":"","ghostkit_custom_css":"","ghostkit_custom_js_head":"","ghostkit_custom_js_foot":"","ghostkit_typography":""},"productdetails":[379,376],"productneck":[356],"productcolor":[393,392],"maat":[],"productsupplier":[533],"productsleeve":[359,361],"productcategory":[18],"productsilhouette":[389],"productstyle":[365],"class_list":["post-93722","product","type-product","status-publish","has-post-thumbnail","hentry","productdetails-379","productdetails-376","productneck-356","productcolor-393","productcolor-392","productsupplier-azuree-bridal","productsleeve-359","productsleeve-361","productcategory-trouwjurken","productsilhouette-389","productstyle-365"],"acf":[],"yoast_head":"<!-- This site is optimized with the Yoast SEO plugin v27.3 - https:\/\/yoast.com\/product\/yoast-seo-wordpress\/ -->\n<title>Azuree Bridal Aiko 426.0071 | Koonings<\/title>\n<meta name=\"description\" content=\"Cette robe de mari\u00e9e sophistiqu\u00e9e avec un haut en dentelle et une jupe lisse est un r\u00eave pour la mari\u00e9e qui recherche une romance intemporelle dans un look contemporain. Le d\u00e9collet\u00e9 en V profond avec des appliques de dentelle florale et des manches capuchon subtiles cr\u00e9e un look doux et f\u00e9minin. La jupe en cr\u00eape suit \u00e9l\u00e9gamment les lignes du corps et s&#039;\u00e9panouit en une gracieuse tra\u00eene boutonn\u00e9e dans le dos, parfaite pour une silhouette \u00e9l\u00e9gante. Le dos ouvert en forme de trou de serrure ajoute un \u00e9l\u00e9ment surprenant et s\u00e9duisant, tandis que l&#039;association de la dentelle et du minimalisme \u00e9pur\u00e9 s&#039;inscrit parfaitement dans les tendances nuptiales.\" \/>\n<meta name=\"robots\" content=\"index, follow, max-snippet:-1, max-image-preview:large, max-video-preview:-1\" \/>\n<link rel=\"canonical\" href=\"https:\/\/www.koonings.com\/fr\/product\/azuree-bridal-aiko-426-0071\/\" \/>\n<meta property=\"og:locale\" content=\"fr_FR\" \/>\n<meta property=\"og:type\" content=\"article\" \/>\n<meta property=\"og:title\" content=\"Azuree Bridal Aiko 426.0071 | Koonings\" \/>\n<meta property=\"og:description\" content=\"Cette robe de mari\u00e9e sophistiqu\u00e9e avec un haut en dentelle et une jupe lisse est un r\u00eave pour la mari\u00e9e qui recherche une romance intemporelle dans un look contemporain. Le d\u00e9collet\u00e9 en V profond avec des appliques de dentelle florale et des manches capuchon subtiles cr\u00e9e un look doux et f\u00e9minin. La jupe en cr\u00eape suit \u00e9l\u00e9gamment les lignes du corps et s&#039;\u00e9panouit en une gracieuse tra\u00eene boutonn\u00e9e dans le dos, parfaite pour une silhouette \u00e9l\u00e9gante. Le dos ouvert en forme de trou de serrure ajoute un \u00e9l\u00e9ment surprenant et s\u00e9duisant, tandis que l&#039;association de la dentelle et du minimalisme \u00e9pur\u00e9 s&#039;inscrit parfaitement dans les tendances nuptiales.\" \/>\n<meta property=\"og:url\" content=\"https:\/\/www.koonings.com\/fr\/product\/azuree-bridal-aiko-426-0071\/\" \/>\n<meta property=\"og:site_name\" content=\"Koonings\" \/>\n<meta property=\"article:publisher\" content=\"https:\/\/www.facebook.com\/kooningstheweddingpalace\" \/>\n<meta property=\"og:image\" content=\"https:\/\/www.koonings.com\/wp-content\/uploads\/2025\/09\/51464_45cf92d3db8df42db7c82b988ee5183f10e991b5df2a21315bc5c14f6c2524e3a277a4c9.jpeg\" \/>\n\t<meta property=\"og:image:width\" content=\"1697\" \/>\n\t<meta property=\"og:image:height\" content=\"2396\" \/>\n\t<meta property=\"og:image:type\" content=\"image\/jpeg\" \/>\n<meta name=\"twitter:card\" content=\"summary_large_image\" \/>\n<meta name=\"twitter:label1\" content=\"Dur\u00e9e de lecture estim\u00e9e\" \/>\n\t<meta name=\"twitter:data1\" content=\"1 minute\" \/>\n<script type=\"application\/ld+json\" class=\"yoast-schema-graph\">{\"@context\":\"https:\\\/\\\/schema.org\",\"@graph\":[{\"@type\":\"WebPage\",\"@id\":\"https:\\\/\\\/www.koonings.com\\\/fr\\\/product\\\/azuree-bridal-aiko-426-0071\\\/\",\"url\":\"https:\\\/\\\/www.koonings.com\\\/fr\\\/product\\\/azuree-bridal-aiko-426-0071\\\/\",\"name\":\"Azuree Bridal Aiko 426.0071 | Koonings\",\"isPartOf\":{\"@id\":\"https:\\\/\\\/www.koonings.com\\\/fr\\\/#website\"},\"primaryImageOfPage\":{\"@id\":\"https:\\\/\\\/www.koonings.com\\\/fr\\\/product\\\/azuree-bridal-aiko-426-0071\\\/#primaryimage\"},\"image\":{\"@id\":\"https:\\\/\\\/www.koonings.com\\\/fr\\\/product\\\/azuree-bridal-aiko-426-0071\\\/#primaryimage\"},\"thumbnailUrl\":\"https:\\\/\\\/www.koonings.com\\\/wp-content\\\/uploads\\\/2025\\\/09\\\/51464_45cf92d3db8df42db7c82b988ee5183f10e991b5df2a21315bc5c14f6c2524e3a277a4c9.jpeg\",\"datePublished\":\"2026-04-21T16:42:41+00:00\",\"description\":\"Cette robe de mari\u00e9e sophistiqu\u00e9e avec un haut en dentelle et une jupe lisse est un r\u00eave pour la mari\u00e9e qui recherche une romance intemporelle dans un look contemporain. Le d\u00e9collet\u00e9 en V profond avec des appliques de dentelle florale et des manches capuchon subtiles cr\u00e9e un look doux et f\u00e9minin. La jupe en cr\u00eape suit \u00e9l\u00e9gamment les lignes du corps et s'\u00e9panouit en une gracieuse tra\u00eene boutonn\u00e9e dans le dos, parfaite pour une silhouette \u00e9l\u00e9gante. Le dos ouvert en forme de trou de serrure ajoute un \u00e9l\u00e9ment surprenant et s\u00e9duisant, tandis que l'association de la dentelle et du minimalisme \u00e9pur\u00e9 s'inscrit parfaitement dans les tendances nuptiales.\",\"breadcrumb\":{\"@id\":\"https:\\\/\\\/www.koonings.com\\\/fr\\\/product\\\/azuree-bridal-aiko-426-0071\\\/#breadcrumb\"},\"inLanguage\":\"fr-FR\",\"potentialAction\":[{\"@type\":\"ReadAction\",\"target\":[\"https:\\\/\\\/www.koonings.com\\\/fr\\\/product\\\/azuree-bridal-aiko-426-0071\\\/\"]}]},{\"@type\":\"ImageObject\",\"inLanguage\":\"fr-FR\",\"@id\":\"https:\\\/\\\/www.koonings.com\\\/fr\\\/product\\\/azuree-bridal-aiko-426-0071\\\/#primaryimage\",\"url\":\"https:\\\/\\\/www.koonings.com\\\/wp-content\\\/uploads\\\/2025\\\/09\\\/51464_45cf92d3db8df42db7c82b988ee5183f10e991b5df2a21315bc5c14f6c2524e3a277a4c9.jpeg\",\"contentUrl\":\"https:\\\/\\\/www.koonings.com\\\/wp-content\\\/uploads\\\/2025\\\/09\\\/51464_45cf92d3db8df42db7c82b988ee5183f10e991b5df2a21315bc5c14f6c2524e3a277a4c9.jpeg\",\"width\":1697,\"height\":2396},{\"@type\":\"BreadcrumbList\",\"@id\":\"https:\\\/\\\/www.koonings.com\\\/fr\\\/product\\\/azuree-bridal-aiko-426-0071\\\/#breadcrumb\",\"itemListElement\":[{\"@type\":\"ListItem\",\"position\":1,\"name\":\"Home\",\"item\":\"https:\\\/\\\/www.koonings.com\\\/fr\\\/\"},{\"@type\":\"ListItem\",\"position\":2,\"name\":\"Azuree Bridal Aiko 426.0071\"}]},{\"@type\":\"WebSite\",\"@id\":\"https:\\\/\\\/www.koonings.com\\\/fr\\\/#website\",\"url\":\"https:\\\/\\\/www.koonings.com\\\/fr\\\/\",\"name\":\"Koonings\",\"description\":\"De grootste bruidsmodewinkel ter wereld\",\"publisher\":{\"@id\":\"https:\\\/\\\/www.koonings.com\\\/fr\\\/#organization\"},\"potentialAction\":[{\"@type\":\"SearchAction\",\"target\":{\"@type\":\"EntryPoint\",\"urlTemplate\":\"https:\\\/\\\/www.koonings.com\\\/fr\\\/?s={search_term_string}\"},\"query-input\":{\"@type\":\"PropertyValueSpecification\",\"valueRequired\":true,\"valueName\":\"search_term_string\"}}],\"inLanguage\":\"fr-FR\"},{\"@type\":\"Organization\",\"@id\":\"https:\\\/\\\/www.koonings.com\\\/fr\\\/#organization\",\"name\":\"Koonings\",\"url\":\"https:\\\/\\\/www.koonings.com\\\/fr\\\/\",\"logo\":{\"@type\":\"ImageObject\",\"inLanguage\":\"fr-FR\",\"@id\":\"https:\\\/\\\/www.koonings.com\\\/fr\\\/#\\\/schema\\\/logo\\\/image\\\/\",\"url\":\"https:\\\/\\\/www.koonings.com\\\/wp-content\\\/uploads\\\/2024\\\/07\\\/logo.png\",\"contentUrl\":\"https:\\\/\\\/www.koonings.com\\\/wp-content\\\/uploads\\\/2024\\\/07\\\/logo.png\",\"width\":600,\"height\":428,\"caption\":\"Koonings\"},\"image\":{\"@id\":\"https:\\\/\\\/www.koonings.com\\\/fr\\\/#\\\/schema\\\/logo\\\/image\\\/\"},\"sameAs\":[\"https:\\\/\\\/www.facebook.com\\\/kooningstheweddingpalace\",\"https:\\\/\\\/www.instagram.com\\\/kooningstheweddingpalace\",\"https:\\\/\\\/www.pinterest.com\\\/koonings\",\"https:\\\/\\\/www.youtube.com\\\/kooningstheweddingpalace\"]}]}<\/script>\n<!-- \/ Yoast SEO plugin. -->","yoast_head_json":{"title":"Azuree Bridal Aiko 426.0071 | Koonings","description":"Cette robe de mari\u00e9e sophistiqu\u00e9e avec un haut en dentelle et une jupe lisse est un r\u00eave pour la mari\u00e9e qui recherche une romance intemporelle dans un look contemporain. Le d\u00e9collet\u00e9 en V profond avec des appliques de dentelle florale et des manches capuchon subtiles cr\u00e9e un look doux et f\u00e9minin. La jupe en cr\u00eape suit \u00e9l\u00e9gamment les lignes du corps et s'\u00e9panouit en une gracieuse tra\u00eene boutonn\u00e9e dans le dos, parfaite pour une silhouette \u00e9l\u00e9gante. Le dos ouvert en forme de trou de serrure ajoute un \u00e9l\u00e9ment surprenant et s\u00e9duisant, tandis que l'association de la dentelle et du minimalisme \u00e9pur\u00e9 s'inscrit parfaitement dans les tendances nuptiales.","robots":{"index":"index","follow":"follow","max-snippet":"max-snippet:-1","max-image-preview":"max-image-preview:large","max-video-preview":"max-video-preview:-1"},"canonical":"https:\/\/www.koonings.com\/fr\/product\/azuree-bridal-aiko-426-0071\/","og_locale":"fr_FR","og_type":"article","og_title":"Azuree Bridal Aiko 426.0071 | Koonings","og_description":"Cette robe de mari\u00e9e sophistiqu\u00e9e avec un haut en dentelle et une jupe lisse est un r\u00eave pour la mari\u00e9e qui recherche une romance intemporelle dans un look contemporain. Le d\u00e9collet\u00e9 en V profond avec des appliques de dentelle florale et des manches capuchon subtiles cr\u00e9e un look doux et f\u00e9minin. La jupe en cr\u00eape suit \u00e9l\u00e9gamment les lignes du corps et s'\u00e9panouit en une gracieuse tra\u00eene boutonn\u00e9e dans le dos, parfaite pour une silhouette \u00e9l\u00e9gante. Le dos ouvert en forme de trou de serrure ajoute un \u00e9l\u00e9ment surprenant et s\u00e9duisant, tandis que l'association de la dentelle et du minimalisme \u00e9pur\u00e9 s'inscrit parfaitement dans les tendances nuptiales.","og_url":"https:\/\/www.koonings.com\/fr\/product\/azuree-bridal-aiko-426-0071\/","og_site_name":"Koonings","article_publisher":"https:\/\/www.facebook.com\/kooningstheweddingpalace","og_image":[{"width":1697,"height":2396,"url":"https:\/\/www.koonings.com\/wp-content\/uploads\/2025\/09\/51464_45cf92d3db8df42db7c82b988ee5183f10e991b5df2a21315bc5c14f6c2524e3a277a4c9.jpeg","type":"image\/jpeg"}],"twitter_card":"summary_large_image","twitter_misc":{"Dur\u00e9e de lecture estim\u00e9e":"1 minute"},"schema":{"@context":"https:\/\/schema.org","@graph":[{"@type":"WebPage","@id":"https:\/\/www.koonings.com\/fr\/product\/azuree-bridal-aiko-426-0071\/","url":"https:\/\/www.koonings.com\/fr\/product\/azuree-bridal-aiko-426-0071\/","name":"Azuree Bridal Aiko 426.0071 | Koonings","isPartOf":{"@id":"https:\/\/www.koonings.com\/fr\/#website"},"primaryImageOfPage":{"@id":"https:\/\/www.koonings.com\/fr\/product\/azuree-bridal-aiko-426-0071\/#primaryimage"},"image":{"@id":"https:\/\/www.koonings.com\/fr\/product\/azuree-bridal-aiko-426-0071\/#primaryimage"},"thumbnailUrl":"https:\/\/www.koonings.com\/wp-content\/uploads\/2025\/09\/51464_45cf92d3db8df42db7c82b988ee5183f10e991b5df2a21315bc5c14f6c2524e3a277a4c9.jpeg","datePublished":"2026-04-21T16:42:41+00:00","description":"Cette robe de mari\u00e9e sophistiqu\u00e9e avec un haut en dentelle et une jupe lisse est un r\u00eave pour la mari\u00e9e qui recherche une romance intemporelle dans un look contemporain. Le d\u00e9collet\u00e9 en V profond avec des appliques de dentelle florale et des manches capuchon subtiles cr\u00e9e un look doux et f\u00e9minin. La jupe en cr\u00eape suit \u00e9l\u00e9gamment les lignes du corps et s'\u00e9panouit en une gracieuse tra\u00eene boutonn\u00e9e dans le dos, parfaite pour une silhouette \u00e9l\u00e9gante. Le dos ouvert en forme de trou de serrure ajoute un \u00e9l\u00e9ment surprenant et s\u00e9duisant, tandis que l'association de la dentelle et du minimalisme \u00e9pur\u00e9 s'inscrit parfaitement dans les tendances nuptiales.","breadcrumb":{"@id":"https:\/\/www.koonings.com\/fr\/product\/azuree-bridal-aiko-426-0071\/#breadcrumb"},"inLanguage":"fr-FR","potentialAction":[{"@type":"ReadAction","target":["https:\/\/www.koonings.com\/fr\/product\/azuree-bridal-aiko-426-0071\/"]}]},{"@type":"ImageObject","inLanguage":"fr-FR","@id":"https:\/\/www.koonings.com\/fr\/product\/azuree-bridal-aiko-426-0071\/#primaryimage","url":"https:\/\/www.koonings.com\/wp-content\/uploads\/2025\/09\/51464_45cf92d3db8df42db7c82b988ee5183f10e991b5df2a21315bc5c14f6c2524e3a277a4c9.jpeg","contentUrl":"https:\/\/www.koonings.com\/wp-content\/uploads\/2025\/09\/51464_45cf92d3db8df42db7c82b988ee5183f10e991b5df2a21315bc5c14f6c2524e3a277a4c9.jpeg","width":1697,"height":2396},{"@type":"BreadcrumbList","@id":"https:\/\/www.koonings.com\/fr\/product\/azuree-bridal-aiko-426-0071\/#breadcrumb","itemListElement":[{"@type":"ListItem","position":1,"name":"Home","item":"https:\/\/www.koonings.com\/fr\/"},{"@type":"ListItem","position":2,"name":"Azuree Bridal Aiko 426.0071"}]},{"@type":"WebSite","@id":"https:\/\/www.koonings.com\/fr\/#website","url":"https:\/\/www.koonings.com\/fr\/","name":"Koonings","description":"De grootste bruidsmodewinkel ter wereld","publisher":{"@id":"https:\/\/www.koonings.com\/fr\/#organization"},"potentialAction":[{"@type":"SearchAction","target":{"@type":"EntryPoint","urlTemplate":"https:\/\/www.koonings.com\/fr\/?s={search_term_string}"},"query-input":{"@type":"PropertyValueSpecification","valueRequired":true,"valueName":"search_term_string"}}],"inLanguage":"fr-FR"},{"@type":"Organization","@id":"https:\/\/www.koonings.com\/fr\/#organization","name":"Koonings","url":"https:\/\/www.koonings.com\/fr\/","logo":{"@type":"ImageObject","inLanguage":"fr-FR","@id":"https:\/\/www.koonings.com\/fr\/#\/schema\/logo\/image\/","url":"https:\/\/www.koonings.com\/wp-content\/uploads\/2024\/07\/logo.png","contentUrl":"https:\/\/www.koonings.com\/wp-content\/uploads\/2024\/07\/logo.png","width":600,"height":428,"caption":"Koonings"},"image":{"@id":"https:\/\/www.koonings.com\/fr\/#\/schema\/logo\/image\/"},"sameAs":["https:\/\/www.facebook.com\/kooningstheweddingpalace","https:\/\/www.instagram.com\/kooningstheweddingpalace","https:\/\/www.pinterest.com\/koonings","https:\/\/www.youtube.com\/kooningstheweddingpalace"]}]}},"_links":{"self":[{"href":"https:\/\/www.koonings.com\/fr\/wp-json\/wp\/v2\/product\/93722","targetHints":{"allow":["GET"]}}],"collection":[{"href":"https:\/\/www.koonings.com\/fr\/wp-json\/wp\/v2\/product"}],"about":[{"href":"https:\/\/www.koonings.com\/fr\/wp-json\/wp\/v2\/types\/product"}],"wp:featuredmedia":[{"embeddable":true,"href":"https:\/\/www.koonings.com\/fr\/wp-json\/wp\/v2\/media\/92314"}],"wp:attachment":[{"href":"https:\/\/www.koonings.com\/fr\/wp-json\/wp\/v2\/media?parent=93722"}],"wp:term":[{"taxonomy":"productdetails","embeddable":true,"href":"https:\/\/www.koonings.com\/fr\/wp-json\/wp\/v2\/productdetails?post=93722"},{"taxonomy":"productneck","embeddable":true,"href":"https:\/\/www.koonings.com\/fr\/wp-json\/wp\/v2\/productneck?post=93722"},{"taxonomy":"productcolor","embeddable":true,"href":"https:\/\/www.koonings.com\/fr\/wp-json\/wp\/v2\/productcolor?post=93722"},{"taxonomy":"maat","embeddable":true,"href":"https:\/\/www.koonings.com\/fr\/wp-json\/wp\/v2\/maat?post=93722"},{"taxonomy":"productsupplier","embeddable":true,"href":"https:\/\/www.koonings.com\/fr\/wp-json\/wp\/v2\/productsupplier?post=93722"},{"taxonomy":"productsleeve","embeddable":true,"href":"https:\/\/www.koonings.com\/fr\/wp-json\/wp\/v2\/productsleeve?post=93722"},{"taxonomy":"productcategory","embeddable":true,"href":"https:\/\/www.koonings.com\/fr\/wp-json\/wp\/v2\/productcategory?post=93722"},{"taxonomy":"productsilhouette","embeddable":true,"href":"https:\/\/www.koonings.com\/fr\/wp-json\/wp\/v2\/productsilhouette?post=93722"},{"taxonomy":"productstyle","embeddable":true,"href":"https:\/\/www.koonings.com\/fr\/wp-json\/wp\/v2\/productstyle?post=93722"}],"curies":[{"name":"wp","href":"https:\/\/api.w.org\/{rel}","templated":true}]}}