{"id":93713,"date":"2026-04-28T18:38:46","date_gmt":"2026-04-28T16:38:46","guid":{"rendered":"https:\/\/www.koonings.com\/product\/sottero-midgley-jenascia-25sw365a01-manches-ds025sw365000\/"},"modified":"2026-02-17T12:51:42","modified_gmt":"2026-02-17T11:51:42","slug":"sottero-midgley-jenascia-25sw365a01-manches-ds025sw365000","status":"publish","type":"product","link":"https:\/\/www.koonings.com\/fr\/product\/sottero-midgley-jenascia-25sw365a01-manches-ds025sw365000\/","title":{"rendered":"Sottero Midgley Jenascia 25SW365A01 + manches DS025SW365000"},"content":{"rendered":"<p>Pour la mari\u00e9e qui r\u00eave de romantisme et d&#8217;\u00e9l\u00e9gance sophistiqu\u00e9e. La Jenascia est une robe de mari\u00e9e de ligne A avec un dos illusionn\u00e9 et de magnifiques motifs floraux, qui lui conf\u00e8rent une allure douce et r\u00eaveuse. <\/p>\n<p>L\u00e9g\u00e8re et fluide, avec une coupe flatteuse, cette robe allie confort et beaut\u00e9 intemporelle. Parfaite pour un grand jour inoubliable, plein de romantisme et de style. <\/p>\n","protected":false},"featured_media":93300,"template":"","meta":{"_acf_changed":false,"ghostkit_customizer_options":"","ghostkit_custom_css":"","ghostkit_custom_js_head":"","ghostkit_custom_js_foot":"","ghostkit_typography":""},"productdetails":[379,381],"productneck":[355],"productcolor":[393,392],"maat":[],"productsupplier":[421],"productsleeve":[362],"productcategory":[18],"productsilhouette":[384],"productstyle":[366,370],"class_list":["post-93713","product","type-product","status-publish","has-post-thumbnail","hentry","productdetails-379","productdetails-381","productneck-355","productcolor-393","productcolor-392","productsupplier-sottero-midgley","productsleeve-362","productcategory-trouwjurken","productsilhouette-384","productstyle-366","productstyle-370"],"acf":[],"yoast_head":"<!-- This site is optimized with the Yoast SEO plugin v27.3 - https:\/\/yoast.com\/product\/yoast-seo-wordpress\/ -->\n<title>Sottero Midgley Jenascia 25SW365A01 + manches DS025SW365000 | Koonings<\/title>\n<meta name=\"description\" content=\"Pour la mari\u00e9e qui r\u00eave de romantisme et d&#039;\u00e9l\u00e9gance sophistiqu\u00e9e. La Jenascia est une robe de mari\u00e9e de ligne A avec un dos illusionn\u00e9 et de magnifiques motifs floraux, qui lui conf\u00e8rent une allure douce et r\u00eaveuse. L\u00e9g\u00e8re et fluide, avec une coupe flatteuse, cette robe allie confort et beaut\u00e9 intemporelle. Parfaite pour un grand jour inoubliable, plein de romantisme et de style.\" \/>\n<meta name=\"robots\" content=\"index, follow, max-snippet:-1, max-image-preview:large, max-video-preview:-1\" \/>\n<link rel=\"canonical\" href=\"https:\/\/www.koonings.com\/fr\/product\/sottero-midgley-jenascia-25sw365a01-manches-ds025sw365000\/\" \/>\n<meta property=\"og:locale\" content=\"fr_FR\" \/>\n<meta property=\"og:type\" content=\"article\" \/>\n<meta property=\"og:title\" content=\"Sottero Midgley Jenascia 25SW365A01 + manches DS025SW365000 | Koonings\" \/>\n<meta property=\"og:description\" content=\"Pour la mari\u00e9e qui r\u00eave de romantisme et d&#039;\u00e9l\u00e9gance sophistiqu\u00e9e. La Jenascia est une robe de mari\u00e9e de ligne A avec un dos illusionn\u00e9 et de magnifiques motifs floraux, qui lui conf\u00e8rent une allure douce et r\u00eaveuse. L\u00e9g\u00e8re et fluide, avec une coupe flatteuse, cette robe allie confort et beaut\u00e9 intemporelle. Parfaite pour un grand jour inoubliable, plein de romantisme et de style.\" \/>\n<meta property=\"og:url\" content=\"https:\/\/www.koonings.com\/fr\/product\/sottero-midgley-jenascia-25sw365a01-manches-ds025sw365000\/\" \/>\n<meta property=\"og:site_name\" content=\"Koonings\" \/>\n<meta property=\"article:publisher\" content=\"https:\/\/www.facebook.com\/kooningstheweddingpalace\" \/>\n<meta property=\"og:image\" content=\"https:\/\/www.koonings.com\/wp-content\/uploads\/2025\/09\/51318_c273bb00bbfad7bebc1b153a7895acfb0442046c5b10c89cb70edb3dca6fda9fdeac71db.jpeg\" \/>\n\t<meta property=\"og:image:width\" content=\"1440\" \/>\n\t<meta property=\"og:image:height\" content=\"1920\" \/>\n\t<meta property=\"og:image:type\" content=\"image\/jpeg\" \/>\n<meta name=\"twitter:card\" content=\"summary_large_image\" \/>\n<script type=\"application\/ld+json\" class=\"yoast-schema-graph\">{\"@context\":\"https:\\\/\\\/schema.org\",\"@graph\":[{\"@type\":\"WebPage\",\"@id\":\"https:\\\/\\\/www.koonings.com\\\/fr\\\/product\\\/sottero-midgley-jenascia-25sw365a01-manches-ds025sw365000\\\/\",\"url\":\"https:\\\/\\\/www.koonings.com\\\/fr\\\/product\\\/sottero-midgley-jenascia-25sw365a01-manches-ds025sw365000\\\/\",\"name\":\"Sottero Midgley Jenascia 25SW365A01 + manches DS025SW365000 | Koonings\",\"isPartOf\":{\"@id\":\"https:\\\/\\\/www.koonings.com\\\/fr\\\/#website\"},\"primaryImageOfPage\":{\"@id\":\"https:\\\/\\\/www.koonings.com\\\/fr\\\/product\\\/sottero-midgley-jenascia-25sw365a01-manches-ds025sw365000\\\/#primaryimage\"},\"image\":{\"@id\":\"https:\\\/\\\/www.koonings.com\\\/fr\\\/product\\\/sottero-midgley-jenascia-25sw365a01-manches-ds025sw365000\\\/#primaryimage\"},\"thumbnailUrl\":\"https:\\\/\\\/www.koonings.com\\\/wp-content\\\/uploads\\\/2025\\\/09\\\/51318_c273bb00bbfad7bebc1b153a7895acfb0442046c5b10c89cb70edb3dca6fda9fdeac71db.jpeg\",\"datePublished\":\"2026-04-28T16:38:46+00:00\",\"description\":\"Pour la mari\u00e9e qui r\u00eave de romantisme et d'\u00e9l\u00e9gance sophistiqu\u00e9e. La Jenascia est une robe de mari\u00e9e de ligne A avec un dos illusionn\u00e9 et de magnifiques motifs floraux, qui lui conf\u00e8rent une allure douce et r\u00eaveuse. L\u00e9g\u00e8re et fluide, avec une coupe flatteuse, cette robe allie confort et beaut\u00e9 intemporelle. Parfaite pour un grand jour inoubliable, plein de romantisme et de style.\",\"breadcrumb\":{\"@id\":\"https:\\\/\\\/www.koonings.com\\\/fr\\\/product\\\/sottero-midgley-jenascia-25sw365a01-manches-ds025sw365000\\\/#breadcrumb\"},\"inLanguage\":\"fr-FR\",\"potentialAction\":[{\"@type\":\"ReadAction\",\"target\":[\"https:\\\/\\\/www.koonings.com\\\/fr\\\/product\\\/sottero-midgley-jenascia-25sw365a01-manches-ds025sw365000\\\/\"]}]},{\"@type\":\"ImageObject\",\"inLanguage\":\"fr-FR\",\"@id\":\"https:\\\/\\\/www.koonings.com\\\/fr\\\/product\\\/sottero-midgley-jenascia-25sw365a01-manches-ds025sw365000\\\/#primaryimage\",\"url\":\"https:\\\/\\\/www.koonings.com\\\/wp-content\\\/uploads\\\/2025\\\/09\\\/51318_c273bb00bbfad7bebc1b153a7895acfb0442046c5b10c89cb70edb3dca6fda9fdeac71db.jpeg\",\"contentUrl\":\"https:\\\/\\\/www.koonings.com\\\/wp-content\\\/uploads\\\/2025\\\/09\\\/51318_c273bb00bbfad7bebc1b153a7895acfb0442046c5b10c89cb70edb3dca6fda9fdeac71db.jpeg\",\"width\":1440,\"height\":1920},{\"@type\":\"BreadcrumbList\",\"@id\":\"https:\\\/\\\/www.koonings.com\\\/fr\\\/product\\\/sottero-midgley-jenascia-25sw365a01-manches-ds025sw365000\\\/#breadcrumb\",\"itemListElement\":[{\"@type\":\"ListItem\",\"position\":1,\"name\":\"Home\",\"item\":\"https:\\\/\\\/www.koonings.com\\\/fr\\\/\"},{\"@type\":\"ListItem\",\"position\":2,\"name\":\"Sottero Midgley Jenascia 25SW365A01 + manches DS025SW365000\"}]},{\"@type\":\"WebSite\",\"@id\":\"https:\\\/\\\/www.koonings.com\\\/fr\\\/#website\",\"url\":\"https:\\\/\\\/www.koonings.com\\\/fr\\\/\",\"name\":\"Koonings\",\"description\":\"De grootste bruidsmodewinkel ter wereld\",\"publisher\":{\"@id\":\"https:\\\/\\\/www.koonings.com\\\/fr\\\/#organization\"},\"potentialAction\":[{\"@type\":\"SearchAction\",\"target\":{\"@type\":\"EntryPoint\",\"urlTemplate\":\"https:\\\/\\\/www.koonings.com\\\/fr\\\/?s={search_term_string}\"},\"query-input\":{\"@type\":\"PropertyValueSpecification\",\"valueRequired\":true,\"valueName\":\"search_term_string\"}}],\"inLanguage\":\"fr-FR\"},{\"@type\":\"Organization\",\"@id\":\"https:\\\/\\\/www.koonings.com\\\/fr\\\/#organization\",\"name\":\"Koonings\",\"url\":\"https:\\\/\\\/www.koonings.com\\\/fr\\\/\",\"logo\":{\"@type\":\"ImageObject\",\"inLanguage\":\"fr-FR\",\"@id\":\"https:\\\/\\\/www.koonings.com\\\/fr\\\/#\\\/schema\\\/logo\\\/image\\\/\",\"url\":\"https:\\\/\\\/www.koonings.com\\\/wp-content\\\/uploads\\\/2024\\\/07\\\/logo.png\",\"contentUrl\":\"https:\\\/\\\/www.koonings.com\\\/wp-content\\\/uploads\\\/2024\\\/07\\\/logo.png\",\"width\":600,\"height\":428,\"caption\":\"Koonings\"},\"image\":{\"@id\":\"https:\\\/\\\/www.koonings.com\\\/fr\\\/#\\\/schema\\\/logo\\\/image\\\/\"},\"sameAs\":[\"https:\\\/\\\/www.facebook.com\\\/kooningstheweddingpalace\",\"https:\\\/\\\/www.instagram.com\\\/kooningstheweddingpalace\",\"https:\\\/\\\/www.pinterest.com\\\/koonings\",\"https:\\\/\\\/www.youtube.com\\\/kooningstheweddingpalace\"]}]}<\/script>\n<!-- \/ Yoast SEO plugin. -->","yoast_head_json":{"title":"Sottero Midgley Jenascia 25SW365A01 + manches DS025SW365000 | Koonings","description":"Pour la mari\u00e9e qui r\u00eave de romantisme et d'\u00e9l\u00e9gance sophistiqu\u00e9e. La Jenascia est une robe de mari\u00e9e de ligne A avec un dos illusionn\u00e9 et de magnifiques motifs floraux, qui lui conf\u00e8rent une allure douce et r\u00eaveuse. L\u00e9g\u00e8re et fluide, avec une coupe flatteuse, cette robe allie confort et beaut\u00e9 intemporelle. Parfaite pour un grand jour inoubliable, plein de romantisme et de style.","robots":{"index":"index","follow":"follow","max-snippet":"max-snippet:-1","max-image-preview":"max-image-preview:large","max-video-preview":"max-video-preview:-1"},"canonical":"https:\/\/www.koonings.com\/fr\/product\/sottero-midgley-jenascia-25sw365a01-manches-ds025sw365000\/","og_locale":"fr_FR","og_type":"article","og_title":"Sottero Midgley Jenascia 25SW365A01 + manches DS025SW365000 | Koonings","og_description":"Pour la mari\u00e9e qui r\u00eave de romantisme et d'\u00e9l\u00e9gance sophistiqu\u00e9e. La Jenascia est une robe de mari\u00e9e de ligne A avec un dos illusionn\u00e9 et de magnifiques motifs floraux, qui lui conf\u00e8rent une allure douce et r\u00eaveuse. L\u00e9g\u00e8re et fluide, avec une coupe flatteuse, cette robe allie confort et beaut\u00e9 intemporelle. Parfaite pour un grand jour inoubliable, plein de romantisme et de style.","og_url":"https:\/\/www.koonings.com\/fr\/product\/sottero-midgley-jenascia-25sw365a01-manches-ds025sw365000\/","og_site_name":"Koonings","article_publisher":"https:\/\/www.facebook.com\/kooningstheweddingpalace","og_image":[{"width":1440,"height":1920,"url":"https:\/\/www.koonings.com\/wp-content\/uploads\/2025\/09\/51318_c273bb00bbfad7bebc1b153a7895acfb0442046c5b10c89cb70edb3dca6fda9fdeac71db.jpeg","type":"image\/jpeg"}],"twitter_card":"summary_large_image","schema":{"@context":"https:\/\/schema.org","@graph":[{"@type":"WebPage","@id":"https:\/\/www.koonings.com\/fr\/product\/sottero-midgley-jenascia-25sw365a01-manches-ds025sw365000\/","url":"https:\/\/www.koonings.com\/fr\/product\/sottero-midgley-jenascia-25sw365a01-manches-ds025sw365000\/","name":"Sottero Midgley Jenascia 25SW365A01 + manches DS025SW365000 | Koonings","isPartOf":{"@id":"https:\/\/www.koonings.com\/fr\/#website"},"primaryImageOfPage":{"@id":"https:\/\/www.koonings.com\/fr\/product\/sottero-midgley-jenascia-25sw365a01-manches-ds025sw365000\/#primaryimage"},"image":{"@id":"https:\/\/www.koonings.com\/fr\/product\/sottero-midgley-jenascia-25sw365a01-manches-ds025sw365000\/#primaryimage"},"thumbnailUrl":"https:\/\/www.koonings.com\/wp-content\/uploads\/2025\/09\/51318_c273bb00bbfad7bebc1b153a7895acfb0442046c5b10c89cb70edb3dca6fda9fdeac71db.jpeg","datePublished":"2026-04-28T16:38:46+00:00","description":"Pour la mari\u00e9e qui r\u00eave de romantisme et d'\u00e9l\u00e9gance sophistiqu\u00e9e. La Jenascia est une robe de mari\u00e9e de ligne A avec un dos illusionn\u00e9 et de magnifiques motifs floraux, qui lui conf\u00e8rent une allure douce et r\u00eaveuse. L\u00e9g\u00e8re et fluide, avec une coupe flatteuse, cette robe allie confort et beaut\u00e9 intemporelle. Parfaite pour un grand jour inoubliable, plein de romantisme et de style.","breadcrumb":{"@id":"https:\/\/www.koonings.com\/fr\/product\/sottero-midgley-jenascia-25sw365a01-manches-ds025sw365000\/#breadcrumb"},"inLanguage":"fr-FR","potentialAction":[{"@type":"ReadAction","target":["https:\/\/www.koonings.com\/fr\/product\/sottero-midgley-jenascia-25sw365a01-manches-ds025sw365000\/"]}]},{"@type":"ImageObject","inLanguage":"fr-FR","@id":"https:\/\/www.koonings.com\/fr\/product\/sottero-midgley-jenascia-25sw365a01-manches-ds025sw365000\/#primaryimage","url":"https:\/\/www.koonings.com\/wp-content\/uploads\/2025\/09\/51318_c273bb00bbfad7bebc1b153a7895acfb0442046c5b10c89cb70edb3dca6fda9fdeac71db.jpeg","contentUrl":"https:\/\/www.koonings.com\/wp-content\/uploads\/2025\/09\/51318_c273bb00bbfad7bebc1b153a7895acfb0442046c5b10c89cb70edb3dca6fda9fdeac71db.jpeg","width":1440,"height":1920},{"@type":"BreadcrumbList","@id":"https:\/\/www.koonings.com\/fr\/product\/sottero-midgley-jenascia-25sw365a01-manches-ds025sw365000\/#breadcrumb","itemListElement":[{"@type":"ListItem","position":1,"name":"Home","item":"https:\/\/www.koonings.com\/fr\/"},{"@type":"ListItem","position":2,"name":"Sottero Midgley Jenascia 25SW365A01 + manches DS025SW365000"}]},{"@type":"WebSite","@id":"https:\/\/www.koonings.com\/fr\/#website","url":"https:\/\/www.koonings.com\/fr\/","name":"Koonings","description":"De grootste bruidsmodewinkel ter wereld","publisher":{"@id":"https:\/\/www.koonings.com\/fr\/#organization"},"potentialAction":[{"@type":"SearchAction","target":{"@type":"EntryPoint","urlTemplate":"https:\/\/www.koonings.com\/fr\/?s={search_term_string}"},"query-input":{"@type":"PropertyValueSpecification","valueRequired":true,"valueName":"search_term_string"}}],"inLanguage":"fr-FR"},{"@type":"Organization","@id":"https:\/\/www.koonings.com\/fr\/#organization","name":"Koonings","url":"https:\/\/www.koonings.com\/fr\/","logo":{"@type":"ImageObject","inLanguage":"fr-FR","@id":"https:\/\/www.koonings.com\/fr\/#\/schema\/logo\/image\/","url":"https:\/\/www.koonings.com\/wp-content\/uploads\/2024\/07\/logo.png","contentUrl":"https:\/\/www.koonings.com\/wp-content\/uploads\/2024\/07\/logo.png","width":600,"height":428,"caption":"Koonings"},"image":{"@id":"https:\/\/www.koonings.com\/fr\/#\/schema\/logo\/image\/"},"sameAs":["https:\/\/www.facebook.com\/kooningstheweddingpalace","https:\/\/www.instagram.com\/kooningstheweddingpalace","https:\/\/www.pinterest.com\/koonings","https:\/\/www.youtube.com\/kooningstheweddingpalace"]}]}},"_links":{"self":[{"href":"https:\/\/www.koonings.com\/fr\/wp-json\/wp\/v2\/product\/93713","targetHints":{"allow":["GET"]}}],"collection":[{"href":"https:\/\/www.koonings.com\/fr\/wp-json\/wp\/v2\/product"}],"about":[{"href":"https:\/\/www.koonings.com\/fr\/wp-json\/wp\/v2\/types\/product"}],"wp:featuredmedia":[{"embeddable":true,"href":"https:\/\/www.koonings.com\/fr\/wp-json\/wp\/v2\/media\/93300"}],"wp:attachment":[{"href":"https:\/\/www.koonings.com\/fr\/wp-json\/wp\/v2\/media?parent=93713"}],"wp:term":[{"taxonomy":"productdetails","embeddable":true,"href":"https:\/\/www.koonings.com\/fr\/wp-json\/wp\/v2\/productdetails?post=93713"},{"taxonomy":"productneck","embeddable":true,"href":"https:\/\/www.koonings.com\/fr\/wp-json\/wp\/v2\/productneck?post=93713"},{"taxonomy":"productcolor","embeddable":true,"href":"https:\/\/www.koonings.com\/fr\/wp-json\/wp\/v2\/productcolor?post=93713"},{"taxonomy":"maat","embeddable":true,"href":"https:\/\/www.koonings.com\/fr\/wp-json\/wp\/v2\/maat?post=93713"},{"taxonomy":"productsupplier","embeddable":true,"href":"https:\/\/www.koonings.com\/fr\/wp-json\/wp\/v2\/productsupplier?post=93713"},{"taxonomy":"productsleeve","embeddable":true,"href":"https:\/\/www.koonings.com\/fr\/wp-json\/wp\/v2\/productsleeve?post=93713"},{"taxonomy":"productcategory","embeddable":true,"href":"https:\/\/www.koonings.com\/fr\/wp-json\/wp\/v2\/productcategory?post=93713"},{"taxonomy":"productsilhouette","embeddable":true,"href":"https:\/\/www.koonings.com\/fr\/wp-json\/wp\/v2\/productsilhouette?post=93713"},{"taxonomy":"productstyle","embeddable":true,"href":"https:\/\/www.koonings.com\/fr\/wp-json\/wp\/v2\/productstyle?post=93713"}],"curies":[{"name":"wp","href":"https:\/\/api.w.org\/{rel}","templated":true}]}}