{"id":93709,"date":"2026-04-28T18:40:41","date_gmt":"2026-04-28T16:40:41","guid":{"rendered":"https:\/\/www.koonings.com\/product\/azuree-bridal-bibi-326-0071\/"},"modified":"2026-02-17T12:55:29","modified_gmt":"2026-02-17T11:55:29","slug":"azuree-bridal-bibi-326-0071","status":"publish","type":"product","link":"https:\/\/www.koonings.com\/fr\/product\/azuree-bridal-bibi-326-0071\/","title":{"rendered":"Azuree Bridal Bibi 326.0071"},"content":{"rendered":"<p>Une robe de r\u00eave subtile pour la romantique moderne. Bibi d\u00e9gage une \u00e9l\u00e9gance discr\u00e8te gr\u00e2ce \u00e0 sa jupe souple en tulle a\u00e9rien et \u00e0 son corsage sophistiqu\u00e9 au profond d\u00e9collet\u00e9 en V. Les appliqu\u00e9s floraux en 3D aux subtils accents roses dansent sur le corsage transparent et se fondent dans la jupe. Les appliqu\u00e9s floraux en 3D aux subtils accents roses dansent sur le corsage transparent et se fondent de fa\u00e7on ludique dans la jupe. Le dos en V avec des boutons ajoute une touche de sophistication suppl\u00e9mentaire. Cette robe est l\u00e9g\u00e8re, f\u00e9minine et parfaite pour un mariage sur la plage ou une c\u00e9r\u00e9monie intime en plein air.    <\/p>\n","protected":false},"featured_media":92050,"template":"","meta":{"_acf_changed":false,"ghostkit_customizer_options":"","ghostkit_custom_css":"","ghostkit_custom_js_head":"","ghostkit_custom_js_foot":"","ghostkit_typography":""},"productdetails":[379,383,381],"productneck":[356],"productcolor":[393,392],"maat":[],"productsupplier":[533],"productsleeve":[359],"productcategory":[18],"productsilhouette":[384],"productstyle":[366,373],"class_list":["post-93709","product","type-product","status-publish","has-post-thumbnail","hentry","productdetails-379","productdetails-383","productdetails-381","productneck-356","productcolor-393","productcolor-392","productsupplier-azuree-bridal","productsleeve-359","productcategory-trouwjurken","productsilhouette-384","productstyle-366","productstyle-373"],"acf":[],"yoast_head":"<!-- This site is optimized with the Yoast SEO plugin v27.3 - https:\/\/yoast.com\/product\/yoast-seo-wordpress\/ -->\n<title>Azuree Bridal Bibi 326.0071 | Koonings<\/title>\n<meta name=\"description\" content=\"Une robe de r\u00eave subtile pour la romantique moderne. Bibi d\u00e9gage une \u00e9l\u00e9gance discr\u00e8te gr\u00e2ce \u00e0 sa jupe souple en tulle a\u00e9rien et \u00e0 son corsage sophistiqu\u00e9 au profond d\u00e9collet\u00e9 en V. Les appliqu\u00e9s floraux en 3D aux subtils accents roses dansent sur le corsage transparent et se fondent dans la jupe. Les appliqu\u00e9s floraux en 3D aux subtils accents roses dansent sur le corsage transparent et se fondent de fa\u00e7on ludique dans la jupe. Le dos en V avec des boutons ajoute une touche de sophistication suppl\u00e9mentaire. Cette robe est l\u00e9g\u00e8re, f\u00e9minine et parfaite pour un mariage sur la plage ou une c\u00e9r\u00e9monie intime en plein air.\" \/>\n<meta name=\"robots\" content=\"index, follow, max-snippet:-1, max-image-preview:large, max-video-preview:-1\" \/>\n<link rel=\"canonical\" href=\"https:\/\/www.koonings.com\/fr\/product\/azuree-bridal-bibi-326-0071\/\" \/>\n<meta property=\"og:locale\" content=\"fr_FR\" \/>\n<meta property=\"og:type\" content=\"article\" \/>\n<meta property=\"og:title\" content=\"Azuree Bridal Bibi 326.0071 | Koonings\" \/>\n<meta property=\"og:description\" content=\"Une robe de r\u00eave subtile pour la romantique moderne. Bibi d\u00e9gage une \u00e9l\u00e9gance discr\u00e8te gr\u00e2ce \u00e0 sa jupe souple en tulle a\u00e9rien et \u00e0 son corsage sophistiqu\u00e9 au profond d\u00e9collet\u00e9 en V. Les appliqu\u00e9s floraux en 3D aux subtils accents roses dansent sur le corsage transparent et se fondent dans la jupe. Les appliqu\u00e9s floraux en 3D aux subtils accents roses dansent sur le corsage transparent et se fondent de fa\u00e7on ludique dans la jupe. Le dos en V avec des boutons ajoute une touche de sophistication suppl\u00e9mentaire. Cette robe est l\u00e9g\u00e8re, f\u00e9minine et parfaite pour un mariage sur la plage ou une c\u00e9r\u00e9monie intime en plein air.\" \/>\n<meta property=\"og:url\" content=\"https:\/\/www.koonings.com\/fr\/product\/azuree-bridal-bibi-326-0071\/\" \/>\n<meta property=\"og:site_name\" content=\"Koonings\" \/>\n<meta property=\"article:publisher\" content=\"https:\/\/www.facebook.com\/kooningstheweddingpalace\" \/>\n<meta property=\"og:image\" content=\"https:\/\/www.koonings.com\/wp-content\/uploads\/2025\/09\/51505_0b0df9a877c21c8f80801cb11d4ae28528021e31ebaa834653c6bbf4669697dd5ac71c09.jpeg\" \/>\n\t<meta property=\"og:image:width\" content=\"1586\" \/>\n\t<meta property=\"og:image:height\" content=\"2245\" \/>\n\t<meta property=\"og:image:type\" content=\"image\/jpeg\" \/>\n<meta name=\"twitter:card\" content=\"summary_large_image\" \/>\n<meta name=\"twitter:label1\" content=\"Dur\u00e9e de lecture estim\u00e9e\" \/>\n\t<meta name=\"twitter:data1\" content=\"1 minute\" \/>\n<script type=\"application\/ld+json\" class=\"yoast-schema-graph\">{\"@context\":\"https:\\\/\\\/schema.org\",\"@graph\":[{\"@type\":\"WebPage\",\"@id\":\"https:\\\/\\\/www.koonings.com\\\/fr\\\/product\\\/azuree-bridal-bibi-326-0071\\\/\",\"url\":\"https:\\\/\\\/www.koonings.com\\\/fr\\\/product\\\/azuree-bridal-bibi-326-0071\\\/\",\"name\":\"Azuree Bridal Bibi 326.0071 | Koonings\",\"isPartOf\":{\"@id\":\"https:\\\/\\\/www.koonings.com\\\/fr\\\/#website\"},\"primaryImageOfPage\":{\"@id\":\"https:\\\/\\\/www.koonings.com\\\/fr\\\/product\\\/azuree-bridal-bibi-326-0071\\\/#primaryimage\"},\"image\":{\"@id\":\"https:\\\/\\\/www.koonings.com\\\/fr\\\/product\\\/azuree-bridal-bibi-326-0071\\\/#primaryimage\"},\"thumbnailUrl\":\"https:\\\/\\\/www.koonings.com\\\/wp-content\\\/uploads\\\/2025\\\/09\\\/51505_0b0df9a877c21c8f80801cb11d4ae28528021e31ebaa834653c6bbf4669697dd5ac71c09.jpeg\",\"datePublished\":\"2026-04-28T16:40:41+00:00\",\"description\":\"Une robe de r\u00eave subtile pour la romantique moderne. Bibi d\u00e9gage une \u00e9l\u00e9gance discr\u00e8te gr\u00e2ce \u00e0 sa jupe souple en tulle a\u00e9rien et \u00e0 son corsage sophistiqu\u00e9 au profond d\u00e9collet\u00e9 en V. Les appliqu\u00e9s floraux en 3D aux subtils accents roses dansent sur le corsage transparent et se fondent dans la jupe. Les appliqu\u00e9s floraux en 3D aux subtils accents roses dansent sur le corsage transparent et se fondent de fa\u00e7on ludique dans la jupe. Le dos en V avec des boutons ajoute une touche de sophistication suppl\u00e9mentaire. Cette robe est l\u00e9g\u00e8re, f\u00e9minine et parfaite pour un mariage sur la plage ou une c\u00e9r\u00e9monie intime en plein air.\",\"breadcrumb\":{\"@id\":\"https:\\\/\\\/www.koonings.com\\\/fr\\\/product\\\/azuree-bridal-bibi-326-0071\\\/#breadcrumb\"},\"inLanguage\":\"fr-FR\",\"potentialAction\":[{\"@type\":\"ReadAction\",\"target\":[\"https:\\\/\\\/www.koonings.com\\\/fr\\\/product\\\/azuree-bridal-bibi-326-0071\\\/\"]}]},{\"@type\":\"ImageObject\",\"inLanguage\":\"fr-FR\",\"@id\":\"https:\\\/\\\/www.koonings.com\\\/fr\\\/product\\\/azuree-bridal-bibi-326-0071\\\/#primaryimage\",\"url\":\"https:\\\/\\\/www.koonings.com\\\/wp-content\\\/uploads\\\/2025\\\/09\\\/51505_0b0df9a877c21c8f80801cb11d4ae28528021e31ebaa834653c6bbf4669697dd5ac71c09.jpeg\",\"contentUrl\":\"https:\\\/\\\/www.koonings.com\\\/wp-content\\\/uploads\\\/2025\\\/09\\\/51505_0b0df9a877c21c8f80801cb11d4ae28528021e31ebaa834653c6bbf4669697dd5ac71c09.jpeg\",\"width\":1586,\"height\":2245},{\"@type\":\"BreadcrumbList\",\"@id\":\"https:\\\/\\\/www.koonings.com\\\/fr\\\/product\\\/azuree-bridal-bibi-326-0071\\\/#breadcrumb\",\"itemListElement\":[{\"@type\":\"ListItem\",\"position\":1,\"name\":\"Home\",\"item\":\"https:\\\/\\\/www.koonings.com\\\/fr\\\/\"},{\"@type\":\"ListItem\",\"position\":2,\"name\":\"Azuree Bridal Bibi 326.0071\"}]},{\"@type\":\"WebSite\",\"@id\":\"https:\\\/\\\/www.koonings.com\\\/fr\\\/#website\",\"url\":\"https:\\\/\\\/www.koonings.com\\\/fr\\\/\",\"name\":\"Koonings\",\"description\":\"De grootste bruidsmodewinkel ter wereld\",\"publisher\":{\"@id\":\"https:\\\/\\\/www.koonings.com\\\/fr\\\/#organization\"},\"potentialAction\":[{\"@type\":\"SearchAction\",\"target\":{\"@type\":\"EntryPoint\",\"urlTemplate\":\"https:\\\/\\\/www.koonings.com\\\/fr\\\/?s={search_term_string}\"},\"query-input\":{\"@type\":\"PropertyValueSpecification\",\"valueRequired\":true,\"valueName\":\"search_term_string\"}}],\"inLanguage\":\"fr-FR\"},{\"@type\":\"Organization\",\"@id\":\"https:\\\/\\\/www.koonings.com\\\/fr\\\/#organization\",\"name\":\"Koonings\",\"url\":\"https:\\\/\\\/www.koonings.com\\\/fr\\\/\",\"logo\":{\"@type\":\"ImageObject\",\"inLanguage\":\"fr-FR\",\"@id\":\"https:\\\/\\\/www.koonings.com\\\/fr\\\/#\\\/schema\\\/logo\\\/image\\\/\",\"url\":\"https:\\\/\\\/www.koonings.com\\\/wp-content\\\/uploads\\\/2024\\\/07\\\/logo.png\",\"contentUrl\":\"https:\\\/\\\/www.koonings.com\\\/wp-content\\\/uploads\\\/2024\\\/07\\\/logo.png\",\"width\":600,\"height\":428,\"caption\":\"Koonings\"},\"image\":{\"@id\":\"https:\\\/\\\/www.koonings.com\\\/fr\\\/#\\\/schema\\\/logo\\\/image\\\/\"},\"sameAs\":[\"https:\\\/\\\/www.facebook.com\\\/kooningstheweddingpalace\",\"https:\\\/\\\/www.instagram.com\\\/kooningstheweddingpalace\",\"https:\\\/\\\/www.pinterest.com\\\/koonings\",\"https:\\\/\\\/www.youtube.com\\\/kooningstheweddingpalace\"]}]}<\/script>\n<!-- \/ Yoast SEO plugin. -->","yoast_head_json":{"title":"Azuree Bridal Bibi 326.0071 | Koonings","description":"Une robe de r\u00eave subtile pour la romantique moderne. Bibi d\u00e9gage une \u00e9l\u00e9gance discr\u00e8te gr\u00e2ce \u00e0 sa jupe souple en tulle a\u00e9rien et \u00e0 son corsage sophistiqu\u00e9 au profond d\u00e9collet\u00e9 en V. Les appliqu\u00e9s floraux en 3D aux subtils accents roses dansent sur le corsage transparent et se fondent dans la jupe. Les appliqu\u00e9s floraux en 3D aux subtils accents roses dansent sur le corsage transparent et se fondent de fa\u00e7on ludique dans la jupe. Le dos en V avec des boutons ajoute une touche de sophistication suppl\u00e9mentaire. Cette robe est l\u00e9g\u00e8re, f\u00e9minine et parfaite pour un mariage sur la plage ou une c\u00e9r\u00e9monie intime en plein air.","robots":{"index":"index","follow":"follow","max-snippet":"max-snippet:-1","max-image-preview":"max-image-preview:large","max-video-preview":"max-video-preview:-1"},"canonical":"https:\/\/www.koonings.com\/fr\/product\/azuree-bridal-bibi-326-0071\/","og_locale":"fr_FR","og_type":"article","og_title":"Azuree Bridal Bibi 326.0071 | Koonings","og_description":"Une robe de r\u00eave subtile pour la romantique moderne. Bibi d\u00e9gage une \u00e9l\u00e9gance discr\u00e8te gr\u00e2ce \u00e0 sa jupe souple en tulle a\u00e9rien et \u00e0 son corsage sophistiqu\u00e9 au profond d\u00e9collet\u00e9 en V. Les appliqu\u00e9s floraux en 3D aux subtils accents roses dansent sur le corsage transparent et se fondent dans la jupe. Les appliqu\u00e9s floraux en 3D aux subtils accents roses dansent sur le corsage transparent et se fondent de fa\u00e7on ludique dans la jupe. Le dos en V avec des boutons ajoute une touche de sophistication suppl\u00e9mentaire. Cette robe est l\u00e9g\u00e8re, f\u00e9minine et parfaite pour un mariage sur la plage ou une c\u00e9r\u00e9monie intime en plein air.","og_url":"https:\/\/www.koonings.com\/fr\/product\/azuree-bridal-bibi-326-0071\/","og_site_name":"Koonings","article_publisher":"https:\/\/www.facebook.com\/kooningstheweddingpalace","og_image":[{"width":1586,"height":2245,"url":"https:\/\/www.koonings.com\/wp-content\/uploads\/2025\/09\/51505_0b0df9a877c21c8f80801cb11d4ae28528021e31ebaa834653c6bbf4669697dd5ac71c09.jpeg","type":"image\/jpeg"}],"twitter_card":"summary_large_image","twitter_misc":{"Dur\u00e9e de lecture estim\u00e9e":"1 minute"},"schema":{"@context":"https:\/\/schema.org","@graph":[{"@type":"WebPage","@id":"https:\/\/www.koonings.com\/fr\/product\/azuree-bridal-bibi-326-0071\/","url":"https:\/\/www.koonings.com\/fr\/product\/azuree-bridal-bibi-326-0071\/","name":"Azuree Bridal Bibi 326.0071 | Koonings","isPartOf":{"@id":"https:\/\/www.koonings.com\/fr\/#website"},"primaryImageOfPage":{"@id":"https:\/\/www.koonings.com\/fr\/product\/azuree-bridal-bibi-326-0071\/#primaryimage"},"image":{"@id":"https:\/\/www.koonings.com\/fr\/product\/azuree-bridal-bibi-326-0071\/#primaryimage"},"thumbnailUrl":"https:\/\/www.koonings.com\/wp-content\/uploads\/2025\/09\/51505_0b0df9a877c21c8f80801cb11d4ae28528021e31ebaa834653c6bbf4669697dd5ac71c09.jpeg","datePublished":"2026-04-28T16:40:41+00:00","description":"Une robe de r\u00eave subtile pour la romantique moderne. Bibi d\u00e9gage une \u00e9l\u00e9gance discr\u00e8te gr\u00e2ce \u00e0 sa jupe souple en tulle a\u00e9rien et \u00e0 son corsage sophistiqu\u00e9 au profond d\u00e9collet\u00e9 en V. Les appliqu\u00e9s floraux en 3D aux subtils accents roses dansent sur le corsage transparent et se fondent dans la jupe. Les appliqu\u00e9s floraux en 3D aux subtils accents roses dansent sur le corsage transparent et se fondent de fa\u00e7on ludique dans la jupe. Le dos en V avec des boutons ajoute une touche de sophistication suppl\u00e9mentaire. Cette robe est l\u00e9g\u00e8re, f\u00e9minine et parfaite pour un mariage sur la plage ou une c\u00e9r\u00e9monie intime en plein air.","breadcrumb":{"@id":"https:\/\/www.koonings.com\/fr\/product\/azuree-bridal-bibi-326-0071\/#breadcrumb"},"inLanguage":"fr-FR","potentialAction":[{"@type":"ReadAction","target":["https:\/\/www.koonings.com\/fr\/product\/azuree-bridal-bibi-326-0071\/"]}]},{"@type":"ImageObject","inLanguage":"fr-FR","@id":"https:\/\/www.koonings.com\/fr\/product\/azuree-bridal-bibi-326-0071\/#primaryimage","url":"https:\/\/www.koonings.com\/wp-content\/uploads\/2025\/09\/51505_0b0df9a877c21c8f80801cb11d4ae28528021e31ebaa834653c6bbf4669697dd5ac71c09.jpeg","contentUrl":"https:\/\/www.koonings.com\/wp-content\/uploads\/2025\/09\/51505_0b0df9a877c21c8f80801cb11d4ae28528021e31ebaa834653c6bbf4669697dd5ac71c09.jpeg","width":1586,"height":2245},{"@type":"BreadcrumbList","@id":"https:\/\/www.koonings.com\/fr\/product\/azuree-bridal-bibi-326-0071\/#breadcrumb","itemListElement":[{"@type":"ListItem","position":1,"name":"Home","item":"https:\/\/www.koonings.com\/fr\/"},{"@type":"ListItem","position":2,"name":"Azuree Bridal Bibi 326.0071"}]},{"@type":"WebSite","@id":"https:\/\/www.koonings.com\/fr\/#website","url":"https:\/\/www.koonings.com\/fr\/","name":"Koonings","description":"De grootste bruidsmodewinkel ter wereld","publisher":{"@id":"https:\/\/www.koonings.com\/fr\/#organization"},"potentialAction":[{"@type":"SearchAction","target":{"@type":"EntryPoint","urlTemplate":"https:\/\/www.koonings.com\/fr\/?s={search_term_string}"},"query-input":{"@type":"PropertyValueSpecification","valueRequired":true,"valueName":"search_term_string"}}],"inLanguage":"fr-FR"},{"@type":"Organization","@id":"https:\/\/www.koonings.com\/fr\/#organization","name":"Koonings","url":"https:\/\/www.koonings.com\/fr\/","logo":{"@type":"ImageObject","inLanguage":"fr-FR","@id":"https:\/\/www.koonings.com\/fr\/#\/schema\/logo\/image\/","url":"https:\/\/www.koonings.com\/wp-content\/uploads\/2024\/07\/logo.png","contentUrl":"https:\/\/www.koonings.com\/wp-content\/uploads\/2024\/07\/logo.png","width":600,"height":428,"caption":"Koonings"},"image":{"@id":"https:\/\/www.koonings.com\/fr\/#\/schema\/logo\/image\/"},"sameAs":["https:\/\/www.facebook.com\/kooningstheweddingpalace","https:\/\/www.instagram.com\/kooningstheweddingpalace","https:\/\/www.pinterest.com\/koonings","https:\/\/www.youtube.com\/kooningstheweddingpalace"]}]}},"_links":{"self":[{"href":"https:\/\/www.koonings.com\/fr\/wp-json\/wp\/v2\/product\/93709","targetHints":{"allow":["GET"]}}],"collection":[{"href":"https:\/\/www.koonings.com\/fr\/wp-json\/wp\/v2\/product"}],"about":[{"href":"https:\/\/www.koonings.com\/fr\/wp-json\/wp\/v2\/types\/product"}],"wp:featuredmedia":[{"embeddable":true,"href":"https:\/\/www.koonings.com\/fr\/wp-json\/wp\/v2\/media\/92050"}],"wp:attachment":[{"href":"https:\/\/www.koonings.com\/fr\/wp-json\/wp\/v2\/media?parent=93709"}],"wp:term":[{"taxonomy":"productdetails","embeddable":true,"href":"https:\/\/www.koonings.com\/fr\/wp-json\/wp\/v2\/productdetails?post=93709"},{"taxonomy":"productneck","embeddable":true,"href":"https:\/\/www.koonings.com\/fr\/wp-json\/wp\/v2\/productneck?post=93709"},{"taxonomy":"productcolor","embeddable":true,"href":"https:\/\/www.koonings.com\/fr\/wp-json\/wp\/v2\/productcolor?post=93709"},{"taxonomy":"maat","embeddable":true,"href":"https:\/\/www.koonings.com\/fr\/wp-json\/wp\/v2\/maat?post=93709"},{"taxonomy":"productsupplier","embeddable":true,"href":"https:\/\/www.koonings.com\/fr\/wp-json\/wp\/v2\/productsupplier?post=93709"},{"taxonomy":"productsleeve","embeddable":true,"href":"https:\/\/www.koonings.com\/fr\/wp-json\/wp\/v2\/productsleeve?post=93709"},{"taxonomy":"productcategory","embeddable":true,"href":"https:\/\/www.koonings.com\/fr\/wp-json\/wp\/v2\/productcategory?post=93709"},{"taxonomy":"productsilhouette","embeddable":true,"href":"https:\/\/www.koonings.com\/fr\/wp-json\/wp\/v2\/productsilhouette?post=93709"},{"taxonomy":"productstyle","embeddable":true,"href":"https:\/\/www.koonings.com\/fr\/wp-json\/wp\/v2\/productstyle?post=93709"}],"curies":[{"name":"wp","href":"https:\/\/api.w.org\/{rel}","templated":true}]}}