{"id":93697,"date":"2026-04-28T18:40:32","date_gmt":"2026-04-28T16:40:32","guid":{"rendered":"https:\/\/www.koonings.com\/product\/azuree-bridal-anita-426-0222\/"},"modified":"2026-02-17T12:55:11","modified_gmt":"2026-02-17T11:55:11","slug":"azuree-bridal-anita-426-0222","status":"publish","type":"product","link":"https:\/\/www.koonings.com\/fr\/product\/azuree-bridal-anita-426-0222\/","title":{"rendered":"Azuree Bridal Anita 426.0222"},"content":{"rendered":"<p>La robe de mari\u00e9e Anita est un choix \u00e9l\u00e9gant et sophistiqu\u00e9 pour les mari\u00e9es qui aiment un look romantique avec une touche de modernit\u00e9. Cette robe pr\u00e9sente un d\u00e9collet\u00e9 en V profond et un corsage transparent avec de d\u00e9licates applications de dentelle, cr\u00e9ant un look \u00e9l\u00e9gant et f\u00e9minin. Les d\u00e9coupes sur les c\u00f4t\u00e9s donnent \u00e0 la robe une touche ludique, tandis que la jupe fluide avec une fente transparente cr\u00e9e un effet a\u00e9rien et romantique. La robe de mari\u00e9e Anita est parfaite pour les mari\u00e9es qui recherchent un look classique avec une touche de modernit\u00e9. La dentelle d\u00e9licate et la jupe l\u00e9g\u00e8re cr\u00e9ent un merveilleux \u00e9quilibre entre \u00e9l\u00e9gance et confort, id\u00e9al pour un mariage en \u00e9t\u00e9 ou en plein air. Cette robe est con\u00e7ue pour accentuer la beaut\u00e9 naturelle de la mari\u00e9e et lui permettre de briller en toute confiance le jour de son mariage.     <\/p>\n","protected":false},"featured_media":92446,"template":"","meta":{"_acf_changed":false,"ghostkit_customizer_options":"","ghostkit_custom_css":"","ghostkit_custom_js_head":"","ghostkit_custom_js_foot":"","ghostkit_typography":""},"productdetails":[376,383,378],"productneck":[356],"productcolor":[393,392],"maat":[],"productsupplier":[533],"productsleeve":[359],"productcategory":[18],"productsilhouette":[384,389],"productstyle":[371,366,370],"class_list":["post-93697","product","type-product","status-publish","has-post-thumbnail","hentry","productdetails-376","productdetails-383","productdetails-378","productneck-356","productcolor-393","productcolor-392","productsupplier-azuree-bridal","productsleeve-359","productcategory-trouwjurken","productsilhouette-384","productsilhouette-389","productstyle-371","productstyle-366","productstyle-370"],"acf":[],"yoast_head":"<!-- This site is optimized with the Yoast SEO plugin v27.3 - https:\/\/yoast.com\/product\/yoast-seo-wordpress\/ -->\n<title>Azuree Bridal Anita 426.0222 | Koonings<\/title>\n<meta name=\"description\" content=\"La robe de mari\u00e9e Anita est un choix \u00e9l\u00e9gant et sophistiqu\u00e9 pour les mari\u00e9es qui aiment un look romantique avec une touche de modernit\u00e9. Cette robe pr\u00e9sente un d\u00e9collet\u00e9 en V profond et un corsage transparent avec de d\u00e9licates applications de dentelle, cr\u00e9ant un look \u00e9l\u00e9gant et f\u00e9minin. Les d\u00e9coupes sur les c\u00f4t\u00e9s donnent \u00e0 la robe une touche ludique, tandis que la jupe fluide avec une fente transparente cr\u00e9e un effet a\u00e9rien et romantique. La robe de mari\u00e9e Anita est parfaite pour les mari\u00e9es qui recherchent un look classique avec une touche de modernit\u00e9. La dentelle d\u00e9licate et la jupe l\u00e9g\u00e8re cr\u00e9ent un merveilleux \u00e9quilibre entre \u00e9l\u00e9gance et confort, id\u00e9al pour un mariage en \u00e9t\u00e9 ou en plein air. Cette robe est con\u00e7ue pour accentuer la beaut\u00e9 naturelle de la mari\u00e9e et lui permettre de briller en toute confiance le jour de son mariage.\" \/>\n<meta name=\"robots\" content=\"index, follow, max-snippet:-1, max-image-preview:large, max-video-preview:-1\" \/>\n<link rel=\"canonical\" href=\"https:\/\/www.koonings.com\/fr\/product\/azuree-bridal-anita-426-0222\/\" \/>\n<meta property=\"og:locale\" content=\"fr_FR\" \/>\n<meta property=\"og:type\" content=\"article\" \/>\n<meta property=\"og:title\" content=\"Azuree Bridal Anita 426.0222 | Koonings\" \/>\n<meta property=\"og:description\" content=\"La robe de mari\u00e9e Anita est un choix \u00e9l\u00e9gant et sophistiqu\u00e9 pour les mari\u00e9es qui aiment un look romantique avec une touche de modernit\u00e9. Cette robe pr\u00e9sente un d\u00e9collet\u00e9 en V profond et un corsage transparent avec de d\u00e9licates applications de dentelle, cr\u00e9ant un look \u00e9l\u00e9gant et f\u00e9minin. Les d\u00e9coupes sur les c\u00f4t\u00e9s donnent \u00e0 la robe une touche ludique, tandis que la jupe fluide avec une fente transparente cr\u00e9e un effet a\u00e9rien et romantique. La robe de mari\u00e9e Anita est parfaite pour les mari\u00e9es qui recherchent un look classique avec une touche de modernit\u00e9. La dentelle d\u00e9licate et la jupe l\u00e9g\u00e8re cr\u00e9ent un merveilleux \u00e9quilibre entre \u00e9l\u00e9gance et confort, id\u00e9al pour un mariage en \u00e9t\u00e9 ou en plein air. Cette robe est con\u00e7ue pour accentuer la beaut\u00e9 naturelle de la mari\u00e9e et lui permettre de briller en toute confiance le jour de son mariage.\" \/>\n<meta property=\"og:url\" content=\"https:\/\/www.koonings.com\/fr\/product\/azuree-bridal-anita-426-0222\/\" \/>\n<meta property=\"og:site_name\" content=\"Koonings\" \/>\n<meta property=\"article:publisher\" content=\"https:\/\/www.facebook.com\/kooningstheweddingpalace\" \/>\n<meta property=\"og:image\" content=\"https:\/\/www.koonings.com\/wp-content\/uploads\/2025\/09\/51478_9a97c612a736bb5d583d5089ec85ba85d3a8a3e9effd04287393b89dda028ee1775434ce.jpeg\" \/>\n\t<meta property=\"og:image:width\" content=\"1664\" \/>\n\t<meta property=\"og:image:height\" content=\"2352\" \/>\n\t<meta property=\"og:image:type\" content=\"image\/jpeg\" \/>\n<meta name=\"twitter:card\" content=\"summary_large_image\" \/>\n<meta name=\"twitter:label1\" content=\"Dur\u00e9e de lecture estim\u00e9e\" \/>\n\t<meta name=\"twitter:data1\" content=\"1 minute\" \/>\n<script type=\"application\/ld+json\" class=\"yoast-schema-graph\">{\"@context\":\"https:\\\/\\\/schema.org\",\"@graph\":[{\"@type\":\"WebPage\",\"@id\":\"https:\\\/\\\/www.koonings.com\\\/fr\\\/product\\\/azuree-bridal-anita-426-0222\\\/\",\"url\":\"https:\\\/\\\/www.koonings.com\\\/fr\\\/product\\\/azuree-bridal-anita-426-0222\\\/\",\"name\":\"Azuree Bridal Anita 426.0222 | Koonings\",\"isPartOf\":{\"@id\":\"https:\\\/\\\/www.koonings.com\\\/fr\\\/#website\"},\"primaryImageOfPage\":{\"@id\":\"https:\\\/\\\/www.koonings.com\\\/fr\\\/product\\\/azuree-bridal-anita-426-0222\\\/#primaryimage\"},\"image\":{\"@id\":\"https:\\\/\\\/www.koonings.com\\\/fr\\\/product\\\/azuree-bridal-anita-426-0222\\\/#primaryimage\"},\"thumbnailUrl\":\"https:\\\/\\\/www.koonings.com\\\/wp-content\\\/uploads\\\/2025\\\/09\\\/51478_9a97c612a736bb5d583d5089ec85ba85d3a8a3e9effd04287393b89dda028ee1775434ce.jpeg\",\"datePublished\":\"2026-04-28T16:40:32+00:00\",\"description\":\"La robe de mari\u00e9e Anita est un choix \u00e9l\u00e9gant et sophistiqu\u00e9 pour les mari\u00e9es qui aiment un look romantique avec une touche de modernit\u00e9. Cette robe pr\u00e9sente un d\u00e9collet\u00e9 en V profond et un corsage transparent avec de d\u00e9licates applications de dentelle, cr\u00e9ant un look \u00e9l\u00e9gant et f\u00e9minin. Les d\u00e9coupes sur les c\u00f4t\u00e9s donnent \u00e0 la robe une touche ludique, tandis que la jupe fluide avec une fente transparente cr\u00e9e un effet a\u00e9rien et romantique. La robe de mari\u00e9e Anita est parfaite pour les mari\u00e9es qui recherchent un look classique avec une touche de modernit\u00e9. La dentelle d\u00e9licate et la jupe l\u00e9g\u00e8re cr\u00e9ent un merveilleux \u00e9quilibre entre \u00e9l\u00e9gance et confort, id\u00e9al pour un mariage en \u00e9t\u00e9 ou en plein air. Cette robe est con\u00e7ue pour accentuer la beaut\u00e9 naturelle de la mari\u00e9e et lui permettre de briller en toute confiance le jour de son mariage.\",\"breadcrumb\":{\"@id\":\"https:\\\/\\\/www.koonings.com\\\/fr\\\/product\\\/azuree-bridal-anita-426-0222\\\/#breadcrumb\"},\"inLanguage\":\"fr-FR\",\"potentialAction\":[{\"@type\":\"ReadAction\",\"target\":[\"https:\\\/\\\/www.koonings.com\\\/fr\\\/product\\\/azuree-bridal-anita-426-0222\\\/\"]}]},{\"@type\":\"ImageObject\",\"inLanguage\":\"fr-FR\",\"@id\":\"https:\\\/\\\/www.koonings.com\\\/fr\\\/product\\\/azuree-bridal-anita-426-0222\\\/#primaryimage\",\"url\":\"https:\\\/\\\/www.koonings.com\\\/wp-content\\\/uploads\\\/2025\\\/09\\\/51478_9a97c612a736bb5d583d5089ec85ba85d3a8a3e9effd04287393b89dda028ee1775434ce.jpeg\",\"contentUrl\":\"https:\\\/\\\/www.koonings.com\\\/wp-content\\\/uploads\\\/2025\\\/09\\\/51478_9a97c612a736bb5d583d5089ec85ba85d3a8a3e9effd04287393b89dda028ee1775434ce.jpeg\",\"width\":1664,\"height\":2352},{\"@type\":\"BreadcrumbList\",\"@id\":\"https:\\\/\\\/www.koonings.com\\\/fr\\\/product\\\/azuree-bridal-anita-426-0222\\\/#breadcrumb\",\"itemListElement\":[{\"@type\":\"ListItem\",\"position\":1,\"name\":\"Home\",\"item\":\"https:\\\/\\\/www.koonings.com\\\/fr\\\/\"},{\"@type\":\"ListItem\",\"position\":2,\"name\":\"Azuree Bridal Anita 426.0222\"}]},{\"@type\":\"WebSite\",\"@id\":\"https:\\\/\\\/www.koonings.com\\\/fr\\\/#website\",\"url\":\"https:\\\/\\\/www.koonings.com\\\/fr\\\/\",\"name\":\"Koonings\",\"description\":\"De grootste bruidsmodewinkel ter wereld\",\"publisher\":{\"@id\":\"https:\\\/\\\/www.koonings.com\\\/fr\\\/#organization\"},\"potentialAction\":[{\"@type\":\"SearchAction\",\"target\":{\"@type\":\"EntryPoint\",\"urlTemplate\":\"https:\\\/\\\/www.koonings.com\\\/fr\\\/?s={search_term_string}\"},\"query-input\":{\"@type\":\"PropertyValueSpecification\",\"valueRequired\":true,\"valueName\":\"search_term_string\"}}],\"inLanguage\":\"fr-FR\"},{\"@type\":\"Organization\",\"@id\":\"https:\\\/\\\/www.koonings.com\\\/fr\\\/#organization\",\"name\":\"Koonings\",\"url\":\"https:\\\/\\\/www.koonings.com\\\/fr\\\/\",\"logo\":{\"@type\":\"ImageObject\",\"inLanguage\":\"fr-FR\",\"@id\":\"https:\\\/\\\/www.koonings.com\\\/fr\\\/#\\\/schema\\\/logo\\\/image\\\/\",\"url\":\"https:\\\/\\\/www.koonings.com\\\/wp-content\\\/uploads\\\/2024\\\/07\\\/logo.png\",\"contentUrl\":\"https:\\\/\\\/www.koonings.com\\\/wp-content\\\/uploads\\\/2024\\\/07\\\/logo.png\",\"width\":600,\"height\":428,\"caption\":\"Koonings\"},\"image\":{\"@id\":\"https:\\\/\\\/www.koonings.com\\\/fr\\\/#\\\/schema\\\/logo\\\/image\\\/\"},\"sameAs\":[\"https:\\\/\\\/www.facebook.com\\\/kooningstheweddingpalace\",\"https:\\\/\\\/www.instagram.com\\\/kooningstheweddingpalace\",\"https:\\\/\\\/www.pinterest.com\\\/koonings\",\"https:\\\/\\\/www.youtube.com\\\/kooningstheweddingpalace\"]}]}<\/script>\n<!-- \/ Yoast SEO plugin. -->","yoast_head_json":{"title":"Azuree Bridal Anita 426.0222 | Koonings","description":"La robe de mari\u00e9e Anita est un choix \u00e9l\u00e9gant et sophistiqu\u00e9 pour les mari\u00e9es qui aiment un look romantique avec une touche de modernit\u00e9. Cette robe pr\u00e9sente un d\u00e9collet\u00e9 en V profond et un corsage transparent avec de d\u00e9licates applications de dentelle, cr\u00e9ant un look \u00e9l\u00e9gant et f\u00e9minin. Les d\u00e9coupes sur les c\u00f4t\u00e9s donnent \u00e0 la robe une touche ludique, tandis que la jupe fluide avec une fente transparente cr\u00e9e un effet a\u00e9rien et romantique. La robe de mari\u00e9e Anita est parfaite pour les mari\u00e9es qui recherchent un look classique avec une touche de modernit\u00e9. La dentelle d\u00e9licate et la jupe l\u00e9g\u00e8re cr\u00e9ent un merveilleux \u00e9quilibre entre \u00e9l\u00e9gance et confort, id\u00e9al pour un mariage en \u00e9t\u00e9 ou en plein air. Cette robe est con\u00e7ue pour accentuer la beaut\u00e9 naturelle de la mari\u00e9e et lui permettre de briller en toute confiance le jour de son mariage.","robots":{"index":"index","follow":"follow","max-snippet":"max-snippet:-1","max-image-preview":"max-image-preview:large","max-video-preview":"max-video-preview:-1"},"canonical":"https:\/\/www.koonings.com\/fr\/product\/azuree-bridal-anita-426-0222\/","og_locale":"fr_FR","og_type":"article","og_title":"Azuree Bridal Anita 426.0222 | Koonings","og_description":"La robe de mari\u00e9e Anita est un choix \u00e9l\u00e9gant et sophistiqu\u00e9 pour les mari\u00e9es qui aiment un look romantique avec une touche de modernit\u00e9. Cette robe pr\u00e9sente un d\u00e9collet\u00e9 en V profond et un corsage transparent avec de d\u00e9licates applications de dentelle, cr\u00e9ant un look \u00e9l\u00e9gant et f\u00e9minin. Les d\u00e9coupes sur les c\u00f4t\u00e9s donnent \u00e0 la robe une touche ludique, tandis que la jupe fluide avec une fente transparente cr\u00e9e un effet a\u00e9rien et romantique. La robe de mari\u00e9e Anita est parfaite pour les mari\u00e9es qui recherchent un look classique avec une touche de modernit\u00e9. La dentelle d\u00e9licate et la jupe l\u00e9g\u00e8re cr\u00e9ent un merveilleux \u00e9quilibre entre \u00e9l\u00e9gance et confort, id\u00e9al pour un mariage en \u00e9t\u00e9 ou en plein air. Cette robe est con\u00e7ue pour accentuer la beaut\u00e9 naturelle de la mari\u00e9e et lui permettre de briller en toute confiance le jour de son mariage.","og_url":"https:\/\/www.koonings.com\/fr\/product\/azuree-bridal-anita-426-0222\/","og_site_name":"Koonings","article_publisher":"https:\/\/www.facebook.com\/kooningstheweddingpalace","og_image":[{"width":1664,"height":2352,"url":"https:\/\/www.koonings.com\/wp-content\/uploads\/2025\/09\/51478_9a97c612a736bb5d583d5089ec85ba85d3a8a3e9effd04287393b89dda028ee1775434ce.jpeg","type":"image\/jpeg"}],"twitter_card":"summary_large_image","twitter_misc":{"Dur\u00e9e de lecture estim\u00e9e":"1 minute"},"schema":{"@context":"https:\/\/schema.org","@graph":[{"@type":"WebPage","@id":"https:\/\/www.koonings.com\/fr\/product\/azuree-bridal-anita-426-0222\/","url":"https:\/\/www.koonings.com\/fr\/product\/azuree-bridal-anita-426-0222\/","name":"Azuree Bridal Anita 426.0222 | Koonings","isPartOf":{"@id":"https:\/\/www.koonings.com\/fr\/#website"},"primaryImageOfPage":{"@id":"https:\/\/www.koonings.com\/fr\/product\/azuree-bridal-anita-426-0222\/#primaryimage"},"image":{"@id":"https:\/\/www.koonings.com\/fr\/product\/azuree-bridal-anita-426-0222\/#primaryimage"},"thumbnailUrl":"https:\/\/www.koonings.com\/wp-content\/uploads\/2025\/09\/51478_9a97c612a736bb5d583d5089ec85ba85d3a8a3e9effd04287393b89dda028ee1775434ce.jpeg","datePublished":"2026-04-28T16:40:32+00:00","description":"La robe de mari\u00e9e Anita est un choix \u00e9l\u00e9gant et sophistiqu\u00e9 pour les mari\u00e9es qui aiment un look romantique avec une touche de modernit\u00e9. Cette robe pr\u00e9sente un d\u00e9collet\u00e9 en V profond et un corsage transparent avec de d\u00e9licates applications de dentelle, cr\u00e9ant un look \u00e9l\u00e9gant et f\u00e9minin. Les d\u00e9coupes sur les c\u00f4t\u00e9s donnent \u00e0 la robe une touche ludique, tandis que la jupe fluide avec une fente transparente cr\u00e9e un effet a\u00e9rien et romantique. La robe de mari\u00e9e Anita est parfaite pour les mari\u00e9es qui recherchent un look classique avec une touche de modernit\u00e9. La dentelle d\u00e9licate et la jupe l\u00e9g\u00e8re cr\u00e9ent un merveilleux \u00e9quilibre entre \u00e9l\u00e9gance et confort, id\u00e9al pour un mariage en \u00e9t\u00e9 ou en plein air. Cette robe est con\u00e7ue pour accentuer la beaut\u00e9 naturelle de la mari\u00e9e et lui permettre de briller en toute confiance le jour de son mariage.","breadcrumb":{"@id":"https:\/\/www.koonings.com\/fr\/product\/azuree-bridal-anita-426-0222\/#breadcrumb"},"inLanguage":"fr-FR","potentialAction":[{"@type":"ReadAction","target":["https:\/\/www.koonings.com\/fr\/product\/azuree-bridal-anita-426-0222\/"]}]},{"@type":"ImageObject","inLanguage":"fr-FR","@id":"https:\/\/www.koonings.com\/fr\/product\/azuree-bridal-anita-426-0222\/#primaryimage","url":"https:\/\/www.koonings.com\/wp-content\/uploads\/2025\/09\/51478_9a97c612a736bb5d583d5089ec85ba85d3a8a3e9effd04287393b89dda028ee1775434ce.jpeg","contentUrl":"https:\/\/www.koonings.com\/wp-content\/uploads\/2025\/09\/51478_9a97c612a736bb5d583d5089ec85ba85d3a8a3e9effd04287393b89dda028ee1775434ce.jpeg","width":1664,"height":2352},{"@type":"BreadcrumbList","@id":"https:\/\/www.koonings.com\/fr\/product\/azuree-bridal-anita-426-0222\/#breadcrumb","itemListElement":[{"@type":"ListItem","position":1,"name":"Home","item":"https:\/\/www.koonings.com\/fr\/"},{"@type":"ListItem","position":2,"name":"Azuree Bridal Anita 426.0222"}]},{"@type":"WebSite","@id":"https:\/\/www.koonings.com\/fr\/#website","url":"https:\/\/www.koonings.com\/fr\/","name":"Koonings","description":"De grootste bruidsmodewinkel ter wereld","publisher":{"@id":"https:\/\/www.koonings.com\/fr\/#organization"},"potentialAction":[{"@type":"SearchAction","target":{"@type":"EntryPoint","urlTemplate":"https:\/\/www.koonings.com\/fr\/?s={search_term_string}"},"query-input":{"@type":"PropertyValueSpecification","valueRequired":true,"valueName":"search_term_string"}}],"inLanguage":"fr-FR"},{"@type":"Organization","@id":"https:\/\/www.koonings.com\/fr\/#organization","name":"Koonings","url":"https:\/\/www.koonings.com\/fr\/","logo":{"@type":"ImageObject","inLanguage":"fr-FR","@id":"https:\/\/www.koonings.com\/fr\/#\/schema\/logo\/image\/","url":"https:\/\/www.koonings.com\/wp-content\/uploads\/2024\/07\/logo.png","contentUrl":"https:\/\/www.koonings.com\/wp-content\/uploads\/2024\/07\/logo.png","width":600,"height":428,"caption":"Koonings"},"image":{"@id":"https:\/\/www.koonings.com\/fr\/#\/schema\/logo\/image\/"},"sameAs":["https:\/\/www.facebook.com\/kooningstheweddingpalace","https:\/\/www.instagram.com\/kooningstheweddingpalace","https:\/\/www.pinterest.com\/koonings","https:\/\/www.youtube.com\/kooningstheweddingpalace"]}]}},"_links":{"self":[{"href":"https:\/\/www.koonings.com\/fr\/wp-json\/wp\/v2\/product\/93697","targetHints":{"allow":["GET"]}}],"collection":[{"href":"https:\/\/www.koonings.com\/fr\/wp-json\/wp\/v2\/product"}],"about":[{"href":"https:\/\/www.koonings.com\/fr\/wp-json\/wp\/v2\/types\/product"}],"wp:featuredmedia":[{"embeddable":true,"href":"https:\/\/www.koonings.com\/fr\/wp-json\/wp\/v2\/media\/92446"}],"wp:attachment":[{"href":"https:\/\/www.koonings.com\/fr\/wp-json\/wp\/v2\/media?parent=93697"}],"wp:term":[{"taxonomy":"productdetails","embeddable":true,"href":"https:\/\/www.koonings.com\/fr\/wp-json\/wp\/v2\/productdetails?post=93697"},{"taxonomy":"productneck","embeddable":true,"href":"https:\/\/www.koonings.com\/fr\/wp-json\/wp\/v2\/productneck?post=93697"},{"taxonomy":"productcolor","embeddable":true,"href":"https:\/\/www.koonings.com\/fr\/wp-json\/wp\/v2\/productcolor?post=93697"},{"taxonomy":"maat","embeddable":true,"href":"https:\/\/www.koonings.com\/fr\/wp-json\/wp\/v2\/maat?post=93697"},{"taxonomy":"productsupplier","embeddable":true,"href":"https:\/\/www.koonings.com\/fr\/wp-json\/wp\/v2\/productsupplier?post=93697"},{"taxonomy":"productsleeve","embeddable":true,"href":"https:\/\/www.koonings.com\/fr\/wp-json\/wp\/v2\/productsleeve?post=93697"},{"taxonomy":"productcategory","embeddable":true,"href":"https:\/\/www.koonings.com\/fr\/wp-json\/wp\/v2\/productcategory?post=93697"},{"taxonomy":"productsilhouette","embeddable":true,"href":"https:\/\/www.koonings.com\/fr\/wp-json\/wp\/v2\/productsilhouette?post=93697"},{"taxonomy":"productstyle","embeddable":true,"href":"https:\/\/www.koonings.com\/fr\/wp-json\/wp\/v2\/productstyle?post=93697"}],"curies":[{"name":"wp","href":"https:\/\/api.w.org\/{rel}","templated":true}]}}