{"id":93688,"date":"2026-04-28T18:38:46","date_gmt":"2026-04-28T16:38:46","guid":{"rendered":"https:\/\/www.koonings.com\/product\/sottero-midgley-forsythia-25ss893a01\/"},"modified":"2026-02-17T12:21:42","modified_gmt":"2026-02-17T11:21:42","slug":"sottero-midgley-forsythia-25ss893a01","status":"publish","type":"product","link":"https:\/\/www.koonings.com\/fr\/product\/sottero-midgley-forsythia-25ss893a01\/","title":{"rendered":"Sottero Midgley Forsythia 25SS893A01"},"content":{"rendered":"<p>Pour les mari\u00e9es qui aiment l&#8217;\u00e9l\u00e9gance moderne et minimaliste. La Forsythia est une robe de mari\u00e9e sir\u00e8ne en satin lisse, dot\u00e9e d&#8217;un corset subtilement fronc\u00e9 et d&#8217;un d\u00e9collet\u00e9 \u0153il de chat sophistiqu\u00e9, qui met merveilleusement en valeur votre silhouette. <\/p>\n<p>\u00c9l\u00e9gante, styl\u00e9e et intemporelle, cette robe allie confort et aspect luxueux. Elle est parfaite pour les mari\u00e9es qui souhaitent un look moderne et s\u00fbr de lui pour leur grand jour.<\/p>\n","protected":false},"featured_media":93280,"template":"","meta":{"_acf_changed":false,"ghostkit_customizer_options":"","ghostkit_custom_css":"","ghostkit_custom_js_head":"","ghostkit_custom_js_foot":"","ghostkit_typography":""},"productdetails":[],"productneck":[354],"productcolor":[392],"maat":[],"productsupplier":[421],"productsleeve":[],"productcategory":[18],"productsilhouette":[387],"productstyle":[365],"class_list":["post-93688","product","type-product","status-publish","has-post-thumbnail","hentry","productneck-354","productcolor-392","productsupplier-sottero-midgley","productcategory-trouwjurken","productsilhouette-387","productstyle-365"],"acf":[],"yoast_head":"<!-- This site is optimized with the Yoast SEO plugin v27.3 - https:\/\/yoast.com\/product\/yoast-seo-wordpress\/ -->\n<title>Sottero Midgley Forsythia 25SS893A01 | Koonings<\/title>\n<meta name=\"description\" content=\"Pour les mari\u00e9es qui aiment l&#039;\u00e9l\u00e9gance moderne et minimaliste. La Forsythia est une robe de mari\u00e9e sir\u00e8ne en satin lisse, dot\u00e9e d&#039;un corset subtilement fronc\u00e9 et d&#039;un d\u00e9collet\u00e9 \u0153il de chat sophistiqu\u00e9, qui met merveilleusement en valeur votre silhouette. \u00c9l\u00e9gante, styl\u00e9e et intemporelle, cette robe allie confort et aspect luxueux. Elle est parfaite pour les mari\u00e9es qui souhaitent un look moderne et s\u00fbr de lui pour leur grand jour.\" \/>\n<meta name=\"robots\" content=\"index, follow, max-snippet:-1, max-image-preview:large, max-video-preview:-1\" \/>\n<link rel=\"canonical\" href=\"https:\/\/www.koonings.com\/fr\/product\/sottero-midgley-forsythia-25ss893a01\/\" \/>\n<meta property=\"og:locale\" content=\"fr_FR\" \/>\n<meta property=\"og:type\" content=\"article\" \/>\n<meta property=\"og:title\" content=\"Sottero Midgley Forsythia 25SS893A01 | Koonings\" \/>\n<meta property=\"og:description\" content=\"Pour les mari\u00e9es qui aiment l&#039;\u00e9l\u00e9gance moderne et minimaliste. La Forsythia est une robe de mari\u00e9e sir\u00e8ne en satin lisse, dot\u00e9e d&#039;un corset subtilement fronc\u00e9 et d&#039;un d\u00e9collet\u00e9 \u0153il de chat sophistiqu\u00e9, qui met merveilleusement en valeur votre silhouette. \u00c9l\u00e9gante, styl\u00e9e et intemporelle, cette robe allie confort et aspect luxueux. Elle est parfaite pour les mari\u00e9es qui souhaitent un look moderne et s\u00fbr de lui pour leur grand jour.\" \/>\n<meta property=\"og:url\" content=\"https:\/\/www.koonings.com\/fr\/product\/sottero-midgley-forsythia-25ss893a01\/\" \/>\n<meta property=\"og:site_name\" content=\"Koonings\" \/>\n<meta property=\"article:publisher\" content=\"https:\/\/www.facebook.com\/kooningstheweddingpalace\" \/>\n<meta property=\"og:image\" content=\"https:\/\/www.koonings.com\/wp-content\/uploads\/2025\/09\/51317_1db06d442266cb8d403288ed3219906164fec2da130fddc196169c8868adb69162cbd2fe.jpeg\" \/>\n\t<meta property=\"og:image:width\" content=\"1440\" \/>\n\t<meta property=\"og:image:height\" content=\"1920\" \/>\n\t<meta property=\"og:image:type\" content=\"image\/jpeg\" \/>\n<meta name=\"twitter:card\" content=\"summary_large_image\" \/>\n<script type=\"application\/ld+json\" class=\"yoast-schema-graph\">{\"@context\":\"https:\\\/\\\/schema.org\",\"@graph\":[{\"@type\":\"WebPage\",\"@id\":\"https:\\\/\\\/www.koonings.com\\\/fr\\\/product\\\/sottero-midgley-forsythia-25ss893a01\\\/\",\"url\":\"https:\\\/\\\/www.koonings.com\\\/fr\\\/product\\\/sottero-midgley-forsythia-25ss893a01\\\/\",\"name\":\"Sottero Midgley Forsythia 25SS893A01 | Koonings\",\"isPartOf\":{\"@id\":\"https:\\\/\\\/www.koonings.com\\\/fr\\\/#website\"},\"primaryImageOfPage\":{\"@id\":\"https:\\\/\\\/www.koonings.com\\\/fr\\\/product\\\/sottero-midgley-forsythia-25ss893a01\\\/#primaryimage\"},\"image\":{\"@id\":\"https:\\\/\\\/www.koonings.com\\\/fr\\\/product\\\/sottero-midgley-forsythia-25ss893a01\\\/#primaryimage\"},\"thumbnailUrl\":\"https:\\\/\\\/www.koonings.com\\\/wp-content\\\/uploads\\\/2025\\\/09\\\/51317_1db06d442266cb8d403288ed3219906164fec2da130fddc196169c8868adb69162cbd2fe.jpeg\",\"datePublished\":\"2026-04-28T16:38:46+00:00\",\"description\":\"Pour les mari\u00e9es qui aiment l'\u00e9l\u00e9gance moderne et minimaliste. La Forsythia est une robe de mari\u00e9e sir\u00e8ne en satin lisse, dot\u00e9e d'un corset subtilement fronc\u00e9 et d'un d\u00e9collet\u00e9 \u0153il de chat sophistiqu\u00e9, qui met merveilleusement en valeur votre silhouette. \u00c9l\u00e9gante, styl\u00e9e et intemporelle, cette robe allie confort et aspect luxueux. Elle est parfaite pour les mari\u00e9es qui souhaitent un look moderne et s\u00fbr de lui pour leur grand jour.\",\"breadcrumb\":{\"@id\":\"https:\\\/\\\/www.koonings.com\\\/fr\\\/product\\\/sottero-midgley-forsythia-25ss893a01\\\/#breadcrumb\"},\"inLanguage\":\"fr-FR\",\"potentialAction\":[{\"@type\":\"ReadAction\",\"target\":[\"https:\\\/\\\/www.koonings.com\\\/fr\\\/product\\\/sottero-midgley-forsythia-25ss893a01\\\/\"]}]},{\"@type\":\"ImageObject\",\"inLanguage\":\"fr-FR\",\"@id\":\"https:\\\/\\\/www.koonings.com\\\/fr\\\/product\\\/sottero-midgley-forsythia-25ss893a01\\\/#primaryimage\",\"url\":\"https:\\\/\\\/www.koonings.com\\\/wp-content\\\/uploads\\\/2025\\\/09\\\/51317_1db06d442266cb8d403288ed3219906164fec2da130fddc196169c8868adb69162cbd2fe.jpeg\",\"contentUrl\":\"https:\\\/\\\/www.koonings.com\\\/wp-content\\\/uploads\\\/2025\\\/09\\\/51317_1db06d442266cb8d403288ed3219906164fec2da130fddc196169c8868adb69162cbd2fe.jpeg\",\"width\":1440,\"height\":1920},{\"@type\":\"BreadcrumbList\",\"@id\":\"https:\\\/\\\/www.koonings.com\\\/fr\\\/product\\\/sottero-midgley-forsythia-25ss893a01\\\/#breadcrumb\",\"itemListElement\":[{\"@type\":\"ListItem\",\"position\":1,\"name\":\"Home\",\"item\":\"https:\\\/\\\/www.koonings.com\\\/fr\\\/\"},{\"@type\":\"ListItem\",\"position\":2,\"name\":\"Sottero Midgley Forsythia 25SS893A01\"}]},{\"@type\":\"WebSite\",\"@id\":\"https:\\\/\\\/www.koonings.com\\\/fr\\\/#website\",\"url\":\"https:\\\/\\\/www.koonings.com\\\/fr\\\/\",\"name\":\"Koonings\",\"description\":\"De grootste bruidsmodewinkel ter wereld\",\"publisher\":{\"@id\":\"https:\\\/\\\/www.koonings.com\\\/fr\\\/#organization\"},\"potentialAction\":[{\"@type\":\"SearchAction\",\"target\":{\"@type\":\"EntryPoint\",\"urlTemplate\":\"https:\\\/\\\/www.koonings.com\\\/fr\\\/?s={search_term_string}\"},\"query-input\":{\"@type\":\"PropertyValueSpecification\",\"valueRequired\":true,\"valueName\":\"search_term_string\"}}],\"inLanguage\":\"fr-FR\"},{\"@type\":\"Organization\",\"@id\":\"https:\\\/\\\/www.koonings.com\\\/fr\\\/#organization\",\"name\":\"Koonings\",\"url\":\"https:\\\/\\\/www.koonings.com\\\/fr\\\/\",\"logo\":{\"@type\":\"ImageObject\",\"inLanguage\":\"fr-FR\",\"@id\":\"https:\\\/\\\/www.koonings.com\\\/fr\\\/#\\\/schema\\\/logo\\\/image\\\/\",\"url\":\"https:\\\/\\\/www.koonings.com\\\/wp-content\\\/uploads\\\/2024\\\/07\\\/logo.png\",\"contentUrl\":\"https:\\\/\\\/www.koonings.com\\\/wp-content\\\/uploads\\\/2024\\\/07\\\/logo.png\",\"width\":600,\"height\":428,\"caption\":\"Koonings\"},\"image\":{\"@id\":\"https:\\\/\\\/www.koonings.com\\\/fr\\\/#\\\/schema\\\/logo\\\/image\\\/\"},\"sameAs\":[\"https:\\\/\\\/www.facebook.com\\\/kooningstheweddingpalace\",\"https:\\\/\\\/www.instagram.com\\\/kooningstheweddingpalace\",\"https:\\\/\\\/www.pinterest.com\\\/koonings\",\"https:\\\/\\\/www.youtube.com\\\/kooningstheweddingpalace\"]}]}<\/script>\n<!-- \/ Yoast SEO plugin. -->","yoast_head_json":{"title":"Sottero Midgley Forsythia 25SS893A01 | Koonings","description":"Pour les mari\u00e9es qui aiment l'\u00e9l\u00e9gance moderne et minimaliste. La Forsythia est une robe de mari\u00e9e sir\u00e8ne en satin lisse, dot\u00e9e d'un corset subtilement fronc\u00e9 et d'un d\u00e9collet\u00e9 \u0153il de chat sophistiqu\u00e9, qui met merveilleusement en valeur votre silhouette. \u00c9l\u00e9gante, styl\u00e9e et intemporelle, cette robe allie confort et aspect luxueux. Elle est parfaite pour les mari\u00e9es qui souhaitent un look moderne et s\u00fbr de lui pour leur grand jour.","robots":{"index":"index","follow":"follow","max-snippet":"max-snippet:-1","max-image-preview":"max-image-preview:large","max-video-preview":"max-video-preview:-1"},"canonical":"https:\/\/www.koonings.com\/fr\/product\/sottero-midgley-forsythia-25ss893a01\/","og_locale":"fr_FR","og_type":"article","og_title":"Sottero Midgley Forsythia 25SS893A01 | Koonings","og_description":"Pour les mari\u00e9es qui aiment l'\u00e9l\u00e9gance moderne et minimaliste. La Forsythia est une robe de mari\u00e9e sir\u00e8ne en satin lisse, dot\u00e9e d'un corset subtilement fronc\u00e9 et d'un d\u00e9collet\u00e9 \u0153il de chat sophistiqu\u00e9, qui met merveilleusement en valeur votre silhouette. \u00c9l\u00e9gante, styl\u00e9e et intemporelle, cette robe allie confort et aspect luxueux. Elle est parfaite pour les mari\u00e9es qui souhaitent un look moderne et s\u00fbr de lui pour leur grand jour.","og_url":"https:\/\/www.koonings.com\/fr\/product\/sottero-midgley-forsythia-25ss893a01\/","og_site_name":"Koonings","article_publisher":"https:\/\/www.facebook.com\/kooningstheweddingpalace","og_image":[{"width":1440,"height":1920,"url":"https:\/\/www.koonings.com\/wp-content\/uploads\/2025\/09\/51317_1db06d442266cb8d403288ed3219906164fec2da130fddc196169c8868adb69162cbd2fe.jpeg","type":"image\/jpeg"}],"twitter_card":"summary_large_image","schema":{"@context":"https:\/\/schema.org","@graph":[{"@type":"WebPage","@id":"https:\/\/www.koonings.com\/fr\/product\/sottero-midgley-forsythia-25ss893a01\/","url":"https:\/\/www.koonings.com\/fr\/product\/sottero-midgley-forsythia-25ss893a01\/","name":"Sottero Midgley Forsythia 25SS893A01 | Koonings","isPartOf":{"@id":"https:\/\/www.koonings.com\/fr\/#website"},"primaryImageOfPage":{"@id":"https:\/\/www.koonings.com\/fr\/product\/sottero-midgley-forsythia-25ss893a01\/#primaryimage"},"image":{"@id":"https:\/\/www.koonings.com\/fr\/product\/sottero-midgley-forsythia-25ss893a01\/#primaryimage"},"thumbnailUrl":"https:\/\/www.koonings.com\/wp-content\/uploads\/2025\/09\/51317_1db06d442266cb8d403288ed3219906164fec2da130fddc196169c8868adb69162cbd2fe.jpeg","datePublished":"2026-04-28T16:38:46+00:00","description":"Pour les mari\u00e9es qui aiment l'\u00e9l\u00e9gance moderne et minimaliste. La Forsythia est une robe de mari\u00e9e sir\u00e8ne en satin lisse, dot\u00e9e d'un corset subtilement fronc\u00e9 et d'un d\u00e9collet\u00e9 \u0153il de chat sophistiqu\u00e9, qui met merveilleusement en valeur votre silhouette. \u00c9l\u00e9gante, styl\u00e9e et intemporelle, cette robe allie confort et aspect luxueux. Elle est parfaite pour les mari\u00e9es qui souhaitent un look moderne et s\u00fbr de lui pour leur grand jour.","breadcrumb":{"@id":"https:\/\/www.koonings.com\/fr\/product\/sottero-midgley-forsythia-25ss893a01\/#breadcrumb"},"inLanguage":"fr-FR","potentialAction":[{"@type":"ReadAction","target":["https:\/\/www.koonings.com\/fr\/product\/sottero-midgley-forsythia-25ss893a01\/"]}]},{"@type":"ImageObject","inLanguage":"fr-FR","@id":"https:\/\/www.koonings.com\/fr\/product\/sottero-midgley-forsythia-25ss893a01\/#primaryimage","url":"https:\/\/www.koonings.com\/wp-content\/uploads\/2025\/09\/51317_1db06d442266cb8d403288ed3219906164fec2da130fddc196169c8868adb69162cbd2fe.jpeg","contentUrl":"https:\/\/www.koonings.com\/wp-content\/uploads\/2025\/09\/51317_1db06d442266cb8d403288ed3219906164fec2da130fddc196169c8868adb69162cbd2fe.jpeg","width":1440,"height":1920},{"@type":"BreadcrumbList","@id":"https:\/\/www.koonings.com\/fr\/product\/sottero-midgley-forsythia-25ss893a01\/#breadcrumb","itemListElement":[{"@type":"ListItem","position":1,"name":"Home","item":"https:\/\/www.koonings.com\/fr\/"},{"@type":"ListItem","position":2,"name":"Sottero Midgley Forsythia 25SS893A01"}]},{"@type":"WebSite","@id":"https:\/\/www.koonings.com\/fr\/#website","url":"https:\/\/www.koonings.com\/fr\/","name":"Koonings","description":"De grootste bruidsmodewinkel ter wereld","publisher":{"@id":"https:\/\/www.koonings.com\/fr\/#organization"},"potentialAction":[{"@type":"SearchAction","target":{"@type":"EntryPoint","urlTemplate":"https:\/\/www.koonings.com\/fr\/?s={search_term_string}"},"query-input":{"@type":"PropertyValueSpecification","valueRequired":true,"valueName":"search_term_string"}}],"inLanguage":"fr-FR"},{"@type":"Organization","@id":"https:\/\/www.koonings.com\/fr\/#organization","name":"Koonings","url":"https:\/\/www.koonings.com\/fr\/","logo":{"@type":"ImageObject","inLanguage":"fr-FR","@id":"https:\/\/www.koonings.com\/fr\/#\/schema\/logo\/image\/","url":"https:\/\/www.koonings.com\/wp-content\/uploads\/2024\/07\/logo.png","contentUrl":"https:\/\/www.koonings.com\/wp-content\/uploads\/2024\/07\/logo.png","width":600,"height":428,"caption":"Koonings"},"image":{"@id":"https:\/\/www.koonings.com\/fr\/#\/schema\/logo\/image\/"},"sameAs":["https:\/\/www.facebook.com\/kooningstheweddingpalace","https:\/\/www.instagram.com\/kooningstheweddingpalace","https:\/\/www.pinterest.com\/koonings","https:\/\/www.youtube.com\/kooningstheweddingpalace"]}]}},"_links":{"self":[{"href":"https:\/\/www.koonings.com\/fr\/wp-json\/wp\/v2\/product\/93688","targetHints":{"allow":["GET"]}}],"collection":[{"href":"https:\/\/www.koonings.com\/fr\/wp-json\/wp\/v2\/product"}],"about":[{"href":"https:\/\/www.koonings.com\/fr\/wp-json\/wp\/v2\/types\/product"}],"wp:featuredmedia":[{"embeddable":true,"href":"https:\/\/www.koonings.com\/fr\/wp-json\/wp\/v2\/media\/93280"}],"wp:attachment":[{"href":"https:\/\/www.koonings.com\/fr\/wp-json\/wp\/v2\/media?parent=93688"}],"wp:term":[{"taxonomy":"productdetails","embeddable":true,"href":"https:\/\/www.koonings.com\/fr\/wp-json\/wp\/v2\/productdetails?post=93688"},{"taxonomy":"productneck","embeddable":true,"href":"https:\/\/www.koonings.com\/fr\/wp-json\/wp\/v2\/productneck?post=93688"},{"taxonomy":"productcolor","embeddable":true,"href":"https:\/\/www.koonings.com\/fr\/wp-json\/wp\/v2\/productcolor?post=93688"},{"taxonomy":"maat","embeddable":true,"href":"https:\/\/www.koonings.com\/fr\/wp-json\/wp\/v2\/maat?post=93688"},{"taxonomy":"productsupplier","embeddable":true,"href":"https:\/\/www.koonings.com\/fr\/wp-json\/wp\/v2\/productsupplier?post=93688"},{"taxonomy":"productsleeve","embeddable":true,"href":"https:\/\/www.koonings.com\/fr\/wp-json\/wp\/v2\/productsleeve?post=93688"},{"taxonomy":"productcategory","embeddable":true,"href":"https:\/\/www.koonings.com\/fr\/wp-json\/wp\/v2\/productcategory?post=93688"},{"taxonomy":"productsilhouette","embeddable":true,"href":"https:\/\/www.koonings.com\/fr\/wp-json\/wp\/v2\/productsilhouette?post=93688"},{"taxonomy":"productstyle","embeddable":true,"href":"https:\/\/www.koonings.com\/fr\/wp-json\/wp\/v2\/productstyle?post=93688"}],"curies":[{"name":"wp","href":"https:\/\/api.w.org\/{rel}","templated":true}]}}