{"id":93685,"date":"2026-04-28T18:36:11","date_gmt":"2026-04-28T16:36:11","guid":{"rendered":"https:\/\/www.koonings.com\/product\/libelle-myra\/"},"modified":"2026-04-14T15:40:06","modified_gmt":"2026-04-14T13:40:06","slug":"libelle-myra","status":"publish","type":"product","link":"https:\/\/www.koonings.com\/fr\/product\/libelle-myra\/","title":{"rendered":"Libelle Myra"},"content":{"rendered":"<p>La robe Myra est une captivante robe de dentelle ajust\u00e9e et \u00e9vas\u00e9e, con\u00e7ue avec un d\u00e9collet\u00e9 en V flatteur et un dos ouvert qui ajoute une touche d&#8217;allure. La tra\u00eene de longueur chapelle s&#8217;\u00e9coule \u00e9l\u00e9gamment vers l&#8217;arri\u00e8re, ce qui en fait un choix intemporel pour les mari\u00e9es romantiques modernes. <\/p>\n","protected":false},"featured_media":93481,"template":"","meta":{"_acf_changed":false,"ghostkit_customizer_options":"","ghostkit_custom_css":"","ghostkit_custom_js_head":"","ghostkit_custom_js_foot":"","ghostkit_typography":""},"productdetails":[376],"productneck":[356],"productcolor":[393,392],"maat":[],"productsupplier":[428],"productsleeve":[359],"productcategory":[18],"productsilhouette":[387],"productstyle":[371,366],"class_list":["post-93685","product","type-product","status-publish","has-post-thumbnail","hentry","productdetails-376","productneck-356","productcolor-393","productcolor-392","productsupplier-libelle","productsleeve-359","productcategory-trouwjurken","productsilhouette-387","productstyle-371","productstyle-366"],"acf":[],"yoast_head":"<!-- This site is optimized with the Yoast SEO plugin v27.3 - https:\/\/yoast.com\/product\/yoast-seo-wordpress\/ -->\n<title>Libelle Myra | Koonings<\/title>\n<meta name=\"description\" content=\"La robe Myra est une captivante robe de dentelle ajust\u00e9e et \u00e9vas\u00e9e, con\u00e7ue avec un d\u00e9collet\u00e9 en V flatteur et un dos ouvert qui ajoute une touche d&#039;allure. La tra\u00eene de longueur chapelle s&#039;\u00e9coule \u00e9l\u00e9gamment vers l&#039;arri\u00e8re, ce qui en fait un choix intemporel pour les mari\u00e9es romantiques modernes.\" \/>\n<meta name=\"robots\" content=\"index, follow, max-snippet:-1, max-image-preview:large, max-video-preview:-1\" \/>\n<link rel=\"canonical\" href=\"https:\/\/www.koonings.com\/fr\/product\/libelle-myra\/\" \/>\n<meta property=\"og:locale\" content=\"fr_FR\" \/>\n<meta property=\"og:type\" content=\"article\" \/>\n<meta property=\"og:title\" content=\"Libelle Myra | Koonings\" \/>\n<meta property=\"og:description\" content=\"La robe Myra est une captivante robe de dentelle ajust\u00e9e et \u00e9vas\u00e9e, con\u00e7ue avec un d\u00e9collet\u00e9 en V flatteur et un dos ouvert qui ajoute une touche d&#039;allure. La tra\u00eene de longueur chapelle s&#039;\u00e9coule \u00e9l\u00e9gamment vers l&#039;arri\u00e8re, ce qui en fait un choix intemporel pour les mari\u00e9es romantiques modernes.\" \/>\n<meta property=\"og:url\" content=\"https:\/\/www.koonings.com\/fr\/product\/libelle-myra\/\" \/>\n<meta property=\"og:site_name\" content=\"Koonings\" \/>\n<meta property=\"article:publisher\" content=\"https:\/\/www.facebook.com\/kooningstheweddingpalace\" \/>\n<meta property=\"og:image\" content=\"https:\/\/www.koonings.com\/wp-content\/uploads\/2025\/09\/51109_b6ae4cd40e0d908152628ee22d78cfef37fc0e174aa1fdc1a1d774335b082c3477d78200.jpeg\" \/>\n\t<meta property=\"og:image:width\" content=\"1358\" \/>\n\t<meta property=\"og:image:height\" content=\"1921\" \/>\n\t<meta property=\"og:image:type\" content=\"image\/jpeg\" \/>\n<meta name=\"twitter:card\" content=\"summary_large_image\" \/>\n<script type=\"application\/ld+json\" class=\"yoast-schema-graph\">{\"@context\":\"https:\\\/\\\/schema.org\",\"@graph\":[{\"@type\":\"WebPage\",\"@id\":\"https:\\\/\\\/www.koonings.com\\\/fr\\\/product\\\/libelle-myra\\\/\",\"url\":\"https:\\\/\\\/www.koonings.com\\\/fr\\\/product\\\/libelle-myra\\\/\",\"name\":\"Libelle Myra | Koonings\",\"isPartOf\":{\"@id\":\"https:\\\/\\\/www.koonings.com\\\/fr\\\/#website\"},\"primaryImageOfPage\":{\"@id\":\"https:\\\/\\\/www.koonings.com\\\/fr\\\/product\\\/libelle-myra\\\/#primaryimage\"},\"image\":{\"@id\":\"https:\\\/\\\/www.koonings.com\\\/fr\\\/product\\\/libelle-myra\\\/#primaryimage\"},\"thumbnailUrl\":\"https:\\\/\\\/www.koonings.com\\\/wp-content\\\/uploads\\\/2025\\\/09\\\/51109_b6ae4cd40e0d908152628ee22d78cfef37fc0e174aa1fdc1a1d774335b082c3477d78200.jpeg\",\"datePublished\":\"2026-04-28T16:36:11+00:00\",\"description\":\"La robe Myra est une captivante robe de dentelle ajust\u00e9e et \u00e9vas\u00e9e, con\u00e7ue avec un d\u00e9collet\u00e9 en V flatteur et un dos ouvert qui ajoute une touche d'allure. La tra\u00eene de longueur chapelle s'\u00e9coule \u00e9l\u00e9gamment vers l'arri\u00e8re, ce qui en fait un choix intemporel pour les mari\u00e9es romantiques modernes.\",\"breadcrumb\":{\"@id\":\"https:\\\/\\\/www.koonings.com\\\/fr\\\/product\\\/libelle-myra\\\/#breadcrumb\"},\"inLanguage\":\"fr-FR\",\"potentialAction\":[{\"@type\":\"ReadAction\",\"target\":[\"https:\\\/\\\/www.koonings.com\\\/fr\\\/product\\\/libelle-myra\\\/\"]}]},{\"@type\":\"ImageObject\",\"inLanguage\":\"fr-FR\",\"@id\":\"https:\\\/\\\/www.koonings.com\\\/fr\\\/product\\\/libelle-myra\\\/#primaryimage\",\"url\":\"https:\\\/\\\/www.koonings.com\\\/wp-content\\\/uploads\\\/2025\\\/09\\\/51109_b6ae4cd40e0d908152628ee22d78cfef37fc0e174aa1fdc1a1d774335b082c3477d78200.jpeg\",\"contentUrl\":\"https:\\\/\\\/www.koonings.com\\\/wp-content\\\/uploads\\\/2025\\\/09\\\/51109_b6ae4cd40e0d908152628ee22d78cfef37fc0e174aa1fdc1a1d774335b082c3477d78200.jpeg\",\"width\":1358,\"height\":1921},{\"@type\":\"BreadcrumbList\",\"@id\":\"https:\\\/\\\/www.koonings.com\\\/fr\\\/product\\\/libelle-myra\\\/#breadcrumb\",\"itemListElement\":[{\"@type\":\"ListItem\",\"position\":1,\"name\":\"Home\",\"item\":\"https:\\\/\\\/www.koonings.com\\\/fr\\\/\"},{\"@type\":\"ListItem\",\"position\":2,\"name\":\"Libelle Myra\"}]},{\"@type\":\"WebSite\",\"@id\":\"https:\\\/\\\/www.koonings.com\\\/fr\\\/#website\",\"url\":\"https:\\\/\\\/www.koonings.com\\\/fr\\\/\",\"name\":\"Koonings\",\"description\":\"De grootste bruidsmodewinkel ter wereld\",\"publisher\":{\"@id\":\"https:\\\/\\\/www.koonings.com\\\/fr\\\/#organization\"},\"potentialAction\":[{\"@type\":\"SearchAction\",\"target\":{\"@type\":\"EntryPoint\",\"urlTemplate\":\"https:\\\/\\\/www.koonings.com\\\/fr\\\/?s={search_term_string}\"},\"query-input\":{\"@type\":\"PropertyValueSpecification\",\"valueRequired\":true,\"valueName\":\"search_term_string\"}}],\"inLanguage\":\"fr-FR\"},{\"@type\":\"Organization\",\"@id\":\"https:\\\/\\\/www.koonings.com\\\/fr\\\/#organization\",\"name\":\"Koonings\",\"url\":\"https:\\\/\\\/www.koonings.com\\\/fr\\\/\",\"logo\":{\"@type\":\"ImageObject\",\"inLanguage\":\"fr-FR\",\"@id\":\"https:\\\/\\\/www.koonings.com\\\/fr\\\/#\\\/schema\\\/logo\\\/image\\\/\",\"url\":\"https:\\\/\\\/www.koonings.com\\\/wp-content\\\/uploads\\\/2024\\\/07\\\/logo.png\",\"contentUrl\":\"https:\\\/\\\/www.koonings.com\\\/wp-content\\\/uploads\\\/2024\\\/07\\\/logo.png\",\"width\":600,\"height\":428,\"caption\":\"Koonings\"},\"image\":{\"@id\":\"https:\\\/\\\/www.koonings.com\\\/fr\\\/#\\\/schema\\\/logo\\\/image\\\/\"},\"sameAs\":[\"https:\\\/\\\/www.facebook.com\\\/kooningstheweddingpalace\",\"https:\\\/\\\/www.instagram.com\\\/kooningstheweddingpalace\",\"https:\\\/\\\/www.pinterest.com\\\/koonings\",\"https:\\\/\\\/www.youtube.com\\\/kooningstheweddingpalace\"]}]}<\/script>\n<!-- \/ Yoast SEO plugin. -->","yoast_head_json":{"title":"Libelle Myra | Koonings","description":"La robe Myra est une captivante robe de dentelle ajust\u00e9e et \u00e9vas\u00e9e, con\u00e7ue avec un d\u00e9collet\u00e9 en V flatteur et un dos ouvert qui ajoute une touche d'allure. La tra\u00eene de longueur chapelle s'\u00e9coule \u00e9l\u00e9gamment vers l'arri\u00e8re, ce qui en fait un choix intemporel pour les mari\u00e9es romantiques modernes.","robots":{"index":"index","follow":"follow","max-snippet":"max-snippet:-1","max-image-preview":"max-image-preview:large","max-video-preview":"max-video-preview:-1"},"canonical":"https:\/\/www.koonings.com\/fr\/product\/libelle-myra\/","og_locale":"fr_FR","og_type":"article","og_title":"Libelle Myra | Koonings","og_description":"La robe Myra est une captivante robe de dentelle ajust\u00e9e et \u00e9vas\u00e9e, con\u00e7ue avec un d\u00e9collet\u00e9 en V flatteur et un dos ouvert qui ajoute une touche d'allure. La tra\u00eene de longueur chapelle s'\u00e9coule \u00e9l\u00e9gamment vers l'arri\u00e8re, ce qui en fait un choix intemporel pour les mari\u00e9es romantiques modernes.","og_url":"https:\/\/www.koonings.com\/fr\/product\/libelle-myra\/","og_site_name":"Koonings","article_publisher":"https:\/\/www.facebook.com\/kooningstheweddingpalace","og_image":[{"width":1358,"height":1921,"url":"https:\/\/www.koonings.com\/wp-content\/uploads\/2025\/09\/51109_b6ae4cd40e0d908152628ee22d78cfef37fc0e174aa1fdc1a1d774335b082c3477d78200.jpeg","type":"image\/jpeg"}],"twitter_card":"summary_large_image","schema":{"@context":"https:\/\/schema.org","@graph":[{"@type":"WebPage","@id":"https:\/\/www.koonings.com\/fr\/product\/libelle-myra\/","url":"https:\/\/www.koonings.com\/fr\/product\/libelle-myra\/","name":"Libelle Myra | Koonings","isPartOf":{"@id":"https:\/\/www.koonings.com\/fr\/#website"},"primaryImageOfPage":{"@id":"https:\/\/www.koonings.com\/fr\/product\/libelle-myra\/#primaryimage"},"image":{"@id":"https:\/\/www.koonings.com\/fr\/product\/libelle-myra\/#primaryimage"},"thumbnailUrl":"https:\/\/www.koonings.com\/wp-content\/uploads\/2025\/09\/51109_b6ae4cd40e0d908152628ee22d78cfef37fc0e174aa1fdc1a1d774335b082c3477d78200.jpeg","datePublished":"2026-04-28T16:36:11+00:00","description":"La robe Myra est une captivante robe de dentelle ajust\u00e9e et \u00e9vas\u00e9e, con\u00e7ue avec un d\u00e9collet\u00e9 en V flatteur et un dos ouvert qui ajoute une touche d'allure. La tra\u00eene de longueur chapelle s'\u00e9coule \u00e9l\u00e9gamment vers l'arri\u00e8re, ce qui en fait un choix intemporel pour les mari\u00e9es romantiques modernes.","breadcrumb":{"@id":"https:\/\/www.koonings.com\/fr\/product\/libelle-myra\/#breadcrumb"},"inLanguage":"fr-FR","potentialAction":[{"@type":"ReadAction","target":["https:\/\/www.koonings.com\/fr\/product\/libelle-myra\/"]}]},{"@type":"ImageObject","inLanguage":"fr-FR","@id":"https:\/\/www.koonings.com\/fr\/product\/libelle-myra\/#primaryimage","url":"https:\/\/www.koonings.com\/wp-content\/uploads\/2025\/09\/51109_b6ae4cd40e0d908152628ee22d78cfef37fc0e174aa1fdc1a1d774335b082c3477d78200.jpeg","contentUrl":"https:\/\/www.koonings.com\/wp-content\/uploads\/2025\/09\/51109_b6ae4cd40e0d908152628ee22d78cfef37fc0e174aa1fdc1a1d774335b082c3477d78200.jpeg","width":1358,"height":1921},{"@type":"BreadcrumbList","@id":"https:\/\/www.koonings.com\/fr\/product\/libelle-myra\/#breadcrumb","itemListElement":[{"@type":"ListItem","position":1,"name":"Home","item":"https:\/\/www.koonings.com\/fr\/"},{"@type":"ListItem","position":2,"name":"Libelle Myra"}]},{"@type":"WebSite","@id":"https:\/\/www.koonings.com\/fr\/#website","url":"https:\/\/www.koonings.com\/fr\/","name":"Koonings","description":"De grootste bruidsmodewinkel ter wereld","publisher":{"@id":"https:\/\/www.koonings.com\/fr\/#organization"},"potentialAction":[{"@type":"SearchAction","target":{"@type":"EntryPoint","urlTemplate":"https:\/\/www.koonings.com\/fr\/?s={search_term_string}"},"query-input":{"@type":"PropertyValueSpecification","valueRequired":true,"valueName":"search_term_string"}}],"inLanguage":"fr-FR"},{"@type":"Organization","@id":"https:\/\/www.koonings.com\/fr\/#organization","name":"Koonings","url":"https:\/\/www.koonings.com\/fr\/","logo":{"@type":"ImageObject","inLanguage":"fr-FR","@id":"https:\/\/www.koonings.com\/fr\/#\/schema\/logo\/image\/","url":"https:\/\/www.koonings.com\/wp-content\/uploads\/2024\/07\/logo.png","contentUrl":"https:\/\/www.koonings.com\/wp-content\/uploads\/2024\/07\/logo.png","width":600,"height":428,"caption":"Koonings"},"image":{"@id":"https:\/\/www.koonings.com\/fr\/#\/schema\/logo\/image\/"},"sameAs":["https:\/\/www.facebook.com\/kooningstheweddingpalace","https:\/\/www.instagram.com\/kooningstheweddingpalace","https:\/\/www.pinterest.com\/koonings","https:\/\/www.youtube.com\/kooningstheweddingpalace"]}]}},"_links":{"self":[{"href":"https:\/\/www.koonings.com\/fr\/wp-json\/wp\/v2\/product\/93685","targetHints":{"allow":["GET"]}}],"collection":[{"href":"https:\/\/www.koonings.com\/fr\/wp-json\/wp\/v2\/product"}],"about":[{"href":"https:\/\/www.koonings.com\/fr\/wp-json\/wp\/v2\/types\/product"}],"wp:featuredmedia":[{"embeddable":true,"href":"https:\/\/www.koonings.com\/fr\/wp-json\/wp\/v2\/media\/93481"}],"wp:attachment":[{"href":"https:\/\/www.koonings.com\/fr\/wp-json\/wp\/v2\/media?parent=93685"}],"wp:term":[{"taxonomy":"productdetails","embeddable":true,"href":"https:\/\/www.koonings.com\/fr\/wp-json\/wp\/v2\/productdetails?post=93685"},{"taxonomy":"productneck","embeddable":true,"href":"https:\/\/www.koonings.com\/fr\/wp-json\/wp\/v2\/productneck?post=93685"},{"taxonomy":"productcolor","embeddable":true,"href":"https:\/\/www.koonings.com\/fr\/wp-json\/wp\/v2\/productcolor?post=93685"},{"taxonomy":"maat","embeddable":true,"href":"https:\/\/www.koonings.com\/fr\/wp-json\/wp\/v2\/maat?post=93685"},{"taxonomy":"productsupplier","embeddable":true,"href":"https:\/\/www.koonings.com\/fr\/wp-json\/wp\/v2\/productsupplier?post=93685"},{"taxonomy":"productsleeve","embeddable":true,"href":"https:\/\/www.koonings.com\/fr\/wp-json\/wp\/v2\/productsleeve?post=93685"},{"taxonomy":"productcategory","embeddable":true,"href":"https:\/\/www.koonings.com\/fr\/wp-json\/wp\/v2\/productcategory?post=93685"},{"taxonomy":"productsilhouette","embeddable":true,"href":"https:\/\/www.koonings.com\/fr\/wp-json\/wp\/v2\/productsilhouette?post=93685"},{"taxonomy":"productstyle","embeddable":true,"href":"https:\/\/www.koonings.com\/fr\/wp-json\/wp\/v2\/productstyle?post=93685"}],"curies":[{"name":"wp","href":"https:\/\/api.w.org\/{rel}","templated":true}]}}