{"id":93683,"date":"2026-05-06T15:38:55","date_gmt":"2026-05-06T13:38:55","guid":{"rendered":"https:\/\/www.koonings.com\/product\/rebecca-ingram-tegan-25rk291b01-manches-cs025rk291000\/"},"modified":"2026-02-18T15:53:36","modified_gmt":"2026-02-18T14:53:36","slug":"rebecca-ingram-tegan-25rk291b01-manches-cs025rk291000","status":"publish","type":"product","link":"https:\/\/www.koonings.com\/fr\/product\/rebecca-ingram-tegan-25rk291b01-manches-cs025rk291000\/","title":{"rendered":"Rebecca Ingram Tegan 25RK291B01 + manches CS025RK291000"},"content":{"rendered":"<p>Pour la mari\u00e9e qui ose briller avec un glamour sophistiqu\u00e9. La Tegan est une robe de mari\u00e9e sir\u00e8ne avec un profond d\u00e9collet\u00e9 en V, un corsage en dentelle illusion et de subtils ornements de perles qui scintillent \u00e0 chaque mouvement. <\/p>\n<p>La coupe ajust\u00e9e met \u00e9l\u00e9gamment en valeur votre silhouette, tandis que les d\u00e9tails en dentelle illusion ajoutent une touche moderne et sensuelle. Parfait pour les mari\u00e9es qui veulent \u00eatre s\u00fbres d&#8217;elles et \u00e9l\u00e9gantes le jour de leur mariage. <\/p>\n","protected":false},"featured_media":93171,"template":"","meta":{"_acf_changed":false,"ghostkit_customizer_options":"","ghostkit_custom_css":"","ghostkit_custom_js_head":"","ghostkit_custom_js_foot":"","ghostkit_typography":""},"productdetails":[379,381],"productneck":[351,356],"productcolor":[392],"maat":[375],"productsupplier":[433],"productsleeve":[359],"productcategory":[18],"productsilhouette":[387],"productstyle":[366,370],"class_list":["post-93683","product","type-product","status-publish","has-post-thumbnail","hentry","productdetails-379","productdetails-381","productneck-351","productneck-356","productcolor-392","maat-375","productsupplier-rebecca-ingram","productsleeve-359","productcategory-trouwjurken","productsilhouette-387","productstyle-366","productstyle-370"],"acf":[],"yoast_head":"<!-- This site is optimized with the Yoast SEO plugin v27.3 - https:\/\/yoast.com\/product\/yoast-seo-wordpress\/ -->\n<title>Rebecca Ingram Tegan 25RK291B01 + manches CS025RK291000 | Koonings<\/title>\n<meta name=\"description\" content=\"Pour la mari\u00e9e qui ose briller avec un glamour sophistiqu\u00e9. La Tegan est une robe de mari\u00e9e sir\u00e8ne avec un profond d\u00e9collet\u00e9 en V, un corsage en dentelle illusion et de subtils ornements de perles qui scintillent \u00e0 chaque mouvement. La coupe ajust\u00e9e met \u00e9l\u00e9gamment en valeur votre silhouette, tandis que les d\u00e9tails en dentelle illusion ajoutent une touche moderne et sensuelle. Parfait pour les mari\u00e9es qui veulent \u00eatre s\u00fbres d&#039;elles et \u00e9l\u00e9gantes le jour de leur mariage.\" \/>\n<meta name=\"robots\" content=\"index, follow, max-snippet:-1, max-image-preview:large, max-video-preview:-1\" \/>\n<link rel=\"canonical\" href=\"https:\/\/www.koonings.com\/fr\/product\/rebecca-ingram-tegan-25rk291b01-manches-cs025rk291000\/\" \/>\n<meta property=\"og:locale\" content=\"fr_FR\" \/>\n<meta property=\"og:type\" content=\"article\" \/>\n<meta property=\"og:title\" content=\"Rebecca Ingram Tegan 25RK291B01 + manches CS025RK291000 | Koonings\" \/>\n<meta property=\"og:description\" content=\"Pour la mari\u00e9e qui ose briller avec un glamour sophistiqu\u00e9. La Tegan est une robe de mari\u00e9e sir\u00e8ne avec un profond d\u00e9collet\u00e9 en V, un corsage en dentelle illusion et de subtils ornements de perles qui scintillent \u00e0 chaque mouvement. La coupe ajust\u00e9e met \u00e9l\u00e9gamment en valeur votre silhouette, tandis que les d\u00e9tails en dentelle illusion ajoutent une touche moderne et sensuelle. Parfait pour les mari\u00e9es qui veulent \u00eatre s\u00fbres d&#039;elles et \u00e9l\u00e9gantes le jour de leur mariage.\" \/>\n<meta property=\"og:url\" content=\"https:\/\/www.koonings.com\/fr\/product\/rebecca-ingram-tegan-25rk291b01-manches-cs025rk291000\/\" \/>\n<meta property=\"og:site_name\" content=\"Koonings\" \/>\n<meta property=\"article:publisher\" content=\"https:\/\/www.facebook.com\/kooningstheweddingpalace\" \/>\n<meta property=\"og:image\" content=\"https:\/\/www.koonings.com\/wp-content\/uploads\/2025\/09\/51312_01b72ccac0e0420a940faa7558f10229ba2f798a28b169c3dd210c49450525d3a44fbb26.jpeg\" \/>\n\t<meta property=\"og:image:width\" content=\"1440\" \/>\n\t<meta property=\"og:image:height\" content=\"1920\" \/>\n\t<meta property=\"og:image:type\" content=\"image\/jpeg\" \/>\n<meta name=\"twitter:card\" content=\"summary_large_image\" \/>\n<script type=\"application\/ld+json\" class=\"yoast-schema-graph\">{\"@context\":\"https:\\\/\\\/schema.org\",\"@graph\":[{\"@type\":\"WebPage\",\"@id\":\"https:\\\/\\\/www.koonings.com\\\/fr\\\/product\\\/rebecca-ingram-tegan-25rk291b01-manches-cs025rk291000\\\/\",\"url\":\"https:\\\/\\\/www.koonings.com\\\/fr\\\/product\\\/rebecca-ingram-tegan-25rk291b01-manches-cs025rk291000\\\/\",\"name\":\"Rebecca Ingram Tegan 25RK291B01 + manches CS025RK291000 | Koonings\",\"isPartOf\":{\"@id\":\"https:\\\/\\\/www.koonings.com\\\/fr\\\/#website\"},\"primaryImageOfPage\":{\"@id\":\"https:\\\/\\\/www.koonings.com\\\/fr\\\/product\\\/rebecca-ingram-tegan-25rk291b01-manches-cs025rk291000\\\/#primaryimage\"},\"image\":{\"@id\":\"https:\\\/\\\/www.koonings.com\\\/fr\\\/product\\\/rebecca-ingram-tegan-25rk291b01-manches-cs025rk291000\\\/#primaryimage\"},\"thumbnailUrl\":\"https:\\\/\\\/www.koonings.com\\\/wp-content\\\/uploads\\\/2025\\\/09\\\/51312_01b72ccac0e0420a940faa7558f10229ba2f798a28b169c3dd210c49450525d3a44fbb26.jpeg\",\"datePublished\":\"2026-05-06T13:38:55+00:00\",\"description\":\"Pour la mari\u00e9e qui ose briller avec un glamour sophistiqu\u00e9. La Tegan est une robe de mari\u00e9e sir\u00e8ne avec un profond d\u00e9collet\u00e9 en V, un corsage en dentelle illusion et de subtils ornements de perles qui scintillent \u00e0 chaque mouvement. La coupe ajust\u00e9e met \u00e9l\u00e9gamment en valeur votre silhouette, tandis que les d\u00e9tails en dentelle illusion ajoutent une touche moderne et sensuelle. Parfait pour les mari\u00e9es qui veulent \u00eatre s\u00fbres d'elles et \u00e9l\u00e9gantes le jour de leur mariage.\",\"breadcrumb\":{\"@id\":\"https:\\\/\\\/www.koonings.com\\\/fr\\\/product\\\/rebecca-ingram-tegan-25rk291b01-manches-cs025rk291000\\\/#breadcrumb\"},\"inLanguage\":\"fr-FR\",\"potentialAction\":[{\"@type\":\"ReadAction\",\"target\":[\"https:\\\/\\\/www.koonings.com\\\/fr\\\/product\\\/rebecca-ingram-tegan-25rk291b01-manches-cs025rk291000\\\/\"]}]},{\"@type\":\"ImageObject\",\"inLanguage\":\"fr-FR\",\"@id\":\"https:\\\/\\\/www.koonings.com\\\/fr\\\/product\\\/rebecca-ingram-tegan-25rk291b01-manches-cs025rk291000\\\/#primaryimage\",\"url\":\"https:\\\/\\\/www.koonings.com\\\/wp-content\\\/uploads\\\/2025\\\/09\\\/51312_01b72ccac0e0420a940faa7558f10229ba2f798a28b169c3dd210c49450525d3a44fbb26.jpeg\",\"contentUrl\":\"https:\\\/\\\/www.koonings.com\\\/wp-content\\\/uploads\\\/2025\\\/09\\\/51312_01b72ccac0e0420a940faa7558f10229ba2f798a28b169c3dd210c49450525d3a44fbb26.jpeg\",\"width\":1440,\"height\":1920},{\"@type\":\"BreadcrumbList\",\"@id\":\"https:\\\/\\\/www.koonings.com\\\/fr\\\/product\\\/rebecca-ingram-tegan-25rk291b01-manches-cs025rk291000\\\/#breadcrumb\",\"itemListElement\":[{\"@type\":\"ListItem\",\"position\":1,\"name\":\"Home\",\"item\":\"https:\\\/\\\/www.koonings.com\\\/fr\\\/\"},{\"@type\":\"ListItem\",\"position\":2,\"name\":\"Rebecca Ingram Tegan 25RK291B01 + manches CS025RK291000\"}]},{\"@type\":\"WebSite\",\"@id\":\"https:\\\/\\\/www.koonings.com\\\/fr\\\/#website\",\"url\":\"https:\\\/\\\/www.koonings.com\\\/fr\\\/\",\"name\":\"Koonings\",\"description\":\"De grootste bruidsmodewinkel ter wereld\",\"publisher\":{\"@id\":\"https:\\\/\\\/www.koonings.com\\\/fr\\\/#organization\"},\"potentialAction\":[{\"@type\":\"SearchAction\",\"target\":{\"@type\":\"EntryPoint\",\"urlTemplate\":\"https:\\\/\\\/www.koonings.com\\\/fr\\\/?s={search_term_string}\"},\"query-input\":{\"@type\":\"PropertyValueSpecification\",\"valueRequired\":true,\"valueName\":\"search_term_string\"}}],\"inLanguage\":\"fr-FR\"},{\"@type\":\"Organization\",\"@id\":\"https:\\\/\\\/www.koonings.com\\\/fr\\\/#organization\",\"name\":\"Koonings\",\"url\":\"https:\\\/\\\/www.koonings.com\\\/fr\\\/\",\"logo\":{\"@type\":\"ImageObject\",\"inLanguage\":\"fr-FR\",\"@id\":\"https:\\\/\\\/www.koonings.com\\\/fr\\\/#\\\/schema\\\/logo\\\/image\\\/\",\"url\":\"https:\\\/\\\/www.koonings.com\\\/wp-content\\\/uploads\\\/2024\\\/07\\\/logo.png\",\"contentUrl\":\"https:\\\/\\\/www.koonings.com\\\/wp-content\\\/uploads\\\/2024\\\/07\\\/logo.png\",\"width\":600,\"height\":428,\"caption\":\"Koonings\"},\"image\":{\"@id\":\"https:\\\/\\\/www.koonings.com\\\/fr\\\/#\\\/schema\\\/logo\\\/image\\\/\"},\"sameAs\":[\"https:\\\/\\\/www.facebook.com\\\/kooningstheweddingpalace\",\"https:\\\/\\\/www.instagram.com\\\/kooningstheweddingpalace\",\"https:\\\/\\\/www.pinterest.com\\\/koonings\",\"https:\\\/\\\/www.youtube.com\\\/kooningstheweddingpalace\"]}]}<\/script>\n<!-- \/ Yoast SEO plugin. -->","yoast_head_json":{"title":"Rebecca Ingram Tegan 25RK291B01 + manches CS025RK291000 | Koonings","description":"Pour la mari\u00e9e qui ose briller avec un glamour sophistiqu\u00e9. La Tegan est une robe de mari\u00e9e sir\u00e8ne avec un profond d\u00e9collet\u00e9 en V, un corsage en dentelle illusion et de subtils ornements de perles qui scintillent \u00e0 chaque mouvement. La coupe ajust\u00e9e met \u00e9l\u00e9gamment en valeur votre silhouette, tandis que les d\u00e9tails en dentelle illusion ajoutent une touche moderne et sensuelle. Parfait pour les mari\u00e9es qui veulent \u00eatre s\u00fbres d'elles et \u00e9l\u00e9gantes le jour de leur mariage.","robots":{"index":"index","follow":"follow","max-snippet":"max-snippet:-1","max-image-preview":"max-image-preview:large","max-video-preview":"max-video-preview:-1"},"canonical":"https:\/\/www.koonings.com\/fr\/product\/rebecca-ingram-tegan-25rk291b01-manches-cs025rk291000\/","og_locale":"fr_FR","og_type":"article","og_title":"Rebecca Ingram Tegan 25RK291B01 + manches CS025RK291000 | Koonings","og_description":"Pour la mari\u00e9e qui ose briller avec un glamour sophistiqu\u00e9. La Tegan est une robe de mari\u00e9e sir\u00e8ne avec un profond d\u00e9collet\u00e9 en V, un corsage en dentelle illusion et de subtils ornements de perles qui scintillent \u00e0 chaque mouvement. La coupe ajust\u00e9e met \u00e9l\u00e9gamment en valeur votre silhouette, tandis que les d\u00e9tails en dentelle illusion ajoutent une touche moderne et sensuelle. Parfait pour les mari\u00e9es qui veulent \u00eatre s\u00fbres d'elles et \u00e9l\u00e9gantes le jour de leur mariage.","og_url":"https:\/\/www.koonings.com\/fr\/product\/rebecca-ingram-tegan-25rk291b01-manches-cs025rk291000\/","og_site_name":"Koonings","article_publisher":"https:\/\/www.facebook.com\/kooningstheweddingpalace","og_image":[{"width":1440,"height":1920,"url":"https:\/\/www.koonings.com\/wp-content\/uploads\/2025\/09\/51312_01b72ccac0e0420a940faa7558f10229ba2f798a28b169c3dd210c49450525d3a44fbb26.jpeg","type":"image\/jpeg"}],"twitter_card":"summary_large_image","schema":{"@context":"https:\/\/schema.org","@graph":[{"@type":"WebPage","@id":"https:\/\/www.koonings.com\/fr\/product\/rebecca-ingram-tegan-25rk291b01-manches-cs025rk291000\/","url":"https:\/\/www.koonings.com\/fr\/product\/rebecca-ingram-tegan-25rk291b01-manches-cs025rk291000\/","name":"Rebecca Ingram Tegan 25RK291B01 + manches CS025RK291000 | Koonings","isPartOf":{"@id":"https:\/\/www.koonings.com\/fr\/#website"},"primaryImageOfPage":{"@id":"https:\/\/www.koonings.com\/fr\/product\/rebecca-ingram-tegan-25rk291b01-manches-cs025rk291000\/#primaryimage"},"image":{"@id":"https:\/\/www.koonings.com\/fr\/product\/rebecca-ingram-tegan-25rk291b01-manches-cs025rk291000\/#primaryimage"},"thumbnailUrl":"https:\/\/www.koonings.com\/wp-content\/uploads\/2025\/09\/51312_01b72ccac0e0420a940faa7558f10229ba2f798a28b169c3dd210c49450525d3a44fbb26.jpeg","datePublished":"2026-05-06T13:38:55+00:00","description":"Pour la mari\u00e9e qui ose briller avec un glamour sophistiqu\u00e9. La Tegan est une robe de mari\u00e9e sir\u00e8ne avec un profond d\u00e9collet\u00e9 en V, un corsage en dentelle illusion et de subtils ornements de perles qui scintillent \u00e0 chaque mouvement. La coupe ajust\u00e9e met \u00e9l\u00e9gamment en valeur votre silhouette, tandis que les d\u00e9tails en dentelle illusion ajoutent une touche moderne et sensuelle. Parfait pour les mari\u00e9es qui veulent \u00eatre s\u00fbres d'elles et \u00e9l\u00e9gantes le jour de leur mariage.","breadcrumb":{"@id":"https:\/\/www.koonings.com\/fr\/product\/rebecca-ingram-tegan-25rk291b01-manches-cs025rk291000\/#breadcrumb"},"inLanguage":"fr-FR","potentialAction":[{"@type":"ReadAction","target":["https:\/\/www.koonings.com\/fr\/product\/rebecca-ingram-tegan-25rk291b01-manches-cs025rk291000\/"]}]},{"@type":"ImageObject","inLanguage":"fr-FR","@id":"https:\/\/www.koonings.com\/fr\/product\/rebecca-ingram-tegan-25rk291b01-manches-cs025rk291000\/#primaryimage","url":"https:\/\/www.koonings.com\/wp-content\/uploads\/2025\/09\/51312_01b72ccac0e0420a940faa7558f10229ba2f798a28b169c3dd210c49450525d3a44fbb26.jpeg","contentUrl":"https:\/\/www.koonings.com\/wp-content\/uploads\/2025\/09\/51312_01b72ccac0e0420a940faa7558f10229ba2f798a28b169c3dd210c49450525d3a44fbb26.jpeg","width":1440,"height":1920},{"@type":"BreadcrumbList","@id":"https:\/\/www.koonings.com\/fr\/product\/rebecca-ingram-tegan-25rk291b01-manches-cs025rk291000\/#breadcrumb","itemListElement":[{"@type":"ListItem","position":1,"name":"Home","item":"https:\/\/www.koonings.com\/fr\/"},{"@type":"ListItem","position":2,"name":"Rebecca Ingram Tegan 25RK291B01 + manches CS025RK291000"}]},{"@type":"WebSite","@id":"https:\/\/www.koonings.com\/fr\/#website","url":"https:\/\/www.koonings.com\/fr\/","name":"Koonings","description":"De grootste bruidsmodewinkel ter wereld","publisher":{"@id":"https:\/\/www.koonings.com\/fr\/#organization"},"potentialAction":[{"@type":"SearchAction","target":{"@type":"EntryPoint","urlTemplate":"https:\/\/www.koonings.com\/fr\/?s={search_term_string}"},"query-input":{"@type":"PropertyValueSpecification","valueRequired":true,"valueName":"search_term_string"}}],"inLanguage":"fr-FR"},{"@type":"Organization","@id":"https:\/\/www.koonings.com\/fr\/#organization","name":"Koonings","url":"https:\/\/www.koonings.com\/fr\/","logo":{"@type":"ImageObject","inLanguage":"fr-FR","@id":"https:\/\/www.koonings.com\/fr\/#\/schema\/logo\/image\/","url":"https:\/\/www.koonings.com\/wp-content\/uploads\/2024\/07\/logo.png","contentUrl":"https:\/\/www.koonings.com\/wp-content\/uploads\/2024\/07\/logo.png","width":600,"height":428,"caption":"Koonings"},"image":{"@id":"https:\/\/www.koonings.com\/fr\/#\/schema\/logo\/image\/"},"sameAs":["https:\/\/www.facebook.com\/kooningstheweddingpalace","https:\/\/www.instagram.com\/kooningstheweddingpalace","https:\/\/www.pinterest.com\/koonings","https:\/\/www.youtube.com\/kooningstheweddingpalace"]}]}},"_links":{"self":[{"href":"https:\/\/www.koonings.com\/fr\/wp-json\/wp\/v2\/product\/93683","targetHints":{"allow":["GET"]}}],"collection":[{"href":"https:\/\/www.koonings.com\/fr\/wp-json\/wp\/v2\/product"}],"about":[{"href":"https:\/\/www.koonings.com\/fr\/wp-json\/wp\/v2\/types\/product"}],"wp:featuredmedia":[{"embeddable":true,"href":"https:\/\/www.koonings.com\/fr\/wp-json\/wp\/v2\/media\/93171"}],"wp:attachment":[{"href":"https:\/\/www.koonings.com\/fr\/wp-json\/wp\/v2\/media?parent=93683"}],"wp:term":[{"taxonomy":"productdetails","embeddable":true,"href":"https:\/\/www.koonings.com\/fr\/wp-json\/wp\/v2\/productdetails?post=93683"},{"taxonomy":"productneck","embeddable":true,"href":"https:\/\/www.koonings.com\/fr\/wp-json\/wp\/v2\/productneck?post=93683"},{"taxonomy":"productcolor","embeddable":true,"href":"https:\/\/www.koonings.com\/fr\/wp-json\/wp\/v2\/productcolor?post=93683"},{"taxonomy":"maat","embeddable":true,"href":"https:\/\/www.koonings.com\/fr\/wp-json\/wp\/v2\/maat?post=93683"},{"taxonomy":"productsupplier","embeddable":true,"href":"https:\/\/www.koonings.com\/fr\/wp-json\/wp\/v2\/productsupplier?post=93683"},{"taxonomy":"productsleeve","embeddable":true,"href":"https:\/\/www.koonings.com\/fr\/wp-json\/wp\/v2\/productsleeve?post=93683"},{"taxonomy":"productcategory","embeddable":true,"href":"https:\/\/www.koonings.com\/fr\/wp-json\/wp\/v2\/productcategory?post=93683"},{"taxonomy":"productsilhouette","embeddable":true,"href":"https:\/\/www.koonings.com\/fr\/wp-json\/wp\/v2\/productsilhouette?post=93683"},{"taxonomy":"productstyle","embeddable":true,"href":"https:\/\/www.koonings.com\/fr\/wp-json\/wp\/v2\/productstyle?post=93683"}],"curies":[{"name":"wp","href":"https:\/\/api.w.org\/{rel}","templated":true}]}}