{"id":93677,"date":"2026-04-28T18:38:36","date_gmt":"2026-04-28T16:38:36","guid":{"rendered":"https:\/\/www.koonings.com\/product\/rebecca-ingram-jalissa-25rc318a02-manches-cs025rc318000\/"},"modified":"2026-02-17T12:53:10","modified_gmt":"2026-02-17T11:53:10","slug":"rebecca-ingram-jalissa-25rc318a02-manches-cs025rc318000","status":"publish","type":"product","link":"https:\/\/www.koonings.com\/fr\/product\/rebecca-ingram-jalissa-25rc318a02-manches-cs025rc318000\/","title":{"rendered":"Rebecca Ingram Jalissa 25RC318A02 + manches CS025RC318000"},"content":{"rendered":"<p>Laissez-vous s\u00e9duire par la Jalissa, une robe de mari\u00e9e ligne A avec un effet d&#8217;illusion et des motifs floraux \u00e9tincelants. Alliant le romantisme \u00e0 une touche de glamour, cette robe vous fera briller \u00e0 chaque pas. <\/p>\n<p>Le tissu l\u00e9ger et fluide et les d\u00e9tails subtilement scintillants font de Jalissa la robe id\u00e9ale pour la mari\u00e9e qui souhaite combiner \u00e9l\u00e9gance et magie pour son grand jour.<\/p>\n","protected":false},"featured_media":92886,"template":"","meta":{"_acf_changed":false,"ghostkit_customizer_options":"","ghostkit_custom_css":"","ghostkit_custom_js_head":"","ghostkit_custom_js_foot":"","ghostkit_typography":""},"productdetails":[379,381],"productneck":[351],"productcolor":[393,392],"maat":[],"productsupplier":[433],"productsleeve":[359],"productcategory":[18],"productsilhouette":[384],"productstyle":[366],"class_list":["post-93677","product","type-product","status-publish","has-post-thumbnail","hentry","productdetails-379","productdetails-381","productneck-351","productcolor-393","productcolor-392","productsupplier-rebecca-ingram","productsleeve-359","productcategory-trouwjurken","productsilhouette-384","productstyle-366"],"acf":[],"yoast_head":"<!-- This site is optimized with the Yoast SEO plugin v27.3 - https:\/\/yoast.com\/product\/yoast-seo-wordpress\/ -->\n<title>Rebecca Ingram Jalissa 25RC318A02 + manches CS025RC318000 | Koonings<\/title>\n<meta name=\"description\" content=\"Laissez-vous s\u00e9duire par la Jalissa, une robe de mari\u00e9e ligne A avec un effet d&#039;illusion et des motifs floraux \u00e9tincelants. Alliant le romantisme \u00e0 une touche de glamour, cette robe vous fera briller \u00e0 chaque pas. Le tissu l\u00e9ger et fluide et les d\u00e9tails subtilement scintillants font de Jalissa la robe id\u00e9ale pour la mari\u00e9e qui souhaite combiner \u00e9l\u00e9gance et magie pour son grand jour.\" \/>\n<meta name=\"robots\" content=\"index, follow, max-snippet:-1, max-image-preview:large, max-video-preview:-1\" \/>\n<link rel=\"canonical\" href=\"https:\/\/www.koonings.com\/fr\/product\/rebecca-ingram-jalissa-25rc318a02-manches-cs025rc318000\/\" \/>\n<meta property=\"og:locale\" content=\"fr_FR\" \/>\n<meta property=\"og:type\" content=\"article\" \/>\n<meta property=\"og:title\" content=\"Rebecca Ingram Jalissa 25RC318A02 + manches CS025RC318000 | Koonings\" \/>\n<meta property=\"og:description\" content=\"Laissez-vous s\u00e9duire par la Jalissa, une robe de mari\u00e9e ligne A avec un effet d&#039;illusion et des motifs floraux \u00e9tincelants. Alliant le romantisme \u00e0 une touche de glamour, cette robe vous fera briller \u00e0 chaque pas. Le tissu l\u00e9ger et fluide et les d\u00e9tails subtilement scintillants font de Jalissa la robe id\u00e9ale pour la mari\u00e9e qui souhaite combiner \u00e9l\u00e9gance et magie pour son grand jour.\" \/>\n<meta property=\"og:url\" content=\"https:\/\/www.koonings.com\/fr\/product\/rebecca-ingram-jalissa-25rc318a02-manches-cs025rc318000\/\" \/>\n<meta property=\"og:site_name\" content=\"Koonings\" \/>\n<meta property=\"article:publisher\" content=\"https:\/\/www.facebook.com\/kooningstheweddingpalace\" \/>\n<meta property=\"og:image\" content=\"https:\/\/www.koonings.com\/wp-content\/uploads\/2025\/09\/51296_bdff6dad4b561213e9943f1e0a25ce3e06b44ab0d717443801b32bbf7a73f0f1a72d4040.jpeg\" \/>\n\t<meta property=\"og:image:width\" content=\"1440\" \/>\n\t<meta property=\"og:image:height\" content=\"1920\" \/>\n\t<meta property=\"og:image:type\" content=\"image\/jpeg\" \/>\n<meta name=\"twitter:card\" content=\"summary_large_image\" \/>\n<script type=\"application\/ld+json\" class=\"yoast-schema-graph\">{\"@context\":\"https:\\\/\\\/schema.org\",\"@graph\":[{\"@type\":\"WebPage\",\"@id\":\"https:\\\/\\\/www.koonings.com\\\/fr\\\/product\\\/rebecca-ingram-jalissa-25rc318a02-manches-cs025rc318000\\\/\",\"url\":\"https:\\\/\\\/www.koonings.com\\\/fr\\\/product\\\/rebecca-ingram-jalissa-25rc318a02-manches-cs025rc318000\\\/\",\"name\":\"Rebecca Ingram Jalissa 25RC318A02 + manches CS025RC318000 | Koonings\",\"isPartOf\":{\"@id\":\"https:\\\/\\\/www.koonings.com\\\/fr\\\/#website\"},\"primaryImageOfPage\":{\"@id\":\"https:\\\/\\\/www.koonings.com\\\/fr\\\/product\\\/rebecca-ingram-jalissa-25rc318a02-manches-cs025rc318000\\\/#primaryimage\"},\"image\":{\"@id\":\"https:\\\/\\\/www.koonings.com\\\/fr\\\/product\\\/rebecca-ingram-jalissa-25rc318a02-manches-cs025rc318000\\\/#primaryimage\"},\"thumbnailUrl\":\"https:\\\/\\\/www.koonings.com\\\/wp-content\\\/uploads\\\/2025\\\/09\\\/51296_bdff6dad4b561213e9943f1e0a25ce3e06b44ab0d717443801b32bbf7a73f0f1a72d4040.jpeg\",\"datePublished\":\"2026-04-28T16:38:36+00:00\",\"description\":\"Laissez-vous s\u00e9duire par la Jalissa, une robe de mari\u00e9e ligne A avec un effet d'illusion et des motifs floraux \u00e9tincelants. Alliant le romantisme \u00e0 une touche de glamour, cette robe vous fera briller \u00e0 chaque pas. Le tissu l\u00e9ger et fluide et les d\u00e9tails subtilement scintillants font de Jalissa la robe id\u00e9ale pour la mari\u00e9e qui souhaite combiner \u00e9l\u00e9gance et magie pour son grand jour.\",\"breadcrumb\":{\"@id\":\"https:\\\/\\\/www.koonings.com\\\/fr\\\/product\\\/rebecca-ingram-jalissa-25rc318a02-manches-cs025rc318000\\\/#breadcrumb\"},\"inLanguage\":\"fr-FR\",\"potentialAction\":[{\"@type\":\"ReadAction\",\"target\":[\"https:\\\/\\\/www.koonings.com\\\/fr\\\/product\\\/rebecca-ingram-jalissa-25rc318a02-manches-cs025rc318000\\\/\"]}]},{\"@type\":\"ImageObject\",\"inLanguage\":\"fr-FR\",\"@id\":\"https:\\\/\\\/www.koonings.com\\\/fr\\\/product\\\/rebecca-ingram-jalissa-25rc318a02-manches-cs025rc318000\\\/#primaryimage\",\"url\":\"https:\\\/\\\/www.koonings.com\\\/wp-content\\\/uploads\\\/2025\\\/09\\\/51296_bdff6dad4b561213e9943f1e0a25ce3e06b44ab0d717443801b32bbf7a73f0f1a72d4040.jpeg\",\"contentUrl\":\"https:\\\/\\\/www.koonings.com\\\/wp-content\\\/uploads\\\/2025\\\/09\\\/51296_bdff6dad4b561213e9943f1e0a25ce3e06b44ab0d717443801b32bbf7a73f0f1a72d4040.jpeg\",\"width\":1440,\"height\":1920},{\"@type\":\"BreadcrumbList\",\"@id\":\"https:\\\/\\\/www.koonings.com\\\/fr\\\/product\\\/rebecca-ingram-jalissa-25rc318a02-manches-cs025rc318000\\\/#breadcrumb\",\"itemListElement\":[{\"@type\":\"ListItem\",\"position\":1,\"name\":\"Home\",\"item\":\"https:\\\/\\\/www.koonings.com\\\/fr\\\/\"},{\"@type\":\"ListItem\",\"position\":2,\"name\":\"Rebecca Ingram Jalissa 25RC318A02 + manches CS025RC318000\"}]},{\"@type\":\"WebSite\",\"@id\":\"https:\\\/\\\/www.koonings.com\\\/fr\\\/#website\",\"url\":\"https:\\\/\\\/www.koonings.com\\\/fr\\\/\",\"name\":\"Koonings\",\"description\":\"De grootste bruidsmodewinkel ter wereld\",\"publisher\":{\"@id\":\"https:\\\/\\\/www.koonings.com\\\/fr\\\/#organization\"},\"potentialAction\":[{\"@type\":\"SearchAction\",\"target\":{\"@type\":\"EntryPoint\",\"urlTemplate\":\"https:\\\/\\\/www.koonings.com\\\/fr\\\/?s={search_term_string}\"},\"query-input\":{\"@type\":\"PropertyValueSpecification\",\"valueRequired\":true,\"valueName\":\"search_term_string\"}}],\"inLanguage\":\"fr-FR\"},{\"@type\":\"Organization\",\"@id\":\"https:\\\/\\\/www.koonings.com\\\/fr\\\/#organization\",\"name\":\"Koonings\",\"url\":\"https:\\\/\\\/www.koonings.com\\\/fr\\\/\",\"logo\":{\"@type\":\"ImageObject\",\"inLanguage\":\"fr-FR\",\"@id\":\"https:\\\/\\\/www.koonings.com\\\/fr\\\/#\\\/schema\\\/logo\\\/image\\\/\",\"url\":\"https:\\\/\\\/www.koonings.com\\\/wp-content\\\/uploads\\\/2024\\\/07\\\/logo.png\",\"contentUrl\":\"https:\\\/\\\/www.koonings.com\\\/wp-content\\\/uploads\\\/2024\\\/07\\\/logo.png\",\"width\":600,\"height\":428,\"caption\":\"Koonings\"},\"image\":{\"@id\":\"https:\\\/\\\/www.koonings.com\\\/fr\\\/#\\\/schema\\\/logo\\\/image\\\/\"},\"sameAs\":[\"https:\\\/\\\/www.facebook.com\\\/kooningstheweddingpalace\",\"https:\\\/\\\/www.instagram.com\\\/kooningstheweddingpalace\",\"https:\\\/\\\/www.pinterest.com\\\/koonings\",\"https:\\\/\\\/www.youtube.com\\\/kooningstheweddingpalace\"]}]}<\/script>\n<!-- \/ Yoast SEO plugin. -->","yoast_head_json":{"title":"Rebecca Ingram Jalissa 25RC318A02 + manches CS025RC318000 | Koonings","description":"Laissez-vous s\u00e9duire par la Jalissa, une robe de mari\u00e9e ligne A avec un effet d'illusion et des motifs floraux \u00e9tincelants. Alliant le romantisme \u00e0 une touche de glamour, cette robe vous fera briller \u00e0 chaque pas. Le tissu l\u00e9ger et fluide et les d\u00e9tails subtilement scintillants font de Jalissa la robe id\u00e9ale pour la mari\u00e9e qui souhaite combiner \u00e9l\u00e9gance et magie pour son grand jour.","robots":{"index":"index","follow":"follow","max-snippet":"max-snippet:-1","max-image-preview":"max-image-preview:large","max-video-preview":"max-video-preview:-1"},"canonical":"https:\/\/www.koonings.com\/fr\/product\/rebecca-ingram-jalissa-25rc318a02-manches-cs025rc318000\/","og_locale":"fr_FR","og_type":"article","og_title":"Rebecca Ingram Jalissa 25RC318A02 + manches CS025RC318000 | Koonings","og_description":"Laissez-vous s\u00e9duire par la Jalissa, une robe de mari\u00e9e ligne A avec un effet d'illusion et des motifs floraux \u00e9tincelants. Alliant le romantisme \u00e0 une touche de glamour, cette robe vous fera briller \u00e0 chaque pas. Le tissu l\u00e9ger et fluide et les d\u00e9tails subtilement scintillants font de Jalissa la robe id\u00e9ale pour la mari\u00e9e qui souhaite combiner \u00e9l\u00e9gance et magie pour son grand jour.","og_url":"https:\/\/www.koonings.com\/fr\/product\/rebecca-ingram-jalissa-25rc318a02-manches-cs025rc318000\/","og_site_name":"Koonings","article_publisher":"https:\/\/www.facebook.com\/kooningstheweddingpalace","og_image":[{"width":1440,"height":1920,"url":"https:\/\/www.koonings.com\/wp-content\/uploads\/2025\/09\/51296_bdff6dad4b561213e9943f1e0a25ce3e06b44ab0d717443801b32bbf7a73f0f1a72d4040.jpeg","type":"image\/jpeg"}],"twitter_card":"summary_large_image","schema":{"@context":"https:\/\/schema.org","@graph":[{"@type":"WebPage","@id":"https:\/\/www.koonings.com\/fr\/product\/rebecca-ingram-jalissa-25rc318a02-manches-cs025rc318000\/","url":"https:\/\/www.koonings.com\/fr\/product\/rebecca-ingram-jalissa-25rc318a02-manches-cs025rc318000\/","name":"Rebecca Ingram Jalissa 25RC318A02 + manches CS025RC318000 | Koonings","isPartOf":{"@id":"https:\/\/www.koonings.com\/fr\/#website"},"primaryImageOfPage":{"@id":"https:\/\/www.koonings.com\/fr\/product\/rebecca-ingram-jalissa-25rc318a02-manches-cs025rc318000\/#primaryimage"},"image":{"@id":"https:\/\/www.koonings.com\/fr\/product\/rebecca-ingram-jalissa-25rc318a02-manches-cs025rc318000\/#primaryimage"},"thumbnailUrl":"https:\/\/www.koonings.com\/wp-content\/uploads\/2025\/09\/51296_bdff6dad4b561213e9943f1e0a25ce3e06b44ab0d717443801b32bbf7a73f0f1a72d4040.jpeg","datePublished":"2026-04-28T16:38:36+00:00","description":"Laissez-vous s\u00e9duire par la Jalissa, une robe de mari\u00e9e ligne A avec un effet d'illusion et des motifs floraux \u00e9tincelants. Alliant le romantisme \u00e0 une touche de glamour, cette robe vous fera briller \u00e0 chaque pas. Le tissu l\u00e9ger et fluide et les d\u00e9tails subtilement scintillants font de Jalissa la robe id\u00e9ale pour la mari\u00e9e qui souhaite combiner \u00e9l\u00e9gance et magie pour son grand jour.","breadcrumb":{"@id":"https:\/\/www.koonings.com\/fr\/product\/rebecca-ingram-jalissa-25rc318a02-manches-cs025rc318000\/#breadcrumb"},"inLanguage":"fr-FR","potentialAction":[{"@type":"ReadAction","target":["https:\/\/www.koonings.com\/fr\/product\/rebecca-ingram-jalissa-25rc318a02-manches-cs025rc318000\/"]}]},{"@type":"ImageObject","inLanguage":"fr-FR","@id":"https:\/\/www.koonings.com\/fr\/product\/rebecca-ingram-jalissa-25rc318a02-manches-cs025rc318000\/#primaryimage","url":"https:\/\/www.koonings.com\/wp-content\/uploads\/2025\/09\/51296_bdff6dad4b561213e9943f1e0a25ce3e06b44ab0d717443801b32bbf7a73f0f1a72d4040.jpeg","contentUrl":"https:\/\/www.koonings.com\/wp-content\/uploads\/2025\/09\/51296_bdff6dad4b561213e9943f1e0a25ce3e06b44ab0d717443801b32bbf7a73f0f1a72d4040.jpeg","width":1440,"height":1920},{"@type":"BreadcrumbList","@id":"https:\/\/www.koonings.com\/fr\/product\/rebecca-ingram-jalissa-25rc318a02-manches-cs025rc318000\/#breadcrumb","itemListElement":[{"@type":"ListItem","position":1,"name":"Home","item":"https:\/\/www.koonings.com\/fr\/"},{"@type":"ListItem","position":2,"name":"Rebecca Ingram Jalissa 25RC318A02 + manches CS025RC318000"}]},{"@type":"WebSite","@id":"https:\/\/www.koonings.com\/fr\/#website","url":"https:\/\/www.koonings.com\/fr\/","name":"Koonings","description":"De grootste bruidsmodewinkel ter wereld","publisher":{"@id":"https:\/\/www.koonings.com\/fr\/#organization"},"potentialAction":[{"@type":"SearchAction","target":{"@type":"EntryPoint","urlTemplate":"https:\/\/www.koonings.com\/fr\/?s={search_term_string}"},"query-input":{"@type":"PropertyValueSpecification","valueRequired":true,"valueName":"search_term_string"}}],"inLanguage":"fr-FR"},{"@type":"Organization","@id":"https:\/\/www.koonings.com\/fr\/#organization","name":"Koonings","url":"https:\/\/www.koonings.com\/fr\/","logo":{"@type":"ImageObject","inLanguage":"fr-FR","@id":"https:\/\/www.koonings.com\/fr\/#\/schema\/logo\/image\/","url":"https:\/\/www.koonings.com\/wp-content\/uploads\/2024\/07\/logo.png","contentUrl":"https:\/\/www.koonings.com\/wp-content\/uploads\/2024\/07\/logo.png","width":600,"height":428,"caption":"Koonings"},"image":{"@id":"https:\/\/www.koonings.com\/fr\/#\/schema\/logo\/image\/"},"sameAs":["https:\/\/www.facebook.com\/kooningstheweddingpalace","https:\/\/www.instagram.com\/kooningstheweddingpalace","https:\/\/www.pinterest.com\/koonings","https:\/\/www.youtube.com\/kooningstheweddingpalace"]}]}},"_links":{"self":[{"href":"https:\/\/www.koonings.com\/fr\/wp-json\/wp\/v2\/product\/93677","targetHints":{"allow":["GET"]}}],"collection":[{"href":"https:\/\/www.koonings.com\/fr\/wp-json\/wp\/v2\/product"}],"about":[{"href":"https:\/\/www.koonings.com\/fr\/wp-json\/wp\/v2\/types\/product"}],"wp:featuredmedia":[{"embeddable":true,"href":"https:\/\/www.koonings.com\/fr\/wp-json\/wp\/v2\/media\/92886"}],"wp:attachment":[{"href":"https:\/\/www.koonings.com\/fr\/wp-json\/wp\/v2\/media?parent=93677"}],"wp:term":[{"taxonomy":"productdetails","embeddable":true,"href":"https:\/\/www.koonings.com\/fr\/wp-json\/wp\/v2\/productdetails?post=93677"},{"taxonomy":"productneck","embeddable":true,"href":"https:\/\/www.koonings.com\/fr\/wp-json\/wp\/v2\/productneck?post=93677"},{"taxonomy":"productcolor","embeddable":true,"href":"https:\/\/www.koonings.com\/fr\/wp-json\/wp\/v2\/productcolor?post=93677"},{"taxonomy":"maat","embeddable":true,"href":"https:\/\/www.koonings.com\/fr\/wp-json\/wp\/v2\/maat?post=93677"},{"taxonomy":"productsupplier","embeddable":true,"href":"https:\/\/www.koonings.com\/fr\/wp-json\/wp\/v2\/productsupplier?post=93677"},{"taxonomy":"productsleeve","embeddable":true,"href":"https:\/\/www.koonings.com\/fr\/wp-json\/wp\/v2\/productsleeve?post=93677"},{"taxonomy":"productcategory","embeddable":true,"href":"https:\/\/www.koonings.com\/fr\/wp-json\/wp\/v2\/productcategory?post=93677"},{"taxonomy":"productsilhouette","embeddable":true,"href":"https:\/\/www.koonings.com\/fr\/wp-json\/wp\/v2\/productsilhouette?post=93677"},{"taxonomy":"productstyle","embeddable":true,"href":"https:\/\/www.koonings.com\/fr\/wp-json\/wp\/v2\/productstyle?post=93677"}],"curies":[{"name":"wp","href":"https:\/\/api.w.org\/{rel}","templated":true}]}}