{"id":93676,"date":"2026-04-28T18:38:34","date_gmt":"2026-04-28T16:38:34","guid":{"rendered":"https:\/\/www.koonings.com\/product\/rebecca-ingram-francesca-25rs883a01-manches-ds025rs88300\/"},"modified":"2026-02-17T12:53:03","modified_gmt":"2026-02-17T11:53:03","slug":"rebecca-ingram-francesca-25rs883a01-manches-ds025rs88300","status":"publish","type":"product","link":"https:\/\/www.koonings.com\/fr\/product\/rebecca-ingram-francesca-25rs883a01-manches-ds025rs88300\/","title":{"rendered":"Rebecca Ingram Francesca 25RS883A01 + manches DS025RS88300"},"content":{"rendered":"<p>Pour la mari\u00e9e qui aime le romantisme subtil et l&#8217;\u00e9l\u00e9gance douce. La Francesca est une robe de mari\u00e9e fourreau en mousseline de soie avec un d\u00e9collet\u00e9 amusant et doux, donnant une allure r\u00eaveuse et fluide. <\/p>\n<p>L\u00e9g\u00e8re, confortable et intemporelle, Francesca vous accompagne sans effort et vous permet de briller lors de votre grand jour, sans compromis sur le style ou la sophistication.<\/p>\n","protected":false},"featured_media":92827,"template":"","meta":{"_acf_changed":false,"ghostkit_customizer_options":"","ghostkit_custom_css":"","ghostkit_custom_js_head":"","ghostkit_custom_js_foot":"","ghostkit_typography":""},"productdetails":[],"productneck":[354],"productcolor":[392],"maat":[375],"productsupplier":[433],"productsleeve":[],"productcategory":[18],"productsilhouette":[384,389],"productstyle":[365,366],"class_list":["post-93676","product","type-product","status-publish","has-post-thumbnail","hentry","productneck-354","productcolor-392","maat-375","productsupplier-rebecca-ingram","productcategory-trouwjurken","productsilhouette-384","productsilhouette-389","productstyle-365","productstyle-366"],"acf":[],"yoast_head":"<!-- This site is optimized with the Yoast SEO plugin v27.3 - https:\/\/yoast.com\/product\/yoast-seo-wordpress\/ -->\n<title>Rebecca Ingram Francesca 25RS883A01 + manches DS025RS88300 | Koonings<\/title>\n<meta name=\"description\" content=\"Pour la mari\u00e9e qui aime le romantisme subtil et l&#039;\u00e9l\u00e9gance douce. La Francesca est une robe de mari\u00e9e fourreau en mousseline de soie avec un d\u00e9collet\u00e9 amusant et doux, donnant une allure r\u00eaveuse et fluide. L\u00e9g\u00e8re, confortable et intemporelle, Francesca vous accompagne sans effort et vous permet de briller lors de votre grand jour, sans compromis sur le style ou la sophistication.\" \/>\n<meta name=\"robots\" content=\"index, follow, max-snippet:-1, max-image-preview:large, max-video-preview:-1\" \/>\n<link rel=\"canonical\" href=\"https:\/\/www.koonings.com\/fr\/product\/rebecca-ingram-francesca-25rs883a01-manches-ds025rs88300\/\" \/>\n<meta property=\"og:locale\" content=\"fr_FR\" \/>\n<meta property=\"og:type\" content=\"article\" \/>\n<meta property=\"og:title\" content=\"Rebecca Ingram Francesca 25RS883A01 + manches DS025RS88300 | Koonings\" \/>\n<meta property=\"og:description\" content=\"Pour la mari\u00e9e qui aime le romantisme subtil et l&#039;\u00e9l\u00e9gance douce. La Francesca est une robe de mari\u00e9e fourreau en mousseline de soie avec un d\u00e9collet\u00e9 amusant et doux, donnant une allure r\u00eaveuse et fluide. L\u00e9g\u00e8re, confortable et intemporelle, Francesca vous accompagne sans effort et vous permet de briller lors de votre grand jour, sans compromis sur le style ou la sophistication.\" \/>\n<meta property=\"og:url\" content=\"https:\/\/www.koonings.com\/fr\/product\/rebecca-ingram-francesca-25rs883a01-manches-ds025rs88300\/\" \/>\n<meta property=\"og:site_name\" content=\"Koonings\" \/>\n<meta property=\"article:publisher\" content=\"https:\/\/www.facebook.com\/kooningstheweddingpalace\" \/>\n<meta property=\"og:image\" content=\"https:\/\/www.koonings.com\/wp-content\/uploads\/2025\/09\/51293_d475adaa65c5662e2f781f1d9218a01536c235893572f96c98a47539da7676f7f2e27d6c.jpeg\" \/>\n\t<meta property=\"og:image:width\" content=\"1440\" \/>\n\t<meta property=\"og:image:height\" content=\"1920\" \/>\n\t<meta property=\"og:image:type\" content=\"image\/jpeg\" \/>\n<meta name=\"twitter:card\" content=\"summary_large_image\" \/>\n<script type=\"application\/ld+json\" class=\"yoast-schema-graph\">{\"@context\":\"https:\\\/\\\/schema.org\",\"@graph\":[{\"@type\":\"WebPage\",\"@id\":\"https:\\\/\\\/www.koonings.com\\\/fr\\\/product\\\/rebecca-ingram-francesca-25rs883a01-manches-ds025rs88300\\\/\",\"url\":\"https:\\\/\\\/www.koonings.com\\\/fr\\\/product\\\/rebecca-ingram-francesca-25rs883a01-manches-ds025rs88300\\\/\",\"name\":\"Rebecca Ingram Francesca 25RS883A01 + manches DS025RS88300 | Koonings\",\"isPartOf\":{\"@id\":\"https:\\\/\\\/www.koonings.com\\\/fr\\\/#website\"},\"primaryImageOfPage\":{\"@id\":\"https:\\\/\\\/www.koonings.com\\\/fr\\\/product\\\/rebecca-ingram-francesca-25rs883a01-manches-ds025rs88300\\\/#primaryimage\"},\"image\":{\"@id\":\"https:\\\/\\\/www.koonings.com\\\/fr\\\/product\\\/rebecca-ingram-francesca-25rs883a01-manches-ds025rs88300\\\/#primaryimage\"},\"thumbnailUrl\":\"https:\\\/\\\/www.koonings.com\\\/wp-content\\\/uploads\\\/2025\\\/09\\\/51293_d475adaa65c5662e2f781f1d9218a01536c235893572f96c98a47539da7676f7f2e27d6c.jpeg\",\"datePublished\":\"2026-04-28T16:38:34+00:00\",\"description\":\"Pour la mari\u00e9e qui aime le romantisme subtil et l'\u00e9l\u00e9gance douce. La Francesca est une robe de mari\u00e9e fourreau en mousseline de soie avec un d\u00e9collet\u00e9 amusant et doux, donnant une allure r\u00eaveuse et fluide. L\u00e9g\u00e8re, confortable et intemporelle, Francesca vous accompagne sans effort et vous permet de briller lors de votre grand jour, sans compromis sur le style ou la sophistication.\",\"breadcrumb\":{\"@id\":\"https:\\\/\\\/www.koonings.com\\\/fr\\\/product\\\/rebecca-ingram-francesca-25rs883a01-manches-ds025rs88300\\\/#breadcrumb\"},\"inLanguage\":\"fr-FR\",\"potentialAction\":[{\"@type\":\"ReadAction\",\"target\":[\"https:\\\/\\\/www.koonings.com\\\/fr\\\/product\\\/rebecca-ingram-francesca-25rs883a01-manches-ds025rs88300\\\/\"]}]},{\"@type\":\"ImageObject\",\"inLanguage\":\"fr-FR\",\"@id\":\"https:\\\/\\\/www.koonings.com\\\/fr\\\/product\\\/rebecca-ingram-francesca-25rs883a01-manches-ds025rs88300\\\/#primaryimage\",\"url\":\"https:\\\/\\\/www.koonings.com\\\/wp-content\\\/uploads\\\/2025\\\/09\\\/51293_d475adaa65c5662e2f781f1d9218a01536c235893572f96c98a47539da7676f7f2e27d6c.jpeg\",\"contentUrl\":\"https:\\\/\\\/www.koonings.com\\\/wp-content\\\/uploads\\\/2025\\\/09\\\/51293_d475adaa65c5662e2f781f1d9218a01536c235893572f96c98a47539da7676f7f2e27d6c.jpeg\",\"width\":1440,\"height\":1920},{\"@type\":\"BreadcrumbList\",\"@id\":\"https:\\\/\\\/www.koonings.com\\\/fr\\\/product\\\/rebecca-ingram-francesca-25rs883a01-manches-ds025rs88300\\\/#breadcrumb\",\"itemListElement\":[{\"@type\":\"ListItem\",\"position\":1,\"name\":\"Home\",\"item\":\"https:\\\/\\\/www.koonings.com\\\/fr\\\/\"},{\"@type\":\"ListItem\",\"position\":2,\"name\":\"Rebecca Ingram Francesca 25RS883A01 + manches DS025RS88300\"}]},{\"@type\":\"WebSite\",\"@id\":\"https:\\\/\\\/www.koonings.com\\\/fr\\\/#website\",\"url\":\"https:\\\/\\\/www.koonings.com\\\/fr\\\/\",\"name\":\"Koonings\",\"description\":\"De grootste bruidsmodewinkel ter wereld\",\"publisher\":{\"@id\":\"https:\\\/\\\/www.koonings.com\\\/fr\\\/#organization\"},\"potentialAction\":[{\"@type\":\"SearchAction\",\"target\":{\"@type\":\"EntryPoint\",\"urlTemplate\":\"https:\\\/\\\/www.koonings.com\\\/fr\\\/?s={search_term_string}\"},\"query-input\":{\"@type\":\"PropertyValueSpecification\",\"valueRequired\":true,\"valueName\":\"search_term_string\"}}],\"inLanguage\":\"fr-FR\"},{\"@type\":\"Organization\",\"@id\":\"https:\\\/\\\/www.koonings.com\\\/fr\\\/#organization\",\"name\":\"Koonings\",\"url\":\"https:\\\/\\\/www.koonings.com\\\/fr\\\/\",\"logo\":{\"@type\":\"ImageObject\",\"inLanguage\":\"fr-FR\",\"@id\":\"https:\\\/\\\/www.koonings.com\\\/fr\\\/#\\\/schema\\\/logo\\\/image\\\/\",\"url\":\"https:\\\/\\\/www.koonings.com\\\/wp-content\\\/uploads\\\/2024\\\/07\\\/logo.png\",\"contentUrl\":\"https:\\\/\\\/www.koonings.com\\\/wp-content\\\/uploads\\\/2024\\\/07\\\/logo.png\",\"width\":600,\"height\":428,\"caption\":\"Koonings\"},\"image\":{\"@id\":\"https:\\\/\\\/www.koonings.com\\\/fr\\\/#\\\/schema\\\/logo\\\/image\\\/\"},\"sameAs\":[\"https:\\\/\\\/www.facebook.com\\\/kooningstheweddingpalace\",\"https:\\\/\\\/www.instagram.com\\\/kooningstheweddingpalace\",\"https:\\\/\\\/www.pinterest.com\\\/koonings\",\"https:\\\/\\\/www.youtube.com\\\/kooningstheweddingpalace\"]}]}<\/script>\n<!-- \/ Yoast SEO plugin. -->","yoast_head_json":{"title":"Rebecca Ingram Francesca 25RS883A01 + manches DS025RS88300 | Koonings","description":"Pour la mari\u00e9e qui aime le romantisme subtil et l'\u00e9l\u00e9gance douce. La Francesca est une robe de mari\u00e9e fourreau en mousseline de soie avec un d\u00e9collet\u00e9 amusant et doux, donnant une allure r\u00eaveuse et fluide. L\u00e9g\u00e8re, confortable et intemporelle, Francesca vous accompagne sans effort et vous permet de briller lors de votre grand jour, sans compromis sur le style ou la sophistication.","robots":{"index":"index","follow":"follow","max-snippet":"max-snippet:-1","max-image-preview":"max-image-preview:large","max-video-preview":"max-video-preview:-1"},"canonical":"https:\/\/www.koonings.com\/fr\/product\/rebecca-ingram-francesca-25rs883a01-manches-ds025rs88300\/","og_locale":"fr_FR","og_type":"article","og_title":"Rebecca Ingram Francesca 25RS883A01 + manches DS025RS88300 | Koonings","og_description":"Pour la mari\u00e9e qui aime le romantisme subtil et l'\u00e9l\u00e9gance douce. La Francesca est une robe de mari\u00e9e fourreau en mousseline de soie avec un d\u00e9collet\u00e9 amusant et doux, donnant une allure r\u00eaveuse et fluide. L\u00e9g\u00e8re, confortable et intemporelle, Francesca vous accompagne sans effort et vous permet de briller lors de votre grand jour, sans compromis sur le style ou la sophistication.","og_url":"https:\/\/www.koonings.com\/fr\/product\/rebecca-ingram-francesca-25rs883a01-manches-ds025rs88300\/","og_site_name":"Koonings","article_publisher":"https:\/\/www.facebook.com\/kooningstheweddingpalace","og_image":[{"width":1440,"height":1920,"url":"https:\/\/www.koonings.com\/wp-content\/uploads\/2025\/09\/51293_d475adaa65c5662e2f781f1d9218a01536c235893572f96c98a47539da7676f7f2e27d6c.jpeg","type":"image\/jpeg"}],"twitter_card":"summary_large_image","schema":{"@context":"https:\/\/schema.org","@graph":[{"@type":"WebPage","@id":"https:\/\/www.koonings.com\/fr\/product\/rebecca-ingram-francesca-25rs883a01-manches-ds025rs88300\/","url":"https:\/\/www.koonings.com\/fr\/product\/rebecca-ingram-francesca-25rs883a01-manches-ds025rs88300\/","name":"Rebecca Ingram Francesca 25RS883A01 + manches DS025RS88300 | Koonings","isPartOf":{"@id":"https:\/\/www.koonings.com\/fr\/#website"},"primaryImageOfPage":{"@id":"https:\/\/www.koonings.com\/fr\/product\/rebecca-ingram-francesca-25rs883a01-manches-ds025rs88300\/#primaryimage"},"image":{"@id":"https:\/\/www.koonings.com\/fr\/product\/rebecca-ingram-francesca-25rs883a01-manches-ds025rs88300\/#primaryimage"},"thumbnailUrl":"https:\/\/www.koonings.com\/wp-content\/uploads\/2025\/09\/51293_d475adaa65c5662e2f781f1d9218a01536c235893572f96c98a47539da7676f7f2e27d6c.jpeg","datePublished":"2026-04-28T16:38:34+00:00","description":"Pour la mari\u00e9e qui aime le romantisme subtil et l'\u00e9l\u00e9gance douce. La Francesca est une robe de mari\u00e9e fourreau en mousseline de soie avec un d\u00e9collet\u00e9 amusant et doux, donnant une allure r\u00eaveuse et fluide. L\u00e9g\u00e8re, confortable et intemporelle, Francesca vous accompagne sans effort et vous permet de briller lors de votre grand jour, sans compromis sur le style ou la sophistication.","breadcrumb":{"@id":"https:\/\/www.koonings.com\/fr\/product\/rebecca-ingram-francesca-25rs883a01-manches-ds025rs88300\/#breadcrumb"},"inLanguage":"fr-FR","potentialAction":[{"@type":"ReadAction","target":["https:\/\/www.koonings.com\/fr\/product\/rebecca-ingram-francesca-25rs883a01-manches-ds025rs88300\/"]}]},{"@type":"ImageObject","inLanguage":"fr-FR","@id":"https:\/\/www.koonings.com\/fr\/product\/rebecca-ingram-francesca-25rs883a01-manches-ds025rs88300\/#primaryimage","url":"https:\/\/www.koonings.com\/wp-content\/uploads\/2025\/09\/51293_d475adaa65c5662e2f781f1d9218a01536c235893572f96c98a47539da7676f7f2e27d6c.jpeg","contentUrl":"https:\/\/www.koonings.com\/wp-content\/uploads\/2025\/09\/51293_d475adaa65c5662e2f781f1d9218a01536c235893572f96c98a47539da7676f7f2e27d6c.jpeg","width":1440,"height":1920},{"@type":"BreadcrumbList","@id":"https:\/\/www.koonings.com\/fr\/product\/rebecca-ingram-francesca-25rs883a01-manches-ds025rs88300\/#breadcrumb","itemListElement":[{"@type":"ListItem","position":1,"name":"Home","item":"https:\/\/www.koonings.com\/fr\/"},{"@type":"ListItem","position":2,"name":"Rebecca Ingram Francesca 25RS883A01 + manches DS025RS88300"}]},{"@type":"WebSite","@id":"https:\/\/www.koonings.com\/fr\/#website","url":"https:\/\/www.koonings.com\/fr\/","name":"Koonings","description":"De grootste bruidsmodewinkel ter wereld","publisher":{"@id":"https:\/\/www.koonings.com\/fr\/#organization"},"potentialAction":[{"@type":"SearchAction","target":{"@type":"EntryPoint","urlTemplate":"https:\/\/www.koonings.com\/fr\/?s={search_term_string}"},"query-input":{"@type":"PropertyValueSpecification","valueRequired":true,"valueName":"search_term_string"}}],"inLanguage":"fr-FR"},{"@type":"Organization","@id":"https:\/\/www.koonings.com\/fr\/#organization","name":"Koonings","url":"https:\/\/www.koonings.com\/fr\/","logo":{"@type":"ImageObject","inLanguage":"fr-FR","@id":"https:\/\/www.koonings.com\/fr\/#\/schema\/logo\/image\/","url":"https:\/\/www.koonings.com\/wp-content\/uploads\/2024\/07\/logo.png","contentUrl":"https:\/\/www.koonings.com\/wp-content\/uploads\/2024\/07\/logo.png","width":600,"height":428,"caption":"Koonings"},"image":{"@id":"https:\/\/www.koonings.com\/fr\/#\/schema\/logo\/image\/"},"sameAs":["https:\/\/www.facebook.com\/kooningstheweddingpalace","https:\/\/www.instagram.com\/kooningstheweddingpalace","https:\/\/www.pinterest.com\/koonings","https:\/\/www.youtube.com\/kooningstheweddingpalace"]}]}},"_links":{"self":[{"href":"https:\/\/www.koonings.com\/fr\/wp-json\/wp\/v2\/product\/93676","targetHints":{"allow":["GET"]}}],"collection":[{"href":"https:\/\/www.koonings.com\/fr\/wp-json\/wp\/v2\/product"}],"about":[{"href":"https:\/\/www.koonings.com\/fr\/wp-json\/wp\/v2\/types\/product"}],"wp:featuredmedia":[{"embeddable":true,"href":"https:\/\/www.koonings.com\/fr\/wp-json\/wp\/v2\/media\/92827"}],"wp:attachment":[{"href":"https:\/\/www.koonings.com\/fr\/wp-json\/wp\/v2\/media?parent=93676"}],"wp:term":[{"taxonomy":"productdetails","embeddable":true,"href":"https:\/\/www.koonings.com\/fr\/wp-json\/wp\/v2\/productdetails?post=93676"},{"taxonomy":"productneck","embeddable":true,"href":"https:\/\/www.koonings.com\/fr\/wp-json\/wp\/v2\/productneck?post=93676"},{"taxonomy":"productcolor","embeddable":true,"href":"https:\/\/www.koonings.com\/fr\/wp-json\/wp\/v2\/productcolor?post=93676"},{"taxonomy":"maat","embeddable":true,"href":"https:\/\/www.koonings.com\/fr\/wp-json\/wp\/v2\/maat?post=93676"},{"taxonomy":"productsupplier","embeddable":true,"href":"https:\/\/www.koonings.com\/fr\/wp-json\/wp\/v2\/productsupplier?post=93676"},{"taxonomy":"productsleeve","embeddable":true,"href":"https:\/\/www.koonings.com\/fr\/wp-json\/wp\/v2\/productsleeve?post=93676"},{"taxonomy":"productcategory","embeddable":true,"href":"https:\/\/www.koonings.com\/fr\/wp-json\/wp\/v2\/productcategory?post=93676"},{"taxonomy":"productsilhouette","embeddable":true,"href":"https:\/\/www.koonings.com\/fr\/wp-json\/wp\/v2\/productsilhouette?post=93676"},{"taxonomy":"productstyle","embeddable":true,"href":"https:\/\/www.koonings.com\/fr\/wp-json\/wp\/v2\/productstyle?post=93676"}],"curies":[{"name":"wp","href":"https:\/\/api.w.org\/{rel}","templated":true}]}}