{"id":93673,"date":"2026-04-28T18:34:49","date_gmt":"2026-04-28T16:34:49","guid":{"rendered":"https:\/\/www.koonings.com\/product\/herve-paris-roman-satin\/"},"modified":"2026-04-14T15:43:10","modified_gmt":"2026-04-14T13:43:10","slug":"herve-paris-roman-satin","status":"publish","type":"product","link":"https:\/\/www.koonings.com\/fr\/product\/herve-paris-roman-satin\/","title":{"rendered":"Herve Paris Novel-B Robe en satin"},"content":{"rendered":"<p>Pour la mari\u00e9e qui aime le drame et l&#8217;\u00e9l\u00e9gance. Cette superbe robe combine une volumineuse jupe princesse Mikado, qui cr\u00e9e une silhouette impressionnante et intemporelle, avec un haut Mikado \u00e0 encolure d\u00e9gag\u00e9e et bretelles d\u00e9collet\u00e9es, magnifiquement orn\u00e9 de fleurs en 3D. <\/p>\n<p>Les d\u00e9tails crois\u00e9s dans le dos ajoutent une touche sophistiqu\u00e9e et \u00e9l\u00e9gante, donnant \u00e0 la robe l&#8217;\u00e9quilibre parfait entre le romantisme et le design moderne. Pour celles qui pr\u00e9f\u00e8rent un look plus lisse, cette robe est \u00e9galement disponible en satin sous le nom de Novel-B. <\/p>\n","protected":false},"featured_media":93531,"template":"","meta":{"_acf_changed":false,"ghostkit_customizer_options":"","ghostkit_custom_css":"","ghostkit_custom_js_head":"","ghostkit_custom_js_foot":"","ghostkit_typography":""},"productdetails":[],"productneck":[352,354],"productcolor":[392],"maat":[],"productsupplier":[424],"productsleeve":[],"productcategory":[18],"productsilhouette":[388],"productstyle":[372,366],"class_list":["post-93673","product","type-product","status-publish","has-post-thumbnail","hentry","productneck-352","productneck-354","productcolor-392","productsupplier-herve-paris","productcategory-trouwjurken","productsilhouette-388","productstyle-372","productstyle-366"],"acf":[],"yoast_head":"<!-- This site is optimized with the Yoast SEO plugin v27.3 - https:\/\/yoast.com\/product\/yoast-seo-wordpress\/ -->\n<title>Herve Paris Novel-B Robe en satin | Koonings<\/title>\n<meta name=\"description\" content=\"Pour la mari\u00e9e qui aime le drame et l&#039;\u00e9l\u00e9gance. Cette superbe robe combine une volumineuse jupe princesse Mikado, qui cr\u00e9e une silhouette impressionnante et intemporelle, avec un haut Mikado \u00e0 encolure d\u00e9gag\u00e9e et bretelles d\u00e9collet\u00e9es, magnifiquement orn\u00e9 de fleurs en 3D. Les d\u00e9tails crois\u00e9s dans le dos ajoutent une touche sophistiqu\u00e9e et \u00e9l\u00e9gante, donnant \u00e0 la robe l&#039;\u00e9quilibre parfait entre le romantisme et le design moderne. Pour celles qui pr\u00e9f\u00e8rent un look plus lisse, cette robe est \u00e9galement disponible en satin sous le nom de Novel-B.\" \/>\n<meta name=\"robots\" content=\"index, follow, max-snippet:-1, max-image-preview:large, max-video-preview:-1\" \/>\n<link rel=\"canonical\" href=\"https:\/\/www.koonings.com\/fr\/product\/herve-paris-roman-satin\/\" \/>\n<meta property=\"og:locale\" content=\"fr_FR\" \/>\n<meta property=\"og:type\" content=\"article\" \/>\n<meta property=\"og:title\" content=\"Herve Paris Novel-B Robe en satin | Koonings\" \/>\n<meta property=\"og:description\" content=\"Pour la mari\u00e9e qui aime le drame et l&#039;\u00e9l\u00e9gance. Cette superbe robe combine une volumineuse jupe princesse Mikado, qui cr\u00e9e une silhouette impressionnante et intemporelle, avec un haut Mikado \u00e0 encolure d\u00e9gag\u00e9e et bretelles d\u00e9collet\u00e9es, magnifiquement orn\u00e9 de fleurs en 3D. Les d\u00e9tails crois\u00e9s dans le dos ajoutent une touche sophistiqu\u00e9e et \u00e9l\u00e9gante, donnant \u00e0 la robe l&#039;\u00e9quilibre parfait entre le romantisme et le design moderne. Pour celles qui pr\u00e9f\u00e8rent un look plus lisse, cette robe est \u00e9galement disponible en satin sous le nom de Novel-B.\" \/>\n<meta property=\"og:url\" content=\"https:\/\/www.koonings.com\/fr\/product\/herve-paris-roman-satin\/\" \/>\n<meta property=\"og:site_name\" content=\"Koonings\" \/>\n<meta property=\"article:publisher\" content=\"https:\/\/www.facebook.com\/kooningstheweddingpalace\" \/>\n<meta property=\"og:image\" content=\"https:\/\/www.koonings.com\/wp-content\/uploads\/2025\/09\/51073_285b1481e2407b68f79010c150c24facb9899901e56b74bba94280e3611642a696e6531b.jpeg\" \/>\n\t<meta property=\"og:image:width\" content=\"1098\" \/>\n\t<meta property=\"og:image:height\" content=\"1553\" \/>\n\t<meta property=\"og:image:type\" content=\"image\/jpeg\" \/>\n<meta name=\"twitter:card\" content=\"summary_large_image\" \/>\n<script type=\"application\/ld+json\" class=\"yoast-schema-graph\">{\"@context\":\"https:\\\/\\\/schema.org\",\"@graph\":[{\"@type\":\"WebPage\",\"@id\":\"https:\\\/\\\/www.koonings.com\\\/fr\\\/product\\\/herve-paris-roman-satin\\\/\",\"url\":\"https:\\\/\\\/www.koonings.com\\\/fr\\\/product\\\/herve-paris-roman-satin\\\/\",\"name\":\"Herve Paris Novel-B Robe en satin | Koonings\",\"isPartOf\":{\"@id\":\"https:\\\/\\\/www.koonings.com\\\/fr\\\/#website\"},\"primaryImageOfPage\":{\"@id\":\"https:\\\/\\\/www.koonings.com\\\/fr\\\/product\\\/herve-paris-roman-satin\\\/#primaryimage\"},\"image\":{\"@id\":\"https:\\\/\\\/www.koonings.com\\\/fr\\\/product\\\/herve-paris-roman-satin\\\/#primaryimage\"},\"thumbnailUrl\":\"https:\\\/\\\/www.koonings.com\\\/wp-content\\\/uploads\\\/2025\\\/09\\\/51073_285b1481e2407b68f79010c150c24facb9899901e56b74bba94280e3611642a696e6531b.jpeg\",\"datePublished\":\"2026-04-28T16:34:49+00:00\",\"description\":\"Pour la mari\u00e9e qui aime le drame et l'\u00e9l\u00e9gance. Cette superbe robe combine une volumineuse jupe princesse Mikado, qui cr\u00e9e une silhouette impressionnante et intemporelle, avec un haut Mikado \u00e0 encolure d\u00e9gag\u00e9e et bretelles d\u00e9collet\u00e9es, magnifiquement orn\u00e9 de fleurs en 3D. Les d\u00e9tails crois\u00e9s dans le dos ajoutent une touche sophistiqu\u00e9e et \u00e9l\u00e9gante, donnant \u00e0 la robe l'\u00e9quilibre parfait entre le romantisme et le design moderne. Pour celles qui pr\u00e9f\u00e8rent un look plus lisse, cette robe est \u00e9galement disponible en satin sous le nom de Novel-B.\",\"breadcrumb\":{\"@id\":\"https:\\\/\\\/www.koonings.com\\\/fr\\\/product\\\/herve-paris-roman-satin\\\/#breadcrumb\"},\"inLanguage\":\"fr-FR\",\"potentialAction\":[{\"@type\":\"ReadAction\",\"target\":[\"https:\\\/\\\/www.koonings.com\\\/fr\\\/product\\\/herve-paris-roman-satin\\\/\"]}]},{\"@type\":\"ImageObject\",\"inLanguage\":\"fr-FR\",\"@id\":\"https:\\\/\\\/www.koonings.com\\\/fr\\\/product\\\/herve-paris-roman-satin\\\/#primaryimage\",\"url\":\"https:\\\/\\\/www.koonings.com\\\/wp-content\\\/uploads\\\/2025\\\/09\\\/51073_285b1481e2407b68f79010c150c24facb9899901e56b74bba94280e3611642a696e6531b.jpeg\",\"contentUrl\":\"https:\\\/\\\/www.koonings.com\\\/wp-content\\\/uploads\\\/2025\\\/09\\\/51073_285b1481e2407b68f79010c150c24facb9899901e56b74bba94280e3611642a696e6531b.jpeg\",\"width\":1098,\"height\":1553},{\"@type\":\"BreadcrumbList\",\"@id\":\"https:\\\/\\\/www.koonings.com\\\/fr\\\/product\\\/herve-paris-roman-satin\\\/#breadcrumb\",\"itemListElement\":[{\"@type\":\"ListItem\",\"position\":1,\"name\":\"Home\",\"item\":\"https:\\\/\\\/www.koonings.com\\\/fr\\\/\"},{\"@type\":\"ListItem\",\"position\":2,\"name\":\"Herve Paris Novel-B Robe en satin\"}]},{\"@type\":\"WebSite\",\"@id\":\"https:\\\/\\\/www.koonings.com\\\/fr\\\/#website\",\"url\":\"https:\\\/\\\/www.koonings.com\\\/fr\\\/\",\"name\":\"Koonings\",\"description\":\"De grootste bruidsmodewinkel ter wereld\",\"publisher\":{\"@id\":\"https:\\\/\\\/www.koonings.com\\\/fr\\\/#organization\"},\"potentialAction\":[{\"@type\":\"SearchAction\",\"target\":{\"@type\":\"EntryPoint\",\"urlTemplate\":\"https:\\\/\\\/www.koonings.com\\\/fr\\\/?s={search_term_string}\"},\"query-input\":{\"@type\":\"PropertyValueSpecification\",\"valueRequired\":true,\"valueName\":\"search_term_string\"}}],\"inLanguage\":\"fr-FR\"},{\"@type\":\"Organization\",\"@id\":\"https:\\\/\\\/www.koonings.com\\\/fr\\\/#organization\",\"name\":\"Koonings\",\"url\":\"https:\\\/\\\/www.koonings.com\\\/fr\\\/\",\"logo\":{\"@type\":\"ImageObject\",\"inLanguage\":\"fr-FR\",\"@id\":\"https:\\\/\\\/www.koonings.com\\\/fr\\\/#\\\/schema\\\/logo\\\/image\\\/\",\"url\":\"https:\\\/\\\/www.koonings.com\\\/wp-content\\\/uploads\\\/2024\\\/07\\\/logo.png\",\"contentUrl\":\"https:\\\/\\\/www.koonings.com\\\/wp-content\\\/uploads\\\/2024\\\/07\\\/logo.png\",\"width\":600,\"height\":428,\"caption\":\"Koonings\"},\"image\":{\"@id\":\"https:\\\/\\\/www.koonings.com\\\/fr\\\/#\\\/schema\\\/logo\\\/image\\\/\"},\"sameAs\":[\"https:\\\/\\\/www.facebook.com\\\/kooningstheweddingpalace\",\"https:\\\/\\\/www.instagram.com\\\/kooningstheweddingpalace\",\"https:\\\/\\\/www.pinterest.com\\\/koonings\",\"https:\\\/\\\/www.youtube.com\\\/kooningstheweddingpalace\"]}]}<\/script>\n<!-- \/ Yoast SEO plugin. -->","yoast_head_json":{"title":"Herve Paris Novel-B Robe en satin | Koonings","description":"Pour la mari\u00e9e qui aime le drame et l'\u00e9l\u00e9gance. Cette superbe robe combine une volumineuse jupe princesse Mikado, qui cr\u00e9e une silhouette impressionnante et intemporelle, avec un haut Mikado \u00e0 encolure d\u00e9gag\u00e9e et bretelles d\u00e9collet\u00e9es, magnifiquement orn\u00e9 de fleurs en 3D. Les d\u00e9tails crois\u00e9s dans le dos ajoutent une touche sophistiqu\u00e9e et \u00e9l\u00e9gante, donnant \u00e0 la robe l'\u00e9quilibre parfait entre le romantisme et le design moderne. Pour celles qui pr\u00e9f\u00e8rent un look plus lisse, cette robe est \u00e9galement disponible en satin sous le nom de Novel-B.","robots":{"index":"index","follow":"follow","max-snippet":"max-snippet:-1","max-image-preview":"max-image-preview:large","max-video-preview":"max-video-preview:-1"},"canonical":"https:\/\/www.koonings.com\/fr\/product\/herve-paris-roman-satin\/","og_locale":"fr_FR","og_type":"article","og_title":"Herve Paris Novel-B Robe en satin | Koonings","og_description":"Pour la mari\u00e9e qui aime le drame et l'\u00e9l\u00e9gance. Cette superbe robe combine une volumineuse jupe princesse Mikado, qui cr\u00e9e une silhouette impressionnante et intemporelle, avec un haut Mikado \u00e0 encolure d\u00e9gag\u00e9e et bretelles d\u00e9collet\u00e9es, magnifiquement orn\u00e9 de fleurs en 3D. Les d\u00e9tails crois\u00e9s dans le dos ajoutent une touche sophistiqu\u00e9e et \u00e9l\u00e9gante, donnant \u00e0 la robe l'\u00e9quilibre parfait entre le romantisme et le design moderne. Pour celles qui pr\u00e9f\u00e8rent un look plus lisse, cette robe est \u00e9galement disponible en satin sous le nom de Novel-B.","og_url":"https:\/\/www.koonings.com\/fr\/product\/herve-paris-roman-satin\/","og_site_name":"Koonings","article_publisher":"https:\/\/www.facebook.com\/kooningstheweddingpalace","og_image":[{"width":1098,"height":1553,"url":"https:\/\/www.koonings.com\/wp-content\/uploads\/2025\/09\/51073_285b1481e2407b68f79010c150c24facb9899901e56b74bba94280e3611642a696e6531b.jpeg","type":"image\/jpeg"}],"twitter_card":"summary_large_image","schema":{"@context":"https:\/\/schema.org","@graph":[{"@type":"WebPage","@id":"https:\/\/www.koonings.com\/fr\/product\/herve-paris-roman-satin\/","url":"https:\/\/www.koonings.com\/fr\/product\/herve-paris-roman-satin\/","name":"Herve Paris Novel-B Robe en satin | Koonings","isPartOf":{"@id":"https:\/\/www.koonings.com\/fr\/#website"},"primaryImageOfPage":{"@id":"https:\/\/www.koonings.com\/fr\/product\/herve-paris-roman-satin\/#primaryimage"},"image":{"@id":"https:\/\/www.koonings.com\/fr\/product\/herve-paris-roman-satin\/#primaryimage"},"thumbnailUrl":"https:\/\/www.koonings.com\/wp-content\/uploads\/2025\/09\/51073_285b1481e2407b68f79010c150c24facb9899901e56b74bba94280e3611642a696e6531b.jpeg","datePublished":"2026-04-28T16:34:49+00:00","description":"Pour la mari\u00e9e qui aime le drame et l'\u00e9l\u00e9gance. Cette superbe robe combine une volumineuse jupe princesse Mikado, qui cr\u00e9e une silhouette impressionnante et intemporelle, avec un haut Mikado \u00e0 encolure d\u00e9gag\u00e9e et bretelles d\u00e9collet\u00e9es, magnifiquement orn\u00e9 de fleurs en 3D. Les d\u00e9tails crois\u00e9s dans le dos ajoutent une touche sophistiqu\u00e9e et \u00e9l\u00e9gante, donnant \u00e0 la robe l'\u00e9quilibre parfait entre le romantisme et le design moderne. Pour celles qui pr\u00e9f\u00e8rent un look plus lisse, cette robe est \u00e9galement disponible en satin sous le nom de Novel-B.","breadcrumb":{"@id":"https:\/\/www.koonings.com\/fr\/product\/herve-paris-roman-satin\/#breadcrumb"},"inLanguage":"fr-FR","potentialAction":[{"@type":"ReadAction","target":["https:\/\/www.koonings.com\/fr\/product\/herve-paris-roman-satin\/"]}]},{"@type":"ImageObject","inLanguage":"fr-FR","@id":"https:\/\/www.koonings.com\/fr\/product\/herve-paris-roman-satin\/#primaryimage","url":"https:\/\/www.koonings.com\/wp-content\/uploads\/2025\/09\/51073_285b1481e2407b68f79010c150c24facb9899901e56b74bba94280e3611642a696e6531b.jpeg","contentUrl":"https:\/\/www.koonings.com\/wp-content\/uploads\/2025\/09\/51073_285b1481e2407b68f79010c150c24facb9899901e56b74bba94280e3611642a696e6531b.jpeg","width":1098,"height":1553},{"@type":"BreadcrumbList","@id":"https:\/\/www.koonings.com\/fr\/product\/herve-paris-roman-satin\/#breadcrumb","itemListElement":[{"@type":"ListItem","position":1,"name":"Home","item":"https:\/\/www.koonings.com\/fr\/"},{"@type":"ListItem","position":2,"name":"Herve Paris Novel-B Robe en satin"}]},{"@type":"WebSite","@id":"https:\/\/www.koonings.com\/fr\/#website","url":"https:\/\/www.koonings.com\/fr\/","name":"Koonings","description":"De grootste bruidsmodewinkel ter wereld","publisher":{"@id":"https:\/\/www.koonings.com\/fr\/#organization"},"potentialAction":[{"@type":"SearchAction","target":{"@type":"EntryPoint","urlTemplate":"https:\/\/www.koonings.com\/fr\/?s={search_term_string}"},"query-input":{"@type":"PropertyValueSpecification","valueRequired":true,"valueName":"search_term_string"}}],"inLanguage":"fr-FR"},{"@type":"Organization","@id":"https:\/\/www.koonings.com\/fr\/#organization","name":"Koonings","url":"https:\/\/www.koonings.com\/fr\/","logo":{"@type":"ImageObject","inLanguage":"fr-FR","@id":"https:\/\/www.koonings.com\/fr\/#\/schema\/logo\/image\/","url":"https:\/\/www.koonings.com\/wp-content\/uploads\/2024\/07\/logo.png","contentUrl":"https:\/\/www.koonings.com\/wp-content\/uploads\/2024\/07\/logo.png","width":600,"height":428,"caption":"Koonings"},"image":{"@id":"https:\/\/www.koonings.com\/fr\/#\/schema\/logo\/image\/"},"sameAs":["https:\/\/www.facebook.com\/kooningstheweddingpalace","https:\/\/www.instagram.com\/kooningstheweddingpalace","https:\/\/www.pinterest.com\/koonings","https:\/\/www.youtube.com\/kooningstheweddingpalace"]}]}},"_links":{"self":[{"href":"https:\/\/www.koonings.com\/fr\/wp-json\/wp\/v2\/product\/93673","targetHints":{"allow":["GET"]}}],"collection":[{"href":"https:\/\/www.koonings.com\/fr\/wp-json\/wp\/v2\/product"}],"about":[{"href":"https:\/\/www.koonings.com\/fr\/wp-json\/wp\/v2\/types\/product"}],"wp:featuredmedia":[{"embeddable":true,"href":"https:\/\/www.koonings.com\/fr\/wp-json\/wp\/v2\/media\/93531"}],"wp:attachment":[{"href":"https:\/\/www.koonings.com\/fr\/wp-json\/wp\/v2\/media?parent=93673"}],"wp:term":[{"taxonomy":"productdetails","embeddable":true,"href":"https:\/\/www.koonings.com\/fr\/wp-json\/wp\/v2\/productdetails?post=93673"},{"taxonomy":"productneck","embeddable":true,"href":"https:\/\/www.koonings.com\/fr\/wp-json\/wp\/v2\/productneck?post=93673"},{"taxonomy":"productcolor","embeddable":true,"href":"https:\/\/www.koonings.com\/fr\/wp-json\/wp\/v2\/productcolor?post=93673"},{"taxonomy":"maat","embeddable":true,"href":"https:\/\/www.koonings.com\/fr\/wp-json\/wp\/v2\/maat?post=93673"},{"taxonomy":"productsupplier","embeddable":true,"href":"https:\/\/www.koonings.com\/fr\/wp-json\/wp\/v2\/productsupplier?post=93673"},{"taxonomy":"productsleeve","embeddable":true,"href":"https:\/\/www.koonings.com\/fr\/wp-json\/wp\/v2\/productsleeve?post=93673"},{"taxonomy":"productcategory","embeddable":true,"href":"https:\/\/www.koonings.com\/fr\/wp-json\/wp\/v2\/productcategory?post=93673"},{"taxonomy":"productsilhouette","embeddable":true,"href":"https:\/\/www.koonings.com\/fr\/wp-json\/wp\/v2\/productsilhouette?post=93673"},{"taxonomy":"productstyle","embeddable":true,"href":"https:\/\/www.koonings.com\/fr\/wp-json\/wp\/v2\/productstyle?post=93673"}],"curies":[{"name":"wp","href":"https:\/\/api.w.org\/{rel}","templated":true}]}}