{"id":93668,"date":"2026-04-28T18:38:42","date_gmt":"2026-04-28T16:38:42","guid":{"rendered":"https:\/\/www.koonings.com\/product\/rebecca-ingram-poppy-24rs155a01-2\/"},"modified":"2026-02-17T12:21:34","modified_gmt":"2026-02-17T11:21:34","slug":"rebecca-ingram-poppy-24rs155a01-2","status":"publish","type":"product","link":"https:\/\/www.koonings.com\/fr\/product\/rebecca-ingram-poppy-24rs155a01-2\/","title":{"rendered":"Rebecca Ingram Poppy 24RS155A01"},"content":{"rendered":"<p>Pour la mari\u00e9e qui souhaite combiner l&#8217;\u00e9l\u00e9gance et une touche d&#8217;audace. La Poppy est une robe de mari\u00e9e ligne A pour les grandes tailles, en mousseline de soie a\u00e9rienne, avec un corsage en dentelle illusion et une s\u00e9duisante fente \u00e0 la cuisse. <\/p>\n<p>La robe offre une coupe flatteuse et une grande libert\u00e9 de mouvement, tandis que les d\u00e9tails en dentelle et la fente sur le c\u00f4t\u00e9 ajoutent une touche moderne et glamour. Parfaite pour les mari\u00e9es qui veulent \u00eatre s\u00fbres d&#8217;elles et rayonnantes le jour J. <\/p>\n","protected":false},"featured_media":93121,"template":"","meta":{"_acf_changed":false,"ghostkit_customizer_options":"","ghostkit_custom_css":"","ghostkit_custom_js_head":"","ghostkit_custom_js_foot":"","ghostkit_typography":""},"productdetails":[378],"productneck":[351],"productcolor":[392],"maat":[375],"productsupplier":[433],"productsleeve":[359],"productcategory":[18],"productsilhouette":[384],"productstyle":[366,370],"class_list":["post-93668","product","type-product","status-publish","has-post-thumbnail","hentry","productdetails-378","productneck-351","productcolor-392","maat-375","productsupplier-rebecca-ingram","productsleeve-359","productcategory-trouwjurken","productsilhouette-384","productstyle-366","productstyle-370"],"acf":[],"yoast_head":"<!-- This site is optimized with the Yoast SEO plugin v27.3 - https:\/\/yoast.com\/product\/yoast-seo-wordpress\/ -->\n<title>Rebecca Ingram Poppy 24RS155A01 | Koonings<\/title>\n<meta name=\"description\" content=\"Pour la mari\u00e9e qui souhaite combiner l&#039;\u00e9l\u00e9gance et une touche d&#039;audace. La Poppy est une robe de mari\u00e9e ligne A pour les grandes tailles, en mousseline de soie a\u00e9rienne, avec un corsage en dentelle illusion et une s\u00e9duisante fente \u00e0 la cuisse. La robe offre une coupe flatteuse et une grande libert\u00e9 de mouvement, tandis que les d\u00e9tails en dentelle et la fente sur le c\u00f4t\u00e9 ajoutent une touche moderne et glamour. Parfaite pour les mari\u00e9es qui veulent \u00eatre s\u00fbres d&#039;elles et rayonnantes le jour J.\" \/>\n<meta name=\"robots\" content=\"index, follow, max-snippet:-1, max-image-preview:large, max-video-preview:-1\" \/>\n<link rel=\"canonical\" href=\"https:\/\/www.koonings.com\/fr\/product\/rebecca-ingram-poppy-24rs155a01-2\/\" \/>\n<meta property=\"og:locale\" content=\"fr_FR\" \/>\n<meta property=\"og:type\" content=\"article\" \/>\n<meta property=\"og:title\" content=\"Rebecca Ingram Poppy 24RS155A01 | Koonings\" \/>\n<meta property=\"og:description\" content=\"Pour la mari\u00e9e qui souhaite combiner l&#039;\u00e9l\u00e9gance et une touche d&#039;audace. La Poppy est une robe de mari\u00e9e ligne A pour les grandes tailles, en mousseline de soie a\u00e9rienne, avec un corsage en dentelle illusion et une s\u00e9duisante fente \u00e0 la cuisse. La robe offre une coupe flatteuse et une grande libert\u00e9 de mouvement, tandis que les d\u00e9tails en dentelle et la fente sur le c\u00f4t\u00e9 ajoutent une touche moderne et glamour. Parfaite pour les mari\u00e9es qui veulent \u00eatre s\u00fbres d&#039;elles et rayonnantes le jour J.\" \/>\n<meta property=\"og:url\" content=\"https:\/\/www.koonings.com\/fr\/product\/rebecca-ingram-poppy-24rs155a01-2\/\" \/>\n<meta property=\"og:site_name\" content=\"Koonings\" \/>\n<meta property=\"article:publisher\" content=\"https:\/\/www.facebook.com\/kooningstheweddingpalace\" \/>\n<meta property=\"og:image\" content=\"https:\/\/www.koonings.com\/wp-content\/uploads\/2025\/09\/51310_01eab3dbbabf6f37a8dd780aff3f7d95e1c9085cf4be6fd6317e3e7cafa67acdb43ca933.jpeg\" \/>\n\t<meta property=\"og:image:width\" content=\"1440\" \/>\n\t<meta property=\"og:image:height\" content=\"1920\" \/>\n\t<meta property=\"og:image:type\" content=\"image\/jpeg\" \/>\n<meta name=\"twitter:card\" content=\"summary_large_image\" \/>\n<script type=\"application\/ld+json\" class=\"yoast-schema-graph\">{\"@context\":\"https:\\\/\\\/schema.org\",\"@graph\":[{\"@type\":\"WebPage\",\"@id\":\"https:\\\/\\\/www.koonings.com\\\/fr\\\/product\\\/rebecca-ingram-poppy-24rs155a01-2\\\/\",\"url\":\"https:\\\/\\\/www.koonings.com\\\/fr\\\/product\\\/rebecca-ingram-poppy-24rs155a01-2\\\/\",\"name\":\"Rebecca Ingram Poppy 24RS155A01 | Koonings\",\"isPartOf\":{\"@id\":\"https:\\\/\\\/www.koonings.com\\\/fr\\\/#website\"},\"primaryImageOfPage\":{\"@id\":\"https:\\\/\\\/www.koonings.com\\\/fr\\\/product\\\/rebecca-ingram-poppy-24rs155a01-2\\\/#primaryimage\"},\"image\":{\"@id\":\"https:\\\/\\\/www.koonings.com\\\/fr\\\/product\\\/rebecca-ingram-poppy-24rs155a01-2\\\/#primaryimage\"},\"thumbnailUrl\":\"https:\\\/\\\/www.koonings.com\\\/wp-content\\\/uploads\\\/2025\\\/09\\\/51310_01eab3dbbabf6f37a8dd780aff3f7d95e1c9085cf4be6fd6317e3e7cafa67acdb43ca933.jpeg\",\"datePublished\":\"2026-04-28T16:38:42+00:00\",\"description\":\"Pour la mari\u00e9e qui souhaite combiner l'\u00e9l\u00e9gance et une touche d'audace. La Poppy est une robe de mari\u00e9e ligne A pour les grandes tailles, en mousseline de soie a\u00e9rienne, avec un corsage en dentelle illusion et une s\u00e9duisante fente \u00e0 la cuisse. La robe offre une coupe flatteuse et une grande libert\u00e9 de mouvement, tandis que les d\u00e9tails en dentelle et la fente sur le c\u00f4t\u00e9 ajoutent une touche moderne et glamour. Parfaite pour les mari\u00e9es qui veulent \u00eatre s\u00fbres d'elles et rayonnantes le jour J.\",\"breadcrumb\":{\"@id\":\"https:\\\/\\\/www.koonings.com\\\/fr\\\/product\\\/rebecca-ingram-poppy-24rs155a01-2\\\/#breadcrumb\"},\"inLanguage\":\"fr-FR\",\"potentialAction\":[{\"@type\":\"ReadAction\",\"target\":[\"https:\\\/\\\/www.koonings.com\\\/fr\\\/product\\\/rebecca-ingram-poppy-24rs155a01-2\\\/\"]}]},{\"@type\":\"ImageObject\",\"inLanguage\":\"fr-FR\",\"@id\":\"https:\\\/\\\/www.koonings.com\\\/fr\\\/product\\\/rebecca-ingram-poppy-24rs155a01-2\\\/#primaryimage\",\"url\":\"https:\\\/\\\/www.koonings.com\\\/wp-content\\\/uploads\\\/2025\\\/09\\\/51310_01eab3dbbabf6f37a8dd780aff3f7d95e1c9085cf4be6fd6317e3e7cafa67acdb43ca933.jpeg\",\"contentUrl\":\"https:\\\/\\\/www.koonings.com\\\/wp-content\\\/uploads\\\/2025\\\/09\\\/51310_01eab3dbbabf6f37a8dd780aff3f7d95e1c9085cf4be6fd6317e3e7cafa67acdb43ca933.jpeg\",\"width\":1440,\"height\":1920},{\"@type\":\"BreadcrumbList\",\"@id\":\"https:\\\/\\\/www.koonings.com\\\/fr\\\/product\\\/rebecca-ingram-poppy-24rs155a01-2\\\/#breadcrumb\",\"itemListElement\":[{\"@type\":\"ListItem\",\"position\":1,\"name\":\"Home\",\"item\":\"https:\\\/\\\/www.koonings.com\\\/fr\\\/\"},{\"@type\":\"ListItem\",\"position\":2,\"name\":\"Rebecca Ingram Poppy 24RS155A01\"}]},{\"@type\":\"WebSite\",\"@id\":\"https:\\\/\\\/www.koonings.com\\\/fr\\\/#website\",\"url\":\"https:\\\/\\\/www.koonings.com\\\/fr\\\/\",\"name\":\"Koonings\",\"description\":\"De grootste bruidsmodewinkel ter wereld\",\"publisher\":{\"@id\":\"https:\\\/\\\/www.koonings.com\\\/fr\\\/#organization\"},\"potentialAction\":[{\"@type\":\"SearchAction\",\"target\":{\"@type\":\"EntryPoint\",\"urlTemplate\":\"https:\\\/\\\/www.koonings.com\\\/fr\\\/?s={search_term_string}\"},\"query-input\":{\"@type\":\"PropertyValueSpecification\",\"valueRequired\":true,\"valueName\":\"search_term_string\"}}],\"inLanguage\":\"fr-FR\"},{\"@type\":\"Organization\",\"@id\":\"https:\\\/\\\/www.koonings.com\\\/fr\\\/#organization\",\"name\":\"Koonings\",\"url\":\"https:\\\/\\\/www.koonings.com\\\/fr\\\/\",\"logo\":{\"@type\":\"ImageObject\",\"inLanguage\":\"fr-FR\",\"@id\":\"https:\\\/\\\/www.koonings.com\\\/fr\\\/#\\\/schema\\\/logo\\\/image\\\/\",\"url\":\"https:\\\/\\\/www.koonings.com\\\/wp-content\\\/uploads\\\/2024\\\/07\\\/logo.png\",\"contentUrl\":\"https:\\\/\\\/www.koonings.com\\\/wp-content\\\/uploads\\\/2024\\\/07\\\/logo.png\",\"width\":600,\"height\":428,\"caption\":\"Koonings\"},\"image\":{\"@id\":\"https:\\\/\\\/www.koonings.com\\\/fr\\\/#\\\/schema\\\/logo\\\/image\\\/\"},\"sameAs\":[\"https:\\\/\\\/www.facebook.com\\\/kooningstheweddingpalace\",\"https:\\\/\\\/www.instagram.com\\\/kooningstheweddingpalace\",\"https:\\\/\\\/www.pinterest.com\\\/koonings\",\"https:\\\/\\\/www.youtube.com\\\/kooningstheweddingpalace\"]}]}<\/script>\n<!-- \/ Yoast SEO plugin. -->","yoast_head_json":{"title":"Rebecca Ingram Poppy 24RS155A01 | Koonings","description":"Pour la mari\u00e9e qui souhaite combiner l'\u00e9l\u00e9gance et une touche d'audace. La Poppy est une robe de mari\u00e9e ligne A pour les grandes tailles, en mousseline de soie a\u00e9rienne, avec un corsage en dentelle illusion et une s\u00e9duisante fente \u00e0 la cuisse. La robe offre une coupe flatteuse et une grande libert\u00e9 de mouvement, tandis que les d\u00e9tails en dentelle et la fente sur le c\u00f4t\u00e9 ajoutent une touche moderne et glamour. Parfaite pour les mari\u00e9es qui veulent \u00eatre s\u00fbres d'elles et rayonnantes le jour J.","robots":{"index":"index","follow":"follow","max-snippet":"max-snippet:-1","max-image-preview":"max-image-preview:large","max-video-preview":"max-video-preview:-1"},"canonical":"https:\/\/www.koonings.com\/fr\/product\/rebecca-ingram-poppy-24rs155a01-2\/","og_locale":"fr_FR","og_type":"article","og_title":"Rebecca Ingram Poppy 24RS155A01 | Koonings","og_description":"Pour la mari\u00e9e qui souhaite combiner l'\u00e9l\u00e9gance et une touche d'audace. La Poppy est une robe de mari\u00e9e ligne A pour les grandes tailles, en mousseline de soie a\u00e9rienne, avec un corsage en dentelle illusion et une s\u00e9duisante fente \u00e0 la cuisse. La robe offre une coupe flatteuse et une grande libert\u00e9 de mouvement, tandis que les d\u00e9tails en dentelle et la fente sur le c\u00f4t\u00e9 ajoutent une touche moderne et glamour. Parfaite pour les mari\u00e9es qui veulent \u00eatre s\u00fbres d'elles et rayonnantes le jour J.","og_url":"https:\/\/www.koonings.com\/fr\/product\/rebecca-ingram-poppy-24rs155a01-2\/","og_site_name":"Koonings","article_publisher":"https:\/\/www.facebook.com\/kooningstheweddingpalace","og_image":[{"width":1440,"height":1920,"url":"https:\/\/www.koonings.com\/wp-content\/uploads\/2025\/09\/51310_01eab3dbbabf6f37a8dd780aff3f7d95e1c9085cf4be6fd6317e3e7cafa67acdb43ca933.jpeg","type":"image\/jpeg"}],"twitter_card":"summary_large_image","schema":{"@context":"https:\/\/schema.org","@graph":[{"@type":"WebPage","@id":"https:\/\/www.koonings.com\/fr\/product\/rebecca-ingram-poppy-24rs155a01-2\/","url":"https:\/\/www.koonings.com\/fr\/product\/rebecca-ingram-poppy-24rs155a01-2\/","name":"Rebecca Ingram Poppy 24RS155A01 | Koonings","isPartOf":{"@id":"https:\/\/www.koonings.com\/fr\/#website"},"primaryImageOfPage":{"@id":"https:\/\/www.koonings.com\/fr\/product\/rebecca-ingram-poppy-24rs155a01-2\/#primaryimage"},"image":{"@id":"https:\/\/www.koonings.com\/fr\/product\/rebecca-ingram-poppy-24rs155a01-2\/#primaryimage"},"thumbnailUrl":"https:\/\/www.koonings.com\/wp-content\/uploads\/2025\/09\/51310_01eab3dbbabf6f37a8dd780aff3f7d95e1c9085cf4be6fd6317e3e7cafa67acdb43ca933.jpeg","datePublished":"2026-04-28T16:38:42+00:00","description":"Pour la mari\u00e9e qui souhaite combiner l'\u00e9l\u00e9gance et une touche d'audace. La Poppy est une robe de mari\u00e9e ligne A pour les grandes tailles, en mousseline de soie a\u00e9rienne, avec un corsage en dentelle illusion et une s\u00e9duisante fente \u00e0 la cuisse. La robe offre une coupe flatteuse et une grande libert\u00e9 de mouvement, tandis que les d\u00e9tails en dentelle et la fente sur le c\u00f4t\u00e9 ajoutent une touche moderne et glamour. Parfaite pour les mari\u00e9es qui veulent \u00eatre s\u00fbres d'elles et rayonnantes le jour J.","breadcrumb":{"@id":"https:\/\/www.koonings.com\/fr\/product\/rebecca-ingram-poppy-24rs155a01-2\/#breadcrumb"},"inLanguage":"fr-FR","potentialAction":[{"@type":"ReadAction","target":["https:\/\/www.koonings.com\/fr\/product\/rebecca-ingram-poppy-24rs155a01-2\/"]}]},{"@type":"ImageObject","inLanguage":"fr-FR","@id":"https:\/\/www.koonings.com\/fr\/product\/rebecca-ingram-poppy-24rs155a01-2\/#primaryimage","url":"https:\/\/www.koonings.com\/wp-content\/uploads\/2025\/09\/51310_01eab3dbbabf6f37a8dd780aff3f7d95e1c9085cf4be6fd6317e3e7cafa67acdb43ca933.jpeg","contentUrl":"https:\/\/www.koonings.com\/wp-content\/uploads\/2025\/09\/51310_01eab3dbbabf6f37a8dd780aff3f7d95e1c9085cf4be6fd6317e3e7cafa67acdb43ca933.jpeg","width":1440,"height":1920},{"@type":"BreadcrumbList","@id":"https:\/\/www.koonings.com\/fr\/product\/rebecca-ingram-poppy-24rs155a01-2\/#breadcrumb","itemListElement":[{"@type":"ListItem","position":1,"name":"Home","item":"https:\/\/www.koonings.com\/fr\/"},{"@type":"ListItem","position":2,"name":"Rebecca Ingram Poppy 24RS155A01"}]},{"@type":"WebSite","@id":"https:\/\/www.koonings.com\/fr\/#website","url":"https:\/\/www.koonings.com\/fr\/","name":"Koonings","description":"De grootste bruidsmodewinkel ter wereld","publisher":{"@id":"https:\/\/www.koonings.com\/fr\/#organization"},"potentialAction":[{"@type":"SearchAction","target":{"@type":"EntryPoint","urlTemplate":"https:\/\/www.koonings.com\/fr\/?s={search_term_string}"},"query-input":{"@type":"PropertyValueSpecification","valueRequired":true,"valueName":"search_term_string"}}],"inLanguage":"fr-FR"},{"@type":"Organization","@id":"https:\/\/www.koonings.com\/fr\/#organization","name":"Koonings","url":"https:\/\/www.koonings.com\/fr\/","logo":{"@type":"ImageObject","inLanguage":"fr-FR","@id":"https:\/\/www.koonings.com\/fr\/#\/schema\/logo\/image\/","url":"https:\/\/www.koonings.com\/wp-content\/uploads\/2024\/07\/logo.png","contentUrl":"https:\/\/www.koonings.com\/wp-content\/uploads\/2024\/07\/logo.png","width":600,"height":428,"caption":"Koonings"},"image":{"@id":"https:\/\/www.koonings.com\/fr\/#\/schema\/logo\/image\/"},"sameAs":["https:\/\/www.facebook.com\/kooningstheweddingpalace","https:\/\/www.instagram.com\/kooningstheweddingpalace","https:\/\/www.pinterest.com\/koonings","https:\/\/www.youtube.com\/kooningstheweddingpalace"]}]}},"_links":{"self":[{"href":"https:\/\/www.koonings.com\/fr\/wp-json\/wp\/v2\/product\/93668","targetHints":{"allow":["GET"]}}],"collection":[{"href":"https:\/\/www.koonings.com\/fr\/wp-json\/wp\/v2\/product"}],"about":[{"href":"https:\/\/www.koonings.com\/fr\/wp-json\/wp\/v2\/types\/product"}],"wp:featuredmedia":[{"embeddable":true,"href":"https:\/\/www.koonings.com\/fr\/wp-json\/wp\/v2\/media\/93121"}],"wp:attachment":[{"href":"https:\/\/www.koonings.com\/fr\/wp-json\/wp\/v2\/media?parent=93668"}],"wp:term":[{"taxonomy":"productdetails","embeddable":true,"href":"https:\/\/www.koonings.com\/fr\/wp-json\/wp\/v2\/productdetails?post=93668"},{"taxonomy":"productneck","embeddable":true,"href":"https:\/\/www.koonings.com\/fr\/wp-json\/wp\/v2\/productneck?post=93668"},{"taxonomy":"productcolor","embeddable":true,"href":"https:\/\/www.koonings.com\/fr\/wp-json\/wp\/v2\/productcolor?post=93668"},{"taxonomy":"maat","embeddable":true,"href":"https:\/\/www.koonings.com\/fr\/wp-json\/wp\/v2\/maat?post=93668"},{"taxonomy":"productsupplier","embeddable":true,"href":"https:\/\/www.koonings.com\/fr\/wp-json\/wp\/v2\/productsupplier?post=93668"},{"taxonomy":"productsleeve","embeddable":true,"href":"https:\/\/www.koonings.com\/fr\/wp-json\/wp\/v2\/productsleeve?post=93668"},{"taxonomy":"productcategory","embeddable":true,"href":"https:\/\/www.koonings.com\/fr\/wp-json\/wp\/v2\/productcategory?post=93668"},{"taxonomy":"productsilhouette","embeddable":true,"href":"https:\/\/www.koonings.com\/fr\/wp-json\/wp\/v2\/productsilhouette?post=93668"},{"taxonomy":"productstyle","embeddable":true,"href":"https:\/\/www.koonings.com\/fr\/wp-json\/wp\/v2\/productstyle?post=93668"}],"curies":[{"name":"wp","href":"https:\/\/api.w.org\/{rel}","templated":true}]}}