{"id":93660,"date":"2026-04-28T18:38:38","date_gmt":"2026-04-28T16:38:38","guid":{"rendered":"https:\/\/www.koonings.com\/product\/rebecca-ingram-lorraine-20rs712\/"},"modified":"2026-02-17T12:53:27","modified_gmt":"2026-02-17T11:53:27","slug":"rebecca-ingram-lorraine-20rs712","status":"publish","type":"product","link":"https:\/\/www.koonings.com\/fr\/product\/rebecca-ingram-lorraine-20rs712\/","title":{"rendered":"Rebecca Ingram Lorraine 20RS712"},"content":{"rendered":"<p>Pour la mari\u00e9e qui rayonne d&#8217;\u00e9l\u00e9gance et de sophistication. La Lorraine est une robe de mari\u00e9e fourreau en mousseline de soie l\u00e9g\u00e8re, subtilement orn\u00e9e de paillettes pour un effet \u00e9tincelant. <\/p>\n<p>Avec ses lignes soigneusement dessin\u00e9es et sa silhouette flatteuse, cette robe met en valeur vos courbes avec \u00e9l\u00e9gance et assurance. Parfaite pour un look intemporel et \u00e9l\u00e9gant le jour J. <\/p>\n","protected":false},"featured_media":92966,"template":"","meta":{"_acf_changed":false,"ghostkit_customizer_options":"","ghostkit_custom_css":"","ghostkit_custom_js_head":"","ghostkit_custom_js_foot":"","ghostkit_typography":""},"productdetails":[378],"productneck":[356],"productcolor":[393,392],"maat":[],"productsupplier":[433],"productsleeve":[359],"productcategory":[18],"productsilhouette":[384],"productstyle":[366,370],"class_list":["post-93660","product","type-product","status-publish","has-post-thumbnail","hentry","productdetails-378","productneck-356","productcolor-393","productcolor-392","productsupplier-rebecca-ingram","productsleeve-359","productcategory-trouwjurken","productsilhouette-384","productstyle-366","productstyle-370"],"acf":[],"yoast_head":"<!-- This site is optimized with the Yoast SEO plugin v27.3 - https:\/\/yoast.com\/product\/yoast-seo-wordpress\/ -->\n<title>Rebecca Ingram Lorraine 20RS712 | Koonings<\/title>\n<meta name=\"description\" content=\"Pour la mari\u00e9e qui rayonne d&#039;\u00e9l\u00e9gance et de sophistication. La Lorraine est une robe de mari\u00e9e fourreau en mousseline de soie l\u00e9g\u00e8re, subtilement orn\u00e9e de paillettes pour un effet \u00e9tincelant. Avec ses lignes soigneusement dessin\u00e9es et sa silhouette flatteuse, cette robe met en valeur vos courbes avec \u00e9l\u00e9gance et assurance. Parfaite pour un look intemporel et \u00e9l\u00e9gant le jour J.\" \/>\n<meta name=\"robots\" content=\"index, follow, max-snippet:-1, max-image-preview:large, max-video-preview:-1\" \/>\n<link rel=\"canonical\" href=\"https:\/\/www.koonings.com\/fr\/product\/rebecca-ingram-lorraine-20rs712\/\" \/>\n<meta property=\"og:locale\" content=\"fr_FR\" \/>\n<meta property=\"og:type\" content=\"article\" \/>\n<meta property=\"og:title\" content=\"Rebecca Ingram Lorraine 20RS712 | Koonings\" \/>\n<meta property=\"og:description\" content=\"Pour la mari\u00e9e qui rayonne d&#039;\u00e9l\u00e9gance et de sophistication. La Lorraine est une robe de mari\u00e9e fourreau en mousseline de soie l\u00e9g\u00e8re, subtilement orn\u00e9e de paillettes pour un effet \u00e9tincelant. Avec ses lignes soigneusement dessin\u00e9es et sa silhouette flatteuse, cette robe met en valeur vos courbes avec \u00e9l\u00e9gance et assurance. Parfaite pour un look intemporel et \u00e9l\u00e9gant le jour J.\" \/>\n<meta property=\"og:url\" content=\"https:\/\/www.koonings.com\/fr\/product\/rebecca-ingram-lorraine-20rs712\/\" \/>\n<meta property=\"og:site_name\" content=\"Koonings\" \/>\n<meta property=\"article:publisher\" content=\"https:\/\/www.facebook.com\/kooningstheweddingpalace\" \/>\n<meta property=\"og:image\" content=\"https:\/\/www.koonings.com\/wp-content\/uploads\/2025\/09\/51302_1efe03a082f93f18acbb8bf53d6fa124b569080812d2abf361a29431460c9a494825a2ea.jpeg\" \/>\n\t<meta property=\"og:image:width\" content=\"1440\" \/>\n\t<meta property=\"og:image:height\" content=\"1920\" \/>\n\t<meta property=\"og:image:type\" content=\"image\/jpeg\" \/>\n<meta name=\"twitter:card\" content=\"summary_large_image\" \/>\n<script type=\"application\/ld+json\" class=\"yoast-schema-graph\">{\"@context\":\"https:\\\/\\\/schema.org\",\"@graph\":[{\"@type\":\"WebPage\",\"@id\":\"https:\\\/\\\/www.koonings.com\\\/fr\\\/product\\\/rebecca-ingram-lorraine-20rs712\\\/\",\"url\":\"https:\\\/\\\/www.koonings.com\\\/fr\\\/product\\\/rebecca-ingram-lorraine-20rs712\\\/\",\"name\":\"Rebecca Ingram Lorraine 20RS712 | Koonings\",\"isPartOf\":{\"@id\":\"https:\\\/\\\/www.koonings.com\\\/fr\\\/#website\"},\"primaryImageOfPage\":{\"@id\":\"https:\\\/\\\/www.koonings.com\\\/fr\\\/product\\\/rebecca-ingram-lorraine-20rs712\\\/#primaryimage\"},\"image\":{\"@id\":\"https:\\\/\\\/www.koonings.com\\\/fr\\\/product\\\/rebecca-ingram-lorraine-20rs712\\\/#primaryimage\"},\"thumbnailUrl\":\"https:\\\/\\\/www.koonings.com\\\/wp-content\\\/uploads\\\/2025\\\/09\\\/51302_1efe03a082f93f18acbb8bf53d6fa124b569080812d2abf361a29431460c9a494825a2ea.jpeg\",\"datePublished\":\"2026-04-28T16:38:38+00:00\",\"description\":\"Pour la mari\u00e9e qui rayonne d'\u00e9l\u00e9gance et de sophistication. La Lorraine est une robe de mari\u00e9e fourreau en mousseline de soie l\u00e9g\u00e8re, subtilement orn\u00e9e de paillettes pour un effet \u00e9tincelant. Avec ses lignes soigneusement dessin\u00e9es et sa silhouette flatteuse, cette robe met en valeur vos courbes avec \u00e9l\u00e9gance et assurance. Parfaite pour un look intemporel et \u00e9l\u00e9gant le jour J.\",\"breadcrumb\":{\"@id\":\"https:\\\/\\\/www.koonings.com\\\/fr\\\/product\\\/rebecca-ingram-lorraine-20rs712\\\/#breadcrumb\"},\"inLanguage\":\"fr-FR\",\"potentialAction\":[{\"@type\":\"ReadAction\",\"target\":[\"https:\\\/\\\/www.koonings.com\\\/fr\\\/product\\\/rebecca-ingram-lorraine-20rs712\\\/\"]}]},{\"@type\":\"ImageObject\",\"inLanguage\":\"fr-FR\",\"@id\":\"https:\\\/\\\/www.koonings.com\\\/fr\\\/product\\\/rebecca-ingram-lorraine-20rs712\\\/#primaryimage\",\"url\":\"https:\\\/\\\/www.koonings.com\\\/wp-content\\\/uploads\\\/2025\\\/09\\\/51302_1efe03a082f93f18acbb8bf53d6fa124b569080812d2abf361a29431460c9a494825a2ea.jpeg\",\"contentUrl\":\"https:\\\/\\\/www.koonings.com\\\/wp-content\\\/uploads\\\/2025\\\/09\\\/51302_1efe03a082f93f18acbb8bf53d6fa124b569080812d2abf361a29431460c9a494825a2ea.jpeg\",\"width\":1440,\"height\":1920},{\"@type\":\"BreadcrumbList\",\"@id\":\"https:\\\/\\\/www.koonings.com\\\/fr\\\/product\\\/rebecca-ingram-lorraine-20rs712\\\/#breadcrumb\",\"itemListElement\":[{\"@type\":\"ListItem\",\"position\":1,\"name\":\"Home\",\"item\":\"https:\\\/\\\/www.koonings.com\\\/fr\\\/\"},{\"@type\":\"ListItem\",\"position\":2,\"name\":\"Rebecca Ingram Lorraine 20RS712\"}]},{\"@type\":\"WebSite\",\"@id\":\"https:\\\/\\\/www.koonings.com\\\/fr\\\/#website\",\"url\":\"https:\\\/\\\/www.koonings.com\\\/fr\\\/\",\"name\":\"Koonings\",\"description\":\"De grootste bruidsmodewinkel ter wereld\",\"publisher\":{\"@id\":\"https:\\\/\\\/www.koonings.com\\\/fr\\\/#organization\"},\"potentialAction\":[{\"@type\":\"SearchAction\",\"target\":{\"@type\":\"EntryPoint\",\"urlTemplate\":\"https:\\\/\\\/www.koonings.com\\\/fr\\\/?s={search_term_string}\"},\"query-input\":{\"@type\":\"PropertyValueSpecification\",\"valueRequired\":true,\"valueName\":\"search_term_string\"}}],\"inLanguage\":\"fr-FR\"},{\"@type\":\"Organization\",\"@id\":\"https:\\\/\\\/www.koonings.com\\\/fr\\\/#organization\",\"name\":\"Koonings\",\"url\":\"https:\\\/\\\/www.koonings.com\\\/fr\\\/\",\"logo\":{\"@type\":\"ImageObject\",\"inLanguage\":\"fr-FR\",\"@id\":\"https:\\\/\\\/www.koonings.com\\\/fr\\\/#\\\/schema\\\/logo\\\/image\\\/\",\"url\":\"https:\\\/\\\/www.koonings.com\\\/wp-content\\\/uploads\\\/2024\\\/07\\\/logo.png\",\"contentUrl\":\"https:\\\/\\\/www.koonings.com\\\/wp-content\\\/uploads\\\/2024\\\/07\\\/logo.png\",\"width\":600,\"height\":428,\"caption\":\"Koonings\"},\"image\":{\"@id\":\"https:\\\/\\\/www.koonings.com\\\/fr\\\/#\\\/schema\\\/logo\\\/image\\\/\"},\"sameAs\":[\"https:\\\/\\\/www.facebook.com\\\/kooningstheweddingpalace\",\"https:\\\/\\\/www.instagram.com\\\/kooningstheweddingpalace\",\"https:\\\/\\\/www.pinterest.com\\\/koonings\",\"https:\\\/\\\/www.youtube.com\\\/kooningstheweddingpalace\"]}]}<\/script>\n<!-- \/ Yoast SEO plugin. -->","yoast_head_json":{"title":"Rebecca Ingram Lorraine 20RS712 | Koonings","description":"Pour la mari\u00e9e qui rayonne d'\u00e9l\u00e9gance et de sophistication. La Lorraine est une robe de mari\u00e9e fourreau en mousseline de soie l\u00e9g\u00e8re, subtilement orn\u00e9e de paillettes pour un effet \u00e9tincelant. Avec ses lignes soigneusement dessin\u00e9es et sa silhouette flatteuse, cette robe met en valeur vos courbes avec \u00e9l\u00e9gance et assurance. Parfaite pour un look intemporel et \u00e9l\u00e9gant le jour J.","robots":{"index":"index","follow":"follow","max-snippet":"max-snippet:-1","max-image-preview":"max-image-preview:large","max-video-preview":"max-video-preview:-1"},"canonical":"https:\/\/www.koonings.com\/fr\/product\/rebecca-ingram-lorraine-20rs712\/","og_locale":"fr_FR","og_type":"article","og_title":"Rebecca Ingram Lorraine 20RS712 | Koonings","og_description":"Pour la mari\u00e9e qui rayonne d'\u00e9l\u00e9gance et de sophistication. La Lorraine est une robe de mari\u00e9e fourreau en mousseline de soie l\u00e9g\u00e8re, subtilement orn\u00e9e de paillettes pour un effet \u00e9tincelant. Avec ses lignes soigneusement dessin\u00e9es et sa silhouette flatteuse, cette robe met en valeur vos courbes avec \u00e9l\u00e9gance et assurance. Parfaite pour un look intemporel et \u00e9l\u00e9gant le jour J.","og_url":"https:\/\/www.koonings.com\/fr\/product\/rebecca-ingram-lorraine-20rs712\/","og_site_name":"Koonings","article_publisher":"https:\/\/www.facebook.com\/kooningstheweddingpalace","og_image":[{"width":1440,"height":1920,"url":"https:\/\/www.koonings.com\/wp-content\/uploads\/2025\/09\/51302_1efe03a082f93f18acbb8bf53d6fa124b569080812d2abf361a29431460c9a494825a2ea.jpeg","type":"image\/jpeg"}],"twitter_card":"summary_large_image","schema":{"@context":"https:\/\/schema.org","@graph":[{"@type":"WebPage","@id":"https:\/\/www.koonings.com\/fr\/product\/rebecca-ingram-lorraine-20rs712\/","url":"https:\/\/www.koonings.com\/fr\/product\/rebecca-ingram-lorraine-20rs712\/","name":"Rebecca Ingram Lorraine 20RS712 | Koonings","isPartOf":{"@id":"https:\/\/www.koonings.com\/fr\/#website"},"primaryImageOfPage":{"@id":"https:\/\/www.koonings.com\/fr\/product\/rebecca-ingram-lorraine-20rs712\/#primaryimage"},"image":{"@id":"https:\/\/www.koonings.com\/fr\/product\/rebecca-ingram-lorraine-20rs712\/#primaryimage"},"thumbnailUrl":"https:\/\/www.koonings.com\/wp-content\/uploads\/2025\/09\/51302_1efe03a082f93f18acbb8bf53d6fa124b569080812d2abf361a29431460c9a494825a2ea.jpeg","datePublished":"2026-04-28T16:38:38+00:00","description":"Pour la mari\u00e9e qui rayonne d'\u00e9l\u00e9gance et de sophistication. La Lorraine est une robe de mari\u00e9e fourreau en mousseline de soie l\u00e9g\u00e8re, subtilement orn\u00e9e de paillettes pour un effet \u00e9tincelant. Avec ses lignes soigneusement dessin\u00e9es et sa silhouette flatteuse, cette robe met en valeur vos courbes avec \u00e9l\u00e9gance et assurance. Parfaite pour un look intemporel et \u00e9l\u00e9gant le jour J.","breadcrumb":{"@id":"https:\/\/www.koonings.com\/fr\/product\/rebecca-ingram-lorraine-20rs712\/#breadcrumb"},"inLanguage":"fr-FR","potentialAction":[{"@type":"ReadAction","target":["https:\/\/www.koonings.com\/fr\/product\/rebecca-ingram-lorraine-20rs712\/"]}]},{"@type":"ImageObject","inLanguage":"fr-FR","@id":"https:\/\/www.koonings.com\/fr\/product\/rebecca-ingram-lorraine-20rs712\/#primaryimage","url":"https:\/\/www.koonings.com\/wp-content\/uploads\/2025\/09\/51302_1efe03a082f93f18acbb8bf53d6fa124b569080812d2abf361a29431460c9a494825a2ea.jpeg","contentUrl":"https:\/\/www.koonings.com\/wp-content\/uploads\/2025\/09\/51302_1efe03a082f93f18acbb8bf53d6fa124b569080812d2abf361a29431460c9a494825a2ea.jpeg","width":1440,"height":1920},{"@type":"BreadcrumbList","@id":"https:\/\/www.koonings.com\/fr\/product\/rebecca-ingram-lorraine-20rs712\/#breadcrumb","itemListElement":[{"@type":"ListItem","position":1,"name":"Home","item":"https:\/\/www.koonings.com\/fr\/"},{"@type":"ListItem","position":2,"name":"Rebecca Ingram Lorraine 20RS712"}]},{"@type":"WebSite","@id":"https:\/\/www.koonings.com\/fr\/#website","url":"https:\/\/www.koonings.com\/fr\/","name":"Koonings","description":"De grootste bruidsmodewinkel ter wereld","publisher":{"@id":"https:\/\/www.koonings.com\/fr\/#organization"},"potentialAction":[{"@type":"SearchAction","target":{"@type":"EntryPoint","urlTemplate":"https:\/\/www.koonings.com\/fr\/?s={search_term_string}"},"query-input":{"@type":"PropertyValueSpecification","valueRequired":true,"valueName":"search_term_string"}}],"inLanguage":"fr-FR"},{"@type":"Organization","@id":"https:\/\/www.koonings.com\/fr\/#organization","name":"Koonings","url":"https:\/\/www.koonings.com\/fr\/","logo":{"@type":"ImageObject","inLanguage":"fr-FR","@id":"https:\/\/www.koonings.com\/fr\/#\/schema\/logo\/image\/","url":"https:\/\/www.koonings.com\/wp-content\/uploads\/2024\/07\/logo.png","contentUrl":"https:\/\/www.koonings.com\/wp-content\/uploads\/2024\/07\/logo.png","width":600,"height":428,"caption":"Koonings"},"image":{"@id":"https:\/\/www.koonings.com\/fr\/#\/schema\/logo\/image\/"},"sameAs":["https:\/\/www.facebook.com\/kooningstheweddingpalace","https:\/\/www.instagram.com\/kooningstheweddingpalace","https:\/\/www.pinterest.com\/koonings","https:\/\/www.youtube.com\/kooningstheweddingpalace"]}]}},"_links":{"self":[{"href":"https:\/\/www.koonings.com\/fr\/wp-json\/wp\/v2\/product\/93660","targetHints":{"allow":["GET"]}}],"collection":[{"href":"https:\/\/www.koonings.com\/fr\/wp-json\/wp\/v2\/product"}],"about":[{"href":"https:\/\/www.koonings.com\/fr\/wp-json\/wp\/v2\/types\/product"}],"wp:featuredmedia":[{"embeddable":true,"href":"https:\/\/www.koonings.com\/fr\/wp-json\/wp\/v2\/media\/92966"}],"wp:attachment":[{"href":"https:\/\/www.koonings.com\/fr\/wp-json\/wp\/v2\/media?parent=93660"}],"wp:term":[{"taxonomy":"productdetails","embeddable":true,"href":"https:\/\/www.koonings.com\/fr\/wp-json\/wp\/v2\/productdetails?post=93660"},{"taxonomy":"productneck","embeddable":true,"href":"https:\/\/www.koonings.com\/fr\/wp-json\/wp\/v2\/productneck?post=93660"},{"taxonomy":"productcolor","embeddable":true,"href":"https:\/\/www.koonings.com\/fr\/wp-json\/wp\/v2\/productcolor?post=93660"},{"taxonomy":"maat","embeddable":true,"href":"https:\/\/www.koonings.com\/fr\/wp-json\/wp\/v2\/maat?post=93660"},{"taxonomy":"productsupplier","embeddable":true,"href":"https:\/\/www.koonings.com\/fr\/wp-json\/wp\/v2\/productsupplier?post=93660"},{"taxonomy":"productsleeve","embeddable":true,"href":"https:\/\/www.koonings.com\/fr\/wp-json\/wp\/v2\/productsleeve?post=93660"},{"taxonomy":"productcategory","embeddable":true,"href":"https:\/\/www.koonings.com\/fr\/wp-json\/wp\/v2\/productcategory?post=93660"},{"taxonomy":"productsilhouette","embeddable":true,"href":"https:\/\/www.koonings.com\/fr\/wp-json\/wp\/v2\/productsilhouette?post=93660"},{"taxonomy":"productstyle","embeddable":true,"href":"https:\/\/www.koonings.com\/fr\/wp-json\/wp\/v2\/productstyle?post=93660"}],"curies":[{"name":"wp","href":"https:\/\/api.w.org\/{rel}","templated":true}]}}