{"id":93657,"date":"2026-04-28T18:38:40","date_gmt":"2026-04-28T16:38:40","guid":{"rendered":"https:\/\/www.koonings.com\/product\/rebecca-ingram-olivianna-25rs309a11\/"},"modified":"2026-02-17T12:21:48","modified_gmt":"2026-02-17T11:21:48","slug":"rebecca-ingram-olivianna-25rs309a11","status":"publish","type":"product","link":"https:\/\/www.koonings.com\/fr\/product\/rebecca-ingram-olivianna-25rs309a11\/","title":{"rendered":"Rebecca Ingram Olivianna 25RS309A11"},"content":{"rendered":"<p>Pour la mari\u00e9e qui aime la simplicit\u00e9 intemporelle et les lignes sophistiqu\u00e9es. L&#8217;Olivianna est une robe de mari\u00e9e ligne A en cr\u00eape doux avec une superposition de mousseline de soie et une \u00e9l\u00e9gante encolure carr\u00e9e. <\/p>\n<p>Minimaliste et \u00e9l\u00e9gante, cette robe \u00e9pouse sans effort votre silhouette et vous permet de briller d&#8217;une \u00e9l\u00e9gance naturelle et moderne lors de votre grand jour.<\/p>\n","protected":false},"featured_media":93050,"template":"","meta":{"_acf_changed":false,"ghostkit_customizer_options":"","ghostkit_custom_css":"","ghostkit_custom_js_head":"","ghostkit_custom_js_foot":"","ghostkit_typography":""},"productdetails":[],"productneck":[352],"productcolor":[392],"maat":[],"productsupplier":[433],"productsleeve":[359],"productcategory":[18],"productsilhouette":[384],"productstyle":[365,371],"class_list":["post-93657","product","type-product","status-publish","has-post-thumbnail","hentry","productneck-352","productcolor-392","productsupplier-rebecca-ingram","productsleeve-359","productcategory-trouwjurken","productsilhouette-384","productstyle-365","productstyle-371"],"acf":[],"yoast_head":"<!-- This site is optimized with the Yoast SEO plugin v27.3 - https:\/\/yoast.com\/product\/yoast-seo-wordpress\/ -->\n<title>Rebecca Ingram Olivianna 25RS309A11 | Koonings<\/title>\n<meta name=\"description\" content=\"Pour la mari\u00e9e qui aime la simplicit\u00e9 intemporelle et les lignes sophistiqu\u00e9es. L&#039;Olivianna est une robe de mari\u00e9e ligne A en cr\u00eape doux avec une superposition de mousseline de soie et une \u00e9l\u00e9gante encolure carr\u00e9e. Minimaliste et \u00e9l\u00e9gante, cette robe \u00e9pouse sans effort votre silhouette et vous permet de briller d&#039;une \u00e9l\u00e9gance naturelle et moderne lors de votre grand jour.\" \/>\n<meta name=\"robots\" content=\"index, follow, max-snippet:-1, max-image-preview:large, max-video-preview:-1\" \/>\n<link rel=\"canonical\" href=\"https:\/\/www.koonings.com\/fr\/product\/rebecca-ingram-olivianna-25rs309a11\/\" \/>\n<meta property=\"og:locale\" content=\"fr_FR\" \/>\n<meta property=\"og:type\" content=\"article\" \/>\n<meta property=\"og:title\" content=\"Rebecca Ingram Olivianna 25RS309A11 | Koonings\" \/>\n<meta property=\"og:description\" content=\"Pour la mari\u00e9e qui aime la simplicit\u00e9 intemporelle et les lignes sophistiqu\u00e9es. L&#039;Olivianna est une robe de mari\u00e9e ligne A en cr\u00eape doux avec une superposition de mousseline de soie et une \u00e9l\u00e9gante encolure carr\u00e9e. Minimaliste et \u00e9l\u00e9gante, cette robe \u00e9pouse sans effort votre silhouette et vous permet de briller d&#039;une \u00e9l\u00e9gance naturelle et moderne lors de votre grand jour.\" \/>\n<meta property=\"og:url\" content=\"https:\/\/www.koonings.com\/fr\/product\/rebecca-ingram-olivianna-25rs309a11\/\" \/>\n<meta property=\"og:site_name\" content=\"Koonings\" \/>\n<meta property=\"article:publisher\" content=\"https:\/\/www.facebook.com\/kooningstheweddingpalace\" \/>\n<meta property=\"og:image\" content=\"https:\/\/www.koonings.com\/wp-content\/uploads\/2025\/09\/51306_65311abd9db3d44664838a515234db79d56090881ec5241585abc638dd0aced40f00753b.jpeg\" \/>\n\t<meta property=\"og:image:width\" content=\"1440\" \/>\n\t<meta property=\"og:image:height\" content=\"1920\" \/>\n\t<meta property=\"og:image:type\" content=\"image\/jpeg\" \/>\n<meta name=\"twitter:card\" content=\"summary_large_image\" \/>\n<script type=\"application\/ld+json\" class=\"yoast-schema-graph\">{\"@context\":\"https:\\\/\\\/schema.org\",\"@graph\":[{\"@type\":\"WebPage\",\"@id\":\"https:\\\/\\\/www.koonings.com\\\/fr\\\/product\\\/rebecca-ingram-olivianna-25rs309a11\\\/\",\"url\":\"https:\\\/\\\/www.koonings.com\\\/fr\\\/product\\\/rebecca-ingram-olivianna-25rs309a11\\\/\",\"name\":\"Rebecca Ingram Olivianna 25RS309A11 | Koonings\",\"isPartOf\":{\"@id\":\"https:\\\/\\\/www.koonings.com\\\/fr\\\/#website\"},\"primaryImageOfPage\":{\"@id\":\"https:\\\/\\\/www.koonings.com\\\/fr\\\/product\\\/rebecca-ingram-olivianna-25rs309a11\\\/#primaryimage\"},\"image\":{\"@id\":\"https:\\\/\\\/www.koonings.com\\\/fr\\\/product\\\/rebecca-ingram-olivianna-25rs309a11\\\/#primaryimage\"},\"thumbnailUrl\":\"https:\\\/\\\/www.koonings.com\\\/wp-content\\\/uploads\\\/2025\\\/09\\\/51306_65311abd9db3d44664838a515234db79d56090881ec5241585abc638dd0aced40f00753b.jpeg\",\"datePublished\":\"2026-04-28T16:38:40+00:00\",\"description\":\"Pour la mari\u00e9e qui aime la simplicit\u00e9 intemporelle et les lignes sophistiqu\u00e9es. L'Olivianna est une robe de mari\u00e9e ligne A en cr\u00eape doux avec une superposition de mousseline de soie et une \u00e9l\u00e9gante encolure carr\u00e9e. Minimaliste et \u00e9l\u00e9gante, cette robe \u00e9pouse sans effort votre silhouette et vous permet de briller d'une \u00e9l\u00e9gance naturelle et moderne lors de votre grand jour.\",\"breadcrumb\":{\"@id\":\"https:\\\/\\\/www.koonings.com\\\/fr\\\/product\\\/rebecca-ingram-olivianna-25rs309a11\\\/#breadcrumb\"},\"inLanguage\":\"fr-FR\",\"potentialAction\":[{\"@type\":\"ReadAction\",\"target\":[\"https:\\\/\\\/www.koonings.com\\\/fr\\\/product\\\/rebecca-ingram-olivianna-25rs309a11\\\/\"]}]},{\"@type\":\"ImageObject\",\"inLanguage\":\"fr-FR\",\"@id\":\"https:\\\/\\\/www.koonings.com\\\/fr\\\/product\\\/rebecca-ingram-olivianna-25rs309a11\\\/#primaryimage\",\"url\":\"https:\\\/\\\/www.koonings.com\\\/wp-content\\\/uploads\\\/2025\\\/09\\\/51306_65311abd9db3d44664838a515234db79d56090881ec5241585abc638dd0aced40f00753b.jpeg\",\"contentUrl\":\"https:\\\/\\\/www.koonings.com\\\/wp-content\\\/uploads\\\/2025\\\/09\\\/51306_65311abd9db3d44664838a515234db79d56090881ec5241585abc638dd0aced40f00753b.jpeg\",\"width\":1440,\"height\":1920},{\"@type\":\"BreadcrumbList\",\"@id\":\"https:\\\/\\\/www.koonings.com\\\/fr\\\/product\\\/rebecca-ingram-olivianna-25rs309a11\\\/#breadcrumb\",\"itemListElement\":[{\"@type\":\"ListItem\",\"position\":1,\"name\":\"Home\",\"item\":\"https:\\\/\\\/www.koonings.com\\\/fr\\\/\"},{\"@type\":\"ListItem\",\"position\":2,\"name\":\"Rebecca Ingram Olivianna 25RS309A11\"}]},{\"@type\":\"WebSite\",\"@id\":\"https:\\\/\\\/www.koonings.com\\\/fr\\\/#website\",\"url\":\"https:\\\/\\\/www.koonings.com\\\/fr\\\/\",\"name\":\"Koonings\",\"description\":\"De grootste bruidsmodewinkel ter wereld\",\"publisher\":{\"@id\":\"https:\\\/\\\/www.koonings.com\\\/fr\\\/#organization\"},\"potentialAction\":[{\"@type\":\"SearchAction\",\"target\":{\"@type\":\"EntryPoint\",\"urlTemplate\":\"https:\\\/\\\/www.koonings.com\\\/fr\\\/?s={search_term_string}\"},\"query-input\":{\"@type\":\"PropertyValueSpecification\",\"valueRequired\":true,\"valueName\":\"search_term_string\"}}],\"inLanguage\":\"fr-FR\"},{\"@type\":\"Organization\",\"@id\":\"https:\\\/\\\/www.koonings.com\\\/fr\\\/#organization\",\"name\":\"Koonings\",\"url\":\"https:\\\/\\\/www.koonings.com\\\/fr\\\/\",\"logo\":{\"@type\":\"ImageObject\",\"inLanguage\":\"fr-FR\",\"@id\":\"https:\\\/\\\/www.koonings.com\\\/fr\\\/#\\\/schema\\\/logo\\\/image\\\/\",\"url\":\"https:\\\/\\\/www.koonings.com\\\/wp-content\\\/uploads\\\/2024\\\/07\\\/logo.png\",\"contentUrl\":\"https:\\\/\\\/www.koonings.com\\\/wp-content\\\/uploads\\\/2024\\\/07\\\/logo.png\",\"width\":600,\"height\":428,\"caption\":\"Koonings\"},\"image\":{\"@id\":\"https:\\\/\\\/www.koonings.com\\\/fr\\\/#\\\/schema\\\/logo\\\/image\\\/\"},\"sameAs\":[\"https:\\\/\\\/www.facebook.com\\\/kooningstheweddingpalace\",\"https:\\\/\\\/www.instagram.com\\\/kooningstheweddingpalace\",\"https:\\\/\\\/www.pinterest.com\\\/koonings\",\"https:\\\/\\\/www.youtube.com\\\/kooningstheweddingpalace\"]}]}<\/script>\n<!-- \/ Yoast SEO plugin. -->","yoast_head_json":{"title":"Rebecca Ingram Olivianna 25RS309A11 | Koonings","description":"Pour la mari\u00e9e qui aime la simplicit\u00e9 intemporelle et les lignes sophistiqu\u00e9es. L'Olivianna est une robe de mari\u00e9e ligne A en cr\u00eape doux avec une superposition de mousseline de soie et une \u00e9l\u00e9gante encolure carr\u00e9e. Minimaliste et \u00e9l\u00e9gante, cette robe \u00e9pouse sans effort votre silhouette et vous permet de briller d'une \u00e9l\u00e9gance naturelle et moderne lors de votre grand jour.","robots":{"index":"index","follow":"follow","max-snippet":"max-snippet:-1","max-image-preview":"max-image-preview:large","max-video-preview":"max-video-preview:-1"},"canonical":"https:\/\/www.koonings.com\/fr\/product\/rebecca-ingram-olivianna-25rs309a11\/","og_locale":"fr_FR","og_type":"article","og_title":"Rebecca Ingram Olivianna 25RS309A11 | Koonings","og_description":"Pour la mari\u00e9e qui aime la simplicit\u00e9 intemporelle et les lignes sophistiqu\u00e9es. L'Olivianna est une robe de mari\u00e9e ligne A en cr\u00eape doux avec une superposition de mousseline de soie et une \u00e9l\u00e9gante encolure carr\u00e9e. Minimaliste et \u00e9l\u00e9gante, cette robe \u00e9pouse sans effort votre silhouette et vous permet de briller d'une \u00e9l\u00e9gance naturelle et moderne lors de votre grand jour.","og_url":"https:\/\/www.koonings.com\/fr\/product\/rebecca-ingram-olivianna-25rs309a11\/","og_site_name":"Koonings","article_publisher":"https:\/\/www.facebook.com\/kooningstheweddingpalace","og_image":[{"width":1440,"height":1920,"url":"https:\/\/www.koonings.com\/wp-content\/uploads\/2025\/09\/51306_65311abd9db3d44664838a515234db79d56090881ec5241585abc638dd0aced40f00753b.jpeg","type":"image\/jpeg"}],"twitter_card":"summary_large_image","schema":{"@context":"https:\/\/schema.org","@graph":[{"@type":"WebPage","@id":"https:\/\/www.koonings.com\/fr\/product\/rebecca-ingram-olivianna-25rs309a11\/","url":"https:\/\/www.koonings.com\/fr\/product\/rebecca-ingram-olivianna-25rs309a11\/","name":"Rebecca Ingram Olivianna 25RS309A11 | Koonings","isPartOf":{"@id":"https:\/\/www.koonings.com\/fr\/#website"},"primaryImageOfPage":{"@id":"https:\/\/www.koonings.com\/fr\/product\/rebecca-ingram-olivianna-25rs309a11\/#primaryimage"},"image":{"@id":"https:\/\/www.koonings.com\/fr\/product\/rebecca-ingram-olivianna-25rs309a11\/#primaryimage"},"thumbnailUrl":"https:\/\/www.koonings.com\/wp-content\/uploads\/2025\/09\/51306_65311abd9db3d44664838a515234db79d56090881ec5241585abc638dd0aced40f00753b.jpeg","datePublished":"2026-04-28T16:38:40+00:00","description":"Pour la mari\u00e9e qui aime la simplicit\u00e9 intemporelle et les lignes sophistiqu\u00e9es. L'Olivianna est une robe de mari\u00e9e ligne A en cr\u00eape doux avec une superposition de mousseline de soie et une \u00e9l\u00e9gante encolure carr\u00e9e. Minimaliste et \u00e9l\u00e9gante, cette robe \u00e9pouse sans effort votre silhouette et vous permet de briller d'une \u00e9l\u00e9gance naturelle et moderne lors de votre grand jour.","breadcrumb":{"@id":"https:\/\/www.koonings.com\/fr\/product\/rebecca-ingram-olivianna-25rs309a11\/#breadcrumb"},"inLanguage":"fr-FR","potentialAction":[{"@type":"ReadAction","target":["https:\/\/www.koonings.com\/fr\/product\/rebecca-ingram-olivianna-25rs309a11\/"]}]},{"@type":"ImageObject","inLanguage":"fr-FR","@id":"https:\/\/www.koonings.com\/fr\/product\/rebecca-ingram-olivianna-25rs309a11\/#primaryimage","url":"https:\/\/www.koonings.com\/wp-content\/uploads\/2025\/09\/51306_65311abd9db3d44664838a515234db79d56090881ec5241585abc638dd0aced40f00753b.jpeg","contentUrl":"https:\/\/www.koonings.com\/wp-content\/uploads\/2025\/09\/51306_65311abd9db3d44664838a515234db79d56090881ec5241585abc638dd0aced40f00753b.jpeg","width":1440,"height":1920},{"@type":"BreadcrumbList","@id":"https:\/\/www.koonings.com\/fr\/product\/rebecca-ingram-olivianna-25rs309a11\/#breadcrumb","itemListElement":[{"@type":"ListItem","position":1,"name":"Home","item":"https:\/\/www.koonings.com\/fr\/"},{"@type":"ListItem","position":2,"name":"Rebecca Ingram Olivianna 25RS309A11"}]},{"@type":"WebSite","@id":"https:\/\/www.koonings.com\/fr\/#website","url":"https:\/\/www.koonings.com\/fr\/","name":"Koonings","description":"De grootste bruidsmodewinkel ter wereld","publisher":{"@id":"https:\/\/www.koonings.com\/fr\/#organization"},"potentialAction":[{"@type":"SearchAction","target":{"@type":"EntryPoint","urlTemplate":"https:\/\/www.koonings.com\/fr\/?s={search_term_string}"},"query-input":{"@type":"PropertyValueSpecification","valueRequired":true,"valueName":"search_term_string"}}],"inLanguage":"fr-FR"},{"@type":"Organization","@id":"https:\/\/www.koonings.com\/fr\/#organization","name":"Koonings","url":"https:\/\/www.koonings.com\/fr\/","logo":{"@type":"ImageObject","inLanguage":"fr-FR","@id":"https:\/\/www.koonings.com\/fr\/#\/schema\/logo\/image\/","url":"https:\/\/www.koonings.com\/wp-content\/uploads\/2024\/07\/logo.png","contentUrl":"https:\/\/www.koonings.com\/wp-content\/uploads\/2024\/07\/logo.png","width":600,"height":428,"caption":"Koonings"},"image":{"@id":"https:\/\/www.koonings.com\/fr\/#\/schema\/logo\/image\/"},"sameAs":["https:\/\/www.facebook.com\/kooningstheweddingpalace","https:\/\/www.instagram.com\/kooningstheweddingpalace","https:\/\/www.pinterest.com\/koonings","https:\/\/www.youtube.com\/kooningstheweddingpalace"]}]}},"_links":{"self":[{"href":"https:\/\/www.koonings.com\/fr\/wp-json\/wp\/v2\/product\/93657","targetHints":{"allow":["GET"]}}],"collection":[{"href":"https:\/\/www.koonings.com\/fr\/wp-json\/wp\/v2\/product"}],"about":[{"href":"https:\/\/www.koonings.com\/fr\/wp-json\/wp\/v2\/types\/product"}],"wp:featuredmedia":[{"embeddable":true,"href":"https:\/\/www.koonings.com\/fr\/wp-json\/wp\/v2\/media\/93050"}],"wp:attachment":[{"href":"https:\/\/www.koonings.com\/fr\/wp-json\/wp\/v2\/media?parent=93657"}],"wp:term":[{"taxonomy":"productdetails","embeddable":true,"href":"https:\/\/www.koonings.com\/fr\/wp-json\/wp\/v2\/productdetails?post=93657"},{"taxonomy":"productneck","embeddable":true,"href":"https:\/\/www.koonings.com\/fr\/wp-json\/wp\/v2\/productneck?post=93657"},{"taxonomy":"productcolor","embeddable":true,"href":"https:\/\/www.koonings.com\/fr\/wp-json\/wp\/v2\/productcolor?post=93657"},{"taxonomy":"maat","embeddable":true,"href":"https:\/\/www.koonings.com\/fr\/wp-json\/wp\/v2\/maat?post=93657"},{"taxonomy":"productsupplier","embeddable":true,"href":"https:\/\/www.koonings.com\/fr\/wp-json\/wp\/v2\/productsupplier?post=93657"},{"taxonomy":"productsleeve","embeddable":true,"href":"https:\/\/www.koonings.com\/fr\/wp-json\/wp\/v2\/productsleeve?post=93657"},{"taxonomy":"productcategory","embeddable":true,"href":"https:\/\/www.koonings.com\/fr\/wp-json\/wp\/v2\/productcategory?post=93657"},{"taxonomy":"productsilhouette","embeddable":true,"href":"https:\/\/www.koonings.com\/fr\/wp-json\/wp\/v2\/productsilhouette?post=93657"},{"taxonomy":"productstyle","embeddable":true,"href":"https:\/\/www.koonings.com\/fr\/wp-json\/wp\/v2\/productstyle?post=93657"}],"curies":[{"name":"wp","href":"https:\/\/api.w.org\/{rel}","templated":true}]}}