{"id":93652,"date":"2026-05-06T15:36:21","date_gmt":"2026-05-06T13:36:21","guid":{"rendered":"https:\/\/www.koonings.com\/product\/libelle-marley\/"},"modified":"2026-04-14T15:43:34","modified_gmt":"2026-04-14T13:43:34","slug":"libelle-marley","status":"publish","type":"product","link":"https:\/\/www.koonings.com\/fr\/product\/libelle-marley\/","title":{"rendered":"Libelle Marley"},"content":{"rendered":"<p>La robe Marley est une robe enchanteresse de type A-line, dot\u00e9e d&#8217;un corsage en dentelle illusionniste et de bretelles perl\u00e9es complexes. La jupe en tulle souple apporte mouvement et gr\u00e2ce, tandis que la fente audacieuse ajoute une touche d&#8217;allure. \u00c9quilibre parfait entre romantisme et modernit\u00e9, cette robe est con\u00e7ue pour les mari\u00e9es qui souhaitent s&#8217;affirmer avec \u00e9l\u00e9gance.  <\/p>\n","protected":false},"featured_media":93423,"template":"","meta":{"_acf_changed":false,"ghostkit_customizer_options":"","ghostkit_custom_css":"","ghostkit_custom_js_head":"","ghostkit_custom_js_foot":"","ghostkit_typography":""},"productdetails":[378,381],"productneck":[351],"productcolor":[392],"maat":[],"productsupplier":[428],"productsleeve":[359],"productcategory":[18],"productsilhouette":[384],"productstyle":[366,370],"class_list":["post-93652","product","type-product","status-publish","has-post-thumbnail","hentry","productdetails-378","productdetails-381","productneck-351","productcolor-392","productsupplier-libelle","productsleeve-359","productcategory-trouwjurken","productsilhouette-384","productstyle-366","productstyle-370"],"acf":[],"yoast_head":"<!-- This site is optimized with the Yoast SEO plugin v27.3 - https:\/\/yoast.com\/product\/yoast-seo-wordpress\/ -->\n<title>Libelle Marley | Koonings<\/title>\n<meta name=\"description\" content=\"La robe Marley est une robe enchanteresse de type A-line, dot\u00e9e d&#039;un corsage en dentelle illusionniste et de bretelles perl\u00e9es complexes. La jupe en tulle souple apporte mouvement et gr\u00e2ce, tandis que la fente audacieuse ajoute une touche d&#039;allure. \u00c9quilibre parfait entre romantisme et modernit\u00e9, cette robe est con\u00e7ue pour les mari\u00e9es qui souhaitent s&#039;affirmer avec \u00e9l\u00e9gance.\" \/>\n<meta name=\"robots\" content=\"index, follow, max-snippet:-1, max-image-preview:large, max-video-preview:-1\" \/>\n<link rel=\"canonical\" href=\"https:\/\/www.koonings.com\/fr\/product\/libelle-marley\/\" \/>\n<meta property=\"og:locale\" content=\"fr_FR\" \/>\n<meta property=\"og:type\" content=\"article\" \/>\n<meta property=\"og:title\" content=\"Libelle Marley | Koonings\" \/>\n<meta property=\"og:description\" content=\"La robe Marley est une robe enchanteresse de type A-line, dot\u00e9e d&#039;un corsage en dentelle illusionniste et de bretelles perl\u00e9es complexes. La jupe en tulle souple apporte mouvement et gr\u00e2ce, tandis que la fente audacieuse ajoute une touche d&#039;allure. \u00c9quilibre parfait entre romantisme et modernit\u00e9, cette robe est con\u00e7ue pour les mari\u00e9es qui souhaitent s&#039;affirmer avec \u00e9l\u00e9gance.\" \/>\n<meta property=\"og:url\" content=\"https:\/\/www.koonings.com\/fr\/product\/libelle-marley\/\" \/>\n<meta property=\"og:site_name\" content=\"Koonings\" \/>\n<meta property=\"article:publisher\" content=\"https:\/\/www.facebook.com\/kooningstheweddingpalace\" \/>\n<meta property=\"og:image\" content=\"https:\/\/www.koonings.com\/wp-content\/uploads\/2025\/09\/51107_9f9faf6614377acfa0c06024aaf1a87c2f1a1ad2a6678f12d4631fb0ae1c4214e7f62e02.jpeg\" \/>\n\t<meta property=\"og:image:width\" content=\"1325\" \/>\n\t<meta property=\"og:image:height\" content=\"1874\" \/>\n\t<meta property=\"og:image:type\" content=\"image\/jpeg\" \/>\n<meta name=\"twitter:card\" content=\"summary_large_image\" \/>\n<script type=\"application\/ld+json\" class=\"yoast-schema-graph\">{\"@context\":\"https:\\\/\\\/schema.org\",\"@graph\":[{\"@type\":\"WebPage\",\"@id\":\"https:\\\/\\\/www.koonings.com\\\/fr\\\/product\\\/libelle-marley\\\/\",\"url\":\"https:\\\/\\\/www.koonings.com\\\/fr\\\/product\\\/libelle-marley\\\/\",\"name\":\"Libelle Marley | Koonings\",\"isPartOf\":{\"@id\":\"https:\\\/\\\/www.koonings.com\\\/fr\\\/#website\"},\"primaryImageOfPage\":{\"@id\":\"https:\\\/\\\/www.koonings.com\\\/fr\\\/product\\\/libelle-marley\\\/#primaryimage\"},\"image\":{\"@id\":\"https:\\\/\\\/www.koonings.com\\\/fr\\\/product\\\/libelle-marley\\\/#primaryimage\"},\"thumbnailUrl\":\"https:\\\/\\\/www.koonings.com\\\/wp-content\\\/uploads\\\/2025\\\/09\\\/51107_9f9faf6614377acfa0c06024aaf1a87c2f1a1ad2a6678f12d4631fb0ae1c4214e7f62e02.jpeg\",\"datePublished\":\"2026-05-06T13:36:21+00:00\",\"description\":\"La robe Marley est une robe enchanteresse de type A-line, dot\u00e9e d'un corsage en dentelle illusionniste et de bretelles perl\u00e9es complexes. La jupe en tulle souple apporte mouvement et gr\u00e2ce, tandis que la fente audacieuse ajoute une touche d'allure. \u00c9quilibre parfait entre romantisme et modernit\u00e9, cette robe est con\u00e7ue pour les mari\u00e9es qui souhaitent s'affirmer avec \u00e9l\u00e9gance.\",\"breadcrumb\":{\"@id\":\"https:\\\/\\\/www.koonings.com\\\/fr\\\/product\\\/libelle-marley\\\/#breadcrumb\"},\"inLanguage\":\"fr-FR\",\"potentialAction\":[{\"@type\":\"ReadAction\",\"target\":[\"https:\\\/\\\/www.koonings.com\\\/fr\\\/product\\\/libelle-marley\\\/\"]}]},{\"@type\":\"ImageObject\",\"inLanguage\":\"fr-FR\",\"@id\":\"https:\\\/\\\/www.koonings.com\\\/fr\\\/product\\\/libelle-marley\\\/#primaryimage\",\"url\":\"https:\\\/\\\/www.koonings.com\\\/wp-content\\\/uploads\\\/2025\\\/09\\\/51107_9f9faf6614377acfa0c06024aaf1a87c2f1a1ad2a6678f12d4631fb0ae1c4214e7f62e02.jpeg\",\"contentUrl\":\"https:\\\/\\\/www.koonings.com\\\/wp-content\\\/uploads\\\/2025\\\/09\\\/51107_9f9faf6614377acfa0c06024aaf1a87c2f1a1ad2a6678f12d4631fb0ae1c4214e7f62e02.jpeg\",\"width\":1325,\"height\":1874},{\"@type\":\"BreadcrumbList\",\"@id\":\"https:\\\/\\\/www.koonings.com\\\/fr\\\/product\\\/libelle-marley\\\/#breadcrumb\",\"itemListElement\":[{\"@type\":\"ListItem\",\"position\":1,\"name\":\"Home\",\"item\":\"https:\\\/\\\/www.koonings.com\\\/fr\\\/\"},{\"@type\":\"ListItem\",\"position\":2,\"name\":\"Libelle Marley\"}]},{\"@type\":\"WebSite\",\"@id\":\"https:\\\/\\\/www.koonings.com\\\/fr\\\/#website\",\"url\":\"https:\\\/\\\/www.koonings.com\\\/fr\\\/\",\"name\":\"Koonings\",\"description\":\"De grootste bruidsmodewinkel ter wereld\",\"publisher\":{\"@id\":\"https:\\\/\\\/www.koonings.com\\\/fr\\\/#organization\"},\"potentialAction\":[{\"@type\":\"SearchAction\",\"target\":{\"@type\":\"EntryPoint\",\"urlTemplate\":\"https:\\\/\\\/www.koonings.com\\\/fr\\\/?s={search_term_string}\"},\"query-input\":{\"@type\":\"PropertyValueSpecification\",\"valueRequired\":true,\"valueName\":\"search_term_string\"}}],\"inLanguage\":\"fr-FR\"},{\"@type\":\"Organization\",\"@id\":\"https:\\\/\\\/www.koonings.com\\\/fr\\\/#organization\",\"name\":\"Koonings\",\"url\":\"https:\\\/\\\/www.koonings.com\\\/fr\\\/\",\"logo\":{\"@type\":\"ImageObject\",\"inLanguage\":\"fr-FR\",\"@id\":\"https:\\\/\\\/www.koonings.com\\\/fr\\\/#\\\/schema\\\/logo\\\/image\\\/\",\"url\":\"https:\\\/\\\/www.koonings.com\\\/wp-content\\\/uploads\\\/2024\\\/07\\\/logo.png\",\"contentUrl\":\"https:\\\/\\\/www.koonings.com\\\/wp-content\\\/uploads\\\/2024\\\/07\\\/logo.png\",\"width\":600,\"height\":428,\"caption\":\"Koonings\"},\"image\":{\"@id\":\"https:\\\/\\\/www.koonings.com\\\/fr\\\/#\\\/schema\\\/logo\\\/image\\\/\"},\"sameAs\":[\"https:\\\/\\\/www.facebook.com\\\/kooningstheweddingpalace\",\"https:\\\/\\\/www.instagram.com\\\/kooningstheweddingpalace\",\"https:\\\/\\\/www.pinterest.com\\\/koonings\",\"https:\\\/\\\/www.youtube.com\\\/kooningstheweddingpalace\"]}]}<\/script>\n<!-- \/ Yoast SEO plugin. -->","yoast_head_json":{"title":"Libelle Marley | Koonings","description":"La robe Marley est une robe enchanteresse de type A-line, dot\u00e9e d'un corsage en dentelle illusionniste et de bretelles perl\u00e9es complexes. La jupe en tulle souple apporte mouvement et gr\u00e2ce, tandis que la fente audacieuse ajoute une touche d'allure. \u00c9quilibre parfait entre romantisme et modernit\u00e9, cette robe est con\u00e7ue pour les mari\u00e9es qui souhaitent s'affirmer avec \u00e9l\u00e9gance.","robots":{"index":"index","follow":"follow","max-snippet":"max-snippet:-1","max-image-preview":"max-image-preview:large","max-video-preview":"max-video-preview:-1"},"canonical":"https:\/\/www.koonings.com\/fr\/product\/libelle-marley\/","og_locale":"fr_FR","og_type":"article","og_title":"Libelle Marley | Koonings","og_description":"La robe Marley est une robe enchanteresse de type A-line, dot\u00e9e d'un corsage en dentelle illusionniste et de bretelles perl\u00e9es complexes. La jupe en tulle souple apporte mouvement et gr\u00e2ce, tandis que la fente audacieuse ajoute une touche d'allure. \u00c9quilibre parfait entre romantisme et modernit\u00e9, cette robe est con\u00e7ue pour les mari\u00e9es qui souhaitent s'affirmer avec \u00e9l\u00e9gance.","og_url":"https:\/\/www.koonings.com\/fr\/product\/libelle-marley\/","og_site_name":"Koonings","article_publisher":"https:\/\/www.facebook.com\/kooningstheweddingpalace","og_image":[{"width":1325,"height":1874,"url":"https:\/\/www.koonings.com\/wp-content\/uploads\/2025\/09\/51107_9f9faf6614377acfa0c06024aaf1a87c2f1a1ad2a6678f12d4631fb0ae1c4214e7f62e02.jpeg","type":"image\/jpeg"}],"twitter_card":"summary_large_image","schema":{"@context":"https:\/\/schema.org","@graph":[{"@type":"WebPage","@id":"https:\/\/www.koonings.com\/fr\/product\/libelle-marley\/","url":"https:\/\/www.koonings.com\/fr\/product\/libelle-marley\/","name":"Libelle Marley | Koonings","isPartOf":{"@id":"https:\/\/www.koonings.com\/fr\/#website"},"primaryImageOfPage":{"@id":"https:\/\/www.koonings.com\/fr\/product\/libelle-marley\/#primaryimage"},"image":{"@id":"https:\/\/www.koonings.com\/fr\/product\/libelle-marley\/#primaryimage"},"thumbnailUrl":"https:\/\/www.koonings.com\/wp-content\/uploads\/2025\/09\/51107_9f9faf6614377acfa0c06024aaf1a87c2f1a1ad2a6678f12d4631fb0ae1c4214e7f62e02.jpeg","datePublished":"2026-05-06T13:36:21+00:00","description":"La robe Marley est une robe enchanteresse de type A-line, dot\u00e9e d'un corsage en dentelle illusionniste et de bretelles perl\u00e9es complexes. La jupe en tulle souple apporte mouvement et gr\u00e2ce, tandis que la fente audacieuse ajoute une touche d'allure. \u00c9quilibre parfait entre romantisme et modernit\u00e9, cette robe est con\u00e7ue pour les mari\u00e9es qui souhaitent s'affirmer avec \u00e9l\u00e9gance.","breadcrumb":{"@id":"https:\/\/www.koonings.com\/fr\/product\/libelle-marley\/#breadcrumb"},"inLanguage":"fr-FR","potentialAction":[{"@type":"ReadAction","target":["https:\/\/www.koonings.com\/fr\/product\/libelle-marley\/"]}]},{"@type":"ImageObject","inLanguage":"fr-FR","@id":"https:\/\/www.koonings.com\/fr\/product\/libelle-marley\/#primaryimage","url":"https:\/\/www.koonings.com\/wp-content\/uploads\/2025\/09\/51107_9f9faf6614377acfa0c06024aaf1a87c2f1a1ad2a6678f12d4631fb0ae1c4214e7f62e02.jpeg","contentUrl":"https:\/\/www.koonings.com\/wp-content\/uploads\/2025\/09\/51107_9f9faf6614377acfa0c06024aaf1a87c2f1a1ad2a6678f12d4631fb0ae1c4214e7f62e02.jpeg","width":1325,"height":1874},{"@type":"BreadcrumbList","@id":"https:\/\/www.koonings.com\/fr\/product\/libelle-marley\/#breadcrumb","itemListElement":[{"@type":"ListItem","position":1,"name":"Home","item":"https:\/\/www.koonings.com\/fr\/"},{"@type":"ListItem","position":2,"name":"Libelle Marley"}]},{"@type":"WebSite","@id":"https:\/\/www.koonings.com\/fr\/#website","url":"https:\/\/www.koonings.com\/fr\/","name":"Koonings","description":"De grootste bruidsmodewinkel ter wereld","publisher":{"@id":"https:\/\/www.koonings.com\/fr\/#organization"},"potentialAction":[{"@type":"SearchAction","target":{"@type":"EntryPoint","urlTemplate":"https:\/\/www.koonings.com\/fr\/?s={search_term_string}"},"query-input":{"@type":"PropertyValueSpecification","valueRequired":true,"valueName":"search_term_string"}}],"inLanguage":"fr-FR"},{"@type":"Organization","@id":"https:\/\/www.koonings.com\/fr\/#organization","name":"Koonings","url":"https:\/\/www.koonings.com\/fr\/","logo":{"@type":"ImageObject","inLanguage":"fr-FR","@id":"https:\/\/www.koonings.com\/fr\/#\/schema\/logo\/image\/","url":"https:\/\/www.koonings.com\/wp-content\/uploads\/2024\/07\/logo.png","contentUrl":"https:\/\/www.koonings.com\/wp-content\/uploads\/2024\/07\/logo.png","width":600,"height":428,"caption":"Koonings"},"image":{"@id":"https:\/\/www.koonings.com\/fr\/#\/schema\/logo\/image\/"},"sameAs":["https:\/\/www.facebook.com\/kooningstheweddingpalace","https:\/\/www.instagram.com\/kooningstheweddingpalace","https:\/\/www.pinterest.com\/koonings","https:\/\/www.youtube.com\/kooningstheweddingpalace"]}]}},"_links":{"self":[{"href":"https:\/\/www.koonings.com\/fr\/wp-json\/wp\/v2\/product\/93652","targetHints":{"allow":["GET"]}}],"collection":[{"href":"https:\/\/www.koonings.com\/fr\/wp-json\/wp\/v2\/product"}],"about":[{"href":"https:\/\/www.koonings.com\/fr\/wp-json\/wp\/v2\/types\/product"}],"wp:featuredmedia":[{"embeddable":true,"href":"https:\/\/www.koonings.com\/fr\/wp-json\/wp\/v2\/media\/93423"}],"wp:attachment":[{"href":"https:\/\/www.koonings.com\/fr\/wp-json\/wp\/v2\/media?parent=93652"}],"wp:term":[{"taxonomy":"productdetails","embeddable":true,"href":"https:\/\/www.koonings.com\/fr\/wp-json\/wp\/v2\/productdetails?post=93652"},{"taxonomy":"productneck","embeddable":true,"href":"https:\/\/www.koonings.com\/fr\/wp-json\/wp\/v2\/productneck?post=93652"},{"taxonomy":"productcolor","embeddable":true,"href":"https:\/\/www.koonings.com\/fr\/wp-json\/wp\/v2\/productcolor?post=93652"},{"taxonomy":"maat","embeddable":true,"href":"https:\/\/www.koonings.com\/fr\/wp-json\/wp\/v2\/maat?post=93652"},{"taxonomy":"productsupplier","embeddable":true,"href":"https:\/\/www.koonings.com\/fr\/wp-json\/wp\/v2\/productsupplier?post=93652"},{"taxonomy":"productsleeve","embeddable":true,"href":"https:\/\/www.koonings.com\/fr\/wp-json\/wp\/v2\/productsleeve?post=93652"},{"taxonomy":"productcategory","embeddable":true,"href":"https:\/\/www.koonings.com\/fr\/wp-json\/wp\/v2\/productcategory?post=93652"},{"taxonomy":"productsilhouette","embeddable":true,"href":"https:\/\/www.koonings.com\/fr\/wp-json\/wp\/v2\/productsilhouette?post=93652"},{"taxonomy":"productstyle","embeddable":true,"href":"https:\/\/www.koonings.com\/fr\/wp-json\/wp\/v2\/productstyle?post=93652"}],"curies":[{"name":"wp","href":"https:\/\/api.w.org\/{rel}","templated":true}]}}