{"id":93646,"date":"2026-04-28T18:36:09","date_gmt":"2026-04-28T16:36:09","guid":{"rendered":"https:\/\/www.koonings.com\/product\/libelle-margot\/"},"modified":"2026-04-14T15:43:36","modified_gmt":"2026-04-14T13:43:36","slug":"libelle-margot","status":"publish","type":"product","link":"https:\/\/www.koonings.com\/fr\/product\/libelle-margot\/","title":{"rendered":"Libelle Margot"},"content":{"rendered":"<p>D&#8217;une \u00e9l\u00e9gance moderne, la robe Margot est une remarquable robe trap\u00e8ze de Mikado qui associe une structure intemporelle \u00e0 des d\u00e9tails romantiques. Le corsage pliss\u00e9 pr\u00e9sente une encolure d\u00e9collet\u00e9e, subtilement accentu\u00e9e par des bretelles florales en 3D, tandis qu&#8217;une fente haute ajoute une touche d&#8217;allure et de mouvement. <\/p>\n","protected":false},"featured_media":93385,"template":"","meta":{"_acf_changed":false,"ghostkit_customizer_options":"","ghostkit_custom_css":"","ghostkit_custom_js_head":"","ghostkit_custom_js_foot":"","ghostkit_typography":""},"productdetails":[379],"productneck":[355],"productcolor":[392],"maat":[],"productsupplier":[428],"productsleeve":[363],"productcategory":[18],"productsilhouette":[384],"productstyle":[366],"class_list":["post-93646","product","type-product","status-publish","has-post-thumbnail","hentry","productdetails-379","productneck-355","productcolor-392","productsupplier-libelle","productsleeve-363","productcategory-trouwjurken","productsilhouette-384","productstyle-366"],"acf":[],"yoast_head":"<!-- This site is optimized with the Yoast SEO plugin v27.3 - https:\/\/yoast.com\/product\/yoast-seo-wordpress\/ -->\n<title>Libelle Margot | Koonings<\/title>\n<meta name=\"description\" content=\"D&#039;une \u00e9l\u00e9gance moderne, la robe Margot est une remarquable robe trap\u00e8ze de Mikado qui associe une structure intemporelle \u00e0 des d\u00e9tails romantiques. Le corsage pliss\u00e9 pr\u00e9sente une encolure d\u00e9collet\u00e9e, subtilement accentu\u00e9e par des bretelles florales en 3D, tandis qu&#039;une fente haute ajoute une touche d&#039;allure et de mouvement.\" \/>\n<meta name=\"robots\" content=\"index, follow, max-snippet:-1, max-image-preview:large, max-video-preview:-1\" \/>\n<link rel=\"canonical\" href=\"https:\/\/www.koonings.com\/fr\/product\/libelle-margot\/\" \/>\n<meta property=\"og:locale\" content=\"fr_FR\" \/>\n<meta property=\"og:type\" content=\"article\" \/>\n<meta property=\"og:title\" content=\"Libelle Margot | Koonings\" \/>\n<meta property=\"og:description\" content=\"D&#039;une \u00e9l\u00e9gance moderne, la robe Margot est une remarquable robe trap\u00e8ze de Mikado qui associe une structure intemporelle \u00e0 des d\u00e9tails romantiques. Le corsage pliss\u00e9 pr\u00e9sente une encolure d\u00e9collet\u00e9e, subtilement accentu\u00e9e par des bretelles florales en 3D, tandis qu&#039;une fente haute ajoute une touche d&#039;allure et de mouvement.\" \/>\n<meta property=\"og:url\" content=\"https:\/\/www.koonings.com\/fr\/product\/libelle-margot\/\" \/>\n<meta property=\"og:site_name\" content=\"Koonings\" \/>\n<meta property=\"article:publisher\" content=\"https:\/\/www.facebook.com\/kooningstheweddingpalace\" \/>\n<meta property=\"og:image\" content=\"https:\/\/www.koonings.com\/wp-content\/uploads\/2025\/09\/51105_61ca7a73d70883cbf9405f38ef819e1b7575787d35710e79e6c3cde8d43ef6f78d2149d9.jpeg\" \/>\n\t<meta property=\"og:image:width\" content=\"1496\" \/>\n\t<meta property=\"og:image:height\" content=\"2117\" \/>\n\t<meta property=\"og:image:type\" content=\"image\/jpeg\" \/>\n<meta name=\"twitter:card\" content=\"summary_large_image\" \/>\n<script type=\"application\/ld+json\" class=\"yoast-schema-graph\">{\"@context\":\"https:\\\/\\\/schema.org\",\"@graph\":[{\"@type\":\"WebPage\",\"@id\":\"https:\\\/\\\/www.koonings.com\\\/fr\\\/product\\\/libelle-margot\\\/\",\"url\":\"https:\\\/\\\/www.koonings.com\\\/fr\\\/product\\\/libelle-margot\\\/\",\"name\":\"Libelle Margot | Koonings\",\"isPartOf\":{\"@id\":\"https:\\\/\\\/www.koonings.com\\\/fr\\\/#website\"},\"primaryImageOfPage\":{\"@id\":\"https:\\\/\\\/www.koonings.com\\\/fr\\\/product\\\/libelle-margot\\\/#primaryimage\"},\"image\":{\"@id\":\"https:\\\/\\\/www.koonings.com\\\/fr\\\/product\\\/libelle-margot\\\/#primaryimage\"},\"thumbnailUrl\":\"https:\\\/\\\/www.koonings.com\\\/wp-content\\\/uploads\\\/2025\\\/09\\\/51105_61ca7a73d70883cbf9405f38ef819e1b7575787d35710e79e6c3cde8d43ef6f78d2149d9.jpeg\",\"datePublished\":\"2026-04-28T16:36:09+00:00\",\"description\":\"D'une \u00e9l\u00e9gance moderne, la robe Margot est une remarquable robe trap\u00e8ze de Mikado qui associe une structure intemporelle \u00e0 des d\u00e9tails romantiques. Le corsage pliss\u00e9 pr\u00e9sente une encolure d\u00e9collet\u00e9e, subtilement accentu\u00e9e par des bretelles florales en 3D, tandis qu'une fente haute ajoute une touche d'allure et de mouvement.\",\"breadcrumb\":{\"@id\":\"https:\\\/\\\/www.koonings.com\\\/fr\\\/product\\\/libelle-margot\\\/#breadcrumb\"},\"inLanguage\":\"fr-FR\",\"potentialAction\":[{\"@type\":\"ReadAction\",\"target\":[\"https:\\\/\\\/www.koonings.com\\\/fr\\\/product\\\/libelle-margot\\\/\"]}]},{\"@type\":\"ImageObject\",\"inLanguage\":\"fr-FR\",\"@id\":\"https:\\\/\\\/www.koonings.com\\\/fr\\\/product\\\/libelle-margot\\\/#primaryimage\",\"url\":\"https:\\\/\\\/www.koonings.com\\\/wp-content\\\/uploads\\\/2025\\\/09\\\/51105_61ca7a73d70883cbf9405f38ef819e1b7575787d35710e79e6c3cde8d43ef6f78d2149d9.jpeg\",\"contentUrl\":\"https:\\\/\\\/www.koonings.com\\\/wp-content\\\/uploads\\\/2025\\\/09\\\/51105_61ca7a73d70883cbf9405f38ef819e1b7575787d35710e79e6c3cde8d43ef6f78d2149d9.jpeg\",\"width\":1496,\"height\":2117},{\"@type\":\"BreadcrumbList\",\"@id\":\"https:\\\/\\\/www.koonings.com\\\/fr\\\/product\\\/libelle-margot\\\/#breadcrumb\",\"itemListElement\":[{\"@type\":\"ListItem\",\"position\":1,\"name\":\"Home\",\"item\":\"https:\\\/\\\/www.koonings.com\\\/fr\\\/\"},{\"@type\":\"ListItem\",\"position\":2,\"name\":\"Libelle Margot\"}]},{\"@type\":\"WebSite\",\"@id\":\"https:\\\/\\\/www.koonings.com\\\/fr\\\/#website\",\"url\":\"https:\\\/\\\/www.koonings.com\\\/fr\\\/\",\"name\":\"Koonings\",\"description\":\"De grootste bruidsmodewinkel ter wereld\",\"publisher\":{\"@id\":\"https:\\\/\\\/www.koonings.com\\\/fr\\\/#organization\"},\"potentialAction\":[{\"@type\":\"SearchAction\",\"target\":{\"@type\":\"EntryPoint\",\"urlTemplate\":\"https:\\\/\\\/www.koonings.com\\\/fr\\\/?s={search_term_string}\"},\"query-input\":{\"@type\":\"PropertyValueSpecification\",\"valueRequired\":true,\"valueName\":\"search_term_string\"}}],\"inLanguage\":\"fr-FR\"},{\"@type\":\"Organization\",\"@id\":\"https:\\\/\\\/www.koonings.com\\\/fr\\\/#organization\",\"name\":\"Koonings\",\"url\":\"https:\\\/\\\/www.koonings.com\\\/fr\\\/\",\"logo\":{\"@type\":\"ImageObject\",\"inLanguage\":\"fr-FR\",\"@id\":\"https:\\\/\\\/www.koonings.com\\\/fr\\\/#\\\/schema\\\/logo\\\/image\\\/\",\"url\":\"https:\\\/\\\/www.koonings.com\\\/wp-content\\\/uploads\\\/2024\\\/07\\\/logo.png\",\"contentUrl\":\"https:\\\/\\\/www.koonings.com\\\/wp-content\\\/uploads\\\/2024\\\/07\\\/logo.png\",\"width\":600,\"height\":428,\"caption\":\"Koonings\"},\"image\":{\"@id\":\"https:\\\/\\\/www.koonings.com\\\/fr\\\/#\\\/schema\\\/logo\\\/image\\\/\"},\"sameAs\":[\"https:\\\/\\\/www.facebook.com\\\/kooningstheweddingpalace\",\"https:\\\/\\\/www.instagram.com\\\/kooningstheweddingpalace\",\"https:\\\/\\\/www.pinterest.com\\\/koonings\",\"https:\\\/\\\/www.youtube.com\\\/kooningstheweddingpalace\"]}]}<\/script>\n<!-- \/ Yoast SEO plugin. -->","yoast_head_json":{"title":"Libelle Margot | Koonings","description":"D'une \u00e9l\u00e9gance moderne, la robe Margot est une remarquable robe trap\u00e8ze de Mikado qui associe une structure intemporelle \u00e0 des d\u00e9tails romantiques. Le corsage pliss\u00e9 pr\u00e9sente une encolure d\u00e9collet\u00e9e, subtilement accentu\u00e9e par des bretelles florales en 3D, tandis qu'une fente haute ajoute une touche d'allure et de mouvement.","robots":{"index":"index","follow":"follow","max-snippet":"max-snippet:-1","max-image-preview":"max-image-preview:large","max-video-preview":"max-video-preview:-1"},"canonical":"https:\/\/www.koonings.com\/fr\/product\/libelle-margot\/","og_locale":"fr_FR","og_type":"article","og_title":"Libelle Margot | Koonings","og_description":"D'une \u00e9l\u00e9gance moderne, la robe Margot est une remarquable robe trap\u00e8ze de Mikado qui associe une structure intemporelle \u00e0 des d\u00e9tails romantiques. Le corsage pliss\u00e9 pr\u00e9sente une encolure d\u00e9collet\u00e9e, subtilement accentu\u00e9e par des bretelles florales en 3D, tandis qu'une fente haute ajoute une touche d'allure et de mouvement.","og_url":"https:\/\/www.koonings.com\/fr\/product\/libelle-margot\/","og_site_name":"Koonings","article_publisher":"https:\/\/www.facebook.com\/kooningstheweddingpalace","og_image":[{"width":1496,"height":2117,"url":"https:\/\/www.koonings.com\/wp-content\/uploads\/2025\/09\/51105_61ca7a73d70883cbf9405f38ef819e1b7575787d35710e79e6c3cde8d43ef6f78d2149d9.jpeg","type":"image\/jpeg"}],"twitter_card":"summary_large_image","schema":{"@context":"https:\/\/schema.org","@graph":[{"@type":"WebPage","@id":"https:\/\/www.koonings.com\/fr\/product\/libelle-margot\/","url":"https:\/\/www.koonings.com\/fr\/product\/libelle-margot\/","name":"Libelle Margot | Koonings","isPartOf":{"@id":"https:\/\/www.koonings.com\/fr\/#website"},"primaryImageOfPage":{"@id":"https:\/\/www.koonings.com\/fr\/product\/libelle-margot\/#primaryimage"},"image":{"@id":"https:\/\/www.koonings.com\/fr\/product\/libelle-margot\/#primaryimage"},"thumbnailUrl":"https:\/\/www.koonings.com\/wp-content\/uploads\/2025\/09\/51105_61ca7a73d70883cbf9405f38ef819e1b7575787d35710e79e6c3cde8d43ef6f78d2149d9.jpeg","datePublished":"2026-04-28T16:36:09+00:00","description":"D'une \u00e9l\u00e9gance moderne, la robe Margot est une remarquable robe trap\u00e8ze de Mikado qui associe une structure intemporelle \u00e0 des d\u00e9tails romantiques. Le corsage pliss\u00e9 pr\u00e9sente une encolure d\u00e9collet\u00e9e, subtilement accentu\u00e9e par des bretelles florales en 3D, tandis qu'une fente haute ajoute une touche d'allure et de mouvement.","breadcrumb":{"@id":"https:\/\/www.koonings.com\/fr\/product\/libelle-margot\/#breadcrumb"},"inLanguage":"fr-FR","potentialAction":[{"@type":"ReadAction","target":["https:\/\/www.koonings.com\/fr\/product\/libelle-margot\/"]}]},{"@type":"ImageObject","inLanguage":"fr-FR","@id":"https:\/\/www.koonings.com\/fr\/product\/libelle-margot\/#primaryimage","url":"https:\/\/www.koonings.com\/wp-content\/uploads\/2025\/09\/51105_61ca7a73d70883cbf9405f38ef819e1b7575787d35710e79e6c3cde8d43ef6f78d2149d9.jpeg","contentUrl":"https:\/\/www.koonings.com\/wp-content\/uploads\/2025\/09\/51105_61ca7a73d70883cbf9405f38ef819e1b7575787d35710e79e6c3cde8d43ef6f78d2149d9.jpeg","width":1496,"height":2117},{"@type":"BreadcrumbList","@id":"https:\/\/www.koonings.com\/fr\/product\/libelle-margot\/#breadcrumb","itemListElement":[{"@type":"ListItem","position":1,"name":"Home","item":"https:\/\/www.koonings.com\/fr\/"},{"@type":"ListItem","position":2,"name":"Libelle Margot"}]},{"@type":"WebSite","@id":"https:\/\/www.koonings.com\/fr\/#website","url":"https:\/\/www.koonings.com\/fr\/","name":"Koonings","description":"De grootste bruidsmodewinkel ter wereld","publisher":{"@id":"https:\/\/www.koonings.com\/fr\/#organization"},"potentialAction":[{"@type":"SearchAction","target":{"@type":"EntryPoint","urlTemplate":"https:\/\/www.koonings.com\/fr\/?s={search_term_string}"},"query-input":{"@type":"PropertyValueSpecification","valueRequired":true,"valueName":"search_term_string"}}],"inLanguage":"fr-FR"},{"@type":"Organization","@id":"https:\/\/www.koonings.com\/fr\/#organization","name":"Koonings","url":"https:\/\/www.koonings.com\/fr\/","logo":{"@type":"ImageObject","inLanguage":"fr-FR","@id":"https:\/\/www.koonings.com\/fr\/#\/schema\/logo\/image\/","url":"https:\/\/www.koonings.com\/wp-content\/uploads\/2024\/07\/logo.png","contentUrl":"https:\/\/www.koonings.com\/wp-content\/uploads\/2024\/07\/logo.png","width":600,"height":428,"caption":"Koonings"},"image":{"@id":"https:\/\/www.koonings.com\/fr\/#\/schema\/logo\/image\/"},"sameAs":["https:\/\/www.facebook.com\/kooningstheweddingpalace","https:\/\/www.instagram.com\/kooningstheweddingpalace","https:\/\/www.pinterest.com\/koonings","https:\/\/www.youtube.com\/kooningstheweddingpalace"]}]}},"_links":{"self":[{"href":"https:\/\/www.koonings.com\/fr\/wp-json\/wp\/v2\/product\/93646","targetHints":{"allow":["GET"]}}],"collection":[{"href":"https:\/\/www.koonings.com\/fr\/wp-json\/wp\/v2\/product"}],"about":[{"href":"https:\/\/www.koonings.com\/fr\/wp-json\/wp\/v2\/types\/product"}],"wp:featuredmedia":[{"embeddable":true,"href":"https:\/\/www.koonings.com\/fr\/wp-json\/wp\/v2\/media\/93385"}],"wp:attachment":[{"href":"https:\/\/www.koonings.com\/fr\/wp-json\/wp\/v2\/media?parent=93646"}],"wp:term":[{"taxonomy":"productdetails","embeddable":true,"href":"https:\/\/www.koonings.com\/fr\/wp-json\/wp\/v2\/productdetails?post=93646"},{"taxonomy":"productneck","embeddable":true,"href":"https:\/\/www.koonings.com\/fr\/wp-json\/wp\/v2\/productneck?post=93646"},{"taxonomy":"productcolor","embeddable":true,"href":"https:\/\/www.koonings.com\/fr\/wp-json\/wp\/v2\/productcolor?post=93646"},{"taxonomy":"maat","embeddable":true,"href":"https:\/\/www.koonings.com\/fr\/wp-json\/wp\/v2\/maat?post=93646"},{"taxonomy":"productsupplier","embeddable":true,"href":"https:\/\/www.koonings.com\/fr\/wp-json\/wp\/v2\/productsupplier?post=93646"},{"taxonomy":"productsleeve","embeddable":true,"href":"https:\/\/www.koonings.com\/fr\/wp-json\/wp\/v2\/productsleeve?post=93646"},{"taxonomy":"productcategory","embeddable":true,"href":"https:\/\/www.koonings.com\/fr\/wp-json\/wp\/v2\/productcategory?post=93646"},{"taxonomy":"productsilhouette","embeddable":true,"href":"https:\/\/www.koonings.com\/fr\/wp-json\/wp\/v2\/productsilhouette?post=93646"},{"taxonomy":"productstyle","embeddable":true,"href":"https:\/\/www.koonings.com\/fr\/wp-json\/wp\/v2\/productstyle?post=93646"}],"curies":[{"name":"wp","href":"https:\/\/api.w.org\/{rel}","templated":true}]}}