{"id":93635,"date":"2026-04-28T18:36:08","date_gmt":"2026-04-28T16:36:08","guid":{"rendered":"https:\/\/www.koonings.com\/product\/libelle-macy\/"},"modified":"2026-04-14T15:42:31","modified_gmt":"2026-04-14T13:42:31","slug":"libelle-macy","status":"publish","type":"product","link":"https:\/\/www.koonings.com\/fr\/product\/libelle-macy\/","title":{"rendered":"Libelle Macy"},"content":{"rendered":"<p>La robe Macy est une d\u00e9licate robe de type A qui se caract\u00e9rise par un corsage en dentelle illusion et un d\u00e9collet\u00e9 romantique en forme de c\u0153ur. De fines bretelles perl\u00e9es ajoutent un \u00e9clat d\u00e9licat et compl\u00e8tent parfaitement la jupe fluide en tulle. L\u00e9g\u00e8re, r\u00eaveuse et \u00e9l\u00e9gante sans effort, cette robe est id\u00e9ale pour les mari\u00e9es qui souhaitent un look intemporel et f\u00e9minin.  <\/p>\n","protected":false},"featured_media":93586,"template":"","meta":{"_acf_changed":false,"ghostkit_customizer_options":"","ghostkit_custom_css":"","ghostkit_custom_js_head":"","ghostkit_custom_js_foot":"","ghostkit_typography":""},"productdetails":[381],"productneck":[355],"productcolor":[392],"maat":[],"productsupplier":[428],"productsleeve":[359],"productcategory":[18],"productsilhouette":[384],"productstyle":[366],"class_list":["post-93635","product","type-product","status-publish","has-post-thumbnail","hentry","productdetails-381","productneck-355","productcolor-392","productsupplier-libelle","productsleeve-359","productcategory-trouwjurken","productsilhouette-384","productstyle-366"],"acf":[],"yoast_head":"<!-- This site is optimized with the Yoast SEO plugin v27.3 - https:\/\/yoast.com\/product\/yoast-seo-wordpress\/ -->\n<title>Libelle Macy | Koonings<\/title>\n<meta name=\"description\" content=\"La robe Macy est une d\u00e9licate robe de type A qui se caract\u00e9rise par un corsage en dentelle illusion et un d\u00e9collet\u00e9 romantique en forme de c\u0153ur. De fines bretelles perl\u00e9es ajoutent un \u00e9clat d\u00e9licat et compl\u00e8tent parfaitement la jupe fluide en tulle. L\u00e9g\u00e8re, r\u00eaveuse et \u00e9l\u00e9gante sans effort, cette robe est id\u00e9ale pour les mari\u00e9es qui souhaitent un look intemporel et f\u00e9minin.\" \/>\n<meta name=\"robots\" content=\"index, follow, max-snippet:-1, max-image-preview:large, max-video-preview:-1\" \/>\n<link rel=\"canonical\" href=\"https:\/\/www.koonings.com\/fr\/product\/libelle-macy\/\" \/>\n<meta property=\"og:locale\" content=\"fr_FR\" \/>\n<meta property=\"og:type\" content=\"article\" \/>\n<meta property=\"og:title\" content=\"Libelle Macy | Koonings\" \/>\n<meta property=\"og:description\" content=\"La robe Macy est une d\u00e9licate robe de type A qui se caract\u00e9rise par un corsage en dentelle illusion et un d\u00e9collet\u00e9 romantique en forme de c\u0153ur. De fines bretelles perl\u00e9es ajoutent un \u00e9clat d\u00e9licat et compl\u00e8tent parfaitement la jupe fluide en tulle. L\u00e9g\u00e8re, r\u00eaveuse et \u00e9l\u00e9gante sans effort, cette robe est id\u00e9ale pour les mari\u00e9es qui souhaitent un look intemporel et f\u00e9minin.\" \/>\n<meta property=\"og:url\" content=\"https:\/\/www.koonings.com\/fr\/product\/libelle-macy\/\" \/>\n<meta property=\"og:site_name\" content=\"Koonings\" \/>\n<meta property=\"article:publisher\" content=\"https:\/\/www.facebook.com\/kooningstheweddingpalace\" \/>\n<meta property=\"og:image\" content=\"https:\/\/www.koonings.com\/wp-content\/uploads\/2025\/09\/51103_f501c8e111f437ecf37a3200d46f1d9130ad788d25d10f8d95e3b505dc8a0bb36f90c1e6.jpeg\" \/>\n\t<meta property=\"og:image:width\" content=\"1225\" \/>\n\t<meta property=\"og:image:height\" content=\"1730\" \/>\n\t<meta property=\"og:image:type\" content=\"image\/jpeg\" \/>\n<meta name=\"twitter:card\" content=\"summary_large_image\" \/>\n<script type=\"application\/ld+json\" class=\"yoast-schema-graph\">{\"@context\":\"https:\\\/\\\/schema.org\",\"@graph\":[{\"@type\":\"WebPage\",\"@id\":\"https:\\\/\\\/www.koonings.com\\\/fr\\\/product\\\/libelle-macy\\\/\",\"url\":\"https:\\\/\\\/www.koonings.com\\\/fr\\\/product\\\/libelle-macy\\\/\",\"name\":\"Libelle Macy | Koonings\",\"isPartOf\":{\"@id\":\"https:\\\/\\\/www.koonings.com\\\/fr\\\/#website\"},\"primaryImageOfPage\":{\"@id\":\"https:\\\/\\\/www.koonings.com\\\/fr\\\/product\\\/libelle-macy\\\/#primaryimage\"},\"image\":{\"@id\":\"https:\\\/\\\/www.koonings.com\\\/fr\\\/product\\\/libelle-macy\\\/#primaryimage\"},\"thumbnailUrl\":\"https:\\\/\\\/www.koonings.com\\\/wp-content\\\/uploads\\\/2025\\\/09\\\/51103_f501c8e111f437ecf37a3200d46f1d9130ad788d25d10f8d95e3b505dc8a0bb36f90c1e6.jpeg\",\"datePublished\":\"2026-04-28T16:36:08+00:00\",\"description\":\"La robe Macy est une d\u00e9licate robe de type A qui se caract\u00e9rise par un corsage en dentelle illusion et un d\u00e9collet\u00e9 romantique en forme de c\u0153ur. De fines bretelles perl\u00e9es ajoutent un \u00e9clat d\u00e9licat et compl\u00e8tent parfaitement la jupe fluide en tulle. L\u00e9g\u00e8re, r\u00eaveuse et \u00e9l\u00e9gante sans effort, cette robe est id\u00e9ale pour les mari\u00e9es qui souhaitent un look intemporel et f\u00e9minin.\",\"breadcrumb\":{\"@id\":\"https:\\\/\\\/www.koonings.com\\\/fr\\\/product\\\/libelle-macy\\\/#breadcrumb\"},\"inLanguage\":\"fr-FR\",\"potentialAction\":[{\"@type\":\"ReadAction\",\"target\":[\"https:\\\/\\\/www.koonings.com\\\/fr\\\/product\\\/libelle-macy\\\/\"]}]},{\"@type\":\"ImageObject\",\"inLanguage\":\"fr-FR\",\"@id\":\"https:\\\/\\\/www.koonings.com\\\/fr\\\/product\\\/libelle-macy\\\/#primaryimage\",\"url\":\"https:\\\/\\\/www.koonings.com\\\/wp-content\\\/uploads\\\/2025\\\/09\\\/51103_f501c8e111f437ecf37a3200d46f1d9130ad788d25d10f8d95e3b505dc8a0bb36f90c1e6.jpeg\",\"contentUrl\":\"https:\\\/\\\/www.koonings.com\\\/wp-content\\\/uploads\\\/2025\\\/09\\\/51103_f501c8e111f437ecf37a3200d46f1d9130ad788d25d10f8d95e3b505dc8a0bb36f90c1e6.jpeg\",\"width\":1225,\"height\":1730},{\"@type\":\"BreadcrumbList\",\"@id\":\"https:\\\/\\\/www.koonings.com\\\/fr\\\/product\\\/libelle-macy\\\/#breadcrumb\",\"itemListElement\":[{\"@type\":\"ListItem\",\"position\":1,\"name\":\"Home\",\"item\":\"https:\\\/\\\/www.koonings.com\\\/fr\\\/\"},{\"@type\":\"ListItem\",\"position\":2,\"name\":\"Libelle Macy\"}]},{\"@type\":\"WebSite\",\"@id\":\"https:\\\/\\\/www.koonings.com\\\/fr\\\/#website\",\"url\":\"https:\\\/\\\/www.koonings.com\\\/fr\\\/\",\"name\":\"Koonings\",\"description\":\"De grootste bruidsmodewinkel ter wereld\",\"publisher\":{\"@id\":\"https:\\\/\\\/www.koonings.com\\\/fr\\\/#organization\"},\"potentialAction\":[{\"@type\":\"SearchAction\",\"target\":{\"@type\":\"EntryPoint\",\"urlTemplate\":\"https:\\\/\\\/www.koonings.com\\\/fr\\\/?s={search_term_string}\"},\"query-input\":{\"@type\":\"PropertyValueSpecification\",\"valueRequired\":true,\"valueName\":\"search_term_string\"}}],\"inLanguage\":\"fr-FR\"},{\"@type\":\"Organization\",\"@id\":\"https:\\\/\\\/www.koonings.com\\\/fr\\\/#organization\",\"name\":\"Koonings\",\"url\":\"https:\\\/\\\/www.koonings.com\\\/fr\\\/\",\"logo\":{\"@type\":\"ImageObject\",\"inLanguage\":\"fr-FR\",\"@id\":\"https:\\\/\\\/www.koonings.com\\\/fr\\\/#\\\/schema\\\/logo\\\/image\\\/\",\"url\":\"https:\\\/\\\/www.koonings.com\\\/wp-content\\\/uploads\\\/2024\\\/07\\\/logo.png\",\"contentUrl\":\"https:\\\/\\\/www.koonings.com\\\/wp-content\\\/uploads\\\/2024\\\/07\\\/logo.png\",\"width\":600,\"height\":428,\"caption\":\"Koonings\"},\"image\":{\"@id\":\"https:\\\/\\\/www.koonings.com\\\/fr\\\/#\\\/schema\\\/logo\\\/image\\\/\"},\"sameAs\":[\"https:\\\/\\\/www.facebook.com\\\/kooningstheweddingpalace\",\"https:\\\/\\\/www.instagram.com\\\/kooningstheweddingpalace\",\"https:\\\/\\\/www.pinterest.com\\\/koonings\",\"https:\\\/\\\/www.youtube.com\\\/kooningstheweddingpalace\"]}]}<\/script>\n<!-- \/ Yoast SEO plugin. -->","yoast_head_json":{"title":"Libelle Macy | Koonings","description":"La robe Macy est une d\u00e9licate robe de type A qui se caract\u00e9rise par un corsage en dentelle illusion et un d\u00e9collet\u00e9 romantique en forme de c\u0153ur. De fines bretelles perl\u00e9es ajoutent un \u00e9clat d\u00e9licat et compl\u00e8tent parfaitement la jupe fluide en tulle. L\u00e9g\u00e8re, r\u00eaveuse et \u00e9l\u00e9gante sans effort, cette robe est id\u00e9ale pour les mari\u00e9es qui souhaitent un look intemporel et f\u00e9minin.","robots":{"index":"index","follow":"follow","max-snippet":"max-snippet:-1","max-image-preview":"max-image-preview:large","max-video-preview":"max-video-preview:-1"},"canonical":"https:\/\/www.koonings.com\/fr\/product\/libelle-macy\/","og_locale":"fr_FR","og_type":"article","og_title":"Libelle Macy | Koonings","og_description":"La robe Macy est une d\u00e9licate robe de type A qui se caract\u00e9rise par un corsage en dentelle illusion et un d\u00e9collet\u00e9 romantique en forme de c\u0153ur. De fines bretelles perl\u00e9es ajoutent un \u00e9clat d\u00e9licat et compl\u00e8tent parfaitement la jupe fluide en tulle. L\u00e9g\u00e8re, r\u00eaveuse et \u00e9l\u00e9gante sans effort, cette robe est id\u00e9ale pour les mari\u00e9es qui souhaitent un look intemporel et f\u00e9minin.","og_url":"https:\/\/www.koonings.com\/fr\/product\/libelle-macy\/","og_site_name":"Koonings","article_publisher":"https:\/\/www.facebook.com\/kooningstheweddingpalace","og_image":[{"width":1225,"height":1730,"url":"https:\/\/www.koonings.com\/wp-content\/uploads\/2025\/09\/51103_f501c8e111f437ecf37a3200d46f1d9130ad788d25d10f8d95e3b505dc8a0bb36f90c1e6.jpeg","type":"image\/jpeg"}],"twitter_card":"summary_large_image","schema":{"@context":"https:\/\/schema.org","@graph":[{"@type":"WebPage","@id":"https:\/\/www.koonings.com\/fr\/product\/libelle-macy\/","url":"https:\/\/www.koonings.com\/fr\/product\/libelle-macy\/","name":"Libelle Macy | Koonings","isPartOf":{"@id":"https:\/\/www.koonings.com\/fr\/#website"},"primaryImageOfPage":{"@id":"https:\/\/www.koonings.com\/fr\/product\/libelle-macy\/#primaryimage"},"image":{"@id":"https:\/\/www.koonings.com\/fr\/product\/libelle-macy\/#primaryimage"},"thumbnailUrl":"https:\/\/www.koonings.com\/wp-content\/uploads\/2025\/09\/51103_f501c8e111f437ecf37a3200d46f1d9130ad788d25d10f8d95e3b505dc8a0bb36f90c1e6.jpeg","datePublished":"2026-04-28T16:36:08+00:00","description":"La robe Macy est une d\u00e9licate robe de type A qui se caract\u00e9rise par un corsage en dentelle illusion et un d\u00e9collet\u00e9 romantique en forme de c\u0153ur. De fines bretelles perl\u00e9es ajoutent un \u00e9clat d\u00e9licat et compl\u00e8tent parfaitement la jupe fluide en tulle. L\u00e9g\u00e8re, r\u00eaveuse et \u00e9l\u00e9gante sans effort, cette robe est id\u00e9ale pour les mari\u00e9es qui souhaitent un look intemporel et f\u00e9minin.","breadcrumb":{"@id":"https:\/\/www.koonings.com\/fr\/product\/libelle-macy\/#breadcrumb"},"inLanguage":"fr-FR","potentialAction":[{"@type":"ReadAction","target":["https:\/\/www.koonings.com\/fr\/product\/libelle-macy\/"]}]},{"@type":"ImageObject","inLanguage":"fr-FR","@id":"https:\/\/www.koonings.com\/fr\/product\/libelle-macy\/#primaryimage","url":"https:\/\/www.koonings.com\/wp-content\/uploads\/2025\/09\/51103_f501c8e111f437ecf37a3200d46f1d9130ad788d25d10f8d95e3b505dc8a0bb36f90c1e6.jpeg","contentUrl":"https:\/\/www.koonings.com\/wp-content\/uploads\/2025\/09\/51103_f501c8e111f437ecf37a3200d46f1d9130ad788d25d10f8d95e3b505dc8a0bb36f90c1e6.jpeg","width":1225,"height":1730},{"@type":"BreadcrumbList","@id":"https:\/\/www.koonings.com\/fr\/product\/libelle-macy\/#breadcrumb","itemListElement":[{"@type":"ListItem","position":1,"name":"Home","item":"https:\/\/www.koonings.com\/fr\/"},{"@type":"ListItem","position":2,"name":"Libelle Macy"}]},{"@type":"WebSite","@id":"https:\/\/www.koonings.com\/fr\/#website","url":"https:\/\/www.koonings.com\/fr\/","name":"Koonings","description":"De grootste bruidsmodewinkel ter wereld","publisher":{"@id":"https:\/\/www.koonings.com\/fr\/#organization"},"potentialAction":[{"@type":"SearchAction","target":{"@type":"EntryPoint","urlTemplate":"https:\/\/www.koonings.com\/fr\/?s={search_term_string}"},"query-input":{"@type":"PropertyValueSpecification","valueRequired":true,"valueName":"search_term_string"}}],"inLanguage":"fr-FR"},{"@type":"Organization","@id":"https:\/\/www.koonings.com\/fr\/#organization","name":"Koonings","url":"https:\/\/www.koonings.com\/fr\/","logo":{"@type":"ImageObject","inLanguage":"fr-FR","@id":"https:\/\/www.koonings.com\/fr\/#\/schema\/logo\/image\/","url":"https:\/\/www.koonings.com\/wp-content\/uploads\/2024\/07\/logo.png","contentUrl":"https:\/\/www.koonings.com\/wp-content\/uploads\/2024\/07\/logo.png","width":600,"height":428,"caption":"Koonings"},"image":{"@id":"https:\/\/www.koonings.com\/fr\/#\/schema\/logo\/image\/"},"sameAs":["https:\/\/www.facebook.com\/kooningstheweddingpalace","https:\/\/www.instagram.com\/kooningstheweddingpalace","https:\/\/www.pinterest.com\/koonings","https:\/\/www.youtube.com\/kooningstheweddingpalace"]}]}},"_links":{"self":[{"href":"https:\/\/www.koonings.com\/fr\/wp-json\/wp\/v2\/product\/93635","targetHints":{"allow":["GET"]}}],"collection":[{"href":"https:\/\/www.koonings.com\/fr\/wp-json\/wp\/v2\/product"}],"about":[{"href":"https:\/\/www.koonings.com\/fr\/wp-json\/wp\/v2\/types\/product"}],"wp:featuredmedia":[{"embeddable":true,"href":"https:\/\/www.koonings.com\/fr\/wp-json\/wp\/v2\/media\/93586"}],"wp:attachment":[{"href":"https:\/\/www.koonings.com\/fr\/wp-json\/wp\/v2\/media?parent=93635"}],"wp:term":[{"taxonomy":"productdetails","embeddable":true,"href":"https:\/\/www.koonings.com\/fr\/wp-json\/wp\/v2\/productdetails?post=93635"},{"taxonomy":"productneck","embeddable":true,"href":"https:\/\/www.koonings.com\/fr\/wp-json\/wp\/v2\/productneck?post=93635"},{"taxonomy":"productcolor","embeddable":true,"href":"https:\/\/www.koonings.com\/fr\/wp-json\/wp\/v2\/productcolor?post=93635"},{"taxonomy":"maat","embeddable":true,"href":"https:\/\/www.koonings.com\/fr\/wp-json\/wp\/v2\/maat?post=93635"},{"taxonomy":"productsupplier","embeddable":true,"href":"https:\/\/www.koonings.com\/fr\/wp-json\/wp\/v2\/productsupplier?post=93635"},{"taxonomy":"productsleeve","embeddable":true,"href":"https:\/\/www.koonings.com\/fr\/wp-json\/wp\/v2\/productsleeve?post=93635"},{"taxonomy":"productcategory","embeddable":true,"href":"https:\/\/www.koonings.com\/fr\/wp-json\/wp\/v2\/productcategory?post=93635"},{"taxonomy":"productsilhouette","embeddable":true,"href":"https:\/\/www.koonings.com\/fr\/wp-json\/wp\/v2\/productsilhouette?post=93635"},{"taxonomy":"productstyle","embeddable":true,"href":"https:\/\/www.koonings.com\/fr\/wp-json\/wp\/v2\/productstyle?post=93635"}],"curies":[{"name":"wp","href":"https:\/\/api.w.org\/{rel}","templated":true}]}}