{"id":85210,"date":"2026-04-14T16:10:40","date_gmt":"2026-04-14T14:10:40","guid":{"rendered":"https:\/\/www.koonings.com\/product\/immediate-361-23106a-52\/"},"modified":"2026-02-16T15:09:30","modified_gmt":"2026-02-16T14:09:30","slug":"immediate-361-23106a-52","status":"publish","type":"product","link":"https:\/\/www.koonings.com\/fr\/product\/immediate-361-23106a-52\/","title":{"rendered":"Imm\u00e9diatement 361-23106A-52"},"content":{"rendered":"<p>Ce costume de mariage est un mod\u00e8le d&#8217;\u00e9l\u00e9gance moderne et de sophistication, con\u00e7u pour le mari\u00e9 qui veut faire une impression durable lors de son grand jour. Ce costume trois pi\u00e8ces se caract\u00e9rise par une coupe italienne ajust\u00e9e, r\u00e9alis\u00e9e dans des tissus souples et de grande qualit\u00e9 qui offrent \u00e0 la fois confort et attrait luxueux. La collection propose une gamme de couleurs surprenantes, allant du chic discret aux teintes tendance, permettant \u00e0 chaque mari\u00e9 d&#8217;exprimer son style personnel.  <\/p>\n<p>Ce mod\u00e8le particulier est disponible chez Koonings The Wedding Palace. Il est important de noter que les costumes de mariage pr\u00e9sent\u00e9s sur notre site web sont une indication de la collection disponible. Bien que nous ayons un grand nombre de costumes en stock, nous vous recommandons de nous contacter \u00e0 l&#8217;avance si vous \u00eates int\u00e9ress\u00e9 par un mod\u00e8le sp\u00e9cifique afin que nous puissions confirmer la disponibilit\u00e9 et vous fournir le meilleur service possible.  <\/p>\n","protected":false},"featured_media":81998,"template":"","meta":{"_acf_changed":false,"ghostkit_customizer_options":"","ghostkit_custom_css":"","ghostkit_custom_js_head":"","ghostkit_custom_js_foot":"","ghostkit_typography":""},"productdetails":[],"productneck":[],"productcolor":[450],"maat":[],"productsupplier":[452],"productsleeve":[],"productcategory":[227],"productsilhouette":[],"productstyle":[],"class_list":["post-85210","product","type-product","status-publish","has-post-thumbnail","hentry","productcolor-450","productsupplier-immediate","productcategory-kostuum"],"acf":[],"yoast_head":"<!-- This site is optimized with the Yoast SEO plugin v27.3 - https:\/\/yoast.com\/product\/yoast-seo-wordpress\/ -->\n<title>Imm\u00e9diatement 361-23106A-52 | Koonings<\/title>\n<meta name=\"description\" content=\"Ce costume de mariage est un mod\u00e8le d&#039;\u00e9l\u00e9gance moderne et de sophistication, con\u00e7u pour le mari\u00e9 qui veut faire une impression durable lors de son grand jour. Ce costume trois pi\u00e8ces se caract\u00e9rise par une coupe italienne ajust\u00e9e, r\u00e9alis\u00e9e dans des tissus souples et de grande qualit\u00e9 qui offrent \u00e0 la fois confort et attrait luxueux. La collection propose une gamme de couleurs surprenantes, allant du chic discret aux teintes tendance, permettant \u00e0 chaque mari\u00e9 d&#039;exprimer son style personnel. Ce mod\u00e8le particulier est disponible chez Koonings The Wedding Palace. Il est important de noter que les costumes de mariage pr\u00e9sent\u00e9s sur notre site web sont une indication de la collection disponible. Bien que nous ayons un grand nombre de costumes en stock, nous vous recommandons de nous contacter \u00e0 l&#039;avance si vous \u00eates int\u00e9ress\u00e9 par un mod\u00e8le sp\u00e9cifique afin que nous puissions confirmer la disponibilit\u00e9 et vous fournir le meilleur service possible.\" \/>\n<meta name=\"robots\" content=\"index, follow, max-snippet:-1, max-image-preview:large, max-video-preview:-1\" \/>\n<link rel=\"canonical\" href=\"https:\/\/www.koonings.com\/fr\/product\/immediate-361-23106a-52\/\" \/>\n<meta property=\"og:locale\" content=\"fr_FR\" \/>\n<meta property=\"og:type\" content=\"article\" \/>\n<meta property=\"og:title\" content=\"Imm\u00e9diatement 361-23106A-52 | Koonings\" \/>\n<meta property=\"og:description\" content=\"Ce costume de mariage est un mod\u00e8le d&#039;\u00e9l\u00e9gance moderne et de sophistication, con\u00e7u pour le mari\u00e9 qui veut faire une impression durable lors de son grand jour. Ce costume trois pi\u00e8ces se caract\u00e9rise par une coupe italienne ajust\u00e9e, r\u00e9alis\u00e9e dans des tissus souples et de grande qualit\u00e9 qui offrent \u00e0 la fois confort et attrait luxueux. La collection propose une gamme de couleurs surprenantes, allant du chic discret aux teintes tendance, permettant \u00e0 chaque mari\u00e9 d&#039;exprimer son style personnel. Ce mod\u00e8le particulier est disponible chez Koonings The Wedding Palace. Il est important de noter que les costumes de mariage pr\u00e9sent\u00e9s sur notre site web sont une indication de la collection disponible. Bien que nous ayons un grand nombre de costumes en stock, nous vous recommandons de nous contacter \u00e0 l&#039;avance si vous \u00eates int\u00e9ress\u00e9 par un mod\u00e8le sp\u00e9cifique afin que nous puissions confirmer la disponibilit\u00e9 et vous fournir le meilleur service possible.\" \/>\n<meta property=\"og:url\" content=\"https:\/\/www.koonings.com\/fr\/product\/immediate-361-23106a-52\/\" \/>\n<meta property=\"og:site_name\" content=\"Koonings\" \/>\n<meta property=\"article:publisher\" content=\"https:\/\/www.facebook.com\/kooningstheweddingpalace\" \/>\n<meta property=\"og:image\" content=\"https:\/\/www.koonings.com\/wp-content\/uploads\/2025\/03\/38313_f0c9f1d730e78d0f8d3415204db8458c8197dbc3185c0ff06c24d848e82b81604c5d4f3c.jpeg\" \/>\n\t<meta property=\"og:image:width\" content=\"575\" \/>\n\t<meta property=\"og:image:height\" content=\"812\" \/>\n\t<meta property=\"og:image:type\" content=\"image\/jpeg\" \/>\n<meta name=\"twitter:card\" content=\"summary_large_image\" \/>\n<meta name=\"twitter:label1\" content=\"Dur\u00e9e de lecture estim\u00e9e\" \/>\n\t<meta name=\"twitter:data1\" content=\"1 minute\" \/>\n<script type=\"application\/ld+json\" class=\"yoast-schema-graph\">{\"@context\":\"https:\\\/\\\/schema.org\",\"@graph\":[{\"@type\":\"WebPage\",\"@id\":\"https:\\\/\\\/www.koonings.com\\\/fr\\\/product\\\/immediate-361-23106a-52\\\/\",\"url\":\"https:\\\/\\\/www.koonings.com\\\/fr\\\/product\\\/immediate-361-23106a-52\\\/\",\"name\":\"Imm\u00e9diatement 361-23106A-52 | Koonings\",\"isPartOf\":{\"@id\":\"https:\\\/\\\/www.koonings.com\\\/fr\\\/#website\"},\"primaryImageOfPage\":{\"@id\":\"https:\\\/\\\/www.koonings.com\\\/fr\\\/product\\\/immediate-361-23106a-52\\\/#primaryimage\"},\"image\":{\"@id\":\"https:\\\/\\\/www.koonings.com\\\/fr\\\/product\\\/immediate-361-23106a-52\\\/#primaryimage\"},\"thumbnailUrl\":\"https:\\\/\\\/www.koonings.com\\\/wp-content\\\/uploads\\\/2025\\\/03\\\/38313_f0c9f1d730e78d0f8d3415204db8458c8197dbc3185c0ff06c24d848e82b81604c5d4f3c.jpeg\",\"datePublished\":\"2026-04-14T14:10:40+00:00\",\"description\":\"Ce costume de mariage est un mod\u00e8le d'\u00e9l\u00e9gance moderne et de sophistication, con\u00e7u pour le mari\u00e9 qui veut faire une impression durable lors de son grand jour. Ce costume trois pi\u00e8ces se caract\u00e9rise par une coupe italienne ajust\u00e9e, r\u00e9alis\u00e9e dans des tissus souples et de grande qualit\u00e9 qui offrent \u00e0 la fois confort et attrait luxueux. La collection propose une gamme de couleurs surprenantes, allant du chic discret aux teintes tendance, permettant \u00e0 chaque mari\u00e9 d'exprimer son style personnel. Ce mod\u00e8le particulier est disponible chez Koonings The Wedding Palace. Il est important de noter que les costumes de mariage pr\u00e9sent\u00e9s sur notre site web sont une indication de la collection disponible. Bien que nous ayons un grand nombre de costumes en stock, nous vous recommandons de nous contacter \u00e0 l'avance si vous \u00eates int\u00e9ress\u00e9 par un mod\u00e8le sp\u00e9cifique afin que nous puissions confirmer la disponibilit\u00e9 et vous fournir le meilleur service possible.\",\"breadcrumb\":{\"@id\":\"https:\\\/\\\/www.koonings.com\\\/fr\\\/product\\\/immediate-361-23106a-52\\\/#breadcrumb\"},\"inLanguage\":\"fr-FR\",\"potentialAction\":[{\"@type\":\"ReadAction\",\"target\":[\"https:\\\/\\\/www.koonings.com\\\/fr\\\/product\\\/immediate-361-23106a-52\\\/\"]}]},{\"@type\":\"ImageObject\",\"inLanguage\":\"fr-FR\",\"@id\":\"https:\\\/\\\/www.koonings.com\\\/fr\\\/product\\\/immediate-361-23106a-52\\\/#primaryimage\",\"url\":\"https:\\\/\\\/www.koonings.com\\\/wp-content\\\/uploads\\\/2025\\\/03\\\/38313_f0c9f1d730e78d0f8d3415204db8458c8197dbc3185c0ff06c24d848e82b81604c5d4f3c.jpeg\",\"contentUrl\":\"https:\\\/\\\/www.koonings.com\\\/wp-content\\\/uploads\\\/2025\\\/03\\\/38313_f0c9f1d730e78d0f8d3415204db8458c8197dbc3185c0ff06c24d848e82b81604c5d4f3c.jpeg\",\"width\":575,\"height\":812},{\"@type\":\"BreadcrumbList\",\"@id\":\"https:\\\/\\\/www.koonings.com\\\/fr\\\/product\\\/immediate-361-23106a-52\\\/#breadcrumb\",\"itemListElement\":[{\"@type\":\"ListItem\",\"position\":1,\"name\":\"Home\",\"item\":\"https:\\\/\\\/www.koonings.com\\\/fr\\\/\"},{\"@type\":\"ListItem\",\"position\":2,\"name\":\"Imm\u00e9diatement 361-23106A-52\"}]},{\"@type\":\"WebSite\",\"@id\":\"https:\\\/\\\/www.koonings.com\\\/fr\\\/#website\",\"url\":\"https:\\\/\\\/www.koonings.com\\\/fr\\\/\",\"name\":\"Koonings\",\"description\":\"De grootste bruidsmodewinkel ter wereld\",\"publisher\":{\"@id\":\"https:\\\/\\\/www.koonings.com\\\/fr\\\/#organization\"},\"potentialAction\":[{\"@type\":\"SearchAction\",\"target\":{\"@type\":\"EntryPoint\",\"urlTemplate\":\"https:\\\/\\\/www.koonings.com\\\/fr\\\/?s={search_term_string}\"},\"query-input\":{\"@type\":\"PropertyValueSpecification\",\"valueRequired\":true,\"valueName\":\"search_term_string\"}}],\"inLanguage\":\"fr-FR\"},{\"@type\":\"Organization\",\"@id\":\"https:\\\/\\\/www.koonings.com\\\/fr\\\/#organization\",\"name\":\"Koonings\",\"url\":\"https:\\\/\\\/www.koonings.com\\\/fr\\\/\",\"logo\":{\"@type\":\"ImageObject\",\"inLanguage\":\"fr-FR\",\"@id\":\"https:\\\/\\\/www.koonings.com\\\/fr\\\/#\\\/schema\\\/logo\\\/image\\\/\",\"url\":\"https:\\\/\\\/www.koonings.com\\\/wp-content\\\/uploads\\\/2024\\\/07\\\/logo.png\",\"contentUrl\":\"https:\\\/\\\/www.koonings.com\\\/wp-content\\\/uploads\\\/2024\\\/07\\\/logo.png\",\"width\":600,\"height\":428,\"caption\":\"Koonings\"},\"image\":{\"@id\":\"https:\\\/\\\/www.koonings.com\\\/fr\\\/#\\\/schema\\\/logo\\\/image\\\/\"},\"sameAs\":[\"https:\\\/\\\/www.facebook.com\\\/kooningstheweddingpalace\",\"https:\\\/\\\/www.instagram.com\\\/kooningstheweddingpalace\",\"https:\\\/\\\/www.pinterest.com\\\/koonings\",\"https:\\\/\\\/www.youtube.com\\\/kooningstheweddingpalace\"]}]}<\/script>\n<!-- \/ Yoast SEO plugin. -->","yoast_head_json":{"title":"Imm\u00e9diatement 361-23106A-52 | Koonings","description":"Ce costume de mariage est un mod\u00e8le d'\u00e9l\u00e9gance moderne et de sophistication, con\u00e7u pour le mari\u00e9 qui veut faire une impression durable lors de son grand jour. Ce costume trois pi\u00e8ces se caract\u00e9rise par une coupe italienne ajust\u00e9e, r\u00e9alis\u00e9e dans des tissus souples et de grande qualit\u00e9 qui offrent \u00e0 la fois confort et attrait luxueux. La collection propose une gamme de couleurs surprenantes, allant du chic discret aux teintes tendance, permettant \u00e0 chaque mari\u00e9 d'exprimer son style personnel. Ce mod\u00e8le particulier est disponible chez Koonings The Wedding Palace. Il est important de noter que les costumes de mariage pr\u00e9sent\u00e9s sur notre site web sont une indication de la collection disponible. Bien que nous ayons un grand nombre de costumes en stock, nous vous recommandons de nous contacter \u00e0 l'avance si vous \u00eates int\u00e9ress\u00e9 par un mod\u00e8le sp\u00e9cifique afin que nous puissions confirmer la disponibilit\u00e9 et vous fournir le meilleur service possible.","robots":{"index":"index","follow":"follow","max-snippet":"max-snippet:-1","max-image-preview":"max-image-preview:large","max-video-preview":"max-video-preview:-1"},"canonical":"https:\/\/www.koonings.com\/fr\/product\/immediate-361-23106a-52\/","og_locale":"fr_FR","og_type":"article","og_title":"Imm\u00e9diatement 361-23106A-52 | Koonings","og_description":"Ce costume de mariage est un mod\u00e8le d'\u00e9l\u00e9gance moderne et de sophistication, con\u00e7u pour le mari\u00e9 qui veut faire une impression durable lors de son grand jour. Ce costume trois pi\u00e8ces se caract\u00e9rise par une coupe italienne ajust\u00e9e, r\u00e9alis\u00e9e dans des tissus souples et de grande qualit\u00e9 qui offrent \u00e0 la fois confort et attrait luxueux. La collection propose une gamme de couleurs surprenantes, allant du chic discret aux teintes tendance, permettant \u00e0 chaque mari\u00e9 d'exprimer son style personnel. Ce mod\u00e8le particulier est disponible chez Koonings The Wedding Palace. Il est important de noter que les costumes de mariage pr\u00e9sent\u00e9s sur notre site web sont une indication de la collection disponible. Bien que nous ayons un grand nombre de costumes en stock, nous vous recommandons de nous contacter \u00e0 l'avance si vous \u00eates int\u00e9ress\u00e9 par un mod\u00e8le sp\u00e9cifique afin que nous puissions confirmer la disponibilit\u00e9 et vous fournir le meilleur service possible.","og_url":"https:\/\/www.koonings.com\/fr\/product\/immediate-361-23106a-52\/","og_site_name":"Koonings","article_publisher":"https:\/\/www.facebook.com\/kooningstheweddingpalace","og_image":[{"width":575,"height":812,"url":"https:\/\/www.koonings.com\/wp-content\/uploads\/2025\/03\/38313_f0c9f1d730e78d0f8d3415204db8458c8197dbc3185c0ff06c24d848e82b81604c5d4f3c.jpeg","type":"image\/jpeg"}],"twitter_card":"summary_large_image","twitter_misc":{"Dur\u00e9e de lecture estim\u00e9e":"1 minute"},"schema":{"@context":"https:\/\/schema.org","@graph":[{"@type":"WebPage","@id":"https:\/\/www.koonings.com\/fr\/product\/immediate-361-23106a-52\/","url":"https:\/\/www.koonings.com\/fr\/product\/immediate-361-23106a-52\/","name":"Imm\u00e9diatement 361-23106A-52 | Koonings","isPartOf":{"@id":"https:\/\/www.koonings.com\/fr\/#website"},"primaryImageOfPage":{"@id":"https:\/\/www.koonings.com\/fr\/product\/immediate-361-23106a-52\/#primaryimage"},"image":{"@id":"https:\/\/www.koonings.com\/fr\/product\/immediate-361-23106a-52\/#primaryimage"},"thumbnailUrl":"https:\/\/www.koonings.com\/wp-content\/uploads\/2025\/03\/38313_f0c9f1d730e78d0f8d3415204db8458c8197dbc3185c0ff06c24d848e82b81604c5d4f3c.jpeg","datePublished":"2026-04-14T14:10:40+00:00","description":"Ce costume de mariage est un mod\u00e8le d'\u00e9l\u00e9gance moderne et de sophistication, con\u00e7u pour le mari\u00e9 qui veut faire une impression durable lors de son grand jour. Ce costume trois pi\u00e8ces se caract\u00e9rise par une coupe italienne ajust\u00e9e, r\u00e9alis\u00e9e dans des tissus souples et de grande qualit\u00e9 qui offrent \u00e0 la fois confort et attrait luxueux. La collection propose une gamme de couleurs surprenantes, allant du chic discret aux teintes tendance, permettant \u00e0 chaque mari\u00e9 d'exprimer son style personnel. Ce mod\u00e8le particulier est disponible chez Koonings The Wedding Palace. Il est important de noter que les costumes de mariage pr\u00e9sent\u00e9s sur notre site web sont une indication de la collection disponible. Bien que nous ayons un grand nombre de costumes en stock, nous vous recommandons de nous contacter \u00e0 l'avance si vous \u00eates int\u00e9ress\u00e9 par un mod\u00e8le sp\u00e9cifique afin que nous puissions confirmer la disponibilit\u00e9 et vous fournir le meilleur service possible.","breadcrumb":{"@id":"https:\/\/www.koonings.com\/fr\/product\/immediate-361-23106a-52\/#breadcrumb"},"inLanguage":"fr-FR","potentialAction":[{"@type":"ReadAction","target":["https:\/\/www.koonings.com\/fr\/product\/immediate-361-23106a-52\/"]}]},{"@type":"ImageObject","inLanguage":"fr-FR","@id":"https:\/\/www.koonings.com\/fr\/product\/immediate-361-23106a-52\/#primaryimage","url":"https:\/\/www.koonings.com\/wp-content\/uploads\/2025\/03\/38313_f0c9f1d730e78d0f8d3415204db8458c8197dbc3185c0ff06c24d848e82b81604c5d4f3c.jpeg","contentUrl":"https:\/\/www.koonings.com\/wp-content\/uploads\/2025\/03\/38313_f0c9f1d730e78d0f8d3415204db8458c8197dbc3185c0ff06c24d848e82b81604c5d4f3c.jpeg","width":575,"height":812},{"@type":"BreadcrumbList","@id":"https:\/\/www.koonings.com\/fr\/product\/immediate-361-23106a-52\/#breadcrumb","itemListElement":[{"@type":"ListItem","position":1,"name":"Home","item":"https:\/\/www.koonings.com\/fr\/"},{"@type":"ListItem","position":2,"name":"Imm\u00e9diatement 361-23106A-52"}]},{"@type":"WebSite","@id":"https:\/\/www.koonings.com\/fr\/#website","url":"https:\/\/www.koonings.com\/fr\/","name":"Koonings","description":"De grootste bruidsmodewinkel ter wereld","publisher":{"@id":"https:\/\/www.koonings.com\/fr\/#organization"},"potentialAction":[{"@type":"SearchAction","target":{"@type":"EntryPoint","urlTemplate":"https:\/\/www.koonings.com\/fr\/?s={search_term_string}"},"query-input":{"@type":"PropertyValueSpecification","valueRequired":true,"valueName":"search_term_string"}}],"inLanguage":"fr-FR"},{"@type":"Organization","@id":"https:\/\/www.koonings.com\/fr\/#organization","name":"Koonings","url":"https:\/\/www.koonings.com\/fr\/","logo":{"@type":"ImageObject","inLanguage":"fr-FR","@id":"https:\/\/www.koonings.com\/fr\/#\/schema\/logo\/image\/","url":"https:\/\/www.koonings.com\/wp-content\/uploads\/2024\/07\/logo.png","contentUrl":"https:\/\/www.koonings.com\/wp-content\/uploads\/2024\/07\/logo.png","width":600,"height":428,"caption":"Koonings"},"image":{"@id":"https:\/\/www.koonings.com\/fr\/#\/schema\/logo\/image\/"},"sameAs":["https:\/\/www.facebook.com\/kooningstheweddingpalace","https:\/\/www.instagram.com\/kooningstheweddingpalace","https:\/\/www.pinterest.com\/koonings","https:\/\/www.youtube.com\/kooningstheweddingpalace"]}]}},"_links":{"self":[{"href":"https:\/\/www.koonings.com\/fr\/wp-json\/wp\/v2\/product\/85210","targetHints":{"allow":["GET"]}}],"collection":[{"href":"https:\/\/www.koonings.com\/fr\/wp-json\/wp\/v2\/product"}],"about":[{"href":"https:\/\/www.koonings.com\/fr\/wp-json\/wp\/v2\/types\/product"}],"wp:featuredmedia":[{"embeddable":true,"href":"https:\/\/www.koonings.com\/fr\/wp-json\/wp\/v2\/media\/81998"}],"wp:attachment":[{"href":"https:\/\/www.koonings.com\/fr\/wp-json\/wp\/v2\/media?parent=85210"}],"wp:term":[{"taxonomy":"productdetails","embeddable":true,"href":"https:\/\/www.koonings.com\/fr\/wp-json\/wp\/v2\/productdetails?post=85210"},{"taxonomy":"productneck","embeddable":true,"href":"https:\/\/www.koonings.com\/fr\/wp-json\/wp\/v2\/productneck?post=85210"},{"taxonomy":"productcolor","embeddable":true,"href":"https:\/\/www.koonings.com\/fr\/wp-json\/wp\/v2\/productcolor?post=85210"},{"taxonomy":"maat","embeddable":true,"href":"https:\/\/www.koonings.com\/fr\/wp-json\/wp\/v2\/maat?post=85210"},{"taxonomy":"productsupplier","embeddable":true,"href":"https:\/\/www.koonings.com\/fr\/wp-json\/wp\/v2\/productsupplier?post=85210"},{"taxonomy":"productsleeve","embeddable":true,"href":"https:\/\/www.koonings.com\/fr\/wp-json\/wp\/v2\/productsleeve?post=85210"},{"taxonomy":"productcategory","embeddable":true,"href":"https:\/\/www.koonings.com\/fr\/wp-json\/wp\/v2\/productcategory?post=85210"},{"taxonomy":"productsilhouette","embeddable":true,"href":"https:\/\/www.koonings.com\/fr\/wp-json\/wp\/v2\/productsilhouette?post=85210"},{"taxonomy":"productstyle","embeddable":true,"href":"https:\/\/www.koonings.com\/fr\/wp-json\/wp\/v2\/productstyle?post=85210"}],"curies":[{"name":"wp","href":"https:\/\/api.w.org\/{rel}","templated":true}]}}