{"id":85209,"date":"2026-04-14T16:32:07","date_gmt":"2026-04-14T14:32:07","guid":{"rendered":"https:\/\/www.koonings.com\/product\/wona-concept-harvest-set\/"},"modified":"2025-06-05T13:57:36","modified_gmt":"2025-06-05T11:57:36","slug":"wona-concept-harvest-set","status":"publish","type":"product","link":"https:\/\/www.koonings.com\/fr\/product\/wona-concept-harvest-set\/","title":{"rendered":"Wona Concept Harvest set"},"content":{"rendered":"<p>La robe de mari\u00e9e Wona Concept mod\u00e8le Harvest est un choix sophistiqu\u00e9 et romantique pour la mari\u00e9e moderne. Cette robe a une allure \u00e9l\u00e9gante, avec de beaux d\u00e9tails en dentelle et une coupe classique en ligne A qui accentue la silhouette de mani\u00e8re flatteuse. Le mod\u00e8le Harvest combine un charme intemporel avec des touches modernes, ce qui le rend parfait pour toute mari\u00e9e qui d\u00e9sire un look romantique et luxueux pour son grand jour.<br \/>\nCette robe de mari\u00e9e \u00e0 couper le souffle est disponible chez Koonings The Wedding Palace, o\u00f9 vous pouvez d\u00e9couvrir une vaste collection de Wona Concept et d&#8217;autres marques de premier plan. Que vous soyez \u00e0 la recherche d&#8217;une robe classique, moderne ou plus \u00e9labor\u00e9e, Koonings offre une large s\u00e9lection pour convenir \u00e0 tous les styles et \u00e0 tous les go\u00fbts.<br \/>\nVenez chez Koonings The Wedding Palace pour un rendez-vous d&#8217;essayage personnel, o\u00f9 nos stylistes vous aideront \u00e0 trouver la robe de mari\u00e9e de vos r\u00eaves avec soin et attention.   <\/p>\n","protected":false},"featured_media":82033,"template":"","meta":{"_acf_changed":false,"ghostkit_customizer_options":"","ghostkit_custom_css":"","ghostkit_custom_js_head":"","ghostkit_custom_js_foot":"","ghostkit_typography":""},"productdetails":[379,381],"productneck":[352],"productcolor":[392],"maat":[],"productsupplier":[441],"productsleeve":[359],"productcategory":[18],"productsilhouette":[384],"productstyle":[367,369],"class_list":["post-85209","product","type-product","status-publish","has-post-thumbnail","hentry","productdetails-379","productdetails-381","productneck-352","productcolor-392","productsupplier-wona-concept","productsleeve-359","productcategory-trouwjurken","productsilhouette-384","productstyle-367","productstyle-369"],"acf":[],"yoast_head":"<!-- This site is optimized with the Yoast SEO plugin v27.3 - https:\/\/yoast.com\/product\/yoast-seo-wordpress\/ -->\n<title>Wona Concept Harvest set | Koonings<\/title>\n<meta name=\"description\" content=\"La robe de mari\u00e9e Wona Concept mod\u00e8le Harvest est un choix sophistiqu\u00e9 et romantique pour la mari\u00e9e moderne. Cette robe a une allure \u00e9l\u00e9gante, avec de beaux d\u00e9tails en dentelle et une coupe classique en ligne A qui accentue la silhouette de mani\u00e8re flatteuse. Le mod\u00e8le Harvest combine un charme intemporel avec des touches modernes, ce qui le rend parfait pour toute mari\u00e9e qui d\u00e9sire un look romantique et luxueux pour son grand jour. Cette robe de mari\u00e9e \u00e0 couper le souffle est disponible chez Koonings The Wedding Palace, o\u00f9 vous pouvez d\u00e9couvrir une vaste collection de Wona Concept et d&#039;autres marques de premier plan. Que vous soyez \u00e0 la recherche d&#039;une robe classique, moderne ou plus \u00e9labor\u00e9e, Koonings offre une large s\u00e9lection pour convenir \u00e0 tous les styles et \u00e0 tous les go\u00fbts. Venez chez Koonings The Wedding Palace pour un rendez-vous d&#039;essayage personnel, o\u00f9 nos stylistes vous aideront \u00e0 trouver la robe de mari\u00e9e de vos r\u00eaves avec soin et attention.\" \/>\n<meta name=\"robots\" content=\"index, follow, max-snippet:-1, max-image-preview:large, max-video-preview:-1\" \/>\n<link rel=\"canonical\" href=\"https:\/\/www.koonings.com\/fr\/product\/wona-concept-harvest-set\/\" \/>\n<meta property=\"og:locale\" content=\"fr_FR\" \/>\n<meta property=\"og:type\" content=\"article\" \/>\n<meta property=\"og:title\" content=\"Wona Concept Harvest set | Koonings\" \/>\n<meta property=\"og:description\" content=\"La robe de mari\u00e9e Wona Concept mod\u00e8le Harvest est un choix sophistiqu\u00e9 et romantique pour la mari\u00e9e moderne. Cette robe a une allure \u00e9l\u00e9gante, avec de beaux d\u00e9tails en dentelle et une coupe classique en ligne A qui accentue la silhouette de mani\u00e8re flatteuse. Le mod\u00e8le Harvest combine un charme intemporel avec des touches modernes, ce qui le rend parfait pour toute mari\u00e9e qui d\u00e9sire un look romantique et luxueux pour son grand jour. Cette robe de mari\u00e9e \u00e0 couper le souffle est disponible chez Koonings The Wedding Palace, o\u00f9 vous pouvez d\u00e9couvrir une vaste collection de Wona Concept et d&#039;autres marques de premier plan. Que vous soyez \u00e0 la recherche d&#039;une robe classique, moderne ou plus \u00e9labor\u00e9e, Koonings offre une large s\u00e9lection pour convenir \u00e0 tous les styles et \u00e0 tous les go\u00fbts. Venez chez Koonings The Wedding Palace pour un rendez-vous d&#039;essayage personnel, o\u00f9 nos stylistes vous aideront \u00e0 trouver la robe de mari\u00e9e de vos r\u00eaves avec soin et attention.\" \/>\n<meta property=\"og:url\" content=\"https:\/\/www.koonings.com\/fr\/product\/wona-concept-harvest-set\/\" \/>\n<meta property=\"og:site_name\" content=\"Koonings\" \/>\n<meta property=\"article:publisher\" content=\"https:\/\/www.facebook.com\/kooningstheweddingpalace\" \/>\n<meta property=\"og:image\" content=\"https:\/\/www.koonings.com\/wp-content\/uploads\/2025\/03\/49643_d51f2741c2c60e7481e030d83d0e0811c60c92f2900af0d636ea25cd818ca555a4fb62e2.jpeg\" \/>\n\t<meta property=\"og:image:width\" content=\"825\" \/>\n\t<meta property=\"og:image:height\" content=\"1168\" \/>\n\t<meta property=\"og:image:type\" content=\"image\/jpeg\" \/>\n<meta name=\"twitter:card\" content=\"summary_large_image\" \/>\n<meta name=\"twitter:label1\" content=\"Dur\u00e9e de lecture estim\u00e9e\" \/>\n\t<meta name=\"twitter:data1\" content=\"1 minute\" \/>\n<script type=\"application\/ld+json\" class=\"yoast-schema-graph\">{\"@context\":\"https:\\\/\\\/schema.org\",\"@graph\":[{\"@type\":\"WebPage\",\"@id\":\"https:\\\/\\\/www.koonings.com\\\/fr\\\/product\\\/wona-concept-harvest-set\\\/\",\"url\":\"https:\\\/\\\/www.koonings.com\\\/fr\\\/product\\\/wona-concept-harvest-set\\\/\",\"name\":\"Wona Concept Harvest set | Koonings\",\"isPartOf\":{\"@id\":\"https:\\\/\\\/www.koonings.com\\\/fr\\\/#website\"},\"primaryImageOfPage\":{\"@id\":\"https:\\\/\\\/www.koonings.com\\\/fr\\\/product\\\/wona-concept-harvest-set\\\/#primaryimage\"},\"image\":{\"@id\":\"https:\\\/\\\/www.koonings.com\\\/fr\\\/product\\\/wona-concept-harvest-set\\\/#primaryimage\"},\"thumbnailUrl\":\"https:\\\/\\\/www.koonings.com\\\/wp-content\\\/uploads\\\/2025\\\/03\\\/49643_d51f2741c2c60e7481e030d83d0e0811c60c92f2900af0d636ea25cd818ca555a4fb62e2.jpeg\",\"datePublished\":\"2026-04-14T14:32:07+00:00\",\"description\":\"La robe de mari\u00e9e Wona Concept mod\u00e8le Harvest est un choix sophistiqu\u00e9 et romantique pour la mari\u00e9e moderne. Cette robe a une allure \u00e9l\u00e9gante, avec de beaux d\u00e9tails en dentelle et une coupe classique en ligne A qui accentue la silhouette de mani\u00e8re flatteuse. Le mod\u00e8le Harvest combine un charme intemporel avec des touches modernes, ce qui le rend parfait pour toute mari\u00e9e qui d\u00e9sire un look romantique et luxueux pour son grand jour. Cette robe de mari\u00e9e \u00e0 couper le souffle est disponible chez Koonings The Wedding Palace, o\u00f9 vous pouvez d\u00e9couvrir une vaste collection de Wona Concept et d'autres marques de premier plan. Que vous soyez \u00e0 la recherche d'une robe classique, moderne ou plus \u00e9labor\u00e9e, Koonings offre une large s\u00e9lection pour convenir \u00e0 tous les styles et \u00e0 tous les go\u00fbts. Venez chez Koonings The Wedding Palace pour un rendez-vous d'essayage personnel, o\u00f9 nos stylistes vous aideront \u00e0 trouver la robe de mari\u00e9e de vos r\u00eaves avec soin et attention.\",\"breadcrumb\":{\"@id\":\"https:\\\/\\\/www.koonings.com\\\/fr\\\/product\\\/wona-concept-harvest-set\\\/#breadcrumb\"},\"inLanguage\":\"fr-FR\",\"potentialAction\":[{\"@type\":\"ReadAction\",\"target\":[\"https:\\\/\\\/www.koonings.com\\\/fr\\\/product\\\/wona-concept-harvest-set\\\/\"]}]},{\"@type\":\"ImageObject\",\"inLanguage\":\"fr-FR\",\"@id\":\"https:\\\/\\\/www.koonings.com\\\/fr\\\/product\\\/wona-concept-harvest-set\\\/#primaryimage\",\"url\":\"https:\\\/\\\/www.koonings.com\\\/wp-content\\\/uploads\\\/2025\\\/03\\\/49643_d51f2741c2c60e7481e030d83d0e0811c60c92f2900af0d636ea25cd818ca555a4fb62e2.jpeg\",\"contentUrl\":\"https:\\\/\\\/www.koonings.com\\\/wp-content\\\/uploads\\\/2025\\\/03\\\/49643_d51f2741c2c60e7481e030d83d0e0811c60c92f2900af0d636ea25cd818ca555a4fb62e2.jpeg\",\"width\":825,\"height\":1168},{\"@type\":\"BreadcrumbList\",\"@id\":\"https:\\\/\\\/www.koonings.com\\\/fr\\\/product\\\/wona-concept-harvest-set\\\/#breadcrumb\",\"itemListElement\":[{\"@type\":\"ListItem\",\"position\":1,\"name\":\"Home\",\"item\":\"https:\\\/\\\/www.koonings.com\\\/fr\\\/\"},{\"@type\":\"ListItem\",\"position\":2,\"name\":\"Wona Concept Harvest set\"}]},{\"@type\":\"WebSite\",\"@id\":\"https:\\\/\\\/www.koonings.com\\\/fr\\\/#website\",\"url\":\"https:\\\/\\\/www.koonings.com\\\/fr\\\/\",\"name\":\"Koonings\",\"description\":\"De grootste bruidsmodewinkel ter wereld\",\"publisher\":{\"@id\":\"https:\\\/\\\/www.koonings.com\\\/fr\\\/#organization\"},\"potentialAction\":[{\"@type\":\"SearchAction\",\"target\":{\"@type\":\"EntryPoint\",\"urlTemplate\":\"https:\\\/\\\/www.koonings.com\\\/fr\\\/?s={search_term_string}\"},\"query-input\":{\"@type\":\"PropertyValueSpecification\",\"valueRequired\":true,\"valueName\":\"search_term_string\"}}],\"inLanguage\":\"fr-FR\"},{\"@type\":\"Organization\",\"@id\":\"https:\\\/\\\/www.koonings.com\\\/fr\\\/#organization\",\"name\":\"Koonings\",\"url\":\"https:\\\/\\\/www.koonings.com\\\/fr\\\/\",\"logo\":{\"@type\":\"ImageObject\",\"inLanguage\":\"fr-FR\",\"@id\":\"https:\\\/\\\/www.koonings.com\\\/fr\\\/#\\\/schema\\\/logo\\\/image\\\/\",\"url\":\"https:\\\/\\\/www.koonings.com\\\/wp-content\\\/uploads\\\/2024\\\/07\\\/logo.png\",\"contentUrl\":\"https:\\\/\\\/www.koonings.com\\\/wp-content\\\/uploads\\\/2024\\\/07\\\/logo.png\",\"width\":600,\"height\":428,\"caption\":\"Koonings\"},\"image\":{\"@id\":\"https:\\\/\\\/www.koonings.com\\\/fr\\\/#\\\/schema\\\/logo\\\/image\\\/\"},\"sameAs\":[\"https:\\\/\\\/www.facebook.com\\\/kooningstheweddingpalace\",\"https:\\\/\\\/www.instagram.com\\\/kooningstheweddingpalace\",\"https:\\\/\\\/www.pinterest.com\\\/koonings\",\"https:\\\/\\\/www.youtube.com\\\/kooningstheweddingpalace\"]}]}<\/script>\n<!-- \/ Yoast SEO plugin. -->","yoast_head_json":{"title":"Wona Concept Harvest set | Koonings","description":"La robe de mari\u00e9e Wona Concept mod\u00e8le Harvest est un choix sophistiqu\u00e9 et romantique pour la mari\u00e9e moderne. Cette robe a une allure \u00e9l\u00e9gante, avec de beaux d\u00e9tails en dentelle et une coupe classique en ligne A qui accentue la silhouette de mani\u00e8re flatteuse. Le mod\u00e8le Harvest combine un charme intemporel avec des touches modernes, ce qui le rend parfait pour toute mari\u00e9e qui d\u00e9sire un look romantique et luxueux pour son grand jour. Cette robe de mari\u00e9e \u00e0 couper le souffle est disponible chez Koonings The Wedding Palace, o\u00f9 vous pouvez d\u00e9couvrir une vaste collection de Wona Concept et d'autres marques de premier plan. Que vous soyez \u00e0 la recherche d'une robe classique, moderne ou plus \u00e9labor\u00e9e, Koonings offre une large s\u00e9lection pour convenir \u00e0 tous les styles et \u00e0 tous les go\u00fbts. Venez chez Koonings The Wedding Palace pour un rendez-vous d'essayage personnel, o\u00f9 nos stylistes vous aideront \u00e0 trouver la robe de mari\u00e9e de vos r\u00eaves avec soin et attention.","robots":{"index":"index","follow":"follow","max-snippet":"max-snippet:-1","max-image-preview":"max-image-preview:large","max-video-preview":"max-video-preview:-1"},"canonical":"https:\/\/www.koonings.com\/fr\/product\/wona-concept-harvest-set\/","og_locale":"fr_FR","og_type":"article","og_title":"Wona Concept Harvest set | Koonings","og_description":"La robe de mari\u00e9e Wona Concept mod\u00e8le Harvest est un choix sophistiqu\u00e9 et romantique pour la mari\u00e9e moderne. Cette robe a une allure \u00e9l\u00e9gante, avec de beaux d\u00e9tails en dentelle et une coupe classique en ligne A qui accentue la silhouette de mani\u00e8re flatteuse. Le mod\u00e8le Harvest combine un charme intemporel avec des touches modernes, ce qui le rend parfait pour toute mari\u00e9e qui d\u00e9sire un look romantique et luxueux pour son grand jour. Cette robe de mari\u00e9e \u00e0 couper le souffle est disponible chez Koonings The Wedding Palace, o\u00f9 vous pouvez d\u00e9couvrir une vaste collection de Wona Concept et d'autres marques de premier plan. Que vous soyez \u00e0 la recherche d'une robe classique, moderne ou plus \u00e9labor\u00e9e, Koonings offre une large s\u00e9lection pour convenir \u00e0 tous les styles et \u00e0 tous les go\u00fbts. Venez chez Koonings The Wedding Palace pour un rendez-vous d'essayage personnel, o\u00f9 nos stylistes vous aideront \u00e0 trouver la robe de mari\u00e9e de vos r\u00eaves avec soin et attention.","og_url":"https:\/\/www.koonings.com\/fr\/product\/wona-concept-harvest-set\/","og_site_name":"Koonings","article_publisher":"https:\/\/www.facebook.com\/kooningstheweddingpalace","og_image":[{"width":825,"height":1168,"url":"https:\/\/www.koonings.com\/wp-content\/uploads\/2025\/03\/49643_d51f2741c2c60e7481e030d83d0e0811c60c92f2900af0d636ea25cd818ca555a4fb62e2.jpeg","type":"image\/jpeg"}],"twitter_card":"summary_large_image","twitter_misc":{"Dur\u00e9e de lecture estim\u00e9e":"1 minute"},"schema":{"@context":"https:\/\/schema.org","@graph":[{"@type":"WebPage","@id":"https:\/\/www.koonings.com\/fr\/product\/wona-concept-harvest-set\/","url":"https:\/\/www.koonings.com\/fr\/product\/wona-concept-harvest-set\/","name":"Wona Concept Harvest set | Koonings","isPartOf":{"@id":"https:\/\/www.koonings.com\/fr\/#website"},"primaryImageOfPage":{"@id":"https:\/\/www.koonings.com\/fr\/product\/wona-concept-harvest-set\/#primaryimage"},"image":{"@id":"https:\/\/www.koonings.com\/fr\/product\/wona-concept-harvest-set\/#primaryimage"},"thumbnailUrl":"https:\/\/www.koonings.com\/wp-content\/uploads\/2025\/03\/49643_d51f2741c2c60e7481e030d83d0e0811c60c92f2900af0d636ea25cd818ca555a4fb62e2.jpeg","datePublished":"2026-04-14T14:32:07+00:00","description":"La robe de mari\u00e9e Wona Concept mod\u00e8le Harvest est un choix sophistiqu\u00e9 et romantique pour la mari\u00e9e moderne. Cette robe a une allure \u00e9l\u00e9gante, avec de beaux d\u00e9tails en dentelle et une coupe classique en ligne A qui accentue la silhouette de mani\u00e8re flatteuse. Le mod\u00e8le Harvest combine un charme intemporel avec des touches modernes, ce qui le rend parfait pour toute mari\u00e9e qui d\u00e9sire un look romantique et luxueux pour son grand jour. Cette robe de mari\u00e9e \u00e0 couper le souffle est disponible chez Koonings The Wedding Palace, o\u00f9 vous pouvez d\u00e9couvrir une vaste collection de Wona Concept et d'autres marques de premier plan. Que vous soyez \u00e0 la recherche d'une robe classique, moderne ou plus \u00e9labor\u00e9e, Koonings offre une large s\u00e9lection pour convenir \u00e0 tous les styles et \u00e0 tous les go\u00fbts. Venez chez Koonings The Wedding Palace pour un rendez-vous d'essayage personnel, o\u00f9 nos stylistes vous aideront \u00e0 trouver la robe de mari\u00e9e de vos r\u00eaves avec soin et attention.","breadcrumb":{"@id":"https:\/\/www.koonings.com\/fr\/product\/wona-concept-harvest-set\/#breadcrumb"},"inLanguage":"fr-FR","potentialAction":[{"@type":"ReadAction","target":["https:\/\/www.koonings.com\/fr\/product\/wona-concept-harvest-set\/"]}]},{"@type":"ImageObject","inLanguage":"fr-FR","@id":"https:\/\/www.koonings.com\/fr\/product\/wona-concept-harvest-set\/#primaryimage","url":"https:\/\/www.koonings.com\/wp-content\/uploads\/2025\/03\/49643_d51f2741c2c60e7481e030d83d0e0811c60c92f2900af0d636ea25cd818ca555a4fb62e2.jpeg","contentUrl":"https:\/\/www.koonings.com\/wp-content\/uploads\/2025\/03\/49643_d51f2741c2c60e7481e030d83d0e0811c60c92f2900af0d636ea25cd818ca555a4fb62e2.jpeg","width":825,"height":1168},{"@type":"BreadcrumbList","@id":"https:\/\/www.koonings.com\/fr\/product\/wona-concept-harvest-set\/#breadcrumb","itemListElement":[{"@type":"ListItem","position":1,"name":"Home","item":"https:\/\/www.koonings.com\/fr\/"},{"@type":"ListItem","position":2,"name":"Wona Concept Harvest set"}]},{"@type":"WebSite","@id":"https:\/\/www.koonings.com\/fr\/#website","url":"https:\/\/www.koonings.com\/fr\/","name":"Koonings","description":"De grootste bruidsmodewinkel ter wereld","publisher":{"@id":"https:\/\/www.koonings.com\/fr\/#organization"},"potentialAction":[{"@type":"SearchAction","target":{"@type":"EntryPoint","urlTemplate":"https:\/\/www.koonings.com\/fr\/?s={search_term_string}"},"query-input":{"@type":"PropertyValueSpecification","valueRequired":true,"valueName":"search_term_string"}}],"inLanguage":"fr-FR"},{"@type":"Organization","@id":"https:\/\/www.koonings.com\/fr\/#organization","name":"Koonings","url":"https:\/\/www.koonings.com\/fr\/","logo":{"@type":"ImageObject","inLanguage":"fr-FR","@id":"https:\/\/www.koonings.com\/fr\/#\/schema\/logo\/image\/","url":"https:\/\/www.koonings.com\/wp-content\/uploads\/2024\/07\/logo.png","contentUrl":"https:\/\/www.koonings.com\/wp-content\/uploads\/2024\/07\/logo.png","width":600,"height":428,"caption":"Koonings"},"image":{"@id":"https:\/\/www.koonings.com\/fr\/#\/schema\/logo\/image\/"},"sameAs":["https:\/\/www.facebook.com\/kooningstheweddingpalace","https:\/\/www.instagram.com\/kooningstheweddingpalace","https:\/\/www.pinterest.com\/koonings","https:\/\/www.youtube.com\/kooningstheweddingpalace"]}]}},"_links":{"self":[{"href":"https:\/\/www.koonings.com\/fr\/wp-json\/wp\/v2\/product\/85209","targetHints":{"allow":["GET"]}}],"collection":[{"href":"https:\/\/www.koonings.com\/fr\/wp-json\/wp\/v2\/product"}],"about":[{"href":"https:\/\/www.koonings.com\/fr\/wp-json\/wp\/v2\/types\/product"}],"wp:featuredmedia":[{"embeddable":true,"href":"https:\/\/www.koonings.com\/fr\/wp-json\/wp\/v2\/media\/82033"}],"wp:attachment":[{"href":"https:\/\/www.koonings.com\/fr\/wp-json\/wp\/v2\/media?parent=85209"}],"wp:term":[{"taxonomy":"productdetails","embeddable":true,"href":"https:\/\/www.koonings.com\/fr\/wp-json\/wp\/v2\/productdetails?post=85209"},{"taxonomy":"productneck","embeddable":true,"href":"https:\/\/www.koonings.com\/fr\/wp-json\/wp\/v2\/productneck?post=85209"},{"taxonomy":"productcolor","embeddable":true,"href":"https:\/\/www.koonings.com\/fr\/wp-json\/wp\/v2\/productcolor?post=85209"},{"taxonomy":"maat","embeddable":true,"href":"https:\/\/www.koonings.com\/fr\/wp-json\/wp\/v2\/maat?post=85209"},{"taxonomy":"productsupplier","embeddable":true,"href":"https:\/\/www.koonings.com\/fr\/wp-json\/wp\/v2\/productsupplier?post=85209"},{"taxonomy":"productsleeve","embeddable":true,"href":"https:\/\/www.koonings.com\/fr\/wp-json\/wp\/v2\/productsleeve?post=85209"},{"taxonomy":"productcategory","embeddable":true,"href":"https:\/\/www.koonings.com\/fr\/wp-json\/wp\/v2\/productcategory?post=85209"},{"taxonomy":"productsilhouette","embeddable":true,"href":"https:\/\/www.koonings.com\/fr\/wp-json\/wp\/v2\/productsilhouette?post=85209"},{"taxonomy":"productstyle","embeddable":true,"href":"https:\/\/www.koonings.com\/fr\/wp-json\/wp\/v2\/productstyle?post=85209"}],"curies":[{"name":"wp","href":"https:\/\/api.w.org\/{rel}","templated":true}]}}