{"id":85203,"date":"2026-04-28T18:30:11","date_gmt":"2026-04-28T16:30:11","guid":{"rendered":"https:\/\/www.koonings.com\/product\/enzoani-omarra-l\/"},"modified":"2026-02-16T15:09:55","modified_gmt":"2026-02-16T14:09:55","slug":"enzoani-omarra-l","status":"publish","type":"product","link":"https:\/\/www.koonings.com\/fr\/product\/enzoani-omarra-l\/","title":{"rendered":"Enzoani Omarra-L"},"content":{"rendered":"<p>La robe de mari\u00e9e Omarra d&#8217;Enzoani Portrait est un choix enchanteur pour la mari\u00e9e qui recherche l&#8217;\u00e9quilibre parfait entre romantisme, \u00e9l\u00e9gance et modernit\u00e9. Le design d&#8217;Omarra est caract\u00e9ris\u00e9 par une dentelle d\u00e9licate qui orne subtilement le corsage et donne une belle allure f\u00e9minine. La robe pr\u00e9sente une silhouette intemporelle en ligne A qui met merveilleusement en valeur la silhouette, tandis que la jupe l\u00e9g\u00e8re et fluide cr\u00e9e un effet \u00e0 couper le souffle. Le dos ouvert ajoute un aspect sensuel mais sophistiqu\u00e9, ce qui rend la robe \u00e0 la fois \u00e9l\u00e9gante et styl\u00e9e.   <\/p>\n<p>Ce qui rend cette robe encore plus sp\u00e9ciale, c&#8217;est qu&#8217;Omarra est \u00e9galement disponible en taille plus. Chaque mari\u00e9e, quelle que soit sa taille, a ainsi la possibilit\u00e9 de briller dans une robe qui s&#8217;ajuste et se moule parfaitement \u00e0 son corps, sans compromis sur le style ou le confort. <\/p>\n<p>La robe Omarra est disponible exclusivement chez Koonings The Wedding Palace \u00e0 Deurne, la plus grande boutique de mode nuptiale au monde. Koonings offre aux mari\u00e9es une exp\u00e9rience in\u00e9gal\u00e9e, avec une gamme \u00e9tendue de grandes marques telles qu&#8217;Enzoani Portrait, et des stylistes experts pour vous aider \u00e0 trouver la robe parfaite pour votre grand jour. Dans l&#8217;environnement luxueux et accueillant de Koonings, chaque mari\u00e9e, de la taille 34 \u00e0 la taille 54, peut compter sur des conseils personnalis\u00e9s et attentifs. L&#8217;Omarra est destin\u00e9e \u00e0 la mari\u00e9e qui souhaite c\u00e9l\u00e9brer son mariage dans une robe \u00e0 la fois \u00e9l\u00e9gante, intemporelle et adapt\u00e9e \u00e0 sa beaut\u00e9 unique.   <\/p>\n","protected":false},"featured_media":82080,"template":"","meta":{"_acf_changed":false,"ghostkit_customizer_options":"","ghostkit_custom_css":"","ghostkit_custom_js_head":"","ghostkit_custom_js_foot":"","ghostkit_typography":""},"productdetails":[379,381],"productneck":[356],"productcolor":[393,392],"maat":[375],"productsupplier":[406],"productsleeve":[359],"productcategory":[18],"productsilhouette":[384],"productstyle":[366],"class_list":["post-85203","product","type-product","status-publish","has-post-thumbnail","hentry","productdetails-379","productdetails-381","productneck-356","productcolor-393","productcolor-392","maat-375","productsupplier-enzoani","productsleeve-359","productcategory-trouwjurken","productsilhouette-384","productstyle-366"],"acf":[],"yoast_head":"<!-- This site is optimized with the Yoast SEO plugin v27.3 - https:\/\/yoast.com\/product\/yoast-seo-wordpress\/ -->\n<title>Enzoani Omarra-L | Koonings<\/title>\n<meta name=\"description\" content=\"La robe de mari\u00e9e Omarra d&#039;Enzoani Portrait est un choix enchanteur pour la mari\u00e9e qui recherche l&#039;\u00e9quilibre parfait entre romantisme, \u00e9l\u00e9gance et modernit\u00e9. Le design d&#039;Omarra est caract\u00e9ris\u00e9 par une dentelle d\u00e9licate qui orne subtilement le corsage et donne une belle allure f\u00e9minine. La robe pr\u00e9sente une silhouette intemporelle en ligne A qui met merveilleusement en valeur la silhouette, tandis que la jupe l\u00e9g\u00e8re et fluide cr\u00e9e un effet \u00e0 couper le souffle. Le dos ouvert ajoute un aspect sensuel mais sophistiqu\u00e9, ce qui rend la robe \u00e0 la fois \u00e9l\u00e9gante et styl\u00e9e. Ce qui rend cette robe encore plus sp\u00e9ciale, c&#039;est qu&#039;Omarra est \u00e9galement disponible en taille plus. Chaque mari\u00e9e, quelle que soit sa taille, a ainsi la possibilit\u00e9 de briller dans une robe qui s&#039;ajuste et se moule parfaitement \u00e0 son corps, sans compromis sur le style ou le confort. La robe Omarra est disponible exclusivement chez Koonings The Wedding Palace \u00e0 Deurne, la plus grande boutique de mode nuptiale au monde. Koonings offre aux mari\u00e9es une exp\u00e9rience in\u00e9gal\u00e9e, avec une gamme \u00e9tendue de grandes marques telles qu&#039;Enzoani Portrait, et des stylistes experts pour vous aider \u00e0 trouver la robe parfaite pour votre grand jour. Dans l&#039;environnement luxueux et accueillant de Koonings, chaque mari\u00e9e, de la taille 34 \u00e0 la taille 54, peut compter sur des conseils personnalis\u00e9s et attentifs. L&#039;Omarra est destin\u00e9e \u00e0 la mari\u00e9e qui souhaite c\u00e9l\u00e9brer son mariage dans une robe \u00e0 la fois \u00e9l\u00e9gante, intemporelle et adapt\u00e9e \u00e0 sa beaut\u00e9 unique.\" \/>\n<meta name=\"robots\" content=\"index, follow, max-snippet:-1, max-image-preview:large, max-video-preview:-1\" \/>\n<link rel=\"canonical\" href=\"https:\/\/www.koonings.com\/fr\/product\/enzoani-omarra-l\/\" \/>\n<meta property=\"og:locale\" content=\"fr_FR\" \/>\n<meta property=\"og:type\" content=\"article\" \/>\n<meta property=\"og:title\" content=\"Enzoani Omarra-L | Koonings\" \/>\n<meta property=\"og:description\" content=\"La robe de mari\u00e9e Omarra d&#039;Enzoani Portrait est un choix enchanteur pour la mari\u00e9e qui recherche l&#039;\u00e9quilibre parfait entre romantisme, \u00e9l\u00e9gance et modernit\u00e9. Le design d&#039;Omarra est caract\u00e9ris\u00e9 par une dentelle d\u00e9licate qui orne subtilement le corsage et donne une belle allure f\u00e9minine. La robe pr\u00e9sente une silhouette intemporelle en ligne A qui met merveilleusement en valeur la silhouette, tandis que la jupe l\u00e9g\u00e8re et fluide cr\u00e9e un effet \u00e0 couper le souffle. Le dos ouvert ajoute un aspect sensuel mais sophistiqu\u00e9, ce qui rend la robe \u00e0 la fois \u00e9l\u00e9gante et styl\u00e9e. Ce qui rend cette robe encore plus sp\u00e9ciale, c&#039;est qu&#039;Omarra est \u00e9galement disponible en taille plus. Chaque mari\u00e9e, quelle que soit sa taille, a ainsi la possibilit\u00e9 de briller dans une robe qui s&#039;ajuste et se moule parfaitement \u00e0 son corps, sans compromis sur le style ou le confort. La robe Omarra est disponible exclusivement chez Koonings The Wedding Palace \u00e0 Deurne, la plus grande boutique de mode nuptiale au monde. Koonings offre aux mari\u00e9es une exp\u00e9rience in\u00e9gal\u00e9e, avec une gamme \u00e9tendue de grandes marques telles qu&#039;Enzoani Portrait, et des stylistes experts pour vous aider \u00e0 trouver la robe parfaite pour votre grand jour. Dans l&#039;environnement luxueux et accueillant de Koonings, chaque mari\u00e9e, de la taille 34 \u00e0 la taille 54, peut compter sur des conseils personnalis\u00e9s et attentifs. L&#039;Omarra est destin\u00e9e \u00e0 la mari\u00e9e qui souhaite c\u00e9l\u00e9brer son mariage dans une robe \u00e0 la fois \u00e9l\u00e9gante, intemporelle et adapt\u00e9e \u00e0 sa beaut\u00e9 unique.\" \/>\n<meta property=\"og:url\" content=\"https:\/\/www.koonings.com\/fr\/product\/enzoani-omarra-l\/\" \/>\n<meta property=\"og:site_name\" content=\"Koonings\" \/>\n<meta property=\"article:publisher\" content=\"https:\/\/www.facebook.com\/kooningstheweddingpalace\" \/>\n<meta property=\"og:image\" content=\"https:\/\/www.koonings.com\/wp-content\/uploads\/2025\/03\/49512_4672ad88d3b67b673369b4ba434d3ce7dff46516aaa6f93851c8cfac362d630d74171fbe.jpeg\" \/>\n\t<meta property=\"og:image:width\" content=\"957\" \/>\n\t<meta property=\"og:image:height\" content=\"1354\" \/>\n\t<meta property=\"og:image:type\" content=\"image\/jpeg\" \/>\n<meta name=\"twitter:card\" content=\"summary_large_image\" \/>\n<meta name=\"twitter:label1\" content=\"Dur\u00e9e de lecture estim\u00e9e\" \/>\n\t<meta name=\"twitter:data1\" content=\"1 minute\" \/>\n<script type=\"application\/ld+json\" class=\"yoast-schema-graph\">{\"@context\":\"https:\\\/\\\/schema.org\",\"@graph\":[{\"@type\":\"WebPage\",\"@id\":\"https:\\\/\\\/www.koonings.com\\\/fr\\\/product\\\/enzoani-omarra-l\\\/\",\"url\":\"https:\\\/\\\/www.koonings.com\\\/fr\\\/product\\\/enzoani-omarra-l\\\/\",\"name\":\"Enzoani Omarra-L | Koonings\",\"isPartOf\":{\"@id\":\"https:\\\/\\\/www.koonings.com\\\/fr\\\/#website\"},\"primaryImageOfPage\":{\"@id\":\"https:\\\/\\\/www.koonings.com\\\/fr\\\/product\\\/enzoani-omarra-l\\\/#primaryimage\"},\"image\":{\"@id\":\"https:\\\/\\\/www.koonings.com\\\/fr\\\/product\\\/enzoani-omarra-l\\\/#primaryimage\"},\"thumbnailUrl\":\"https:\\\/\\\/www.koonings.com\\\/wp-content\\\/uploads\\\/2025\\\/03\\\/49512_4672ad88d3b67b673369b4ba434d3ce7dff46516aaa6f93851c8cfac362d630d74171fbe.jpeg\",\"datePublished\":\"2026-04-28T16:30:11+00:00\",\"description\":\"La robe de mari\u00e9e Omarra d'Enzoani Portrait est un choix enchanteur pour la mari\u00e9e qui recherche l'\u00e9quilibre parfait entre romantisme, \u00e9l\u00e9gance et modernit\u00e9. Le design d'Omarra est caract\u00e9ris\u00e9 par une dentelle d\u00e9licate qui orne subtilement le corsage et donne une belle allure f\u00e9minine. La robe pr\u00e9sente une silhouette intemporelle en ligne A qui met merveilleusement en valeur la silhouette, tandis que la jupe l\u00e9g\u00e8re et fluide cr\u00e9e un effet \u00e0 couper le souffle. Le dos ouvert ajoute un aspect sensuel mais sophistiqu\u00e9, ce qui rend la robe \u00e0 la fois \u00e9l\u00e9gante et styl\u00e9e. Ce qui rend cette robe encore plus sp\u00e9ciale, c'est qu'Omarra est \u00e9galement disponible en taille plus. Chaque mari\u00e9e, quelle que soit sa taille, a ainsi la possibilit\u00e9 de briller dans une robe qui s'ajuste et se moule parfaitement \u00e0 son corps, sans compromis sur le style ou le confort. La robe Omarra est disponible exclusivement chez Koonings The Wedding Palace \u00e0 Deurne, la plus grande boutique de mode nuptiale au monde. Koonings offre aux mari\u00e9es une exp\u00e9rience in\u00e9gal\u00e9e, avec une gamme \u00e9tendue de grandes marques telles qu'Enzoani Portrait, et des stylistes experts pour vous aider \u00e0 trouver la robe parfaite pour votre grand jour. Dans l'environnement luxueux et accueillant de Koonings, chaque mari\u00e9e, de la taille 34 \u00e0 la taille 54, peut compter sur des conseils personnalis\u00e9s et attentifs. L'Omarra est destin\u00e9e \u00e0 la mari\u00e9e qui souhaite c\u00e9l\u00e9brer son mariage dans une robe \u00e0 la fois \u00e9l\u00e9gante, intemporelle et adapt\u00e9e \u00e0 sa beaut\u00e9 unique.\",\"breadcrumb\":{\"@id\":\"https:\\\/\\\/www.koonings.com\\\/fr\\\/product\\\/enzoani-omarra-l\\\/#breadcrumb\"},\"inLanguage\":\"fr-FR\",\"potentialAction\":[{\"@type\":\"ReadAction\",\"target\":[\"https:\\\/\\\/www.koonings.com\\\/fr\\\/product\\\/enzoani-omarra-l\\\/\"]}]},{\"@type\":\"ImageObject\",\"inLanguage\":\"fr-FR\",\"@id\":\"https:\\\/\\\/www.koonings.com\\\/fr\\\/product\\\/enzoani-omarra-l\\\/#primaryimage\",\"url\":\"https:\\\/\\\/www.koonings.com\\\/wp-content\\\/uploads\\\/2025\\\/03\\\/49512_4672ad88d3b67b673369b4ba434d3ce7dff46516aaa6f93851c8cfac362d630d74171fbe.jpeg\",\"contentUrl\":\"https:\\\/\\\/www.koonings.com\\\/wp-content\\\/uploads\\\/2025\\\/03\\\/49512_4672ad88d3b67b673369b4ba434d3ce7dff46516aaa6f93851c8cfac362d630d74171fbe.jpeg\",\"width\":957,\"height\":1354},{\"@type\":\"BreadcrumbList\",\"@id\":\"https:\\\/\\\/www.koonings.com\\\/fr\\\/product\\\/enzoani-omarra-l\\\/#breadcrumb\",\"itemListElement\":[{\"@type\":\"ListItem\",\"position\":1,\"name\":\"Home\",\"item\":\"https:\\\/\\\/www.koonings.com\\\/fr\\\/\"},{\"@type\":\"ListItem\",\"position\":2,\"name\":\"Enzoani Omarra-L\"}]},{\"@type\":\"WebSite\",\"@id\":\"https:\\\/\\\/www.koonings.com\\\/fr\\\/#website\",\"url\":\"https:\\\/\\\/www.koonings.com\\\/fr\\\/\",\"name\":\"Koonings\",\"description\":\"De grootste bruidsmodewinkel ter wereld\",\"publisher\":{\"@id\":\"https:\\\/\\\/www.koonings.com\\\/fr\\\/#organization\"},\"potentialAction\":[{\"@type\":\"SearchAction\",\"target\":{\"@type\":\"EntryPoint\",\"urlTemplate\":\"https:\\\/\\\/www.koonings.com\\\/fr\\\/?s={search_term_string}\"},\"query-input\":{\"@type\":\"PropertyValueSpecification\",\"valueRequired\":true,\"valueName\":\"search_term_string\"}}],\"inLanguage\":\"fr-FR\"},{\"@type\":\"Organization\",\"@id\":\"https:\\\/\\\/www.koonings.com\\\/fr\\\/#organization\",\"name\":\"Koonings\",\"url\":\"https:\\\/\\\/www.koonings.com\\\/fr\\\/\",\"logo\":{\"@type\":\"ImageObject\",\"inLanguage\":\"fr-FR\",\"@id\":\"https:\\\/\\\/www.koonings.com\\\/fr\\\/#\\\/schema\\\/logo\\\/image\\\/\",\"url\":\"https:\\\/\\\/www.koonings.com\\\/wp-content\\\/uploads\\\/2024\\\/07\\\/logo.png\",\"contentUrl\":\"https:\\\/\\\/www.koonings.com\\\/wp-content\\\/uploads\\\/2024\\\/07\\\/logo.png\",\"width\":600,\"height\":428,\"caption\":\"Koonings\"},\"image\":{\"@id\":\"https:\\\/\\\/www.koonings.com\\\/fr\\\/#\\\/schema\\\/logo\\\/image\\\/\"},\"sameAs\":[\"https:\\\/\\\/www.facebook.com\\\/kooningstheweddingpalace\",\"https:\\\/\\\/www.instagram.com\\\/kooningstheweddingpalace\",\"https:\\\/\\\/www.pinterest.com\\\/koonings\",\"https:\\\/\\\/www.youtube.com\\\/kooningstheweddingpalace\"]}]}<\/script>\n<!-- \/ Yoast SEO plugin. -->","yoast_head_json":{"title":"Enzoani Omarra-L | Koonings","description":"La robe de mari\u00e9e Omarra d'Enzoani Portrait est un choix enchanteur pour la mari\u00e9e qui recherche l'\u00e9quilibre parfait entre romantisme, \u00e9l\u00e9gance et modernit\u00e9. Le design d'Omarra est caract\u00e9ris\u00e9 par une dentelle d\u00e9licate qui orne subtilement le corsage et donne une belle allure f\u00e9minine. La robe pr\u00e9sente une silhouette intemporelle en ligne A qui met merveilleusement en valeur la silhouette, tandis que la jupe l\u00e9g\u00e8re et fluide cr\u00e9e un effet \u00e0 couper le souffle. Le dos ouvert ajoute un aspect sensuel mais sophistiqu\u00e9, ce qui rend la robe \u00e0 la fois \u00e9l\u00e9gante et styl\u00e9e. Ce qui rend cette robe encore plus sp\u00e9ciale, c'est qu'Omarra est \u00e9galement disponible en taille plus. Chaque mari\u00e9e, quelle que soit sa taille, a ainsi la possibilit\u00e9 de briller dans une robe qui s'ajuste et se moule parfaitement \u00e0 son corps, sans compromis sur le style ou le confort. La robe Omarra est disponible exclusivement chez Koonings The Wedding Palace \u00e0 Deurne, la plus grande boutique de mode nuptiale au monde. Koonings offre aux mari\u00e9es une exp\u00e9rience in\u00e9gal\u00e9e, avec une gamme \u00e9tendue de grandes marques telles qu'Enzoani Portrait, et des stylistes experts pour vous aider \u00e0 trouver la robe parfaite pour votre grand jour. Dans l'environnement luxueux et accueillant de Koonings, chaque mari\u00e9e, de la taille 34 \u00e0 la taille 54, peut compter sur des conseils personnalis\u00e9s et attentifs. L'Omarra est destin\u00e9e \u00e0 la mari\u00e9e qui souhaite c\u00e9l\u00e9brer son mariage dans une robe \u00e0 la fois \u00e9l\u00e9gante, intemporelle et adapt\u00e9e \u00e0 sa beaut\u00e9 unique.","robots":{"index":"index","follow":"follow","max-snippet":"max-snippet:-1","max-image-preview":"max-image-preview:large","max-video-preview":"max-video-preview:-1"},"canonical":"https:\/\/www.koonings.com\/fr\/product\/enzoani-omarra-l\/","og_locale":"fr_FR","og_type":"article","og_title":"Enzoani Omarra-L | Koonings","og_description":"La robe de mari\u00e9e Omarra d'Enzoani Portrait est un choix enchanteur pour la mari\u00e9e qui recherche l'\u00e9quilibre parfait entre romantisme, \u00e9l\u00e9gance et modernit\u00e9. Le design d'Omarra est caract\u00e9ris\u00e9 par une dentelle d\u00e9licate qui orne subtilement le corsage et donne une belle allure f\u00e9minine. La robe pr\u00e9sente une silhouette intemporelle en ligne A qui met merveilleusement en valeur la silhouette, tandis que la jupe l\u00e9g\u00e8re et fluide cr\u00e9e un effet \u00e0 couper le souffle. Le dos ouvert ajoute un aspect sensuel mais sophistiqu\u00e9, ce qui rend la robe \u00e0 la fois \u00e9l\u00e9gante et styl\u00e9e. Ce qui rend cette robe encore plus sp\u00e9ciale, c'est qu'Omarra est \u00e9galement disponible en taille plus. Chaque mari\u00e9e, quelle que soit sa taille, a ainsi la possibilit\u00e9 de briller dans une robe qui s'ajuste et se moule parfaitement \u00e0 son corps, sans compromis sur le style ou le confort. La robe Omarra est disponible exclusivement chez Koonings The Wedding Palace \u00e0 Deurne, la plus grande boutique de mode nuptiale au monde. Koonings offre aux mari\u00e9es une exp\u00e9rience in\u00e9gal\u00e9e, avec une gamme \u00e9tendue de grandes marques telles qu'Enzoani Portrait, et des stylistes experts pour vous aider \u00e0 trouver la robe parfaite pour votre grand jour. Dans l'environnement luxueux et accueillant de Koonings, chaque mari\u00e9e, de la taille 34 \u00e0 la taille 54, peut compter sur des conseils personnalis\u00e9s et attentifs. L'Omarra est destin\u00e9e \u00e0 la mari\u00e9e qui souhaite c\u00e9l\u00e9brer son mariage dans une robe \u00e0 la fois \u00e9l\u00e9gante, intemporelle et adapt\u00e9e \u00e0 sa beaut\u00e9 unique.","og_url":"https:\/\/www.koonings.com\/fr\/product\/enzoani-omarra-l\/","og_site_name":"Koonings","article_publisher":"https:\/\/www.facebook.com\/kooningstheweddingpalace","og_image":[{"width":957,"height":1354,"url":"https:\/\/www.koonings.com\/wp-content\/uploads\/2025\/03\/49512_4672ad88d3b67b673369b4ba434d3ce7dff46516aaa6f93851c8cfac362d630d74171fbe.jpeg","type":"image\/jpeg"}],"twitter_card":"summary_large_image","twitter_misc":{"Dur\u00e9e de lecture estim\u00e9e":"1 minute"},"schema":{"@context":"https:\/\/schema.org","@graph":[{"@type":"WebPage","@id":"https:\/\/www.koonings.com\/fr\/product\/enzoani-omarra-l\/","url":"https:\/\/www.koonings.com\/fr\/product\/enzoani-omarra-l\/","name":"Enzoani Omarra-L | Koonings","isPartOf":{"@id":"https:\/\/www.koonings.com\/fr\/#website"},"primaryImageOfPage":{"@id":"https:\/\/www.koonings.com\/fr\/product\/enzoani-omarra-l\/#primaryimage"},"image":{"@id":"https:\/\/www.koonings.com\/fr\/product\/enzoani-omarra-l\/#primaryimage"},"thumbnailUrl":"https:\/\/www.koonings.com\/wp-content\/uploads\/2025\/03\/49512_4672ad88d3b67b673369b4ba434d3ce7dff46516aaa6f93851c8cfac362d630d74171fbe.jpeg","datePublished":"2026-04-28T16:30:11+00:00","description":"La robe de mari\u00e9e Omarra d'Enzoani Portrait est un choix enchanteur pour la mari\u00e9e qui recherche l'\u00e9quilibre parfait entre romantisme, \u00e9l\u00e9gance et modernit\u00e9. Le design d'Omarra est caract\u00e9ris\u00e9 par une dentelle d\u00e9licate qui orne subtilement le corsage et donne une belle allure f\u00e9minine. La robe pr\u00e9sente une silhouette intemporelle en ligne A qui met merveilleusement en valeur la silhouette, tandis que la jupe l\u00e9g\u00e8re et fluide cr\u00e9e un effet \u00e0 couper le souffle. Le dos ouvert ajoute un aspect sensuel mais sophistiqu\u00e9, ce qui rend la robe \u00e0 la fois \u00e9l\u00e9gante et styl\u00e9e. Ce qui rend cette robe encore plus sp\u00e9ciale, c'est qu'Omarra est \u00e9galement disponible en taille plus. Chaque mari\u00e9e, quelle que soit sa taille, a ainsi la possibilit\u00e9 de briller dans une robe qui s'ajuste et se moule parfaitement \u00e0 son corps, sans compromis sur le style ou le confort. La robe Omarra est disponible exclusivement chez Koonings The Wedding Palace \u00e0 Deurne, la plus grande boutique de mode nuptiale au monde. Koonings offre aux mari\u00e9es une exp\u00e9rience in\u00e9gal\u00e9e, avec une gamme \u00e9tendue de grandes marques telles qu'Enzoani Portrait, et des stylistes experts pour vous aider \u00e0 trouver la robe parfaite pour votre grand jour. Dans l'environnement luxueux et accueillant de Koonings, chaque mari\u00e9e, de la taille 34 \u00e0 la taille 54, peut compter sur des conseils personnalis\u00e9s et attentifs. L'Omarra est destin\u00e9e \u00e0 la mari\u00e9e qui souhaite c\u00e9l\u00e9brer son mariage dans une robe \u00e0 la fois \u00e9l\u00e9gante, intemporelle et adapt\u00e9e \u00e0 sa beaut\u00e9 unique.","breadcrumb":{"@id":"https:\/\/www.koonings.com\/fr\/product\/enzoani-omarra-l\/#breadcrumb"},"inLanguage":"fr-FR","potentialAction":[{"@type":"ReadAction","target":["https:\/\/www.koonings.com\/fr\/product\/enzoani-omarra-l\/"]}]},{"@type":"ImageObject","inLanguage":"fr-FR","@id":"https:\/\/www.koonings.com\/fr\/product\/enzoani-omarra-l\/#primaryimage","url":"https:\/\/www.koonings.com\/wp-content\/uploads\/2025\/03\/49512_4672ad88d3b67b673369b4ba434d3ce7dff46516aaa6f93851c8cfac362d630d74171fbe.jpeg","contentUrl":"https:\/\/www.koonings.com\/wp-content\/uploads\/2025\/03\/49512_4672ad88d3b67b673369b4ba434d3ce7dff46516aaa6f93851c8cfac362d630d74171fbe.jpeg","width":957,"height":1354},{"@type":"BreadcrumbList","@id":"https:\/\/www.koonings.com\/fr\/product\/enzoani-omarra-l\/#breadcrumb","itemListElement":[{"@type":"ListItem","position":1,"name":"Home","item":"https:\/\/www.koonings.com\/fr\/"},{"@type":"ListItem","position":2,"name":"Enzoani Omarra-L"}]},{"@type":"WebSite","@id":"https:\/\/www.koonings.com\/fr\/#website","url":"https:\/\/www.koonings.com\/fr\/","name":"Koonings","description":"De grootste bruidsmodewinkel ter wereld","publisher":{"@id":"https:\/\/www.koonings.com\/fr\/#organization"},"potentialAction":[{"@type":"SearchAction","target":{"@type":"EntryPoint","urlTemplate":"https:\/\/www.koonings.com\/fr\/?s={search_term_string}"},"query-input":{"@type":"PropertyValueSpecification","valueRequired":true,"valueName":"search_term_string"}}],"inLanguage":"fr-FR"},{"@type":"Organization","@id":"https:\/\/www.koonings.com\/fr\/#organization","name":"Koonings","url":"https:\/\/www.koonings.com\/fr\/","logo":{"@type":"ImageObject","inLanguage":"fr-FR","@id":"https:\/\/www.koonings.com\/fr\/#\/schema\/logo\/image\/","url":"https:\/\/www.koonings.com\/wp-content\/uploads\/2024\/07\/logo.png","contentUrl":"https:\/\/www.koonings.com\/wp-content\/uploads\/2024\/07\/logo.png","width":600,"height":428,"caption":"Koonings"},"image":{"@id":"https:\/\/www.koonings.com\/fr\/#\/schema\/logo\/image\/"},"sameAs":["https:\/\/www.facebook.com\/kooningstheweddingpalace","https:\/\/www.instagram.com\/kooningstheweddingpalace","https:\/\/www.pinterest.com\/koonings","https:\/\/www.youtube.com\/kooningstheweddingpalace"]}]}},"_links":{"self":[{"href":"https:\/\/www.koonings.com\/fr\/wp-json\/wp\/v2\/product\/85203","targetHints":{"allow":["GET"]}}],"collection":[{"href":"https:\/\/www.koonings.com\/fr\/wp-json\/wp\/v2\/product"}],"about":[{"href":"https:\/\/www.koonings.com\/fr\/wp-json\/wp\/v2\/types\/product"}],"wp:featuredmedia":[{"embeddable":true,"href":"https:\/\/www.koonings.com\/fr\/wp-json\/wp\/v2\/media\/82080"}],"wp:attachment":[{"href":"https:\/\/www.koonings.com\/fr\/wp-json\/wp\/v2\/media?parent=85203"}],"wp:term":[{"taxonomy":"productdetails","embeddable":true,"href":"https:\/\/www.koonings.com\/fr\/wp-json\/wp\/v2\/productdetails?post=85203"},{"taxonomy":"productneck","embeddable":true,"href":"https:\/\/www.koonings.com\/fr\/wp-json\/wp\/v2\/productneck?post=85203"},{"taxonomy":"productcolor","embeddable":true,"href":"https:\/\/www.koonings.com\/fr\/wp-json\/wp\/v2\/productcolor?post=85203"},{"taxonomy":"maat","embeddable":true,"href":"https:\/\/www.koonings.com\/fr\/wp-json\/wp\/v2\/maat?post=85203"},{"taxonomy":"productsupplier","embeddable":true,"href":"https:\/\/www.koonings.com\/fr\/wp-json\/wp\/v2\/productsupplier?post=85203"},{"taxonomy":"productsleeve","embeddable":true,"href":"https:\/\/www.koonings.com\/fr\/wp-json\/wp\/v2\/productsleeve?post=85203"},{"taxonomy":"productcategory","embeddable":true,"href":"https:\/\/www.koonings.com\/fr\/wp-json\/wp\/v2\/productcategory?post=85203"},{"taxonomy":"productsilhouette","embeddable":true,"href":"https:\/\/www.koonings.com\/fr\/wp-json\/wp\/v2\/productsilhouette?post=85203"},{"taxonomy":"productstyle","embeddable":true,"href":"https:\/\/www.koonings.com\/fr\/wp-json\/wp\/v2\/productstyle?post=85203"}],"curies":[{"name":"wp","href":"https:\/\/api.w.org\/{rel}","templated":true}]}}