{"id":85192,"date":"2026-04-14T16:18:16","date_gmt":"2026-04-14T14:18:16","guid":{"rendered":"https:\/\/www.koonings.com\/product\/javier-arnaiz-josef-cor104-240-690\/"},"modified":"2025-06-05T13:57:58","modified_gmt":"2025-06-05T11:57:58","slug":"javier-arnaiz-josef-cor104-240-690","status":"publish","type":"product","link":"https:\/\/www.koonings.com\/fr\/product\/javier-arnaiz-josef-cor104-240-690\/","title":{"rendered":"Javier Arnaiz Josef Cor104.240.690"},"content":{"rendered":"<p>Javier Arnaiz est une marque espagnole de premier plan sp\u00e9cialis\u00e9e dans les costumes de mariage \u00e9l\u00e9gants et modernes pour le mari\u00e9 contemporain. Les mod\u00e8les combinent tradition intemporelle et tendances contemporaines et sont fabriqu\u00e9s \u00e0 partir de mat\u00e9riaux de la plus haute qualit\u00e9. <\/p>\n<p>La collection de Javier Arnaiz offre une gamme polyvalente de couleurs et de styles, permettant aux mari\u00e9s classiques et modernes de trouver le costume id\u00e9al. Chaque costume est con\u00e7u avec une coupe sophistiqu\u00e9e, des tissus de haute qualit\u00e9 et une excellente coupe, pour que chaque mari\u00e9 brille le jour de son mariage. <\/p>\n","protected":false},"featured_media":82529,"template":"","meta":{"_acf_changed":false,"ghostkit_customizer_options":"","ghostkit_custom_css":"","ghostkit_custom_js_head":"","ghostkit_custom_js_foot":"","ghostkit_typography":""},"productdetails":[],"productneck":[],"productcolor":[501],"maat":[],"productsupplier":[505],"productsleeve":[],"productcategory":[227],"productsilhouette":[],"productstyle":[],"class_list":["post-85192","product","type-product","status-publish","has-post-thumbnail","hentry","productcolor-501","productsupplier-javier-arnaiz","productcategory-kostuum"],"acf":[],"yoast_head":"<!-- This site is optimized with the Yoast SEO plugin v27.3 - https:\/\/yoast.com\/product\/yoast-seo-wordpress\/ -->\n<title>Javier Arnaiz Josef Cor104.240.690 | Koonings<\/title>\n<meta name=\"description\" content=\"Javier Arnaiz est une marque espagnole de premier plan sp\u00e9cialis\u00e9e dans les costumes de mariage \u00e9l\u00e9gants et modernes pour le mari\u00e9 contemporain. Les mod\u00e8les combinent tradition intemporelle et tendances contemporaines et sont fabriqu\u00e9s \u00e0 partir de mat\u00e9riaux de la plus haute qualit\u00e9. La collection de Javier Arnaiz offre une gamme polyvalente de couleurs et de styles, permettant aux mari\u00e9s classiques et modernes de trouver le costume id\u00e9al. Chaque costume est con\u00e7u avec une coupe sophistiqu\u00e9e, des tissus de haute qualit\u00e9 et une excellente coupe, pour que chaque mari\u00e9 brille le jour de son mariage.\" \/>\n<meta name=\"robots\" content=\"index, follow, max-snippet:-1, max-image-preview:large, max-video-preview:-1\" \/>\n<link rel=\"canonical\" href=\"https:\/\/www.koonings.com\/fr\/product\/javier-arnaiz-josef-cor104-240-690\/\" \/>\n<meta property=\"og:locale\" content=\"fr_FR\" \/>\n<meta property=\"og:type\" content=\"article\" \/>\n<meta property=\"og:title\" content=\"Javier Arnaiz Josef Cor104.240.690 | Koonings\" \/>\n<meta property=\"og:description\" content=\"Javier Arnaiz est une marque espagnole de premier plan sp\u00e9cialis\u00e9e dans les costumes de mariage \u00e9l\u00e9gants et modernes pour le mari\u00e9 contemporain. Les mod\u00e8les combinent tradition intemporelle et tendances contemporaines et sont fabriqu\u00e9s \u00e0 partir de mat\u00e9riaux de la plus haute qualit\u00e9. La collection de Javier Arnaiz offre une gamme polyvalente de couleurs et de styles, permettant aux mari\u00e9s classiques et modernes de trouver le costume id\u00e9al. Chaque costume est con\u00e7u avec une coupe sophistiqu\u00e9e, des tissus de haute qualit\u00e9 et une excellente coupe, pour que chaque mari\u00e9 brille le jour de son mariage.\" \/>\n<meta property=\"og:url\" content=\"https:\/\/www.koonings.com\/fr\/product\/javier-arnaiz-josef-cor104-240-690\/\" \/>\n<meta property=\"og:site_name\" content=\"Koonings\" \/>\n<meta property=\"article:publisher\" content=\"https:\/\/www.facebook.com\/kooningstheweddingpalace\" \/>\n<meta property=\"og:image\" content=\"https:\/\/www.koonings.com\/wp-content\/uploads\/2025\/03\/40168_62b7c7e1901f623c17346836b9c0d3ff9ddaa5c448f53adbf782a3fe9a54a83aab425360.jpeg\" \/>\n\t<meta property=\"og:image:width\" content=\"1686\" \/>\n\t<meta property=\"og:image:height\" content=\"2384\" \/>\n\t<meta property=\"og:image:type\" content=\"image\/jpeg\" \/>\n<meta name=\"twitter:card\" content=\"summary_large_image\" \/>\n<meta name=\"twitter:label1\" content=\"Dur\u00e9e de lecture estim\u00e9e\" \/>\n\t<meta name=\"twitter:data1\" content=\"1 minute\" \/>\n<script type=\"application\/ld+json\" class=\"yoast-schema-graph\">{\"@context\":\"https:\\\/\\\/schema.org\",\"@graph\":[{\"@type\":\"WebPage\",\"@id\":\"https:\\\/\\\/www.koonings.com\\\/fr\\\/product\\\/javier-arnaiz-josef-cor104-240-690\\\/\",\"url\":\"https:\\\/\\\/www.koonings.com\\\/fr\\\/product\\\/javier-arnaiz-josef-cor104-240-690\\\/\",\"name\":\"Javier Arnaiz Josef Cor104.240.690 | Koonings\",\"isPartOf\":{\"@id\":\"https:\\\/\\\/www.koonings.com\\\/fr\\\/#website\"},\"primaryImageOfPage\":{\"@id\":\"https:\\\/\\\/www.koonings.com\\\/fr\\\/product\\\/javier-arnaiz-josef-cor104-240-690\\\/#primaryimage\"},\"image\":{\"@id\":\"https:\\\/\\\/www.koonings.com\\\/fr\\\/product\\\/javier-arnaiz-josef-cor104-240-690\\\/#primaryimage\"},\"thumbnailUrl\":\"https:\\\/\\\/www.koonings.com\\\/wp-content\\\/uploads\\\/2025\\\/03\\\/40168_62b7c7e1901f623c17346836b9c0d3ff9ddaa5c448f53adbf782a3fe9a54a83aab425360.jpeg\",\"datePublished\":\"2026-04-14T14:18:16+00:00\",\"description\":\"Javier Arnaiz est une marque espagnole de premier plan sp\u00e9cialis\u00e9e dans les costumes de mariage \u00e9l\u00e9gants et modernes pour le mari\u00e9 contemporain. Les mod\u00e8les combinent tradition intemporelle et tendances contemporaines et sont fabriqu\u00e9s \u00e0 partir de mat\u00e9riaux de la plus haute qualit\u00e9. La collection de Javier Arnaiz offre une gamme polyvalente de couleurs et de styles, permettant aux mari\u00e9s classiques et modernes de trouver le costume id\u00e9al. Chaque costume est con\u00e7u avec une coupe sophistiqu\u00e9e, des tissus de haute qualit\u00e9 et une excellente coupe, pour que chaque mari\u00e9 brille le jour de son mariage.\",\"breadcrumb\":{\"@id\":\"https:\\\/\\\/www.koonings.com\\\/fr\\\/product\\\/javier-arnaiz-josef-cor104-240-690\\\/#breadcrumb\"},\"inLanguage\":\"fr-FR\",\"potentialAction\":[{\"@type\":\"ReadAction\",\"target\":[\"https:\\\/\\\/www.koonings.com\\\/fr\\\/product\\\/javier-arnaiz-josef-cor104-240-690\\\/\"]}]},{\"@type\":\"ImageObject\",\"inLanguage\":\"fr-FR\",\"@id\":\"https:\\\/\\\/www.koonings.com\\\/fr\\\/product\\\/javier-arnaiz-josef-cor104-240-690\\\/#primaryimage\",\"url\":\"https:\\\/\\\/www.koonings.com\\\/wp-content\\\/uploads\\\/2025\\\/03\\\/40168_62b7c7e1901f623c17346836b9c0d3ff9ddaa5c448f53adbf782a3fe9a54a83aab425360.jpeg\",\"contentUrl\":\"https:\\\/\\\/www.koonings.com\\\/wp-content\\\/uploads\\\/2025\\\/03\\\/40168_62b7c7e1901f623c17346836b9c0d3ff9ddaa5c448f53adbf782a3fe9a54a83aab425360.jpeg\",\"width\":1686,\"height\":2384},{\"@type\":\"BreadcrumbList\",\"@id\":\"https:\\\/\\\/www.koonings.com\\\/fr\\\/product\\\/javier-arnaiz-josef-cor104-240-690\\\/#breadcrumb\",\"itemListElement\":[{\"@type\":\"ListItem\",\"position\":1,\"name\":\"Home\",\"item\":\"https:\\\/\\\/www.koonings.com\\\/fr\\\/\"},{\"@type\":\"ListItem\",\"position\":2,\"name\":\"Javier Arnaiz Josef Cor104.240.690\"}]},{\"@type\":\"WebSite\",\"@id\":\"https:\\\/\\\/www.koonings.com\\\/fr\\\/#website\",\"url\":\"https:\\\/\\\/www.koonings.com\\\/fr\\\/\",\"name\":\"Koonings\",\"description\":\"De grootste bruidsmodewinkel ter wereld\",\"publisher\":{\"@id\":\"https:\\\/\\\/www.koonings.com\\\/fr\\\/#organization\"},\"potentialAction\":[{\"@type\":\"SearchAction\",\"target\":{\"@type\":\"EntryPoint\",\"urlTemplate\":\"https:\\\/\\\/www.koonings.com\\\/fr\\\/?s={search_term_string}\"},\"query-input\":{\"@type\":\"PropertyValueSpecification\",\"valueRequired\":true,\"valueName\":\"search_term_string\"}}],\"inLanguage\":\"fr-FR\"},{\"@type\":\"Organization\",\"@id\":\"https:\\\/\\\/www.koonings.com\\\/fr\\\/#organization\",\"name\":\"Koonings\",\"url\":\"https:\\\/\\\/www.koonings.com\\\/fr\\\/\",\"logo\":{\"@type\":\"ImageObject\",\"inLanguage\":\"fr-FR\",\"@id\":\"https:\\\/\\\/www.koonings.com\\\/fr\\\/#\\\/schema\\\/logo\\\/image\\\/\",\"url\":\"https:\\\/\\\/www.koonings.com\\\/wp-content\\\/uploads\\\/2024\\\/07\\\/logo.png\",\"contentUrl\":\"https:\\\/\\\/www.koonings.com\\\/wp-content\\\/uploads\\\/2024\\\/07\\\/logo.png\",\"width\":600,\"height\":428,\"caption\":\"Koonings\"},\"image\":{\"@id\":\"https:\\\/\\\/www.koonings.com\\\/fr\\\/#\\\/schema\\\/logo\\\/image\\\/\"},\"sameAs\":[\"https:\\\/\\\/www.facebook.com\\\/kooningstheweddingpalace\",\"https:\\\/\\\/www.instagram.com\\\/kooningstheweddingpalace\",\"https:\\\/\\\/www.pinterest.com\\\/koonings\",\"https:\\\/\\\/www.youtube.com\\\/kooningstheweddingpalace\"]}]}<\/script>\n<!-- \/ Yoast SEO plugin. -->","yoast_head_json":{"title":"Javier Arnaiz Josef Cor104.240.690 | Koonings","description":"Javier Arnaiz est une marque espagnole de premier plan sp\u00e9cialis\u00e9e dans les costumes de mariage \u00e9l\u00e9gants et modernes pour le mari\u00e9 contemporain. Les mod\u00e8les combinent tradition intemporelle et tendances contemporaines et sont fabriqu\u00e9s \u00e0 partir de mat\u00e9riaux de la plus haute qualit\u00e9. La collection de Javier Arnaiz offre une gamme polyvalente de couleurs et de styles, permettant aux mari\u00e9s classiques et modernes de trouver le costume id\u00e9al. Chaque costume est con\u00e7u avec une coupe sophistiqu\u00e9e, des tissus de haute qualit\u00e9 et une excellente coupe, pour que chaque mari\u00e9 brille le jour de son mariage.","robots":{"index":"index","follow":"follow","max-snippet":"max-snippet:-1","max-image-preview":"max-image-preview:large","max-video-preview":"max-video-preview:-1"},"canonical":"https:\/\/www.koonings.com\/fr\/product\/javier-arnaiz-josef-cor104-240-690\/","og_locale":"fr_FR","og_type":"article","og_title":"Javier Arnaiz Josef Cor104.240.690 | Koonings","og_description":"Javier Arnaiz est une marque espagnole de premier plan sp\u00e9cialis\u00e9e dans les costumes de mariage \u00e9l\u00e9gants et modernes pour le mari\u00e9 contemporain. Les mod\u00e8les combinent tradition intemporelle et tendances contemporaines et sont fabriqu\u00e9s \u00e0 partir de mat\u00e9riaux de la plus haute qualit\u00e9. La collection de Javier Arnaiz offre une gamme polyvalente de couleurs et de styles, permettant aux mari\u00e9s classiques et modernes de trouver le costume id\u00e9al. Chaque costume est con\u00e7u avec une coupe sophistiqu\u00e9e, des tissus de haute qualit\u00e9 et une excellente coupe, pour que chaque mari\u00e9 brille le jour de son mariage.","og_url":"https:\/\/www.koonings.com\/fr\/product\/javier-arnaiz-josef-cor104-240-690\/","og_site_name":"Koonings","article_publisher":"https:\/\/www.facebook.com\/kooningstheweddingpalace","og_image":[{"width":1686,"height":2384,"url":"https:\/\/www.koonings.com\/wp-content\/uploads\/2025\/03\/40168_62b7c7e1901f623c17346836b9c0d3ff9ddaa5c448f53adbf782a3fe9a54a83aab425360.jpeg","type":"image\/jpeg"}],"twitter_card":"summary_large_image","twitter_misc":{"Dur\u00e9e de lecture estim\u00e9e":"1 minute"},"schema":{"@context":"https:\/\/schema.org","@graph":[{"@type":"WebPage","@id":"https:\/\/www.koonings.com\/fr\/product\/javier-arnaiz-josef-cor104-240-690\/","url":"https:\/\/www.koonings.com\/fr\/product\/javier-arnaiz-josef-cor104-240-690\/","name":"Javier Arnaiz Josef Cor104.240.690 | Koonings","isPartOf":{"@id":"https:\/\/www.koonings.com\/fr\/#website"},"primaryImageOfPage":{"@id":"https:\/\/www.koonings.com\/fr\/product\/javier-arnaiz-josef-cor104-240-690\/#primaryimage"},"image":{"@id":"https:\/\/www.koonings.com\/fr\/product\/javier-arnaiz-josef-cor104-240-690\/#primaryimage"},"thumbnailUrl":"https:\/\/www.koonings.com\/wp-content\/uploads\/2025\/03\/40168_62b7c7e1901f623c17346836b9c0d3ff9ddaa5c448f53adbf782a3fe9a54a83aab425360.jpeg","datePublished":"2026-04-14T14:18:16+00:00","description":"Javier Arnaiz est une marque espagnole de premier plan sp\u00e9cialis\u00e9e dans les costumes de mariage \u00e9l\u00e9gants et modernes pour le mari\u00e9 contemporain. Les mod\u00e8les combinent tradition intemporelle et tendances contemporaines et sont fabriqu\u00e9s \u00e0 partir de mat\u00e9riaux de la plus haute qualit\u00e9. La collection de Javier Arnaiz offre une gamme polyvalente de couleurs et de styles, permettant aux mari\u00e9s classiques et modernes de trouver le costume id\u00e9al. Chaque costume est con\u00e7u avec une coupe sophistiqu\u00e9e, des tissus de haute qualit\u00e9 et une excellente coupe, pour que chaque mari\u00e9 brille le jour de son mariage.","breadcrumb":{"@id":"https:\/\/www.koonings.com\/fr\/product\/javier-arnaiz-josef-cor104-240-690\/#breadcrumb"},"inLanguage":"fr-FR","potentialAction":[{"@type":"ReadAction","target":["https:\/\/www.koonings.com\/fr\/product\/javier-arnaiz-josef-cor104-240-690\/"]}]},{"@type":"ImageObject","inLanguage":"fr-FR","@id":"https:\/\/www.koonings.com\/fr\/product\/javier-arnaiz-josef-cor104-240-690\/#primaryimage","url":"https:\/\/www.koonings.com\/wp-content\/uploads\/2025\/03\/40168_62b7c7e1901f623c17346836b9c0d3ff9ddaa5c448f53adbf782a3fe9a54a83aab425360.jpeg","contentUrl":"https:\/\/www.koonings.com\/wp-content\/uploads\/2025\/03\/40168_62b7c7e1901f623c17346836b9c0d3ff9ddaa5c448f53adbf782a3fe9a54a83aab425360.jpeg","width":1686,"height":2384},{"@type":"BreadcrumbList","@id":"https:\/\/www.koonings.com\/fr\/product\/javier-arnaiz-josef-cor104-240-690\/#breadcrumb","itemListElement":[{"@type":"ListItem","position":1,"name":"Home","item":"https:\/\/www.koonings.com\/fr\/"},{"@type":"ListItem","position":2,"name":"Javier Arnaiz Josef Cor104.240.690"}]},{"@type":"WebSite","@id":"https:\/\/www.koonings.com\/fr\/#website","url":"https:\/\/www.koonings.com\/fr\/","name":"Koonings","description":"De grootste bruidsmodewinkel ter wereld","publisher":{"@id":"https:\/\/www.koonings.com\/fr\/#organization"},"potentialAction":[{"@type":"SearchAction","target":{"@type":"EntryPoint","urlTemplate":"https:\/\/www.koonings.com\/fr\/?s={search_term_string}"},"query-input":{"@type":"PropertyValueSpecification","valueRequired":true,"valueName":"search_term_string"}}],"inLanguage":"fr-FR"},{"@type":"Organization","@id":"https:\/\/www.koonings.com\/fr\/#organization","name":"Koonings","url":"https:\/\/www.koonings.com\/fr\/","logo":{"@type":"ImageObject","inLanguage":"fr-FR","@id":"https:\/\/www.koonings.com\/fr\/#\/schema\/logo\/image\/","url":"https:\/\/www.koonings.com\/wp-content\/uploads\/2024\/07\/logo.png","contentUrl":"https:\/\/www.koonings.com\/wp-content\/uploads\/2024\/07\/logo.png","width":600,"height":428,"caption":"Koonings"},"image":{"@id":"https:\/\/www.koonings.com\/fr\/#\/schema\/logo\/image\/"},"sameAs":["https:\/\/www.facebook.com\/kooningstheweddingpalace","https:\/\/www.instagram.com\/kooningstheweddingpalace","https:\/\/www.pinterest.com\/koonings","https:\/\/www.youtube.com\/kooningstheweddingpalace"]}]}},"_links":{"self":[{"href":"https:\/\/www.koonings.com\/fr\/wp-json\/wp\/v2\/product\/85192","targetHints":{"allow":["GET"]}}],"collection":[{"href":"https:\/\/www.koonings.com\/fr\/wp-json\/wp\/v2\/product"}],"about":[{"href":"https:\/\/www.koonings.com\/fr\/wp-json\/wp\/v2\/types\/product"}],"wp:featuredmedia":[{"embeddable":true,"href":"https:\/\/www.koonings.com\/fr\/wp-json\/wp\/v2\/media\/82529"}],"wp:attachment":[{"href":"https:\/\/www.koonings.com\/fr\/wp-json\/wp\/v2\/media?parent=85192"}],"wp:term":[{"taxonomy":"productdetails","embeddable":true,"href":"https:\/\/www.koonings.com\/fr\/wp-json\/wp\/v2\/productdetails?post=85192"},{"taxonomy":"productneck","embeddable":true,"href":"https:\/\/www.koonings.com\/fr\/wp-json\/wp\/v2\/productneck?post=85192"},{"taxonomy":"productcolor","embeddable":true,"href":"https:\/\/www.koonings.com\/fr\/wp-json\/wp\/v2\/productcolor?post=85192"},{"taxonomy":"maat","embeddable":true,"href":"https:\/\/www.koonings.com\/fr\/wp-json\/wp\/v2\/maat?post=85192"},{"taxonomy":"productsupplier","embeddable":true,"href":"https:\/\/www.koonings.com\/fr\/wp-json\/wp\/v2\/productsupplier?post=85192"},{"taxonomy":"productsleeve","embeddable":true,"href":"https:\/\/www.koonings.com\/fr\/wp-json\/wp\/v2\/productsleeve?post=85192"},{"taxonomy":"productcategory","embeddable":true,"href":"https:\/\/www.koonings.com\/fr\/wp-json\/wp\/v2\/productcategory?post=85192"},{"taxonomy":"productsilhouette","embeddable":true,"href":"https:\/\/www.koonings.com\/fr\/wp-json\/wp\/v2\/productsilhouette?post=85192"},{"taxonomy":"productstyle","embeddable":true,"href":"https:\/\/www.koonings.com\/fr\/wp-json\/wp\/v2\/productstyle?post=85192"}],"curies":[{"name":"wp","href":"https:\/\/api.w.org\/{rel}","templated":true}]}}