{"id":85173,"date":"2026-04-14T16:32:28","date_gmt":"2026-04-14T14:32:28","guid":{"rendered":"https:\/\/www.koonings.com\/product\/wona-concept-dune-set\/"},"modified":"2025-06-05T13:59:20","modified_gmt":"2025-06-05T11:59:20","slug":"wona-concept-dune-set","status":"publish","type":"product","link":"https:\/\/www.koonings.com\/fr\/product\/wona-concept-dune-set\/","title":{"rendered":"Wona Concept Dune set"},"content":{"rendered":"<p>La robe de mari\u00e9e Wona Concept Dune est un chef-d&#8217;\u0153uvre qui allie l&#8217;\u00e9l\u00e9gance intemporelle \u00e0 la modernit\u00e9. Cette robe permet \u00e0 la mari\u00e9e de choisir entre un look \u00e9l\u00e9gant et sophistiqu\u00e9 avec la jupe de base ou un look de r\u00eave avec la surjupe en tulle. Ce mod\u00e8le vous donne la possibilit\u00e9 d&#8217;exprimer votre style unique.  <\/p>\n","protected":false},"featured_media":83337,"template":"","meta":{"_acf_changed":false,"ghostkit_customizer_options":"","ghostkit_custom_css":"","ghostkit_custom_js_head":"","ghostkit_custom_js_foot":"","ghostkit_typography":""},"productdetails":[],"productneck":[354,355],"productcolor":[392],"maat":[],"productsupplier":[441],"productsleeve":[],"productcategory":[18],"productsilhouette":[387],"productstyle":[365,370],"class_list":["post-85173","product","type-product","status-publish","has-post-thumbnail","hentry","productneck-354","productneck-355","productcolor-392","productsupplier-wona-concept","productcategory-trouwjurken","productsilhouette-387","productstyle-365","productstyle-370"],"acf":[],"yoast_head":"<!-- This site is optimized with the Yoast SEO plugin v27.3 - https:\/\/yoast.com\/product\/yoast-seo-wordpress\/ -->\n<title>Wona Concept Dune set | Koonings<\/title>\n<meta name=\"description\" content=\"La robe de mari\u00e9e Wona Concept Dune est un chef-d&#039;\u0153uvre qui allie l&#039;\u00e9l\u00e9gance intemporelle \u00e0 la modernit\u00e9. Cette robe permet \u00e0 la mari\u00e9e de choisir entre un look \u00e9l\u00e9gant et sophistiqu\u00e9 avec la jupe de base ou un look de r\u00eave avec la surjupe en tulle. Ce mod\u00e8le vous donne la possibilit\u00e9 d&#039;exprimer votre style unique.\" \/>\n<meta name=\"robots\" content=\"index, follow, max-snippet:-1, max-image-preview:large, max-video-preview:-1\" \/>\n<link rel=\"canonical\" href=\"https:\/\/www.koonings.com\/fr\/product\/wona-concept-dune-set\/\" \/>\n<meta property=\"og:locale\" content=\"fr_FR\" \/>\n<meta property=\"og:type\" content=\"article\" \/>\n<meta property=\"og:title\" content=\"Wona Concept Dune set | Koonings\" \/>\n<meta property=\"og:description\" content=\"La robe de mari\u00e9e Wona Concept Dune est un chef-d&#039;\u0153uvre qui allie l&#039;\u00e9l\u00e9gance intemporelle \u00e0 la modernit\u00e9. Cette robe permet \u00e0 la mari\u00e9e de choisir entre un look \u00e9l\u00e9gant et sophistiqu\u00e9 avec la jupe de base ou un look de r\u00eave avec la surjupe en tulle. Ce mod\u00e8le vous donne la possibilit\u00e9 d&#039;exprimer votre style unique.\" \/>\n<meta property=\"og:url\" content=\"https:\/\/www.koonings.com\/fr\/product\/wona-concept-dune-set\/\" \/>\n<meta property=\"og:site_name\" content=\"Koonings\" \/>\n<meta property=\"article:publisher\" content=\"https:\/\/www.facebook.com\/kooningstheweddingpalace\" \/>\n<meta property=\"og:image\" content=\"https:\/\/www.koonings.com\/wp-content\/uploads\/2025\/04\/49886_cbe7c71f0697b6ba8218a4b65db7a43ad1eedc11a1de6f312ca546f320a7980098c76fd3.jpeg\" \/>\n\t<meta property=\"og:image:width\" content=\"1005\" \/>\n\t<meta property=\"og:image:height\" content=\"1420\" \/>\n\t<meta property=\"og:image:type\" content=\"image\/jpeg\" \/>\n<meta name=\"twitter:card\" content=\"summary_large_image\" \/>\n<script type=\"application\/ld+json\" class=\"yoast-schema-graph\">{\"@context\":\"https:\\\/\\\/schema.org\",\"@graph\":[{\"@type\":\"WebPage\",\"@id\":\"https:\\\/\\\/www.koonings.com\\\/fr\\\/product\\\/wona-concept-dune-set\\\/\",\"url\":\"https:\\\/\\\/www.koonings.com\\\/fr\\\/product\\\/wona-concept-dune-set\\\/\",\"name\":\"Wona Concept Dune set | Koonings\",\"isPartOf\":{\"@id\":\"https:\\\/\\\/www.koonings.com\\\/fr\\\/#website\"},\"primaryImageOfPage\":{\"@id\":\"https:\\\/\\\/www.koonings.com\\\/fr\\\/product\\\/wona-concept-dune-set\\\/#primaryimage\"},\"image\":{\"@id\":\"https:\\\/\\\/www.koonings.com\\\/fr\\\/product\\\/wona-concept-dune-set\\\/#primaryimage\"},\"thumbnailUrl\":\"https:\\\/\\\/www.koonings.com\\\/wp-content\\\/uploads\\\/2025\\\/04\\\/49886_cbe7c71f0697b6ba8218a4b65db7a43ad1eedc11a1de6f312ca546f320a7980098c76fd3.jpeg\",\"datePublished\":\"2026-04-14T14:32:28+00:00\",\"description\":\"La robe de mari\u00e9e Wona Concept Dune est un chef-d'\u0153uvre qui allie l'\u00e9l\u00e9gance intemporelle \u00e0 la modernit\u00e9. Cette robe permet \u00e0 la mari\u00e9e de choisir entre un look \u00e9l\u00e9gant et sophistiqu\u00e9 avec la jupe de base ou un look de r\u00eave avec la surjupe en tulle. Ce mod\u00e8le vous donne la possibilit\u00e9 d'exprimer votre style unique.\",\"breadcrumb\":{\"@id\":\"https:\\\/\\\/www.koonings.com\\\/fr\\\/product\\\/wona-concept-dune-set\\\/#breadcrumb\"},\"inLanguage\":\"fr-FR\",\"potentialAction\":[{\"@type\":\"ReadAction\",\"target\":[\"https:\\\/\\\/www.koonings.com\\\/fr\\\/product\\\/wona-concept-dune-set\\\/\"]}]},{\"@type\":\"ImageObject\",\"inLanguage\":\"fr-FR\",\"@id\":\"https:\\\/\\\/www.koonings.com\\\/fr\\\/product\\\/wona-concept-dune-set\\\/#primaryimage\",\"url\":\"https:\\\/\\\/www.koonings.com\\\/wp-content\\\/uploads\\\/2025\\\/04\\\/49886_cbe7c71f0697b6ba8218a4b65db7a43ad1eedc11a1de6f312ca546f320a7980098c76fd3.jpeg\",\"contentUrl\":\"https:\\\/\\\/www.koonings.com\\\/wp-content\\\/uploads\\\/2025\\\/04\\\/49886_cbe7c71f0697b6ba8218a4b65db7a43ad1eedc11a1de6f312ca546f320a7980098c76fd3.jpeg\",\"width\":1005,\"height\":1420},{\"@type\":\"BreadcrumbList\",\"@id\":\"https:\\\/\\\/www.koonings.com\\\/fr\\\/product\\\/wona-concept-dune-set\\\/#breadcrumb\",\"itemListElement\":[{\"@type\":\"ListItem\",\"position\":1,\"name\":\"Home\",\"item\":\"https:\\\/\\\/www.koonings.com\\\/fr\\\/\"},{\"@type\":\"ListItem\",\"position\":2,\"name\":\"Wona Concept Dune set\"}]},{\"@type\":\"WebSite\",\"@id\":\"https:\\\/\\\/www.koonings.com\\\/fr\\\/#website\",\"url\":\"https:\\\/\\\/www.koonings.com\\\/fr\\\/\",\"name\":\"Koonings\",\"description\":\"De grootste bruidsmodewinkel ter wereld\",\"publisher\":{\"@id\":\"https:\\\/\\\/www.koonings.com\\\/fr\\\/#organization\"},\"potentialAction\":[{\"@type\":\"SearchAction\",\"target\":{\"@type\":\"EntryPoint\",\"urlTemplate\":\"https:\\\/\\\/www.koonings.com\\\/fr\\\/?s={search_term_string}\"},\"query-input\":{\"@type\":\"PropertyValueSpecification\",\"valueRequired\":true,\"valueName\":\"search_term_string\"}}],\"inLanguage\":\"fr-FR\"},{\"@type\":\"Organization\",\"@id\":\"https:\\\/\\\/www.koonings.com\\\/fr\\\/#organization\",\"name\":\"Koonings\",\"url\":\"https:\\\/\\\/www.koonings.com\\\/fr\\\/\",\"logo\":{\"@type\":\"ImageObject\",\"inLanguage\":\"fr-FR\",\"@id\":\"https:\\\/\\\/www.koonings.com\\\/fr\\\/#\\\/schema\\\/logo\\\/image\\\/\",\"url\":\"https:\\\/\\\/www.koonings.com\\\/wp-content\\\/uploads\\\/2024\\\/07\\\/logo.png\",\"contentUrl\":\"https:\\\/\\\/www.koonings.com\\\/wp-content\\\/uploads\\\/2024\\\/07\\\/logo.png\",\"width\":600,\"height\":428,\"caption\":\"Koonings\"},\"image\":{\"@id\":\"https:\\\/\\\/www.koonings.com\\\/fr\\\/#\\\/schema\\\/logo\\\/image\\\/\"},\"sameAs\":[\"https:\\\/\\\/www.facebook.com\\\/kooningstheweddingpalace\",\"https:\\\/\\\/www.instagram.com\\\/kooningstheweddingpalace\",\"https:\\\/\\\/www.pinterest.com\\\/koonings\",\"https:\\\/\\\/www.youtube.com\\\/kooningstheweddingpalace\"]}]}<\/script>\n<!-- \/ Yoast SEO plugin. -->","yoast_head_json":{"title":"Wona Concept Dune set | Koonings","description":"La robe de mari\u00e9e Wona Concept Dune est un chef-d'\u0153uvre qui allie l'\u00e9l\u00e9gance intemporelle \u00e0 la modernit\u00e9. Cette robe permet \u00e0 la mari\u00e9e de choisir entre un look \u00e9l\u00e9gant et sophistiqu\u00e9 avec la jupe de base ou un look de r\u00eave avec la surjupe en tulle. Ce mod\u00e8le vous donne la possibilit\u00e9 d'exprimer votre style unique.","robots":{"index":"index","follow":"follow","max-snippet":"max-snippet:-1","max-image-preview":"max-image-preview:large","max-video-preview":"max-video-preview:-1"},"canonical":"https:\/\/www.koonings.com\/fr\/product\/wona-concept-dune-set\/","og_locale":"fr_FR","og_type":"article","og_title":"Wona Concept Dune set | Koonings","og_description":"La robe de mari\u00e9e Wona Concept Dune est un chef-d'\u0153uvre qui allie l'\u00e9l\u00e9gance intemporelle \u00e0 la modernit\u00e9. Cette robe permet \u00e0 la mari\u00e9e de choisir entre un look \u00e9l\u00e9gant et sophistiqu\u00e9 avec la jupe de base ou un look de r\u00eave avec la surjupe en tulle. Ce mod\u00e8le vous donne la possibilit\u00e9 d'exprimer votre style unique.","og_url":"https:\/\/www.koonings.com\/fr\/product\/wona-concept-dune-set\/","og_site_name":"Koonings","article_publisher":"https:\/\/www.facebook.com\/kooningstheweddingpalace","og_image":[{"width":1005,"height":1420,"url":"https:\/\/www.koonings.com\/wp-content\/uploads\/2025\/04\/49886_cbe7c71f0697b6ba8218a4b65db7a43ad1eedc11a1de6f312ca546f320a7980098c76fd3.jpeg","type":"image\/jpeg"}],"twitter_card":"summary_large_image","schema":{"@context":"https:\/\/schema.org","@graph":[{"@type":"WebPage","@id":"https:\/\/www.koonings.com\/fr\/product\/wona-concept-dune-set\/","url":"https:\/\/www.koonings.com\/fr\/product\/wona-concept-dune-set\/","name":"Wona Concept Dune set | Koonings","isPartOf":{"@id":"https:\/\/www.koonings.com\/fr\/#website"},"primaryImageOfPage":{"@id":"https:\/\/www.koonings.com\/fr\/product\/wona-concept-dune-set\/#primaryimage"},"image":{"@id":"https:\/\/www.koonings.com\/fr\/product\/wona-concept-dune-set\/#primaryimage"},"thumbnailUrl":"https:\/\/www.koonings.com\/wp-content\/uploads\/2025\/04\/49886_cbe7c71f0697b6ba8218a4b65db7a43ad1eedc11a1de6f312ca546f320a7980098c76fd3.jpeg","datePublished":"2026-04-14T14:32:28+00:00","description":"La robe de mari\u00e9e Wona Concept Dune est un chef-d'\u0153uvre qui allie l'\u00e9l\u00e9gance intemporelle \u00e0 la modernit\u00e9. Cette robe permet \u00e0 la mari\u00e9e de choisir entre un look \u00e9l\u00e9gant et sophistiqu\u00e9 avec la jupe de base ou un look de r\u00eave avec la surjupe en tulle. Ce mod\u00e8le vous donne la possibilit\u00e9 d'exprimer votre style unique.","breadcrumb":{"@id":"https:\/\/www.koonings.com\/fr\/product\/wona-concept-dune-set\/#breadcrumb"},"inLanguage":"fr-FR","potentialAction":[{"@type":"ReadAction","target":["https:\/\/www.koonings.com\/fr\/product\/wona-concept-dune-set\/"]}]},{"@type":"ImageObject","inLanguage":"fr-FR","@id":"https:\/\/www.koonings.com\/fr\/product\/wona-concept-dune-set\/#primaryimage","url":"https:\/\/www.koonings.com\/wp-content\/uploads\/2025\/04\/49886_cbe7c71f0697b6ba8218a4b65db7a43ad1eedc11a1de6f312ca546f320a7980098c76fd3.jpeg","contentUrl":"https:\/\/www.koonings.com\/wp-content\/uploads\/2025\/04\/49886_cbe7c71f0697b6ba8218a4b65db7a43ad1eedc11a1de6f312ca546f320a7980098c76fd3.jpeg","width":1005,"height":1420},{"@type":"BreadcrumbList","@id":"https:\/\/www.koonings.com\/fr\/product\/wona-concept-dune-set\/#breadcrumb","itemListElement":[{"@type":"ListItem","position":1,"name":"Home","item":"https:\/\/www.koonings.com\/fr\/"},{"@type":"ListItem","position":2,"name":"Wona Concept Dune set"}]},{"@type":"WebSite","@id":"https:\/\/www.koonings.com\/fr\/#website","url":"https:\/\/www.koonings.com\/fr\/","name":"Koonings","description":"De grootste bruidsmodewinkel ter wereld","publisher":{"@id":"https:\/\/www.koonings.com\/fr\/#organization"},"potentialAction":[{"@type":"SearchAction","target":{"@type":"EntryPoint","urlTemplate":"https:\/\/www.koonings.com\/fr\/?s={search_term_string}"},"query-input":{"@type":"PropertyValueSpecification","valueRequired":true,"valueName":"search_term_string"}}],"inLanguage":"fr-FR"},{"@type":"Organization","@id":"https:\/\/www.koonings.com\/fr\/#organization","name":"Koonings","url":"https:\/\/www.koonings.com\/fr\/","logo":{"@type":"ImageObject","inLanguage":"fr-FR","@id":"https:\/\/www.koonings.com\/fr\/#\/schema\/logo\/image\/","url":"https:\/\/www.koonings.com\/wp-content\/uploads\/2024\/07\/logo.png","contentUrl":"https:\/\/www.koonings.com\/wp-content\/uploads\/2024\/07\/logo.png","width":600,"height":428,"caption":"Koonings"},"image":{"@id":"https:\/\/www.koonings.com\/fr\/#\/schema\/logo\/image\/"},"sameAs":["https:\/\/www.facebook.com\/kooningstheweddingpalace","https:\/\/www.instagram.com\/kooningstheweddingpalace","https:\/\/www.pinterest.com\/koonings","https:\/\/www.youtube.com\/kooningstheweddingpalace"]}]}},"_links":{"self":[{"href":"https:\/\/www.koonings.com\/fr\/wp-json\/wp\/v2\/product\/85173","targetHints":{"allow":["GET"]}}],"collection":[{"href":"https:\/\/www.koonings.com\/fr\/wp-json\/wp\/v2\/product"}],"about":[{"href":"https:\/\/www.koonings.com\/fr\/wp-json\/wp\/v2\/types\/product"}],"wp:featuredmedia":[{"embeddable":true,"href":"https:\/\/www.koonings.com\/fr\/wp-json\/wp\/v2\/media\/83337"}],"wp:attachment":[{"href":"https:\/\/www.koonings.com\/fr\/wp-json\/wp\/v2\/media?parent=85173"}],"wp:term":[{"taxonomy":"productdetails","embeddable":true,"href":"https:\/\/www.koonings.com\/fr\/wp-json\/wp\/v2\/productdetails?post=85173"},{"taxonomy":"productneck","embeddable":true,"href":"https:\/\/www.koonings.com\/fr\/wp-json\/wp\/v2\/productneck?post=85173"},{"taxonomy":"productcolor","embeddable":true,"href":"https:\/\/www.koonings.com\/fr\/wp-json\/wp\/v2\/productcolor?post=85173"},{"taxonomy":"maat","embeddable":true,"href":"https:\/\/www.koonings.com\/fr\/wp-json\/wp\/v2\/maat?post=85173"},{"taxonomy":"productsupplier","embeddable":true,"href":"https:\/\/www.koonings.com\/fr\/wp-json\/wp\/v2\/productsupplier?post=85173"},{"taxonomy":"productsleeve","embeddable":true,"href":"https:\/\/www.koonings.com\/fr\/wp-json\/wp\/v2\/productsleeve?post=85173"},{"taxonomy":"productcategory","embeddable":true,"href":"https:\/\/www.koonings.com\/fr\/wp-json\/wp\/v2\/productcategory?post=85173"},{"taxonomy":"productsilhouette","embeddable":true,"href":"https:\/\/www.koonings.com\/fr\/wp-json\/wp\/v2\/productsilhouette?post=85173"},{"taxonomy":"productstyle","embeddable":true,"href":"https:\/\/www.koonings.com\/fr\/wp-json\/wp\/v2\/productstyle?post=85173"}],"curies":[{"name":"wp","href":"https:\/\/api.w.org\/{rel}","templated":true}]}}